{"id":6502,"date":"2024-07-21T19:59:22","date_gmt":"2024-07-21T17:59:22","guid":{"rendered":"https:\/\/mom-design.com\/?page_id=6502"},"modified":"2024-09-16T15:15:56","modified_gmt":"2024-09-16T13:15:56","slug":"confidentialite","status":"publish","type":"page","link":"https:\/\/mom-design.com\/de\/confidentialite\/","title":{"rendered":"Politique de Confidentialit\u00e9"},"content":{"rendered":"<div data-elementor-type=\"wp-page\" data-elementor-id=\"6502\" class=\"elementor elementor-6502\" data-elementor-post-type=\"page\">\n\t\t\t\t<div class=\"elementor-element elementor-element-10ed8646 e-flex e-con-boxed e-con e-parent\" data-id=\"10ed8646\" data-element_type=\"container\" data-e-type=\"container\">\n\t\t\t\t\t<div class=\"e-con-inner\">\n\t\t\t\t<div class=\"elementor-element elementor-element-2de7ac13 elementor-widget elementor-widget-text-editor\" data-id=\"2de7ac13\" data-element_type=\"widget\" data-e-type=\"widget\" data-widget_type=\"text-editor.default\">\n\t\t\t\t<div class=\"elementor-widget-container\">\n\t\t\t\t\t\t\t\t\t\n<h3 class=\"wp-block-heading\">DEFINITIONEN DER VERWENDETEN BEGRIFFE IN DER CHARTA<\/h3>\n\n<p>Wir nominieren weiter :<br \/><br \/>\u2018Site\u2019 ou \u2018service\u2019 : le site https:\/\/www.mom-design.com et l\u2019ensemble de ses pages.<br \/>'Herausgeber': Blooms Decor SARL, verantwortlich f\u00fcr die Herausgabe und den Inhalt der Website.<br \/>&#039;User&#039; : Der besucher und \u00fcber die dienste der webseite.<\/p>\n\n<h3 class=\"wp-block-heading\">EINF\u00dcHRUNG UND ROLLE DER CHARTA<\/h3>\n\n<p>Die charta zielt darauf ab, sie \u00fcber die verpflichtungen der website im hinblick auf die achtung ihres privatlebens und auf schutz der personenbezogenen daten, die sie betreffen, gesammelt und verarbeitet, die anl\u00e4sslich ihrer nutzung des dienstes.<br \/><br \/>Durch eine registrierung auf der website verpflichten sie sich, uns informationen wahren, die sie betreffen.<br \/>Sie k\u00f6nnen jederzeit eine Anfrage an Blooms Decor SARL stellen, um zu erfahren, welche Informationen \u00fcber Sie bei Blooms Decor SARL gespeichert sind, um sich der Verarbeitung dieser Informationen zu widersetzen, um sie \u00e4ndern oder l\u00f6schen zu lassen, indem Sie den Herausgeber unter contact@mom-design.com kontaktieren.<\/p>\n\n<h3 class=\"wp-block-heading\">AUF DER WEBSITE ERHOBENEN DATEN<\/h3>\n\n<p>Welche daten erfasst und sp\u00e4ter verarbeitet durch die website sind, die sie an uns \u00fcbermitteln, freiwillig durch das ausf\u00fcllen der verschiedenen formulare innerhalb der website. F\u00fcr bestimmte operationen auf die inhalte k\u00f6nnen sie auch aufgefordert werden, daten \u00fcber sie an dritte partner \u00fcber ihre eigenen dienststellen, insbesondere unsere lieferanten, damit sie in den genuss der besten bedingungen des service, den wir bieten.<br \/><br \/>Ihre IP-adresse (id-nummer \u00fcber das Internet auf ihrem computer) gesammelt werden automatisch. Sie sind dar\u00fcber informiert, dass der dienst wahrscheinlich durchf\u00fchrung einer automatischen prozess-tracing - (Cookie), in dem sie zu behindern, indem sie entsprechende einstellungen ihres internet-browsers.<br \/><br \/>Die kontaktangaben der benutzer der website, die sich eingeschrieben haben, die auf ihm gespeichert werden, unter beachtung der bestimmungen des gesetzes \u00fcber informatik und freiheit vom 6. januar 1978. Gem\u00e4\u00df der letztgenannten verf\u00fcgen sie \u00fcber ein recht auf zugriff, aufhebung, \u00e4nderung oder berichtigung der daten, die sie zur verf\u00fcgung gestellt haben. Dazu gen\u00fcgt es, dass ihr die entsprechende anfrage an die folgende e-mail adresse : contact@mom-design.com oder per post an MOM Design gmbh, 209 avenue de la r\u00e9publique, 93800 Epinay-sur-Seine.<\/p>\n\n<h3 class=\"wp-block-heading\">ZWECK DER GESAMMELTEN DATEN<\/h3>\n\n<p>Die ausgewiesenen daten als pflichtfelder auf formularen der webseite notwendig sind, um in den genuss der funktionen der website, und insbesondere die vorg\u00e4nge auf die inhalte innerhalb desselben. Die gesammelten daten automatisch von unserem dienst k\u00f6nnen es sich leisten, statistiken \u00fcber die konsultation ihrer web-seiten.<\/p>\n\n<h3 class=\"wp-block-heading\">EMPF\u00c4NGER UND NUTZUNG DER ERHOBENEN DATEN<\/h3>\n\n<p>Ihre gesammelten daten von uns verarbeitet werden, um die bed\u00fcrfnisse der vorg\u00e4nge, die auf den inhalten des service.\u00a0<br \/><br \/>Sie sind wahrscheinlich zu empfangen, e-mails von unserem service, insbesondere im rahmen des newsletters. Sie k\u00f6nnen empfangen e-mails, indem sie uns an die adresse contact@mom-design.com oder \u00fcber den daf\u00fcr vorgesehenen link in jeder e-mail, die ihnen zugestellt werden.\u00a0<br \/><br \/>Pour certaines donn\u00e9es uniquement, identifi\u00e9es au sein du formulaire correspondant, et sous r\u00e9serve de votre acceptation volontaire et active au travers dudit formulaire, vous acceptez que vos donn\u00e9es soient transmises \u00e0 nos partenaires commerciaux \u00e0 des fins de marketing ou publicitaires. Nous vous informons qu\u2019une telle transmission \u00e0 des tiers exclut toutes les donn\u00e9es bancaires vous concernant. Ces partenaires commerciaux peuvent vous envoyer par courrier \u00e9lectronique des informations dans le cadre d\u2019op\u00e9rations promotionnelles pr\u00e9cises et ponctuelles. Ces partenaires sont sp\u00e9cialement choisis par https:\/\/www.mom-design.com en fonction de la qualit\u00e9 de leurs produits et services. Vous pouvez demander \u00e0 ne plus recevoir ces courriers \u00e9lectroniques \u00e0 tout moment en nous contactant \u00e0 l\u2019adresse <a href=\"mailto:contact.site.internet@leroymerlin.fr\"><strong>contact@mom-design.com<\/strong><\/a> oder \u00fcber den daf\u00fcr vorgesehenen link eingef\u00fcgt und in der fu\u00dfzeile jedes e-mails, die ihnen zugestellt werden.<\/p>\n\n<h3 class=\"wp-block-heading\">SICHERHEIT DER DATEN<\/h3>\n\n<p>Sie sind dar\u00fcber informiert, dass sie ihre daten offengelegt werden, in anwendung eines gesetzes, einer verordnung oder aufgrund einer entscheidung einer beh\u00f6rde oder eines zust\u00e4ndigen gerichtes oder, wenn dies notwendig ist f\u00fcr die zwecke, f\u00fcr die Verleger werden, zur wahrung seiner rechte und interessen.<\/p>\n\n<h3 class=\"wp-block-heading\">RECHT auf ZUGANG, \u00c4NDERUNG, BERICHTIGUNG UND L\u00d6SCHUNG<\/h3>\n\n<p>Sie haben ein allgemeines recht auf zugang, \u00e4nderung, berichtigung und l\u00f6schung der daten, die sie betreffen.\u00a0<br \/>Sie k\u00f6nnen dieses recht aus\u00fcben, indem sie ihre anfrage per e-mail oder brief an die unten angegebenen kontaktdaten :<\/p>\n\n<p>MOM-DESIGN.COM<\/p>\n\n<p>209 avenue de la r\u00e9publique<\/p>\n\n<p>93800 Epinay-sur-Seine, FRANKREICH<\/p>\n\n<p>E-mail :\u00a0<a href=\"mailto:contact.site.internet@leroymerlin.fr\"><strong>contact@mom-design.com<\/strong><\/a><\/p>\n\n<p>So k\u00f6nnen wir diese nachfrage zu befriedigen, sie m\u00fcssen sie uns die erforderlichen elemente f\u00fcr eine identifizierung ihrer person : name, vorname, e-mail-adresse und optional ihre postanschrift.<\/p>\n\n<h3 class=\"wp-block-heading\">AUFBEWAHRUNGSDAUER DER DATEN<\/h3>\n\n<p>Die daten werden bei der host der website und deren kontaktdaten finden sie im impressum der website werden daten gespeichert und f\u00fcr die unbedingt notwendige dauer f\u00fcr die zwecke, nach oben. \u00dcber diese zeit, die sie aufbewahrt werden ausschlie\u00dflich f\u00fcr statistische zwecke, und nicht f\u00fchren zu jede nutzung, welcher art auch immer.<\/p>\n\t\t\t\t\t\t\t\t<\/div>\n\t\t\t\t<\/div>\n\t\t\t\t\t<\/div>\n\t\t\t\t<\/div>\n\t\t\t\t<\/div>","protected":false},"excerpt":{"rendered":"<p>D\u00c9FINITIONS DES TERMES UTILIS\u00c9S DANS LA CHARTE On d\u00e9signera par la suite : &lsquo;Site&rsquo; ou &lsquo;service&rsquo; : le site https:\/\/www.mom-design.com et l&rsquo;ensemble de ses pages.&lsquo;Editeur&rsquo; : Blooms Decor SARL, responsable de l&rsquo;\u00e9dition et du contenu du site.&lsquo;Utilisateur&rsquo; : L&rsquo;internaute visitant et utilisant les services du site. INTRODUCTION ET R\u00d4LE DE LA CHARTE La pr\u00e9sente charte [&hellip;]<\/p>\n","protected":false},"author":1,"featured_media":0,"parent":0,"menu_order":0,"comment_status":"closed","ping_status":"closed","template":"","meta":{"_acf_changed":false,"footnotes":""},"class_list":["post-6502","page","type-page","status-publish","hentry"],"acf":[],"yoast_head":"<!-- This site is optimized with the Yoast SEO plugin v27.0 - https:\/\/yoast.com\/product\/yoast-seo-wordpress\/ -->\n<title>Politique de Confidentialit\u00e9 | MOM DESIGN<\/title>\n<meta name=\"robots\" content=\"index, follow, max-snippet:-1, max-image-preview:large, max-video-preview:-1\" \/>\n<link rel=\"canonical\" href=\"https:\/\/mom-design.com\/de\/confidentialite\/\" \/>\n<meta property=\"og:locale\" content=\"de_DE\" \/>\n<meta property=\"og:type\" content=\"article\" \/>\n<meta property=\"og:title\" content=\"Politique de Confidentialit\u00e9 | MOM DESIGN\" \/>\n<meta property=\"og:description\" content=\"D\u00c9FINITIONS DES TERMES UTILIS\u00c9S DANS LA CHARTE On d\u00e9signera par la suite : &lsquo;Site&rsquo; ou &lsquo;service&rsquo; : le site https:\/\/www.mom-design.com et l&rsquo;ensemble de ses pages.&lsquo;Editeur&rsquo; : Blooms Decor SARL, responsable de l&rsquo;\u00e9dition et du contenu du site.&lsquo;Utilisateur&rsquo; : L&rsquo;internaute visitant et utilisant les services du site. INTRODUCTION ET R\u00d4LE DE LA CHARTE La pr\u00e9sente charte [&hellip;]\" \/>\n<meta property=\"og:url\" content=\"https:\/\/mom-design.com\/de\/confidentialite\/\" \/>\n<meta property=\"og:site_name\" content=\"MOM DESIGN\" \/>\n<meta property=\"article:modified_time\" content=\"2024-09-16T13:15:56+00:00\" \/>\n<meta name=\"twitter:card\" content=\"summary_large_image\" \/>\n<meta name=\"twitter:label1\" content=\"Gesch\u00e4tzte Lesezeit\" \/>\n\t<meta name=\"twitter:data1\" content=\"5\u00a0Minuten\" \/>\n<script type=\"application\/ld+json\" class=\"yoast-schema-graph\">{\"@context\":\"https:\/\/schema.org\",\"@graph\":[{\"@type\":\"WebPage\",\"@id\":\"https:\/\/mom-design.com\/de\/confidentialite\/\",\"url\":\"https:\/\/mom-design.com\/de\/confidentialite\/\",\"name\":\"Politique de Confidentialit\u00e9 | MOM DESIGN\",\"isPartOf\":{\"@id\":\"https:\/\/mom-design.com\/de\/#website\"},\"datePublished\":\"2024-07-21T17:59:22+00:00\",\"dateModified\":\"2024-09-16T13:15:56+00:00\",\"breadcrumb\":{\"@id\":\"https:\/\/mom-design.com\/de\/confidentialite\/#breadcrumb\"},\"inLanguage\":\"de\",\"potentialAction\":[{\"@type\":\"ReadAction\",\"target\":[\"https:\/\/mom-design.com\/de\/confidentialite\/\"]}]},{\"@type\":\"BreadcrumbList\",\"@id\":\"https:\/\/mom-design.com\/de\/confidentialite\/#breadcrumb\",\"itemListElement\":[{\"@type\":\"ListItem\",\"position\":1,\"name\":\"D\u00e9coration murale d\u2019int\u00e9rieur\",\"item\":\"https:\/\/mom-design.com\/de\/\"},{\"@type\":\"ListItem\",\"position\":2,\"name\":\"Politique de Confidentialit\u00e9\"}]},{\"@type\":\"WebSite\",\"@id\":\"https:\/\/mom-design.com\/de\/#website\",\"url\":\"https:\/\/mom-design.com\/de\/\",\"name\":\"MOM DESIGN\",\"description\":\"Sp\u00e9cialiste du design mural d&#039;int\u00e9rieur\",\"potentialAction\":[{\"@type\":\"SearchAction\",\"target\":{\"@type\":\"EntryPoint\",\"urlTemplate\":\"https:\/\/mom-design.com\/de\/?s={search_term_string}\"},\"query-input\":{\"@type\":\"PropertyValueSpecification\",\"valueRequired\":true,\"valueName\":\"search_term_string\"}}],\"inLanguage\":\"de\"}]}<\/script>\n<!-- \/ Yoast SEO plugin. -->","yoast_head_json":{"title":"Politique de Confidentialit\u00e9 | MOM DESIGN","robots":{"index":"index","follow":"follow","max-snippet":"max-snippet:-1","max-image-preview":"max-image-preview:large","max-video-preview":"max-video-preview:-1"},"canonical":"https:\/\/mom-design.com\/de\/confidentialite\/","og_locale":"de_DE","og_type":"article","og_title":"Politique de Confidentialit\u00e9 | MOM DESIGN","og_description":"D\u00c9FINITIONS DES TERMES UTILIS\u00c9S DANS LA CHARTE On d\u00e9signera par la suite : &lsquo;Site&rsquo; ou &lsquo;service&rsquo; : le site https:\/\/www.mom-design.com et l&rsquo;ensemble de ses pages.&lsquo;Editeur&rsquo; : Blooms Decor SARL, responsable de l&rsquo;\u00e9dition et du contenu du site.&lsquo;Utilisateur&rsquo; : L&rsquo;internaute visitant et utilisant les services du site. INTRODUCTION ET R\u00d4LE DE LA CHARTE La pr\u00e9sente charte [&hellip;]","og_url":"https:\/\/mom-design.com\/de\/confidentialite\/","og_site_name":"MOM DESIGN","article_modified_time":"2024-09-16T13:15:56+00:00","twitter_card":"summary_large_image","twitter_misc":{"Gesch\u00e4tzte Lesezeit":"5\u00a0Minuten"},"schema":{"@context":"https:\/\/schema.org","@graph":[{"@type":"WebPage","@id":"https:\/\/mom-design.com\/de\/confidentialite\/","url":"https:\/\/mom-design.com\/de\/confidentialite\/","name":"Politique de Confidentialit\u00e9 | MOM DESIGN","isPartOf":{"@id":"https:\/\/mom-design.com\/de\/#website"},"datePublished":"2024-07-21T17:59:22+00:00","dateModified":"2024-09-16T13:15:56+00:00","breadcrumb":{"@id":"https:\/\/mom-design.com\/de\/confidentialite\/#breadcrumb"},"inLanguage":"de","potentialAction":[{"@type":"ReadAction","target":["https:\/\/mom-design.com\/de\/confidentialite\/"]}]},{"@type":"BreadcrumbList","@id":"https:\/\/mom-design.com\/de\/confidentialite\/#breadcrumb","itemListElement":[{"@type":"ListItem","position":1,"name":"D\u00e9coration murale d\u2019int\u00e9rieur","item":"https:\/\/mom-design.com\/de\/"},{"@type":"ListItem","position":2,"name":"Politique de Confidentialit\u00e9"}]},{"@type":"WebSite","@id":"https:\/\/mom-design.com\/de\/#website","url":"https:\/\/mom-design.com\/de\/","name":"DESIGN MOM","description":"Sp\u00e9cialiste du design mural d'int\u00e9rieur","potentialAction":[{"@type":"SearchAction","target":{"@type":"EntryPoint","urlTemplate":"https:\/\/mom-design.com\/de\/?s={search_term_string}"},"query-input":{"@type":"PropertyValueSpecification","valueRequired":true,"valueName":"search_term_string"}}],"inLanguage":"de"}]}},"_links":{"self":[{"href":"https:\/\/mom-design.com\/de\/wp-json\/wp\/v2\/pages\/6502","targetHints":{"allow":["GET"]}}],"collection":[{"href":"https:\/\/mom-design.com\/de\/wp-json\/wp\/v2\/pages"}],"about":[{"href":"https:\/\/mom-design.com\/de\/wp-json\/wp\/v2\/types\/page"}],"author":[{"embeddable":true,"href":"https:\/\/mom-design.com\/de\/wp-json\/wp\/v2\/users\/1"}],"replies":[{"embeddable":true,"href":"https:\/\/mom-design.com\/de\/wp-json\/wp\/v2\/comments?post=6502"}],"version-history":[{"count":10,"href":"https:\/\/mom-design.com\/de\/wp-json\/wp\/v2\/pages\/6502\/revisions"}],"predecessor-version":[{"id":7394,"href":"https:\/\/mom-design.com\/de\/wp-json\/wp\/v2\/pages\/6502\/revisions\/7394"}],"wp:attachment":[{"href":"https:\/\/mom-design.com\/de\/wp-json\/wp\/v2\/media?parent=6502"}],"curies":[{"name":"wp","href":"https:\/\/api.w.org\/{rel}","templated":true}]}}