{"id":6665,"date":"2024-07-23T20:59:35","date_gmt":"2024-07-23T18:59:35","guid":{"rendered":"https:\/\/mom-design.com\/?post_type=product&#038;p=6665"},"modified":"2025-09-29T13:38:06","modified_gmt":"2025-09-29T11:38:06","slug":"cimaise-murale-blanche","status":"publish","type":"product","link":"https:\/\/mom-design.com\/de\/produit\/cimaises-1\/","title":{"rendered":"Wei\u00dfe Wandschiene 2 Meter Philippe IV"},"content":{"rendered":"<h4>\u00a0 \u00a0 \u00a0 \u00a0 \u00a0 \u00a0 \u00a0 \u00a0 \u00a0 \u00a0 <span style=\"text-decoration: underline;\">Eigenschaften :<br \/>\n<\/span><\/h4>\n<p>&#8211; <span style=\"text-decoration: underline;\">Farbe<\/span> : wei\u00df<br \/>\n&#8211; <span style=\"text-decoration: underline;\">Material<\/span> : langlebig und leicht<br \/>\n\u2013 Einfache Installation<br \/>\n\u2013 Erh\u00e4ltlich mit verschiedenen arten von befestigungen<br \/>\n\u2013 Unterhaltung einfach<\/p>\n<h4>\u00a0 \u00a0 \u00a0 \u00a0 \u00a0 \u00a0 \u00a0 \u00a0 \u00a0 \u00a0 <span style=\"text-decoration: underline;\">Warum ein pic wand wei\u00df ?<\/span><\/h4>\n<p><strong>Die <a href=\"https:\/\/mom-design.com\/de\/produkt\/cimaises-1\/\">spitze wand<\/a> wei\u00df<\/strong> ist das <strong>perfekte l\u00f6sung<\/strong> f\u00fcr diejenigen, die wollen zeigen ihre <strong>Kunstwerke und fotos, elegant<\/strong>. Seine wei\u00dfe farbe ist im einklang <strong>mit allen dekorationen<\/strong>, modernen, klassischen oder minimalistischen. Dieses tool bietet ihnen eine flexible l\u00f6sung, \u00e4ndern sie einfach ihre rahmen ohne besch\u00e4digung ihre w\u00e4nde.<\/p>\n<h4>\u00a0 \u00a0 \u00a0 \u00a0 \u00a0 \u00a0 \u00a0 \u00a0 \u00a0 \u00a0 <span style=\"text-decoration: underline;\">Einfache und schnelle Installation<\/span><\/h4>\n<p>Die installation unserer oben an der wand ist denkbar einfach.<strong> Mit montage-zubeh\u00f6r im lieferumfang enthalten,<\/strong> Sie k\u00f6nnen die installation in wenigen minuten. Plus, seine leichte design erm\u00f6glicht dem installateur vorzunehmen, die auf verschiedene arten von w\u00e4nde.<\/p>\n<h4>\u00a0 \u00a0 \u00a0 \u00a0 \u00a0 \u00a0 \u00a0 \u00a0 \u00a0 \u00a0 \u00a0<span style=\"text-decoration: underline;\">\u00c4sthetik und funktionalit\u00e4t<\/span><\/h4>\n<p>Neben seiner praktikabilit\u00e4t, dieser top-wand-dekor, wei\u00dfe <strong>unit <a href=\"https:\/\/mom-design.com\/de\/produkt\/plinthes-12\/\">taste \u00e4sthetik f\u00fcr ihr zuhause<\/a><\/strong>. Sie sind entworfen, um rein zu sein und zu kostbar, um ihre auftr\u00e4ge ohne zus\u00e4tzliche geb\u00fchr. Sie m\u00f6chten familie fotos, kunstwerken oder diplome, diese imaise stellt im wert von eleganten art und weise. Unterhaltung von diesem gipfel ist einfach u<strong>n einfache chiffon feucht genug, um es sauber zu halten und sch\u00f6ne.<\/strong><\/p>\n<h4>\u00a0 \u00a0 \u00a0 \u00a0 \u00a0 \u00a0 \u00a0 \u00a0 \u00a0 \u00a0 <span style=\"text-decoration: underline;\">Zus\u00e4tzliche vorteile mit DESIGN MOM<\/span><\/h4>\n<p><a href=\"https:\/\/mom-design.com\/de\/produkt\/cimaises-2\/\"><strong>Bei DESIGN MOM<\/strong><\/a>wir verpflichten uns , neu zu liefern produkte von h\u00f6chster qualit\u00e4t, und diese qualit\u00e4t ist verf\u00fcgbar. <strong>nur \u00fcber unsere website<\/strong> mit einem speziellen angebot, bestehend aus <strong>Kostenlose lieferung und kostenlose r\u00fcckgabe.\u00a0<\/strong><\/p>","protected":false},"excerpt":{"rendered":"<p><strong>Diese <a href=\"https:\/\/mom-design.com\/de\/cimaises\/\">spitze-wand-weiss<\/a><\/strong> Es ist ideal zum ausstellen ihrer kunstwerke und fotos mit eleganz. Wei\u00dfe farbe, es ist einfach zu erfassen, alle stile von wohnkultur. Verf\u00fcgbar mit kostenlose r\u00fccksendung und kostenlose, da die \u00e4sthetik und zweckm\u00e4\u00dfigkeit f\u00fcr ein sch\u00f6nes interieur. Kaufen sie es jetzt f\u00fcr ihren wohnraum zu verwandeln.<\/p>","protected":false},"featured_media":7249,"comment_status":"open","ping_status":"closed","template":"","meta":{"_acf_changed":false},"product_brand":[],"product_cat":[52],"product_tag":[],"class_list":{"0":"post-6665","1":"product","2":"type-product","3":"status-publish","4":"has-post-thumbnail","6":"product_cat-cimaises","7":"product_shipping_class-livraison-gls","9":"first","10":"instock","11":"taxable","12":"shipping-taxable","13":"purchasable","14":"product-type-simple","15":"add-to-wishlist-after_add_to_cart"},"acf":[],"yoast_head":"<!-- This site is optimized with the Yoast SEO plugin v27.0 - https:\/\/yoast.com\/product\/yoast-seo-wordpress\/ -->\n<title>Cimaise murale blanche 2 m\u00e8tres Philippe IV | MOM DESIGN<\/title>\n<meta name=\"description\" content=\"D\u00e9couvrez notre cimaise murale blanche pour sublimer votre int\u00e9rieur avec style. Installation facile, livraison et retours gratuits. Disponible \u00e0 prix r\u00e9duit exclusivement chez MOM DESIGN. Ne manquez pas l&#039;occasion d&#039;embellir vos murs !\" \/>\n<meta name=\"robots\" content=\"index, follow, max-snippet:-1, max-image-preview:large, max-video-preview:-1\" \/>\n<link rel=\"canonical\" href=\"https:\/\/mom-design.com\/de\/produit\/cimaises-1\/\" \/>\n<meta property=\"og:locale\" content=\"de_DE\" \/>\n<meta property=\"og:type\" content=\"article\" \/>\n<meta property=\"og:title\" content=\"Cimaise murale blanche 2 m\u00e8tres Philippe IV | MOM DESIGN\" \/>\n<meta property=\"og:description\" content=\"D\u00e9couvrez notre cimaise murale blanche pour sublimer votre int\u00e9rieur avec style. Installation facile, livraison et retours gratuits. Disponible \u00e0 prix r\u00e9duit exclusivement chez MOM DESIGN. Ne manquez pas l&#039;occasion d&#039;embellir vos murs !\" \/>\n<meta property=\"og:url\" content=\"https:\/\/mom-design.com\/de\/produit\/cimaises-1\/\" \/>\n<meta property=\"og:site_name\" content=\"MOM DESIGN\" \/>\n<meta property=\"article:modified_time\" content=\"2025-09-29T11:38:06+00:00\" \/>\n<meta property=\"og:image\" content=\"https:\/\/mom-design.com\/wp-content\/uploads\/2024\/07\/cimaise-mom-design-C1.jpeg\" \/>\n\t<meta property=\"og:image:width\" content=\"718\" \/>\n\t<meta property=\"og:image:height\" content=\"538\" \/>\n\t<meta property=\"og:image:type\" content=\"image\/jpeg\" \/>\n<meta name=\"twitter:card\" content=\"summary_large_image\" \/>\n<meta name=\"twitter:label1\" content=\"Gesch\u00e4tzte Lesezeit\" \/>\n\t<meta name=\"twitter:data1\" content=\"2\u00a0Minuten\" \/>\n<script type=\"application\/ld+json\" class=\"yoast-schema-graph\">{\"@context\":\"https:\/\/schema.org\",\"@graph\":[{\"@type\":\"WebPage\",\"@id\":\"https:\/\/mom-design.com\/de\/produit\/cimaises-1\/\",\"url\":\"https:\/\/mom-design.com\/de\/produit\/cimaises-1\/\",\"name\":\"Cimaise murale blanche 2 m\u00e8tres Philippe IV | MOM DESIGN\",\"isPartOf\":{\"@id\":\"https:\/\/mom-design.com\/de\/#website\"},\"primaryImageOfPage\":{\"@id\":\"https:\/\/mom-design.com\/de\/produit\/cimaises-1\/#primaryimage\"},\"image\":{\"@id\":\"https:\/\/mom-design.com\/de\/produit\/cimaises-1\/#primaryimage\"},\"thumbnailUrl\":\"https:\/\/mom-design.com\/wp-content\/uploads\/2024\/07\/cimaise-mom-design-C1.jpeg\",\"datePublished\":\"2024-07-23T18:59:35+00:00\",\"dateModified\":\"2025-09-29T11:38:06+00:00\",\"description\":\"D\u00e9couvrez notre cimaise murale blanche pour sublimer votre int\u00e9rieur avec style. Installation facile, livraison et retours gratuits. Disponible \u00e0 prix r\u00e9duit exclusivement chez MOM DESIGN. Ne manquez pas l'occasion d'embellir vos murs !\",\"breadcrumb\":{\"@id\":\"https:\/\/mom-design.com\/de\/produit\/cimaises-1\/#breadcrumb\"},\"inLanguage\":\"de\",\"potentialAction\":[{\"@type\":\"ReadAction\",\"target\":[\"https:\/\/mom-design.com\/de\/produit\/cimaises-1\/\"]}]},{\"@type\":\"ImageObject\",\"inLanguage\":\"de\",\"@id\":\"https:\/\/mom-design.com\/de\/produit\/cimaises-1\/#primaryimage\",\"url\":\"https:\/\/mom-design.com\/wp-content\/uploads\/2024\/07\/cimaise-mom-design-C1.jpeg\",\"contentUrl\":\"https:\/\/mom-design.com\/wp-content\/uploads\/2024\/07\/cimaise-mom-design-C1.jpeg\",\"width\":718,\"height\":538,\"caption\":\"cimaise mom design C1\"},{\"@type\":\"BreadcrumbList\",\"@id\":\"https:\/\/mom-design.com\/de\/produit\/cimaises-1\/#breadcrumb\",\"itemListElement\":[{\"@type\":\"ListItem\",\"position\":1,\"name\":\"D\u00e9coration murale d\u2019int\u00e9rieur\",\"item\":\"https:\/\/mom-design.com\/de\/\"},{\"@type\":\"ListItem\",\"position\":2,\"name\":\"Cimaise murale blanche 2 m\u00e8tres Philippe IV\"}]},{\"@type\":\"WebSite\",\"@id\":\"https:\/\/mom-design.com\/de\/#website\",\"url\":\"https:\/\/mom-design.com\/de\/\",\"name\":\"MOM DESIGN\",\"description\":\"Sp\u00e9cialiste du design mural d&#039;int\u00e9rieur\",\"potentialAction\":[{\"@type\":\"SearchAction\",\"target\":{\"@type\":\"EntryPoint\",\"urlTemplate\":\"https:\/\/mom-design.com\/de\/?s={search_term_string}\"},\"query-input\":{\"@type\":\"PropertyValueSpecification\",\"valueRequired\":true,\"valueName\":\"search_term_string\"}}],\"inLanguage\":\"de\"}]}<\/script>\n<!-- \/ Yoast SEO plugin. -->","yoast_head_json":{"title":"Cimaise murale blanche 2 m\u00e8tres Philippe IV | MOM DESIGN","description":"D\u00e9couvrez notre cimaise murale blanche pour sublimer votre int\u00e9rieur avec style. Installation facile, livraison et retours gratuits. Disponible \u00e0 prix r\u00e9duit exclusivement chez MOM DESIGN. Ne manquez pas l'occasion d'embellir vos murs !","robots":{"index":"index","follow":"follow","max-snippet":"max-snippet:-1","max-image-preview":"max-image-preview:large","max-video-preview":"max-video-preview:-1"},"canonical":"https:\/\/mom-design.com\/de\/produit\/cimaises-1\/","og_locale":"de_DE","og_type":"article","og_title":"Cimaise murale blanche 2 m\u00e8tres Philippe IV | MOM DESIGN","og_description":"D\u00e9couvrez notre cimaise murale blanche pour sublimer votre int\u00e9rieur avec style. Installation facile, livraison et retours gratuits. Disponible \u00e0 prix r\u00e9duit exclusivement chez MOM DESIGN. Ne manquez pas l'occasion d'embellir vos murs !","og_url":"https:\/\/mom-design.com\/de\/produit\/cimaises-1\/","og_site_name":"MOM DESIGN","article_modified_time":"2025-09-29T11:38:06+00:00","og_image":[{"width":718,"height":538,"url":"https:\/\/mom-design.com\/wp-content\/uploads\/2024\/07\/cimaise-mom-design-C1.jpeg","type":"image\/jpeg"}],"twitter_card":"summary_large_image","twitter_misc":{"Gesch\u00e4tzte Lesezeit":"2\u00a0Minuten"},"schema":{"@context":"https:\/\/schema.org","@graph":[{"@type":"WebPage","@id":"https:\/\/mom-design.com\/de\/produit\/cimaises-1\/","url":"https:\/\/mom-design.com\/de\/produit\/cimaises-1\/","name":"Cimaise murale blanche 2 m\u00e8tres Philippe IV | MOM DESIGN","isPartOf":{"@id":"https:\/\/mom-design.com\/de\/#website"},"primaryImageOfPage":{"@id":"https:\/\/mom-design.com\/de\/produit\/cimaises-1\/#primaryimage"},"image":{"@id":"https:\/\/mom-design.com\/de\/produit\/cimaises-1\/#primaryimage"},"thumbnailUrl":"https:\/\/mom-design.com\/wp-content\/uploads\/2024\/07\/cimaise-mom-design-C1.jpeg","datePublished":"2024-07-23T18:59:35+00:00","dateModified":"2025-09-29T11:38:06+00:00","description":"D\u00e9couvrez notre cimaise murale blanche pour sublimer votre int\u00e9rieur avec style. Installation facile, livraison et retours gratuits. Disponible \u00e0 prix r\u00e9duit exclusivement chez MOM DESIGN. Ne manquez pas l'occasion d'embellir vos murs !","breadcrumb":{"@id":"https:\/\/mom-design.com\/de\/produit\/cimaises-1\/#breadcrumb"},"inLanguage":"de","potentialAction":[{"@type":"ReadAction","target":["https:\/\/mom-design.com\/de\/produit\/cimaises-1\/"]}]},{"@type":"ImageObject","inLanguage":"de","@id":"https:\/\/mom-design.com\/de\/produit\/cimaises-1\/#primaryimage","url":"https:\/\/mom-design.com\/wp-content\/uploads\/2024\/07\/cimaise-mom-design-C1.jpeg","contentUrl":"https:\/\/mom-design.com\/wp-content\/uploads\/2024\/07\/cimaise-mom-design-C1.jpeg","width":718,"height":538,"caption":"cimaise mom design C1"},{"@type":"BreadcrumbList","@id":"https:\/\/mom-design.com\/de\/produit\/cimaises-1\/#breadcrumb","itemListElement":[{"@type":"ListItem","position":1,"name":"D\u00e9coration murale d\u2019int\u00e9rieur","item":"https:\/\/mom-design.com\/de\/"},{"@type":"ListItem","position":2,"name":"Cimaise murale blanche 2 m\u00e8tres Philippe IV"}]},{"@type":"WebSite","@id":"https:\/\/mom-design.com\/de\/#website","url":"https:\/\/mom-design.com\/de\/","name":"DESIGN MOM","description":"Sp\u00e9cialiste du design mural d'int\u00e9rieur","potentialAction":[{"@type":"SearchAction","target":{"@type":"EntryPoint","urlTemplate":"https:\/\/mom-design.com\/de\/?s={search_term_string}"},"query-input":{"@type":"PropertyValueSpecification","valueRequired":true,"valueName":"search_term_string"}}],"inLanguage":"de"}]}},"_links":{"self":[{"href":"https:\/\/mom-design.com\/de\/wp-json\/wp\/v2\/product\/6665","targetHints":{"allow":["GET"]}}],"collection":[{"href":"https:\/\/mom-design.com\/de\/wp-json\/wp\/v2\/product"}],"about":[{"href":"https:\/\/mom-design.com\/de\/wp-json\/wp\/v2\/types\/product"}],"replies":[{"embeddable":true,"href":"https:\/\/mom-design.com\/de\/wp-json\/wp\/v2\/comments?post=6665"}],"wp:featuredmedia":[{"embeddable":true,"href":"https:\/\/mom-design.com\/de\/wp-json\/wp\/v2\/media\/7249"}],"wp:attachment":[{"href":"https:\/\/mom-design.com\/de\/wp-json\/wp\/v2\/media?parent=6665"}],"wp:term":[{"taxonomy":"product_brand","embeddable":true,"href":"https:\/\/mom-design.com\/de\/wp-json\/wp\/v2\/product_brand?post=6665"},{"taxonomy":"product_cat","embeddable":true,"href":"https:\/\/mom-design.com\/de\/wp-json\/wp\/v2\/product_cat?post=6665"},{"taxonomy":"product_tag","embeddable":true,"href":"https:\/\/mom-design.com\/de\/wp-json\/wp\/v2\/product_tag?post=6665"}],"curies":[{"name":"wp","href":"https:\/\/api.w.org\/{rel}","templated":true}]}}