{"id":6666,"date":"2024-07-23T21:00:18","date_gmt":"2024-07-23T19:00:18","guid":{"rendered":"https:\/\/mom-design.com\/?post_type=product&#038;p=6666"},"modified":"2025-07-22T20:24:49","modified_gmt":"2025-07-22T18:24:49","slug":"cimaise-murale-blanche-2","status":"publish","type":"product","link":"https:\/\/mom-design.com\/de\/produit\/cimaises-2\/","title":{"rendered":"Wei\u00dfe Wandschiene 2 Meter Philippe III"},"content":{"rendered":"<h4>\u00a0 \u00a0 \u00a0 \u00a0 \u00a0 \u00a0 \u00a0 \u00a0 <span style=\"text-decoration: underline;\">Eigenschaften :<\/span><\/h4>\n<p>&#8211; <span style=\"text-decoration: underline;\">Farbe<\/span> : wei\u00df<br \/>\n\u2013 Einfach zu installieren<br \/>\n\u2013 Erh\u00e4ltlich mit verschiedenen zubeh\u00f6r f\u00fcr die befestigung<\/p>\n<h4>\u00a0 \u00a0 \u00a0 \u00a0 \u00a0 \u00a0 \u00a0 <span style=\"text-decoration: underline;\">Eine elegante l\u00f6sung zur darstellung ihrer werke<\/span><\/h4>\n<p><strong>Entscheiden sie sich f\u00fcr unser <a href=\"https:\/\/mom-design.com\/de\/produkt\/cimaises-1\/\">spitze-wand-weiss<\/a><\/strong> , um ihre<strong> tabellen<\/strong>, <strong>fotos<\/strong> oder <strong>illustrationen<\/strong> und gleichzeitig ein stilvolles ambiente und komfort. Vielen dank <strong>farbe wei\u00df<\/strong>sie sieht harmonisch <strong>alle arten von dekoration<\/strong>. M\u00f6gen sie ein modernes interieur oder traditionell, passt sich leicht in ihre r\u00e4ume.<\/p>\n<h4>\u00a0 \u00a0 \u00a0 \u00a0 \u00a0 \u00a0 \u00a0 <span style=\"text-decoration: underline;\">Einfache und flexible Installation<\/span><\/h4>\n<p>Die installation von dieser wand, die wand wei\u00df ist<strong> einfach und schnell<\/strong>, was in der tat die ideale l\u00f6sung f\u00fcr diejenigen, die eine montage ohne anstrengung. Es ist vier mit allem notwendigen zubeh\u00f6r f\u00fcr <strong>eine sichere befestigung<\/strong>sorgt f\u00fcr eine optimale stabilit\u00e4t f\u00fcr ihre b\u00fccher. Durch die m\u00f6glichkeit, sich zu befreien, leicht rahmen und tabellen k\u00f6nnen sie \u00e4ndern sie ihre dekoration nach ihren expeditionen oder akquisitionen.<\/p>\n<h4>\u00a0 \u00a0 \u00a0 \u00a0 \u00a0 \u00a0 \u00a0 <span style=\"text-decoration: underline;\">Vielseitigkeit und anpassungsf\u00e4higkeit<\/span><\/h4>\n<p><strong>Dieses modell <a href=\"https:\/\/mom-design.com\/de\/produkt\/cimaises-2\/\">spitze wand<\/a> ist nicht nur \u00e4sthetisch, sondern auch \u00e4u\u00dferst funktional.<\/strong> Es erm\u00f6glicht ihnen, zu unterbrechen oder mehrere rahmen gleichzeitig, und bietet auch eine gro\u00dfe flexibilit\u00e4t in der gestaltung ihrer wand-dekor. Ob f\u00fcr ein <strong>gebrauch zu hause oder im b\u00fcro<\/strong>wie in den kunstgalerien oder in den b\u00fcros, diesem gipfel erf\u00fcllt alle ausstellungen, ausstellung.<\/p>\n<h4>\u00a0 \u00a0 \u00a0 \u00a0 \u00a0 \u00a0 \u00a0 <span style=\"text-decoration: underline;\">Qualit\u00e4t bei DESIGN MOM<\/span><\/h4>\n<p><a href=\"https:\/\/mom-design.com\/de\/plinthes\/\"><strong>Bei DESIGN MOM<\/strong><\/a>wir verpflichten uns, die jetzt in die entwicklung von produkten h\u00f6chster qualit\u00e4t. Indem sie unsere topise profitieren sie von einem kundenservice gewidmet, experten-tipps zur dekoration der wand, und angebote, deren <strong>Kostenlose lieferung und kostenlose r\u00fccksendung<\/strong>. Dieses angebot ist exklusiv auf unserer website erh\u00e4ltlich ist, um die gelegenheit zu sublimieren sie ihre r\u00e4ume mit unseren l\u00f6sungen, elegante und praktische.<\/p>","protected":false},"excerpt":{"rendered":"<p><strong>Diese <a href=\"https:\/\/mom-design.com\/de\/cimaises\/\">spitze-wand-weiss<\/a>,<\/strong> Mit neutralen farben und elegante, es ist ideal zum aufh\u00e4ngen und ausstellen ihrer kunstwerke und lieblingsfotos. Einfach zu installieren, passt es perfekt f\u00fcr alle arten von innendekoration, sei es modern oder klassisch eingerichtet. Ein praktisches und \u00e4sthetisches design, die sie k\u00f6nnen leicht zu erneuern ihre wand-dekor.<\/p>","protected":false},"featured_media":7250,"comment_status":"open","ping_status":"closed","template":"","meta":{"_acf_changed":false},"product_brand":[],"product_cat":[52],"product_tag":[],"class_list":{"0":"post-6666","1":"product","2":"type-product","3":"status-publish","4":"has-post-thumbnail","6":"product_cat-cimaises","7":"product_shipping_class-livraison-gls","9":"first","10":"instock","11":"taxable","12":"shipping-taxable","13":"purchasable","14":"product-type-simple","15":"add-to-wishlist-after_add_to_cart"},"acf":[],"yoast_head":"<!-- This site is optimized with the Yoast SEO plugin v27.0 - https:\/\/yoast.com\/product\/yoast-seo-wordpress\/ -->\n<title>Cimaise murale blanche 2 m\u00e8tres Philippe III | MOM DESIGN<\/title>\n<meta name=\"description\" content=\"D\u00e9couvrez notre cimaise murale blanche, parfaite pour exposer vos \u0153uvres avec \u00e9l\u00e9gance. Installation facile, avec livraison et retours gratuits chez MOM DESIGN. Profitez-en d\u00e8s maintenant pour transformer votre int\u00e9rieur.\" \/>\n<meta name=\"robots\" content=\"index, follow, max-snippet:-1, max-image-preview:large, max-video-preview:-1\" \/>\n<link rel=\"canonical\" href=\"https:\/\/mom-design.com\/de\/produit\/cimaises-2\/\" \/>\n<meta property=\"og:locale\" content=\"de_DE\" \/>\n<meta property=\"og:type\" content=\"article\" \/>\n<meta property=\"og:title\" content=\"Cimaise murale blanche 2 m\u00e8tres Philippe III | MOM DESIGN\" \/>\n<meta property=\"og:description\" content=\"D\u00e9couvrez notre cimaise murale blanche, parfaite pour exposer vos \u0153uvres avec \u00e9l\u00e9gance. Installation facile, avec livraison et retours gratuits chez MOM DESIGN. Profitez-en d\u00e8s maintenant pour transformer votre int\u00e9rieur.\" \/>\n<meta property=\"og:url\" content=\"https:\/\/mom-design.com\/de\/produit\/cimaises-2\/\" \/>\n<meta property=\"og:site_name\" content=\"MOM DESIGN\" \/>\n<meta property=\"article:modified_time\" content=\"2025-07-22T18:24:49+00:00\" \/>\n<meta property=\"og:image\" content=\"https:\/\/mom-design.com\/wp-content\/uploads\/2024\/07\/cimaise-mom-design-C2.jpeg\" \/>\n\t<meta property=\"og:image:width\" content=\"718\" \/>\n\t<meta property=\"og:image:height\" content=\"538\" \/>\n\t<meta property=\"og:image:type\" content=\"image\/jpeg\" \/>\n<meta name=\"twitter:card\" content=\"summary_large_image\" \/>\n<meta name=\"twitter:label1\" content=\"Gesch\u00e4tzte Lesezeit\" \/>\n\t<meta name=\"twitter:data1\" content=\"2\u00a0Minuten\" \/>\n<script type=\"application\/ld+json\" class=\"yoast-schema-graph\">{\"@context\":\"https:\/\/schema.org\",\"@graph\":[{\"@type\":\"WebPage\",\"@id\":\"https:\/\/mom-design.com\/de\/produit\/cimaises-2\/\",\"url\":\"https:\/\/mom-design.com\/de\/produit\/cimaises-2\/\",\"name\":\"Cimaise murale blanche 2 m\u00e8tres Philippe III | MOM DESIGN\",\"isPartOf\":{\"@id\":\"https:\/\/mom-design.com\/de\/#website\"},\"primaryImageOfPage\":{\"@id\":\"https:\/\/mom-design.com\/de\/produit\/cimaises-2\/#primaryimage\"},\"image\":{\"@id\":\"https:\/\/mom-design.com\/de\/produit\/cimaises-2\/#primaryimage\"},\"thumbnailUrl\":\"https:\/\/mom-design.com\/wp-content\/uploads\/2024\/07\/cimaise-mom-design-C2.jpeg\",\"datePublished\":\"2024-07-23T19:00:18+00:00\",\"dateModified\":\"2025-07-22T18:24:49+00:00\",\"description\":\"D\u00e9couvrez notre cimaise murale blanche, parfaite pour exposer vos \u0153uvres avec \u00e9l\u00e9gance. Installation facile, avec livraison et retours gratuits chez MOM DESIGN. Profitez-en d\u00e8s maintenant pour transformer votre int\u00e9rieur.\",\"breadcrumb\":{\"@id\":\"https:\/\/mom-design.com\/de\/produit\/cimaises-2\/#breadcrumb\"},\"inLanguage\":\"de\",\"potentialAction\":[{\"@type\":\"ReadAction\",\"target\":[\"https:\/\/mom-design.com\/de\/produit\/cimaises-2\/\"]}]},{\"@type\":\"ImageObject\",\"inLanguage\":\"de\",\"@id\":\"https:\/\/mom-design.com\/de\/produit\/cimaises-2\/#primaryimage\",\"url\":\"https:\/\/mom-design.com\/wp-content\/uploads\/2024\/07\/cimaise-mom-design-C2.jpeg\",\"contentUrl\":\"https:\/\/mom-design.com\/wp-content\/uploads\/2024\/07\/cimaise-mom-design-C2.jpeg\",\"width\":718,\"height\":538,\"caption\":\"cimaise mom design C2 blanche\"},{\"@type\":\"BreadcrumbList\",\"@id\":\"https:\/\/mom-design.com\/de\/produit\/cimaises-2\/#breadcrumb\",\"itemListElement\":[{\"@type\":\"ListItem\",\"position\":1,\"name\":\"D\u00e9coration murale d\u2019int\u00e9rieur\",\"item\":\"https:\/\/mom-design.com\/de\/\"},{\"@type\":\"ListItem\",\"position\":2,\"name\":\"Cimaise murale blanche 2 m\u00e8tres Philippe III\"}]},{\"@type\":\"WebSite\",\"@id\":\"https:\/\/mom-design.com\/de\/#website\",\"url\":\"https:\/\/mom-design.com\/de\/\",\"name\":\"MOM DESIGN\",\"description\":\"Sp\u00e9cialiste du design mural d&#039;int\u00e9rieur\",\"potentialAction\":[{\"@type\":\"SearchAction\",\"target\":{\"@type\":\"EntryPoint\",\"urlTemplate\":\"https:\/\/mom-design.com\/de\/?s={search_term_string}\"},\"query-input\":{\"@type\":\"PropertyValueSpecification\",\"valueRequired\":true,\"valueName\":\"search_term_string\"}}],\"inLanguage\":\"de\"}]}<\/script>\n<!-- \/ Yoast SEO plugin. -->","yoast_head_json":{"title":"Cimaise murale blanche 2 m\u00e8tres Philippe III | MOM DESIGN","description":"D\u00e9couvrez notre cimaise murale blanche, parfaite pour exposer vos \u0153uvres avec \u00e9l\u00e9gance. Installation facile, avec livraison et retours gratuits chez MOM DESIGN. Profitez-en d\u00e8s maintenant pour transformer votre int\u00e9rieur.","robots":{"index":"index","follow":"follow","max-snippet":"max-snippet:-1","max-image-preview":"max-image-preview:large","max-video-preview":"max-video-preview:-1"},"canonical":"https:\/\/mom-design.com\/de\/produit\/cimaises-2\/","og_locale":"de_DE","og_type":"article","og_title":"Cimaise murale blanche 2 m\u00e8tres Philippe III | MOM DESIGN","og_description":"D\u00e9couvrez notre cimaise murale blanche, parfaite pour exposer vos \u0153uvres avec \u00e9l\u00e9gance. Installation facile, avec livraison et retours gratuits chez MOM DESIGN. Profitez-en d\u00e8s maintenant pour transformer votre int\u00e9rieur.","og_url":"https:\/\/mom-design.com\/de\/produit\/cimaises-2\/","og_site_name":"MOM DESIGN","article_modified_time":"2025-07-22T18:24:49+00:00","og_image":[{"width":718,"height":538,"url":"https:\/\/mom-design.com\/wp-content\/uploads\/2024\/07\/cimaise-mom-design-C2.jpeg","type":"image\/jpeg"}],"twitter_card":"summary_large_image","twitter_misc":{"Gesch\u00e4tzte Lesezeit":"2\u00a0Minuten"},"schema":{"@context":"https:\/\/schema.org","@graph":[{"@type":"WebPage","@id":"https:\/\/mom-design.com\/de\/produit\/cimaises-2\/","url":"https:\/\/mom-design.com\/de\/produit\/cimaises-2\/","name":"Cimaise murale blanche 2 m\u00e8tres Philippe III | MOM DESIGN","isPartOf":{"@id":"https:\/\/mom-design.com\/de\/#website"},"primaryImageOfPage":{"@id":"https:\/\/mom-design.com\/de\/produit\/cimaises-2\/#primaryimage"},"image":{"@id":"https:\/\/mom-design.com\/de\/produit\/cimaises-2\/#primaryimage"},"thumbnailUrl":"https:\/\/mom-design.com\/wp-content\/uploads\/2024\/07\/cimaise-mom-design-C2.jpeg","datePublished":"2024-07-23T19:00:18+00:00","dateModified":"2025-07-22T18:24:49+00:00","description":"D\u00e9couvrez notre cimaise murale blanche, parfaite pour exposer vos \u0153uvres avec \u00e9l\u00e9gance. Installation facile, avec livraison et retours gratuits chez MOM DESIGN. Profitez-en d\u00e8s maintenant pour transformer votre int\u00e9rieur.","breadcrumb":{"@id":"https:\/\/mom-design.com\/de\/produit\/cimaises-2\/#breadcrumb"},"inLanguage":"de","potentialAction":[{"@type":"ReadAction","target":["https:\/\/mom-design.com\/de\/produit\/cimaises-2\/"]}]},{"@type":"ImageObject","inLanguage":"de","@id":"https:\/\/mom-design.com\/de\/produit\/cimaises-2\/#primaryimage","url":"https:\/\/mom-design.com\/wp-content\/uploads\/2024\/07\/cimaise-mom-design-C2.jpeg","contentUrl":"https:\/\/mom-design.com\/wp-content\/uploads\/2024\/07\/cimaise-mom-design-C2.jpeg","width":718,"height":538,"caption":"cimaise mom design C2 blanche"},{"@type":"BreadcrumbList","@id":"https:\/\/mom-design.com\/de\/produit\/cimaises-2\/#breadcrumb","itemListElement":[{"@type":"ListItem","position":1,"name":"D\u00e9coration murale d\u2019int\u00e9rieur","item":"https:\/\/mom-design.com\/de\/"},{"@type":"ListItem","position":2,"name":"Cimaise murale blanche 2 m\u00e8tres Philippe III"}]},{"@type":"WebSite","@id":"https:\/\/mom-design.com\/de\/#website","url":"https:\/\/mom-design.com\/de\/","name":"DESIGN MOM","description":"Sp\u00e9cialiste du design mural d'int\u00e9rieur","potentialAction":[{"@type":"SearchAction","target":{"@type":"EntryPoint","urlTemplate":"https:\/\/mom-design.com\/de\/?s={search_term_string}"},"query-input":{"@type":"PropertyValueSpecification","valueRequired":true,"valueName":"search_term_string"}}],"inLanguage":"de"}]}},"_links":{"self":[{"href":"https:\/\/mom-design.com\/de\/wp-json\/wp\/v2\/product\/6666","targetHints":{"allow":["GET"]}}],"collection":[{"href":"https:\/\/mom-design.com\/de\/wp-json\/wp\/v2\/product"}],"about":[{"href":"https:\/\/mom-design.com\/de\/wp-json\/wp\/v2\/types\/product"}],"replies":[{"embeddable":true,"href":"https:\/\/mom-design.com\/de\/wp-json\/wp\/v2\/comments?post=6666"}],"wp:featuredmedia":[{"embeddable":true,"href":"https:\/\/mom-design.com\/de\/wp-json\/wp\/v2\/media\/7250"}],"wp:attachment":[{"href":"https:\/\/mom-design.com\/de\/wp-json\/wp\/v2\/media?parent=6666"}],"wp:term":[{"taxonomy":"product_brand","embeddable":true,"href":"https:\/\/mom-design.com\/de\/wp-json\/wp\/v2\/product_brand?post=6666"},{"taxonomy":"product_cat","embeddable":true,"href":"https:\/\/mom-design.com\/de\/wp-json\/wp\/v2\/product_cat?post=6666"},{"taxonomy":"product_tag","embeddable":true,"href":"https:\/\/mom-design.com\/de\/wp-json\/wp\/v2\/product_tag?post=6666"}],"curies":[{"name":"wp","href":"https:\/\/api.w.org\/{rel}","templated":true}]}}