{"id":6687,"date":"2024-07-23T21:10:51","date_gmt":"2024-07-23T19:10:51","guid":{"rendered":"https:\/\/mom-design.com\/?post_type=product&#038;p=6687"},"modified":"2025-09-08T11:21:42","modified_gmt":"2025-09-08T09:21:42","slug":"plaque-marbre-en-pvc-2","status":"publish","type":"product","link":"https:\/\/mom-design.com\/de\/produit\/revetement-mural-11\/","title":{"rendered":"Marmorplatte in Wei\u00df Hochglanz pvc 2,40 m x 1,20 m"},"content":{"rendered":"<h4>\u00a0 \u00a0 \u00a0 \u00a0 \u00a0 \u00a0 \u00a0 \u00a0 \u00a0 \u00a0 \u00a0 \u00a0 \u00a0 <span style=\"text-decoration: underline;\">Eigenschaften :<\/span><\/h4>\n<p>&#8211; <span style=\"text-decoration: underline;\">Material<\/span> : PVC nachahmung marmor<br \/>\n&#8211; <span style=\"text-decoration: underline;\">Wartung<\/span> einfach und schnell, widerstandsf\u00e4hig gegen flecken<br \/>\n&#8211; <span style=\"text-decoration: underline;\">Verwendung<\/span> dekoration an der wand, arbeitsplatten, m\u00f6bel<\/p>\n<h4>\u00a0 \u00a0 \u00a0 \u00a0 \u00a0 \u00a0 \u00a0 \u00a0 \u00a0 \u00a0 \u00a0 \u00a0 \u00a0 <span style=\"text-decoration: underline;\">\u00c4sthetik Elegantes und Modernes<\/span><\/h4>\n<p><strong>Nehmen sie unsere <a href=\"https:\/\/mom-design.com\/de\/produkt\/revetement-mural-12\/\">platte marmor PVC<\/a><\/strong> zu bringen <strong>ein hauch von eleganz in ihre r\u00e4ume<\/strong>. Mit seiner oberfl\u00e4che, die perfekt imitiert marmor, sie f\u00fcgt sich harmonisch in jeden<strong> art-dekoration<\/strong>entweder f\u00fcr einen modernen stil oder klassisch. Dank seiner herstellung aus PVC, die es bietet<strong> nicht nur einen <a href=\"https:\/\/mom-design.com\/de\/produkt\/plinthes-2\/\">\u00e4sthetik, high-end<\/a><\/strong>aber auch eine leichtigkeit und widerstand, erleichtern die installation. So k\u00f6nnen sie dress up ihre w\u00e4nde oder oberfl\u00e4chen, die schnell, ohne den aufwand und die kosten im marmor wahren.<\/p>\n<h4>\u00a0 \u00a0 \u00a0 \u00a0 \u00a0 \u00a0 \u00a0 \u00a0 \u00a0 \u00a0 \u00a0 \u00a0 \u00a0<span style=\"text-decoration: underline;\">Einfache Installation und Vielseitige<\/span><\/h4>\n<p>Installieren sie diese platte marmor PVC ist ein kinderspiel. Entwickelt, um sein leichte und handliche <strong>sie setzt sich einfach auf einer vielzahl von oberfl\u00e4chen<\/strong>. Mehr flexibilit\u00e4t passt sich perfekt an ihre bed\u00fcrfnisse, egal ob es sich um decken, ganze w\u00e4nde oder erstellen sie dekorative akzente. Dadurch ist diese platte vielseitig ist ideal f\u00fcr diejenigen, die \u00e4nderungen schnell und effizient in ihrem inneren.<\/p>\n<h4>\u00a0 \u00a0 \u00a0 \u00a0 \u00a0 \u00a0 \u00a0 \u00a0 \u00a0 \u00a0 \u00a0 \u00a0 \u00a0 <span style=\"text-decoration: underline;\">Wartung ohne Aufwand<\/span><\/h4>\n<p>W\u00e4hlen sie eine platte, marmor, PVC, entscheiden sie sich auch f\u00fcr die praktikabilit\u00e4t. Im gegensatz zum nat\u00fcrlichen marmor, diese platte ist wartungsfrei und komplex. Eine einfache bewegung mit <strong>ein feuchtes tuch gen\u00fcgt, um seine glanz<\/strong>. Plus, seine best\u00e4ndigkeit gegen flecken und kratzer und ist eine perfekte wahl f\u00fcr r\u00e4ume wie k\u00fcchen und b\u00e4der. So profitieren sie von der eleganz des marmors, ohne die nachteile der pflege.<\/p>\n<h4>\u00a0 \u00a0 \u00a0 \u00a0 \u00a0 \u00a0 \u00a0 \u00a0 \u00a0 \u00a0 \u00a0 \u00a0 \u00a0 <span style=\"text-decoration: underline;\">Bei MOM DESIGN, Eleganz in Reichweite<\/span><\/h4>\n<p><a href=\"https:\/\/mom-design.com\/de\/cimaises\/\"><strong>Bei DESIGN MOM<\/strong><\/a>wir sind bestrebt, qualitativ hochwertige produkte, die kombinieren \u00e4sthetik und funktionalit\u00e4t. <strong>Die platte marmor PVC<\/strong> ist ein hervorragendes beispiel f\u00fcr unser engagement f\u00fcr innovation und die zufriedenheit der kunden. <strong>Verf\u00fcgbar zu einem wettbewerbsf\u00e4higen preis<\/strong>sie wird begleitet von unserem service <strong>lieferung und kostenlose r\u00fcckgabe<\/strong>. Verpassen sie nicht die chance und verwandeln sie ihre r\u00e4ume elegant und wirtschaftlich.<br \/>\n<strong>Bestellen sie noch heute und finden sie heraus, warum so viele kunden vertrauen von MOM, DESIGN f\u00fcr ihre bed\u00fcrfnisse dekoration.<\/strong><\/p>","protected":false},"excerpt":{"rendered":"<p><a href=\"https:\/\/mom-design.com\/de\/revetement-mural\/\"><strong>Die platte marmor PVC<\/strong><\/a> allie l&rsquo;\u00e9l\u00e9gance du marbre \u00e0 la praticit\u00e9 du PVC. Facile \u00e0 installer. Id\u00e9ale pour les murs et les surfaces d\u00e9coratives, cette plaque l\u00e9g\u00e8re et r\u00e9sistante est parfaite pour transformer n&rsquo;importe quel espace avec un minimum d&rsquo;effort.<\/p>","protected":false},"featured_media":7400,"comment_status":"open","ping_status":"closed","template":"","meta":{"_acf_changed":false},"product_brand":[],"product_cat":[15],"product_tag":[],"class_list":{"0":"post-6687","1":"product","2":"type-product","3":"status-publish","4":"has-post-thumbnail","6":"product_cat-revetement-mural","8":"first","9":"outofstock","10":"taxable","11":"shipping-taxable","12":"purchasable","13":"product-type-simple","14":"add-to-wishlist-after_add_to_cart"},"acf":[],"yoast_head":"<!-- This site is optimized with the Yoast SEO plugin v27.0 - https:\/\/yoast.com\/product\/yoast-seo-wordpress\/ -->\n<title>Plaque marbre en Blanc brillant en pvc 2,40 m x 1,20 m | MOM DESIGN<\/title>\n<meta name=\"description\" content=\"D\u00e9couvrez la plaque marbre en PVC, une solution \u00e9l\u00e9gante et durable pour vos projets de d\u00e9coration. Commandez maintenant avec livraison et retours gratuits et transformez vos espaces \u00e0 petit prix.\" \/>\n<meta name=\"robots\" content=\"index, follow, max-snippet:-1, max-image-preview:large, max-video-preview:-1\" \/>\n<link rel=\"canonical\" href=\"https:\/\/mom-design.com\/de\/produit\/revetement-mural-11\/\" \/>\n<meta property=\"og:locale\" content=\"de_DE\" \/>\n<meta property=\"og:type\" content=\"article\" \/>\n<meta property=\"og:title\" content=\"Plaque marbre en Blanc brillant en pvc 2,40 m x 1,20 m | MOM DESIGN\" \/>\n<meta property=\"og:description\" content=\"D\u00e9couvrez la plaque marbre en PVC, une solution \u00e9l\u00e9gante et durable pour vos projets de d\u00e9coration. Commandez maintenant avec livraison et retours gratuits et transformez vos espaces \u00e0 petit prix.\" \/>\n<meta property=\"og:url\" content=\"https:\/\/mom-design.com\/de\/produit\/revetement-mural-11\/\" \/>\n<meta property=\"og:site_name\" content=\"MOM DESIGN\" \/>\n<meta property=\"article:modified_time\" content=\"2025-09-08T09:21:42+00:00\" \/>\n<meta property=\"og:image\" content=\"https:\/\/mom-design.com\/wp-content\/uploads\/2024\/07\/Unknown-14.jpg\" \/>\n\t<meta property=\"og:image:width\" content=\"736\" \/>\n\t<meta property=\"og:image:height\" content=\"761\" \/>\n\t<meta property=\"og:image:type\" content=\"image\/jpeg\" \/>\n<meta name=\"twitter:card\" content=\"summary_large_image\" \/>\n<meta name=\"twitter:label1\" content=\"Gesch\u00e4tzte Lesezeit\" \/>\n\t<meta name=\"twitter:data1\" content=\"2\u00a0Minuten\" \/>\n<script type=\"application\/ld+json\" class=\"yoast-schema-graph\">{\"@context\":\"https:\/\/schema.org\",\"@graph\":[{\"@type\":\"WebPage\",\"@id\":\"https:\/\/mom-design.com\/de\/produit\/revetement-mural-11\/\",\"url\":\"https:\/\/mom-design.com\/de\/produit\/revetement-mural-11\/\",\"name\":\"Plaque marbre en Blanc brillant en pvc 2,40 m x 1,20 m | MOM DESIGN\",\"isPartOf\":{\"@id\":\"https:\/\/mom-design.com\/de\/#website\"},\"primaryImageOfPage\":{\"@id\":\"https:\/\/mom-design.com\/de\/produit\/revetement-mural-11\/#primaryimage\"},\"image\":{\"@id\":\"https:\/\/mom-design.com\/de\/produit\/revetement-mural-11\/#primaryimage\"},\"thumbnailUrl\":\"https:\/\/mom-design.com\/wp-content\/uploads\/2024\/07\/Unknown-14.jpg\",\"datePublished\":\"2024-07-23T19:10:51+00:00\",\"dateModified\":\"2025-09-08T09:21:42+00:00\",\"description\":\"D\u00e9couvrez la plaque marbre en PVC, une solution \u00e9l\u00e9gante et durable pour vos projets de d\u00e9coration. Commandez maintenant avec livraison et retours gratuits et transformez vos espaces \u00e0 petit prix.\",\"breadcrumb\":{\"@id\":\"https:\/\/mom-design.com\/de\/produit\/revetement-mural-11\/#breadcrumb\"},\"inLanguage\":\"de\",\"potentialAction\":[{\"@type\":\"ReadAction\",\"target\":[\"https:\/\/mom-design.com\/de\/produit\/revetement-mural-11\/\"]}]},{\"@type\":\"ImageObject\",\"inLanguage\":\"de\",\"@id\":\"https:\/\/mom-design.com\/de\/produit\/revetement-mural-11\/#primaryimage\",\"url\":\"https:\/\/mom-design.com\/wp-content\/uploads\/2024\/07\/Unknown-14.jpg\",\"contentUrl\":\"https:\/\/mom-design.com\/wp-content\/uploads\/2024\/07\/Unknown-14.jpg\",\"width\":736,\"height\":761},{\"@type\":\"BreadcrumbList\",\"@id\":\"https:\/\/mom-design.com\/de\/produit\/revetement-mural-11\/#breadcrumb\",\"itemListElement\":[{\"@type\":\"ListItem\",\"position\":1,\"name\":\"D\u00e9coration murale d\u2019int\u00e9rieur\",\"item\":\"https:\/\/mom-design.com\/de\/\"},{\"@type\":\"ListItem\",\"position\":2,\"name\":\"Plaque marbre en Blanc brillant en pvc 2,40 m x 1,20 m\"}]},{\"@type\":\"WebSite\",\"@id\":\"https:\/\/mom-design.com\/de\/#website\",\"url\":\"https:\/\/mom-design.com\/de\/\",\"name\":\"MOM DESIGN\",\"description\":\"Sp\u00e9cialiste du design mural d&#039;int\u00e9rieur\",\"potentialAction\":[{\"@type\":\"SearchAction\",\"target\":{\"@type\":\"EntryPoint\",\"urlTemplate\":\"https:\/\/mom-design.com\/de\/?s={search_term_string}\"},\"query-input\":{\"@type\":\"PropertyValueSpecification\",\"valueRequired\":true,\"valueName\":\"search_term_string\"}}],\"inLanguage\":\"de\"}]}<\/script>\n<!-- \/ Yoast SEO plugin. -->","yoast_head_json":{"title":"Plaque marbre en Blanc brillant en pvc 2,40 m x 1,20 m | MOM DESIGN","description":"D\u00e9couvrez la plaque marbre en PVC, une solution \u00e9l\u00e9gante et durable pour vos projets de d\u00e9coration. Commandez maintenant avec livraison et retours gratuits et transformez vos espaces \u00e0 petit prix.","robots":{"index":"index","follow":"follow","max-snippet":"max-snippet:-1","max-image-preview":"max-image-preview:large","max-video-preview":"max-video-preview:-1"},"canonical":"https:\/\/mom-design.com\/de\/produit\/revetement-mural-11\/","og_locale":"de_DE","og_type":"article","og_title":"Plaque marbre en Blanc brillant en pvc 2,40 m x 1,20 m | MOM DESIGN","og_description":"D\u00e9couvrez la plaque marbre en PVC, une solution \u00e9l\u00e9gante et durable pour vos projets de d\u00e9coration. Commandez maintenant avec livraison et retours gratuits et transformez vos espaces \u00e0 petit prix.","og_url":"https:\/\/mom-design.com\/de\/produit\/revetement-mural-11\/","og_site_name":"MOM DESIGN","article_modified_time":"2025-09-08T09:21:42+00:00","og_image":[{"width":736,"height":761,"url":"https:\/\/mom-design.com\/wp-content\/uploads\/2024\/07\/Unknown-14.jpg","type":"image\/jpeg"}],"twitter_card":"summary_large_image","twitter_misc":{"Gesch\u00e4tzte Lesezeit":"2\u00a0Minuten"},"schema":{"@context":"https:\/\/schema.org","@graph":[{"@type":"WebPage","@id":"https:\/\/mom-design.com\/de\/produit\/revetement-mural-11\/","url":"https:\/\/mom-design.com\/de\/produit\/revetement-mural-11\/","name":"Plaque marbre en Blanc brillant en pvc 2,40 m x 1,20 m | MOM DESIGN","isPartOf":{"@id":"https:\/\/mom-design.com\/de\/#website"},"primaryImageOfPage":{"@id":"https:\/\/mom-design.com\/de\/produit\/revetement-mural-11\/#primaryimage"},"image":{"@id":"https:\/\/mom-design.com\/de\/produit\/revetement-mural-11\/#primaryimage"},"thumbnailUrl":"https:\/\/mom-design.com\/wp-content\/uploads\/2024\/07\/Unknown-14.jpg","datePublished":"2024-07-23T19:10:51+00:00","dateModified":"2025-09-08T09:21:42+00:00","description":"D\u00e9couvrez la plaque marbre en PVC, une solution \u00e9l\u00e9gante et durable pour vos projets de d\u00e9coration. Commandez maintenant avec livraison et retours gratuits et transformez vos espaces \u00e0 petit prix.","breadcrumb":{"@id":"https:\/\/mom-design.com\/de\/produit\/revetement-mural-11\/#breadcrumb"},"inLanguage":"de","potentialAction":[{"@type":"ReadAction","target":["https:\/\/mom-design.com\/de\/produit\/revetement-mural-11\/"]}]},{"@type":"ImageObject","inLanguage":"de","@id":"https:\/\/mom-design.com\/de\/produit\/revetement-mural-11\/#primaryimage","url":"https:\/\/mom-design.com\/wp-content\/uploads\/2024\/07\/Unknown-14.jpg","contentUrl":"https:\/\/mom-design.com\/wp-content\/uploads\/2024\/07\/Unknown-14.jpg","width":736,"height":761},{"@type":"BreadcrumbList","@id":"https:\/\/mom-design.com\/de\/produit\/revetement-mural-11\/#breadcrumb","itemListElement":[{"@type":"ListItem","position":1,"name":"D\u00e9coration murale d\u2019int\u00e9rieur","item":"https:\/\/mom-design.com\/de\/"},{"@type":"ListItem","position":2,"name":"Plaque marbre en Blanc brillant en pvc 2,40 m x 1,20 m"}]},{"@type":"WebSite","@id":"https:\/\/mom-design.com\/de\/#website","url":"https:\/\/mom-design.com\/de\/","name":"DESIGN MOM","description":"Sp\u00e9cialiste du design mural d'int\u00e9rieur","potentialAction":[{"@type":"SearchAction","target":{"@type":"EntryPoint","urlTemplate":"https:\/\/mom-design.com\/de\/?s={search_term_string}"},"query-input":{"@type":"PropertyValueSpecification","valueRequired":true,"valueName":"search_term_string"}}],"inLanguage":"de"}]}},"_links":{"self":[{"href":"https:\/\/mom-design.com\/de\/wp-json\/wp\/v2\/product\/6687","targetHints":{"allow":["GET"]}}],"collection":[{"href":"https:\/\/mom-design.com\/de\/wp-json\/wp\/v2\/product"}],"about":[{"href":"https:\/\/mom-design.com\/de\/wp-json\/wp\/v2\/types\/product"}],"replies":[{"embeddable":true,"href":"https:\/\/mom-design.com\/de\/wp-json\/wp\/v2\/comments?post=6687"}],"wp:featuredmedia":[{"embeddable":true,"href":"https:\/\/mom-design.com\/de\/wp-json\/wp\/v2\/media\/7400"}],"wp:attachment":[{"href":"https:\/\/mom-design.com\/de\/wp-json\/wp\/v2\/media?parent=6687"}],"wp:term":[{"taxonomy":"product_brand","embeddable":true,"href":"https:\/\/mom-design.com\/de\/wp-json\/wp\/v2\/product_brand?post=6687"},{"taxonomy":"product_cat","embeddable":true,"href":"https:\/\/mom-design.com\/de\/wp-json\/wp\/v2\/product_cat?post=6687"},{"taxonomy":"product_tag","embeddable":true,"href":"https:\/\/mom-design.com\/de\/wp-json\/wp\/v2\/product_tag?post=6687"}],"curies":[{"name":"wp","href":"https:\/\/api.w.org\/{rel}","templated":true}]}}