{"id":6688,"date":"2024-07-23T21:11:19","date_gmt":"2024-07-23T19:11:19","guid":{"rendered":"https:\/\/mom-design.com\/?post_type=product&#038;p=6688"},"modified":"2025-09-08T11:21:28","modified_gmt":"2025-09-08T09:21:28","slug":"plaque-marbre-en-pvc","status":"publish","type":"product","link":"https:\/\/mom-design.com\/de\/produit\/revetement-mural-12\/","title":{"rendered":"Marmorplatte in Hellgrau gl\u00e4nzend pvc 2,40 m x 1,20 m"},"content":{"rendered":"<h4>\u00a0 \u00a0 \u00a0 \u00a0 \u00a0 \u00a0 \u00a0 \u00a0 \u00a0 \u00a0 <span style=\"text-decoration: underline;\">Eigenschaften :<\/span><\/h4>\n<p>&#8211; <span style=\"text-decoration: underline;\">Material<\/span> : PVC nachahmung marmor<br \/>\n&#8211; <span style=\"text-decoration: underline;\">Abmessungen<\/span> : die individuell nach ihren bed\u00fcrfnissen<br \/>\n&#8211; <span style=\"text-decoration: underline;\">Einfache wartung<\/span> : kann mit einem feuchten tuch<br \/>\n&#8211; <span style=\"text-decoration: underline;\">Installation<\/span> einfach und schnell<br \/>\n&#8211; <span style=\"text-decoration: underline;\">Verwendung<\/span> ideal f\u00fcr w\u00e4nde, m\u00f6bel und dekorative oberfl\u00e4chen<\/p>\n<h4>\u00a0 \u00a0 \u00a0 \u00a0 \u00a0 \u00a0 \u00a0 \u00a0 \u00a0 <span style=\"text-decoration: underline;\">Design Imitation Marmor f\u00fcr einen eleganten Look<\/span><\/h4>\n<p><strong>Die <a href=\"https:\/\/mom-design.com\/de\/produkt\/plinthes-8\/\">platte<\/a> marmor PVC ist entwickelt, um bieten eine kosteng\u00fcnstige alternative und praktisch dem nat\u00fcrlichen marmor<\/strong>unter beibehaltung einer authentischen look und raffinierte k\u00fcche.<br \/>\nSeine glatte oberfl\u00e4che und seine motive realistisch imitieren perfekt den stein, damit das hinzuf\u00fcgen, um einen hauch von eleganz in ihre inneneinrichtung. Sei es, um sich zu verkleiden ihre w\u00e4nde, modernisierung ihrer m\u00f6bel oder erstellen <strong>dekorative akzente<\/strong>diese platte ist eine vielseitige auswahl, die passt <strong>alle <a href=\"https:\/\/mom-design.com\/de\/produkt\/plinthes-1\/\">- dekoration styles<\/a><\/strong>. Mit der entscheidung f\u00fcr dieses material erhalten sie ein <a href=\"https:\/\/mom-design.com\/de\/produkt\/plinthes-12\/\"><strong>luxuri\u00f6sen look<\/strong><\/a> ohne die kosten und einschr\u00e4nkungen wartung zugeordnet sind marmor wahren.<\/p>\n<h4>\u00a0 \u00a0 \u00a0 \u00a0 \u00a0 \u00a0 \u00a0 \u00a0 \u00a0 \u00a0 \u00a0<span style=\"text-decoration: underline;\">Installation und Wartung<\/span><\/h4>\n<p>Die installation von dieser platte und ist sowohl <strong>einfach<\/strong> und <strong>schnell<\/strong>was k\u00f6nnen sie verwandeln ihren raum in k\u00fcrzester zeit. Mehr <strong>ihre pflege erfordert keine besondere anstrengung<\/strong> : ein einfaches, feuchtes tuch gen\u00fcgt, um staub zu entfernen und die spuren, die gew\u00e4hrleisten, sowie ein erscheinungsbild immer einwandfrei. Au\u00dferdem ist die best\u00e4ndigkeit gegen kratzer und feuchtigkeit und ist eine ideale wahl f\u00fcr die <strong>k\u00fcchen<\/strong> und <strong>badezimmer<\/strong>,, wo \u00e4sthetik und funktion hand in hand gehen m\u00fcssen.<\/p>\n<h4>\u00a0 \u00a0 \u00a0 \u00a0 \u00a0 \u00a0 \u00a0 \u00a0 \u00a0 \u00a0 <span style=\"text-decoration: underline;\">\u00a0Zug\u00e4nglichkeit und Qualit\u00e4t Bei DESIGN MOM<\/span><\/h4>\n<p><strong>Bei DESIGN MOM<\/strong>wir verpflichten uns, produkte anzubieten, die qualitativ <strong>erschwinglichen preisen<\/strong>. Unsere platte, marmor-und PVC verf\u00fcgbar <strong>lieferung und kostenlose r\u00fcckgabe<\/strong>,, was macht ihr shopping-erlebnis einfach und bequem. Mehr-unsere teams sind f\u00fcr sie da, begleiten und beraten sie, um sicherzustellen, dass sie die beste wahl f\u00fcr ihre dekoration projekt.<\/p>","protected":false},"excerpt":{"rendered":"<p><a href=\"https:\/\/mom-design.com\/de\/plinthes\/?glang=fr&amp;gurl=categorie-produit\/plinthes\/\"><strong>Die platte marmor PVC<\/strong><\/a> vereint \u00e4sthetik und funktionalit\u00e4t. Imitiert perfekt das aussehen von marmor, nat\u00fcrlich, er ist perfekt f\u00fcr eine elegante und moderne einrichtung. Erh\u00e4ltlich in verschiedenen gr\u00f6\u00dfen, es ist einfach zu installieren, langlebig und kann verwendet werden f\u00fcr verschiedene projekte f\u00fcr die inneneinrichtung, so verwandelt ihre r\u00e4ume.<\/p>","protected":false},"featured_media":7397,"comment_status":"open","ping_status":"closed","template":"","meta":{"_acf_changed":false},"product_brand":[],"product_cat":[15],"product_tag":[],"class_list":{"0":"post-6688","1":"product","2":"type-product","3":"status-publish","4":"has-post-thumbnail","6":"product_cat-revetement-mural","8":"first","9":"outofstock","10":"taxable","11":"shipping-taxable","12":"purchasable","13":"product-type-simple","14":"add-to-wishlist-after_add_to_cart"},"acf":[],"yoast_head":"<!-- This site is optimized with the Yoast SEO plugin v27.0 - https:\/\/yoast.com\/product\/yoast-seo-wordpress\/ -->\n<title>Plaque marbre en Gris clair brillant en pvc 2,40 m x 1,20 m | MOM DESIGN<\/title>\n<meta name=\"description\" content=\"D\u00e9couvrez notre plaque marbre en PVC blanc pour une d\u00e9coration \u00e9l\u00e9gante et moderne, avec livraison et retours gratuits. Imitation marbre de qualit\u00e9, facile \u00e0 installer et entretenir. Commandez maintenant pour sublimer vos espaces \u00e0 moindre co\u00fbt !\" \/>\n<meta name=\"robots\" content=\"index, follow, max-snippet:-1, max-image-preview:large, max-video-preview:-1\" \/>\n<link rel=\"canonical\" href=\"https:\/\/mom-design.com\/de\/produit\/revetement-mural-12\/\" \/>\n<meta property=\"og:locale\" content=\"de_DE\" \/>\n<meta property=\"og:type\" content=\"article\" \/>\n<meta property=\"og:title\" content=\"Plaque marbre en Gris clair brillant en pvc 2,40 m x 1,20 m | MOM DESIGN\" \/>\n<meta property=\"og:description\" content=\"D\u00e9couvrez notre plaque marbre en PVC blanc pour une d\u00e9coration \u00e9l\u00e9gante et moderne, avec livraison et retours gratuits. Imitation marbre de qualit\u00e9, facile \u00e0 installer et entretenir. Commandez maintenant pour sublimer vos espaces \u00e0 moindre co\u00fbt !\" \/>\n<meta property=\"og:url\" content=\"https:\/\/mom-design.com\/de\/produit\/revetement-mural-12\/\" \/>\n<meta property=\"og:site_name\" content=\"MOM DESIGN\" \/>\n<meta property=\"article:modified_time\" content=\"2025-09-08T09:21:28+00:00\" \/>\n<meta property=\"og:image\" content=\"https:\/\/mom-design.com\/wp-content\/uploads\/2024\/07\/20.jpg\" \/>\n\t<meta property=\"og:image:width\" content=\"736\" \/>\n\t<meta property=\"og:image:height\" content=\"891\" \/>\n\t<meta property=\"og:image:type\" content=\"image\/jpeg\" \/>\n<meta name=\"twitter:card\" content=\"summary_large_image\" \/>\n<meta name=\"twitter:label1\" content=\"Gesch\u00e4tzte Lesezeit\" \/>\n\t<meta name=\"twitter:data1\" content=\"2\u00a0Minuten\" \/>\n<script type=\"application\/ld+json\" class=\"yoast-schema-graph\">{\"@context\":\"https:\/\/schema.org\",\"@graph\":[{\"@type\":\"WebPage\",\"@id\":\"https:\/\/mom-design.com\/de\/produit\/revetement-mural-12\/\",\"url\":\"https:\/\/mom-design.com\/de\/produit\/revetement-mural-12\/\",\"name\":\"Plaque marbre en Gris clair brillant en pvc 2,40 m x 1,20 m | MOM DESIGN\",\"isPartOf\":{\"@id\":\"https:\/\/mom-design.com\/de\/#website\"},\"primaryImageOfPage\":{\"@id\":\"https:\/\/mom-design.com\/de\/produit\/revetement-mural-12\/#primaryimage\"},\"image\":{\"@id\":\"https:\/\/mom-design.com\/de\/produit\/revetement-mural-12\/#primaryimage\"},\"thumbnailUrl\":\"https:\/\/mom-design.com\/wp-content\/uploads\/2024\/07\/20.jpg\",\"datePublished\":\"2024-07-23T19:11:19+00:00\",\"dateModified\":\"2025-09-08T09:21:28+00:00\",\"description\":\"D\u00e9couvrez notre plaque marbre en PVC blanc pour une d\u00e9coration \u00e9l\u00e9gante et moderne, avec livraison et retours gratuits. Imitation marbre de qualit\u00e9, facile \u00e0 installer et entretenir. Commandez maintenant pour sublimer vos espaces \u00e0 moindre co\u00fbt !\",\"breadcrumb\":{\"@id\":\"https:\/\/mom-design.com\/de\/produit\/revetement-mural-12\/#breadcrumb\"},\"inLanguage\":\"de\",\"potentialAction\":[{\"@type\":\"ReadAction\",\"target\":[\"https:\/\/mom-design.com\/de\/produit\/revetement-mural-12\/\"]}]},{\"@type\":\"ImageObject\",\"inLanguage\":\"de\",\"@id\":\"https:\/\/mom-design.com\/de\/produit\/revetement-mural-12\/#primaryimage\",\"url\":\"https:\/\/mom-design.com\/wp-content\/uploads\/2024\/07\/20.jpg\",\"contentUrl\":\"https:\/\/mom-design.com\/wp-content\/uploads\/2024\/07\/20.jpg\",\"width\":736,\"height\":891,\"caption\":\"rev\u00eatement mural wall panel marbre mom design\"},{\"@type\":\"BreadcrumbList\",\"@id\":\"https:\/\/mom-design.com\/de\/produit\/revetement-mural-12\/#breadcrumb\",\"itemListElement\":[{\"@type\":\"ListItem\",\"position\":1,\"name\":\"D\u00e9coration murale d\u2019int\u00e9rieur\",\"item\":\"https:\/\/mom-design.com\/de\/\"},{\"@type\":\"ListItem\",\"position\":2,\"name\":\"Plaque marbre en Gris clair brillant en pvc 2,40 m x 1,20 m\"}]},{\"@type\":\"WebSite\",\"@id\":\"https:\/\/mom-design.com\/de\/#website\",\"url\":\"https:\/\/mom-design.com\/de\/\",\"name\":\"MOM DESIGN\",\"description\":\"Sp\u00e9cialiste du design mural d&#039;int\u00e9rieur\",\"potentialAction\":[{\"@type\":\"SearchAction\",\"target\":{\"@type\":\"EntryPoint\",\"urlTemplate\":\"https:\/\/mom-design.com\/de\/?s={search_term_string}\"},\"query-input\":{\"@type\":\"PropertyValueSpecification\",\"valueRequired\":true,\"valueName\":\"search_term_string\"}}],\"inLanguage\":\"de\"}]}<\/script>\n<!-- \/ Yoast SEO plugin. -->","yoast_head_json":{"title":"Plaque marbre en Gris clair brillant en pvc 2,40 m x 1,20 m | MOM DESIGN","description":"D\u00e9couvrez notre plaque marbre en PVC blanc pour une d\u00e9coration \u00e9l\u00e9gante et moderne, avec livraison et retours gratuits. Imitation marbre de qualit\u00e9, facile \u00e0 installer et entretenir. Commandez maintenant pour sublimer vos espaces \u00e0 moindre co\u00fbt !","robots":{"index":"index","follow":"follow","max-snippet":"max-snippet:-1","max-image-preview":"max-image-preview:large","max-video-preview":"max-video-preview:-1"},"canonical":"https:\/\/mom-design.com\/de\/produit\/revetement-mural-12\/","og_locale":"de_DE","og_type":"article","og_title":"Plaque marbre en Gris clair brillant en pvc 2,40 m x 1,20 m | MOM DESIGN","og_description":"D\u00e9couvrez notre plaque marbre en PVC blanc pour une d\u00e9coration \u00e9l\u00e9gante et moderne, avec livraison et retours gratuits. Imitation marbre de qualit\u00e9, facile \u00e0 installer et entretenir. Commandez maintenant pour sublimer vos espaces \u00e0 moindre co\u00fbt !","og_url":"https:\/\/mom-design.com\/de\/produit\/revetement-mural-12\/","og_site_name":"MOM DESIGN","article_modified_time":"2025-09-08T09:21:28+00:00","og_image":[{"width":736,"height":891,"url":"https:\/\/mom-design.com\/wp-content\/uploads\/2024\/07\/20.jpg","type":"image\/jpeg"}],"twitter_card":"summary_large_image","twitter_misc":{"Gesch\u00e4tzte Lesezeit":"2\u00a0Minuten"},"schema":{"@context":"https:\/\/schema.org","@graph":[{"@type":"WebPage","@id":"https:\/\/mom-design.com\/de\/produit\/revetement-mural-12\/","url":"https:\/\/mom-design.com\/de\/produit\/revetement-mural-12\/","name":"Plaque marbre en Gris clair brillant en pvc 2,40 m x 1,20 m | MOM DESIGN","isPartOf":{"@id":"https:\/\/mom-design.com\/de\/#website"},"primaryImageOfPage":{"@id":"https:\/\/mom-design.com\/de\/produit\/revetement-mural-12\/#primaryimage"},"image":{"@id":"https:\/\/mom-design.com\/de\/produit\/revetement-mural-12\/#primaryimage"},"thumbnailUrl":"https:\/\/mom-design.com\/wp-content\/uploads\/2024\/07\/20.jpg","datePublished":"2024-07-23T19:11:19+00:00","dateModified":"2025-09-08T09:21:28+00:00","description":"D\u00e9couvrez notre plaque marbre en PVC blanc pour une d\u00e9coration \u00e9l\u00e9gante et moderne, avec livraison et retours gratuits. Imitation marbre de qualit\u00e9, facile \u00e0 installer et entretenir. Commandez maintenant pour sublimer vos espaces \u00e0 moindre co\u00fbt !","breadcrumb":{"@id":"https:\/\/mom-design.com\/de\/produit\/revetement-mural-12\/#breadcrumb"},"inLanguage":"de","potentialAction":[{"@type":"ReadAction","target":["https:\/\/mom-design.com\/de\/produit\/revetement-mural-12\/"]}]},{"@type":"ImageObject","inLanguage":"de","@id":"https:\/\/mom-design.com\/de\/produit\/revetement-mural-12\/#primaryimage","url":"https:\/\/mom-design.com\/wp-content\/uploads\/2024\/07\/20.jpg","contentUrl":"https:\/\/mom-design.com\/wp-content\/uploads\/2024\/07\/20.jpg","width":736,"height":891,"caption":"rev\u00eatement mural wall panel marbre mom design"},{"@type":"BreadcrumbList","@id":"https:\/\/mom-design.com\/de\/produit\/revetement-mural-12\/#breadcrumb","itemListElement":[{"@type":"ListItem","position":1,"name":"D\u00e9coration murale d\u2019int\u00e9rieur","item":"https:\/\/mom-design.com\/de\/"},{"@type":"ListItem","position":2,"name":"Plaque marbre en Gris clair brillant en pvc 2,40 m x 1,20 m"}]},{"@type":"WebSite","@id":"https:\/\/mom-design.com\/de\/#website","url":"https:\/\/mom-design.com\/de\/","name":"DESIGN MOM","description":"Sp\u00e9cialiste du design mural d'int\u00e9rieur","potentialAction":[{"@type":"SearchAction","target":{"@type":"EntryPoint","urlTemplate":"https:\/\/mom-design.com\/de\/?s={search_term_string}"},"query-input":{"@type":"PropertyValueSpecification","valueRequired":true,"valueName":"search_term_string"}}],"inLanguage":"de"}]}},"_links":{"self":[{"href":"https:\/\/mom-design.com\/de\/wp-json\/wp\/v2\/product\/6688","targetHints":{"allow":["GET"]}}],"collection":[{"href":"https:\/\/mom-design.com\/de\/wp-json\/wp\/v2\/product"}],"about":[{"href":"https:\/\/mom-design.com\/de\/wp-json\/wp\/v2\/types\/product"}],"replies":[{"embeddable":true,"href":"https:\/\/mom-design.com\/de\/wp-json\/wp\/v2\/comments?post=6688"}],"wp:featuredmedia":[{"embeddable":true,"href":"https:\/\/mom-design.com\/de\/wp-json\/wp\/v2\/media\/7397"}],"wp:attachment":[{"href":"https:\/\/mom-design.com\/de\/wp-json\/wp\/v2\/media?parent=6688"}],"wp:term":[{"taxonomy":"product_brand","embeddable":true,"href":"https:\/\/mom-design.com\/de\/wp-json\/wp\/v2\/product_brand?post=6688"},{"taxonomy":"product_cat","embeddable":true,"href":"https:\/\/mom-design.com\/de\/wp-json\/wp\/v2\/product_cat?post=6688"},{"taxonomy":"product_tag","embeddable":true,"href":"https:\/\/mom-design.com\/de\/wp-json\/wp\/v2\/product_tag?post=6688"}],"curies":[{"name":"wp","href":"https:\/\/api.w.org\/{rel}","templated":true}]}}