{"id":6701,"date":"2024-07-23T21:17:58","date_gmt":"2024-07-23T19:17:58","guid":{"rendered":"https:\/\/mom-design.com\/?post_type=product&#038;p=6701"},"modified":"2025-10-25T20:27:04","modified_gmt":"2025-10-25T18:27:04","slug":"plinthe-blanche-2-metres-en-pvc","status":"publish","type":"product","link":"https:\/\/mom-design.com\/de\/produit\/plinthes-1\/","title":{"rendered":"Wei\u00dfer Sockel 2 Meter aus PVC Charles VIII"},"content":{"rendered":"<h4><strong>\u00a0 \u00a0 \u00a0 \u00a0 \u00a0 \u00a0 \u00a0<\/strong><span style=\"text-decoration: underline;\"><strong>Eigenschaften :<\/strong><\/span><\/h4>\n<p>&#8211; <span style=\"text-decoration: underline;\">Farbe<\/span> : Wei\u00df<br \/>\n&#8211; <span style=\"text-decoration: underline;\">L\u00e4nge<\/span> : 2 m<br \/>\n&#8211; <span style=\"text-decoration: underline;\">H\u00f6he<\/span>: 8 cm<br \/>\n&#8211;<span style=\"text-decoration: underline;\"> Material<\/span> : PVC hohe festigkeit<br \/>\n&#8211; <span style=\"text-decoration: underline;\">Installation<\/span> : Einfach zu befestigen, mit leim oder schrauben<br \/>\n&#8211; <span style=\"text-decoration: underline;\">Widerstand<\/span> : Anti-feuchtigkeit, sto\u00dffest<\/p>\n<h4><strong>\u00a0 \u00a0 \u00a0 \u00a0 \u00a0 \u00a0 \u00a0<span style=\"text-decoration: underline;\">Eleganz<\/span><\/strong><span style=\"text-decoration: underline;\"><strong> und Schutz f\u00fcr Ihre W\u00e4nde<\/strong><\/span><\/h4>\n<p>Die <a href=\"https:\/\/mom-design.com\/de\/produkt\/plinthes-1\/\">sockel<\/a> wei\u00dfe 2 m angeboten <strong>DESIGN MOM<\/strong> ist ein unverzichtbares accessoire zur erg\u00e4nzung <strong>die <a href=\"https:\/\/mom-design.com\/de\/produkt\/plinthes-2\/\">finish ihre w\u00e4nde mit eleganz und modernit\u00e4t<\/a>.<\/strong> Entworfen von <strong>PVC<\/strong> hohe qualit\u00e4t, dieser sockel ist speziell gedacht, um zu widerstehen den unbilden des alltags. Sein schlankes design und seine wei\u00dfe farbe erm\u00f6glichen eine einfache integration in <a href=\"https:\/\/mom-design.com\/de\/produkt\/plinthes-8\/\"><strong>alle arten von dekoren<\/strong><\/a>, ob zeitgen\u00f6ssische oder klassische.<\/p>\n<h4>\u00a0 \u00a0 \u00a0 \u00a0 \u00a0 \u00a0 \u00a0<span style=\"text-decoration: underline;\">Kann Gemalt werden<\/span><\/h4>\n<p>Einer der gro\u00dfen vorteile dieser sockelleiste PVC <strong>seine f\u00e4higkeit, die werden gemalt<\/strong>. Sie k\u00f6nnen <strong>anpassen der farbe<\/strong> sodass es sich perfekt an ihre w\u00e4nde oder ihre m\u00f6bel. <strong>Verwenden sie eine farbe, angepasst PVC f\u00fcr eine optimale wiedergabe<\/strong>.<\/p>\n<h4><strong>\u00a0 \u00a0 \u00a0 \u00a0 \u00a0 \u00a0 \u00a0<\/strong><span style=\"text-decoration: underline;\"><strong>Einfache Installation zum Perfekten Ergebnis<\/strong><\/span><\/h4>\n<p>Die installation unserer sockelleisten pvc ist ein kinderspiel. Es kann <strong>befestigt an der wand mit kleber oder schrauben<\/strong>je nach ihren bed\u00fcrfnissen. Durch sein leichtes gewicht und seine flexibilit\u00e4t, passt er sich perfekt den rundungen und an den ecken der w\u00e4nde und garantiert ein sauberes finish. Sie bietet eine angemessene abdeckung zu sch\u00fctzen die empfindlichen w\u00e4nde.<\/p>\n<h4><strong>\u00a0 \u00a0 \u00a0 \u00a0 \u00a0 \u00a0 \u00a0<\/strong><span style=\"text-decoration: underline;\"><strong>Warum sollten sie sich f\u00fcr Sockelleisten MOM DESIGN ?<\/strong><\/span><\/h4>\n<p>Indem sie die sockelleisten <a href=\"https:\/\/mom-design.com\/de\/plinthes\/\"><strong>DESIGN MOM<\/strong><\/a>entscheiden sie sich f\u00fcr qualit\u00e4t, langlebigkeit und \u00e4sthetik. Unsere sockelleisten sind entworfen, um dauern und halten sie wie neu aussehen jahr nach jahr. Sie sind resistent gegen feuchtigkeit, so dass sie perfekt f\u00fcr die bereiche des hauses, die anf\u00e4llig f\u00fcr spritzer, wie die b\u00e4der und die k\u00fcchen. Ihre pflege ist einfach : ein schlag feuchten tuch einfach zu reinigen.<\/p>\n<p><strong>Verpassen sie nicht die gelegenheit, zu veredeln ihr interieur mit unseren sockelleisten von h\u00f6chster qualit\u00e4t. Besuchen sie unsere website und entdecken sie unser umfassendes angebot<br \/>\nund machen sie ihr haus eine stilvolle und gesch\u00fctzt.<\/strong><\/p>","protected":false},"excerpt":{"rendered":"<p><a href=\"https:\/\/mom-design.com\/de\/plinthes\/\"><strong>Die sockelleiste weiss 2 m, pvc<\/strong><\/a>\u00a0est l&rsquo;\u00e9l\u00e9ment id\u00e9al pour donner<strong> eine saubere oberfl\u00e4che f\u00fcr ihre w\u00e4nde<\/strong>. Es ist entwickelt, um sowohl <strong>\u00e4sthetisch und funktional<\/strong>. Das material ist strapazierf\u00e4hig und leicht zu pflegen ist eine perfekte wahl f\u00fcr den modernen h\u00e4usern, mit <strong>une protection efficace contre les chocs et l&rsquo;humidit\u00e9.<\/strong><\/p>","protected":false},"featured_media":7254,"comment_status":"open","ping_status":"closed","template":"","meta":{"_acf_changed":false},"product_brand":[],"product_cat":[53],"product_tag":[88],"class_list":{"0":"post-6701","1":"product","2":"type-product","3":"status-publish","4":"has-post-thumbnail","6":"product_cat-plinthes","7":"product_tag-imbattable","8":"product_shipping_class-livraison-gls","10":"first","11":"instock","12":"taxable","13":"shipping-taxable","14":"purchasable","15":"product-type-simple","16":"add-to-wishlist-after_add_to_cart"},"acf":[],"yoast_head":"<!-- This site is optimized with the Yoast SEO plugin v27.0 - https:\/\/yoast.com\/product\/yoast-seo-wordpress\/ -->\n<title>Plinthe blanche 2 m\u00e8tres en pvc Charles VIII | MOM DESIGN<\/title>\n<meta name=\"description\" content=\"Optez pour notre plinthe blanche 2 m\u00e8tres en pvc, parfaite pour une finition murale \u00e9l\u00e9gante et r\u00e9sistante. Disponible \u00e0 petit prix et uniquement sur notre site MOM DESIGN, avec livraison et retours gratuits.\" \/>\n<meta name=\"robots\" content=\"index, follow, max-snippet:-1, max-image-preview:large, max-video-preview:-1\" \/>\n<link rel=\"canonical\" href=\"https:\/\/mom-design.com\/de\/produit\/plinthes-1\/\" \/>\n<meta property=\"og:locale\" content=\"de_DE\" \/>\n<meta property=\"og:type\" content=\"article\" \/>\n<meta property=\"og:title\" content=\"Plinthe blanche 2 m\u00e8tres en pvc Charles VIII | MOM DESIGN\" \/>\n<meta property=\"og:description\" content=\"Optez pour notre plinthe blanche 2 m\u00e8tres en pvc, parfaite pour une finition murale \u00e9l\u00e9gante et r\u00e9sistante. Disponible \u00e0 petit prix et uniquement sur notre site MOM DESIGN, avec livraison et retours gratuits.\" \/>\n<meta property=\"og:url\" content=\"https:\/\/mom-design.com\/de\/produit\/plinthes-1\/\" \/>\n<meta property=\"og:site_name\" content=\"MOM DESIGN\" \/>\n<meta property=\"article:modified_time\" content=\"2025-10-25T18:27:04+00:00\" \/>\n<meta property=\"og:image\" content=\"https:\/\/mom-design.com\/wp-content\/uploads\/2024\/07\/plinthe-pvc-mom-design-M5.jpeg\" \/>\n\t<meta property=\"og:image:width\" content=\"718\" \/>\n\t<meta property=\"og:image:height\" content=\"538\" \/>\n\t<meta property=\"og:image:type\" content=\"image\/jpeg\" \/>\n<meta name=\"twitter:card\" content=\"summary_large_image\" \/>\n<meta name=\"twitter:label1\" content=\"Gesch\u00e4tzte Lesezeit\" \/>\n\t<meta name=\"twitter:data1\" content=\"2\u00a0Minuten\" \/>\n<script type=\"application\/ld+json\" class=\"yoast-schema-graph\">{\"@context\":\"https:\/\/schema.org\",\"@graph\":[{\"@type\":\"WebPage\",\"@id\":\"https:\/\/mom-design.com\/de\/produit\/plinthes-1\/\",\"url\":\"https:\/\/mom-design.com\/de\/produit\/plinthes-1\/\",\"name\":\"Plinthe blanche 2 m\u00e8tres en pvc Charles VIII | MOM DESIGN\",\"isPartOf\":{\"@id\":\"https:\/\/mom-design.com\/de\/#website\"},\"primaryImageOfPage\":{\"@id\":\"https:\/\/mom-design.com\/de\/produit\/plinthes-1\/#primaryimage\"},\"image\":{\"@id\":\"https:\/\/mom-design.com\/de\/produit\/plinthes-1\/#primaryimage\"},\"thumbnailUrl\":\"https:\/\/mom-design.com\/wp-content\/uploads\/2024\/07\/plinthe-pvc-mom-design-M5.jpeg\",\"datePublished\":\"2024-07-23T19:17:58+00:00\",\"dateModified\":\"2025-10-25T18:27:04+00:00\",\"description\":\"Optez pour notre plinthe blanche 2 m\u00e8tres en pvc, parfaite pour une finition murale \u00e9l\u00e9gante et r\u00e9sistante. Disponible \u00e0 petit prix et uniquement sur notre site MOM DESIGN, avec livraison et retours gratuits.\",\"breadcrumb\":{\"@id\":\"https:\/\/mom-design.com\/de\/produit\/plinthes-1\/#breadcrumb\"},\"inLanguage\":\"de\",\"potentialAction\":[{\"@type\":\"ReadAction\",\"target\":[\"https:\/\/mom-design.com\/de\/produit\/plinthes-1\/\"]}]},{\"@type\":\"ImageObject\",\"inLanguage\":\"de\",\"@id\":\"https:\/\/mom-design.com\/de\/produit\/plinthes-1\/#primaryimage\",\"url\":\"https:\/\/mom-design.com\/wp-content\/uploads\/2024\/07\/plinthe-pvc-mom-design-M5.jpeg\",\"contentUrl\":\"https:\/\/mom-design.com\/wp-content\/uploads\/2024\/07\/plinthe-pvc-mom-design-M5.jpeg\",\"width\":718,\"height\":538,\"caption\":\"plinthe pvc mom design M5 BLANCHE\"},{\"@type\":\"BreadcrumbList\",\"@id\":\"https:\/\/mom-design.com\/de\/produit\/plinthes-1\/#breadcrumb\",\"itemListElement\":[{\"@type\":\"ListItem\",\"position\":1,\"name\":\"D\u00e9coration murale d\u2019int\u00e9rieur\",\"item\":\"https:\/\/mom-design.com\/de\/\"},{\"@type\":\"ListItem\",\"position\":2,\"name\":\"Plinthe blanche 2 m\u00e8tres en pvc Charles VIII\"}]},{\"@type\":\"WebSite\",\"@id\":\"https:\/\/mom-design.com\/de\/#website\",\"url\":\"https:\/\/mom-design.com\/de\/\",\"name\":\"MOM DESIGN\",\"description\":\"Sp\u00e9cialiste du design mural d&#039;int\u00e9rieur\",\"potentialAction\":[{\"@type\":\"SearchAction\",\"target\":{\"@type\":\"EntryPoint\",\"urlTemplate\":\"https:\/\/mom-design.com\/de\/?s={search_term_string}\"},\"query-input\":{\"@type\":\"PropertyValueSpecification\",\"valueRequired\":true,\"valueName\":\"search_term_string\"}}],\"inLanguage\":\"de\"}]}<\/script>\n<!-- \/ Yoast SEO plugin. -->","yoast_head_json":{"title":"Plinthe blanche 2 m\u00e8tres en pvc Charles VIII | MOM DESIGN","description":"Optez pour notre plinthe blanche 2 m\u00e8tres en pvc, parfaite pour une finition murale \u00e9l\u00e9gante et r\u00e9sistante. Disponible \u00e0 petit prix et uniquement sur notre site MOM DESIGN, avec livraison et retours gratuits.","robots":{"index":"index","follow":"follow","max-snippet":"max-snippet:-1","max-image-preview":"max-image-preview:large","max-video-preview":"max-video-preview:-1"},"canonical":"https:\/\/mom-design.com\/de\/produit\/plinthes-1\/","og_locale":"de_DE","og_type":"article","og_title":"Plinthe blanche 2 m\u00e8tres en pvc Charles VIII | MOM DESIGN","og_description":"Optez pour notre plinthe blanche 2 m\u00e8tres en pvc, parfaite pour une finition murale \u00e9l\u00e9gante et r\u00e9sistante. Disponible \u00e0 petit prix et uniquement sur notre site MOM DESIGN, avec livraison et retours gratuits.","og_url":"https:\/\/mom-design.com\/de\/produit\/plinthes-1\/","og_site_name":"MOM DESIGN","article_modified_time":"2025-10-25T18:27:04+00:00","og_image":[{"width":718,"height":538,"url":"https:\/\/mom-design.com\/wp-content\/uploads\/2024\/07\/plinthe-pvc-mom-design-M5.jpeg","type":"image\/jpeg"}],"twitter_card":"summary_large_image","twitter_misc":{"Gesch\u00e4tzte Lesezeit":"2\u00a0Minuten"},"schema":{"@context":"https:\/\/schema.org","@graph":[{"@type":"WebPage","@id":"https:\/\/mom-design.com\/de\/produit\/plinthes-1\/","url":"https:\/\/mom-design.com\/de\/produit\/plinthes-1\/","name":"Plinthe blanche 2 m\u00e8tres en pvc Charles VIII | MOM DESIGN","isPartOf":{"@id":"https:\/\/mom-design.com\/de\/#website"},"primaryImageOfPage":{"@id":"https:\/\/mom-design.com\/de\/produit\/plinthes-1\/#primaryimage"},"image":{"@id":"https:\/\/mom-design.com\/de\/produit\/plinthes-1\/#primaryimage"},"thumbnailUrl":"https:\/\/mom-design.com\/wp-content\/uploads\/2024\/07\/plinthe-pvc-mom-design-M5.jpeg","datePublished":"2024-07-23T19:17:58+00:00","dateModified":"2025-10-25T18:27:04+00:00","description":"Optez pour notre plinthe blanche 2 m\u00e8tres en pvc, parfaite pour une finition murale \u00e9l\u00e9gante et r\u00e9sistante. Disponible \u00e0 petit prix et uniquement sur notre site MOM DESIGN, avec livraison et retours gratuits.","breadcrumb":{"@id":"https:\/\/mom-design.com\/de\/produit\/plinthes-1\/#breadcrumb"},"inLanguage":"de","potentialAction":[{"@type":"ReadAction","target":["https:\/\/mom-design.com\/de\/produit\/plinthes-1\/"]}]},{"@type":"ImageObject","inLanguage":"de","@id":"https:\/\/mom-design.com\/de\/produit\/plinthes-1\/#primaryimage","url":"https:\/\/mom-design.com\/wp-content\/uploads\/2024\/07\/plinthe-pvc-mom-design-M5.jpeg","contentUrl":"https:\/\/mom-design.com\/wp-content\/uploads\/2024\/07\/plinthe-pvc-mom-design-M5.jpeg","width":718,"height":538,"caption":"plinthe pvc mom design M5 BLANCHE"},{"@type":"BreadcrumbList","@id":"https:\/\/mom-design.com\/de\/produit\/plinthes-1\/#breadcrumb","itemListElement":[{"@type":"ListItem","position":1,"name":"D\u00e9coration murale d\u2019int\u00e9rieur","item":"https:\/\/mom-design.com\/de\/"},{"@type":"ListItem","position":2,"name":"Plinthe blanche 2 m\u00e8tres en pvc Charles VIII"}]},{"@type":"WebSite","@id":"https:\/\/mom-design.com\/de\/#website","url":"https:\/\/mom-design.com\/de\/","name":"DESIGN MOM","description":"Sp\u00e9cialiste du design mural d'int\u00e9rieur","potentialAction":[{"@type":"SearchAction","target":{"@type":"EntryPoint","urlTemplate":"https:\/\/mom-design.com\/de\/?s={search_term_string}"},"query-input":{"@type":"PropertyValueSpecification","valueRequired":true,"valueName":"search_term_string"}}],"inLanguage":"de"}]}},"_links":{"self":[{"href":"https:\/\/mom-design.com\/de\/wp-json\/wp\/v2\/product\/6701","targetHints":{"allow":["GET"]}}],"collection":[{"href":"https:\/\/mom-design.com\/de\/wp-json\/wp\/v2\/product"}],"about":[{"href":"https:\/\/mom-design.com\/de\/wp-json\/wp\/v2\/types\/product"}],"replies":[{"embeddable":true,"href":"https:\/\/mom-design.com\/de\/wp-json\/wp\/v2\/comments?post=6701"}],"wp:featuredmedia":[{"embeddable":true,"href":"https:\/\/mom-design.com\/de\/wp-json\/wp\/v2\/media\/7254"}],"wp:attachment":[{"href":"https:\/\/mom-design.com\/de\/wp-json\/wp\/v2\/media?parent=6701"}],"wp:term":[{"taxonomy":"product_brand","embeddable":true,"href":"https:\/\/mom-design.com\/de\/wp-json\/wp\/v2\/product_brand?post=6701"},{"taxonomy":"product_cat","embeddable":true,"href":"https:\/\/mom-design.com\/de\/wp-json\/wp\/v2\/product_cat?post=6701"},{"taxonomy":"product_tag","embeddable":true,"href":"https:\/\/mom-design.com\/de\/wp-json\/wp\/v2\/product_tag?post=6701"}],"curies":[{"name":"wp","href":"https:\/\/api.w.org\/{rel}","templated":true}]}}