{"id":6704,"date":"2024-07-23T21:19:16","date_gmt":"2024-07-23T19:19:16","guid":{"rendered":"https:\/\/mom-design.com\/?post_type=product&#038;p=6704"},"modified":"2026-01-31T10:38:51","modified_gmt":"2026-01-31T09:38:51","slug":"plinthe-murale-en-pvc-blanche-2-m","status":"publish","type":"product","link":"https:\/\/mom-design.com\/de\/produit\/plinthes-2\/","title":{"rendered":"Wei\u00dfer PVC-Wandsockel 2 Meter Charles VII"},"content":{"rendered":"<h4>\u00a0 \u00a0 \u00a0 \u00a0 \u00a0 \u00a0 <span style=\"text-decoration: underline;\">Merkmale<\/span><\/h4>\n<p>&#8211; <span style=\"text-decoration: underline;\">Farbe<\/span> : wei\u00df<br \/>\n&#8211; <span style=\"text-decoration: underline;\">L\u00e4nge<\/span> : 2 meter<br \/>\n&#8211; <span style=\"text-decoration: underline;\">H\u00f6he<\/span> : 7,5 cm<br \/>\n&#8211; <span style=\"text-decoration: underline;\">Material<\/span>: Hochwertiges PVC<br \/>\n&#8211; <span style=\"text-decoration: underline;\">Anpassbare<\/span>: <strong>Gemalt werden kann f\u00fcr die anpassung an ihre pr\u00e4ferenzen farben<\/strong><\/p>\n<h4>\u00a0 \u00a0 \u00a0 \u00a0\u00a0\u00a0 \u00a0 \u00a0<span style=\"text-decoration: underline;\">Eine \u00c4sthetische und Funktionale L\u00f6sung<\/span><\/h4>\n<p>Geben ihren w\u00e4nden einen sauberen abschluss, <strong>die <a href=\"https:\/\/mom-design.com\/de\/produkt\/plinthes-1\/\">sockel<\/a> an der wand PVC wei\u00df 2 meter ist eine gute wahl<\/strong>. Seine h\u00f6he von 8 cm k\u00f6nnen nicht nur sch\u00fctzen die w\u00e4nde vor st\u00f6\u00dfen und kratzern, sondern auch, um einen hauch von raffinesse zu ihrem dekor. <strong>Bei DESIGN MOM<\/strong>wir verstehen die bedeutung einer inneren gut fertig,<br \/>\n<strong>deshalb bieten wir produkte, die verbinden <a href=\"https:\/\/mom-design.com\/de\/produkt\/revetement-mural-12\/\">stil und funktionalit\u00e4t<\/a>.<\/strong><\/p>\n<h4>\u00a0 \u00a0 \u00a0 \u00a0 \u00a0 \u00a0 \u00a0<span style=\"text-decoration: underline;\">Einfache Installation und einfache Wartung<\/span><\/h4>\n<p>Die installation der sockelleiste an der wand PVC wei\u00df ist ein kinderspiel. Sie k\u00f6nnen befestigen sie leicht mit einem spezialkleber oder verwenden sie die schrauben und clips f\u00fcr die befestigung noch sicherer. Dar\u00fcber hinaus, seine wartung erfordert keine erheblichen anstrengungen : allein ein blick auf ein feuchtes tuch einfach zu reinigen, so halten sie ihre gepflegte erscheinung im laufe der zeit.<\/p>\n<h4>\u00a0 \u00a0 \u00a0 \u00a0 \u00a0 \u00a0 \u00a0<span style=\"text-decoration: underline;\">Warum sollten sie sich f\u00fcr Sockelleisten MOM DESIGN ?<\/span><\/h4>\n<p><strong>Mit <a href=\"https:\/\/mom-design.com\/de\/produkt\/plinthes-11\/\">DESIGN MOM<\/a>entscheiden sie sich f\u00fcr qualit\u00e4t, langlebigkeit und stil<\/strong>. Unsere fu\u00dfleisten wandmalereien PVC und sind speziell f\u00fcr die anforderungen der eigent\u00fcmer, die mehr w\u00e4hlerisch in bezug auf innenarchitektur. Verwandeln sie ihren raum in einem modernen interieur und ordentlich mit unserer fu\u00dfleiste an der wand PVC wei\u00df , und erleben sie komfort und \u00e4sthetik ohne gleichen.<\/p>","protected":false},"excerpt":{"rendered":"<p><a href=\"https:\/\/mom-design.com\/de\/plinthes\/\">Die fu\u00dfleiste an der wand PVC wei\u00df<\/a> ist die perfekte position zu bringen ein scharfes finish und moderne in ihre r\u00e4ume. Hergestellt aus PVC-qualit\u00e4t, diese fu\u00dfleiste ist nicht nur robust und resistent gegen\u00fcber feuchtigkeit, aber es kann auch gemalt werden, um sich harmonisch in jede art von inneneinrichtung. Eine l\u00f6sung, die praxis und \u00e4sthetik, ideal f\u00fcr den schutz ihre w\u00e4nde und verbessern das aussehen von ihre innen.<\/p>\n<p>&nbsp;<\/p>","protected":false},"featured_media":7253,"comment_status":"open","ping_status":"closed","template":"","meta":{"_acf_changed":false},"product_brand":[],"product_cat":[53],"product_tag":[],"class_list":{"0":"post-6704","1":"product","2":"type-product","3":"status-publish","4":"has-post-thumbnail","6":"product_cat-plinthes","7":"product_shipping_class-livraison-gls","9":"first","10":"instock","11":"taxable","12":"shipping-taxable","13":"purchasable","14":"product-type-simple","15":"add-to-wishlist-after_add_to_cart"},"acf":[],"yoast_head":"<!-- This site is optimized with the Yoast SEO plugin v27.0 - https:\/\/yoast.com\/product\/yoast-seo-wordpress\/ -->\n<title>Plinthe murale en pvc blanche 2 m\u00e8tres Charles VII | MOM DESIGN<\/title>\n<meta name=\"description\" content=\"D\u00e9couvrez notre plinthe murale en PVC blanche de 2 m, une solution pratique et \u00e9l\u00e9gante pour vos murs. Disponible \u00e0 petit prix et uniquement sur notre site MOM DESIGN, avec livraison et retours gratuits. Ne manquez pas l\u2019occasion de sublimer votre int\u00e9rieur.\" \/>\n<meta name=\"robots\" content=\"index, follow, max-snippet:-1, max-image-preview:large, max-video-preview:-1\" \/>\n<link rel=\"canonical\" href=\"https:\/\/mom-design.com\/de\/produit\/plinthes-2\/\" \/>\n<meta property=\"og:locale\" content=\"de_DE\" \/>\n<meta property=\"og:type\" content=\"article\" \/>\n<meta property=\"og:title\" content=\"Plinthe murale en pvc blanche 2 m\u00e8tres Charles VII | MOM DESIGN\" \/>\n<meta property=\"og:description\" content=\"D\u00e9couvrez notre plinthe murale en PVC blanche de 2 m, une solution pratique et \u00e9l\u00e9gante pour vos murs. Disponible \u00e0 petit prix et uniquement sur notre site MOM DESIGN, avec livraison et retours gratuits. Ne manquez pas l\u2019occasion de sublimer votre int\u00e9rieur.\" \/>\n<meta property=\"og:url\" content=\"https:\/\/mom-design.com\/de\/produit\/plinthes-2\/\" \/>\n<meta property=\"og:site_name\" content=\"MOM DESIGN\" \/>\n<meta property=\"article:modified_time\" content=\"2026-01-31T09:38:51+00:00\" \/>\n<meta property=\"og:image\" content=\"https:\/\/mom-design.com\/wp-content\/uploads\/2024\/07\/plinthe-pvc-mom-design-M4.jpeg\" \/>\n\t<meta property=\"og:image:width\" content=\"718\" \/>\n\t<meta property=\"og:image:height\" content=\"538\" \/>\n\t<meta property=\"og:image:type\" content=\"image\/jpeg\" \/>\n<meta name=\"twitter:card\" content=\"summary_large_image\" \/>\n<meta name=\"twitter:label1\" content=\"Gesch\u00e4tzte Lesezeit\" \/>\n\t<meta name=\"twitter:data1\" content=\"2\u00a0Minuten\" \/>\n<script type=\"application\/ld+json\" class=\"yoast-schema-graph\">{\"@context\":\"https:\/\/schema.org\",\"@graph\":[{\"@type\":\"WebPage\",\"@id\":\"https:\/\/mom-design.com\/de\/produit\/plinthes-2\/\",\"url\":\"https:\/\/mom-design.com\/de\/produit\/plinthes-2\/\",\"name\":\"Plinthe murale en pvc blanche 2 m\u00e8tres Charles VII | MOM DESIGN\",\"isPartOf\":{\"@id\":\"https:\/\/mom-design.com\/de\/#website\"},\"primaryImageOfPage\":{\"@id\":\"https:\/\/mom-design.com\/de\/produit\/plinthes-2\/#primaryimage\"},\"image\":{\"@id\":\"https:\/\/mom-design.com\/de\/produit\/plinthes-2\/#primaryimage\"},\"thumbnailUrl\":\"https:\/\/mom-design.com\/wp-content\/uploads\/2024\/07\/plinthe-pvc-mom-design-M4.jpeg\",\"datePublished\":\"2024-07-23T19:19:16+00:00\",\"dateModified\":\"2026-01-31T09:38:51+00:00\",\"description\":\"D\u00e9couvrez notre plinthe murale en PVC blanche de 2 m, une solution pratique et \u00e9l\u00e9gante pour vos murs. Disponible \u00e0 petit prix et uniquement sur notre site MOM DESIGN, avec livraison et retours gratuits. Ne manquez pas l\u2019occasion de sublimer votre int\u00e9rieur.\",\"breadcrumb\":{\"@id\":\"https:\/\/mom-design.com\/de\/produit\/plinthes-2\/#breadcrumb\"},\"inLanguage\":\"de\",\"potentialAction\":[{\"@type\":\"ReadAction\",\"target\":[\"https:\/\/mom-design.com\/de\/produit\/plinthes-2\/\"]}]},{\"@type\":\"ImageObject\",\"inLanguage\":\"de\",\"@id\":\"https:\/\/mom-design.com\/de\/produit\/plinthes-2\/#primaryimage\",\"url\":\"https:\/\/mom-design.com\/wp-content\/uploads\/2024\/07\/plinthe-pvc-mom-design-M4.jpeg\",\"contentUrl\":\"https:\/\/mom-design.com\/wp-content\/uploads\/2024\/07\/plinthe-pvc-mom-design-M4.jpeg\",\"width\":718,\"height\":538,\"caption\":\"plinthe pvc mom design M5 blanche\"},{\"@type\":\"BreadcrumbList\",\"@id\":\"https:\/\/mom-design.com\/de\/produit\/plinthes-2\/#breadcrumb\",\"itemListElement\":[{\"@type\":\"ListItem\",\"position\":1,\"name\":\"D\u00e9coration murale d\u2019int\u00e9rieur\",\"item\":\"https:\/\/mom-design.com\/de\/\"},{\"@type\":\"ListItem\",\"position\":2,\"name\":\"Plinthe murale en pvc blanche 2 m\u00e8tres Charles VII\"}]},{\"@type\":\"WebSite\",\"@id\":\"https:\/\/mom-design.com\/de\/#website\",\"url\":\"https:\/\/mom-design.com\/de\/\",\"name\":\"MOM DESIGN\",\"description\":\"Sp\u00e9cialiste du design mural d&#039;int\u00e9rieur\",\"potentialAction\":[{\"@type\":\"SearchAction\",\"target\":{\"@type\":\"EntryPoint\",\"urlTemplate\":\"https:\/\/mom-design.com\/de\/?s={search_term_string}\"},\"query-input\":{\"@type\":\"PropertyValueSpecification\",\"valueRequired\":true,\"valueName\":\"search_term_string\"}}],\"inLanguage\":\"de\"}]}<\/script>\n<!-- \/ Yoast SEO plugin. -->","yoast_head_json":{"title":"Plinthe murale en pvc blanche 2 m\u00e8tres Charles VII | MOM DESIGN","description":"D\u00e9couvrez notre plinthe murale en PVC blanche de 2 m, une solution pratique et \u00e9l\u00e9gante pour vos murs. Disponible \u00e0 petit prix et uniquement sur notre site MOM DESIGN, avec livraison et retours gratuits. Ne manquez pas l\u2019occasion de sublimer votre int\u00e9rieur.","robots":{"index":"index","follow":"follow","max-snippet":"max-snippet:-1","max-image-preview":"max-image-preview:large","max-video-preview":"max-video-preview:-1"},"canonical":"https:\/\/mom-design.com\/de\/produit\/plinthes-2\/","og_locale":"de_DE","og_type":"article","og_title":"Plinthe murale en pvc blanche 2 m\u00e8tres Charles VII | MOM DESIGN","og_description":"D\u00e9couvrez notre plinthe murale en PVC blanche de 2 m, une solution pratique et \u00e9l\u00e9gante pour vos murs. Disponible \u00e0 petit prix et uniquement sur notre site MOM DESIGN, avec livraison et retours gratuits. Ne manquez pas l\u2019occasion de sublimer votre int\u00e9rieur.","og_url":"https:\/\/mom-design.com\/de\/produit\/plinthes-2\/","og_site_name":"MOM DESIGN","article_modified_time":"2026-01-31T09:38:51+00:00","og_image":[{"width":718,"height":538,"url":"https:\/\/mom-design.com\/wp-content\/uploads\/2024\/07\/plinthe-pvc-mom-design-M4.jpeg","type":"image\/jpeg"}],"twitter_card":"summary_large_image","twitter_misc":{"Gesch\u00e4tzte Lesezeit":"2\u00a0Minuten"},"schema":{"@context":"https:\/\/schema.org","@graph":[{"@type":"WebPage","@id":"https:\/\/mom-design.com\/de\/produit\/plinthes-2\/","url":"https:\/\/mom-design.com\/de\/produit\/plinthes-2\/","name":"Plinthe murale en pvc blanche 2 m\u00e8tres Charles VII | MOM DESIGN","isPartOf":{"@id":"https:\/\/mom-design.com\/de\/#website"},"primaryImageOfPage":{"@id":"https:\/\/mom-design.com\/de\/produit\/plinthes-2\/#primaryimage"},"image":{"@id":"https:\/\/mom-design.com\/de\/produit\/plinthes-2\/#primaryimage"},"thumbnailUrl":"https:\/\/mom-design.com\/wp-content\/uploads\/2024\/07\/plinthe-pvc-mom-design-M4.jpeg","datePublished":"2024-07-23T19:19:16+00:00","dateModified":"2026-01-31T09:38:51+00:00","description":"D\u00e9couvrez notre plinthe murale en PVC blanche de 2 m, une solution pratique et \u00e9l\u00e9gante pour vos murs. Disponible \u00e0 petit prix et uniquement sur notre site MOM DESIGN, avec livraison et retours gratuits. Ne manquez pas l\u2019occasion de sublimer votre int\u00e9rieur.","breadcrumb":{"@id":"https:\/\/mom-design.com\/de\/produit\/plinthes-2\/#breadcrumb"},"inLanguage":"de","potentialAction":[{"@type":"ReadAction","target":["https:\/\/mom-design.com\/de\/produit\/plinthes-2\/"]}]},{"@type":"ImageObject","inLanguage":"de","@id":"https:\/\/mom-design.com\/de\/produit\/plinthes-2\/#primaryimage","url":"https:\/\/mom-design.com\/wp-content\/uploads\/2024\/07\/plinthe-pvc-mom-design-M4.jpeg","contentUrl":"https:\/\/mom-design.com\/wp-content\/uploads\/2024\/07\/plinthe-pvc-mom-design-M4.jpeg","width":718,"height":538,"caption":"plinthe pvc mom design M5 blanche"},{"@type":"BreadcrumbList","@id":"https:\/\/mom-design.com\/de\/produit\/plinthes-2\/#breadcrumb","itemListElement":[{"@type":"ListItem","position":1,"name":"D\u00e9coration murale d\u2019int\u00e9rieur","item":"https:\/\/mom-design.com\/de\/"},{"@type":"ListItem","position":2,"name":"Plinthe murale en pvc blanche 2 m\u00e8tres Charles VII"}]},{"@type":"WebSite","@id":"https:\/\/mom-design.com\/de\/#website","url":"https:\/\/mom-design.com\/de\/","name":"DESIGN MOM","description":"Sp\u00e9cialiste du design mural d'int\u00e9rieur","potentialAction":[{"@type":"SearchAction","target":{"@type":"EntryPoint","urlTemplate":"https:\/\/mom-design.com\/de\/?s={search_term_string}"},"query-input":{"@type":"PropertyValueSpecification","valueRequired":true,"valueName":"search_term_string"}}],"inLanguage":"de"}]}},"_links":{"self":[{"href":"https:\/\/mom-design.com\/de\/wp-json\/wp\/v2\/product\/6704","targetHints":{"allow":["GET"]}}],"collection":[{"href":"https:\/\/mom-design.com\/de\/wp-json\/wp\/v2\/product"}],"about":[{"href":"https:\/\/mom-design.com\/de\/wp-json\/wp\/v2\/types\/product"}],"replies":[{"embeddable":true,"href":"https:\/\/mom-design.com\/de\/wp-json\/wp\/v2\/comments?post=6704"}],"wp:featuredmedia":[{"embeddable":true,"href":"https:\/\/mom-design.com\/de\/wp-json\/wp\/v2\/media\/7253"}],"wp:attachment":[{"href":"https:\/\/mom-design.com\/de\/wp-json\/wp\/v2\/media?parent=6704"}],"wp:term":[{"taxonomy":"product_brand","embeddable":true,"href":"https:\/\/mom-design.com\/de\/wp-json\/wp\/v2\/product_brand?post=6704"},{"taxonomy":"product_cat","embeddable":true,"href":"https:\/\/mom-design.com\/de\/wp-json\/wp\/v2\/product_cat?post=6704"},{"taxonomy":"product_tag","embeddable":true,"href":"https:\/\/mom-design.com\/de\/wp-json\/wp\/v2\/product_tag?post=6704"}],"curies":[{"name":"wp","href":"https:\/\/api.w.org\/{rel}","templated":true}]}}