{"id":6705,"date":"2024-07-23T21:19:41","date_gmt":"2024-07-23T19:19:41","guid":{"rendered":"https:\/\/mom-design.com\/?post_type=product&#038;p=6705"},"modified":"2026-01-13T20:59:42","modified_gmt":"2026-01-13T19:59:42","slug":"plinthe-murale-en-pvc-blanche-2-m-2","status":"publish","type":"product","link":"https:\/\/mom-design.com\/de\/produit\/plinthes-3\/","title":{"rendered":"Wei\u00dfe PVC-Wandsockelleiste 2 Meter Charles VI"},"content":{"rendered":"<h4>\u00a0 \u00a0 \u00a0 \u00a0 \u00a0 \u00a0 \u00a0 \u00a0 <span style=\"text-decoration: underline;\">Produkteigenschaften<br \/>\n<\/span><\/h4>\n<p>&#8211; <span style=\"text-decoration: underline;\">Farbe<\/span> : wei\u00df<br \/>\n&#8211; <span style=\"text-decoration: underline;\">L\u00e4nge<\/span> : 2 meter \u2013 Abdeckung ausreichend ist, um die langen mauern oder mehrere anwendungen.<br \/>\n&#8211; <span style=\"text-decoration: underline;\">H\u00f6he<\/span> : 8 cm \u2013 perfekte Balance zwischen \u00e4sthetik und funktionalit\u00e4t.<br \/>\n&#8211; <span style=\"text-decoration: underline;\">Material<\/span> : PVC \u2013 Robust, stabil und feuchtigkeitsbest\u00e4ndig, ideal f\u00fcr verschiedene umgebungen.<br \/>\n&#8211; <span style=\"text-decoration: underline;\">Anpassbare<\/span> : Die oberfl\u00e4che ist glatt <strong>kann lackiert werden<\/strong>passen sie die adapter in ihre farbpalette pers\u00f6nliche.<\/p>\n<h4>\u00a0 \u00a0 \u00a0 \u00a0 \u00a0 \u00a0 \u00a0 \u00a0 <span style=\"text-decoration: underline;\">Elegante optik und Vielseitige<\/span><\/h4>\n<p>Die <a href=\"https:\/\/mom-design.com\/de\/produkt\/plinthes-6\/\">sockel<\/a> Wandbild PVC wei\u00df 2 meter, erh\u00e4ltlich bei <strong>DESIGN MOM<\/strong>dieses perfekte wahl f\u00fcr den letzten schliff elegant in jedem raum. Mit einer h\u00f6he von 8 cm, der vierte, ist nicht nur <strong>ein scharfes finish, sondern auch eine <a href=\"https:\/\/mom-design.com\/de\/produkt\/plinthes-4\/\">um einen dauerhaften schutz f\u00fcr ihre w\u00e4nde<\/a>.<\/strong> Seine farbe neutral wei\u00df passt sich leicht an alle einrichtungsstile, indem es einen hauch von modernit\u00e4t.<\/p>\n<h4>\u00a0 \u00a0 \u00a0 \u00a0 \u00a0 \u00a0 \u00a0 \u00a0 <span style=\"text-decoration: underline;\">Einfache Installation und unterhaltung minimal<\/span><\/h4>\n<p>Unsere basis PVC ist entworfen f\u00fcr einfache installation. Sie k\u00f6nnen mit einem spezialkleber oder clips f\u00fcr die befestigung an ihrer wand. Es ist einfach, vereinfachen die handhabung und installation, auch f\u00fcr nicht-profis. In bezug auf unterhaltung, <strong>Ein einfacher schnitt aus chiffon feucht genug zu halten ihre aussehen sauber und gl\u00e4nzend.<\/strong><\/p>\n<h4>\u00a0 \u00a0 \u00a0 \u00a0 \u00a0 \u00a0 \u00a0 \u00a0 <span style=\"text-decoration: underline;\">Warum MOM DESIGN ?<\/span><\/h4>\n<p><strong>Bei DESIGN MOM<\/strong>wir verpflichten uns , nun vorschlagen, qualitativ hochwertige produkte zu wettbewerbsf\u00e4higen preisen. Der sockel wand kunststoff weiss ist eine demonstration unserer ausf\u00fchrlichen details und engagement f\u00fcr die bereitstellung der <strong>l\u00f6sungen <a href=\"https:\/\/mom-design.com\/de\/produkt\/cimaises-2\/\">- dekoration-elegante und praktische<\/a><\/strong>. F\u00fcgen sie dieses fundament f\u00fcr ihr interieur, ohne sich sorgen zu. Verf\u00fcgbar zum kleinen preis nur auf unserer website, in diesem sockel ist die option zum versch\u00f6nern ganzen raum in die einhaltung ihres budgets.<\/p>\n<p><strong><a href=\"https:\/\/mom-design.com\/de\/revetement-mural\/\">Verwandeln sie ihr interieur<\/a> mit der fu\u00dfleiste an der wand PVC wei\u00df MOM DESIGN und finden sie heraus, wie eine einzelne detail kann den unterschied machen.<\/strong><\/p>","protected":false},"excerpt":{"rendered":"<p><strong>Die <a href=\"https:\/\/mom-design.com\/de\/plinthes\/\">sockelleiste an der wand PVC wei\u00df<\/a> 2 meter<\/strong>mit einer h\u00f6he von 8 cm, ist entwickelt, um bieten eine praktische und elegante oberfl\u00e4che f\u00fcr ihre w\u00e4nde. Hergestellt aus best\u00e4ndigem PVC, dieser sockel ist ideal, um einen hauch von raffinesse in ihr interieur und bieten einen wirksamen schutz gegen leckagen. Zus\u00e4tzlich, es kann verwendet werden als harmonizer f\u00fcr ihre dekoration pers\u00f6nlichen.<\/p>","protected":false},"featured_media":7257,"comment_status":"open","ping_status":"closed","template":"","meta":{"_acf_changed":false},"product_brand":[],"product_cat":[53],"product_tag":[],"class_list":{"0":"post-6705","1":"product","2":"type-product","3":"status-publish","4":"has-post-thumbnail","6":"product_cat-plinthes","7":"product_shipping_class-livraison-gls","9":"first","10":"instock","11":"taxable","12":"shipping-taxable","13":"purchasable","14":"product-type-simple","15":"add-to-wishlist-after_add_to_cart"},"acf":[],"yoast_head":"<!-- This site is optimized with the Yoast SEO plugin v27.0 - https:\/\/yoast.com\/product\/yoast-seo-wordpress\/ -->\n<title>Plinthe murale en pvc blanche 2 m\u00e8tres Charles VI | MOM DESIGN<\/title>\n<meta name=\"description\" content=\"Optez pour notre plinthe murale en PVC blanche de 2 m, hauteur 10 cm, id\u00e9ale pour un int\u00e9rieur moderne et \u00e9l\u00e9gant. Disponible \u00e0 petit prix et uniquement sur notre site MOM DESIGN, avec livraison et retours gratuits.\" \/>\n<meta name=\"robots\" content=\"index, follow, max-snippet:-1, max-image-preview:large, max-video-preview:-1\" \/>\n<link rel=\"canonical\" href=\"https:\/\/mom-design.com\/de\/produit\/plinthes-3\/\" \/>\n<meta property=\"og:locale\" content=\"de_DE\" \/>\n<meta property=\"og:type\" content=\"article\" \/>\n<meta property=\"og:title\" content=\"Plinthe murale en pvc blanche 2 m\u00e8tres Charles VI | MOM DESIGN\" \/>\n<meta property=\"og:description\" content=\"Optez pour notre plinthe murale en PVC blanche de 2 m, hauteur 10 cm, id\u00e9ale pour un int\u00e9rieur moderne et \u00e9l\u00e9gant. Disponible \u00e0 petit prix et uniquement sur notre site MOM DESIGN, avec livraison et retours gratuits.\" \/>\n<meta property=\"og:url\" content=\"https:\/\/mom-design.com\/de\/produit\/plinthes-3\/\" \/>\n<meta property=\"og:site_name\" content=\"MOM DESIGN\" \/>\n<meta property=\"article:modified_time\" content=\"2026-01-13T19:59:42+00:00\" \/>\n<meta property=\"og:image\" content=\"https:\/\/mom-design.com\/wp-content\/uploads\/2024\/07\/plinthe-pvc-mom-design.jpeg\" \/>\n\t<meta property=\"og:image:width\" content=\"718\" \/>\n\t<meta property=\"og:image:height\" content=\"538\" \/>\n\t<meta property=\"og:image:type\" content=\"image\/jpeg\" \/>\n<meta name=\"twitter:card\" content=\"summary_large_image\" \/>\n<meta name=\"twitter:label1\" content=\"Gesch\u00e4tzte Lesezeit\" \/>\n\t<meta name=\"twitter:data1\" content=\"2\u00a0Minuten\" \/>\n<script type=\"application\/ld+json\" class=\"yoast-schema-graph\">{\"@context\":\"https:\/\/schema.org\",\"@graph\":[{\"@type\":\"WebPage\",\"@id\":\"https:\/\/mom-design.com\/de\/produit\/plinthes-3\/\",\"url\":\"https:\/\/mom-design.com\/de\/produit\/plinthes-3\/\",\"name\":\"Plinthe murale en pvc blanche 2 m\u00e8tres Charles VI | MOM DESIGN\",\"isPartOf\":{\"@id\":\"https:\/\/mom-design.com\/de\/#website\"},\"primaryImageOfPage\":{\"@id\":\"https:\/\/mom-design.com\/de\/produit\/plinthes-3\/#primaryimage\"},\"image\":{\"@id\":\"https:\/\/mom-design.com\/de\/produit\/plinthes-3\/#primaryimage\"},\"thumbnailUrl\":\"https:\/\/mom-design.com\/wp-content\/uploads\/2024\/07\/plinthe-pvc-mom-design.jpeg\",\"datePublished\":\"2024-07-23T19:19:41+00:00\",\"dateModified\":\"2026-01-13T19:59:42+00:00\",\"description\":\"Optez pour notre plinthe murale en PVC blanche de 2 m, hauteur 10 cm, id\u00e9ale pour un int\u00e9rieur moderne et \u00e9l\u00e9gant. Disponible \u00e0 petit prix et uniquement sur notre site MOM DESIGN, avec livraison et retours gratuits.\",\"breadcrumb\":{\"@id\":\"https:\/\/mom-design.com\/de\/produit\/plinthes-3\/#breadcrumb\"},\"inLanguage\":\"de\",\"potentialAction\":[{\"@type\":\"ReadAction\",\"target\":[\"https:\/\/mom-design.com\/de\/produit\/plinthes-3\/\"]}]},{\"@type\":\"ImageObject\",\"inLanguage\":\"de\",\"@id\":\"https:\/\/mom-design.com\/de\/produit\/plinthes-3\/#primaryimage\",\"url\":\"https:\/\/mom-design.com\/wp-content\/uploads\/2024\/07\/plinthe-pvc-mom-design.jpeg\",\"contentUrl\":\"https:\/\/mom-design.com\/wp-content\/uploads\/2024\/07\/plinthe-pvc-mom-design.jpeg\",\"width\":718,\"height\":538,\"caption\":\"plinthe pvc mom design blanche\"},{\"@type\":\"BreadcrumbList\",\"@id\":\"https:\/\/mom-design.com\/de\/produit\/plinthes-3\/#breadcrumb\",\"itemListElement\":[{\"@type\":\"ListItem\",\"position\":1,\"name\":\"D\u00e9coration murale d\u2019int\u00e9rieur\",\"item\":\"https:\/\/mom-design.com\/de\/\"},{\"@type\":\"ListItem\",\"position\":2,\"name\":\"Plinthe murale en pvc blanche 2 m\u00e8tres Charles VI\"}]},{\"@type\":\"WebSite\",\"@id\":\"https:\/\/mom-design.com\/de\/#website\",\"url\":\"https:\/\/mom-design.com\/de\/\",\"name\":\"MOM DESIGN\",\"description\":\"Sp\u00e9cialiste du design mural d&#039;int\u00e9rieur\",\"potentialAction\":[{\"@type\":\"SearchAction\",\"target\":{\"@type\":\"EntryPoint\",\"urlTemplate\":\"https:\/\/mom-design.com\/de\/?s={search_term_string}\"},\"query-input\":{\"@type\":\"PropertyValueSpecification\",\"valueRequired\":true,\"valueName\":\"search_term_string\"}}],\"inLanguage\":\"de\"}]}<\/script>\n<!-- \/ Yoast SEO plugin. -->","yoast_head_json":{"title":"Plinthe murale en pvc blanche 2 m\u00e8tres Charles VI | MOM DESIGN","description":"Optez pour notre plinthe murale en PVC blanche de 2 m, hauteur 10 cm, id\u00e9ale pour un int\u00e9rieur moderne et \u00e9l\u00e9gant. Disponible \u00e0 petit prix et uniquement sur notre site MOM DESIGN, avec livraison et retours gratuits.","robots":{"index":"index","follow":"follow","max-snippet":"max-snippet:-1","max-image-preview":"max-image-preview:large","max-video-preview":"max-video-preview:-1"},"canonical":"https:\/\/mom-design.com\/de\/produit\/plinthes-3\/","og_locale":"de_DE","og_type":"article","og_title":"Plinthe murale en pvc blanche 2 m\u00e8tres Charles VI | MOM DESIGN","og_description":"Optez pour notre plinthe murale en PVC blanche de 2 m, hauteur 10 cm, id\u00e9ale pour un int\u00e9rieur moderne et \u00e9l\u00e9gant. Disponible \u00e0 petit prix et uniquement sur notre site MOM DESIGN, avec livraison et retours gratuits.","og_url":"https:\/\/mom-design.com\/de\/produit\/plinthes-3\/","og_site_name":"MOM DESIGN","article_modified_time":"2026-01-13T19:59:42+00:00","og_image":[{"width":718,"height":538,"url":"https:\/\/mom-design.com\/wp-content\/uploads\/2024\/07\/plinthe-pvc-mom-design.jpeg","type":"image\/jpeg"}],"twitter_card":"summary_large_image","twitter_misc":{"Gesch\u00e4tzte Lesezeit":"2\u00a0Minuten"},"schema":{"@context":"https:\/\/schema.org","@graph":[{"@type":"WebPage","@id":"https:\/\/mom-design.com\/de\/produit\/plinthes-3\/","url":"https:\/\/mom-design.com\/de\/produit\/plinthes-3\/","name":"Plinthe murale en pvc blanche 2 m\u00e8tres Charles VI | MOM DESIGN","isPartOf":{"@id":"https:\/\/mom-design.com\/de\/#website"},"primaryImageOfPage":{"@id":"https:\/\/mom-design.com\/de\/produit\/plinthes-3\/#primaryimage"},"image":{"@id":"https:\/\/mom-design.com\/de\/produit\/plinthes-3\/#primaryimage"},"thumbnailUrl":"https:\/\/mom-design.com\/wp-content\/uploads\/2024\/07\/plinthe-pvc-mom-design.jpeg","datePublished":"2024-07-23T19:19:41+00:00","dateModified":"2026-01-13T19:59:42+00:00","description":"Optez pour notre plinthe murale en PVC blanche de 2 m, hauteur 10 cm, id\u00e9ale pour un int\u00e9rieur moderne et \u00e9l\u00e9gant. Disponible \u00e0 petit prix et uniquement sur notre site MOM DESIGN, avec livraison et retours gratuits.","breadcrumb":{"@id":"https:\/\/mom-design.com\/de\/produit\/plinthes-3\/#breadcrumb"},"inLanguage":"de","potentialAction":[{"@type":"ReadAction","target":["https:\/\/mom-design.com\/de\/produit\/plinthes-3\/"]}]},{"@type":"ImageObject","inLanguage":"de","@id":"https:\/\/mom-design.com\/de\/produit\/plinthes-3\/#primaryimage","url":"https:\/\/mom-design.com\/wp-content\/uploads\/2024\/07\/plinthe-pvc-mom-design.jpeg","contentUrl":"https:\/\/mom-design.com\/wp-content\/uploads\/2024\/07\/plinthe-pvc-mom-design.jpeg","width":718,"height":538,"caption":"plinthe pvc mom design blanche"},{"@type":"BreadcrumbList","@id":"https:\/\/mom-design.com\/de\/produit\/plinthes-3\/#breadcrumb","itemListElement":[{"@type":"ListItem","position":1,"name":"D\u00e9coration murale d\u2019int\u00e9rieur","item":"https:\/\/mom-design.com\/de\/"},{"@type":"ListItem","position":2,"name":"Plinthe murale en pvc blanche 2 m\u00e8tres Charles VI"}]},{"@type":"WebSite","@id":"https:\/\/mom-design.com\/de\/#website","url":"https:\/\/mom-design.com\/de\/","name":"DESIGN MOM","description":"Sp\u00e9cialiste du design mural d'int\u00e9rieur","potentialAction":[{"@type":"SearchAction","target":{"@type":"EntryPoint","urlTemplate":"https:\/\/mom-design.com\/de\/?s={search_term_string}"},"query-input":{"@type":"PropertyValueSpecification","valueRequired":true,"valueName":"search_term_string"}}],"inLanguage":"de"}]}},"_links":{"self":[{"href":"https:\/\/mom-design.com\/de\/wp-json\/wp\/v2\/product\/6705","targetHints":{"allow":["GET"]}}],"collection":[{"href":"https:\/\/mom-design.com\/de\/wp-json\/wp\/v2\/product"}],"about":[{"href":"https:\/\/mom-design.com\/de\/wp-json\/wp\/v2\/types\/product"}],"replies":[{"embeddable":true,"href":"https:\/\/mom-design.com\/de\/wp-json\/wp\/v2\/comments?post=6705"}],"wp:featuredmedia":[{"embeddable":true,"href":"https:\/\/mom-design.com\/de\/wp-json\/wp\/v2\/media\/7257"}],"wp:attachment":[{"href":"https:\/\/mom-design.com\/de\/wp-json\/wp\/v2\/media?parent=6705"}],"wp:term":[{"taxonomy":"product_brand","embeddable":true,"href":"https:\/\/mom-design.com\/de\/wp-json\/wp\/v2\/product_brand?post=6705"},{"taxonomy":"product_cat","embeddable":true,"href":"https:\/\/mom-design.com\/de\/wp-json\/wp\/v2\/product_cat?post=6705"},{"taxonomy":"product_tag","embeddable":true,"href":"https:\/\/mom-design.com\/de\/wp-json\/wp\/v2\/product_tag?post=6705"}],"curies":[{"name":"wp","href":"https:\/\/api.w.org\/{rel}","templated":true}]}}