{"id":6709,"date":"2024-07-23T21:21:26","date_gmt":"2024-07-23T19:21:26","guid":{"rendered":"https:\/\/mom-design.com\/?post_type=product&#038;p=6709"},"modified":"2025-10-25T20:51:55","modified_gmt":"2025-10-25T18:51:55","slug":"plinthe-murale-en-pvc-blanche-2-m-6","status":"publish","type":"product","link":"https:\/\/mom-design.com\/de\/produit\/plinthes-7\/","title":{"rendered":"Wei\u00dfer PVC-Wandsockel 2 Meter Charles II"},"content":{"rendered":"<h4>\u00a0 \u00a0 \u00a0 \u00a0 \u00a0 \u00a0 \u00a0 \u00a0 \u00a0 \u00a0 <span style=\"text-decoration: underline;\">Eigenschaften :<\/span><\/h4>\n<p>&#8211; <span style=\"text-decoration: underline;\">Farbe<\/span> : wei\u00df<br \/>\n&#8211; <span style=\"text-decoration: underline;\">H\u00f6he<\/span> : 10 cm<br \/>\n&#8211; <span style=\"text-decoration: underline;\">L\u00e4nge<\/span> : 2 meter<br \/>\n&#8211; <span style=\"text-decoration: underline;\">Material<\/span> : PVC,<strong> einfach zu stylen<\/strong><\/p>\n<ul>\n<li>Bande Led non incluse<\/li>\n<\/ul>\n<h4>\u00a0 \u00a0 \u00a0 \u00a0 \u00a0 \u00a0 \u00a0 \u00a0 \u00a0 \u00a0<span style=\"text-decoration: underline;\">Ein elegantes finish f\u00fcr jedes interieur<\/span><\/h4>\n<p><strong>Die <a href=\"https:\/\/mom-design.com\/de\/plinthes\/\">Sockel wand PVC wei\u00df-2 meter<\/a><\/strong> ist <strong>Perfekte wahl f\u00fcr diejenigen, die hinzuf\u00fcgen einen hauch von raffinesse in ihr interieur<\/strong>. Entworfen, um zu passen<strong> alle arten von dekoration<\/strong>dieser sockel bietet eine sorgf\u00e4ltige verarbeitung und moderne. Sie sorgt f\u00fcr <strong>unit<a href=\"https:\/\/mom-design.com\/de\/produkt\/plinthes-2\/\"> harmonischen \u00fcbergang zwischen der sonne und der wand<\/a><\/strong>versteckt effektiv die kabel und unvollkommenheiten.<\/p>\n<h4>\u00a0 \u00a0 \u00a0 \u00a0 \u00a0 \u00a0 \u00a0 \u00a0 \u00a0 \u00a0<span style=\"text-decoration: underline;\">Einfache installation und anpassung<\/span><\/h4>\n<p><strong>Bei DESIGN MOM<\/strong>wir wissen, wie wichtig eine einfache installation. Deshalb ist dieser sockel aus PVC ist einfach zu installieren. Mehr<strong> seine oberfl\u00e4che kann gemalt werden<\/strong>k\u00f6nnen sie ihre sockelleisten nach der farbe ihrer wahl. Egal, ob ihr lieber die neutralen oder k\u00fchnen, die flexibilit\u00e4t, das fundament, das ihren bed\u00fcrfnissen gerecht wird.<\/p>\n<h4>\u00a0 \u00a0 \u00a0 \u00a0 \u00a0 \u00a0 \u00a0 \u00a0 \u00a0 \u00a0<span style=\"text-decoration: underline;\">Nachhaltigkeit und unterhaltung minimal<\/span><\/h4>\n<p>Die nachhaltigkeit ist eine besonderheit sind unsere basis an der wand. Feuchtigkeit-best\u00e4ndig und sto\u00dffest, es ist garantiert eine lange lebensdauer ohne h\u00e4ufige wartung. Im gegensatz zu holzleisten, die im PVC-keine angst vor feuchtigkeit, so dass sie perfekt f\u00fcr alle die teile, und bieten die b\u00e4der und die k\u00fcchen.<\/p>\n<h4>\u00a0 \u00a0 \u00a0 \u00a0 \u00a0 \u00a0 \u00a0 \u00a0 \u00a0 \u00a0<span style=\"text-decoration: underline;\">Warum MOM DESIGN ?<\/span><\/h4>\n<p><strong>Bei DESIGN MOM<\/strong>wir verpflichten uns , neu zu liefern qualitativ hochwertige produkte zu wettbewerbsf\u00e4higen preisen. Unsere sockelleisten wandbild ist nicht nur eine praktische wahl, sondern auch wirtschaftlich.<br \/>\nExklusiv auf unserer webseite, wird es mit einem speziellen angebot <strong>mit lieferung und kostenlose r\u00fccksendung<\/strong>. Verpassen sie nicht die gelegenheit, geben sie ihrem raum eine perfekte verarbeitung und elegant.<\/p>\n<p><strong>Eine perfekte l\u00f6sung f\u00fcr die modernisierung von ihrem zuhause und profitieren sie gleichzeitig ein hervorragendes preis-leistungs-verh\u00e4ltnis. Verwandeln sie ihre r\u00e4ume mit makellosen oberfl\u00e4chen und vertrauen sie auf MOM-DESIGN, um sie zu beantworten.<a href=\"https:\/\/mom-design.com\/de\/produkt\/plinthes-6\/\"> alle deine k\u00fcsse in-deco<\/a><\/strong>.<\/p>","protected":false},"excerpt":{"rendered":"<p><strong>Das fundament, wand, wei\u00dfen PVC ma\u00dfe: 2 meter<\/strong> l\u00e4nge und 8 cm in der h\u00f6he. <a href=\"https:\/\/mom-design.com\/de\/produkt\/plinthes-4\/\"><strong>Einfach zu bedienen<\/strong><\/a>sie<strong> stellen sie eine k\u00fcndigung benutzerdefinierte leben<\/strong>. Ideal f\u00fcr renovierungen, moderne, es ist entworfen, um eine schnelle installation und langlebig. <strong>Erh\u00e4ltlich bei MOM DESIGN f\u00fcr einen kleinen aufpreis<\/strong>.<\/p>","protected":false},"featured_media":7251,"comment_status":"open","ping_status":"closed","template":"","meta":{"_acf_changed":false},"product_brand":[],"product_cat":[53],"product_tag":[],"class_list":{"0":"post-6709","1":"product","2":"type-product","3":"status-publish","4":"has-post-thumbnail","6":"product_cat-plinthes","7":"product_shipping_class-livraison-gls","9":"first","10":"instock","11":"taxable","12":"shipping-taxable","13":"purchasable","14":"product-type-simple","15":"add-to-wishlist-after_add_to_cart"},"acf":[],"yoast_head":"<!-- This site is optimized with the Yoast SEO plugin v27.0 - https:\/\/yoast.com\/product\/yoast-seo-wordpress\/ -->\n<title>Plinthe murale en pvc blanche 2 m\u00e8tres Charles II | MOM DESIGN<\/title>\n<meta name=\"description\" content=\"D\u00e9couvrez notre plinthe murale en PVC blanche de 2 m, id\u00e9ale pour une finition \u00e9l\u00e9gante. Facile \u00e0 installer et personnalisable. Profitez de notre offre avec livraison et retours gratuits. Disponible \u00e0 petit prix et uniquement sur notre site MOM DESIGN, ne manquez pas l&#039;occasion de rendre votre int\u00e9rieur parfait.\" \/>\n<meta name=\"robots\" content=\"index, follow, max-snippet:-1, max-image-preview:large, max-video-preview:-1\" \/>\n<link rel=\"canonical\" href=\"https:\/\/mom-design.com\/de\/produit\/plinthes-7\/\" \/>\n<meta property=\"og:locale\" content=\"de_DE\" \/>\n<meta property=\"og:type\" content=\"article\" \/>\n<meta property=\"og:title\" content=\"Plinthe murale en pvc blanche 2 m\u00e8tres Charles II | MOM DESIGN\" \/>\n<meta property=\"og:description\" content=\"D\u00e9couvrez notre plinthe murale en PVC blanche de 2 m, id\u00e9ale pour une finition \u00e9l\u00e9gante. Facile \u00e0 installer et personnalisable. Profitez de notre offre avec livraison et retours gratuits. Disponible \u00e0 petit prix et uniquement sur notre site MOM DESIGN, ne manquez pas l&#039;occasion de rendre votre int\u00e9rieur parfait.\" \/>\n<meta property=\"og:url\" content=\"https:\/\/mom-design.com\/de\/produit\/plinthes-7\/\" \/>\n<meta property=\"og:site_name\" content=\"MOM DESIGN\" \/>\n<meta property=\"article:modified_time\" content=\"2025-10-25T18:51:55+00:00\" \/>\n<meta property=\"og:image\" content=\"https:\/\/mom-design.com\/wp-content\/uploads\/2024\/07\/plinthe-led-pvc-mom-design.jpeg\" \/>\n\t<meta property=\"og:image:width\" content=\"718\" \/>\n\t<meta property=\"og:image:height\" content=\"538\" \/>\n\t<meta property=\"og:image:type\" content=\"image\/jpeg\" \/>\n<meta name=\"twitter:card\" content=\"summary_large_image\" \/>\n<meta name=\"twitter:label1\" content=\"Gesch\u00e4tzte Lesezeit\" \/>\n\t<meta name=\"twitter:data1\" content=\"2\u00a0Minuten\" \/>\n<script type=\"application\/ld+json\" class=\"yoast-schema-graph\">{\"@context\":\"https:\/\/schema.org\",\"@graph\":[{\"@type\":\"WebPage\",\"@id\":\"https:\/\/mom-design.com\/de\/produit\/plinthes-7\/\",\"url\":\"https:\/\/mom-design.com\/de\/produit\/plinthes-7\/\",\"name\":\"Plinthe murale en pvc blanche 2 m\u00e8tres Charles II | MOM DESIGN\",\"isPartOf\":{\"@id\":\"https:\/\/mom-design.com\/de\/#website\"},\"primaryImageOfPage\":{\"@id\":\"https:\/\/mom-design.com\/de\/produit\/plinthes-7\/#primaryimage\"},\"image\":{\"@id\":\"https:\/\/mom-design.com\/de\/produit\/plinthes-7\/#primaryimage\"},\"thumbnailUrl\":\"https:\/\/mom-design.com\/wp-content\/uploads\/2024\/07\/plinthe-led-pvc-mom-design.jpeg\",\"datePublished\":\"2024-07-23T19:21:26+00:00\",\"dateModified\":\"2025-10-25T18:51:55+00:00\",\"description\":\"D\u00e9couvrez notre plinthe murale en PVC blanche de 2 m, id\u00e9ale pour une finition \u00e9l\u00e9gante. Facile \u00e0 installer et personnalisable. Profitez de notre offre avec livraison et retours gratuits. Disponible \u00e0 petit prix et uniquement sur notre site MOM DESIGN, ne manquez pas l'occasion de rendre votre int\u00e9rieur parfait.\",\"breadcrumb\":{\"@id\":\"https:\/\/mom-design.com\/de\/produit\/plinthes-7\/#breadcrumb\"},\"inLanguage\":\"de\",\"potentialAction\":[{\"@type\":\"ReadAction\",\"target\":[\"https:\/\/mom-design.com\/de\/produit\/plinthes-7\/\"]}]},{\"@type\":\"ImageObject\",\"inLanguage\":\"de\",\"@id\":\"https:\/\/mom-design.com\/de\/produit\/plinthes-7\/#primaryimage\",\"url\":\"https:\/\/mom-design.com\/wp-content\/uploads\/2024\/07\/plinthe-led-pvc-mom-design.jpeg\",\"contentUrl\":\"https:\/\/mom-design.com\/wp-content\/uploads\/2024\/07\/plinthe-led-pvc-mom-design.jpeg\",\"width\":718,\"height\":538,\"caption\":\"plinthe led pvc mom design blanche\"},{\"@type\":\"BreadcrumbList\",\"@id\":\"https:\/\/mom-design.com\/de\/produit\/plinthes-7\/#breadcrumb\",\"itemListElement\":[{\"@type\":\"ListItem\",\"position\":1,\"name\":\"D\u00e9coration murale d\u2019int\u00e9rieur\",\"item\":\"https:\/\/mom-design.com\/de\/\"},{\"@type\":\"ListItem\",\"position\":2,\"name\":\"Plinthe murale en pvc blanche 2 m\u00e8tres Charles II\"}]},{\"@type\":\"WebSite\",\"@id\":\"https:\/\/mom-design.com\/de\/#website\",\"url\":\"https:\/\/mom-design.com\/de\/\",\"name\":\"MOM DESIGN\",\"description\":\"Sp\u00e9cialiste du design mural d&#039;int\u00e9rieur\",\"potentialAction\":[{\"@type\":\"SearchAction\",\"target\":{\"@type\":\"EntryPoint\",\"urlTemplate\":\"https:\/\/mom-design.com\/de\/?s={search_term_string}\"},\"query-input\":{\"@type\":\"PropertyValueSpecification\",\"valueRequired\":true,\"valueName\":\"search_term_string\"}}],\"inLanguage\":\"de\"}]}<\/script>\n<!-- \/ Yoast SEO plugin. -->","yoast_head_json":{"title":"Plinthe murale en pvc blanche 2 m\u00e8tres Charles II | MOM DESIGN","description":"D\u00e9couvrez notre plinthe murale en PVC blanche de 2 m, id\u00e9ale pour une finition \u00e9l\u00e9gante. Facile \u00e0 installer et personnalisable. Profitez de notre offre avec livraison et retours gratuits. Disponible \u00e0 petit prix et uniquement sur notre site MOM DESIGN, ne manquez pas l'occasion de rendre votre int\u00e9rieur parfait.","robots":{"index":"index","follow":"follow","max-snippet":"max-snippet:-1","max-image-preview":"max-image-preview:large","max-video-preview":"max-video-preview:-1"},"canonical":"https:\/\/mom-design.com\/de\/produit\/plinthes-7\/","og_locale":"de_DE","og_type":"article","og_title":"Plinthe murale en pvc blanche 2 m\u00e8tres Charles II | MOM DESIGN","og_description":"D\u00e9couvrez notre plinthe murale en PVC blanche de 2 m, id\u00e9ale pour une finition \u00e9l\u00e9gante. Facile \u00e0 installer et personnalisable. Profitez de notre offre avec livraison et retours gratuits. Disponible \u00e0 petit prix et uniquement sur notre site MOM DESIGN, ne manquez pas l'occasion de rendre votre int\u00e9rieur parfait.","og_url":"https:\/\/mom-design.com\/de\/produit\/plinthes-7\/","og_site_name":"MOM DESIGN","article_modified_time":"2025-10-25T18:51:55+00:00","og_image":[{"width":718,"height":538,"url":"https:\/\/mom-design.com\/wp-content\/uploads\/2024\/07\/plinthe-led-pvc-mom-design.jpeg","type":"image\/jpeg"}],"twitter_card":"summary_large_image","twitter_misc":{"Gesch\u00e4tzte Lesezeit":"2\u00a0Minuten"},"schema":{"@context":"https:\/\/schema.org","@graph":[{"@type":"WebPage","@id":"https:\/\/mom-design.com\/de\/produit\/plinthes-7\/","url":"https:\/\/mom-design.com\/de\/produit\/plinthes-7\/","name":"Plinthe murale en pvc blanche 2 m\u00e8tres Charles II | MOM DESIGN","isPartOf":{"@id":"https:\/\/mom-design.com\/de\/#website"},"primaryImageOfPage":{"@id":"https:\/\/mom-design.com\/de\/produit\/plinthes-7\/#primaryimage"},"image":{"@id":"https:\/\/mom-design.com\/de\/produit\/plinthes-7\/#primaryimage"},"thumbnailUrl":"https:\/\/mom-design.com\/wp-content\/uploads\/2024\/07\/plinthe-led-pvc-mom-design.jpeg","datePublished":"2024-07-23T19:21:26+00:00","dateModified":"2025-10-25T18:51:55+00:00","description":"D\u00e9couvrez notre plinthe murale en PVC blanche de 2 m, id\u00e9ale pour une finition \u00e9l\u00e9gante. Facile \u00e0 installer et personnalisable. Profitez de notre offre avec livraison et retours gratuits. Disponible \u00e0 petit prix et uniquement sur notre site MOM DESIGN, ne manquez pas l'occasion de rendre votre int\u00e9rieur parfait.","breadcrumb":{"@id":"https:\/\/mom-design.com\/de\/produit\/plinthes-7\/#breadcrumb"},"inLanguage":"de","potentialAction":[{"@type":"ReadAction","target":["https:\/\/mom-design.com\/de\/produit\/plinthes-7\/"]}]},{"@type":"ImageObject","inLanguage":"de","@id":"https:\/\/mom-design.com\/de\/produit\/plinthes-7\/#primaryimage","url":"https:\/\/mom-design.com\/wp-content\/uploads\/2024\/07\/plinthe-led-pvc-mom-design.jpeg","contentUrl":"https:\/\/mom-design.com\/wp-content\/uploads\/2024\/07\/plinthe-led-pvc-mom-design.jpeg","width":718,"height":538,"caption":"plinthe led pvc mom design blanche"},{"@type":"BreadcrumbList","@id":"https:\/\/mom-design.com\/de\/produit\/plinthes-7\/#breadcrumb","itemListElement":[{"@type":"ListItem","position":1,"name":"D\u00e9coration murale d\u2019int\u00e9rieur","item":"https:\/\/mom-design.com\/de\/"},{"@type":"ListItem","position":2,"name":"Plinthe murale en pvc blanche 2 m\u00e8tres Charles II"}]},{"@type":"WebSite","@id":"https:\/\/mom-design.com\/de\/#website","url":"https:\/\/mom-design.com\/de\/","name":"DESIGN MOM","description":"Sp\u00e9cialiste du design mural d'int\u00e9rieur","potentialAction":[{"@type":"SearchAction","target":{"@type":"EntryPoint","urlTemplate":"https:\/\/mom-design.com\/de\/?s={search_term_string}"},"query-input":{"@type":"PropertyValueSpecification","valueRequired":true,"valueName":"search_term_string"}}],"inLanguage":"de"}]}},"_links":{"self":[{"href":"https:\/\/mom-design.com\/de\/wp-json\/wp\/v2\/product\/6709","targetHints":{"allow":["GET"]}}],"collection":[{"href":"https:\/\/mom-design.com\/de\/wp-json\/wp\/v2\/product"}],"about":[{"href":"https:\/\/mom-design.com\/de\/wp-json\/wp\/v2\/types\/product"}],"replies":[{"embeddable":true,"href":"https:\/\/mom-design.com\/de\/wp-json\/wp\/v2\/comments?post=6709"}],"wp:featuredmedia":[{"embeddable":true,"href":"https:\/\/mom-design.com\/de\/wp-json\/wp\/v2\/media\/7251"}],"wp:attachment":[{"href":"https:\/\/mom-design.com\/de\/wp-json\/wp\/v2\/media?parent=6709"}],"wp:term":[{"taxonomy":"product_brand","embeddable":true,"href":"https:\/\/mom-design.com\/de\/wp-json\/wp\/v2\/product_brand?post=6709"},{"taxonomy":"product_cat","embeddable":true,"href":"https:\/\/mom-design.com\/de\/wp-json\/wp\/v2\/product_cat?post=6709"},{"taxonomy":"product_tag","embeddable":true,"href":"https:\/\/mom-design.com\/de\/wp-json\/wp\/v2\/product_tag?post=6709"}],"curies":[{"name":"wp","href":"https:\/\/api.w.org\/{rel}","templated":true}]}}