{"id":6710,"date":"2024-07-23T21:21:47","date_gmt":"2024-07-23T19:21:47","guid":{"rendered":"https:\/\/mom-design.com\/?post_type=product&#038;p=6710"},"modified":"2025-10-25T20:28:52","modified_gmt":"2025-10-25T18:28:52","slug":"plinthe-murale-en-pvc-blanche-2-m-7","status":"publish","type":"product","link":"https:\/\/mom-design.com\/de\/produit\/plinthes-8\/","title":{"rendered":"Wei\u00dfe PVC-Wandsockelleiste 2 Meter Charles I"},"content":{"rendered":"<h4>\u00a0 \u00a0 \u00a0 \u00a0 \u00a0 \u00a0 \u00a0 \u00a0 <span style=\"text-decoration: underline;\">Eigenschaften :<\/span><\/h4>\n<p>&#8211; <span style=\"text-decoration: underline;\">Farbe<\/span> : wei\u00df<br \/>\n&#8211; <span style=\"text-decoration: underline;\">H\u00f6he<\/span> : 9 cm<br \/>\n&#8211; <span style=\"text-decoration: underline;\">L\u00e4nge<\/span> : 2 meter<br \/>\n&#8211; <span style=\"text-decoration: underline;\">Material<\/span> : PVC<br \/>\n&#8211; <span style=\"text-decoration: underline;\">Anpassbare<\/span> : vielleicht gemalt<br \/>\n&#8211; <span style=\"text-decoration: underline;\">Installation<\/span> : einfach und schnell<\/p>\n<h4>\u00a0 \u00a0 \u00a0 \u00a0 \u00a0 \u00a0 \u00a0 \u00a0 <span style=\"text-decoration: underline;\">Perfektes Finish mit der wei\u00dfen PVC-Wandleiste<\/span><\/h4>\n<p>So verleihen Sie Ihrem Zuhause <a href=\"https:\/\/mom-design.com\/de\/produkt\/plinthes-12\/\"><strong>ein Hauch von Perfektion<\/strong><\/a>Wenn Sie eine Wandleiste ben\u00f6tigen, entscheiden Sie sich f\u00fcr unsere 2 Meter lange wei\u00dfe PVC-Wandleiste. Diese Sockelleiste vereint n\u00e4mlich die <strong>einfache Installation<\/strong> und <strong>moderne \u00c4sthetik<\/strong>So k\u00f6nnen Sie Ihren R\u00e4umen ein gepflegtes Aussehen verleihen. Dank ihrer H\u00f6he von 8 cm sorgt sie f\u00fcr diskrete Eleganz und sch\u00fctzt Ihre W\u00e4nde gleichzeitig vor m\u00f6glichen St\u00f6\u00dfen und Verschmutzungen. Dieses vielseitige Produkt passt zu <strong>alle arten von dekoren<\/strong>von klassisch bis zeitgen\u00f6ssisch.<\/p>\n<h4>\u00a0 \u00a0 \u00a0 \u00a0 \u00a0 \u00a0 \u00a0 \u00a0<span style=\"text-decoration: underline;\">Eine nachhaltige und anpassbare L\u00f6sung<\/span><\/h4>\n<p><strong>Hergestellt aus PVC, ist diese Sockelleiste <a href=\"https:\/\/mom-design.com\/de\/produkt\/cimaises-2\/\">Wand<\/a> zeichnet sich durch seine St\u00e4rke und Haltbarkeit aus.<\/strong> Sie ist nicht nur kratz- und sto\u00dffest, sondern auch <a href=\"https:\/\/mom-design.com\/de\/produkt\/revetement-mural-12\/\"><strong>leicht zu reinigen<\/strong><\/a>Das macht sie zu einer idealen Wahl f\u00fcr aktive Haushalte. Dar\u00fcber hinaus <strong>kann nach Belieben bemalt werden,<\/strong> bietet Ihnen die M\u00f6glichkeit, Ihr Zuhause ganz nach Ihrem Geschmack zu gestalten. So k\u00f6nnen Sie es leicht mit den Farben Ihrer W\u00e4nde oder M\u00f6bel abstimmen und so einen zusammenh\u00e4ngenden und angenehmen Raum schaffen.<\/p>\n<h4>\u00a0 \u00a0 \u00a0 \u00a0 \u00a0 \u00a0 \u00a0 \u00a0<span style=\"text-decoration: underline;\">Einfache Installation f\u00fcr ein professionelles Ergebnis<\/span><\/h4>\n<p>Die Installation dieser Wandleiste ist <strong>f\u00fcr jeden erreichbar<\/strong>. Sie m\u00fcssen sie nur anbringen und im Handumdrehen haben Ihre W\u00e4nde ein makelloses Finish und Ihre R\u00e4ume werden verwandelt.<br \/>\nMit einem Minimum an Aufwand erzielen Sie ein professionelles Ergebnis, das Ihre G\u00e4ste beeindrucken wird.<\/p>\n<h4>\u00a0 \u00a0 \u00a0 \u00a0 \u00a0 \u00a0 \u00a0 \u00a0<span style=\"text-decoration: underline;\">Warum sollten Sie MOM DESIGN f\u00fcr Ihre Sockelleisten w\u00e4hlen?<\/span><\/h4>\n<p><strong>Bei DESIGN MOM<\/strong>Wir haben es uns zur Aufgabe gemacht, qualitativ hochwertige Produkte zu liefern, die Ihre Bed\u00fcrfnisse erf\u00fcllen und Ihre Erwartungen \u00fcbertreffen. Unsere PVC-Wandleisten sind da keine Ausnahme. <strong>Wenn Sie sich f\u00fcr unseren Shop entscheiden, erhalten Sie nicht nur ein elegantes und langlebiges Produkt, sondern auch einen vorbildlichen Kundenservice mit kostenloser Lieferung und R\u00fccksendung.<\/strong> Wir wissen, wie wichtig jedes Detail bei der Schaffung eines harmonischen Innenraums ist. Deshalb bieten wir eine Reihe sorgf\u00e4ltig ausgew\u00e4hlter Produkte an, die Ihre Einrichtung vervollst\u00e4ndigen.<\/p>","protected":false},"excerpt":{"rendered":"<p><strong>Diese <a href=\"https:\/\/mom-design.com\/de\/produkt\/plinthes-6\/\">Wandleiste aus wei\u00dfem PVC<\/a><\/strong>e mit einer L\u00e4nge von 2 Metern und einer H\u00f6he von 8 cm ist die ideale L\u00f6sung f\u00fcr einen eleganten Abschluss Ihrer Innenr\u00e4ume. Sie besteht aus langlebigem PVC und kann lackiert werden, um sie an Ihre Einrichtung anzupassen.<\/p>","protected":false},"featured_media":7290,"comment_status":"open","ping_status":"closed","template":"","meta":{"_acf_changed":false},"product_brand":[],"product_cat":[53],"product_tag":[],"class_list":{"0":"post-6710","1":"product","2":"type-product","3":"status-publish","4":"has-post-thumbnail","6":"product_cat-plinthes","7":"product_shipping_class-livraison-gls","9":"first","10":"instock","11":"taxable","12":"shipping-taxable","13":"purchasable","14":"product-type-simple","15":"add-to-wishlist-after_add_to_cart"},"acf":[],"yoast_head":"<!-- This site is optimized with the Yoast SEO plugin v27.0 - https:\/\/yoast.com\/product\/yoast-seo-wordpress\/ -->\n<title>Plinthe murale en pvc blanche 2 m\u00e8tres Charles I | MOM DESIGN<\/title>\n<meta name=\"description\" content=\"D\u00e9couvrez la plinthe murale en PVC blanche de 2 m, parfaite pour une finition moderne et \u00e9l\u00e9gante. Facile \u00e0 installer et personnalisable, avec livraison et retours gratuits. Disponible \u00e0 petit prix chez MOM DESIGN.\" \/>\n<meta name=\"robots\" content=\"index, follow, max-snippet:-1, max-image-preview:large, max-video-preview:-1\" \/>\n<link rel=\"canonical\" href=\"https:\/\/mom-design.com\/de\/produit\/plinthes-8\/\" \/>\n<meta property=\"og:locale\" content=\"de_DE\" \/>\n<meta property=\"og:type\" content=\"article\" \/>\n<meta property=\"og:title\" content=\"Plinthe murale en pvc blanche 2 m\u00e8tres Charles I | MOM DESIGN\" \/>\n<meta property=\"og:description\" content=\"D\u00e9couvrez la plinthe murale en PVC blanche de 2 m, parfaite pour une finition moderne et \u00e9l\u00e9gante. Facile \u00e0 installer et personnalisable, avec livraison et retours gratuits. Disponible \u00e0 petit prix chez MOM DESIGN.\" \/>\n<meta property=\"og:url\" content=\"https:\/\/mom-design.com\/de\/produit\/plinthes-8\/\" \/>\n<meta property=\"og:site_name\" content=\"MOM DESIGN\" \/>\n<meta property=\"article:modified_time\" content=\"2025-10-25T18:28:52+00:00\" \/>\n<meta property=\"og:image\" content=\"https:\/\/mom-design.com\/wp-content\/uploads\/2024\/07\/plinthe-pvc-mom-design-M3.jpeg\" \/>\n\t<meta property=\"og:image:width\" content=\"718\" \/>\n\t<meta property=\"og:image:height\" content=\"538\" \/>\n\t<meta property=\"og:image:type\" content=\"image\/jpeg\" \/>\n<meta name=\"twitter:card\" content=\"summary_large_image\" \/>\n<meta name=\"twitter:label1\" content=\"Gesch\u00e4tzte Lesezeit\" \/>\n\t<meta name=\"twitter:data1\" content=\"2\u00a0Minuten\" \/>\n<script type=\"application\/ld+json\" class=\"yoast-schema-graph\">{\"@context\":\"https:\/\/schema.org\",\"@graph\":[{\"@type\":\"WebPage\",\"@id\":\"https:\/\/mom-design.com\/de\/produit\/plinthes-8\/\",\"url\":\"https:\/\/mom-design.com\/de\/produit\/plinthes-8\/\",\"name\":\"Plinthe murale en pvc blanche 2 m\u00e8tres Charles I | MOM DESIGN\",\"isPartOf\":{\"@id\":\"https:\/\/mom-design.com\/de\/#website\"},\"primaryImageOfPage\":{\"@id\":\"https:\/\/mom-design.com\/de\/produit\/plinthes-8\/#primaryimage\"},\"image\":{\"@id\":\"https:\/\/mom-design.com\/de\/produit\/plinthes-8\/#primaryimage\"},\"thumbnailUrl\":\"https:\/\/mom-design.com\/wp-content\/uploads\/2024\/07\/plinthe-pvc-mom-design-M3.jpeg\",\"datePublished\":\"2024-07-23T19:21:47+00:00\",\"dateModified\":\"2025-10-25T18:28:52+00:00\",\"description\":\"D\u00e9couvrez la plinthe murale en PVC blanche de 2 m, parfaite pour une finition moderne et \u00e9l\u00e9gante. Facile \u00e0 installer et personnalisable, avec livraison et retours gratuits. Disponible \u00e0 petit prix chez MOM DESIGN.\",\"breadcrumb\":{\"@id\":\"https:\/\/mom-design.com\/de\/produit\/plinthes-8\/#breadcrumb\"},\"inLanguage\":\"de\",\"potentialAction\":[{\"@type\":\"ReadAction\",\"target\":[\"https:\/\/mom-design.com\/de\/produit\/plinthes-8\/\"]}]},{\"@type\":\"ImageObject\",\"inLanguage\":\"de\",\"@id\":\"https:\/\/mom-design.com\/de\/produit\/plinthes-8\/#primaryimage\",\"url\":\"https:\/\/mom-design.com\/wp-content\/uploads\/2024\/07\/plinthe-pvc-mom-design-M3.jpeg\",\"contentUrl\":\"https:\/\/mom-design.com\/wp-content\/uploads\/2024\/07\/plinthe-pvc-mom-design-M3.jpeg\",\"width\":718,\"height\":538},{\"@type\":\"BreadcrumbList\",\"@id\":\"https:\/\/mom-design.com\/de\/produit\/plinthes-8\/#breadcrumb\",\"itemListElement\":[{\"@type\":\"ListItem\",\"position\":1,\"name\":\"D\u00e9coration murale d\u2019int\u00e9rieur\",\"item\":\"https:\/\/mom-design.com\/de\/\"},{\"@type\":\"ListItem\",\"position\":2,\"name\":\"Plinthe murale en pvc blanche 2 m\u00e8tres Charles I\"}]},{\"@type\":\"WebSite\",\"@id\":\"https:\/\/mom-design.com\/de\/#website\",\"url\":\"https:\/\/mom-design.com\/de\/\",\"name\":\"MOM DESIGN\",\"description\":\"Sp\u00e9cialiste du design mural d&#039;int\u00e9rieur\",\"potentialAction\":[{\"@type\":\"SearchAction\",\"target\":{\"@type\":\"EntryPoint\",\"urlTemplate\":\"https:\/\/mom-design.com\/de\/?s={search_term_string}\"},\"query-input\":{\"@type\":\"PropertyValueSpecification\",\"valueRequired\":true,\"valueName\":\"search_term_string\"}}],\"inLanguage\":\"de\"}]}<\/script>\n<!-- \/ Yoast SEO plugin. -->","yoast_head_json":{"title":"Plinthe murale en pvc blanche 2 m\u00e8tres Charles I | MOM DESIGN","description":"D\u00e9couvrez la plinthe murale en PVC blanche de 2 m, parfaite pour une finition moderne et \u00e9l\u00e9gante. Facile \u00e0 installer et personnalisable, avec livraison et retours gratuits. Disponible \u00e0 petit prix chez MOM DESIGN.","robots":{"index":"index","follow":"follow","max-snippet":"max-snippet:-1","max-image-preview":"max-image-preview:large","max-video-preview":"max-video-preview:-1"},"canonical":"https:\/\/mom-design.com\/de\/produit\/plinthes-8\/","og_locale":"de_DE","og_type":"article","og_title":"Plinthe murale en pvc blanche 2 m\u00e8tres Charles I | MOM DESIGN","og_description":"D\u00e9couvrez la plinthe murale en PVC blanche de 2 m, parfaite pour une finition moderne et \u00e9l\u00e9gante. Facile \u00e0 installer et personnalisable, avec livraison et retours gratuits. Disponible \u00e0 petit prix chez MOM DESIGN.","og_url":"https:\/\/mom-design.com\/de\/produit\/plinthes-8\/","og_site_name":"MOM DESIGN","article_modified_time":"2025-10-25T18:28:52+00:00","og_image":[{"width":718,"height":538,"url":"https:\/\/mom-design.com\/wp-content\/uploads\/2024\/07\/plinthe-pvc-mom-design-M3.jpeg","type":"image\/jpeg"}],"twitter_card":"summary_large_image","twitter_misc":{"Gesch\u00e4tzte Lesezeit":"2\u00a0Minuten"},"schema":{"@context":"https:\/\/schema.org","@graph":[{"@type":"WebPage","@id":"https:\/\/mom-design.com\/de\/produit\/plinthes-8\/","url":"https:\/\/mom-design.com\/de\/produit\/plinthes-8\/","name":"Plinthe murale en pvc blanche 2 m\u00e8tres Charles I | MOM DESIGN","isPartOf":{"@id":"https:\/\/mom-design.com\/de\/#website"},"primaryImageOfPage":{"@id":"https:\/\/mom-design.com\/de\/produit\/plinthes-8\/#primaryimage"},"image":{"@id":"https:\/\/mom-design.com\/de\/produit\/plinthes-8\/#primaryimage"},"thumbnailUrl":"https:\/\/mom-design.com\/wp-content\/uploads\/2024\/07\/plinthe-pvc-mom-design-M3.jpeg","datePublished":"2024-07-23T19:21:47+00:00","dateModified":"2025-10-25T18:28:52+00:00","description":"D\u00e9couvrez la plinthe murale en PVC blanche de 2 m, parfaite pour une finition moderne et \u00e9l\u00e9gante. Facile \u00e0 installer et personnalisable, avec livraison et retours gratuits. Disponible \u00e0 petit prix chez MOM DESIGN.","breadcrumb":{"@id":"https:\/\/mom-design.com\/de\/produit\/plinthes-8\/#breadcrumb"},"inLanguage":"de","potentialAction":[{"@type":"ReadAction","target":["https:\/\/mom-design.com\/de\/produit\/plinthes-8\/"]}]},{"@type":"ImageObject","inLanguage":"de","@id":"https:\/\/mom-design.com\/de\/produit\/plinthes-8\/#primaryimage","url":"https:\/\/mom-design.com\/wp-content\/uploads\/2024\/07\/plinthe-pvc-mom-design-M3.jpeg","contentUrl":"https:\/\/mom-design.com\/wp-content\/uploads\/2024\/07\/plinthe-pvc-mom-design-M3.jpeg","width":718,"height":538},{"@type":"BreadcrumbList","@id":"https:\/\/mom-design.com\/de\/produit\/plinthes-8\/#breadcrumb","itemListElement":[{"@type":"ListItem","position":1,"name":"D\u00e9coration murale d\u2019int\u00e9rieur","item":"https:\/\/mom-design.com\/de\/"},{"@type":"ListItem","position":2,"name":"Plinthe murale en pvc blanche 2 m\u00e8tres Charles I"}]},{"@type":"WebSite","@id":"https:\/\/mom-design.com\/de\/#website","url":"https:\/\/mom-design.com\/de\/","name":"DESIGN MOM","description":"Sp\u00e9cialiste du design mural d'int\u00e9rieur","potentialAction":[{"@type":"SearchAction","target":{"@type":"EntryPoint","urlTemplate":"https:\/\/mom-design.com\/de\/?s={search_term_string}"},"query-input":{"@type":"PropertyValueSpecification","valueRequired":true,"valueName":"search_term_string"}}],"inLanguage":"de"}]}},"_links":{"self":[{"href":"https:\/\/mom-design.com\/de\/wp-json\/wp\/v2\/product\/6710","targetHints":{"allow":["GET"]}}],"collection":[{"href":"https:\/\/mom-design.com\/de\/wp-json\/wp\/v2\/product"}],"about":[{"href":"https:\/\/mom-design.com\/de\/wp-json\/wp\/v2\/types\/product"}],"replies":[{"embeddable":true,"href":"https:\/\/mom-design.com\/de\/wp-json\/wp\/v2\/comments?post=6710"}],"wp:featuredmedia":[{"embeddable":true,"href":"https:\/\/mom-design.com\/de\/wp-json\/wp\/v2\/media\/7290"}],"wp:attachment":[{"href":"https:\/\/mom-design.com\/de\/wp-json\/wp\/v2\/media?parent=6710"}],"wp:term":[{"taxonomy":"product_brand","embeddable":true,"href":"https:\/\/mom-design.com\/de\/wp-json\/wp\/v2\/product_brand?post=6710"},{"taxonomy":"product_cat","embeddable":true,"href":"https:\/\/mom-design.com\/de\/wp-json\/wp\/v2\/product_cat?post=6710"},{"taxonomy":"product_tag","embeddable":true,"href":"https:\/\/mom-design.com\/de\/wp-json\/wp\/v2\/product_tag?post=6710"}],"curies":[{"name":"wp","href":"https:\/\/api.w.org\/{rel}","templated":true}]}}