{"id":6713,"date":"2024-07-23T21:23:05","date_gmt":"2024-07-23T19:23:05","guid":{"rendered":"https:\/\/mom-design.com\/?post_type=product&#038;p=6713"},"modified":"2025-10-13T17:34:54","modified_gmt":"2025-10-13T15:34:54","slug":"cache-rideau-design-blanc-2","status":"publish","type":"product","link":"https:\/\/mom-design.com\/de\/produit\/plinthes-11\/","title":{"rendered":"2 Meter wei\u00dfer Designer-PVC-Vorhang"},"content":{"rendered":"<h4>\u00a0 \u00a0 \u00a0 \u00a0 \u00a0 \u00a0 \u00a0 \u00a0 \u00a0 \u00a0 \u00a0 \u00a0<span style=\"text-decoration: underline;\">Eigenschaften :<\/span><\/h4>\n<p>&#8211; <span style=\"text-decoration: underline;\">Farbe<\/span> : wei\u00df<br \/>\n&#8211; <span style=\"text-decoration: underline;\">Abmessungen<\/span> : anpassbar an verschiedene gr\u00f6\u00dfen von fenstern<br \/>\n&#8211; <span style=\"text-decoration: underline;\">Design<\/span> : moderne und schlichte design<br \/>\n&#8211; <span style=\"text-decoration: underline;\">Wartung<\/span>: leicht zu reinigen, best\u00e4ndig gegen falten<br \/>\n&#8211; <span style=\"text-decoration: underline;\">Verwendung<\/span> : geeignet f\u00fcr alle zimmer des hauses<\/p>\n<h4>\u00a0 \u00a0 \u00a0 \u00a0 \u00a0 \u00a0 \u00a0 \u00a0 \u00a0 \u00a0 \u00a0 \u00a0<span style=\"text-decoration: underline;\">Eleganz und modernen stil f\u00fcr ihr zuhause<\/span><\/h4>\n<p><strong>Der cache-vorhang-wei\u00dfe design,<\/strong> l&#039;<strong>perfekte accessoire zu verkleiden ihre <a href=\"https:\/\/mom-design.com\/de\/produkt\/plinthes-12\/\">fenster<\/a> wahrung ihrer privatsph\u00e4re<\/strong>. Dank seiner wei\u00dfen farbe, es passt sich leicht mit allen einrichtungsstilen, von klassisch bis modern. Egal ob in der <strong>wohnzimmer<\/strong>die <strong>zimmer<\/strong>oder sogar die <strong>k\u00fcche<\/strong>er bringt einen hauch von licht und frische in ihr zuhause und schaffen eine wohltuende atmosph\u00e4re.<\/p>\n<h4>\u00a0 \u00a0 \u00a0 \u00a0 \u00a0 \u00a0 \u00a0 \u00a0 \u00a0 \u00a0 \u00a0 \u00a0<span style=\"text-decoration: underline;\">Einfache installation und wartung<\/span><\/h4>\n<p>Dieser cache-vorhang wurde gedacht, um<a href=\"https:\/\/mom-design.com\/de\/produkt\/plinthes-3\/\"> <strong>sowohl \u00e4sthetisch und praktisch<\/strong><\/a>. In der tat, es ist nicht nur <strong>best\u00e4ndig gegen falten<\/strong>, aber auch <strong>einfach zu waschen<\/strong>sie k\u00f6nnen halten <strong>dekoration, die immer gut unterwegs<\/strong>. Die installation ist schnell, einfache, und passt sich an die mehrheit der gardinenstangen standards. So k\u00f6nnen sie erneuern ihr interieur im handumdrehen.<\/p>\n<h4>\u00a0 \u00a0 \u00a0 \u00a0 \u00a0 \u00a0 \u00a0 \u00a0 \u00a0 \u00a0 \u00a0 \u00a0<span style=\"text-decoration: underline;\">Eine vielseitige auswahl f\u00fcr alle teile<\/span><\/h4>\n<p>Einer der wichtigsten vorteile des cache-vorhang-wei\u00dfe design ist seine vielseitigkeit. <a href=\"https:\/\/mom-design.com\/de\/produkt\/plinthes-1\/\"><strong>Es passt perfekt in alle r\u00e4ume des hauses<\/strong><\/a>, ob sie f\u00fcr ein schlafzimmer, ein wohnzimmer, ein bad oder sogar einen schreibtisch. Dar\u00fcber hinaus ist sein design unauff\u00e4llige, aber elegante erm\u00f6glicht, die eine verbindung schnell und einfach mit anderen elementen der dekoration, wie <strong>vorh\u00e4nge<\/strong> dicker, der <strong>gardinen<\/strong>oder <strong>jalousien<\/strong>. Er bietet eine ideale l\u00f6sung f\u00fcr diejenigen, die zur kontrolle der helligkeit durch einen hauch \u00e4sthetik in ihren r\u00e4umen.<\/p>\n<h4>\u00a0 \u00a0 \u00a0 \u00a0 \u00a0 \u00a0 \u00a0 \u00a0 \u00a0 \u00a0 \u00a0 \u00a0<span style=\"text-decoration: underline;\">Erh\u00e4ltlich bei DESIGN MOM<\/span><\/h4>\n<p><strong>Bei DESIGN MOM<\/strong>wir sind stolz darauf, zu bieten qualitativ hochwertige produkte, die den bed\u00fcrfnissen unserer kunden. Dieser cache-vorhang ist ein hervorragendes beispiel f\u00fcr unser engagement, das eleganz und funktionalit\u00e4t.<strong> Mit dem kauf bei DESIGN MOM<\/strong>profitieren sie auch von unserem service dedizierter client, bereit, unterst\u00fctzen sie bei jedem schritt ihres kaufs. Zus\u00e4tzlich profitieren sie von unserem exklusiven angebot mit<strong> lieferung und kostenlose r\u00fcckgabe<\/strong>f\u00fcr eine erfahrung , kauf ohne sorgen.<\/p>\n<p>&nbsp;<\/p>","protected":false},"excerpt":{"rendered":"<p><strong>Dieser cache-vorhang-wei\u00dfe design bringt <a href=\"https:\/\/mom-design.com\/de\/plinthes\/\">ein Hauch von Eleganz und Modernit\u00e4t<\/a> ihre fenster aus, wobei ihre privatsph\u00e4re<\/strong>. Ideal f\u00fcr alle R\u00e4ume im Haus,<br \/>\ner f\u00fcgt sich dank seiner zeitlosen wei\u00dfen Farbe in jede Einrichtung ein. Dieses Produkt ist mit kostenloser Lieferung und R\u00fcckgabe erh\u00e4ltlich und wurde so entworfen, dass es sich harmonisch in Ihre Einrichtung einf\u00fcgt. Nutzen Sie sein raffiniertes Design, um Ihre Einrichtung aufzuwerten.<\/p>","protected":false},"featured_media":7271,"comment_status":"open","ping_status":"closed","template":"","meta":{"_acf_changed":false},"product_brand":[],"product_cat":[53],"product_tag":[],"class_list":{"0":"post-6713","1":"product","2":"type-product","3":"status-publish","4":"has-post-thumbnail","6":"product_cat-plinthes","7":"product_shipping_class-livraison-gls","9":"first","10":"outofstock","11":"taxable","12":"shipping-taxable","13":"purchasable","14":"product-type-simple","15":"add-to-wishlist-after_add_to_cart"},"acf":[],"yoast_head":"<!-- This site is optimized with the Yoast SEO plugin v27.0 - https:\/\/yoast.com\/product\/yoast-seo-wordpress\/ -->\n<title>Cache-rideau en pvc design 2 m\u00e8tres blanc | MOM DESIGN<\/title>\n<meta name=\"description\" content=\"Ajoutez une touche d&#039;\u00e9l\u00e9gance \u00e0 vos fen\u00eatres avec notre cache-rideau design blanc. Livraison et retours gratuits pour une d\u00e9coration int\u00e9rieure raffin\u00e9e. Ne manquez pas cette occasion de transformer votre espace avec style.\" \/>\n<meta name=\"robots\" content=\"index, follow, max-snippet:-1, max-image-preview:large, max-video-preview:-1\" \/>\n<link rel=\"canonical\" href=\"https:\/\/mom-design.com\/de\/produit\/plinthes-11\/\" \/>\n<meta property=\"og:locale\" content=\"de_DE\" \/>\n<meta property=\"og:type\" content=\"article\" \/>\n<meta property=\"og:title\" content=\"Cache-rideau en pvc design 2 m\u00e8tres blanc | MOM DESIGN\" \/>\n<meta property=\"og:description\" content=\"Ajoutez une touche d&#039;\u00e9l\u00e9gance \u00e0 vos fen\u00eatres avec notre cache-rideau design blanc. Livraison et retours gratuits pour une d\u00e9coration int\u00e9rieure raffin\u00e9e. Ne manquez pas cette occasion de transformer votre espace avec style.\" \/>\n<meta property=\"og:url\" content=\"https:\/\/mom-design.com\/de\/produit\/plinthes-11\/\" \/>\n<meta property=\"og:site_name\" content=\"MOM DESIGN\" \/>\n<meta property=\"article:modified_time\" content=\"2025-10-13T15:34:54+00:00\" \/>\n<meta property=\"og:image\" content=\"https:\/\/mom-design.com\/wp-content\/uploads\/2024\/07\/cache-rideau-mom-design-M1-1.jpeg\" \/>\n\t<meta property=\"og:image:width\" content=\"718\" \/>\n\t<meta property=\"og:image:height\" content=\"538\" \/>\n\t<meta property=\"og:image:type\" content=\"image\/jpeg\" \/>\n<meta name=\"twitter:card\" content=\"summary_large_image\" \/>\n<meta name=\"twitter:label1\" content=\"Gesch\u00e4tzte Lesezeit\" \/>\n\t<meta name=\"twitter:data1\" content=\"2\u00a0Minuten\" \/>\n<script type=\"application\/ld+json\" class=\"yoast-schema-graph\">{\"@context\":\"https:\/\/schema.org\",\"@graph\":[{\"@type\":\"WebPage\",\"@id\":\"https:\/\/mom-design.com\/de\/produit\/plinthes-11\/\",\"url\":\"https:\/\/mom-design.com\/de\/produit\/plinthes-11\/\",\"name\":\"Cache-rideau en pvc design 2 m\u00e8tres blanc | MOM DESIGN\",\"isPartOf\":{\"@id\":\"https:\/\/mom-design.com\/de\/#website\"},\"primaryImageOfPage\":{\"@id\":\"https:\/\/mom-design.com\/de\/produit\/plinthes-11\/#primaryimage\"},\"image\":{\"@id\":\"https:\/\/mom-design.com\/de\/produit\/plinthes-11\/#primaryimage\"},\"thumbnailUrl\":\"https:\/\/mom-design.com\/wp-content\/uploads\/2024\/07\/cache-rideau-mom-design-M1-1.jpeg\",\"datePublished\":\"2024-07-23T19:23:05+00:00\",\"dateModified\":\"2025-10-13T15:34:54+00:00\",\"description\":\"Ajoutez une touche d'\u00e9l\u00e9gance \u00e0 vos fen\u00eatres avec notre cache-rideau design blanc. Livraison et retours gratuits pour une d\u00e9coration int\u00e9rieure raffin\u00e9e. Ne manquez pas cette occasion de transformer votre espace avec style.\",\"breadcrumb\":{\"@id\":\"https:\/\/mom-design.com\/de\/produit\/plinthes-11\/#breadcrumb\"},\"inLanguage\":\"de\",\"potentialAction\":[{\"@type\":\"ReadAction\",\"target\":[\"https:\/\/mom-design.com\/de\/produit\/plinthes-11\/\"]}]},{\"@type\":\"ImageObject\",\"inLanguage\":\"de\",\"@id\":\"https:\/\/mom-design.com\/de\/produit\/plinthes-11\/#primaryimage\",\"url\":\"https:\/\/mom-design.com\/wp-content\/uploads\/2024\/07\/cache-rideau-mom-design-M1-1.jpeg\",\"contentUrl\":\"https:\/\/mom-design.com\/wp-content\/uploads\/2024\/07\/cache-rideau-mom-design-M1-1.jpeg\",\"width\":718,\"height\":538},{\"@type\":\"BreadcrumbList\",\"@id\":\"https:\/\/mom-design.com\/de\/produit\/plinthes-11\/#breadcrumb\",\"itemListElement\":[{\"@type\":\"ListItem\",\"position\":1,\"name\":\"D\u00e9coration murale d\u2019int\u00e9rieur\",\"item\":\"https:\/\/mom-design.com\/de\/\"},{\"@type\":\"ListItem\",\"position\":2,\"name\":\"Cache-rideau en pvc design 2 m\u00e8tres blanc\"}]},{\"@type\":\"WebSite\",\"@id\":\"https:\/\/mom-design.com\/de\/#website\",\"url\":\"https:\/\/mom-design.com\/de\/\",\"name\":\"MOM DESIGN\",\"description\":\"Sp\u00e9cialiste du design mural d&#039;int\u00e9rieur\",\"potentialAction\":[{\"@type\":\"SearchAction\",\"target\":{\"@type\":\"EntryPoint\",\"urlTemplate\":\"https:\/\/mom-design.com\/de\/?s={search_term_string}\"},\"query-input\":{\"@type\":\"PropertyValueSpecification\",\"valueRequired\":true,\"valueName\":\"search_term_string\"}}],\"inLanguage\":\"de\"}]}<\/script>\n<!-- \/ Yoast SEO plugin. -->","yoast_head_json":{"title":"Cache-rideau en pvc design 2 m\u00e8tres blanc | MOM DESIGN","description":"Ajoutez une touche d'\u00e9l\u00e9gance \u00e0 vos fen\u00eatres avec notre cache-rideau design blanc. Livraison et retours gratuits pour une d\u00e9coration int\u00e9rieure raffin\u00e9e. Ne manquez pas cette occasion de transformer votre espace avec style.","robots":{"index":"index","follow":"follow","max-snippet":"max-snippet:-1","max-image-preview":"max-image-preview:large","max-video-preview":"max-video-preview:-1"},"canonical":"https:\/\/mom-design.com\/de\/produit\/plinthes-11\/","og_locale":"de_DE","og_type":"article","og_title":"Cache-rideau en pvc design 2 m\u00e8tres blanc | MOM DESIGN","og_description":"Ajoutez une touche d'\u00e9l\u00e9gance \u00e0 vos fen\u00eatres avec notre cache-rideau design blanc. Livraison et retours gratuits pour une d\u00e9coration int\u00e9rieure raffin\u00e9e. Ne manquez pas cette occasion de transformer votre espace avec style.","og_url":"https:\/\/mom-design.com\/de\/produit\/plinthes-11\/","og_site_name":"MOM DESIGN","article_modified_time":"2025-10-13T15:34:54+00:00","og_image":[{"width":718,"height":538,"url":"https:\/\/mom-design.com\/wp-content\/uploads\/2024\/07\/cache-rideau-mom-design-M1-1.jpeg","type":"image\/jpeg"}],"twitter_card":"summary_large_image","twitter_misc":{"Gesch\u00e4tzte Lesezeit":"2\u00a0Minuten"},"schema":{"@context":"https:\/\/schema.org","@graph":[{"@type":"WebPage","@id":"https:\/\/mom-design.com\/de\/produit\/plinthes-11\/","url":"https:\/\/mom-design.com\/de\/produit\/plinthes-11\/","name":"Cache-rideau en pvc design 2 m\u00e8tres blanc | MOM DESIGN","isPartOf":{"@id":"https:\/\/mom-design.com\/de\/#website"},"primaryImageOfPage":{"@id":"https:\/\/mom-design.com\/de\/produit\/plinthes-11\/#primaryimage"},"image":{"@id":"https:\/\/mom-design.com\/de\/produit\/plinthes-11\/#primaryimage"},"thumbnailUrl":"https:\/\/mom-design.com\/wp-content\/uploads\/2024\/07\/cache-rideau-mom-design-M1-1.jpeg","datePublished":"2024-07-23T19:23:05+00:00","dateModified":"2025-10-13T15:34:54+00:00","description":"Ajoutez une touche d'\u00e9l\u00e9gance \u00e0 vos fen\u00eatres avec notre cache-rideau design blanc. Livraison et retours gratuits pour une d\u00e9coration int\u00e9rieure raffin\u00e9e. Ne manquez pas cette occasion de transformer votre espace avec style.","breadcrumb":{"@id":"https:\/\/mom-design.com\/de\/produit\/plinthes-11\/#breadcrumb"},"inLanguage":"de","potentialAction":[{"@type":"ReadAction","target":["https:\/\/mom-design.com\/de\/produit\/plinthes-11\/"]}]},{"@type":"ImageObject","inLanguage":"de","@id":"https:\/\/mom-design.com\/de\/produit\/plinthes-11\/#primaryimage","url":"https:\/\/mom-design.com\/wp-content\/uploads\/2024\/07\/cache-rideau-mom-design-M1-1.jpeg","contentUrl":"https:\/\/mom-design.com\/wp-content\/uploads\/2024\/07\/cache-rideau-mom-design-M1-1.jpeg","width":718,"height":538},{"@type":"BreadcrumbList","@id":"https:\/\/mom-design.com\/de\/produit\/plinthes-11\/#breadcrumb","itemListElement":[{"@type":"ListItem","position":1,"name":"D\u00e9coration murale d\u2019int\u00e9rieur","item":"https:\/\/mom-design.com\/de\/"},{"@type":"ListItem","position":2,"name":"Cache-rideau en pvc design 2 m\u00e8tres blanc"}]},{"@type":"WebSite","@id":"https:\/\/mom-design.com\/de\/#website","url":"https:\/\/mom-design.com\/de\/","name":"DESIGN MOM","description":"Sp\u00e9cialiste du design mural d'int\u00e9rieur","potentialAction":[{"@type":"SearchAction","target":{"@type":"EntryPoint","urlTemplate":"https:\/\/mom-design.com\/de\/?s={search_term_string}"},"query-input":{"@type":"PropertyValueSpecification","valueRequired":true,"valueName":"search_term_string"}}],"inLanguage":"de"}]}},"_links":{"self":[{"href":"https:\/\/mom-design.com\/de\/wp-json\/wp\/v2\/product\/6713","targetHints":{"allow":["GET"]}}],"collection":[{"href":"https:\/\/mom-design.com\/de\/wp-json\/wp\/v2\/product"}],"about":[{"href":"https:\/\/mom-design.com\/de\/wp-json\/wp\/v2\/types\/product"}],"replies":[{"embeddable":true,"href":"https:\/\/mom-design.com\/de\/wp-json\/wp\/v2\/comments?post=6713"}],"wp:featuredmedia":[{"embeddable":true,"href":"https:\/\/mom-design.com\/de\/wp-json\/wp\/v2\/media\/7271"}],"wp:attachment":[{"href":"https:\/\/mom-design.com\/de\/wp-json\/wp\/v2\/media?parent=6713"}],"wp:term":[{"taxonomy":"product_brand","embeddable":true,"href":"https:\/\/mom-design.com\/de\/wp-json\/wp\/v2\/product_brand?post=6713"},{"taxonomy":"product_cat","embeddable":true,"href":"https:\/\/mom-design.com\/de\/wp-json\/wp\/v2\/product_cat?post=6713"},{"taxonomy":"product_tag","embeddable":true,"href":"https:\/\/mom-design.com\/de\/wp-json\/wp\/v2\/product_tag?post=6713"}],"curies":[{"name":"wp","href":"https:\/\/api.w.org\/{rel}","templated":true}]}}