{"id":6714,"date":"2024-07-23T21:23:33","date_gmt":"2024-07-23T19:23:33","guid":{"rendered":"https:\/\/mom-design.com\/?post_type=product&#038;p=6714"},"modified":"2025-10-25T20:48:41","modified_gmt":"2025-10-25T18:48:41","slug":"cache-rideau-design-blanc","status":"publish","type":"product","link":"https:\/\/mom-design.com\/de\/produit\/plinthes-12\/","title":{"rendered":"Wei\u00dfer Designer-PVC-Vorhang 2 Meter"},"content":{"rendered":"<h3><strong>Dieser cache-wei\u00dfer vorhang mit elegantem design ist perfekt f\u00fcr eine wiederbelebung der \u00e4sthetik ihrer innenr\u00e4ume. \u00a0<\/strong><\/h3>\n<h3><strong>\u00a0 \u00a0 \u00a0 \u00a0 \u00a0 \u00a0 <\/strong><span style=\"text-decoration: underline;\"><strong>Eigenschaften :<\/strong><\/span><\/h3>\n<p>&#8211; <span style=\"text-decoration: underline;\">Farbe<\/span> : Wei\u00df<br \/>\n&#8211; <span style=\"text-decoration: underline;\">Design<\/span> : Moderne und schlichte design<br \/>\n&#8211; <span style=\"text-decoration: underline;\">Wartung<\/span> : Leicht zu reinigen und strapazierf\u00e4hig<\/p>\n<h3><strong>\u00a0 \u00a0 \u00a0 \u00a0 \u00a0 \u00a0<span style=\"text-decoration: underline;\">Eleganz<\/span><\/strong><span style=\"text-decoration: underline;\"><strong> und Modernit\u00e4t mit der Cache-vorhang-Wei\u00dfe Design,<\/strong><\/span><\/h3>\n<p>Bringen sie einen hauch von modernit\u00e4t und eleganz in ihre r\u00e4ume mit unserem design cache-ride-wei\u00df.<strong> DESIGN MOM<\/strong>. Entworfen, um zu passen <strong>jede art von dekoration<\/strong>, haltbarkeit und style garantiert. Mit seiner wei\u00dfen farbe strahlend <strong><a href=\"https:\/\/mom-design.com\/de\/produkt\/plinthes-2\/\">Versch\u00f6nern sie im handumdrehen ihr raum<\/a>,<\/strong> Schafft eine atmosph\u00e4re, gepflegten und modern.<\/p>\n<h3><strong>\u00a0 \u00a0 \u00a0 \u00a0 \u00a0 \u00a0<\/strong><span style=\"text-decoration: underline;\"><strong>Spitzenqualit\u00e4t f\u00fcr eine einzigartige dekoration<\/strong><\/span><\/h3>\n<p class=\"translation-block\">Bei <strong>MOM DESIGN<\/strong> legen wir gro\u00dfen Wert darauf, Qualit\u00e4tsprodukte anzubieten. Unser Design-Gardinenabdeckung bildet da keine Ausnahme. Dank seines <strong>raffinierten Designs<\/strong> ist es <strong>einfach zu installieren und zu pflegen<\/strong> und damit die perfekte Wahl f\u00fcr alle, die eine praktische und stilvolle L\u00f6sung suchen.<\/p>\n<p class=\"translation-block\">Ob f\u00fcr <strong>eine Hausdekoration<\/strong> oder um <strong>Ihr Wohnzimmer zu versch\u00f6nern<\/strong>, die wei\u00dfe Design-Gardinenabdeckung ist die ideale Wahl. Ihr zeitloses Aussehen passt zu allen Stilrichtungen, vom klassischsten bis zum modernsten. <strong>Kombinieren Sie sie mit anderen dekorativen Elementen aus unserer Kollektion, um eine harmonische und einladende Atmosph\u00e4re zu schaffen.<\/strong><\/p>","protected":false},"excerpt":{"rendered":"<p><a href=\"https:\/\/mom-design.com\/de\/produkt\/plinthes-11\/\"><strong>Der cache-vorhang-wei\u00dfe design,<\/strong><\/a> ist ideal f\u00fcr <strong>du bist erhaben <a href=\"https:\/\/mom-design.com\/de\/produkt\/revetement-mural-11\/\">innenr\u00e4ume<\/a><\/strong>. Er passt perfekt in jede Art von <strong>moderne einrichtung<\/strong>. Seine rein wei\u00dfer farbe bringt einen hauch von helligkeit und raffinesse, ideal f\u00fcr r\u00e4umlichkeiten, die klaren linien und die moderne.<\/p>\n<p>&nbsp;<\/p>","protected":false},"featured_media":7248,"comment_status":"open","ping_status":"closed","template":"","meta":{"_acf_changed":false},"product_brand":[],"product_cat":[53],"product_tag":[84,83],"class_list":{"0":"post-6714","1":"product","2":"type-product","3":"status-publish","4":"has-post-thumbnail","6":"product_cat-plinthes","7":"product_tag-exclusivite-mom","8":"product_tag-top-produit","9":"product_shipping_class-livraison-gls","11":"first","12":"instock","13":"taxable","14":"shipping-taxable","15":"purchasable","16":"product-type-simple","17":"add-to-wishlist-after_add_to_cart"},"acf":[],"yoast_head":"<!-- This site is optimized with the Yoast SEO plugin v27.0 - https:\/\/yoast.com\/product\/yoast-seo-wordpress\/ -->\n<title>Cache-rideau en pvc design blanc 2 m\u00e8tres | MOM DESIGN<\/title>\n<meta name=\"description\" content=\"Choisissez notre cache-rideau design blanc parfait pour une d\u00e9coration moderne. Disponible \u00e0 petit prix et uniquement sur notre site MOM DESIGN, avec livraison et retours gratuits.\" \/>\n<meta name=\"robots\" content=\"index, follow, max-snippet:-1, max-image-preview:large, max-video-preview:-1\" \/>\n<link rel=\"canonical\" href=\"https:\/\/mom-design.com\/de\/produit\/plinthes-12\/\" \/>\n<meta property=\"og:locale\" content=\"de_DE\" \/>\n<meta property=\"og:type\" content=\"article\" \/>\n<meta property=\"og:title\" content=\"Cache-rideau en pvc design blanc 2 m\u00e8tres | MOM DESIGN\" \/>\n<meta property=\"og:description\" content=\"Choisissez notre cache-rideau design blanc parfait pour une d\u00e9coration moderne. Disponible \u00e0 petit prix et uniquement sur notre site MOM DESIGN, avec livraison et retours gratuits.\" \/>\n<meta property=\"og:url\" content=\"https:\/\/mom-design.com\/de\/produit\/plinthes-12\/\" \/>\n<meta property=\"og:site_name\" content=\"MOM DESIGN\" \/>\n<meta property=\"article:modified_time\" content=\"2025-10-25T18:48:41+00:00\" \/>\n<meta property=\"og:image\" content=\"https:\/\/mom-design.com\/wp-content\/uploads\/2024\/07\/cache-rideau-mom-design-M2.jpeg\" \/>\n\t<meta property=\"og:image:width\" content=\"718\" \/>\n\t<meta property=\"og:image:height\" content=\"538\" \/>\n\t<meta property=\"og:image:type\" content=\"image\/jpeg\" \/>\n<meta name=\"twitter:card\" content=\"summary_large_image\" \/>\n<meta name=\"twitter:label1\" content=\"Gesch\u00e4tzte Lesezeit\" \/>\n\t<meta name=\"twitter:data1\" content=\"2\u00a0Minuten\" \/>\n<script type=\"application\/ld+json\" class=\"yoast-schema-graph\">{\"@context\":\"https:\/\/schema.org\",\"@graph\":[{\"@type\":\"WebPage\",\"@id\":\"https:\/\/mom-design.com\/de\/produit\/plinthes-12\/\",\"url\":\"https:\/\/mom-design.com\/de\/produit\/plinthes-12\/\",\"name\":\"Cache-rideau en pvc design blanc 2 m\u00e8tres | MOM DESIGN\",\"isPartOf\":{\"@id\":\"https:\/\/mom-design.com\/de\/#website\"},\"primaryImageOfPage\":{\"@id\":\"https:\/\/mom-design.com\/de\/produit\/plinthes-12\/#primaryimage\"},\"image\":{\"@id\":\"https:\/\/mom-design.com\/de\/produit\/plinthes-12\/#primaryimage\"},\"thumbnailUrl\":\"https:\/\/mom-design.com\/wp-content\/uploads\/2024\/07\/cache-rideau-mom-design-M2.jpeg\",\"datePublished\":\"2024-07-23T19:23:33+00:00\",\"dateModified\":\"2025-10-25T18:48:41+00:00\",\"description\":\"Choisissez notre cache-rideau design blanc parfait pour une d\u00e9coration moderne. Disponible \u00e0 petit prix et uniquement sur notre site MOM DESIGN, avec livraison et retours gratuits.\",\"breadcrumb\":{\"@id\":\"https:\/\/mom-design.com\/de\/produit\/plinthes-12\/#breadcrumb\"},\"inLanguage\":\"de\",\"potentialAction\":[{\"@type\":\"ReadAction\",\"target\":[\"https:\/\/mom-design.com\/de\/produit\/plinthes-12\/\"]}]},{\"@type\":\"ImageObject\",\"inLanguage\":\"de\",\"@id\":\"https:\/\/mom-design.com\/de\/produit\/plinthes-12\/#primaryimage\",\"url\":\"https:\/\/mom-design.com\/wp-content\/uploads\/2024\/07\/cache-rideau-mom-design-M2.jpeg\",\"contentUrl\":\"https:\/\/mom-design.com\/wp-content\/uploads\/2024\/07\/cache-rideau-mom-design-M2.jpeg\",\"width\":718,\"height\":538,\"caption\":\"cache rideau mom design M2 blanc pvc\"},{\"@type\":\"BreadcrumbList\",\"@id\":\"https:\/\/mom-design.com\/de\/produit\/plinthes-12\/#breadcrumb\",\"itemListElement\":[{\"@type\":\"ListItem\",\"position\":1,\"name\":\"D\u00e9coration murale d\u2019int\u00e9rieur\",\"item\":\"https:\/\/mom-design.com\/de\/\"},{\"@type\":\"ListItem\",\"position\":2,\"name\":\"Cache-rideau en pvc design blanc 2 m\u00e8tres\"}]},{\"@type\":\"WebSite\",\"@id\":\"https:\/\/mom-design.com\/de\/#website\",\"url\":\"https:\/\/mom-design.com\/de\/\",\"name\":\"MOM DESIGN\",\"description\":\"Sp\u00e9cialiste du design mural d&#039;int\u00e9rieur\",\"potentialAction\":[{\"@type\":\"SearchAction\",\"target\":{\"@type\":\"EntryPoint\",\"urlTemplate\":\"https:\/\/mom-design.com\/de\/?s={search_term_string}\"},\"query-input\":{\"@type\":\"PropertyValueSpecification\",\"valueRequired\":true,\"valueName\":\"search_term_string\"}}],\"inLanguage\":\"de\"}]}<\/script>\n<!-- \/ Yoast SEO plugin. -->","yoast_head_json":{"title":"Cache-rideau en pvc design blanc 2 m\u00e8tres | MOM DESIGN","description":"Choisissez notre cache-rideau design blanc parfait pour une d\u00e9coration moderne. Disponible \u00e0 petit prix et uniquement sur notre site MOM DESIGN, avec livraison et retours gratuits.","robots":{"index":"index","follow":"follow","max-snippet":"max-snippet:-1","max-image-preview":"max-image-preview:large","max-video-preview":"max-video-preview:-1"},"canonical":"https:\/\/mom-design.com\/de\/produit\/plinthes-12\/","og_locale":"de_DE","og_type":"article","og_title":"Cache-rideau en pvc design blanc 2 m\u00e8tres | MOM DESIGN","og_description":"Choisissez notre cache-rideau design blanc parfait pour une d\u00e9coration moderne. Disponible \u00e0 petit prix et uniquement sur notre site MOM DESIGN, avec livraison et retours gratuits.","og_url":"https:\/\/mom-design.com\/de\/produit\/plinthes-12\/","og_site_name":"MOM DESIGN","article_modified_time":"2025-10-25T18:48:41+00:00","og_image":[{"width":718,"height":538,"url":"https:\/\/mom-design.com\/wp-content\/uploads\/2024\/07\/cache-rideau-mom-design-M2.jpeg","type":"image\/jpeg"}],"twitter_card":"summary_large_image","twitter_misc":{"Gesch\u00e4tzte Lesezeit":"2\u00a0Minuten"},"schema":{"@context":"https:\/\/schema.org","@graph":[{"@type":"WebPage","@id":"https:\/\/mom-design.com\/de\/produit\/plinthes-12\/","url":"https:\/\/mom-design.com\/de\/produit\/plinthes-12\/","name":"Cache-rideau en pvc design blanc 2 m\u00e8tres | MOM DESIGN","isPartOf":{"@id":"https:\/\/mom-design.com\/de\/#website"},"primaryImageOfPage":{"@id":"https:\/\/mom-design.com\/de\/produit\/plinthes-12\/#primaryimage"},"image":{"@id":"https:\/\/mom-design.com\/de\/produit\/plinthes-12\/#primaryimage"},"thumbnailUrl":"https:\/\/mom-design.com\/wp-content\/uploads\/2024\/07\/cache-rideau-mom-design-M2.jpeg","datePublished":"2024-07-23T19:23:33+00:00","dateModified":"2025-10-25T18:48:41+00:00","description":"Choisissez notre cache-rideau design blanc parfait pour une d\u00e9coration moderne. Disponible \u00e0 petit prix et uniquement sur notre site MOM DESIGN, avec livraison et retours gratuits.","breadcrumb":{"@id":"https:\/\/mom-design.com\/de\/produit\/plinthes-12\/#breadcrumb"},"inLanguage":"de","potentialAction":[{"@type":"ReadAction","target":["https:\/\/mom-design.com\/de\/produit\/plinthes-12\/"]}]},{"@type":"ImageObject","inLanguage":"de","@id":"https:\/\/mom-design.com\/de\/produit\/plinthes-12\/#primaryimage","url":"https:\/\/mom-design.com\/wp-content\/uploads\/2024\/07\/cache-rideau-mom-design-M2.jpeg","contentUrl":"https:\/\/mom-design.com\/wp-content\/uploads\/2024\/07\/cache-rideau-mom-design-M2.jpeg","width":718,"height":538,"caption":"cache rideau mom design M2 blanc pvc"},{"@type":"BreadcrumbList","@id":"https:\/\/mom-design.com\/de\/produit\/plinthes-12\/#breadcrumb","itemListElement":[{"@type":"ListItem","position":1,"name":"D\u00e9coration murale d\u2019int\u00e9rieur","item":"https:\/\/mom-design.com\/de\/"},{"@type":"ListItem","position":2,"name":"Cache-rideau en pvc design blanc 2 m\u00e8tres"}]},{"@type":"WebSite","@id":"https:\/\/mom-design.com\/de\/#website","url":"https:\/\/mom-design.com\/de\/","name":"DESIGN MOM","description":"Sp\u00e9cialiste du design mural d'int\u00e9rieur","potentialAction":[{"@type":"SearchAction","target":{"@type":"EntryPoint","urlTemplate":"https:\/\/mom-design.com\/de\/?s={search_term_string}"},"query-input":{"@type":"PropertyValueSpecification","valueRequired":true,"valueName":"search_term_string"}}],"inLanguage":"de"}]}},"_links":{"self":[{"href":"https:\/\/mom-design.com\/de\/wp-json\/wp\/v2\/product\/6714","targetHints":{"allow":["GET"]}}],"collection":[{"href":"https:\/\/mom-design.com\/de\/wp-json\/wp\/v2\/product"}],"about":[{"href":"https:\/\/mom-design.com\/de\/wp-json\/wp\/v2\/types\/product"}],"replies":[{"embeddable":true,"href":"https:\/\/mom-design.com\/de\/wp-json\/wp\/v2\/comments?post=6714"}],"wp:featuredmedia":[{"embeddable":true,"href":"https:\/\/mom-design.com\/de\/wp-json\/wp\/v2\/media\/7248"}],"wp:attachment":[{"href":"https:\/\/mom-design.com\/de\/wp-json\/wp\/v2\/media?parent=6714"}],"wp:term":[{"taxonomy":"product_brand","embeddable":true,"href":"https:\/\/mom-design.com\/de\/wp-json\/wp\/v2\/product_brand?post=6714"},{"taxonomy":"product_cat","embeddable":true,"href":"https:\/\/mom-design.com\/de\/wp-json\/wp\/v2\/product_cat?post=6714"},{"taxonomy":"product_tag","embeddable":true,"href":"https:\/\/mom-design.com\/de\/wp-json\/wp\/v2\/product_tag?post=6714"}],"curies":[{"name":"wp","href":"https:\/\/api.w.org\/{rel}","templated":true}]}}