{"id":7420,"date":"2024-10-15T06:16:54","date_gmt":"2024-10-15T04:16:54","guid":{"rendered":"https:\/\/mom-design.com\/?post_type=product&#038;p=7420"},"modified":"2026-01-13T20:59:42","modified_gmt":"2026-01-13T19:59:42","slug":"plinthe-murale-blanche-3","status":"publish","type":"product","link":"https:\/\/mom-design.com\/de\/produit\/plinthe-murale-blanche-3\/","title":{"rendered":"Wei\u00dfer PVC-Wandsockel 2 Meter Louis VII"},"content":{"rendered":"<p><span style=\"text-decoration: underline;\"><strong>Eigenschaften :<\/strong><\/span><\/p>\n<p>\u2705 <span style=\"text-decoration: underline;\"><strong>Farbe :<\/strong><\/span> wei\u00df<br \/>\n\u2705 <span style=\"text-decoration: underline;\"><strong>L\u00e4nge :<\/strong><\/span> 2 meter<br \/>\n\u2705 <span style=\"text-decoration: underline;\"><strong>Mati\u00e8re :<\/strong><\/span> PVC<\/p>\n<p><span style=\"text-decoration: underline;\"><strong>Une finition \u00e9l\u00e9gante et moderne<\/strong><\/span><\/p>\n<p>La plinthe murale en PVC blanche Louis VII offre une transition nette entre le sol et le mur. Gr\u00e2ce \u00e0 sa teinte sobre et raffin\u00e9e, elle s\u2019int\u00e8gre parfaitement \u00e0 tout type de d\u00e9coration, qu\u2019elle soit contemporaine, classique ou minimaliste. Elle permet aussi de masquer les c\u00e2bles et les petites imperfections pour un rendu propre et soign\u00e9.<\/p>\n<p><span style=\"text-decoration: underline;\"><strong>Facilit\u00e9 d\u2019installation et personnalisation<\/strong><\/span><\/p>\n<p>Con\u00e7ue pour \u00eatre pratique, la plinthe Louis VII se pose rapidement et ne demande pas d\u2019outils complexes. Sa surface lisse peut \u00eatre peinte, vous donnant la libert\u00e9 d\u2019adapter sa couleur \u00e0 votre style et \u00e0 vos envies d\u00e9co. Ainsi, elle devient une solution flexible pour harmoniser vos espaces avec \u00e9l\u00e9gance.<\/p>\n<p><span style=\"text-decoration: underline;\"><strong>Nachhaltigkeit und unterhaltung minimal<\/strong><\/span><\/p>\n<p>Fabriqu\u00e9e en PVC robuste, cette plinthe est r\u00e9sistante aux chocs et \u00e0 l\u2019humidit\u00e9. Contrairement aux plinthes en bois, elle ne se d\u00e9forme pas et n\u00e9cessite tr\u00e8s peu d\u2019entretien. Elle convient aussi bien aux pi\u00e8ces \u00e0 vivre qu\u2019aux environnements humides comme la cuisine ou la salle de bain.<\/p>\n<p><span style=\"text-decoration: underline;\"><strong>Warum Mom Design w\u00e4hlen?<\/strong><\/span><\/p>\n<p>Chez Mom Design, nous mettons en avant des produits \u00e0 la fois esth\u00e9tiques, pratiques et durables. La plinthe murale en PVC blanche Louis VII est disponible avec livraison rapide\u00a0 pour un achat en toute s\u00e9r\u00e9nit\u00e9. Rendez-vous directement dans notre showroom pour d\u00e9couvrir l\u2019ensemble de nos gammes et trouver l\u2019inspiration parmi nos nombreuses id\u00e9es d\u00e9co.<\/p>","protected":false},"excerpt":{"rendered":"<p><strong>La plinthe murale en PVC blanche Louis VII de 2 m\u00e8tres est l\u2019\u00e9l\u00e9ment id\u00e9al pour apporter une finition \u00e9l\u00e9gante et moderne \u00e0 vos murs. Simple \u00e0 installer, r\u00e9sistante et facile \u00e0 personnaliser, elle s\u2019adapte \u00e0 tous les int\u00e9rieurs. Disponible chez Mom Design avec livraison rapide, elle est parfaite pour transformer vos espaces sans effort.<\/strong><\/p>","protected":false},"featured_media":7431,"comment_status":"open","ping_status":"closed","template":"","meta":{"_acf_changed":false},"product_brand":[],"product_cat":[53],"product_tag":[],"class_list":{"0":"post-7420","1":"product","2":"type-product","3":"status-publish","4":"has-post-thumbnail","6":"product_cat-plinthes","7":"product_shipping_class-livraison-gls","9":"first","10":"instock","11":"taxable","12":"shipping-taxable","13":"purchasable","14":"product-type-simple","15":"add-to-wishlist-after_add_to_cart"},"acf":[],"yoast_head":"<!-- This site is optimized with the Yoast SEO plugin v27.0 - https:\/\/yoast.com\/product\/yoast-seo-wordpress\/ -->\n<title>Plinthe murale en pvc blanche 2 m\u00e8tres Louis VII | MOM DESIGN<\/title>\n<meta name=\"description\" content=\"D\u00e9couvrez la plinthe murale en PVC blanche Louis VII de 2 m\u00e8tres chez Mom Design. \u00c9l\u00e9gante, durable et facile \u00e0 installer, elle offre une finition impeccable. Profitez de la livraison rapide pour transformer vos int\u00e9rieurs avec style.\" \/>\n<meta name=\"robots\" content=\"index, follow, max-snippet:-1, max-image-preview:large, max-video-preview:-1\" \/>\n<link rel=\"canonical\" href=\"https:\/\/mom-design.com\/de\/produit\/plinthe-murale-blanche-3\/\" \/>\n<meta property=\"og:locale\" content=\"de_DE\" \/>\n<meta property=\"og:type\" content=\"article\" \/>\n<meta property=\"og:title\" content=\"Plinthe murale en pvc blanche 2 m\u00e8tres Louis VII | MOM DESIGN\" \/>\n<meta property=\"og:description\" content=\"D\u00e9couvrez la plinthe murale en PVC blanche Louis VII de 2 m\u00e8tres chez Mom Design. \u00c9l\u00e9gante, durable et facile \u00e0 installer, elle offre une finition impeccable. Profitez de la livraison rapide pour transformer vos int\u00e9rieurs avec style.\" \/>\n<meta property=\"og:url\" content=\"https:\/\/mom-design.com\/de\/produit\/plinthe-murale-blanche-3\/\" \/>\n<meta property=\"og:site_name\" content=\"MOM DESIGN\" \/>\n<meta property=\"article:modified_time\" content=\"2026-01-13T19:59:42+00:00\" \/>\n<meta property=\"og:image\" content=\"https:\/\/mom-design.com\/wp-content\/uploads\/2024\/10\/WhatsApp-Image-2024-10-15-at-10.26.35-3.jpeg\" \/>\n\t<meta property=\"og:image:width\" content=\"1033\" \/>\n\t<meta property=\"og:image:height\" content=\"363\" \/>\n\t<meta property=\"og:image:type\" content=\"image\/jpeg\" \/>\n<meta name=\"twitter:card\" content=\"summary_large_image\" \/>\n<meta name=\"twitter:label1\" content=\"Gesch\u00e4tzte Lesezeit\" \/>\n\t<meta name=\"twitter:data1\" content=\"2\u00a0Minuten\" \/>\n<script type=\"application\/ld+json\" class=\"yoast-schema-graph\">{\"@context\":\"https:\/\/schema.org\",\"@graph\":[{\"@type\":\"WebPage\",\"@id\":\"https:\/\/mom-design.com\/de\/produit\/plinthe-murale-blanche-3\/\",\"url\":\"https:\/\/mom-design.com\/de\/produit\/plinthe-murale-blanche-3\/\",\"name\":\"Plinthe murale en pvc blanche 2 m\u00e8tres Louis VII | MOM DESIGN\",\"isPartOf\":{\"@id\":\"https:\/\/mom-design.com\/de\/#website\"},\"primaryImageOfPage\":{\"@id\":\"https:\/\/mom-design.com\/de\/produit\/plinthe-murale-blanche-3\/#primaryimage\"},\"image\":{\"@id\":\"https:\/\/mom-design.com\/de\/produit\/plinthe-murale-blanche-3\/#primaryimage\"},\"thumbnailUrl\":\"https:\/\/mom-design.com\/wp-content\/uploads\/2024\/10\/WhatsApp-Image-2024-10-15-at-10.26.35-3.jpeg\",\"datePublished\":\"2024-10-15T04:16:54+00:00\",\"dateModified\":\"2026-01-13T19:59:42+00:00\",\"description\":\"D\u00e9couvrez la plinthe murale en PVC blanche Louis VII de 2 m\u00e8tres chez Mom Design. \u00c9l\u00e9gante, durable et facile \u00e0 installer, elle offre une finition impeccable. Profitez de la livraison rapide pour transformer vos int\u00e9rieurs avec style.\",\"breadcrumb\":{\"@id\":\"https:\/\/mom-design.com\/de\/produit\/plinthe-murale-blanche-3\/#breadcrumb\"},\"inLanguage\":\"de\",\"potentialAction\":[{\"@type\":\"ReadAction\",\"target\":[\"https:\/\/mom-design.com\/de\/produit\/plinthe-murale-blanche-3\/\"]}]},{\"@type\":\"ImageObject\",\"inLanguage\":\"de\",\"@id\":\"https:\/\/mom-design.com\/de\/produit\/plinthe-murale-blanche-3\/#primaryimage\",\"url\":\"https:\/\/mom-design.com\/wp-content\/uploads\/2024\/10\/WhatsApp-Image-2024-10-15-at-10.26.35-3.jpeg\",\"contentUrl\":\"https:\/\/mom-design.com\/wp-content\/uploads\/2024\/10\/WhatsApp-Image-2024-10-15-at-10.26.35-3.jpeg\",\"width\":1033,\"height\":363},{\"@type\":\"BreadcrumbList\",\"@id\":\"https:\/\/mom-design.com\/de\/produit\/plinthe-murale-blanche-3\/#breadcrumb\",\"itemListElement\":[{\"@type\":\"ListItem\",\"position\":1,\"name\":\"D\u00e9coration murale d\u2019int\u00e9rieur\",\"item\":\"https:\/\/mom-design.com\/de\/\"},{\"@type\":\"ListItem\",\"position\":2,\"name\":\"Plinthe murale en pvc blanche 2 m\u00e8tres Louis VII\"}]},{\"@type\":\"WebSite\",\"@id\":\"https:\/\/mom-design.com\/de\/#website\",\"url\":\"https:\/\/mom-design.com\/de\/\",\"name\":\"MOM DESIGN\",\"description\":\"Sp\u00e9cialiste du design mural d&#039;int\u00e9rieur\",\"potentialAction\":[{\"@type\":\"SearchAction\",\"target\":{\"@type\":\"EntryPoint\",\"urlTemplate\":\"https:\/\/mom-design.com\/de\/?s={search_term_string}\"},\"query-input\":{\"@type\":\"PropertyValueSpecification\",\"valueRequired\":true,\"valueName\":\"search_term_string\"}}],\"inLanguage\":\"de\"}]}<\/script>\n<!-- \/ Yoast SEO plugin. -->","yoast_head_json":{"title":"Plinthe murale en pvc blanche 2 m\u00e8tres Louis VII | MOM DESIGN","description":"D\u00e9couvrez la plinthe murale en PVC blanche Louis VII de 2 m\u00e8tres chez Mom Design. \u00c9l\u00e9gante, durable et facile \u00e0 installer, elle offre une finition impeccable. Profitez de la livraison rapide pour transformer vos int\u00e9rieurs avec style.","robots":{"index":"index","follow":"follow","max-snippet":"max-snippet:-1","max-image-preview":"max-image-preview:large","max-video-preview":"max-video-preview:-1"},"canonical":"https:\/\/mom-design.com\/de\/produit\/plinthe-murale-blanche-3\/","og_locale":"de_DE","og_type":"article","og_title":"Plinthe murale en pvc blanche 2 m\u00e8tres Louis VII | MOM DESIGN","og_description":"D\u00e9couvrez la plinthe murale en PVC blanche Louis VII de 2 m\u00e8tres chez Mom Design. \u00c9l\u00e9gante, durable et facile \u00e0 installer, elle offre une finition impeccable. Profitez de la livraison rapide pour transformer vos int\u00e9rieurs avec style.","og_url":"https:\/\/mom-design.com\/de\/produit\/plinthe-murale-blanche-3\/","og_site_name":"MOM DESIGN","article_modified_time":"2026-01-13T19:59:42+00:00","og_image":[{"width":1033,"height":363,"url":"https:\/\/mom-design.com\/wp-content\/uploads\/2024\/10\/WhatsApp-Image-2024-10-15-at-10.26.35-3.jpeg","type":"image\/jpeg"}],"twitter_card":"summary_large_image","twitter_misc":{"Gesch\u00e4tzte Lesezeit":"2\u00a0Minuten"},"schema":{"@context":"https:\/\/schema.org","@graph":[{"@type":"WebPage","@id":"https:\/\/mom-design.com\/de\/produit\/plinthe-murale-blanche-3\/","url":"https:\/\/mom-design.com\/de\/produit\/plinthe-murale-blanche-3\/","name":"Plinthe murale en pvc blanche 2 m\u00e8tres Louis VII | MOM DESIGN","isPartOf":{"@id":"https:\/\/mom-design.com\/de\/#website"},"primaryImageOfPage":{"@id":"https:\/\/mom-design.com\/de\/produit\/plinthe-murale-blanche-3\/#primaryimage"},"image":{"@id":"https:\/\/mom-design.com\/de\/produit\/plinthe-murale-blanche-3\/#primaryimage"},"thumbnailUrl":"https:\/\/mom-design.com\/wp-content\/uploads\/2024\/10\/WhatsApp-Image-2024-10-15-at-10.26.35-3.jpeg","datePublished":"2024-10-15T04:16:54+00:00","dateModified":"2026-01-13T19:59:42+00:00","description":"D\u00e9couvrez la plinthe murale en PVC blanche Louis VII de 2 m\u00e8tres chez Mom Design. \u00c9l\u00e9gante, durable et facile \u00e0 installer, elle offre une finition impeccable. Profitez de la livraison rapide pour transformer vos int\u00e9rieurs avec style.","breadcrumb":{"@id":"https:\/\/mom-design.com\/de\/produit\/plinthe-murale-blanche-3\/#breadcrumb"},"inLanguage":"de","potentialAction":[{"@type":"ReadAction","target":["https:\/\/mom-design.com\/de\/produit\/plinthe-murale-blanche-3\/"]}]},{"@type":"ImageObject","inLanguage":"de","@id":"https:\/\/mom-design.com\/de\/produit\/plinthe-murale-blanche-3\/#primaryimage","url":"https:\/\/mom-design.com\/wp-content\/uploads\/2024\/10\/WhatsApp-Image-2024-10-15-at-10.26.35-3.jpeg","contentUrl":"https:\/\/mom-design.com\/wp-content\/uploads\/2024\/10\/WhatsApp-Image-2024-10-15-at-10.26.35-3.jpeg","width":1033,"height":363},{"@type":"BreadcrumbList","@id":"https:\/\/mom-design.com\/de\/produit\/plinthe-murale-blanche-3\/#breadcrumb","itemListElement":[{"@type":"ListItem","position":1,"name":"D\u00e9coration murale d\u2019int\u00e9rieur","item":"https:\/\/mom-design.com\/de\/"},{"@type":"ListItem","position":2,"name":"Plinthe murale en pvc blanche 2 m\u00e8tres Louis VII"}]},{"@type":"WebSite","@id":"https:\/\/mom-design.com\/de\/#website","url":"https:\/\/mom-design.com\/de\/","name":"DESIGN MOM","description":"Sp\u00e9cialiste du design mural d'int\u00e9rieur","potentialAction":[{"@type":"SearchAction","target":{"@type":"EntryPoint","urlTemplate":"https:\/\/mom-design.com\/de\/?s={search_term_string}"},"query-input":{"@type":"PropertyValueSpecification","valueRequired":true,"valueName":"search_term_string"}}],"inLanguage":"de"}]}},"_links":{"self":[{"href":"https:\/\/mom-design.com\/de\/wp-json\/wp\/v2\/product\/7420","targetHints":{"allow":["GET"]}}],"collection":[{"href":"https:\/\/mom-design.com\/de\/wp-json\/wp\/v2\/product"}],"about":[{"href":"https:\/\/mom-design.com\/de\/wp-json\/wp\/v2\/types\/product"}],"replies":[{"embeddable":true,"href":"https:\/\/mom-design.com\/de\/wp-json\/wp\/v2\/comments?post=7420"}],"wp:featuredmedia":[{"embeddable":true,"href":"https:\/\/mom-design.com\/de\/wp-json\/wp\/v2\/media\/7431"}],"wp:attachment":[{"href":"https:\/\/mom-design.com\/de\/wp-json\/wp\/v2\/media?parent=7420"}],"wp:term":[{"taxonomy":"product_brand","embeddable":true,"href":"https:\/\/mom-design.com\/de\/wp-json\/wp\/v2\/product_brand?post=7420"},{"taxonomy":"product_cat","embeddable":true,"href":"https:\/\/mom-design.com\/de\/wp-json\/wp\/v2\/product_cat?post=7420"},{"taxonomy":"product_tag","embeddable":true,"href":"https:\/\/mom-design.com\/de\/wp-json\/wp\/v2\/product_tag?post=7420"}],"curies":[{"name":"wp","href":"https:\/\/api.w.org\/{rel}","templated":true}]}}