{"id":6544,"date":"2024-07-23T03:37:23","date_gmt":"2024-07-23T01:37:23","guid":{"rendered":"https:\/\/mom-design.com\/?page_id=6544"},"modified":"2024-07-25T00:04:04","modified_gmt":"2024-07-24T22:04:04","slug":"fonctionnement","status":"publish","type":"page","link":"https:\/\/mom-design.com\/en\/fonctionnement\/","title":{"rendered":"Operation"},"content":{"rendered":"<div data-elementor-type=\"wp-page\" data-elementor-id=\"6544\" class=\"elementor elementor-6544\" data-elementor-post-type=\"page\">\n\t\t\t\t<div class=\"elementor-element elementor-element-494b6c1 e-flex e-con-boxed e-con e-parent\" data-id=\"494b6c1\" data-element_type=\"container\" data-e-type=\"container\">\n\t\t\t\t\t<div class=\"e-con-inner\">\n\t\t\t\t<div class=\"elementor-element elementor-element-660b0d0 elementor-widget__width-inherit elementor-widget elementor-widget-hub_fancy_heading\" data-id=\"660b0d0\" data-element_type=\"widget\" data-e-type=\"widget\" data-widget_type=\"hub_fancy_heading.default\">\n\t\t\t\t<div class=\"elementor-widget-container\">\n\t\t\t\t\t\n\t\t<div id=\"ld-fancy-heading-6a04ec0982b04\" class=\"ld-fancy-heading pos-rel\">\n\t\t\t<h3 class=\"ld-fh-element d-inline-block pos-rel  elementor-heading-title lqd-highlight-classic lqd-highlight-grow-left h3\"  > How does MOM Design<\/h3>\t\t<\/div>\n\n\t\t\t\t\t\t<\/div>\n\t\t\t\t<\/div>\n\t\t\t\t<div class=\"elementor-element elementor-element-502ffbe elementor-widget__width-initial elementor-widget elementor-widget-text-editor\" data-id=\"502ffbe\" data-element_type=\"widget\" data-e-type=\"widget\" data-widget_type=\"text-editor.default\">\n\t\t\t\t<div class=\"elementor-widget-container\">\n\t\t\t\t\t\t\t\t\t<p>MOM Design it is simply the specialist of the wall decoration interior in France and in Europe. We manufacture and design the products of the greatest trends to decorate your walls. Choose between our baseboards, chair rails, wall coverings, as well as our separators parts.<\/p><p>MOM Design, it is the choice of design for satisfaction certain.<\/p>\t\t\t\t\t\t\t\t<\/div>\n\t\t\t\t<\/div>\n\t\t\t\t\t<\/div>\n\t\t\t\t<\/div>\n\t\t<div class=\"elementor-element elementor-element-44cb517 e-flex e-con-boxed e-con e-parent\" data-id=\"44cb517\" data-element_type=\"container\" data-e-type=\"container\" data-settings=\"{&quot;background_background&quot;:&quot;classic&quot;}\">\n\t\t\t\t\t<div class=\"e-con-inner\">\n\t\t\t\t<div class=\"elementor-element elementor-element-12b45b2 elementor-widget__width-initial elementor-widget elementor-widget-hub_fancy_heading\" data-id=\"12b45b2\" data-element_type=\"widget\" data-e-type=\"widget\" data-widget_type=\"hub_fancy_heading.default\">\n\t\t\t\t<div class=\"elementor-widget-container\">\n\t\t\t\t\t\n\t\t<div id=\"ld-fancy-heading-6a04ec0985ad6\" class=\"ld-fancy-heading pos-rel\">\n\t\t\t<h3 class=\"ld-fh-element d-inline-block pos-rel  elementor-heading-title lqd-highlight-classic lqd-highlight-grow-left h3\"  > STEP #1<\/h3>\t\t<\/div>\n\n\t\t\t\t\t\t<\/div>\n\t\t\t\t<\/div>\n\t\t\t\t<div class=\"elementor-element elementor-element-1aa2a9e elementor-widget__width-initial elementor-widget elementor-widget-hub_fancy_heading\" data-id=\"1aa2a9e\" data-element_type=\"widget\" data-e-type=\"widget\" data-widget_type=\"hub_fancy_heading.default\">\n\t\t\t\t<div class=\"elementor-widget-container\">\n\t\t\t\t\t\n\t\t<div id=\"ld-fancy-heading-6a04ec0986c0b\" class=\"ld-fancy-heading pos-rel\">\n\t\t\t<h3 class=\"ld-fh-element d-inline-block pos-rel  elementor-heading-title lqd-highlight-classic lqd-highlight-grow-left h3\"  > CALCULATE THE RM OF PRODUCTS FOR YOUR DECO<\/h3>\t\t<\/div>\n\n\t\t\t\t\t\t<\/div>\n\t\t\t\t<\/div>\n\t\t\t\t<div class=\"elementor-element elementor-element-84565da elementor-widget__width-initial elementor-widget-mobile__width-inherit elementor-widget elementor-widget-hub_fancy_heading\" data-id=\"84565da\" data-element_type=\"widget\" data-e-type=\"widget\" data-widget_type=\"hub_fancy_heading.default\">\n\t\t\t\t<div class=\"elementor-widget-container\">\n\t\t\t\t\t\n\t\t<div id=\"ld-fancy-heading-6a04ec0987cab\" class=\"ld-fancy-heading pos-rel\">\n\t\t\t<p class=\"ld-fh-element d-inline-block pos-rel  lqd-highlight-classic lqd-highlight-grow-left p\"  > A meter, a sheet, a pencil and get cracking \ud83d\ude42\n\n\nOnce you have taken your measurements and calculated your surfaces to be tiled, go to step 2.\n\n<\/p>\t\t<\/div>\n\n\t\t\t\t\t\t<\/div>\n\t\t\t\t<\/div>\n\t\t\t\t\t<\/div>\n\t\t\t\t<\/div>\n\t\t<div class=\"elementor-element elementor-element-421c604 e-flex e-con-boxed e-con e-parent\" data-id=\"421c604\" data-element_type=\"container\" data-e-type=\"container\" data-settings=\"{&quot;background_background&quot;:&quot;classic&quot;}\">\n\t\t\t\t\t<div class=\"e-con-inner\">\n\t\t\t\t<div class=\"elementor-element elementor-element-429cf7d elementor-widget__width-initial elementor-widget elementor-widget-hub_fancy_heading\" data-id=\"429cf7d\" data-element_type=\"widget\" data-e-type=\"widget\" data-widget_type=\"hub_fancy_heading.default\">\n\t\t\t\t<div class=\"elementor-widget-container\">\n\t\t\t\t\t\n\t\t<div id=\"ld-fancy-heading-6a04ec0988d79\" class=\"ld-fancy-heading pos-rel\">\n\t\t\t<h3 class=\"ld-fh-element d-inline-block pos-rel  elementor-heading-title lqd-highlight-classic lqd-highlight-grow-left h3\"  > STEP #2<\/h3>\t\t<\/div>\n\n\t\t\t\t\t\t<\/div>\n\t\t\t\t<\/div>\n\t\t\t\t<div class=\"elementor-element elementor-element-8258650 elementor-widget__width-initial elementor-widget elementor-widget-hub_fancy_heading\" data-id=\"8258650\" data-element_type=\"widget\" data-e-type=\"widget\" data-widget_type=\"hub_fancy_heading.default\">\n\t\t\t\t<div class=\"elementor-widget-container\">\n\t\t\t\t\t\n\t\t<div id=\"ld-fancy-heading-6a04ec0989dbc\" class=\"ld-fancy-heading pos-rel\">\n\t\t\t<h3 class=\"ld-fh-element d-inline-block pos-rel  elementor-heading-title lqd-highlight-classic lqd-highlight-grow-left h3\"  > CHOOSE YOUR PRODUCT ON THE WEBSITE<\/h3>\t\t<\/div>\n\n\t\t\t\t\t\t<\/div>\n\t\t\t\t<\/div>\n\t\t\t\t<div class=\"elementor-element elementor-element-bbf33af elementor-widget__width-initial elementor-widget-mobile__width-inherit elementor-widget elementor-widget-hub_fancy_heading\" data-id=\"bbf33af\" data-element_type=\"widget\" data-e-type=\"widget\" data-widget_type=\"hub_fancy_heading.default\">\n\t\t\t\t<div class=\"elementor-widget-container\">\n\t\t\t\t\t\n\t\t<div id=\"ld-fancy-heading-6a04ec098ac88\" class=\"ld-fancy-heading pos-rel\">\n\t\t\t<p class=\"ld-fh-element d-inline-block pos-rel  lqd-highlight-classic lqd-highlight-grow-left p\"  > We are here to help you, so don&#039;t hesitate to ask our advice as manufacturer, read our buying guide online or order a sample if you prefer to see the product in the light of your home!<\/p>\t\t<\/div>\n\n\t\t\t\t\t\t<\/div>\n\t\t\t\t<\/div>\n\t\t\t\t\t<\/div>\n\t\t\t\t<\/div>\n\t\t<div class=\"elementor-element elementor-element-a5d5802 e-flex e-con-boxed e-con e-parent\" data-id=\"a5d5802\" data-element_type=\"container\" data-e-type=\"container\" data-settings=\"{&quot;background_background&quot;:&quot;classic&quot;}\">\n\t\t\t\t\t<div class=\"e-con-inner\">\n\t\t\t\t<div class=\"elementor-element elementor-element-ec0ff19 elementor-widget__width-initial elementor-widget elementor-widget-hub_fancy_heading\" data-id=\"ec0ff19\" data-element_type=\"widget\" data-e-type=\"widget\" data-widget_type=\"hub_fancy_heading.default\">\n\t\t\t\t<div class=\"elementor-widget-container\">\n\t\t\t\t\t\n\t\t<div id=\"ld-fancy-heading-6a04ec098bc6c\" class=\"ld-fancy-heading pos-rel\">\n\t\t\t<h3 class=\"ld-fh-element d-inline-block pos-rel  elementor-heading-title lqd-highlight-classic lqd-highlight-grow-left h3\"  > STEP #3<\/h3>\t\t<\/div>\n\n\t\t\t\t\t\t<\/div>\n\t\t\t\t<\/div>\n\t\t\t\t<div class=\"elementor-element elementor-element-25092cd elementor-widget__width-initial elementor-widget elementor-widget-hub_fancy_heading\" data-id=\"25092cd\" data-element_type=\"widget\" data-e-type=\"widget\" data-widget_type=\"hub_fancy_heading.default\">\n\t\t\t\t<div class=\"elementor-widget-container\">\n\t\t\t\t\t\n\t\t<div id=\"ld-fancy-heading-6a04ec098cb98\" class=\"ld-fancy-heading pos-rel\">\n\t\t\t<h3 class=\"ld-fh-element d-inline-block pos-rel  elementor-heading-title lqd-highlight-classic lqd-highlight-grow-left h3\"  > VALIDATE YOUR BASKET ON THE SITE<\/h3>\t\t<\/div>\n\n\t\t\t\t\t\t<\/div>\n\t\t\t\t<\/div>\n\t\t\t\t<div class=\"elementor-element elementor-element-d435963 elementor-widget__width-initial elementor-widget-mobile__width-inherit elementor-widget elementor-widget-hub_fancy_heading\" data-id=\"d435963\" data-element_type=\"widget\" data-e-type=\"widget\" data-widget_type=\"hub_fancy_heading.default\">\n\t\t\t\t<div class=\"elementor-widget-container\">\n\t\t\t\t\t\n\t\t<div id=\"ld-fancy-heading-6a04ec098db47\" class=\"ld-fancy-heading pos-rel\">\n\t\t\t<p class=\"ld-fh-element d-inline-block pos-rel  lqd-highlight-classic lqd-highlight-grow-left p\"  > Once you have found the product you like, vn&#039;hesitate to seek advice from our team, we will be happy to advise you.<\/p>\t\t<\/div>\n\n\t\t\t\t\t\t<\/div>\n\t\t\t\t<\/div>\n\t\t\t\t\t<\/div>\n\t\t\t\t<\/div>\n\t\t<div class=\"elementor-element elementor-element-67003b2 e-flex e-con-boxed e-con e-parent\" data-id=\"67003b2\" data-element_type=\"container\" data-e-type=\"container\" data-settings=\"{&quot;background_background&quot;:&quot;classic&quot;}\">\n\t\t\t\t\t<div class=\"e-con-inner\">\n\t\t\t\t<div class=\"elementor-element elementor-element-5fde6a0 elementor-widget__width-initial elementor-widget elementor-widget-hub_fancy_heading\" data-id=\"5fde6a0\" data-element_type=\"widget\" data-e-type=\"widget\" data-widget_type=\"hub_fancy_heading.default\">\n\t\t\t\t<div class=\"elementor-widget-container\">\n\t\t\t\t\t\n\t\t<div id=\"ld-fancy-heading-6a04ec098ebdc\" class=\"ld-fancy-heading pos-rel\">\n\t\t\t<h3 class=\"ld-fh-element d-inline-block pos-rel  elementor-heading-title lqd-highlight-classic lqd-highlight-grow-left h3\"  > STEP #4<\/h3>\t\t<\/div>\n\n\t\t\t\t\t\t<\/div>\n\t\t\t\t<\/div>\n\t\t\t\t<div class=\"elementor-element elementor-element-d1f13bd elementor-widget__width-initial elementor-widget elementor-widget-hub_fancy_heading\" data-id=\"d1f13bd\" data-element_type=\"widget\" data-e-type=\"widget\" data-widget_type=\"hub_fancy_heading.default\">\n\t\t\t\t<div class=\"elementor-widget-container\">\n\t\t\t\t\t\n\t\t<div id=\"ld-fancy-heading-6a04ec098fca7\" class=\"ld-fancy-heading pos-rel\">\n\t\t\t<h3 class=\"ld-fh-element d-inline-block pos-rel  elementor-heading-title lqd-highlight-classic lqd-highlight-grow-left h3\"  > CHOOSE YOUR FORM OF PAYMENT\/DELIVERY<\/h3>\t\t<\/div>\n\n\t\t\t\t\t\t<\/div>\n\t\t\t\t<\/div>\n\t\t\t\t<div class=\"elementor-element elementor-element-b027a67 elementor-widget__width-initial elementor-widget-mobile__width-inherit elementor-widget elementor-widget-hub_fancy_heading\" data-id=\"b027a67\" data-element_type=\"widget\" data-e-type=\"widget\" data-widget_type=\"hub_fancy_heading.default\">\n\t\t\t\t<div class=\"elementor-widget-container\">\n\t\t\t\t\t\n\t\t<div id=\"ld-fancy-heading-6a04ec0990ce0\" class=\"ld-fancy-heading pos-rel\">\n\t\t\t<p class=\"ld-fh-element d-inline-block pos-rel  lqd-highlight-classic lqd-highlight-grow-left p\"  > Our user-friendly online payment is completely secure. We accept all major credit cards and payments through Paypal. However, if you&#039;d rather opt for a mode of traditional regulation (bank transfer, cheque), it is possible also ! <\/p>\t\t<\/div>\n\n\t\t\t\t\t\t<\/div>\n\t\t\t\t<\/div>\n\t\t\t\t\t<\/div>\n\t\t\t\t<\/div>\n\t\t<div class=\"elementor-element elementor-element-5ba9a8f e-flex e-con-boxed e-con e-parent\" data-id=\"5ba9a8f\" data-element_type=\"container\" data-e-type=\"container\" data-settings=\"{&quot;background_background&quot;:&quot;classic&quot;}\">\n\t\t\t\t\t<div class=\"e-con-inner\">\n\t\t<div class=\"elementor-element elementor-element-f7453be e-con-full e-flex e-con e-child\" data-id=\"f7453be\" data-element_type=\"container\" data-e-type=\"container\" data-settings=\"{&quot;background_background&quot;:&quot;classic&quot;}\">\n\t\t\t\t<div class=\"elementor-element elementor-element-5b21b75 elementor-widget__width-initial elementor-widget elementor-widget-hub_fancy_heading\" data-id=\"5b21b75\" data-element_type=\"widget\" data-e-type=\"widget\" data-widget_type=\"hub_fancy_heading.default\">\n\t\t\t\t<div class=\"elementor-widget-container\">\n\t\t\t\t\t\n\t\t<div id=\"ld-fancy-heading-6a04ec0991d0e\" class=\"ld-fancy-heading pos-rel\">\n\t\t\t<h3 class=\"ld-fh-element d-inline-block pos-rel  elementor-heading-title lqd-highlight-classic lqd-highlight-grow-left h3\"  > STEP #4<\/h3>\t\t<\/div>\n\n\t\t\t\t\t\t<\/div>\n\t\t\t\t<\/div>\n\t\t\t\t<div class=\"elementor-element elementor-element-f5eeb10 elementor-widget__width-initial elementor-widget elementor-widget-hub_fancy_heading\" data-id=\"f5eeb10\" data-element_type=\"widget\" data-e-type=\"widget\" data-widget_type=\"hub_fancy_heading.default\">\n\t\t\t\t<div class=\"elementor-widget-container\">\n\t\t\t\t\t\n\t\t<div id=\"ld-fancy-heading-6a04ec0992cf2\" class=\"ld-fancy-heading pos-rel\">\n\t\t\t<h3 class=\"ld-fh-element d-inline-block pos-rel  elementor-heading-title lqd-highlight-classic lqd-highlight-grow-left h3\"  > DELIVERY<\/h3>\t\t<\/div>\n\n\t\t\t\t\t\t<\/div>\n\t\t\t\t<\/div>\n\t\t\t\t<div class=\"elementor-element elementor-element-973a5f4 elementor-widget__width-initial elementor-widget-mobile__width-inherit elementor-widget elementor-widget-hub_fancy_heading\" data-id=\"973a5f4\" data-element_type=\"widget\" data-e-type=\"widget\" data-widget_type=\"hub_fancy_heading.default\">\n\t\t\t\t<div class=\"elementor-widget-container\">\n\t\t\t\t\t\n\t\t<div id=\"ld-fancy-heading-6a04ec0993bfb\" class=\"ld-fancy-heading pos-rel\">\n\t\t\t<p class=\"ld-fh-element d-inline-block pos-rel  lqd-highlight-classic lqd-highlight-grow-left p\"  > Our products are available in stock! Therefore, once the order has been accepted and confirmed, it will take approximately 5 working days to delivery to you (but it is also possible to program delivery to a later date!).\n\nBefore delivery, our carrier will contact you to arrange an appointment.\n\nThe delivery will take place at the edge of the property, that is to say, the pallet will be placed in front of your home and your yard.<\/p>\t\t<\/div>\n\n\t\t\t\t\t\t<\/div>\n\t\t\t\t<\/div>\n\t\t\t\t<\/div>\n\t\t\t\t\t<\/div>\n\t\t\t\t<\/div>\n\t\t\t\t<\/div>","protected":false},"excerpt":{"rendered":"<p>Comment Fonctionne MOM Design MOM Design c&rsquo;est tout simplement le sp\u00e9cialiste de la d\u00e9coration murale d&rsquo;int\u00e9rieur en France et en Europe. Nous fabriquons et concevons les produits les plus tendances pour d\u00e9corer vos murs. Choisissez entre nos plinthes, cimaises, rev\u00eatements muraux ainsi que nos s\u00e9parateurs de pi\u00e8ces. MOM Design, c&rsquo;est le choix du design avant [&hellip;]<\/p>\n","protected":false},"author":3,"featured_media":0,"parent":0,"menu_order":0,"comment_status":"closed","ping_status":"closed","template":"","meta":{"_acf_changed":false,"footnotes":""},"class_list":["post-6544","page","type-page","status-publish","hentry"],"acf":[],"yoast_head":"<!-- This site is optimized with the Yoast SEO plugin v27.0 - https:\/\/yoast.com\/product\/yoast-seo-wordpress\/ -->\n<title>Fonctionnement | MOM DESIGN<\/title>\n<meta name=\"robots\" content=\"index, follow, max-snippet:-1, max-image-preview:large, max-video-preview:-1\" \/>\n<link rel=\"canonical\" href=\"https:\/\/mom-design.com\/en\/fonctionnement\/\" \/>\n<meta property=\"og:locale\" content=\"en_US\" \/>\n<meta property=\"og:type\" content=\"article\" \/>\n<meta property=\"og:title\" content=\"Fonctionnement | MOM DESIGN\" \/>\n<meta property=\"og:description\" content=\"Comment Fonctionne MOM Design MOM Design c&rsquo;est tout simplement le sp\u00e9cialiste de la d\u00e9coration murale d&rsquo;int\u00e9rieur en France et en Europe. Nous fabriquons et concevons les produits les plus tendances pour d\u00e9corer vos murs. Choisissez entre nos plinthes, cimaises, rev\u00eatements muraux ainsi que nos s\u00e9parateurs de pi\u00e8ces. MOM Design, c&rsquo;est le choix du design avant [&hellip;]\" \/>\n<meta property=\"og:url\" content=\"https:\/\/mom-design.com\/en\/fonctionnement\/\" \/>\n<meta property=\"og:site_name\" content=\"MOM DESIGN\" \/>\n<meta property=\"article:modified_time\" content=\"2024-07-24T22:04:04+00:00\" \/>\n<meta name=\"twitter:card\" content=\"summary_large_image\" \/>\n<meta name=\"twitter:label1\" content=\"Est. reading time\" \/>\n\t<meta name=\"twitter:data1\" content=\"2 minutes\" \/>\n<script type=\"application\/ld+json\" class=\"yoast-schema-graph\">{\"@context\":\"https:\/\/schema.org\",\"@graph\":[{\"@type\":\"WebPage\",\"@id\":\"https:\/\/mom-design.com\/en\/fonctionnement\/\",\"url\":\"https:\/\/mom-design.com\/en\/fonctionnement\/\",\"name\":\"Fonctionnement | MOM DESIGN\",\"isPartOf\":{\"@id\":\"https:\/\/mom-design.com\/en\/#website\"},\"datePublished\":\"2024-07-23T01:37:23+00:00\",\"dateModified\":\"2024-07-24T22:04:04+00:00\",\"breadcrumb\":{\"@id\":\"https:\/\/mom-design.com\/en\/fonctionnement\/#breadcrumb\"},\"inLanguage\":\"en-US\",\"potentialAction\":[{\"@type\":\"ReadAction\",\"target\":[\"https:\/\/mom-design.com\/en\/fonctionnement\/\"]}]},{\"@type\":\"BreadcrumbList\",\"@id\":\"https:\/\/mom-design.com\/en\/fonctionnement\/#breadcrumb\",\"itemListElement\":[{\"@type\":\"ListItem\",\"position\":1,\"name\":\"D\u00e9coration murale d\u2019int\u00e9rieur\",\"item\":\"https:\/\/mom-design.com\/de\/\"},{\"@type\":\"ListItem\",\"position\":2,\"name\":\"Fonctionnement\"}]},{\"@type\":\"WebSite\",\"@id\":\"https:\/\/mom-design.com\/en\/#website\",\"url\":\"https:\/\/mom-design.com\/en\/\",\"name\":\"MOM DESIGN\",\"description\":\"Sp\u00e9cialiste du design mural d&#039;int\u00e9rieur\",\"potentialAction\":[{\"@type\":\"SearchAction\",\"target\":{\"@type\":\"EntryPoint\",\"urlTemplate\":\"https:\/\/mom-design.com\/en\/?s={search_term_string}\"},\"query-input\":{\"@type\":\"PropertyValueSpecification\",\"valueRequired\":true,\"valueName\":\"search_term_string\"}}],\"inLanguage\":\"en-US\"}]}<\/script>\n<!-- \/ Yoast SEO plugin. -->","yoast_head_json":{"title":"Fonctionnement | MOM DESIGN","robots":{"index":"index","follow":"follow","max-snippet":"max-snippet:-1","max-image-preview":"max-image-preview:large","max-video-preview":"max-video-preview:-1"},"canonical":"https:\/\/mom-design.com\/en\/fonctionnement\/","og_locale":"en_US","og_type":"article","og_title":"Fonctionnement | MOM DESIGN","og_description":"Comment Fonctionne MOM Design MOM Design c&rsquo;est tout simplement le sp\u00e9cialiste de la d\u00e9coration murale d&rsquo;int\u00e9rieur en France et en Europe. Nous fabriquons et concevons les produits les plus tendances pour d\u00e9corer vos murs. Choisissez entre nos plinthes, cimaises, rev\u00eatements muraux ainsi que nos s\u00e9parateurs de pi\u00e8ces. MOM Design, c&rsquo;est le choix du design avant [&hellip;]","og_url":"https:\/\/mom-design.com\/en\/fonctionnement\/","og_site_name":"MOM DESIGN","article_modified_time":"2024-07-24T22:04:04+00:00","twitter_card":"summary_large_image","twitter_misc":{"Est. reading time":"2 minutes"},"schema":{"@context":"https:\/\/schema.org","@graph":[{"@type":"WebPage","@id":"https:\/\/mom-design.com\/en\/fonctionnement\/","url":"https:\/\/mom-design.com\/en\/fonctionnement\/","name":"Fonctionnement | MOM DESIGN","isPartOf":{"@id":"https:\/\/mom-design.com\/en\/#website"},"datePublished":"2024-07-23T01:37:23+00:00","dateModified":"2024-07-24T22:04:04+00:00","breadcrumb":{"@id":"https:\/\/mom-design.com\/en\/fonctionnement\/#breadcrumb"},"inLanguage":"en-US","potentialAction":[{"@type":"ReadAction","target":["https:\/\/mom-design.com\/en\/fonctionnement\/"]}]},{"@type":"BreadcrumbList","@id":"https:\/\/mom-design.com\/en\/fonctionnement\/#breadcrumb","itemListElement":[{"@type":"ListItem","position":1,"name":"D\u00e9coration murale d\u2019int\u00e9rieur","item":"https:\/\/mom-design.com\/de\/"},{"@type":"ListItem","position":2,"name":"Fonctionnement"}]},{"@type":"WebSite","@id":"https:\/\/mom-design.com\/en\/#website","url":"https:\/\/mom-design.com\/en\/","name":"MOM DESIGN","description":"Sp\u00e9cialiste du design mural d'int\u00e9rieur","potentialAction":[{"@type":"SearchAction","target":{"@type":"EntryPoint","urlTemplate":"https:\/\/mom-design.com\/en\/?s={search_term_string}"},"query-input":{"@type":"PropertyValueSpecification","valueRequired":true,"valueName":"search_term_string"}}],"inLanguage":"en-US"}]}},"_links":{"self":[{"href":"https:\/\/mom-design.com\/en\/wp-json\/wp\/v2\/pages\/6544","targetHints":{"allow":["GET"]}}],"collection":[{"href":"https:\/\/mom-design.com\/en\/wp-json\/wp\/v2\/pages"}],"about":[{"href":"https:\/\/mom-design.com\/en\/wp-json\/wp\/v2\/types\/page"}],"author":[{"embeddable":true,"href":"https:\/\/mom-design.com\/en\/wp-json\/wp\/v2\/users\/3"}],"replies":[{"embeddable":true,"href":"https:\/\/mom-design.com\/en\/wp-json\/wp\/v2\/comments?post=6544"}],"version-history":[{"count":13,"href":"https:\/\/mom-design.com\/en\/wp-json\/wp\/v2\/pages\/6544\/revisions"}],"predecessor-version":[{"id":6736,"href":"https:\/\/mom-design.com\/en\/wp-json\/wp\/v2\/pages\/6544\/revisions\/6736"}],"wp:attachment":[{"href":"https:\/\/mom-design.com\/en\/wp-json\/wp\/v2\/media?parent=6544"}],"curies":[{"name":"wp","href":"https:\/\/api.w.org\/{rel}","templated":true}]}}