{"id":6665,"date":"2024-07-23T20:59:35","date_gmt":"2024-07-23T18:59:35","guid":{"rendered":"https:\/\/mom-design.com\/?post_type=product&#038;p=6665"},"modified":"2025-09-29T13:38:06","modified_gmt":"2025-09-29T11:38:06","slug":"cimaise-murale-blanche","status":"publish","type":"product","link":"https:\/\/mom-design.com\/en\/produit\/cimaises-1\/","title":{"rendered":"White wall rail 2 meters Philippe IV"},"content":{"rendered":"<h4>\u00a0 \u00a0 \u00a0 \u00a0 \u00a0 \u00a0 \u00a0 \u00a0 \u00a0 \u00a0 <span style=\"text-decoration: underline;\">Features :<br \/>\n<\/span><\/h4>\n<p>&#8211; <span style=\"text-decoration: underline;\">Color<\/span> : white<br \/>\n&#8211; <span style=\"text-decoration: underline;\">Material<\/span> : durable and lightweight<br \/>\n\u2013 Easy Installation<br \/>\n\u2013 Available with different types of fasteners<br \/>\n\u2013 Simple maintenance<\/p>\n<h4>\u00a0 \u00a0 \u00a0 \u00a0 \u00a0 \u00a0 \u00a0 \u00a0 \u00a0 \u00a0 <span style=\"text-decoration: underline;\">Why choose a wall mural white ?<\/span><\/h4>\n<p><strong>The <a href=\"https:\/\/mom-design.com\/en\/product\/cimaises-1\/\">picture rail wall<\/a> white<\/strong> is the <strong>perfect solution<\/strong> for those who want to expose their <strong>art and photos in a stylish manner<\/strong>. Its white color blends <strong>with all the decorations<\/strong>, whether modern, classic or minimalistic. In addition, this core provides a flexible solution to easily change your frames without damaging your walls.<\/p>\n<h4>\u00a0 \u00a0 \u00a0 \u00a0 \u00a0 \u00a0 \u00a0 \u00a0 \u00a0 \u00a0 <span style=\"text-decoration: underline;\">Quick and easy Installation<\/span><\/h4>\n<p>Installing our wall mural is incredibly easy.<strong> With the mounting accessories included,<\/strong> you can install it in just a few minutes. In addition, its lightweight design allows it to be installed on various types of walls.<\/p>\n<h4>\u00a0 \u00a0 \u00a0 \u00a0 \u00a0 \u00a0 \u00a0 \u00a0 \u00a0 \u00a0 \u00a0<span style=\"text-decoration: underline;\">Aesthetics and functionality<\/span><\/h4>\n<p>In addition to its practicality, this picture rail white mural adds <strong>a <a href=\"https:\/\/mom-design.com\/en\/product\/plinthes-12\/\">aesthetic touch to your interior<\/a><\/strong>. Its sleek design showcases of your works without overloading them. Whether you want to display family photos, works of art or degrees, this wall will value in a stylish manner. The maintenance of this picture rail is easy, u<strong>n simple damp cloth is enough to keep it clean and beautiful.<\/strong><\/p>\n<h4>\u00a0 \u00a0 \u00a0 \u00a0 \u00a0 \u00a0 \u00a0 \u00a0 \u00a0 \u00a0 <span style=\"text-decoration: underline;\">Additional benefits with MOM DESIGN<\/span><\/h4>\n<p><a href=\"https:\/\/mom-design.com\/en\/product\/cimaises-2\/\"><strong>In MOM DESIGN<\/strong><\/a>we are committed to provide products of higher quality, and this wall is available <strong>exclusively on our site<\/strong> with a special offer including <strong>delivery and free returns.\u00a0<\/strong><\/p>","protected":false},"excerpt":{"rendered":"<p><strong>This <a href=\"https:\/\/mom-design.com\/en\/cimaises\/\">wall mural white<\/a><\/strong> is ideal for display your art and photos with elegance. White in color, it easily fits into all styles of interior design. Available with shipping and free returns, it combines aesthetics and practicality for a refined interior. Buy it now to transform your space.<\/p>","protected":false},"featured_media":7249,"comment_status":"open","ping_status":"closed","template":"","meta":{"_acf_changed":false},"product_brand":[],"product_cat":[52],"product_tag":[],"class_list":{"0":"post-6665","1":"product","2":"type-product","3":"status-publish","4":"has-post-thumbnail","6":"product_cat-cimaises","7":"product_shipping_class-livraison-gls","9":"first","10":"instock","11":"taxable","12":"shipping-taxable","13":"purchasable","14":"product-type-simple","15":"add-to-wishlist-after_add_to_cart"},"acf":[],"yoast_head":"<!-- This site is optimized with the Yoast SEO plugin v27.0 - https:\/\/yoast.com\/product\/yoast-seo-wordpress\/ -->\n<title>Cimaise murale blanche 2 m\u00e8tres Philippe IV | MOM DESIGN<\/title>\n<meta name=\"description\" content=\"D\u00e9couvrez notre cimaise murale blanche pour sublimer votre int\u00e9rieur avec style. Installation facile, livraison et retours gratuits. Disponible \u00e0 prix r\u00e9duit exclusivement chez MOM DESIGN. Ne manquez pas l&#039;occasion d&#039;embellir vos murs !\" \/>\n<meta name=\"robots\" content=\"index, follow, max-snippet:-1, max-image-preview:large, max-video-preview:-1\" \/>\n<link rel=\"canonical\" href=\"https:\/\/mom-design.com\/en\/produit\/cimaises-1\/\" \/>\n<meta property=\"og:locale\" content=\"en_US\" \/>\n<meta property=\"og:type\" content=\"article\" \/>\n<meta property=\"og:title\" content=\"Cimaise murale blanche 2 m\u00e8tres Philippe IV | MOM DESIGN\" \/>\n<meta property=\"og:description\" content=\"D\u00e9couvrez notre cimaise murale blanche pour sublimer votre int\u00e9rieur avec style. Installation facile, livraison et retours gratuits. Disponible \u00e0 prix r\u00e9duit exclusivement chez MOM DESIGN. Ne manquez pas l&#039;occasion d&#039;embellir vos murs !\" \/>\n<meta property=\"og:url\" content=\"https:\/\/mom-design.com\/en\/produit\/cimaises-1\/\" \/>\n<meta property=\"og:site_name\" content=\"MOM DESIGN\" \/>\n<meta property=\"article:modified_time\" content=\"2025-09-29T11:38:06+00:00\" \/>\n<meta property=\"og:image\" content=\"https:\/\/mom-design.com\/wp-content\/uploads\/2024\/07\/cimaise-mom-design-C1.jpeg\" \/>\n\t<meta property=\"og:image:width\" content=\"718\" \/>\n\t<meta property=\"og:image:height\" content=\"538\" \/>\n\t<meta property=\"og:image:type\" content=\"image\/jpeg\" \/>\n<meta name=\"twitter:card\" content=\"summary_large_image\" \/>\n<meta name=\"twitter:label1\" content=\"Est. reading time\" \/>\n\t<meta name=\"twitter:data1\" content=\"2 minutes\" \/>\n<script type=\"application\/ld+json\" class=\"yoast-schema-graph\">{\"@context\":\"https:\/\/schema.org\",\"@graph\":[{\"@type\":\"WebPage\",\"@id\":\"https:\/\/mom-design.com\/en\/produit\/cimaises-1\/\",\"url\":\"https:\/\/mom-design.com\/en\/produit\/cimaises-1\/\",\"name\":\"Cimaise murale blanche 2 m\u00e8tres Philippe IV | MOM DESIGN\",\"isPartOf\":{\"@id\":\"https:\/\/mom-design.com\/en\/#website\"},\"primaryImageOfPage\":{\"@id\":\"https:\/\/mom-design.com\/en\/produit\/cimaises-1\/#primaryimage\"},\"image\":{\"@id\":\"https:\/\/mom-design.com\/en\/produit\/cimaises-1\/#primaryimage\"},\"thumbnailUrl\":\"https:\/\/mom-design.com\/wp-content\/uploads\/2024\/07\/cimaise-mom-design-C1.jpeg\",\"datePublished\":\"2024-07-23T18:59:35+00:00\",\"dateModified\":\"2025-09-29T11:38:06+00:00\",\"description\":\"D\u00e9couvrez notre cimaise murale blanche pour sublimer votre int\u00e9rieur avec style. Installation facile, livraison et retours gratuits. Disponible \u00e0 prix r\u00e9duit exclusivement chez MOM DESIGN. Ne manquez pas l'occasion d'embellir vos murs !\",\"breadcrumb\":{\"@id\":\"https:\/\/mom-design.com\/en\/produit\/cimaises-1\/#breadcrumb\"},\"inLanguage\":\"en-US\",\"potentialAction\":[{\"@type\":\"ReadAction\",\"target\":[\"https:\/\/mom-design.com\/en\/produit\/cimaises-1\/\"]}]},{\"@type\":\"ImageObject\",\"inLanguage\":\"en-US\",\"@id\":\"https:\/\/mom-design.com\/en\/produit\/cimaises-1\/#primaryimage\",\"url\":\"https:\/\/mom-design.com\/wp-content\/uploads\/2024\/07\/cimaise-mom-design-C1.jpeg\",\"contentUrl\":\"https:\/\/mom-design.com\/wp-content\/uploads\/2024\/07\/cimaise-mom-design-C1.jpeg\",\"width\":718,\"height\":538,\"caption\":\"cimaise mom design C1\"},{\"@type\":\"BreadcrumbList\",\"@id\":\"https:\/\/mom-design.com\/en\/produit\/cimaises-1\/#breadcrumb\",\"itemListElement\":[{\"@type\":\"ListItem\",\"position\":1,\"name\":\"D\u00e9coration murale d\u2019int\u00e9rieur\",\"item\":\"https:\/\/mom-design.com\/de\/\"},{\"@type\":\"ListItem\",\"position\":2,\"name\":\"Cimaise murale blanche 2 m\u00e8tres Philippe IV\"}]},{\"@type\":\"WebSite\",\"@id\":\"https:\/\/mom-design.com\/en\/#website\",\"url\":\"https:\/\/mom-design.com\/en\/\",\"name\":\"MOM DESIGN\",\"description\":\"Sp\u00e9cialiste du design mural d&#039;int\u00e9rieur\",\"potentialAction\":[{\"@type\":\"SearchAction\",\"target\":{\"@type\":\"EntryPoint\",\"urlTemplate\":\"https:\/\/mom-design.com\/en\/?s={search_term_string}\"},\"query-input\":{\"@type\":\"PropertyValueSpecification\",\"valueRequired\":true,\"valueName\":\"search_term_string\"}}],\"inLanguage\":\"en-US\"}]}<\/script>\n<!-- \/ Yoast SEO plugin. -->","yoast_head_json":{"title":"Cimaise murale blanche 2 m\u00e8tres Philippe IV | MOM DESIGN","description":"D\u00e9couvrez notre cimaise murale blanche pour sublimer votre int\u00e9rieur avec style. Installation facile, livraison et retours gratuits. Disponible \u00e0 prix r\u00e9duit exclusivement chez MOM DESIGN. Ne manquez pas l'occasion d'embellir vos murs !","robots":{"index":"index","follow":"follow","max-snippet":"max-snippet:-1","max-image-preview":"max-image-preview:large","max-video-preview":"max-video-preview:-1"},"canonical":"https:\/\/mom-design.com\/en\/produit\/cimaises-1\/","og_locale":"en_US","og_type":"article","og_title":"Cimaise murale blanche 2 m\u00e8tres Philippe IV | MOM DESIGN","og_description":"D\u00e9couvrez notre cimaise murale blanche pour sublimer votre int\u00e9rieur avec style. Installation facile, livraison et retours gratuits. Disponible \u00e0 prix r\u00e9duit exclusivement chez MOM DESIGN. Ne manquez pas l'occasion d'embellir vos murs !","og_url":"https:\/\/mom-design.com\/en\/produit\/cimaises-1\/","og_site_name":"MOM DESIGN","article_modified_time":"2025-09-29T11:38:06+00:00","og_image":[{"width":718,"height":538,"url":"https:\/\/mom-design.com\/wp-content\/uploads\/2024\/07\/cimaise-mom-design-C1.jpeg","type":"image\/jpeg"}],"twitter_card":"summary_large_image","twitter_misc":{"Est. reading time":"2 minutes"},"schema":{"@context":"https:\/\/schema.org","@graph":[{"@type":"WebPage","@id":"https:\/\/mom-design.com\/en\/produit\/cimaises-1\/","url":"https:\/\/mom-design.com\/en\/produit\/cimaises-1\/","name":"Cimaise murale blanche 2 m\u00e8tres Philippe IV | MOM DESIGN","isPartOf":{"@id":"https:\/\/mom-design.com\/en\/#website"},"primaryImageOfPage":{"@id":"https:\/\/mom-design.com\/en\/produit\/cimaises-1\/#primaryimage"},"image":{"@id":"https:\/\/mom-design.com\/en\/produit\/cimaises-1\/#primaryimage"},"thumbnailUrl":"https:\/\/mom-design.com\/wp-content\/uploads\/2024\/07\/cimaise-mom-design-C1.jpeg","datePublished":"2024-07-23T18:59:35+00:00","dateModified":"2025-09-29T11:38:06+00:00","description":"D\u00e9couvrez notre cimaise murale blanche pour sublimer votre int\u00e9rieur avec style. Installation facile, livraison et retours gratuits. Disponible \u00e0 prix r\u00e9duit exclusivement chez MOM DESIGN. Ne manquez pas l'occasion d'embellir vos murs !","breadcrumb":{"@id":"https:\/\/mom-design.com\/en\/produit\/cimaises-1\/#breadcrumb"},"inLanguage":"en-US","potentialAction":[{"@type":"ReadAction","target":["https:\/\/mom-design.com\/en\/produit\/cimaises-1\/"]}]},{"@type":"ImageObject","inLanguage":"en-US","@id":"https:\/\/mom-design.com\/en\/produit\/cimaises-1\/#primaryimage","url":"https:\/\/mom-design.com\/wp-content\/uploads\/2024\/07\/cimaise-mom-design-C1.jpeg","contentUrl":"https:\/\/mom-design.com\/wp-content\/uploads\/2024\/07\/cimaise-mom-design-C1.jpeg","width":718,"height":538,"caption":"cimaise mom design C1"},{"@type":"BreadcrumbList","@id":"https:\/\/mom-design.com\/en\/produit\/cimaises-1\/#breadcrumb","itemListElement":[{"@type":"ListItem","position":1,"name":"D\u00e9coration murale d\u2019int\u00e9rieur","item":"https:\/\/mom-design.com\/de\/"},{"@type":"ListItem","position":2,"name":"Cimaise murale blanche 2 m\u00e8tres Philippe IV"}]},{"@type":"WebSite","@id":"https:\/\/mom-design.com\/en\/#website","url":"https:\/\/mom-design.com\/en\/","name":"MOM DESIGN","description":"Sp\u00e9cialiste du design mural d'int\u00e9rieur","potentialAction":[{"@type":"SearchAction","target":{"@type":"EntryPoint","urlTemplate":"https:\/\/mom-design.com\/en\/?s={search_term_string}"},"query-input":{"@type":"PropertyValueSpecification","valueRequired":true,"valueName":"search_term_string"}}],"inLanguage":"en-US"}]}},"_links":{"self":[{"href":"https:\/\/mom-design.com\/en\/wp-json\/wp\/v2\/product\/6665","targetHints":{"allow":["GET"]}}],"collection":[{"href":"https:\/\/mom-design.com\/en\/wp-json\/wp\/v2\/product"}],"about":[{"href":"https:\/\/mom-design.com\/en\/wp-json\/wp\/v2\/types\/product"}],"replies":[{"embeddable":true,"href":"https:\/\/mom-design.com\/en\/wp-json\/wp\/v2\/comments?post=6665"}],"wp:featuredmedia":[{"embeddable":true,"href":"https:\/\/mom-design.com\/en\/wp-json\/wp\/v2\/media\/7249"}],"wp:attachment":[{"href":"https:\/\/mom-design.com\/en\/wp-json\/wp\/v2\/media?parent=6665"}],"wp:term":[{"taxonomy":"product_brand","embeddable":true,"href":"https:\/\/mom-design.com\/en\/wp-json\/wp\/v2\/product_brand?post=6665"},{"taxonomy":"product_cat","embeddable":true,"href":"https:\/\/mom-design.com\/en\/wp-json\/wp\/v2\/product_cat?post=6665"},{"taxonomy":"product_tag","embeddable":true,"href":"https:\/\/mom-design.com\/en\/wp-json\/wp\/v2\/product_tag?post=6665"}],"curies":[{"name":"wp","href":"https:\/\/api.w.org\/{rel}","templated":true}]}}