{"id":6666,"date":"2024-07-23T21:00:18","date_gmt":"2024-07-23T19:00:18","guid":{"rendered":"https:\/\/mom-design.com\/?post_type=product&#038;p=6666"},"modified":"2025-07-22T20:24:49","modified_gmt":"2025-07-22T18:24:49","slug":"cimaise-murale-blanche-2","status":"publish","type":"product","link":"https:\/\/mom-design.com\/en\/produit\/cimaises-2\/","title":{"rendered":"White wall rail 2 meters Philippe III"},"content":{"rendered":"<h4>\u00a0 \u00a0 \u00a0 \u00a0 \u00a0 \u00a0 \u00a0 \u00a0 <span style=\"text-decoration: underline;\">Features :<\/span><\/h4>\n<p>&#8211; <span style=\"text-decoration: underline;\">Color<\/span> : white<br \/>\n\u2013 Easy to install<br \/>\n\u2013 Available with various mounting accessories<\/p>\n<h4>\u00a0 \u00a0 \u00a0 \u00a0 \u00a0 \u00a0 \u00a0 <span style=\"text-decoration: underline;\">An elegant solution to exhibit your work<\/span><\/h4>\n<p><strong>Opt for our <a href=\"https:\/\/mom-design.com\/en\/product\/cimaises-1\/\">wall mural white<\/a><\/strong> to highlight your<strong> tables<\/strong>, <strong>photos<\/strong> or <strong>illustrations<\/strong> while maintaining a chic interior and sleek. Thanks to its <strong>color white<\/strong>it blends harmoniously with <strong>all styles of decor<\/strong>. Whether you have a modern or more traditional, this wall easily adapts to your space.<\/p>\n<h4>\u00a0 \u00a0 \u00a0 \u00a0 \u00a0 \u00a0 \u00a0 <span style=\"text-decoration: underline;\">Easy, flexible Installation<\/span><\/h4>\n<p>The installation of this wall mural white<strong> quick and simple<\/strong>, which makes it an ideal solution for those who want a mount without effort. It is provided with all the necessary accessories to <strong>a secure fastening<\/strong>, ensuring optimal stability for your works. In addition, the ability to easily move the frames and tables allows you to change your decoration according to your desires, or new acquisitions.<\/p>\n<h4>\u00a0 \u00a0 \u00a0 \u00a0 \u00a0 \u00a0 \u00a0 <span style=\"text-decoration: underline;\">Versatility and adaptability<\/span><\/h4>\n<p><strong>This model <a href=\"https:\/\/mom-design.com\/en\/product\/cimaises-2\/\">picture rail wall<\/a> is not only aesthetic, but also extremely functional.<\/strong> It allows you to suspend multiple frames simultaneously, thus offering a great flexibility in the arrangement of your wall decor. Whether it is for a <strong>home use or professional<\/strong>as in the art galleries or offices, this wall meets all the needs of the exposure.<\/p>\n<h4>\u00a0 \u00a0 \u00a0 \u00a0 \u00a0 \u00a0 \u00a0 <span style=\"text-decoration: underline;\">A superior quality home MOM DESIGN<\/span><\/h4>\n<p><a href=\"https:\/\/mom-design.com\/en\/plinthes\/\"><strong>In MOM DESIGN<\/strong><\/a>we are committed to providing high-quality products. By choosing our picture rail, you also get dedicated customer service, expert advice in a wall decoration, and our special offer including <strong>delivery and free returns<\/strong>. This offer is available exclusively on our site, therefore, do not fail an opportunity to elevate your space with our elegant solutions and practices.<\/p>","protected":false},"excerpt":{"rendered":"<p><strong>This <a href=\"https:\/\/mom-design.com\/en\/cimaises\/\">wall mural white<\/a>,<\/strong> a neutral color and elegant, is ideal for suspending and showcase your works of art and favorite photos. Easy to install, it adapts perfectly to any type of interior decorations, whether it be modern or classic. A product practical and aesthetically pleasing, which allows you to easily renew your wall decor.<\/p>","protected":false},"featured_media":7250,"comment_status":"open","ping_status":"closed","template":"","meta":{"_acf_changed":false},"product_brand":[],"product_cat":[52],"product_tag":[],"class_list":{"0":"post-6666","1":"product","2":"type-product","3":"status-publish","4":"has-post-thumbnail","6":"product_cat-cimaises","7":"product_shipping_class-livraison-gls","9":"first","10":"instock","11":"taxable","12":"shipping-taxable","13":"purchasable","14":"product-type-simple","15":"add-to-wishlist-after_add_to_cart"},"acf":[],"yoast_head":"<!-- This site is optimized with the Yoast SEO plugin v27.0 - https:\/\/yoast.com\/product\/yoast-seo-wordpress\/ -->\n<title>Cimaise murale blanche 2 m\u00e8tres Philippe III | MOM DESIGN<\/title>\n<meta name=\"description\" content=\"D\u00e9couvrez notre cimaise murale blanche, parfaite pour exposer vos \u0153uvres avec \u00e9l\u00e9gance. Installation facile, avec livraison et retours gratuits chez MOM DESIGN. Profitez-en d\u00e8s maintenant pour transformer votre int\u00e9rieur.\" \/>\n<meta name=\"robots\" content=\"index, follow, max-snippet:-1, max-image-preview:large, max-video-preview:-1\" \/>\n<link rel=\"canonical\" href=\"https:\/\/mom-design.com\/en\/produit\/cimaises-2\/\" \/>\n<meta property=\"og:locale\" content=\"en_US\" \/>\n<meta property=\"og:type\" content=\"article\" \/>\n<meta property=\"og:title\" content=\"Cimaise murale blanche 2 m\u00e8tres Philippe III | MOM DESIGN\" \/>\n<meta property=\"og:description\" content=\"D\u00e9couvrez notre cimaise murale blanche, parfaite pour exposer vos \u0153uvres avec \u00e9l\u00e9gance. Installation facile, avec livraison et retours gratuits chez MOM DESIGN. Profitez-en d\u00e8s maintenant pour transformer votre int\u00e9rieur.\" \/>\n<meta property=\"og:url\" content=\"https:\/\/mom-design.com\/en\/produit\/cimaises-2\/\" \/>\n<meta property=\"og:site_name\" content=\"MOM DESIGN\" \/>\n<meta property=\"article:modified_time\" content=\"2025-07-22T18:24:49+00:00\" \/>\n<meta property=\"og:image\" content=\"https:\/\/mom-design.com\/wp-content\/uploads\/2024\/07\/cimaise-mom-design-C2.jpeg\" \/>\n\t<meta property=\"og:image:width\" content=\"718\" \/>\n\t<meta property=\"og:image:height\" content=\"538\" \/>\n\t<meta property=\"og:image:type\" content=\"image\/jpeg\" \/>\n<meta name=\"twitter:card\" content=\"summary_large_image\" \/>\n<meta name=\"twitter:label1\" content=\"Est. reading time\" \/>\n\t<meta name=\"twitter:data1\" content=\"2 minutes\" \/>\n<script type=\"application\/ld+json\" class=\"yoast-schema-graph\">{\"@context\":\"https:\/\/schema.org\",\"@graph\":[{\"@type\":\"WebPage\",\"@id\":\"https:\/\/mom-design.com\/en\/produit\/cimaises-2\/\",\"url\":\"https:\/\/mom-design.com\/en\/produit\/cimaises-2\/\",\"name\":\"Cimaise murale blanche 2 m\u00e8tres Philippe III | MOM DESIGN\",\"isPartOf\":{\"@id\":\"https:\/\/mom-design.com\/en\/#website\"},\"primaryImageOfPage\":{\"@id\":\"https:\/\/mom-design.com\/en\/produit\/cimaises-2\/#primaryimage\"},\"image\":{\"@id\":\"https:\/\/mom-design.com\/en\/produit\/cimaises-2\/#primaryimage\"},\"thumbnailUrl\":\"https:\/\/mom-design.com\/wp-content\/uploads\/2024\/07\/cimaise-mom-design-C2.jpeg\",\"datePublished\":\"2024-07-23T19:00:18+00:00\",\"dateModified\":\"2025-07-22T18:24:49+00:00\",\"description\":\"D\u00e9couvrez notre cimaise murale blanche, parfaite pour exposer vos \u0153uvres avec \u00e9l\u00e9gance. Installation facile, avec livraison et retours gratuits chez MOM DESIGN. Profitez-en d\u00e8s maintenant pour transformer votre int\u00e9rieur.\",\"breadcrumb\":{\"@id\":\"https:\/\/mom-design.com\/en\/produit\/cimaises-2\/#breadcrumb\"},\"inLanguage\":\"en-US\",\"potentialAction\":[{\"@type\":\"ReadAction\",\"target\":[\"https:\/\/mom-design.com\/en\/produit\/cimaises-2\/\"]}]},{\"@type\":\"ImageObject\",\"inLanguage\":\"en-US\",\"@id\":\"https:\/\/mom-design.com\/en\/produit\/cimaises-2\/#primaryimage\",\"url\":\"https:\/\/mom-design.com\/wp-content\/uploads\/2024\/07\/cimaise-mom-design-C2.jpeg\",\"contentUrl\":\"https:\/\/mom-design.com\/wp-content\/uploads\/2024\/07\/cimaise-mom-design-C2.jpeg\",\"width\":718,\"height\":538,\"caption\":\"cimaise mom design C2 blanche\"},{\"@type\":\"BreadcrumbList\",\"@id\":\"https:\/\/mom-design.com\/en\/produit\/cimaises-2\/#breadcrumb\",\"itemListElement\":[{\"@type\":\"ListItem\",\"position\":1,\"name\":\"D\u00e9coration murale d\u2019int\u00e9rieur\",\"item\":\"https:\/\/mom-design.com\/de\/\"},{\"@type\":\"ListItem\",\"position\":2,\"name\":\"Cimaise murale blanche 2 m\u00e8tres Philippe III\"}]},{\"@type\":\"WebSite\",\"@id\":\"https:\/\/mom-design.com\/en\/#website\",\"url\":\"https:\/\/mom-design.com\/en\/\",\"name\":\"MOM DESIGN\",\"description\":\"Sp\u00e9cialiste du design mural d&#039;int\u00e9rieur\",\"potentialAction\":[{\"@type\":\"SearchAction\",\"target\":{\"@type\":\"EntryPoint\",\"urlTemplate\":\"https:\/\/mom-design.com\/en\/?s={search_term_string}\"},\"query-input\":{\"@type\":\"PropertyValueSpecification\",\"valueRequired\":true,\"valueName\":\"search_term_string\"}}],\"inLanguage\":\"en-US\"}]}<\/script>\n<!-- \/ Yoast SEO plugin. -->","yoast_head_json":{"title":"Cimaise murale blanche 2 m\u00e8tres Philippe III | MOM DESIGN","description":"D\u00e9couvrez notre cimaise murale blanche, parfaite pour exposer vos \u0153uvres avec \u00e9l\u00e9gance. Installation facile, avec livraison et retours gratuits chez MOM DESIGN. Profitez-en d\u00e8s maintenant pour transformer votre int\u00e9rieur.","robots":{"index":"index","follow":"follow","max-snippet":"max-snippet:-1","max-image-preview":"max-image-preview:large","max-video-preview":"max-video-preview:-1"},"canonical":"https:\/\/mom-design.com\/en\/produit\/cimaises-2\/","og_locale":"en_US","og_type":"article","og_title":"Cimaise murale blanche 2 m\u00e8tres Philippe III | MOM DESIGN","og_description":"D\u00e9couvrez notre cimaise murale blanche, parfaite pour exposer vos \u0153uvres avec \u00e9l\u00e9gance. Installation facile, avec livraison et retours gratuits chez MOM DESIGN. Profitez-en d\u00e8s maintenant pour transformer votre int\u00e9rieur.","og_url":"https:\/\/mom-design.com\/en\/produit\/cimaises-2\/","og_site_name":"MOM DESIGN","article_modified_time":"2025-07-22T18:24:49+00:00","og_image":[{"width":718,"height":538,"url":"https:\/\/mom-design.com\/wp-content\/uploads\/2024\/07\/cimaise-mom-design-C2.jpeg","type":"image\/jpeg"}],"twitter_card":"summary_large_image","twitter_misc":{"Est. reading time":"2 minutes"},"schema":{"@context":"https:\/\/schema.org","@graph":[{"@type":"WebPage","@id":"https:\/\/mom-design.com\/en\/produit\/cimaises-2\/","url":"https:\/\/mom-design.com\/en\/produit\/cimaises-2\/","name":"Cimaise murale blanche 2 m\u00e8tres Philippe III | MOM DESIGN","isPartOf":{"@id":"https:\/\/mom-design.com\/en\/#website"},"primaryImageOfPage":{"@id":"https:\/\/mom-design.com\/en\/produit\/cimaises-2\/#primaryimage"},"image":{"@id":"https:\/\/mom-design.com\/en\/produit\/cimaises-2\/#primaryimage"},"thumbnailUrl":"https:\/\/mom-design.com\/wp-content\/uploads\/2024\/07\/cimaise-mom-design-C2.jpeg","datePublished":"2024-07-23T19:00:18+00:00","dateModified":"2025-07-22T18:24:49+00:00","description":"D\u00e9couvrez notre cimaise murale blanche, parfaite pour exposer vos \u0153uvres avec \u00e9l\u00e9gance. Installation facile, avec livraison et retours gratuits chez MOM DESIGN. Profitez-en d\u00e8s maintenant pour transformer votre int\u00e9rieur.","breadcrumb":{"@id":"https:\/\/mom-design.com\/en\/produit\/cimaises-2\/#breadcrumb"},"inLanguage":"en-US","potentialAction":[{"@type":"ReadAction","target":["https:\/\/mom-design.com\/en\/produit\/cimaises-2\/"]}]},{"@type":"ImageObject","inLanguage":"en-US","@id":"https:\/\/mom-design.com\/en\/produit\/cimaises-2\/#primaryimage","url":"https:\/\/mom-design.com\/wp-content\/uploads\/2024\/07\/cimaise-mom-design-C2.jpeg","contentUrl":"https:\/\/mom-design.com\/wp-content\/uploads\/2024\/07\/cimaise-mom-design-C2.jpeg","width":718,"height":538,"caption":"cimaise mom design C2 blanche"},{"@type":"BreadcrumbList","@id":"https:\/\/mom-design.com\/en\/produit\/cimaises-2\/#breadcrumb","itemListElement":[{"@type":"ListItem","position":1,"name":"D\u00e9coration murale d\u2019int\u00e9rieur","item":"https:\/\/mom-design.com\/de\/"},{"@type":"ListItem","position":2,"name":"Cimaise murale blanche 2 m\u00e8tres Philippe III"}]},{"@type":"WebSite","@id":"https:\/\/mom-design.com\/en\/#website","url":"https:\/\/mom-design.com\/en\/","name":"MOM DESIGN","description":"Sp\u00e9cialiste du design mural d'int\u00e9rieur","potentialAction":[{"@type":"SearchAction","target":{"@type":"EntryPoint","urlTemplate":"https:\/\/mom-design.com\/en\/?s={search_term_string}"},"query-input":{"@type":"PropertyValueSpecification","valueRequired":true,"valueName":"search_term_string"}}],"inLanguage":"en-US"}]}},"_links":{"self":[{"href":"https:\/\/mom-design.com\/en\/wp-json\/wp\/v2\/product\/6666","targetHints":{"allow":["GET"]}}],"collection":[{"href":"https:\/\/mom-design.com\/en\/wp-json\/wp\/v2\/product"}],"about":[{"href":"https:\/\/mom-design.com\/en\/wp-json\/wp\/v2\/types\/product"}],"replies":[{"embeddable":true,"href":"https:\/\/mom-design.com\/en\/wp-json\/wp\/v2\/comments?post=6666"}],"wp:featuredmedia":[{"embeddable":true,"href":"https:\/\/mom-design.com\/en\/wp-json\/wp\/v2\/media\/7250"}],"wp:attachment":[{"href":"https:\/\/mom-design.com\/en\/wp-json\/wp\/v2\/media?parent=6666"}],"wp:term":[{"taxonomy":"product_brand","embeddable":true,"href":"https:\/\/mom-design.com\/en\/wp-json\/wp\/v2\/product_brand?post=6666"},{"taxonomy":"product_cat","embeddable":true,"href":"https:\/\/mom-design.com\/en\/wp-json\/wp\/v2\/product_cat?post=6666"},{"taxonomy":"product_tag","embeddable":true,"href":"https:\/\/mom-design.com\/en\/wp-json\/wp\/v2\/product_tag?post=6666"}],"curies":[{"name":"wp","href":"https:\/\/api.w.org\/{rel}","templated":true}]}}