{"id":6686,"date":"2024-07-23T21:10:24","date_gmt":"2024-07-23T19:10:24","guid":{"rendered":"https:\/\/mom-design.com\/?post_type=product&#038;p=6686"},"modified":"2025-09-08T11:22:02","modified_gmt":"2025-09-08T09:22:02","slug":"plaque-marbre-en-pvc-3","status":"publish","type":"product","link":"https:\/\/mom-design.com\/en\/produit\/revetement-mural-10\/","title":{"rendered":"Marble slab in Grey \/ Black gloss pvc 2.40 m x 1.20 m"},"content":{"rendered":"<h4>\u00a0 \u00a0 \u00a0 \u00a0 \u00a0 \u00a0 \u00a0 \u00a0 \u00a0 \u00a0 \u00a0 <span style=\"text-decoration: underline;\">Features :<\/span><\/h4>\n<p>&#8211; <span style=\"text-decoration: underline;\">Material<\/span> : PVC imitation marble<br \/>\n\u2013 Maintenance-free, resistant to stains and moisture<br \/>\n&#8211; <span style=\"text-decoration: underline;\">Use<\/span> : walls, furniture, work plans<\/p>\n<h4>\u00a0 \u00a0 \u00a0 \u00a0 \u00a0 \u00a0 \u00a0 \u00a0 \u00a0 \u00a0 \u00a0<span style=\"text-decoration: underline;\">Add a Touch of Elegance with the Plate Marble PVC<\/span><\/h4>\n<p><strong>With the <a href=\"https:\/\/mom-design.com\/en\/product\/revetement-mural-11\/\">plate marble PVC<\/a><\/strong>,<strong> it is now possible to instantly turn your interior into a space chic and modern<\/strong>. Its finish that mimics perfectly the natural marble, it offers an aesthetic luxury, without the constraints associated with the marble real. Whether for <strong>decorate your walls<\/strong>, <strong>dress up a piece of furniture<\/strong>or create a work plan stylish, this all-purpose plate fits<strong> all your desires decorative<\/strong>.<\/p>\n<h4>\u00a0 \u00a0 \u00a0 \u00a0 \u00a0 \u00a0 \u00a0 \u00a0 \u00a0 \u00a0 \u00a0<span style=\"text-decoration: underline;\">Quick and Easy Installation<\/span><\/h4>\n<p>One of the main qualities of the plate marble PVC is its ease of installation. Thanks to its lightness, it can be manipulated and posed without effort. In addition, its standard dimension allows you to quickly cover large surfaces, while offering the possibility of cutting the plate according to the specific needs of your project. You can create <strong>a <a href=\"https:\/\/mom-design.com\/en\/product\/revetement-mural-12\/\">marbled effect mind-blowing<\/a> in just a few steps.<\/strong><\/p>\n<h4>\u00a0 \u00a0 \u00a0 \u00a0 \u00a0 \u00a0 \u00a0 \u00a0 \u00a0 \u00a0 \u00a0<span style=\"text-decoration: underline;\">Minimal Maintenance for Maximum Elegance<\/span><\/h4>\n<p>Opt for a plate marble PVC, it is to choose the <strong>simplicity<\/strong> and the <strong>sustainability<\/strong>. Unlike the marble true that requires regular maintenance, this plate is designed to resist stains, moisture and scratches. <strong>A simple damp cloth is sufficient to maintain its shine and radiance<\/strong>. Thus, you can enjoy a sophisticated interior without the worries of maintenance. In addition, its resistance to cleaning agents-current makes it ideal for kitchens and bathrooms, where hygiene is paramount.<\/p>\n<h4>\u00a0 \u00a0 \u00a0 \u00a0 \u00a0 \u00a0 \u00a0 \u00a0 \u00a0 \u00a0 \u00a0 <span style=\"text-decoration: underline;\">Why Choose MOM DESIGN ?<\/span><\/h4>\n<p><a href=\"https:\/\/mom-design.com\/en\/cimaises\/\"><strong>In MOM DESIGN<\/strong><\/a>we are committed to provide decorative solutions that combine aesthetics and functionality. The plate marble PVC is one of our flagship products, combining quality, durability and competitive price. We not only offer high-quality products, but also exceptional customer service with <strong>delivery and free returns<\/strong> .<\/p>","protected":false},"excerpt":{"rendered":"<p><a href=\"https:\/\/mom-design.com\/en\/revetement-mural\/\"><strong>The plate marble PVC<\/strong><\/a> combines the elegance of marble with the lightness and durability of PVC. This plate is ideal for transforming walls and surfaces of your interior in a blink of an eye. Offering a marbled effect realistic small price, it is easy to install and maintenance-free, ensuring a decorative solution practical and modern.<\/p>","protected":false},"featured_media":7401,"comment_status":"open","ping_status":"closed","template":"","meta":{"_acf_changed":false},"product_brand":[],"product_cat":[15],"product_tag":[],"class_list":{"0":"post-6686","1":"product","2":"type-product","3":"status-publish","4":"has-post-thumbnail","6":"product_cat-revetement-mural","8":"first","9":"outofstock","10":"taxable","11":"shipping-taxable","12":"purchasable","13":"product-type-simple","14":"add-to-wishlist-after_add_to_cart"},"acf":[],"yoast_head":"<!-- This site is optimized with the Yoast SEO plugin v27.0 - https:\/\/yoast.com\/product\/yoast-seo-wordpress\/ -->\n<title>Plaque marbre en Gris \/ Noir brillant en pvc 2,40 m x 1,20 m | MOM DESIGN<\/title>\n<meta name=\"description\" content=\"D\u00e9couvrez notre plaque marbre en PVC blanc, une solution \u00e9l\u00e9gante et durable pour vos projets de d\u00e9coration int\u00e9rieure, avec livraison et retours gratuits. Transformez vos espaces facilement avec ce produit \u00e0 petit prix, disponible uniquement chez MOM DESIGN.\" \/>\n<meta name=\"robots\" content=\"index, follow, max-snippet:-1, max-image-preview:large, max-video-preview:-1\" \/>\n<link rel=\"canonical\" href=\"https:\/\/mom-design.com\/en\/produit\/revetement-mural-10\/\" \/>\n<meta property=\"og:locale\" content=\"en_US\" \/>\n<meta property=\"og:type\" content=\"article\" \/>\n<meta property=\"og:title\" content=\"Plaque marbre en Gris \/ Noir brillant en pvc 2,40 m x 1,20 m | MOM DESIGN\" \/>\n<meta property=\"og:description\" content=\"D\u00e9couvrez notre plaque marbre en PVC blanc, une solution \u00e9l\u00e9gante et durable pour vos projets de d\u00e9coration int\u00e9rieure, avec livraison et retours gratuits. Transformez vos espaces facilement avec ce produit \u00e0 petit prix, disponible uniquement chez MOM DESIGN.\" \/>\n<meta property=\"og:url\" content=\"https:\/\/mom-design.com\/en\/produit\/revetement-mural-10\/\" \/>\n<meta property=\"og:site_name\" content=\"MOM DESIGN\" \/>\n<meta property=\"article:modified_time\" content=\"2025-09-08T09:22:02+00:00\" \/>\n<meta property=\"og:image\" content=\"https:\/\/mom-design.com\/wp-content\/uploads\/2024\/07\/21.jpg\" \/>\n\t<meta property=\"og:image:width\" content=\"736\" \/>\n\t<meta property=\"og:image:height\" content=\"736\" \/>\n\t<meta property=\"og:image:type\" content=\"image\/jpeg\" \/>\n<meta name=\"twitter:card\" content=\"summary_large_image\" \/>\n<meta name=\"twitter:label1\" content=\"Est. reading time\" \/>\n\t<meta name=\"twitter:data1\" content=\"2 minutes\" \/>\n<script type=\"application\/ld+json\" class=\"yoast-schema-graph\">{\"@context\":\"https:\/\/schema.org\",\"@graph\":[{\"@type\":\"WebPage\",\"@id\":\"https:\/\/mom-design.com\/en\/produit\/revetement-mural-10\/\",\"url\":\"https:\/\/mom-design.com\/en\/produit\/revetement-mural-10\/\",\"name\":\"Plaque marbre en Gris \/ Noir brillant en pvc 2,40 m x 1,20 m | MOM DESIGN\",\"isPartOf\":{\"@id\":\"https:\/\/mom-design.com\/en\/#website\"},\"primaryImageOfPage\":{\"@id\":\"https:\/\/mom-design.com\/en\/produit\/revetement-mural-10\/#primaryimage\"},\"image\":{\"@id\":\"https:\/\/mom-design.com\/en\/produit\/revetement-mural-10\/#primaryimage\"},\"thumbnailUrl\":\"https:\/\/mom-design.com\/wp-content\/uploads\/2024\/07\/21.jpg\",\"datePublished\":\"2024-07-23T19:10:24+00:00\",\"dateModified\":\"2025-09-08T09:22:02+00:00\",\"description\":\"D\u00e9couvrez notre plaque marbre en PVC blanc, une solution \u00e9l\u00e9gante et durable pour vos projets de d\u00e9coration int\u00e9rieure, avec livraison et retours gratuits. Transformez vos espaces facilement avec ce produit \u00e0 petit prix, disponible uniquement chez MOM DESIGN.\",\"breadcrumb\":{\"@id\":\"https:\/\/mom-design.com\/en\/produit\/revetement-mural-10\/#breadcrumb\"},\"inLanguage\":\"en-US\",\"potentialAction\":[{\"@type\":\"ReadAction\",\"target\":[\"https:\/\/mom-design.com\/en\/produit\/revetement-mural-10\/\"]}]},{\"@type\":\"ImageObject\",\"inLanguage\":\"en-US\",\"@id\":\"https:\/\/mom-design.com\/en\/produit\/revetement-mural-10\/#primaryimage\",\"url\":\"https:\/\/mom-design.com\/wp-content\/uploads\/2024\/07\/21.jpg\",\"contentUrl\":\"https:\/\/mom-design.com\/wp-content\/uploads\/2024\/07\/21.jpg\",\"width\":736,\"height\":736},{\"@type\":\"BreadcrumbList\",\"@id\":\"https:\/\/mom-design.com\/en\/produit\/revetement-mural-10\/#breadcrumb\",\"itemListElement\":[{\"@type\":\"ListItem\",\"position\":1,\"name\":\"D\u00e9coration murale d\u2019int\u00e9rieur\",\"item\":\"https:\/\/mom-design.com\/de\/\"},{\"@type\":\"ListItem\",\"position\":2,\"name\":\"Plaque marbre en Gris \/ Noir brillant en pvc 2,40 m x 1,20 m\"}]},{\"@type\":\"WebSite\",\"@id\":\"https:\/\/mom-design.com\/en\/#website\",\"url\":\"https:\/\/mom-design.com\/en\/\",\"name\":\"MOM DESIGN\",\"description\":\"Sp\u00e9cialiste du design mural d&#039;int\u00e9rieur\",\"potentialAction\":[{\"@type\":\"SearchAction\",\"target\":{\"@type\":\"EntryPoint\",\"urlTemplate\":\"https:\/\/mom-design.com\/en\/?s={search_term_string}\"},\"query-input\":{\"@type\":\"PropertyValueSpecification\",\"valueRequired\":true,\"valueName\":\"search_term_string\"}}],\"inLanguage\":\"en-US\"}]}<\/script>\n<!-- \/ Yoast SEO plugin. -->","yoast_head_json":{"title":"Plaque marbre en Gris \/ Noir brillant en pvc 2,40 m x 1,20 m | MOM DESIGN","description":"D\u00e9couvrez notre plaque marbre en PVC blanc, une solution \u00e9l\u00e9gante et durable pour vos projets de d\u00e9coration int\u00e9rieure, avec livraison et retours gratuits. Transformez vos espaces facilement avec ce produit \u00e0 petit prix, disponible uniquement chez MOM DESIGN.","robots":{"index":"index","follow":"follow","max-snippet":"max-snippet:-1","max-image-preview":"max-image-preview:large","max-video-preview":"max-video-preview:-1"},"canonical":"https:\/\/mom-design.com\/en\/produit\/revetement-mural-10\/","og_locale":"en_US","og_type":"article","og_title":"Plaque marbre en Gris \/ Noir brillant en pvc 2,40 m x 1,20 m | MOM DESIGN","og_description":"D\u00e9couvrez notre plaque marbre en PVC blanc, une solution \u00e9l\u00e9gante et durable pour vos projets de d\u00e9coration int\u00e9rieure, avec livraison et retours gratuits. Transformez vos espaces facilement avec ce produit \u00e0 petit prix, disponible uniquement chez MOM DESIGN.","og_url":"https:\/\/mom-design.com\/en\/produit\/revetement-mural-10\/","og_site_name":"MOM DESIGN","article_modified_time":"2025-09-08T09:22:02+00:00","og_image":[{"width":736,"height":736,"url":"https:\/\/mom-design.com\/wp-content\/uploads\/2024\/07\/21.jpg","type":"image\/jpeg"}],"twitter_card":"summary_large_image","twitter_misc":{"Est. reading time":"2 minutes"},"schema":{"@context":"https:\/\/schema.org","@graph":[{"@type":"WebPage","@id":"https:\/\/mom-design.com\/en\/produit\/revetement-mural-10\/","url":"https:\/\/mom-design.com\/en\/produit\/revetement-mural-10\/","name":"Plaque marbre en Gris \/ Noir brillant en pvc 2,40 m x 1,20 m | MOM DESIGN","isPartOf":{"@id":"https:\/\/mom-design.com\/en\/#website"},"primaryImageOfPage":{"@id":"https:\/\/mom-design.com\/en\/produit\/revetement-mural-10\/#primaryimage"},"image":{"@id":"https:\/\/mom-design.com\/en\/produit\/revetement-mural-10\/#primaryimage"},"thumbnailUrl":"https:\/\/mom-design.com\/wp-content\/uploads\/2024\/07\/21.jpg","datePublished":"2024-07-23T19:10:24+00:00","dateModified":"2025-09-08T09:22:02+00:00","description":"D\u00e9couvrez notre plaque marbre en PVC blanc, une solution \u00e9l\u00e9gante et durable pour vos projets de d\u00e9coration int\u00e9rieure, avec livraison et retours gratuits. Transformez vos espaces facilement avec ce produit \u00e0 petit prix, disponible uniquement chez MOM DESIGN.","breadcrumb":{"@id":"https:\/\/mom-design.com\/en\/produit\/revetement-mural-10\/#breadcrumb"},"inLanguage":"en-US","potentialAction":[{"@type":"ReadAction","target":["https:\/\/mom-design.com\/en\/produit\/revetement-mural-10\/"]}]},{"@type":"ImageObject","inLanguage":"en-US","@id":"https:\/\/mom-design.com\/en\/produit\/revetement-mural-10\/#primaryimage","url":"https:\/\/mom-design.com\/wp-content\/uploads\/2024\/07\/21.jpg","contentUrl":"https:\/\/mom-design.com\/wp-content\/uploads\/2024\/07\/21.jpg","width":736,"height":736},{"@type":"BreadcrumbList","@id":"https:\/\/mom-design.com\/en\/produit\/revetement-mural-10\/#breadcrumb","itemListElement":[{"@type":"ListItem","position":1,"name":"D\u00e9coration murale d\u2019int\u00e9rieur","item":"https:\/\/mom-design.com\/de\/"},{"@type":"ListItem","position":2,"name":"Plaque marbre en Gris \/ Noir brillant en pvc 2,40 m x 1,20 m"}]},{"@type":"WebSite","@id":"https:\/\/mom-design.com\/en\/#website","url":"https:\/\/mom-design.com\/en\/","name":"MOM DESIGN","description":"Sp\u00e9cialiste du design mural d'int\u00e9rieur","potentialAction":[{"@type":"SearchAction","target":{"@type":"EntryPoint","urlTemplate":"https:\/\/mom-design.com\/en\/?s={search_term_string}"},"query-input":{"@type":"PropertyValueSpecification","valueRequired":true,"valueName":"search_term_string"}}],"inLanguage":"en-US"}]}},"_links":{"self":[{"href":"https:\/\/mom-design.com\/en\/wp-json\/wp\/v2\/product\/6686","targetHints":{"allow":["GET"]}}],"collection":[{"href":"https:\/\/mom-design.com\/en\/wp-json\/wp\/v2\/product"}],"about":[{"href":"https:\/\/mom-design.com\/en\/wp-json\/wp\/v2\/types\/product"}],"replies":[{"embeddable":true,"href":"https:\/\/mom-design.com\/en\/wp-json\/wp\/v2\/comments?post=6686"}],"wp:featuredmedia":[{"embeddable":true,"href":"https:\/\/mom-design.com\/en\/wp-json\/wp\/v2\/media\/7401"}],"wp:attachment":[{"href":"https:\/\/mom-design.com\/en\/wp-json\/wp\/v2\/media?parent=6686"}],"wp:term":[{"taxonomy":"product_brand","embeddable":true,"href":"https:\/\/mom-design.com\/en\/wp-json\/wp\/v2\/product_brand?post=6686"},{"taxonomy":"product_cat","embeddable":true,"href":"https:\/\/mom-design.com\/en\/wp-json\/wp\/v2\/product_cat?post=6686"},{"taxonomy":"product_tag","embeddable":true,"href":"https:\/\/mom-design.com\/en\/wp-json\/wp\/v2\/product_tag?post=6686"}],"curies":[{"name":"wp","href":"https:\/\/api.w.org\/{rel}","templated":true}]}}