{"id":6687,"date":"2024-07-23T21:10:51","date_gmt":"2024-07-23T19:10:51","guid":{"rendered":"https:\/\/mom-design.com\/?post_type=product&#038;p=6687"},"modified":"2025-09-08T11:21:42","modified_gmt":"2025-09-08T09:21:42","slug":"plaque-marbre-en-pvc-2","status":"publish","type":"product","link":"https:\/\/mom-design.com\/en\/produit\/revetement-mural-11\/","title":{"rendered":"White gloss marble plaque in pvc 2.40 m x 1.20 m"},"content":{"rendered":"<h4>\u00a0 \u00a0 \u00a0 \u00a0 \u00a0 \u00a0 \u00a0 \u00a0 \u00a0 \u00a0 \u00a0 \u00a0 \u00a0 <span style=\"text-decoration: underline;\">Features :<\/span><\/h4>\n<p>&#8211; <span style=\"text-decoration: underline;\">Material<\/span> : PVC imitation marble<br \/>\n&#8211; <span style=\"text-decoration: underline;\">Maintenance<\/span> : quick and simple, stain-resistant<br \/>\n&#8211; <span style=\"text-decoration: underline;\">Use<\/span> : wall decoration, work plans, furniture<\/p>\n<h4>\u00a0 \u00a0 \u00a0 \u00a0 \u00a0 \u00a0 \u00a0 \u00a0 \u00a0 \u00a0 \u00a0 \u00a0 \u00a0 <span style=\"text-decoration: underline;\">Aesthetically Refined and Modern<\/span><\/h4>\n<p><strong>Join our <a href=\"https:\/\/mom-design.com\/en\/product\/revetement-mural-12\/\">plate marble PVC<\/a><\/strong> to bring <strong>a touch of sophistication to your space<\/strong>. With its finish that mimics perfectly the marble, it integrates harmoniously into any<strong> type of decoration<\/strong>either for a contemporary style or classic. Thanks to its manufacturing PVC, it offers<strong> not only a <a href=\"https:\/\/mom-design.com\/en\/product\/plinthes-2\/\">upscale aesthetic<\/a><\/strong>but also a lightness and resistance to facilitate its installation. You can dress up your walls or surfaces quickly, without the hassle and the cost associated with the marble real.<\/p>\n<h4>\u00a0 \u00a0 \u00a0 \u00a0 \u00a0 \u00a0 \u00a0 \u00a0 \u00a0 \u00a0 \u00a0 \u00a0 \u00a0<span style=\"text-decoration: underline;\">Easy Installation and Versatile<\/span><\/h4>\n<p>Install this plate marble PVC is a breeze. Designed to be lightweight and handy, <strong>it attaches easily onto a variety of surfaces<\/strong>. In addition, its flexibility allows you to adapt it perfectly to your specific needs, whether it&#039;s cover whole walls or to create decorative accents. Thus, this all-purpose plate is ideal for those who wish to make changes fast and effective to their interior.<\/p>\n<h4>\u00a0 \u00a0 \u00a0 \u00a0 \u00a0 \u00a0 \u00a0 \u00a0 \u00a0 \u00a0 \u00a0 \u00a0 \u00a0 <span style=\"text-decoration: underline;\">Maintenance Hassle-free<\/span><\/h4>\n<p>By choosing a plate marble PVC, you also opt for the convenience. Unlike natural marble, this plate does not require complex maintenance. A simple pass with <strong>a damp cloth is sufficient to keep its shine<\/strong>. In addition, its resistance to stains and scratches makes it a perfect choice for spaces such as the kitchen and the bathrooms. You&#039;ll enjoy the elegance of marble, without the hassles of maintenance.<\/p>\n<h4>\u00a0 \u00a0 \u00a0 \u00a0 \u00a0 \u00a0 \u00a0 \u00a0 \u00a0 \u00a0 \u00a0 \u00a0 \u00a0 <span style=\"text-decoration: underline;\">In MOM DESIGN, Elegance at your Fingertips<\/span><\/h4>\n<p><a href=\"https:\/\/mom-design.com\/en\/cimaises\/\"><strong>In MOM DESIGN<\/strong><\/a>, we are committed to providing quality products that combine aesthetics and functionality. <strong>The plate marble PVC<\/strong> is an excellent example of our commitment to innovation and customer satisfaction. <strong>Available at a competitive price<\/strong>she is accompanied by our service <strong>delivery and free returns<\/strong>. Don&#039;t miss this opportunity to transform your spaces an elegant and economical.<br \/>\n<strong>Order today and find out why so many customers trust MOM DESIGN for their decorating needs.<\/strong><\/p>","protected":false},"excerpt":{"rendered":"<p><a href=\"https:\/\/mom-design.com\/en\/revetement-mural\/\"><strong>The plate marble PVC<\/strong><\/a> allie l&rsquo;\u00e9l\u00e9gance du marbre \u00e0 la praticit\u00e9 du PVC. Facile \u00e0 installer. Id\u00e9ale pour les murs et les surfaces d\u00e9coratives, cette plaque l\u00e9g\u00e8re et r\u00e9sistante est parfaite pour transformer n&rsquo;importe quel espace avec un minimum d&rsquo;effort.<\/p>","protected":false},"featured_media":7400,"comment_status":"open","ping_status":"closed","template":"","meta":{"_acf_changed":false},"product_brand":[],"product_cat":[15],"product_tag":[],"class_list":{"0":"post-6687","1":"product","2":"type-product","3":"status-publish","4":"has-post-thumbnail","6":"product_cat-revetement-mural","8":"first","9":"outofstock","10":"taxable","11":"shipping-taxable","12":"purchasable","13":"product-type-simple","14":"add-to-wishlist-after_add_to_cart"},"acf":[],"yoast_head":"<!-- This site is optimized with the Yoast SEO plugin v27.0 - https:\/\/yoast.com\/product\/yoast-seo-wordpress\/ -->\n<title>Plaque marbre en Blanc brillant en pvc 2,40 m x 1,20 m | MOM DESIGN<\/title>\n<meta name=\"description\" content=\"D\u00e9couvrez la plaque marbre en PVC, une solution \u00e9l\u00e9gante et durable pour vos projets de d\u00e9coration. Commandez maintenant avec livraison et retours gratuits et transformez vos espaces \u00e0 petit prix.\" \/>\n<meta name=\"robots\" content=\"index, follow, max-snippet:-1, max-image-preview:large, max-video-preview:-1\" \/>\n<link rel=\"canonical\" href=\"https:\/\/mom-design.com\/en\/produit\/revetement-mural-11\/\" \/>\n<meta property=\"og:locale\" content=\"en_US\" \/>\n<meta property=\"og:type\" content=\"article\" \/>\n<meta property=\"og:title\" content=\"Plaque marbre en Blanc brillant en pvc 2,40 m x 1,20 m | MOM DESIGN\" \/>\n<meta property=\"og:description\" content=\"D\u00e9couvrez la plaque marbre en PVC, une solution \u00e9l\u00e9gante et durable pour vos projets de d\u00e9coration. Commandez maintenant avec livraison et retours gratuits et transformez vos espaces \u00e0 petit prix.\" \/>\n<meta property=\"og:url\" content=\"https:\/\/mom-design.com\/en\/produit\/revetement-mural-11\/\" \/>\n<meta property=\"og:site_name\" content=\"MOM DESIGN\" \/>\n<meta property=\"article:modified_time\" content=\"2025-09-08T09:21:42+00:00\" \/>\n<meta property=\"og:image\" content=\"https:\/\/mom-design.com\/wp-content\/uploads\/2024\/07\/Unknown-14.jpg\" \/>\n\t<meta property=\"og:image:width\" content=\"736\" \/>\n\t<meta property=\"og:image:height\" content=\"761\" \/>\n\t<meta property=\"og:image:type\" content=\"image\/jpeg\" \/>\n<meta name=\"twitter:card\" content=\"summary_large_image\" \/>\n<meta name=\"twitter:label1\" content=\"Est. reading time\" \/>\n\t<meta name=\"twitter:data1\" content=\"2 minutes\" \/>\n<script type=\"application\/ld+json\" class=\"yoast-schema-graph\">{\"@context\":\"https:\/\/schema.org\",\"@graph\":[{\"@type\":\"WebPage\",\"@id\":\"https:\/\/mom-design.com\/en\/produit\/revetement-mural-11\/\",\"url\":\"https:\/\/mom-design.com\/en\/produit\/revetement-mural-11\/\",\"name\":\"Plaque marbre en Blanc brillant en pvc 2,40 m x 1,20 m | MOM DESIGN\",\"isPartOf\":{\"@id\":\"https:\/\/mom-design.com\/en\/#website\"},\"primaryImageOfPage\":{\"@id\":\"https:\/\/mom-design.com\/en\/produit\/revetement-mural-11\/#primaryimage\"},\"image\":{\"@id\":\"https:\/\/mom-design.com\/en\/produit\/revetement-mural-11\/#primaryimage\"},\"thumbnailUrl\":\"https:\/\/mom-design.com\/wp-content\/uploads\/2024\/07\/Unknown-14.jpg\",\"datePublished\":\"2024-07-23T19:10:51+00:00\",\"dateModified\":\"2025-09-08T09:21:42+00:00\",\"description\":\"D\u00e9couvrez la plaque marbre en PVC, une solution \u00e9l\u00e9gante et durable pour vos projets de d\u00e9coration. Commandez maintenant avec livraison et retours gratuits et transformez vos espaces \u00e0 petit prix.\",\"breadcrumb\":{\"@id\":\"https:\/\/mom-design.com\/en\/produit\/revetement-mural-11\/#breadcrumb\"},\"inLanguage\":\"en-US\",\"potentialAction\":[{\"@type\":\"ReadAction\",\"target\":[\"https:\/\/mom-design.com\/en\/produit\/revetement-mural-11\/\"]}]},{\"@type\":\"ImageObject\",\"inLanguage\":\"en-US\",\"@id\":\"https:\/\/mom-design.com\/en\/produit\/revetement-mural-11\/#primaryimage\",\"url\":\"https:\/\/mom-design.com\/wp-content\/uploads\/2024\/07\/Unknown-14.jpg\",\"contentUrl\":\"https:\/\/mom-design.com\/wp-content\/uploads\/2024\/07\/Unknown-14.jpg\",\"width\":736,\"height\":761},{\"@type\":\"BreadcrumbList\",\"@id\":\"https:\/\/mom-design.com\/en\/produit\/revetement-mural-11\/#breadcrumb\",\"itemListElement\":[{\"@type\":\"ListItem\",\"position\":1,\"name\":\"D\u00e9coration murale d\u2019int\u00e9rieur\",\"item\":\"https:\/\/mom-design.com\/de\/\"},{\"@type\":\"ListItem\",\"position\":2,\"name\":\"Plaque marbre en Blanc brillant en pvc 2,40 m x 1,20 m\"}]},{\"@type\":\"WebSite\",\"@id\":\"https:\/\/mom-design.com\/en\/#website\",\"url\":\"https:\/\/mom-design.com\/en\/\",\"name\":\"MOM DESIGN\",\"description\":\"Sp\u00e9cialiste du design mural d&#039;int\u00e9rieur\",\"potentialAction\":[{\"@type\":\"SearchAction\",\"target\":{\"@type\":\"EntryPoint\",\"urlTemplate\":\"https:\/\/mom-design.com\/en\/?s={search_term_string}\"},\"query-input\":{\"@type\":\"PropertyValueSpecification\",\"valueRequired\":true,\"valueName\":\"search_term_string\"}}],\"inLanguage\":\"en-US\"}]}<\/script>\n<!-- \/ Yoast SEO plugin. -->","yoast_head_json":{"title":"Plaque marbre en Blanc brillant en pvc 2,40 m x 1,20 m | MOM DESIGN","description":"D\u00e9couvrez la plaque marbre en PVC, une solution \u00e9l\u00e9gante et durable pour vos projets de d\u00e9coration. Commandez maintenant avec livraison et retours gratuits et transformez vos espaces \u00e0 petit prix.","robots":{"index":"index","follow":"follow","max-snippet":"max-snippet:-1","max-image-preview":"max-image-preview:large","max-video-preview":"max-video-preview:-1"},"canonical":"https:\/\/mom-design.com\/en\/produit\/revetement-mural-11\/","og_locale":"en_US","og_type":"article","og_title":"Plaque marbre en Blanc brillant en pvc 2,40 m x 1,20 m | MOM DESIGN","og_description":"D\u00e9couvrez la plaque marbre en PVC, une solution \u00e9l\u00e9gante et durable pour vos projets de d\u00e9coration. Commandez maintenant avec livraison et retours gratuits et transformez vos espaces \u00e0 petit prix.","og_url":"https:\/\/mom-design.com\/en\/produit\/revetement-mural-11\/","og_site_name":"MOM DESIGN","article_modified_time":"2025-09-08T09:21:42+00:00","og_image":[{"width":736,"height":761,"url":"https:\/\/mom-design.com\/wp-content\/uploads\/2024\/07\/Unknown-14.jpg","type":"image\/jpeg"}],"twitter_card":"summary_large_image","twitter_misc":{"Est. reading time":"2 minutes"},"schema":{"@context":"https:\/\/schema.org","@graph":[{"@type":"WebPage","@id":"https:\/\/mom-design.com\/en\/produit\/revetement-mural-11\/","url":"https:\/\/mom-design.com\/en\/produit\/revetement-mural-11\/","name":"Plaque marbre en Blanc brillant en pvc 2,40 m x 1,20 m | MOM DESIGN","isPartOf":{"@id":"https:\/\/mom-design.com\/en\/#website"},"primaryImageOfPage":{"@id":"https:\/\/mom-design.com\/en\/produit\/revetement-mural-11\/#primaryimage"},"image":{"@id":"https:\/\/mom-design.com\/en\/produit\/revetement-mural-11\/#primaryimage"},"thumbnailUrl":"https:\/\/mom-design.com\/wp-content\/uploads\/2024\/07\/Unknown-14.jpg","datePublished":"2024-07-23T19:10:51+00:00","dateModified":"2025-09-08T09:21:42+00:00","description":"D\u00e9couvrez la plaque marbre en PVC, une solution \u00e9l\u00e9gante et durable pour vos projets de d\u00e9coration. Commandez maintenant avec livraison et retours gratuits et transformez vos espaces \u00e0 petit prix.","breadcrumb":{"@id":"https:\/\/mom-design.com\/en\/produit\/revetement-mural-11\/#breadcrumb"},"inLanguage":"en-US","potentialAction":[{"@type":"ReadAction","target":["https:\/\/mom-design.com\/en\/produit\/revetement-mural-11\/"]}]},{"@type":"ImageObject","inLanguage":"en-US","@id":"https:\/\/mom-design.com\/en\/produit\/revetement-mural-11\/#primaryimage","url":"https:\/\/mom-design.com\/wp-content\/uploads\/2024\/07\/Unknown-14.jpg","contentUrl":"https:\/\/mom-design.com\/wp-content\/uploads\/2024\/07\/Unknown-14.jpg","width":736,"height":761},{"@type":"BreadcrumbList","@id":"https:\/\/mom-design.com\/en\/produit\/revetement-mural-11\/#breadcrumb","itemListElement":[{"@type":"ListItem","position":1,"name":"D\u00e9coration murale d\u2019int\u00e9rieur","item":"https:\/\/mom-design.com\/de\/"},{"@type":"ListItem","position":2,"name":"Plaque marbre en Blanc brillant en pvc 2,40 m x 1,20 m"}]},{"@type":"WebSite","@id":"https:\/\/mom-design.com\/en\/#website","url":"https:\/\/mom-design.com\/en\/","name":"MOM DESIGN","description":"Sp\u00e9cialiste du design mural d'int\u00e9rieur","potentialAction":[{"@type":"SearchAction","target":{"@type":"EntryPoint","urlTemplate":"https:\/\/mom-design.com\/en\/?s={search_term_string}"},"query-input":{"@type":"PropertyValueSpecification","valueRequired":true,"valueName":"search_term_string"}}],"inLanguage":"en-US"}]}},"_links":{"self":[{"href":"https:\/\/mom-design.com\/en\/wp-json\/wp\/v2\/product\/6687","targetHints":{"allow":["GET"]}}],"collection":[{"href":"https:\/\/mom-design.com\/en\/wp-json\/wp\/v2\/product"}],"about":[{"href":"https:\/\/mom-design.com\/en\/wp-json\/wp\/v2\/types\/product"}],"replies":[{"embeddable":true,"href":"https:\/\/mom-design.com\/en\/wp-json\/wp\/v2\/comments?post=6687"}],"wp:featuredmedia":[{"embeddable":true,"href":"https:\/\/mom-design.com\/en\/wp-json\/wp\/v2\/media\/7400"}],"wp:attachment":[{"href":"https:\/\/mom-design.com\/en\/wp-json\/wp\/v2\/media?parent=6687"}],"wp:term":[{"taxonomy":"product_brand","embeddable":true,"href":"https:\/\/mom-design.com\/en\/wp-json\/wp\/v2\/product_brand?post=6687"},{"taxonomy":"product_cat","embeddable":true,"href":"https:\/\/mom-design.com\/en\/wp-json\/wp\/v2\/product_cat?post=6687"},{"taxonomy":"product_tag","embeddable":true,"href":"https:\/\/mom-design.com\/en\/wp-json\/wp\/v2\/product_tag?post=6687"}],"curies":[{"name":"wp","href":"https:\/\/api.w.org\/{rel}","templated":true}]}}