{"id":6688,"date":"2024-07-23T21:11:19","date_gmt":"2024-07-23T19:11:19","guid":{"rendered":"https:\/\/mom-design.com\/?post_type=product&#038;p=6688"},"modified":"2025-09-08T11:21:28","modified_gmt":"2025-09-08T09:21:28","slug":"plaque-marbre-en-pvc","status":"publish","type":"product","link":"https:\/\/mom-design.com\/en\/produit\/revetement-mural-12\/","title":{"rendered":"Marble slab in Light grey gloss pvc 2.40 m x 1.20 m"},"content":{"rendered":"<h4>\u00a0 \u00a0 \u00a0 \u00a0 \u00a0 \u00a0 \u00a0 \u00a0 \u00a0 \u00a0 <span style=\"text-decoration: underline;\">Features :<\/span><\/h4>\n<p>&#8211; <span style=\"text-decoration: underline;\">Material<\/span> : PVC imitation marble<br \/>\n&#8211; <span style=\"text-decoration: underline;\">Dimensions<\/span> : customizable according to your needs<br \/>\n&#8211; <span style=\"text-decoration: underline;\">Ease of maintenance<\/span> : easy to clean with a damp cloth<br \/>\n&#8211; <span style=\"text-decoration: underline;\">Installation<\/span> : quick and simple<br \/>\n&#8211; <span style=\"text-decoration: underline;\">Use<\/span> : ideal for walls, furniture, and decorative surfaces<\/p>\n<h4>\u00a0 \u00a0 \u00a0 \u00a0 \u00a0 \u00a0 \u00a0 \u00a0 \u00a0 <span style=\"text-decoration: underline;\">A Design Imitation Marble for a Refined Look<\/span><\/h4>\n<p><strong>The <a href=\"https:\/\/mom-design.com\/en\/product\/plinthes-8\/\">plate<\/a> marble PVC is designed to offer an economical alternative and practical natural marble<\/strong>while retaining an authentic appearance and refined.<br \/>\nIts smooth finish and its realistic motifs mimic perfectly the stone, adding a touch of elegance to your interiors. Whether to dress up your walls, modernizing your furniture or create <strong>decorative accents<\/strong>this plate is a versatile choice that fits <strong>all <a href=\"https:\/\/mom-design.com\/en\/product\/plinthes-1\/\">styles of decoration<\/a><\/strong>. By opting for this material, you get a <a href=\"https:\/\/mom-design.com\/en\/product\/plinthes-12\/\"><strong>look luxurious<\/strong><\/a> without the cost and maintenance requirements associated with the marble real.<\/p>\n<h4>\u00a0 \u00a0 \u00a0 \u00a0 \u00a0 \u00a0 \u00a0 \u00a0 \u00a0 \u00a0 \u00a0<span style=\"text-decoration: underline;\">Installation and Maintenance Simplified<\/span><\/h4>\n<p>The installation of this plate is both <strong>simple<\/strong> and <strong>fast<\/strong>, which allows you to transform your space in no time. In addition, <strong>its maintenance requires no special effort<\/strong> : a simple damp cloth is enough to remove the dust and traces, guaranteeing a look always impeccable. In addition, its resistance to scratches and moisture makes it an ideal choice for <strong>kitchens<\/strong> and <strong>bathrooms<\/strong>, where the aesthetics and functionality go hand in hand.<\/p>\n<h4>\u00a0 \u00a0 \u00a0 \u00a0 \u00a0 \u00a0 \u00a0 \u00a0 \u00a0 \u00a0 <span style=\"text-decoration: underline;\">\u00a0Accessibility and Quality In MOM DESIGN<\/span><\/h4>\n<p><strong>In MOM DESIGN<\/strong>we are committed to providing high-quality products to <strong>affordable prices<\/strong>. Our plate marble PVC is available with <strong>delivery and free returns<\/strong>this makes your shopping experience both easy and convenient. In addition, our teams are here to assist you and advise you to ensure that you make the best choice for your decoration project.<\/p>","protected":false},"excerpt":{"rendered":"<p><a href=\"https:\/\/mom-design.com\/en\/plinthes\/?glang=fr&amp;gurl=categorie-produit\/plinthes\/\"><strong>The plate marble PVC<\/strong><\/a> combines aesthetics and functionality. Mimicking perfectly the appearance of natural marble, it is ideal for a modern d\u00e9cor and sophisticated. Available in different dimensions, it is easy to install, durable and can be used for various projects, home decor, transforming your spaces.<\/p>","protected":false},"featured_media":7397,"comment_status":"open","ping_status":"closed","template":"","meta":{"_acf_changed":false},"product_brand":[],"product_cat":[15],"product_tag":[],"class_list":{"0":"post-6688","1":"product","2":"type-product","3":"status-publish","4":"has-post-thumbnail","6":"product_cat-revetement-mural","8":"first","9":"outofstock","10":"taxable","11":"shipping-taxable","12":"purchasable","13":"product-type-simple","14":"add-to-wishlist-after_add_to_cart"},"acf":[],"yoast_head":"<!-- This site is optimized with the Yoast SEO plugin v27.0 - https:\/\/yoast.com\/product\/yoast-seo-wordpress\/ -->\n<title>Plaque marbre en Gris clair brillant en pvc 2,40 m x 1,20 m | MOM DESIGN<\/title>\n<meta name=\"description\" content=\"D\u00e9couvrez notre plaque marbre en PVC blanc pour une d\u00e9coration \u00e9l\u00e9gante et moderne, avec livraison et retours gratuits. Imitation marbre de qualit\u00e9, facile \u00e0 installer et entretenir. Commandez maintenant pour sublimer vos espaces \u00e0 moindre co\u00fbt !\" \/>\n<meta name=\"robots\" content=\"index, follow, max-snippet:-1, max-image-preview:large, max-video-preview:-1\" \/>\n<link rel=\"canonical\" href=\"https:\/\/mom-design.com\/en\/produit\/revetement-mural-12\/\" \/>\n<meta property=\"og:locale\" content=\"en_US\" \/>\n<meta property=\"og:type\" content=\"article\" \/>\n<meta property=\"og:title\" content=\"Plaque marbre en Gris clair brillant en pvc 2,40 m x 1,20 m | MOM DESIGN\" \/>\n<meta property=\"og:description\" content=\"D\u00e9couvrez notre plaque marbre en PVC blanc pour une d\u00e9coration \u00e9l\u00e9gante et moderne, avec livraison et retours gratuits. Imitation marbre de qualit\u00e9, facile \u00e0 installer et entretenir. Commandez maintenant pour sublimer vos espaces \u00e0 moindre co\u00fbt !\" \/>\n<meta property=\"og:url\" content=\"https:\/\/mom-design.com\/en\/produit\/revetement-mural-12\/\" \/>\n<meta property=\"og:site_name\" content=\"MOM DESIGN\" \/>\n<meta property=\"article:modified_time\" content=\"2025-09-08T09:21:28+00:00\" \/>\n<meta property=\"og:image\" content=\"https:\/\/mom-design.com\/wp-content\/uploads\/2024\/07\/20.jpg\" \/>\n\t<meta property=\"og:image:width\" content=\"736\" \/>\n\t<meta property=\"og:image:height\" content=\"891\" \/>\n\t<meta property=\"og:image:type\" content=\"image\/jpeg\" \/>\n<meta name=\"twitter:card\" content=\"summary_large_image\" \/>\n<meta name=\"twitter:label1\" content=\"Est. reading time\" \/>\n\t<meta name=\"twitter:data1\" content=\"2 minutes\" \/>\n<script type=\"application\/ld+json\" class=\"yoast-schema-graph\">{\"@context\":\"https:\/\/schema.org\",\"@graph\":[{\"@type\":\"WebPage\",\"@id\":\"https:\/\/mom-design.com\/en\/produit\/revetement-mural-12\/\",\"url\":\"https:\/\/mom-design.com\/en\/produit\/revetement-mural-12\/\",\"name\":\"Plaque marbre en Gris clair brillant en pvc 2,40 m x 1,20 m | MOM DESIGN\",\"isPartOf\":{\"@id\":\"https:\/\/mom-design.com\/en\/#website\"},\"primaryImageOfPage\":{\"@id\":\"https:\/\/mom-design.com\/en\/produit\/revetement-mural-12\/#primaryimage\"},\"image\":{\"@id\":\"https:\/\/mom-design.com\/en\/produit\/revetement-mural-12\/#primaryimage\"},\"thumbnailUrl\":\"https:\/\/mom-design.com\/wp-content\/uploads\/2024\/07\/20.jpg\",\"datePublished\":\"2024-07-23T19:11:19+00:00\",\"dateModified\":\"2025-09-08T09:21:28+00:00\",\"description\":\"D\u00e9couvrez notre plaque marbre en PVC blanc pour une d\u00e9coration \u00e9l\u00e9gante et moderne, avec livraison et retours gratuits. Imitation marbre de qualit\u00e9, facile \u00e0 installer et entretenir. Commandez maintenant pour sublimer vos espaces \u00e0 moindre co\u00fbt !\",\"breadcrumb\":{\"@id\":\"https:\/\/mom-design.com\/en\/produit\/revetement-mural-12\/#breadcrumb\"},\"inLanguage\":\"en-US\",\"potentialAction\":[{\"@type\":\"ReadAction\",\"target\":[\"https:\/\/mom-design.com\/en\/produit\/revetement-mural-12\/\"]}]},{\"@type\":\"ImageObject\",\"inLanguage\":\"en-US\",\"@id\":\"https:\/\/mom-design.com\/en\/produit\/revetement-mural-12\/#primaryimage\",\"url\":\"https:\/\/mom-design.com\/wp-content\/uploads\/2024\/07\/20.jpg\",\"contentUrl\":\"https:\/\/mom-design.com\/wp-content\/uploads\/2024\/07\/20.jpg\",\"width\":736,\"height\":891,\"caption\":\"rev\u00eatement mural wall panel marbre mom design\"},{\"@type\":\"BreadcrumbList\",\"@id\":\"https:\/\/mom-design.com\/en\/produit\/revetement-mural-12\/#breadcrumb\",\"itemListElement\":[{\"@type\":\"ListItem\",\"position\":1,\"name\":\"D\u00e9coration murale d\u2019int\u00e9rieur\",\"item\":\"https:\/\/mom-design.com\/de\/\"},{\"@type\":\"ListItem\",\"position\":2,\"name\":\"Plaque marbre en Gris clair brillant en pvc 2,40 m x 1,20 m\"}]},{\"@type\":\"WebSite\",\"@id\":\"https:\/\/mom-design.com\/en\/#website\",\"url\":\"https:\/\/mom-design.com\/en\/\",\"name\":\"MOM DESIGN\",\"description\":\"Sp\u00e9cialiste du design mural d&#039;int\u00e9rieur\",\"potentialAction\":[{\"@type\":\"SearchAction\",\"target\":{\"@type\":\"EntryPoint\",\"urlTemplate\":\"https:\/\/mom-design.com\/en\/?s={search_term_string}\"},\"query-input\":{\"@type\":\"PropertyValueSpecification\",\"valueRequired\":true,\"valueName\":\"search_term_string\"}}],\"inLanguage\":\"en-US\"}]}<\/script>\n<!-- \/ Yoast SEO plugin. -->","yoast_head_json":{"title":"Plaque marbre en Gris clair brillant en pvc 2,40 m x 1,20 m | MOM DESIGN","description":"D\u00e9couvrez notre plaque marbre en PVC blanc pour une d\u00e9coration \u00e9l\u00e9gante et moderne, avec livraison et retours gratuits. Imitation marbre de qualit\u00e9, facile \u00e0 installer et entretenir. Commandez maintenant pour sublimer vos espaces \u00e0 moindre co\u00fbt !","robots":{"index":"index","follow":"follow","max-snippet":"max-snippet:-1","max-image-preview":"max-image-preview:large","max-video-preview":"max-video-preview:-1"},"canonical":"https:\/\/mom-design.com\/en\/produit\/revetement-mural-12\/","og_locale":"en_US","og_type":"article","og_title":"Plaque marbre en Gris clair brillant en pvc 2,40 m x 1,20 m | MOM DESIGN","og_description":"D\u00e9couvrez notre plaque marbre en PVC blanc pour une d\u00e9coration \u00e9l\u00e9gante et moderne, avec livraison et retours gratuits. Imitation marbre de qualit\u00e9, facile \u00e0 installer et entretenir. Commandez maintenant pour sublimer vos espaces \u00e0 moindre co\u00fbt !","og_url":"https:\/\/mom-design.com\/en\/produit\/revetement-mural-12\/","og_site_name":"MOM DESIGN","article_modified_time":"2025-09-08T09:21:28+00:00","og_image":[{"width":736,"height":891,"url":"https:\/\/mom-design.com\/wp-content\/uploads\/2024\/07\/20.jpg","type":"image\/jpeg"}],"twitter_card":"summary_large_image","twitter_misc":{"Est. reading time":"2 minutes"},"schema":{"@context":"https:\/\/schema.org","@graph":[{"@type":"WebPage","@id":"https:\/\/mom-design.com\/en\/produit\/revetement-mural-12\/","url":"https:\/\/mom-design.com\/en\/produit\/revetement-mural-12\/","name":"Plaque marbre en Gris clair brillant en pvc 2,40 m x 1,20 m | MOM DESIGN","isPartOf":{"@id":"https:\/\/mom-design.com\/en\/#website"},"primaryImageOfPage":{"@id":"https:\/\/mom-design.com\/en\/produit\/revetement-mural-12\/#primaryimage"},"image":{"@id":"https:\/\/mom-design.com\/en\/produit\/revetement-mural-12\/#primaryimage"},"thumbnailUrl":"https:\/\/mom-design.com\/wp-content\/uploads\/2024\/07\/20.jpg","datePublished":"2024-07-23T19:11:19+00:00","dateModified":"2025-09-08T09:21:28+00:00","description":"D\u00e9couvrez notre plaque marbre en PVC blanc pour une d\u00e9coration \u00e9l\u00e9gante et moderne, avec livraison et retours gratuits. Imitation marbre de qualit\u00e9, facile \u00e0 installer et entretenir. Commandez maintenant pour sublimer vos espaces \u00e0 moindre co\u00fbt !","breadcrumb":{"@id":"https:\/\/mom-design.com\/en\/produit\/revetement-mural-12\/#breadcrumb"},"inLanguage":"en-US","potentialAction":[{"@type":"ReadAction","target":["https:\/\/mom-design.com\/en\/produit\/revetement-mural-12\/"]}]},{"@type":"ImageObject","inLanguage":"en-US","@id":"https:\/\/mom-design.com\/en\/produit\/revetement-mural-12\/#primaryimage","url":"https:\/\/mom-design.com\/wp-content\/uploads\/2024\/07\/20.jpg","contentUrl":"https:\/\/mom-design.com\/wp-content\/uploads\/2024\/07\/20.jpg","width":736,"height":891,"caption":"rev\u00eatement mural wall panel marbre mom design"},{"@type":"BreadcrumbList","@id":"https:\/\/mom-design.com\/en\/produit\/revetement-mural-12\/#breadcrumb","itemListElement":[{"@type":"ListItem","position":1,"name":"D\u00e9coration murale d\u2019int\u00e9rieur","item":"https:\/\/mom-design.com\/de\/"},{"@type":"ListItem","position":2,"name":"Plaque marbre en Gris clair brillant en pvc 2,40 m x 1,20 m"}]},{"@type":"WebSite","@id":"https:\/\/mom-design.com\/en\/#website","url":"https:\/\/mom-design.com\/en\/","name":"MOM DESIGN","description":"Sp\u00e9cialiste du design mural d'int\u00e9rieur","potentialAction":[{"@type":"SearchAction","target":{"@type":"EntryPoint","urlTemplate":"https:\/\/mom-design.com\/en\/?s={search_term_string}"},"query-input":{"@type":"PropertyValueSpecification","valueRequired":true,"valueName":"search_term_string"}}],"inLanguage":"en-US"}]}},"_links":{"self":[{"href":"https:\/\/mom-design.com\/en\/wp-json\/wp\/v2\/product\/6688","targetHints":{"allow":["GET"]}}],"collection":[{"href":"https:\/\/mom-design.com\/en\/wp-json\/wp\/v2\/product"}],"about":[{"href":"https:\/\/mom-design.com\/en\/wp-json\/wp\/v2\/types\/product"}],"replies":[{"embeddable":true,"href":"https:\/\/mom-design.com\/en\/wp-json\/wp\/v2\/comments?post=6688"}],"wp:featuredmedia":[{"embeddable":true,"href":"https:\/\/mom-design.com\/en\/wp-json\/wp\/v2\/media\/7397"}],"wp:attachment":[{"href":"https:\/\/mom-design.com\/en\/wp-json\/wp\/v2\/media?parent=6688"}],"wp:term":[{"taxonomy":"product_brand","embeddable":true,"href":"https:\/\/mom-design.com\/en\/wp-json\/wp\/v2\/product_brand?post=6688"},{"taxonomy":"product_cat","embeddable":true,"href":"https:\/\/mom-design.com\/en\/wp-json\/wp\/v2\/product_cat?post=6688"},{"taxonomy":"product_tag","embeddable":true,"href":"https:\/\/mom-design.com\/en\/wp-json\/wp\/v2\/product_tag?post=6688"}],"curies":[{"name":"wp","href":"https:\/\/api.w.org\/{rel}","templated":true}]}}