{"id":6704,"date":"2024-07-23T21:19:16","date_gmt":"2024-07-23T19:19:16","guid":{"rendered":"https:\/\/mom-design.com\/?post_type=product&#038;p=6704"},"modified":"2026-01-31T10:38:51","modified_gmt":"2026-01-31T09:38:51","slug":"plinthe-murale-en-pvc-blanche-2-m","status":"publish","type":"product","link":"https:\/\/mom-design.com\/en\/produit\/plinthes-2\/","title":{"rendered":"White pvc wall plinth 2 meters Charles VII"},"content":{"rendered":"<h4>\u00a0 \u00a0 \u00a0 \u00a0 \u00a0 \u00a0 <span style=\"text-decoration: underline;\">Features<\/span><\/h4>\n<p>&#8211; <span style=\"text-decoration: underline;\">Color<\/span> : white<br \/>\n&#8211; <span style=\"text-decoration: underline;\">Length<\/span> : 2 meters<br \/>\n&#8211; <span style=\"text-decoration: underline;\">Height<\/span> : 7,5 cm<br \/>\n&#8211; <span style=\"text-decoration: underline;\">Material<\/span>: High quality PVC<br \/>\n&#8211; <span style=\"text-decoration: underline;\">Customizable<\/span>: <strong>Can be painted to match your colour preferences<\/strong><\/p>\n<h4>\u00a0 \u00a0 \u00a0 \u00a0\u00a0\u00a0 \u00a0 \u00a0<span style=\"text-decoration: underline;\">A Solution Aesthetic and Functional<\/span><\/h4>\n<p>To give your walls for a smooth finish, <strong>the <a href=\"https:\/\/mom-design.com\/en\/product\/plinthes-1\/\">plinth<\/a> wall PVC white 2 meters is a good choice<\/strong>. His height of 8 cm can not only protect the walls from shocks and scratches, but also to bring a touch of sophistication to your decor. <strong>In MOM DESIGN<\/strong>we understand the importance of a nicely finished interior,<br \/>\n<strong>it is why we offer products that combine <a href=\"https:\/\/mom-design.com\/en\/product\/revetement-mural-12\/\">style and functionality<\/a>.<\/strong><\/p>\n<h4>\u00a0 \u00a0 \u00a0 \u00a0 \u00a0 \u00a0 \u00a0<span style=\"text-decoration: underline;\">Easy Installation and Simplified Maintenance<\/span><\/h4>\n<p>The installation of the baseboard mural PVC white is a breeze. You can fix it easily with an appropriate adhesive or use screws and clips for mounting even more secure. In addition, its maintenance does not require considerable effort : a simple damp cloth is enough to clean it up, thus preserving its neat appearance over time.<\/p>\n<h4>\u00a0 \u00a0 \u00a0 \u00a0 \u00a0 \u00a0 \u00a0<span style=\"text-decoration: underline;\">Why Choose Baseboards MOM DESIGN ?<\/span><\/h4>\n<p><strong>With <a href=\"https:\/\/mom-design.com\/en\/product\/plinthes-11\/\">MOM DESIGN<\/a>you go for quality, durability and style<\/strong>. Our baseboards mural PVC are specifically designed to meet the requirements of the owners of the most specialized in the field of interior decoration. Transform your space into a modern interior and well cared for with our baseboard mural PVC white , and experience the comfort and aesthetics without equal.<\/p>","protected":false},"excerpt":{"rendered":"<p><a href=\"https:\/\/mom-design.com\/en\/plinthes\/\">The baseboard mural PVC white<\/a> is the perfect item to bring a finishing crisp and modern to your rooms. Manufactured in PVC of high quality, this baseboard heater is not only sturdy and resistant to moisture, but it can also be painted to match any type of interior decoration. A practical and aesthetic, ideal for protecting your walls and enhance the look of your interior.<\/p>\n<p>&nbsp;<\/p>","protected":false},"featured_media":7253,"comment_status":"open","ping_status":"closed","template":"","meta":{"_acf_changed":false},"product_brand":[],"product_cat":[53],"product_tag":[],"class_list":{"0":"post-6704","1":"product","2":"type-product","3":"status-publish","4":"has-post-thumbnail","6":"product_cat-plinthes","7":"product_shipping_class-livraison-gls","9":"first","10":"instock","11":"taxable","12":"shipping-taxable","13":"purchasable","14":"product-type-simple","15":"add-to-wishlist-after_add_to_cart"},"acf":[],"yoast_head":"<!-- This site is optimized with the Yoast SEO plugin v27.0 - https:\/\/yoast.com\/product\/yoast-seo-wordpress\/ -->\n<title>Plinthe murale en pvc blanche 2 m\u00e8tres Charles VII | MOM DESIGN<\/title>\n<meta name=\"description\" content=\"D\u00e9couvrez notre plinthe murale en PVC blanche de 2 m, une solution pratique et \u00e9l\u00e9gante pour vos murs. Disponible \u00e0 petit prix et uniquement sur notre site MOM DESIGN, avec livraison et retours gratuits. Ne manquez pas l\u2019occasion de sublimer votre int\u00e9rieur.\" \/>\n<meta name=\"robots\" content=\"index, follow, max-snippet:-1, max-image-preview:large, max-video-preview:-1\" \/>\n<link rel=\"canonical\" href=\"https:\/\/mom-design.com\/en\/produit\/plinthes-2\/\" \/>\n<meta property=\"og:locale\" content=\"en_US\" \/>\n<meta property=\"og:type\" content=\"article\" \/>\n<meta property=\"og:title\" content=\"Plinthe murale en pvc blanche 2 m\u00e8tres Charles VII | MOM DESIGN\" \/>\n<meta property=\"og:description\" content=\"D\u00e9couvrez notre plinthe murale en PVC blanche de 2 m, une solution pratique et \u00e9l\u00e9gante pour vos murs. Disponible \u00e0 petit prix et uniquement sur notre site MOM DESIGN, avec livraison et retours gratuits. Ne manquez pas l\u2019occasion de sublimer votre int\u00e9rieur.\" \/>\n<meta property=\"og:url\" content=\"https:\/\/mom-design.com\/en\/produit\/plinthes-2\/\" \/>\n<meta property=\"og:site_name\" content=\"MOM DESIGN\" \/>\n<meta property=\"article:modified_time\" content=\"2026-01-31T09:38:51+00:00\" \/>\n<meta property=\"og:image\" content=\"https:\/\/mom-design.com\/wp-content\/uploads\/2024\/07\/plinthe-pvc-mom-design-M4.jpeg\" \/>\n\t<meta property=\"og:image:width\" content=\"718\" \/>\n\t<meta property=\"og:image:height\" content=\"538\" \/>\n\t<meta property=\"og:image:type\" content=\"image\/jpeg\" \/>\n<meta name=\"twitter:card\" content=\"summary_large_image\" \/>\n<meta name=\"twitter:label1\" content=\"Est. reading time\" \/>\n\t<meta name=\"twitter:data1\" content=\"2 minutes\" \/>\n<script type=\"application\/ld+json\" class=\"yoast-schema-graph\">{\"@context\":\"https:\/\/schema.org\",\"@graph\":[{\"@type\":\"WebPage\",\"@id\":\"https:\/\/mom-design.com\/en\/produit\/plinthes-2\/\",\"url\":\"https:\/\/mom-design.com\/en\/produit\/plinthes-2\/\",\"name\":\"Plinthe murale en pvc blanche 2 m\u00e8tres Charles VII | MOM DESIGN\",\"isPartOf\":{\"@id\":\"https:\/\/mom-design.com\/en\/#website\"},\"primaryImageOfPage\":{\"@id\":\"https:\/\/mom-design.com\/en\/produit\/plinthes-2\/#primaryimage\"},\"image\":{\"@id\":\"https:\/\/mom-design.com\/en\/produit\/plinthes-2\/#primaryimage\"},\"thumbnailUrl\":\"https:\/\/mom-design.com\/wp-content\/uploads\/2024\/07\/plinthe-pvc-mom-design-M4.jpeg\",\"datePublished\":\"2024-07-23T19:19:16+00:00\",\"dateModified\":\"2026-01-31T09:38:51+00:00\",\"description\":\"D\u00e9couvrez notre plinthe murale en PVC blanche de 2 m, une solution pratique et \u00e9l\u00e9gante pour vos murs. Disponible \u00e0 petit prix et uniquement sur notre site MOM DESIGN, avec livraison et retours gratuits. Ne manquez pas l\u2019occasion de sublimer votre int\u00e9rieur.\",\"breadcrumb\":{\"@id\":\"https:\/\/mom-design.com\/en\/produit\/plinthes-2\/#breadcrumb\"},\"inLanguage\":\"en-US\",\"potentialAction\":[{\"@type\":\"ReadAction\",\"target\":[\"https:\/\/mom-design.com\/en\/produit\/plinthes-2\/\"]}]},{\"@type\":\"ImageObject\",\"inLanguage\":\"en-US\",\"@id\":\"https:\/\/mom-design.com\/en\/produit\/plinthes-2\/#primaryimage\",\"url\":\"https:\/\/mom-design.com\/wp-content\/uploads\/2024\/07\/plinthe-pvc-mom-design-M4.jpeg\",\"contentUrl\":\"https:\/\/mom-design.com\/wp-content\/uploads\/2024\/07\/plinthe-pvc-mom-design-M4.jpeg\",\"width\":718,\"height\":538,\"caption\":\"plinthe pvc mom design M5 blanche\"},{\"@type\":\"BreadcrumbList\",\"@id\":\"https:\/\/mom-design.com\/en\/produit\/plinthes-2\/#breadcrumb\",\"itemListElement\":[{\"@type\":\"ListItem\",\"position\":1,\"name\":\"D\u00e9coration murale d\u2019int\u00e9rieur\",\"item\":\"https:\/\/mom-design.com\/de\/\"},{\"@type\":\"ListItem\",\"position\":2,\"name\":\"Plinthe murale en pvc blanche 2 m\u00e8tres Charles VII\"}]},{\"@type\":\"WebSite\",\"@id\":\"https:\/\/mom-design.com\/en\/#website\",\"url\":\"https:\/\/mom-design.com\/en\/\",\"name\":\"MOM DESIGN\",\"description\":\"Sp\u00e9cialiste du design mural d&#039;int\u00e9rieur\",\"potentialAction\":[{\"@type\":\"SearchAction\",\"target\":{\"@type\":\"EntryPoint\",\"urlTemplate\":\"https:\/\/mom-design.com\/en\/?s={search_term_string}\"},\"query-input\":{\"@type\":\"PropertyValueSpecification\",\"valueRequired\":true,\"valueName\":\"search_term_string\"}}],\"inLanguage\":\"en-US\"}]}<\/script>\n<!-- \/ Yoast SEO plugin. -->","yoast_head_json":{"title":"Plinthe murale en pvc blanche 2 m\u00e8tres Charles VII | MOM DESIGN","description":"D\u00e9couvrez notre plinthe murale en PVC blanche de 2 m, une solution pratique et \u00e9l\u00e9gante pour vos murs. Disponible \u00e0 petit prix et uniquement sur notre site MOM DESIGN, avec livraison et retours gratuits. Ne manquez pas l\u2019occasion de sublimer votre int\u00e9rieur.","robots":{"index":"index","follow":"follow","max-snippet":"max-snippet:-1","max-image-preview":"max-image-preview:large","max-video-preview":"max-video-preview:-1"},"canonical":"https:\/\/mom-design.com\/en\/produit\/plinthes-2\/","og_locale":"en_US","og_type":"article","og_title":"Plinthe murale en pvc blanche 2 m\u00e8tres Charles VII | MOM DESIGN","og_description":"D\u00e9couvrez notre plinthe murale en PVC blanche de 2 m, une solution pratique et \u00e9l\u00e9gante pour vos murs. Disponible \u00e0 petit prix et uniquement sur notre site MOM DESIGN, avec livraison et retours gratuits. Ne manquez pas l\u2019occasion de sublimer votre int\u00e9rieur.","og_url":"https:\/\/mom-design.com\/en\/produit\/plinthes-2\/","og_site_name":"MOM DESIGN","article_modified_time":"2026-01-31T09:38:51+00:00","og_image":[{"width":718,"height":538,"url":"https:\/\/mom-design.com\/wp-content\/uploads\/2024\/07\/plinthe-pvc-mom-design-M4.jpeg","type":"image\/jpeg"}],"twitter_card":"summary_large_image","twitter_misc":{"Est. reading time":"2 minutes"},"schema":{"@context":"https:\/\/schema.org","@graph":[{"@type":"WebPage","@id":"https:\/\/mom-design.com\/en\/produit\/plinthes-2\/","url":"https:\/\/mom-design.com\/en\/produit\/plinthes-2\/","name":"Plinthe murale en pvc blanche 2 m\u00e8tres Charles VII | MOM DESIGN","isPartOf":{"@id":"https:\/\/mom-design.com\/en\/#website"},"primaryImageOfPage":{"@id":"https:\/\/mom-design.com\/en\/produit\/plinthes-2\/#primaryimage"},"image":{"@id":"https:\/\/mom-design.com\/en\/produit\/plinthes-2\/#primaryimage"},"thumbnailUrl":"https:\/\/mom-design.com\/wp-content\/uploads\/2024\/07\/plinthe-pvc-mom-design-M4.jpeg","datePublished":"2024-07-23T19:19:16+00:00","dateModified":"2026-01-31T09:38:51+00:00","description":"D\u00e9couvrez notre plinthe murale en PVC blanche de 2 m, une solution pratique et \u00e9l\u00e9gante pour vos murs. Disponible \u00e0 petit prix et uniquement sur notre site MOM DESIGN, avec livraison et retours gratuits. Ne manquez pas l\u2019occasion de sublimer votre int\u00e9rieur.","breadcrumb":{"@id":"https:\/\/mom-design.com\/en\/produit\/plinthes-2\/#breadcrumb"},"inLanguage":"en-US","potentialAction":[{"@type":"ReadAction","target":["https:\/\/mom-design.com\/en\/produit\/plinthes-2\/"]}]},{"@type":"ImageObject","inLanguage":"en-US","@id":"https:\/\/mom-design.com\/en\/produit\/plinthes-2\/#primaryimage","url":"https:\/\/mom-design.com\/wp-content\/uploads\/2024\/07\/plinthe-pvc-mom-design-M4.jpeg","contentUrl":"https:\/\/mom-design.com\/wp-content\/uploads\/2024\/07\/plinthe-pvc-mom-design-M4.jpeg","width":718,"height":538,"caption":"plinthe pvc mom design M5 blanche"},{"@type":"BreadcrumbList","@id":"https:\/\/mom-design.com\/en\/produit\/plinthes-2\/#breadcrumb","itemListElement":[{"@type":"ListItem","position":1,"name":"D\u00e9coration murale d\u2019int\u00e9rieur","item":"https:\/\/mom-design.com\/de\/"},{"@type":"ListItem","position":2,"name":"Plinthe murale en pvc blanche 2 m\u00e8tres Charles VII"}]},{"@type":"WebSite","@id":"https:\/\/mom-design.com\/en\/#website","url":"https:\/\/mom-design.com\/en\/","name":"MOM DESIGN","description":"Sp\u00e9cialiste du design mural d'int\u00e9rieur","potentialAction":[{"@type":"SearchAction","target":{"@type":"EntryPoint","urlTemplate":"https:\/\/mom-design.com\/en\/?s={search_term_string}"},"query-input":{"@type":"PropertyValueSpecification","valueRequired":true,"valueName":"search_term_string"}}],"inLanguage":"en-US"}]}},"_links":{"self":[{"href":"https:\/\/mom-design.com\/en\/wp-json\/wp\/v2\/product\/6704","targetHints":{"allow":["GET"]}}],"collection":[{"href":"https:\/\/mom-design.com\/en\/wp-json\/wp\/v2\/product"}],"about":[{"href":"https:\/\/mom-design.com\/en\/wp-json\/wp\/v2\/types\/product"}],"replies":[{"embeddable":true,"href":"https:\/\/mom-design.com\/en\/wp-json\/wp\/v2\/comments?post=6704"}],"wp:featuredmedia":[{"embeddable":true,"href":"https:\/\/mom-design.com\/en\/wp-json\/wp\/v2\/media\/7253"}],"wp:attachment":[{"href":"https:\/\/mom-design.com\/en\/wp-json\/wp\/v2\/media?parent=6704"}],"wp:term":[{"taxonomy":"product_brand","embeddable":true,"href":"https:\/\/mom-design.com\/en\/wp-json\/wp\/v2\/product_brand?post=6704"},{"taxonomy":"product_cat","embeddable":true,"href":"https:\/\/mom-design.com\/en\/wp-json\/wp\/v2\/product_cat?post=6704"},{"taxonomy":"product_tag","embeddable":true,"href":"https:\/\/mom-design.com\/en\/wp-json\/wp\/v2\/product_tag?post=6704"}],"curies":[{"name":"wp","href":"https:\/\/api.w.org\/{rel}","templated":true}]}}