{"id":6708,"date":"2024-07-23T21:21:00","date_gmt":"2024-07-23T19:21:00","guid":{"rendered":"https:\/\/mom-design.com\/?post_type=product&#038;p=6708"},"modified":"2025-10-25T20:53:30","modified_gmt":"2025-10-25T18:53:30","slug":"plinthe-murale-en-pvc-blanche-2-m-5","status":"publish","type":"product","link":"https:\/\/mom-design.com\/en\/produit\/plinthes-6\/","title":{"rendered":"White pvc wall plinth 2 meters Charles III"},"content":{"rendered":"<h4>\u00a0 \u00a0 \u00a0 \u00a0 \u00a0 \u00a0 \u00a0 \u00a0 \u00a0 \u00a0 \u00a0 <span style=\"text-decoration: underline;\">Product features<\/span><\/h4>\n<p>&#8211;\u00a0 <span style=\"text-decoration: underline;\">Color<\/span> : white<br \/>\n&#8211; <span style=\"text-decoration: underline;\">Length <\/span>: 2 m<br \/>\n&#8211; <span style=\"text-decoration: underline;\">Height<\/span> : 8 cm, ideal to effectively cover the corners of your rooms.<br \/>\n&#8211; <span style=\"text-decoration: underline;\">Material<\/span> : PVC, durable and lightweight<br \/>\n&#8211; <span style=\"text-decoration: underline;\">Customization<\/span>: the surface of the baseboard can be painted to adapt to all your desires decorative.<\/p>\n<h4>\u00a0 \u00a0 \u00a0 \u00a0 \u00a0 \u00a0 \u00a0 \u00a0 \u00a0 \u00a0 \u00a0 <span style=\"text-decoration: underline;\">A Practical and Stylish Finish<\/span><\/h4>\n<p>The baseboard mural PVC white 2 meters MOM DESIGN is designed <strong>to provide a stylish finish to your walls<\/strong> while ensuring <strong>effective protection<\/strong>. With a height of 8 cm, it <strong><a href=\"https:\/\/mom-design.com\/en\/product\/plinthes-4\/\">covers the junction between the wall and the floor<\/a> disproportionately<\/strong>.<\/p>\n<h4>\u00a0 \u00a0 \u00a0 \u00a0 \u00a0 \u00a0 \u00a0 \u00a0 \u00a0 \u00a0 \u00a0<span style=\"text-decoration: underline;\">Easy Installation and Minimal Maintenance<\/span><\/h4>\n<p>The installation of the plinth wall <strong>quick and simple<\/strong> thanks to its lightness. You can fix it with the help of specific glue or clips for installation without effort.<br \/>\nIn terms of maintenance, <strong>a simple wipe with a damp cloth is sufficient<\/strong> to keep it looking clean and sharp. This product is ideal for use in environments with high traffic.<\/p>\n<h4>\u00a0 \u00a0 \u00a0 \u00a0 \u00a0 \u00a0 \u00a0 \u00a0 \u00a0 \u00a0 \u00a0<span style=\"text-decoration: underline;\"><strong>Why Choose MOM DESIGN ?<\/strong><\/span><\/h4>\n<p><strong>In MOM DESIGN<\/strong>we are committed to offer quality products at affordable prices. <strong>The <a href=\"https:\/\/mom-design.com\/en\/product\/plinthes-3\/\">baseboard mural PVC white<\/a> is available exclusively on our site<\/strong>, allowing you to enjoy a special offer at the lowest price. In addition, we offer you the delivery and free returns for a shopping experience pleasant and hassle-free.<\/p>\n<p><strong>Optimize <a href=\"https:\/\/mom-design.com\/en\/product\/plinthes-6\/\">the decoration of your spaces<\/a> with the plinth wall PVC white MOM DESIGN.\u00a0<\/strong><\/p>","protected":false},"excerpt":{"rendered":"<p><strong>The <a href=\"https:\/\/mom-design.com\/en\/plinthes\/\">plinth<\/a> wall PVC white 2 meters<\/strong> is the ideal solution to add a stylish touch to your space. With a height of 8 cm, the baseboard provides a clean finish while protecting your walls. Made of PVC, it is durable and easy to maintain. In addition, it can be painted to fit perfectly to your decor.<\/p>","protected":false},"featured_media":7252,"comment_status":"open","ping_status":"closed","template":"","meta":{"_acf_changed":false},"product_brand":[],"product_cat":[53],"product_tag":[],"class_list":{"0":"post-6708","1":"product","2":"type-product","3":"status-publish","4":"has-post-thumbnail","6":"product_cat-plinthes","8":"first","9":"instock","10":"taxable","11":"shipping-taxable","12":"purchasable","13":"product-type-simple","14":"add-to-wishlist-after_add_to_cart"},"acf":[],"yoast_head":"<!-- This site is optimized with the Yoast SEO plugin v27.0 - https:\/\/yoast.com\/product\/yoast-seo-wordpress\/ -->\n<title>Plinthe murale en pvc blanche 2 m\u00e8tres Charles III | MOM DESIGN<\/title>\n<meta name=\"description\" content=\"D\u00e9couvrez notre plinthe murale en PVC blanche de 2 m, Disponible uniquement sur notre site MOM DESIGN, avec livraison et retours gratuits. Ne manquez pas cette opportunit\u00e9 pour am\u00e9liorer votre int\u00e9rieur !\" \/>\n<meta name=\"robots\" content=\"index, follow, max-snippet:-1, max-image-preview:large, max-video-preview:-1\" \/>\n<link rel=\"canonical\" href=\"https:\/\/mom-design.com\/en\/produit\/plinthes-6\/\" \/>\n<meta property=\"og:locale\" content=\"en_US\" \/>\n<meta property=\"og:type\" content=\"article\" \/>\n<meta property=\"og:title\" content=\"Plinthe murale en pvc blanche 2 m\u00e8tres Charles III | MOM DESIGN\" \/>\n<meta property=\"og:description\" content=\"D\u00e9couvrez notre plinthe murale en PVC blanche de 2 m, Disponible uniquement sur notre site MOM DESIGN, avec livraison et retours gratuits. Ne manquez pas cette opportunit\u00e9 pour am\u00e9liorer votre int\u00e9rieur !\" \/>\n<meta property=\"og:url\" content=\"https:\/\/mom-design.com\/en\/produit\/plinthes-6\/\" \/>\n<meta property=\"og:site_name\" content=\"MOM DESIGN\" \/>\n<meta property=\"article:modified_time\" content=\"2025-10-25T18:53:30+00:00\" \/>\n<meta property=\"og:image\" content=\"https:\/\/mom-design.com\/wp-content\/uploads\/2024\/07\/plinthe-pvc-mom-design-M1.jpeg\" \/>\n\t<meta property=\"og:image:width\" content=\"718\" \/>\n\t<meta property=\"og:image:height\" content=\"538\" \/>\n\t<meta property=\"og:image:type\" content=\"image\/jpeg\" \/>\n<meta name=\"twitter:card\" content=\"summary_large_image\" \/>\n<meta name=\"twitter:label1\" content=\"Est. reading time\" \/>\n\t<meta name=\"twitter:data1\" content=\"2 minutes\" \/>\n<script type=\"application\/ld+json\" class=\"yoast-schema-graph\">{\"@context\":\"https:\/\/schema.org\",\"@graph\":[{\"@type\":\"WebPage\",\"@id\":\"https:\/\/mom-design.com\/en\/produit\/plinthes-6\/\",\"url\":\"https:\/\/mom-design.com\/en\/produit\/plinthes-6\/\",\"name\":\"Plinthe murale en pvc blanche 2 m\u00e8tres Charles III | MOM DESIGN\",\"isPartOf\":{\"@id\":\"https:\/\/mom-design.com\/en\/#website\"},\"primaryImageOfPage\":{\"@id\":\"https:\/\/mom-design.com\/en\/produit\/plinthes-6\/#primaryimage\"},\"image\":{\"@id\":\"https:\/\/mom-design.com\/en\/produit\/plinthes-6\/#primaryimage\"},\"thumbnailUrl\":\"https:\/\/mom-design.com\/wp-content\/uploads\/2024\/07\/plinthe-pvc-mom-design-M1.jpeg\",\"datePublished\":\"2024-07-23T19:21:00+00:00\",\"dateModified\":\"2025-10-25T18:53:30+00:00\",\"description\":\"D\u00e9couvrez notre plinthe murale en PVC blanche de 2 m, Disponible uniquement sur notre site MOM DESIGN, avec livraison et retours gratuits. Ne manquez pas cette opportunit\u00e9 pour am\u00e9liorer votre int\u00e9rieur !\",\"breadcrumb\":{\"@id\":\"https:\/\/mom-design.com\/en\/produit\/plinthes-6\/#breadcrumb\"},\"inLanguage\":\"en-US\",\"potentialAction\":[{\"@type\":\"ReadAction\",\"target\":[\"https:\/\/mom-design.com\/en\/produit\/plinthes-6\/\"]}]},{\"@type\":\"ImageObject\",\"inLanguage\":\"en-US\",\"@id\":\"https:\/\/mom-design.com\/en\/produit\/plinthes-6\/#primaryimage\",\"url\":\"https:\/\/mom-design.com\/wp-content\/uploads\/2024\/07\/plinthe-pvc-mom-design-M1.jpeg\",\"contentUrl\":\"https:\/\/mom-design.com\/wp-content\/uploads\/2024\/07\/plinthe-pvc-mom-design-M1.jpeg\",\"width\":718,\"height\":538,\"caption\":\"plinthe pvc mom design M1 blanche\"},{\"@type\":\"BreadcrumbList\",\"@id\":\"https:\/\/mom-design.com\/en\/produit\/plinthes-6\/#breadcrumb\",\"itemListElement\":[{\"@type\":\"ListItem\",\"position\":1,\"name\":\"D\u00e9coration murale d\u2019int\u00e9rieur\",\"item\":\"https:\/\/mom-design.com\/de\/\"},{\"@type\":\"ListItem\",\"position\":2,\"name\":\"Plinthe murale en pvc blanche 2 m\u00e8tres Charles III\"}]},{\"@type\":\"WebSite\",\"@id\":\"https:\/\/mom-design.com\/en\/#website\",\"url\":\"https:\/\/mom-design.com\/en\/\",\"name\":\"MOM DESIGN\",\"description\":\"Sp\u00e9cialiste du design mural d&#039;int\u00e9rieur\",\"potentialAction\":[{\"@type\":\"SearchAction\",\"target\":{\"@type\":\"EntryPoint\",\"urlTemplate\":\"https:\/\/mom-design.com\/en\/?s={search_term_string}\"},\"query-input\":{\"@type\":\"PropertyValueSpecification\",\"valueRequired\":true,\"valueName\":\"search_term_string\"}}],\"inLanguage\":\"en-US\"}]}<\/script>\n<!-- \/ Yoast SEO plugin. -->","yoast_head_json":{"title":"Plinthe murale en pvc blanche 2 m\u00e8tres Charles III | MOM DESIGN","description":"D\u00e9couvrez notre plinthe murale en PVC blanche de 2 m, Disponible uniquement sur notre site MOM DESIGN, avec livraison et retours gratuits. Ne manquez pas cette opportunit\u00e9 pour am\u00e9liorer votre int\u00e9rieur !","robots":{"index":"index","follow":"follow","max-snippet":"max-snippet:-1","max-image-preview":"max-image-preview:large","max-video-preview":"max-video-preview:-1"},"canonical":"https:\/\/mom-design.com\/en\/produit\/plinthes-6\/","og_locale":"en_US","og_type":"article","og_title":"Plinthe murale en pvc blanche 2 m\u00e8tres Charles III | MOM DESIGN","og_description":"D\u00e9couvrez notre plinthe murale en PVC blanche de 2 m, Disponible uniquement sur notre site MOM DESIGN, avec livraison et retours gratuits. Ne manquez pas cette opportunit\u00e9 pour am\u00e9liorer votre int\u00e9rieur !","og_url":"https:\/\/mom-design.com\/en\/produit\/plinthes-6\/","og_site_name":"MOM DESIGN","article_modified_time":"2025-10-25T18:53:30+00:00","og_image":[{"width":718,"height":538,"url":"https:\/\/mom-design.com\/wp-content\/uploads\/2024\/07\/plinthe-pvc-mom-design-M1.jpeg","type":"image\/jpeg"}],"twitter_card":"summary_large_image","twitter_misc":{"Est. reading time":"2 minutes"},"schema":{"@context":"https:\/\/schema.org","@graph":[{"@type":"WebPage","@id":"https:\/\/mom-design.com\/en\/produit\/plinthes-6\/","url":"https:\/\/mom-design.com\/en\/produit\/plinthes-6\/","name":"Plinthe murale en pvc blanche 2 m\u00e8tres Charles III | MOM DESIGN","isPartOf":{"@id":"https:\/\/mom-design.com\/en\/#website"},"primaryImageOfPage":{"@id":"https:\/\/mom-design.com\/en\/produit\/plinthes-6\/#primaryimage"},"image":{"@id":"https:\/\/mom-design.com\/en\/produit\/plinthes-6\/#primaryimage"},"thumbnailUrl":"https:\/\/mom-design.com\/wp-content\/uploads\/2024\/07\/plinthe-pvc-mom-design-M1.jpeg","datePublished":"2024-07-23T19:21:00+00:00","dateModified":"2025-10-25T18:53:30+00:00","description":"D\u00e9couvrez notre plinthe murale en PVC blanche de 2 m, Disponible uniquement sur notre site MOM DESIGN, avec livraison et retours gratuits. Ne manquez pas cette opportunit\u00e9 pour am\u00e9liorer votre int\u00e9rieur !","breadcrumb":{"@id":"https:\/\/mom-design.com\/en\/produit\/plinthes-6\/#breadcrumb"},"inLanguage":"en-US","potentialAction":[{"@type":"ReadAction","target":["https:\/\/mom-design.com\/en\/produit\/plinthes-6\/"]}]},{"@type":"ImageObject","inLanguage":"en-US","@id":"https:\/\/mom-design.com\/en\/produit\/plinthes-6\/#primaryimage","url":"https:\/\/mom-design.com\/wp-content\/uploads\/2024\/07\/plinthe-pvc-mom-design-M1.jpeg","contentUrl":"https:\/\/mom-design.com\/wp-content\/uploads\/2024\/07\/plinthe-pvc-mom-design-M1.jpeg","width":718,"height":538,"caption":"plinthe pvc mom design M1 blanche"},{"@type":"BreadcrumbList","@id":"https:\/\/mom-design.com\/en\/produit\/plinthes-6\/#breadcrumb","itemListElement":[{"@type":"ListItem","position":1,"name":"D\u00e9coration murale d\u2019int\u00e9rieur","item":"https:\/\/mom-design.com\/de\/"},{"@type":"ListItem","position":2,"name":"Plinthe murale en pvc blanche 2 m\u00e8tres Charles III"}]},{"@type":"WebSite","@id":"https:\/\/mom-design.com\/en\/#website","url":"https:\/\/mom-design.com\/en\/","name":"MOM DESIGN","description":"Sp\u00e9cialiste du design mural d'int\u00e9rieur","potentialAction":[{"@type":"SearchAction","target":{"@type":"EntryPoint","urlTemplate":"https:\/\/mom-design.com\/en\/?s={search_term_string}"},"query-input":{"@type":"PropertyValueSpecification","valueRequired":true,"valueName":"search_term_string"}}],"inLanguage":"en-US"}]}},"_links":{"self":[{"href":"https:\/\/mom-design.com\/en\/wp-json\/wp\/v2\/product\/6708","targetHints":{"allow":["GET"]}}],"collection":[{"href":"https:\/\/mom-design.com\/en\/wp-json\/wp\/v2\/product"}],"about":[{"href":"https:\/\/mom-design.com\/en\/wp-json\/wp\/v2\/types\/product"}],"replies":[{"embeddable":true,"href":"https:\/\/mom-design.com\/en\/wp-json\/wp\/v2\/comments?post=6708"}],"wp:featuredmedia":[{"embeddable":true,"href":"https:\/\/mom-design.com\/en\/wp-json\/wp\/v2\/media\/7252"}],"wp:attachment":[{"href":"https:\/\/mom-design.com\/en\/wp-json\/wp\/v2\/media?parent=6708"}],"wp:term":[{"taxonomy":"product_brand","embeddable":true,"href":"https:\/\/mom-design.com\/en\/wp-json\/wp\/v2\/product_brand?post=6708"},{"taxonomy":"product_cat","embeddable":true,"href":"https:\/\/mom-design.com\/en\/wp-json\/wp\/v2\/product_cat?post=6708"},{"taxonomy":"product_tag","embeddable":true,"href":"https:\/\/mom-design.com\/en\/wp-json\/wp\/v2\/product_tag?post=6708"}],"curies":[{"name":"wp","href":"https:\/\/api.w.org\/{rel}","templated":true}]}}