{"id":6709,"date":"2024-07-23T21:21:26","date_gmt":"2024-07-23T19:21:26","guid":{"rendered":"https:\/\/mom-design.com\/?post_type=product&#038;p=6709"},"modified":"2025-10-25T20:51:55","modified_gmt":"2025-10-25T18:51:55","slug":"plinthe-murale-en-pvc-blanche-2-m-6","status":"publish","type":"product","link":"https:\/\/mom-design.com\/en\/produit\/plinthes-7\/","title":{"rendered":"White pvc wall plinth 2 meters Charles II"},"content":{"rendered":"<h4>\u00a0 \u00a0 \u00a0 \u00a0 \u00a0 \u00a0 \u00a0 \u00a0 \u00a0 \u00a0 <span style=\"text-decoration: underline;\">Features :<\/span><\/h4>\n<p>&#8211; <span style=\"text-decoration: underline;\">Color<\/span> : white<br \/>\n&#8211; <span style=\"text-decoration: underline;\">Height<\/span> : 10 cm<br \/>\n&#8211; <span style=\"text-decoration: underline;\">Length<\/span> : 2 meters<br \/>\n&#8211; <span style=\"text-decoration: underline;\">Material<\/span> : PVC,<strong> easy to paint<\/strong><\/p>\n<ul>\n<li>Bande Led non incluse<\/li>\n<\/ul>\n<h4>\u00a0 \u00a0 \u00a0 \u00a0 \u00a0 \u00a0 \u00a0 \u00a0 \u00a0 \u00a0<span style=\"text-decoration: underline;\">An elegant finishing touch for any interior<\/span><\/h4>\n<p><strong>The <a href=\"https:\/\/mom-design.com\/en\/plinthes\/\">baseboard mural PVC white 2 meters<\/a><\/strong> is the <strong>perfect choice for those looking to add a touch of sophistication to interiors<\/strong>. Designed to fit<strong> all styles of decor<\/strong>this plinth provides a clean finish and modern. It provides <strong>a<a href=\"https:\/\/mom-design.com\/en\/product\/plinthes-2\/\"> smooth transition between the floor and the wall<\/a><\/strong>, hiding effectively cables and imperfections.<\/p>\n<h4>\u00a0 \u00a0 \u00a0 \u00a0 \u00a0 \u00a0 \u00a0 \u00a0 \u00a0 \u00a0<span style=\"text-decoration: underline;\">Easy installation and customization<\/span><\/h4>\n<p><strong>In MOM DESIGN<\/strong>we understand the importance of an easy installation. This is why this skirting board in PVC has been designed to be simple to install. In addition,<strong> its surface can be painted<\/strong>, allowing you to customize your baseboards, depending on the color of your choice. Whether you prefer neutral tones or a more bold, the flexibility of this platform is able to meet your needs.<\/p>\n<h4>\u00a0 \u00a0 \u00a0 \u00a0 \u00a0 \u00a0 \u00a0 \u00a0 \u00a0 \u00a0<span style=\"text-decoration: underline;\">Durability and minimum maintenance<\/span><\/h4>\n<p>Durability is a key feature of our plinth wall. Resistant to moisture and shocks, it guarantees a long service life without frequent maintenance. In contrast to the skirting boards of wood, those PVC is not afraid of moisture, which makes them perfect for every room, including bathrooms and kitchens.<\/p>\n<h4>\u00a0 \u00a0 \u00a0 \u00a0 \u00a0 \u00a0 \u00a0 \u00a0 \u00a0 \u00a0<span style=\"text-decoration: underline;\">Why choose MOM DESIGN ?<\/span><\/h4>\n<p><strong>In MOM DESIGN<\/strong>we are committed to providing high-quality products at competitive prices. Our skirting board wall is not only a practical choice, but also economic.<br \/>\nAvailable exclusively on our site, it is accompanied by a special offer <strong>with delivery and free returns<\/strong>. Do not miss the opportunity to give your space a perfect finish and elegant.<\/p>\n<p><strong>The perfect solution to upgrade your interior while enjoying an excellent quality-price ratio. Transform your spaces with impeccable finishes and trust MOM DESIGN for answer<a href=\"https:\/\/mom-design.com\/en\/product\/plinthes-6\/\"> all of your decorating needs<\/a><\/strong>.<\/p>","protected":false},"excerpt":{"rendered":"<p><strong>This baseboard mural PVC white measures 2 meters<\/strong> long and 8 cm in height. <a href=\"https:\/\/mom-design.com\/en\/product\/plinthes-4\/\"><strong>Easy to paint<\/strong><\/a>, it<strong> provides a finish that is customized for your walls<\/strong>. Ideal for renovations modern, it is designed for quick and easy installation and durable. <strong>Available in MOM DESIGN a design at a low price<\/strong>.<\/p>","protected":false},"featured_media":7251,"comment_status":"open","ping_status":"closed","template":"","meta":{"_acf_changed":false},"product_brand":[],"product_cat":[53],"product_tag":[],"class_list":{"0":"post-6709","1":"product","2":"type-product","3":"status-publish","4":"has-post-thumbnail","6":"product_cat-plinthes","7":"product_shipping_class-livraison-gls","9":"first","10":"instock","11":"taxable","12":"shipping-taxable","13":"purchasable","14":"product-type-simple","15":"add-to-wishlist-after_add_to_cart"},"acf":[],"yoast_head":"<!-- This site is optimized with the Yoast SEO plugin v27.0 - https:\/\/yoast.com\/product\/yoast-seo-wordpress\/ -->\n<title>Plinthe murale en pvc blanche 2 m\u00e8tres Charles II | MOM DESIGN<\/title>\n<meta name=\"description\" content=\"D\u00e9couvrez notre plinthe murale en PVC blanche de 2 m, id\u00e9ale pour une finition \u00e9l\u00e9gante. Facile \u00e0 installer et personnalisable. Profitez de notre offre avec livraison et retours gratuits. Disponible \u00e0 petit prix et uniquement sur notre site MOM DESIGN, ne manquez pas l&#039;occasion de rendre votre int\u00e9rieur parfait.\" \/>\n<meta name=\"robots\" content=\"index, follow, max-snippet:-1, max-image-preview:large, max-video-preview:-1\" \/>\n<link rel=\"canonical\" href=\"https:\/\/mom-design.com\/en\/produit\/plinthes-7\/\" \/>\n<meta property=\"og:locale\" content=\"en_US\" \/>\n<meta property=\"og:type\" content=\"article\" \/>\n<meta property=\"og:title\" content=\"Plinthe murale en pvc blanche 2 m\u00e8tres Charles II | MOM DESIGN\" \/>\n<meta property=\"og:description\" content=\"D\u00e9couvrez notre plinthe murale en PVC blanche de 2 m, id\u00e9ale pour une finition \u00e9l\u00e9gante. Facile \u00e0 installer et personnalisable. Profitez de notre offre avec livraison et retours gratuits. Disponible \u00e0 petit prix et uniquement sur notre site MOM DESIGN, ne manquez pas l&#039;occasion de rendre votre int\u00e9rieur parfait.\" \/>\n<meta property=\"og:url\" content=\"https:\/\/mom-design.com\/en\/produit\/plinthes-7\/\" \/>\n<meta property=\"og:site_name\" content=\"MOM DESIGN\" \/>\n<meta property=\"article:modified_time\" content=\"2025-10-25T18:51:55+00:00\" \/>\n<meta property=\"og:image\" content=\"https:\/\/mom-design.com\/wp-content\/uploads\/2024\/07\/plinthe-led-pvc-mom-design.jpeg\" \/>\n\t<meta property=\"og:image:width\" content=\"718\" \/>\n\t<meta property=\"og:image:height\" content=\"538\" \/>\n\t<meta property=\"og:image:type\" content=\"image\/jpeg\" \/>\n<meta name=\"twitter:card\" content=\"summary_large_image\" \/>\n<meta name=\"twitter:label1\" content=\"Est. reading time\" \/>\n\t<meta name=\"twitter:data1\" content=\"2 minutes\" \/>\n<script type=\"application\/ld+json\" class=\"yoast-schema-graph\">{\"@context\":\"https:\/\/schema.org\",\"@graph\":[{\"@type\":\"WebPage\",\"@id\":\"https:\/\/mom-design.com\/en\/produit\/plinthes-7\/\",\"url\":\"https:\/\/mom-design.com\/en\/produit\/plinthes-7\/\",\"name\":\"Plinthe murale en pvc blanche 2 m\u00e8tres Charles II | MOM DESIGN\",\"isPartOf\":{\"@id\":\"https:\/\/mom-design.com\/en\/#website\"},\"primaryImageOfPage\":{\"@id\":\"https:\/\/mom-design.com\/en\/produit\/plinthes-7\/#primaryimage\"},\"image\":{\"@id\":\"https:\/\/mom-design.com\/en\/produit\/plinthes-7\/#primaryimage\"},\"thumbnailUrl\":\"https:\/\/mom-design.com\/wp-content\/uploads\/2024\/07\/plinthe-led-pvc-mom-design.jpeg\",\"datePublished\":\"2024-07-23T19:21:26+00:00\",\"dateModified\":\"2025-10-25T18:51:55+00:00\",\"description\":\"D\u00e9couvrez notre plinthe murale en PVC blanche de 2 m, id\u00e9ale pour une finition \u00e9l\u00e9gante. Facile \u00e0 installer et personnalisable. Profitez de notre offre avec livraison et retours gratuits. Disponible \u00e0 petit prix et uniquement sur notre site MOM DESIGN, ne manquez pas l'occasion de rendre votre int\u00e9rieur parfait.\",\"breadcrumb\":{\"@id\":\"https:\/\/mom-design.com\/en\/produit\/plinthes-7\/#breadcrumb\"},\"inLanguage\":\"en-US\",\"potentialAction\":[{\"@type\":\"ReadAction\",\"target\":[\"https:\/\/mom-design.com\/en\/produit\/plinthes-7\/\"]}]},{\"@type\":\"ImageObject\",\"inLanguage\":\"en-US\",\"@id\":\"https:\/\/mom-design.com\/en\/produit\/plinthes-7\/#primaryimage\",\"url\":\"https:\/\/mom-design.com\/wp-content\/uploads\/2024\/07\/plinthe-led-pvc-mom-design.jpeg\",\"contentUrl\":\"https:\/\/mom-design.com\/wp-content\/uploads\/2024\/07\/plinthe-led-pvc-mom-design.jpeg\",\"width\":718,\"height\":538,\"caption\":\"plinthe led pvc mom design blanche\"},{\"@type\":\"BreadcrumbList\",\"@id\":\"https:\/\/mom-design.com\/en\/produit\/plinthes-7\/#breadcrumb\",\"itemListElement\":[{\"@type\":\"ListItem\",\"position\":1,\"name\":\"D\u00e9coration murale d\u2019int\u00e9rieur\",\"item\":\"https:\/\/mom-design.com\/de\/\"},{\"@type\":\"ListItem\",\"position\":2,\"name\":\"Plinthe murale en pvc blanche 2 m\u00e8tres Charles II\"}]},{\"@type\":\"WebSite\",\"@id\":\"https:\/\/mom-design.com\/en\/#website\",\"url\":\"https:\/\/mom-design.com\/en\/\",\"name\":\"MOM DESIGN\",\"description\":\"Sp\u00e9cialiste du design mural d&#039;int\u00e9rieur\",\"potentialAction\":[{\"@type\":\"SearchAction\",\"target\":{\"@type\":\"EntryPoint\",\"urlTemplate\":\"https:\/\/mom-design.com\/en\/?s={search_term_string}\"},\"query-input\":{\"@type\":\"PropertyValueSpecification\",\"valueRequired\":true,\"valueName\":\"search_term_string\"}}],\"inLanguage\":\"en-US\"}]}<\/script>\n<!-- \/ Yoast SEO plugin. -->","yoast_head_json":{"title":"Plinthe murale en pvc blanche 2 m\u00e8tres Charles II | MOM DESIGN","description":"D\u00e9couvrez notre plinthe murale en PVC blanche de 2 m, id\u00e9ale pour une finition \u00e9l\u00e9gante. Facile \u00e0 installer et personnalisable. Profitez de notre offre avec livraison et retours gratuits. Disponible \u00e0 petit prix et uniquement sur notre site MOM DESIGN, ne manquez pas l'occasion de rendre votre int\u00e9rieur parfait.","robots":{"index":"index","follow":"follow","max-snippet":"max-snippet:-1","max-image-preview":"max-image-preview:large","max-video-preview":"max-video-preview:-1"},"canonical":"https:\/\/mom-design.com\/en\/produit\/plinthes-7\/","og_locale":"en_US","og_type":"article","og_title":"Plinthe murale en pvc blanche 2 m\u00e8tres Charles II | MOM DESIGN","og_description":"D\u00e9couvrez notre plinthe murale en PVC blanche de 2 m, id\u00e9ale pour une finition \u00e9l\u00e9gante. Facile \u00e0 installer et personnalisable. Profitez de notre offre avec livraison et retours gratuits. Disponible \u00e0 petit prix et uniquement sur notre site MOM DESIGN, ne manquez pas l'occasion de rendre votre int\u00e9rieur parfait.","og_url":"https:\/\/mom-design.com\/en\/produit\/plinthes-7\/","og_site_name":"MOM DESIGN","article_modified_time":"2025-10-25T18:51:55+00:00","og_image":[{"width":718,"height":538,"url":"https:\/\/mom-design.com\/wp-content\/uploads\/2024\/07\/plinthe-led-pvc-mom-design.jpeg","type":"image\/jpeg"}],"twitter_card":"summary_large_image","twitter_misc":{"Est. reading time":"2 minutes"},"schema":{"@context":"https:\/\/schema.org","@graph":[{"@type":"WebPage","@id":"https:\/\/mom-design.com\/en\/produit\/plinthes-7\/","url":"https:\/\/mom-design.com\/en\/produit\/plinthes-7\/","name":"Plinthe murale en pvc blanche 2 m\u00e8tres Charles II | MOM DESIGN","isPartOf":{"@id":"https:\/\/mom-design.com\/en\/#website"},"primaryImageOfPage":{"@id":"https:\/\/mom-design.com\/en\/produit\/plinthes-7\/#primaryimage"},"image":{"@id":"https:\/\/mom-design.com\/en\/produit\/plinthes-7\/#primaryimage"},"thumbnailUrl":"https:\/\/mom-design.com\/wp-content\/uploads\/2024\/07\/plinthe-led-pvc-mom-design.jpeg","datePublished":"2024-07-23T19:21:26+00:00","dateModified":"2025-10-25T18:51:55+00:00","description":"D\u00e9couvrez notre plinthe murale en PVC blanche de 2 m, id\u00e9ale pour une finition \u00e9l\u00e9gante. Facile \u00e0 installer et personnalisable. Profitez de notre offre avec livraison et retours gratuits. Disponible \u00e0 petit prix et uniquement sur notre site MOM DESIGN, ne manquez pas l'occasion de rendre votre int\u00e9rieur parfait.","breadcrumb":{"@id":"https:\/\/mom-design.com\/en\/produit\/plinthes-7\/#breadcrumb"},"inLanguage":"en-US","potentialAction":[{"@type":"ReadAction","target":["https:\/\/mom-design.com\/en\/produit\/plinthes-7\/"]}]},{"@type":"ImageObject","inLanguage":"en-US","@id":"https:\/\/mom-design.com\/en\/produit\/plinthes-7\/#primaryimage","url":"https:\/\/mom-design.com\/wp-content\/uploads\/2024\/07\/plinthe-led-pvc-mom-design.jpeg","contentUrl":"https:\/\/mom-design.com\/wp-content\/uploads\/2024\/07\/plinthe-led-pvc-mom-design.jpeg","width":718,"height":538,"caption":"plinthe led pvc mom design blanche"},{"@type":"BreadcrumbList","@id":"https:\/\/mom-design.com\/en\/produit\/plinthes-7\/#breadcrumb","itemListElement":[{"@type":"ListItem","position":1,"name":"D\u00e9coration murale d\u2019int\u00e9rieur","item":"https:\/\/mom-design.com\/de\/"},{"@type":"ListItem","position":2,"name":"Plinthe murale en pvc blanche 2 m\u00e8tres Charles II"}]},{"@type":"WebSite","@id":"https:\/\/mom-design.com\/en\/#website","url":"https:\/\/mom-design.com\/en\/","name":"MOM DESIGN","description":"Sp\u00e9cialiste du design mural d'int\u00e9rieur","potentialAction":[{"@type":"SearchAction","target":{"@type":"EntryPoint","urlTemplate":"https:\/\/mom-design.com\/en\/?s={search_term_string}"},"query-input":{"@type":"PropertyValueSpecification","valueRequired":true,"valueName":"search_term_string"}}],"inLanguage":"en-US"}]}},"_links":{"self":[{"href":"https:\/\/mom-design.com\/en\/wp-json\/wp\/v2\/product\/6709","targetHints":{"allow":["GET"]}}],"collection":[{"href":"https:\/\/mom-design.com\/en\/wp-json\/wp\/v2\/product"}],"about":[{"href":"https:\/\/mom-design.com\/en\/wp-json\/wp\/v2\/types\/product"}],"replies":[{"embeddable":true,"href":"https:\/\/mom-design.com\/en\/wp-json\/wp\/v2\/comments?post=6709"}],"wp:featuredmedia":[{"embeddable":true,"href":"https:\/\/mom-design.com\/en\/wp-json\/wp\/v2\/media\/7251"}],"wp:attachment":[{"href":"https:\/\/mom-design.com\/en\/wp-json\/wp\/v2\/media?parent=6709"}],"wp:term":[{"taxonomy":"product_brand","embeddable":true,"href":"https:\/\/mom-design.com\/en\/wp-json\/wp\/v2\/product_brand?post=6709"},{"taxonomy":"product_cat","embeddable":true,"href":"https:\/\/mom-design.com\/en\/wp-json\/wp\/v2\/product_cat?post=6709"},{"taxonomy":"product_tag","embeddable":true,"href":"https:\/\/mom-design.com\/en\/wp-json\/wp\/v2\/product_tag?post=6709"}],"curies":[{"name":"wp","href":"https:\/\/api.w.org\/{rel}","templated":true}]}}