{"id":6710,"date":"2024-07-23T21:21:47","date_gmt":"2024-07-23T19:21:47","guid":{"rendered":"https:\/\/mom-design.com\/?post_type=product&#038;p=6710"},"modified":"2025-10-25T20:28:52","modified_gmt":"2025-10-25T18:28:52","slug":"plinthe-murale-en-pvc-blanche-2-m-7","status":"publish","type":"product","link":"https:\/\/mom-design.com\/en\/produit\/plinthes-8\/","title":{"rendered":"White PVC wall skirting board 2 meters Charles I"},"content":{"rendered":"<h4>\u00a0 \u00a0 \u00a0 \u00a0 \u00a0 \u00a0 \u00a0 \u00a0 <span style=\"text-decoration: underline;\">Features :<\/span><\/h4>\n<p>&#8211; <span style=\"text-decoration: underline;\">Color<\/span> : white<br \/>\n&#8211; <span style=\"text-decoration: underline;\">Height<\/span> : 9 cm<br \/>\n&#8211; <span style=\"text-decoration: underline;\">Length<\/span> : 2 meters<br \/>\n&#8211; <span style=\"text-decoration: underline;\">Material<\/span> : PVC<br \/>\n&#8211; <span style=\"text-decoration: underline;\">Customizable<\/span> : can be painted<br \/>\n&#8211; <span style=\"text-decoration: underline;\">Installation<\/span> :quick and easy<\/p>\n<h4>\u00a0 \u00a0 \u00a0 \u00a0 \u00a0 \u00a0 \u00a0 \u00a0 <span style=\"text-decoration: underline;\">Add a Perfect Finish with the Baseboard Mural PVC White<\/span><\/h4>\n<p>To give the interior of your home <a href=\"https:\/\/mom-design.com\/en\/product\/plinthes-12\/\"><strong>a touch of perfection<\/strong><\/a>opt for our baseboard mural PVC white 2 meters. In effect, this plinth combines the <strong>ease of installation<\/strong> and <strong>the modern aesthetic<\/strong>guaranteeing a clean finish on your parts. Thanks to its height of 8 cm, a discreet elegance, while protecting your walls from shocks and dirt. This versatile product fits <strong>all types of decor<\/strong>from the most classical to the most contemporary.<\/p>\n<h4>\u00a0 \u00a0 \u00a0 \u00a0 \u00a0 \u00a0 \u00a0 \u00a0<span style=\"text-decoration: underline;\">A Sustainable Solution and Customizable<\/span><\/h4>\n<p><strong>Made of PVC, this plinth <a href=\"https:\/\/mom-design.com\/en\/product\/cimaises-2\/\">wall<\/a> is distinguished by its strength and durability.<\/strong> Not only, it is resistant to scratches and shocks, but it is also <a href=\"https:\/\/mom-design.com\/en\/product\/revetement-mural-12\/\"><strong>easy to clean<\/strong><\/a>, which makes it an ideal choice for the active foci. In addition, it <strong>can be painted according to your preferences,<\/strong> giving you the opportunity to customize the interior of your home according to your tastes. Thus, you can easily harmonize with the colors of your walls or your furniture, creating a space that is consistent and enjoyable.<\/p>\n<h4>\u00a0 \u00a0 \u00a0 \u00a0 \u00a0 \u00a0 \u00a0 \u00a0<span style=\"text-decoration: underline;\">Easy to install for a Professional Result<\/span><\/h4>\n<p>The installation of the border wall is <strong>the scope of all<\/strong>. You just need to set it up and in no time, your walls will have a smooth finish, and your parts will be transformed.<br \/>\nWith a minimum of effort, and get a professional result that will impress your guests.<\/p>\n<h4>\u00a0 \u00a0 \u00a0 \u00a0 \u00a0 \u00a0 \u00a0 \u00a0<span style=\"text-decoration: underline;\">Why Choose MOM DESIGN for your Skirting boards ?<\/span><\/h4>\n<p><strong>In MOM DESIGN<\/strong>we are committed to providing high-quality products which meet your needs and exceed your expectations. Our baseboards mural PVC are no exception. <strong>By selecting our shop, you get not only a product of stylish and sustainable, but also customer service is exemplary, with delivery and free returns.<\/strong> We understand the importance of every detail in the creation of a harmonious interior, which is why we offer a range of carefully selected products to complement your decor.<\/p>","protected":false},"excerpt":{"rendered":"<p><strong>This <a href=\"https:\/\/mom-design.com\/en\/product\/plinthes-6\/\">baseboard mural PVC white<\/a><\/strong>e 2 meters in length and 8 cm in height is the perfect solution for an elegant finish to your interiors. Designed from durable PVC, it can be painted to suit your decor, offering a quick and easy installation for a result that is neat and modern.<\/p>","protected":false},"featured_media":7290,"comment_status":"open","ping_status":"closed","template":"","meta":{"_acf_changed":false},"product_brand":[],"product_cat":[53],"product_tag":[],"class_list":{"0":"post-6710","1":"product","2":"type-product","3":"status-publish","4":"has-post-thumbnail","6":"product_cat-plinthes","7":"product_shipping_class-livraison-gls","9":"first","10":"instock","11":"taxable","12":"shipping-taxable","13":"purchasable","14":"product-type-simple","15":"add-to-wishlist-after_add_to_cart"},"acf":[],"yoast_head":"<!-- This site is optimized with the Yoast SEO plugin v27.0 - https:\/\/yoast.com\/product\/yoast-seo-wordpress\/ -->\n<title>Plinthe murale en pvc blanche 2 m\u00e8tres Charles I | MOM DESIGN<\/title>\n<meta name=\"description\" content=\"D\u00e9couvrez la plinthe murale en PVC blanche de 2 m, parfaite pour une finition moderne et \u00e9l\u00e9gante. Facile \u00e0 installer et personnalisable, avec livraison et retours gratuits. Disponible \u00e0 petit prix chez MOM DESIGN.\" \/>\n<meta name=\"robots\" content=\"index, follow, max-snippet:-1, max-image-preview:large, max-video-preview:-1\" \/>\n<link rel=\"canonical\" href=\"https:\/\/mom-design.com\/en\/produit\/plinthes-8\/\" \/>\n<meta property=\"og:locale\" content=\"en_US\" \/>\n<meta property=\"og:type\" content=\"article\" \/>\n<meta property=\"og:title\" content=\"Plinthe murale en pvc blanche 2 m\u00e8tres Charles I | MOM DESIGN\" \/>\n<meta property=\"og:description\" content=\"D\u00e9couvrez la plinthe murale en PVC blanche de 2 m, parfaite pour une finition moderne et \u00e9l\u00e9gante. Facile \u00e0 installer et personnalisable, avec livraison et retours gratuits. Disponible \u00e0 petit prix chez MOM DESIGN.\" \/>\n<meta property=\"og:url\" content=\"https:\/\/mom-design.com\/en\/produit\/plinthes-8\/\" \/>\n<meta property=\"og:site_name\" content=\"MOM DESIGN\" \/>\n<meta property=\"article:modified_time\" content=\"2025-10-25T18:28:52+00:00\" \/>\n<meta property=\"og:image\" content=\"https:\/\/mom-design.com\/wp-content\/uploads\/2024\/07\/plinthe-pvc-mom-design-M3.jpeg\" \/>\n\t<meta property=\"og:image:width\" content=\"718\" \/>\n\t<meta property=\"og:image:height\" content=\"538\" \/>\n\t<meta property=\"og:image:type\" content=\"image\/jpeg\" \/>\n<meta name=\"twitter:card\" content=\"summary_large_image\" \/>\n<meta name=\"twitter:label1\" content=\"Est. reading time\" \/>\n\t<meta name=\"twitter:data1\" content=\"2 minutes\" \/>\n<script type=\"application\/ld+json\" class=\"yoast-schema-graph\">{\"@context\":\"https:\/\/schema.org\",\"@graph\":[{\"@type\":\"WebPage\",\"@id\":\"https:\/\/mom-design.com\/en\/produit\/plinthes-8\/\",\"url\":\"https:\/\/mom-design.com\/en\/produit\/plinthes-8\/\",\"name\":\"Plinthe murale en pvc blanche 2 m\u00e8tres Charles I | MOM DESIGN\",\"isPartOf\":{\"@id\":\"https:\/\/mom-design.com\/en\/#website\"},\"primaryImageOfPage\":{\"@id\":\"https:\/\/mom-design.com\/en\/produit\/plinthes-8\/#primaryimage\"},\"image\":{\"@id\":\"https:\/\/mom-design.com\/en\/produit\/plinthes-8\/#primaryimage\"},\"thumbnailUrl\":\"https:\/\/mom-design.com\/wp-content\/uploads\/2024\/07\/plinthe-pvc-mom-design-M3.jpeg\",\"datePublished\":\"2024-07-23T19:21:47+00:00\",\"dateModified\":\"2025-10-25T18:28:52+00:00\",\"description\":\"D\u00e9couvrez la plinthe murale en PVC blanche de 2 m, parfaite pour une finition moderne et \u00e9l\u00e9gante. Facile \u00e0 installer et personnalisable, avec livraison et retours gratuits. Disponible \u00e0 petit prix chez MOM DESIGN.\",\"breadcrumb\":{\"@id\":\"https:\/\/mom-design.com\/en\/produit\/plinthes-8\/#breadcrumb\"},\"inLanguage\":\"en-US\",\"potentialAction\":[{\"@type\":\"ReadAction\",\"target\":[\"https:\/\/mom-design.com\/en\/produit\/plinthes-8\/\"]}]},{\"@type\":\"ImageObject\",\"inLanguage\":\"en-US\",\"@id\":\"https:\/\/mom-design.com\/en\/produit\/plinthes-8\/#primaryimage\",\"url\":\"https:\/\/mom-design.com\/wp-content\/uploads\/2024\/07\/plinthe-pvc-mom-design-M3.jpeg\",\"contentUrl\":\"https:\/\/mom-design.com\/wp-content\/uploads\/2024\/07\/plinthe-pvc-mom-design-M3.jpeg\",\"width\":718,\"height\":538},{\"@type\":\"BreadcrumbList\",\"@id\":\"https:\/\/mom-design.com\/en\/produit\/plinthes-8\/#breadcrumb\",\"itemListElement\":[{\"@type\":\"ListItem\",\"position\":1,\"name\":\"D\u00e9coration murale d\u2019int\u00e9rieur\",\"item\":\"https:\/\/mom-design.com\/de\/\"},{\"@type\":\"ListItem\",\"position\":2,\"name\":\"Plinthe murale en pvc blanche 2 m\u00e8tres Charles I\"}]},{\"@type\":\"WebSite\",\"@id\":\"https:\/\/mom-design.com\/en\/#website\",\"url\":\"https:\/\/mom-design.com\/en\/\",\"name\":\"MOM DESIGN\",\"description\":\"Sp\u00e9cialiste du design mural d&#039;int\u00e9rieur\",\"potentialAction\":[{\"@type\":\"SearchAction\",\"target\":{\"@type\":\"EntryPoint\",\"urlTemplate\":\"https:\/\/mom-design.com\/en\/?s={search_term_string}\"},\"query-input\":{\"@type\":\"PropertyValueSpecification\",\"valueRequired\":true,\"valueName\":\"search_term_string\"}}],\"inLanguage\":\"en-US\"}]}<\/script>\n<!-- \/ Yoast SEO plugin. -->","yoast_head_json":{"title":"Plinthe murale en pvc blanche 2 m\u00e8tres Charles I | MOM DESIGN","description":"D\u00e9couvrez la plinthe murale en PVC blanche de 2 m, parfaite pour une finition moderne et \u00e9l\u00e9gante. Facile \u00e0 installer et personnalisable, avec livraison et retours gratuits. Disponible \u00e0 petit prix chez MOM DESIGN.","robots":{"index":"index","follow":"follow","max-snippet":"max-snippet:-1","max-image-preview":"max-image-preview:large","max-video-preview":"max-video-preview:-1"},"canonical":"https:\/\/mom-design.com\/en\/produit\/plinthes-8\/","og_locale":"en_US","og_type":"article","og_title":"Plinthe murale en pvc blanche 2 m\u00e8tres Charles I | MOM DESIGN","og_description":"D\u00e9couvrez la plinthe murale en PVC blanche de 2 m, parfaite pour une finition moderne et \u00e9l\u00e9gante. Facile \u00e0 installer et personnalisable, avec livraison et retours gratuits. Disponible \u00e0 petit prix chez MOM DESIGN.","og_url":"https:\/\/mom-design.com\/en\/produit\/plinthes-8\/","og_site_name":"MOM DESIGN","article_modified_time":"2025-10-25T18:28:52+00:00","og_image":[{"width":718,"height":538,"url":"https:\/\/mom-design.com\/wp-content\/uploads\/2024\/07\/plinthe-pvc-mom-design-M3.jpeg","type":"image\/jpeg"}],"twitter_card":"summary_large_image","twitter_misc":{"Est. reading time":"2 minutes"},"schema":{"@context":"https:\/\/schema.org","@graph":[{"@type":"WebPage","@id":"https:\/\/mom-design.com\/en\/produit\/plinthes-8\/","url":"https:\/\/mom-design.com\/en\/produit\/plinthes-8\/","name":"Plinthe murale en pvc blanche 2 m\u00e8tres Charles I | MOM DESIGN","isPartOf":{"@id":"https:\/\/mom-design.com\/en\/#website"},"primaryImageOfPage":{"@id":"https:\/\/mom-design.com\/en\/produit\/plinthes-8\/#primaryimage"},"image":{"@id":"https:\/\/mom-design.com\/en\/produit\/plinthes-8\/#primaryimage"},"thumbnailUrl":"https:\/\/mom-design.com\/wp-content\/uploads\/2024\/07\/plinthe-pvc-mom-design-M3.jpeg","datePublished":"2024-07-23T19:21:47+00:00","dateModified":"2025-10-25T18:28:52+00:00","description":"D\u00e9couvrez la plinthe murale en PVC blanche de 2 m, parfaite pour une finition moderne et \u00e9l\u00e9gante. Facile \u00e0 installer et personnalisable, avec livraison et retours gratuits. Disponible \u00e0 petit prix chez MOM DESIGN.","breadcrumb":{"@id":"https:\/\/mom-design.com\/en\/produit\/plinthes-8\/#breadcrumb"},"inLanguage":"en-US","potentialAction":[{"@type":"ReadAction","target":["https:\/\/mom-design.com\/en\/produit\/plinthes-8\/"]}]},{"@type":"ImageObject","inLanguage":"en-US","@id":"https:\/\/mom-design.com\/en\/produit\/plinthes-8\/#primaryimage","url":"https:\/\/mom-design.com\/wp-content\/uploads\/2024\/07\/plinthe-pvc-mom-design-M3.jpeg","contentUrl":"https:\/\/mom-design.com\/wp-content\/uploads\/2024\/07\/plinthe-pvc-mom-design-M3.jpeg","width":718,"height":538},{"@type":"BreadcrumbList","@id":"https:\/\/mom-design.com\/en\/produit\/plinthes-8\/#breadcrumb","itemListElement":[{"@type":"ListItem","position":1,"name":"D\u00e9coration murale d\u2019int\u00e9rieur","item":"https:\/\/mom-design.com\/de\/"},{"@type":"ListItem","position":2,"name":"Plinthe murale en pvc blanche 2 m\u00e8tres Charles I"}]},{"@type":"WebSite","@id":"https:\/\/mom-design.com\/en\/#website","url":"https:\/\/mom-design.com\/en\/","name":"MOM DESIGN","description":"Sp\u00e9cialiste du design mural d'int\u00e9rieur","potentialAction":[{"@type":"SearchAction","target":{"@type":"EntryPoint","urlTemplate":"https:\/\/mom-design.com\/en\/?s={search_term_string}"},"query-input":{"@type":"PropertyValueSpecification","valueRequired":true,"valueName":"search_term_string"}}],"inLanguage":"en-US"}]}},"_links":{"self":[{"href":"https:\/\/mom-design.com\/en\/wp-json\/wp\/v2\/product\/6710","targetHints":{"allow":["GET"]}}],"collection":[{"href":"https:\/\/mom-design.com\/en\/wp-json\/wp\/v2\/product"}],"about":[{"href":"https:\/\/mom-design.com\/en\/wp-json\/wp\/v2\/types\/product"}],"replies":[{"embeddable":true,"href":"https:\/\/mom-design.com\/en\/wp-json\/wp\/v2\/comments?post=6710"}],"wp:featuredmedia":[{"embeddable":true,"href":"https:\/\/mom-design.com\/en\/wp-json\/wp\/v2\/media\/7290"}],"wp:attachment":[{"href":"https:\/\/mom-design.com\/en\/wp-json\/wp\/v2\/media?parent=6710"}],"wp:term":[{"taxonomy":"product_brand","embeddable":true,"href":"https:\/\/mom-design.com\/en\/wp-json\/wp\/v2\/product_brand?post=6710"},{"taxonomy":"product_cat","embeddable":true,"href":"https:\/\/mom-design.com\/en\/wp-json\/wp\/v2\/product_cat?post=6710"},{"taxonomy":"product_tag","embeddable":true,"href":"https:\/\/mom-design.com\/en\/wp-json\/wp\/v2\/product_tag?post=6710"}],"curies":[{"name":"wp","href":"https:\/\/api.w.org\/{rel}","templated":true}]}}