{"id":6713,"date":"2024-07-23T21:23:05","date_gmt":"2024-07-23T19:23:05","guid":{"rendered":"https:\/\/mom-design.com\/?post_type=product&#038;p=6713"},"modified":"2025-10-13T17:34:54","modified_gmt":"2025-10-13T15:34:54","slug":"cache-rideau-design-blanc-2","status":"publish","type":"product","link":"https:\/\/mom-design.com\/en\/produit\/plinthes-11\/","title":{"rendered":"2 meter white designer PVC curtain cover"},"content":{"rendered":"<h4>\u00a0 \u00a0 \u00a0 \u00a0 \u00a0 \u00a0 \u00a0 \u00a0 \u00a0 \u00a0 \u00a0 \u00a0<span style=\"text-decoration: underline;\">Features :<\/span><\/h4>\n<p>&#8211; <span style=\"text-decoration: underline;\">Color<\/span> : white<br \/>\n&#8211; <span style=\"text-decoration: underline;\">Dimensions<\/span> : adaptable to various window sizes<br \/>\n&#8211; <span style=\"text-decoration: underline;\">Design<\/span> :modern and sleek<br \/>\n&#8211; <span style=\"text-decoration: underline;\">Maintenance<\/span>: easy to clean, resistant to folds<br \/>\n&#8211; <span style=\"text-decoration: underline;\">Use<\/span> : suitable for all parts of the house<\/p>\n<h4>\u00a0 \u00a0 \u00a0 \u00a0 \u00a0 \u00a0 \u00a0 \u00a0 \u00a0 \u00a0 \u00a0 \u00a0<span style=\"text-decoration: underline;\">Elegance and modernity for your interior<\/span><\/h4>\n<p><strong>The cache-curtain white design<\/strong> is the<strong>perfect accessory to dress up your <a href=\"https:\/\/mom-design.com\/en\/product\/plinthes-12\/\">windows<\/a> while maintaining your privacy<\/strong>. Thanks to its white color, it blends easily with all styles of decoration, from the most classical to the most contemporary. In the <strong>living room<\/strong>, the <strong>room<\/strong>, or even <strong>kitchen<\/strong>it will bring a touch of light and freshness to your interior, while creating a soothing ambiance.<\/p>\n<h4>\u00a0 \u00a0 \u00a0 \u00a0 \u00a0 \u00a0 \u00a0 \u00a0 \u00a0 \u00a0 \u00a0 \u00a0<span style=\"text-decoration: underline;\">Ease of installation and maintenance<\/span><\/h4>\n<p>This cache-rideau was thought to be<a href=\"https:\/\/mom-design.com\/en\/product\/plinthes-3\/\"> <strong>both aesthetic and practical<\/strong><\/a>. In fact, it is not only <strong>resistant to wrinkles<\/strong>, but also <strong>easy to wash<\/strong>this allows you to maintain a <strong>decoration always flawless<\/strong>. The installation is quick and easy, adapting to the majority of curtain rods standards. You can renew your interior in a blink of an eye.<\/p>\n<h4>\u00a0 \u00a0 \u00a0 \u00a0 \u00a0 \u00a0 \u00a0 \u00a0 \u00a0 \u00a0 \u00a0 \u00a0<span style=\"text-decoration: underline;\">A versatile choice for all the parts<\/span><\/h4>\n<p>One of the main strengths of this cache-curtain white design is its versatility. <a href=\"https:\/\/mom-design.com\/en\/product\/plinthes-1\/\"><strong>It is perfect for any room of the house<\/strong><\/a>that you want to use it for a bedroom, a living room, a bathroom, or even an office. In addition, its low-profile design but elegant, can easily attach to other items of decoration, such as <strong>curtains<\/strong> more thick <strong>curtains<\/strong>or <strong>stores<\/strong>. In addition, it provides an ideal solution for those who seek to control the brightness while adding an aesthetic touch to their spaces.<\/p>\n<h4>\u00a0 \u00a0 \u00a0 \u00a0 \u00a0 \u00a0 \u00a0 \u00a0 \u00a0 \u00a0 \u00a0 \u00a0<span style=\"text-decoration: underline;\">Available in MOM DESIGN<\/span><\/h4>\n<p><strong>In MOM DESIGN<\/strong>we put a point of honor to offer quality products that meet the needs of our customers. This cache-curtain is a great example of our commitment to elegance and functionality.<strong> Buy from MOM DESIGN<\/strong>you also get our dedicated customer service, ready to assist you at every step of your purchase. Plus, enjoy our exclusive offer with<strong> delivery and free returns<\/strong>for a shopping experience worry free.<\/p>\n<p>&nbsp;<\/p>","protected":false},"excerpt":{"rendered":"<p><strong>This cache-curtain white design provides <a href=\"https:\/\/mom-design.com\/en\/plinthes\/\">a touch of elegance and modernity<\/a> to your windows, while maintaining your privacy<\/strong>. Ideal for every room in the house,<br \/>\nits timeless white color blends in with any d\u00e9cor. Available with free delivery and returns, this product is designed to blend harmoniously with your interior. Take advantage of its refined design to enhance your decor.<\/p>","protected":false},"featured_media":7271,"comment_status":"open","ping_status":"closed","template":"","meta":{"_acf_changed":false},"product_brand":[],"product_cat":[53],"product_tag":[],"class_list":{"0":"post-6713","1":"product","2":"type-product","3":"status-publish","4":"has-post-thumbnail","6":"product_cat-plinthes","7":"product_shipping_class-livraison-gls","9":"first","10":"outofstock","11":"taxable","12":"shipping-taxable","13":"purchasable","14":"product-type-simple","15":"add-to-wishlist-after_add_to_cart"},"acf":[],"yoast_head":"<!-- This site is optimized with the Yoast SEO plugin v27.0 - https:\/\/yoast.com\/product\/yoast-seo-wordpress\/ -->\n<title>Cache-rideau en pvc design 2 m\u00e8tres blanc | MOM DESIGN<\/title>\n<meta name=\"description\" content=\"Ajoutez une touche d&#039;\u00e9l\u00e9gance \u00e0 vos fen\u00eatres avec notre cache-rideau design blanc. Livraison et retours gratuits pour une d\u00e9coration int\u00e9rieure raffin\u00e9e. Ne manquez pas cette occasion de transformer votre espace avec style.\" \/>\n<meta name=\"robots\" content=\"index, follow, max-snippet:-1, max-image-preview:large, max-video-preview:-1\" \/>\n<link rel=\"canonical\" href=\"https:\/\/mom-design.com\/en\/produit\/plinthes-11\/\" \/>\n<meta property=\"og:locale\" content=\"en_US\" \/>\n<meta property=\"og:type\" content=\"article\" \/>\n<meta property=\"og:title\" content=\"Cache-rideau en pvc design 2 m\u00e8tres blanc | MOM DESIGN\" \/>\n<meta property=\"og:description\" content=\"Ajoutez une touche d&#039;\u00e9l\u00e9gance \u00e0 vos fen\u00eatres avec notre cache-rideau design blanc. Livraison et retours gratuits pour une d\u00e9coration int\u00e9rieure raffin\u00e9e. Ne manquez pas cette occasion de transformer votre espace avec style.\" \/>\n<meta property=\"og:url\" content=\"https:\/\/mom-design.com\/en\/produit\/plinthes-11\/\" \/>\n<meta property=\"og:site_name\" content=\"MOM DESIGN\" \/>\n<meta property=\"article:modified_time\" content=\"2025-10-13T15:34:54+00:00\" \/>\n<meta property=\"og:image\" content=\"https:\/\/mom-design.com\/wp-content\/uploads\/2024\/07\/cache-rideau-mom-design-M1-1.jpeg\" \/>\n\t<meta property=\"og:image:width\" content=\"718\" \/>\n\t<meta property=\"og:image:height\" content=\"538\" \/>\n\t<meta property=\"og:image:type\" content=\"image\/jpeg\" \/>\n<meta name=\"twitter:card\" content=\"summary_large_image\" \/>\n<meta name=\"twitter:label1\" content=\"Est. reading time\" \/>\n\t<meta name=\"twitter:data1\" content=\"2 minutes\" \/>\n<script type=\"application\/ld+json\" class=\"yoast-schema-graph\">{\"@context\":\"https:\/\/schema.org\",\"@graph\":[{\"@type\":\"WebPage\",\"@id\":\"https:\/\/mom-design.com\/en\/produit\/plinthes-11\/\",\"url\":\"https:\/\/mom-design.com\/en\/produit\/plinthes-11\/\",\"name\":\"Cache-rideau en pvc design 2 m\u00e8tres blanc | MOM DESIGN\",\"isPartOf\":{\"@id\":\"https:\/\/mom-design.com\/en\/#website\"},\"primaryImageOfPage\":{\"@id\":\"https:\/\/mom-design.com\/en\/produit\/plinthes-11\/#primaryimage\"},\"image\":{\"@id\":\"https:\/\/mom-design.com\/en\/produit\/plinthes-11\/#primaryimage\"},\"thumbnailUrl\":\"https:\/\/mom-design.com\/wp-content\/uploads\/2024\/07\/cache-rideau-mom-design-M1-1.jpeg\",\"datePublished\":\"2024-07-23T19:23:05+00:00\",\"dateModified\":\"2025-10-13T15:34:54+00:00\",\"description\":\"Ajoutez une touche d'\u00e9l\u00e9gance \u00e0 vos fen\u00eatres avec notre cache-rideau design blanc. Livraison et retours gratuits pour une d\u00e9coration int\u00e9rieure raffin\u00e9e. Ne manquez pas cette occasion de transformer votre espace avec style.\",\"breadcrumb\":{\"@id\":\"https:\/\/mom-design.com\/en\/produit\/plinthes-11\/#breadcrumb\"},\"inLanguage\":\"en-US\",\"potentialAction\":[{\"@type\":\"ReadAction\",\"target\":[\"https:\/\/mom-design.com\/en\/produit\/plinthes-11\/\"]}]},{\"@type\":\"ImageObject\",\"inLanguage\":\"en-US\",\"@id\":\"https:\/\/mom-design.com\/en\/produit\/plinthes-11\/#primaryimage\",\"url\":\"https:\/\/mom-design.com\/wp-content\/uploads\/2024\/07\/cache-rideau-mom-design-M1-1.jpeg\",\"contentUrl\":\"https:\/\/mom-design.com\/wp-content\/uploads\/2024\/07\/cache-rideau-mom-design-M1-1.jpeg\",\"width\":718,\"height\":538},{\"@type\":\"BreadcrumbList\",\"@id\":\"https:\/\/mom-design.com\/en\/produit\/plinthes-11\/#breadcrumb\",\"itemListElement\":[{\"@type\":\"ListItem\",\"position\":1,\"name\":\"D\u00e9coration murale d\u2019int\u00e9rieur\",\"item\":\"https:\/\/mom-design.com\/de\/\"},{\"@type\":\"ListItem\",\"position\":2,\"name\":\"Cache-rideau en pvc design 2 m\u00e8tres blanc\"}]},{\"@type\":\"WebSite\",\"@id\":\"https:\/\/mom-design.com\/en\/#website\",\"url\":\"https:\/\/mom-design.com\/en\/\",\"name\":\"MOM DESIGN\",\"description\":\"Sp\u00e9cialiste du design mural d&#039;int\u00e9rieur\",\"potentialAction\":[{\"@type\":\"SearchAction\",\"target\":{\"@type\":\"EntryPoint\",\"urlTemplate\":\"https:\/\/mom-design.com\/en\/?s={search_term_string}\"},\"query-input\":{\"@type\":\"PropertyValueSpecification\",\"valueRequired\":true,\"valueName\":\"search_term_string\"}}],\"inLanguage\":\"en-US\"}]}<\/script>\n<!-- \/ Yoast SEO plugin. -->","yoast_head_json":{"title":"Cache-rideau en pvc design 2 m\u00e8tres blanc | MOM DESIGN","description":"Ajoutez une touche d'\u00e9l\u00e9gance \u00e0 vos fen\u00eatres avec notre cache-rideau design blanc. Livraison et retours gratuits pour une d\u00e9coration int\u00e9rieure raffin\u00e9e. Ne manquez pas cette occasion de transformer votre espace avec style.","robots":{"index":"index","follow":"follow","max-snippet":"max-snippet:-1","max-image-preview":"max-image-preview:large","max-video-preview":"max-video-preview:-1"},"canonical":"https:\/\/mom-design.com\/en\/produit\/plinthes-11\/","og_locale":"en_US","og_type":"article","og_title":"Cache-rideau en pvc design 2 m\u00e8tres blanc | MOM DESIGN","og_description":"Ajoutez une touche d'\u00e9l\u00e9gance \u00e0 vos fen\u00eatres avec notre cache-rideau design blanc. Livraison et retours gratuits pour une d\u00e9coration int\u00e9rieure raffin\u00e9e. Ne manquez pas cette occasion de transformer votre espace avec style.","og_url":"https:\/\/mom-design.com\/en\/produit\/plinthes-11\/","og_site_name":"MOM DESIGN","article_modified_time":"2025-10-13T15:34:54+00:00","og_image":[{"width":718,"height":538,"url":"https:\/\/mom-design.com\/wp-content\/uploads\/2024\/07\/cache-rideau-mom-design-M1-1.jpeg","type":"image\/jpeg"}],"twitter_card":"summary_large_image","twitter_misc":{"Est. reading time":"2 minutes"},"schema":{"@context":"https:\/\/schema.org","@graph":[{"@type":"WebPage","@id":"https:\/\/mom-design.com\/en\/produit\/plinthes-11\/","url":"https:\/\/mom-design.com\/en\/produit\/plinthes-11\/","name":"Cache-rideau en pvc design 2 m\u00e8tres blanc | MOM DESIGN","isPartOf":{"@id":"https:\/\/mom-design.com\/en\/#website"},"primaryImageOfPage":{"@id":"https:\/\/mom-design.com\/en\/produit\/plinthes-11\/#primaryimage"},"image":{"@id":"https:\/\/mom-design.com\/en\/produit\/plinthes-11\/#primaryimage"},"thumbnailUrl":"https:\/\/mom-design.com\/wp-content\/uploads\/2024\/07\/cache-rideau-mom-design-M1-1.jpeg","datePublished":"2024-07-23T19:23:05+00:00","dateModified":"2025-10-13T15:34:54+00:00","description":"Ajoutez une touche d'\u00e9l\u00e9gance \u00e0 vos fen\u00eatres avec notre cache-rideau design blanc. Livraison et retours gratuits pour une d\u00e9coration int\u00e9rieure raffin\u00e9e. Ne manquez pas cette occasion de transformer votre espace avec style.","breadcrumb":{"@id":"https:\/\/mom-design.com\/en\/produit\/plinthes-11\/#breadcrumb"},"inLanguage":"en-US","potentialAction":[{"@type":"ReadAction","target":["https:\/\/mom-design.com\/en\/produit\/plinthes-11\/"]}]},{"@type":"ImageObject","inLanguage":"en-US","@id":"https:\/\/mom-design.com\/en\/produit\/plinthes-11\/#primaryimage","url":"https:\/\/mom-design.com\/wp-content\/uploads\/2024\/07\/cache-rideau-mom-design-M1-1.jpeg","contentUrl":"https:\/\/mom-design.com\/wp-content\/uploads\/2024\/07\/cache-rideau-mom-design-M1-1.jpeg","width":718,"height":538},{"@type":"BreadcrumbList","@id":"https:\/\/mom-design.com\/en\/produit\/plinthes-11\/#breadcrumb","itemListElement":[{"@type":"ListItem","position":1,"name":"D\u00e9coration murale d\u2019int\u00e9rieur","item":"https:\/\/mom-design.com\/de\/"},{"@type":"ListItem","position":2,"name":"Cache-rideau en pvc design 2 m\u00e8tres blanc"}]},{"@type":"WebSite","@id":"https:\/\/mom-design.com\/en\/#website","url":"https:\/\/mom-design.com\/en\/","name":"MOM DESIGN","description":"Sp\u00e9cialiste du design mural d'int\u00e9rieur","potentialAction":[{"@type":"SearchAction","target":{"@type":"EntryPoint","urlTemplate":"https:\/\/mom-design.com\/en\/?s={search_term_string}"},"query-input":{"@type":"PropertyValueSpecification","valueRequired":true,"valueName":"search_term_string"}}],"inLanguage":"en-US"}]}},"_links":{"self":[{"href":"https:\/\/mom-design.com\/en\/wp-json\/wp\/v2\/product\/6713","targetHints":{"allow":["GET"]}}],"collection":[{"href":"https:\/\/mom-design.com\/en\/wp-json\/wp\/v2\/product"}],"about":[{"href":"https:\/\/mom-design.com\/en\/wp-json\/wp\/v2\/types\/product"}],"replies":[{"embeddable":true,"href":"https:\/\/mom-design.com\/en\/wp-json\/wp\/v2\/comments?post=6713"}],"wp:featuredmedia":[{"embeddable":true,"href":"https:\/\/mom-design.com\/en\/wp-json\/wp\/v2\/media\/7271"}],"wp:attachment":[{"href":"https:\/\/mom-design.com\/en\/wp-json\/wp\/v2\/media?parent=6713"}],"wp:term":[{"taxonomy":"product_brand","embeddable":true,"href":"https:\/\/mom-design.com\/en\/wp-json\/wp\/v2\/product_brand?post=6713"},{"taxonomy":"product_cat","embeddable":true,"href":"https:\/\/mom-design.com\/en\/wp-json\/wp\/v2\/product_cat?post=6713"},{"taxonomy":"product_tag","embeddable":true,"href":"https:\/\/mom-design.com\/en\/wp-json\/wp\/v2\/product_tag?post=6713"}],"curies":[{"name":"wp","href":"https:\/\/api.w.org\/{rel}","templated":true}]}}