{"id":6714,"date":"2024-07-23T21:23:33","date_gmt":"2024-07-23T19:23:33","guid":{"rendered":"https:\/\/mom-design.com\/?post_type=product&#038;p=6714"},"modified":"2025-10-25T20:48:41","modified_gmt":"2025-10-25T18:48:41","slug":"cache-rideau-design-blanc","status":"publish","type":"product","link":"https:\/\/mom-design.com\/en\/produit\/plinthes-12\/","title":{"rendered":"White designer PVC curtain cover 2 meters"},"content":{"rendered":"<h3><strong>This hide-and-white curtain elegant design is perfect to enhance the aesthetics of your interior spaces. \u00a0<\/strong><\/h3>\n<h3><strong>\u00a0 \u00a0 \u00a0 \u00a0 \u00a0 \u00a0 <\/strong><span style=\"text-decoration: underline;\"><strong>Features :<\/strong><\/span><\/h3>\n<p>&#8211; <span style=\"text-decoration: underline;\">Color<\/span> : White<br \/>\n&#8211; <span style=\"text-decoration: underline;\">Design<\/span> : Modern and sleek<br \/>\n&#8211; <span style=\"text-decoration: underline;\">Maintenance<\/span> : Easy to clean and resistant to wear and tear<\/p>\n<h3><strong>\u00a0 \u00a0 \u00a0 \u00a0 \u00a0 \u00a0<span style=\"text-decoration: underline;\">Elegance<\/span><\/strong><span style=\"text-decoration: underline;\"><strong> and Modernity with the Cache-curtain White Design<\/strong><\/span><\/h3>\n<p>Bring a touch of modernity and elegance to your space with our cache curtain design white<strong> MOM DESIGN<\/strong>. Designed to fit <strong>any type of decor<\/strong>to ensure long-lasting durability and style. With its white color bright <strong><a href=\"https:\/\/mom-design.com\/en\/product\/plinthes-2\/\">illuminate your space instantly<\/a>,<\/strong> creating an atmosphere that is calming and contemporary.<\/p>\n<h3><strong>\u00a0 \u00a0 \u00a0 \u00a0 \u00a0 \u00a0<\/strong><span style=\"text-decoration: underline;\"><strong>Superior Quality for a Unique Decoration<\/strong><\/span><\/h3>\n<p class=\"translation-block\">At <strong>MOM DESIGN<\/strong>, we pride ourselves on offering quality products. Our design curtain cover is no exception. Thanks to its <strong>ingenious design<\/strong>, it is <strong>easy to install and maintain<\/strong>, making it a perfect choice for anyone looking for a practical and stylish solution.<\/p>\n<p class=\"translation-block\">Whether it's for <strong>home decoration<\/strong> or to <strong>enhance your living room<\/strong>, the white design curtain cover is the ideal choice. Its timeless look complements all styles, from the most classic to the most modern. <strong>Pair it with other decorative elements from our collection to create a harmonious and welcoming atmosphere.<\/strong><\/p>","protected":false},"excerpt":{"rendered":"<p><a href=\"https:\/\/mom-design.com\/en\/product\/plinthes-11\/\"><strong>The cache-curtain white design<\/strong><\/a> is ideal for <strong>enhance your <a href=\"https:\/\/mom-design.com\/en\/product\/revetement-mural-11\/\">interior spaces<\/a><\/strong>. It fits perfectly into any type of <strong>decoration modern<\/strong>. Its pure white color brings a touch of brightness and sophistication, ideal for environments sleek and contemporary.<\/p>\n<p>&nbsp;<\/p>","protected":false},"featured_media":7248,"comment_status":"open","ping_status":"closed","template":"","meta":{"_acf_changed":false},"product_brand":[],"product_cat":[53],"product_tag":[84,83],"class_list":{"0":"post-6714","1":"product","2":"type-product","3":"status-publish","4":"has-post-thumbnail","6":"product_cat-plinthes","7":"product_tag-exclusivite-mom","8":"product_tag-top-produit","9":"product_shipping_class-livraison-gls","11":"first","12":"instock","13":"taxable","14":"shipping-taxable","15":"purchasable","16":"product-type-simple","17":"add-to-wishlist-after_add_to_cart"},"acf":[],"yoast_head":"<!-- This site is optimized with the Yoast SEO plugin v27.0 - https:\/\/yoast.com\/product\/yoast-seo-wordpress\/ -->\n<title>Cache-rideau en pvc design blanc 2 m\u00e8tres | MOM DESIGN<\/title>\n<meta name=\"description\" content=\"Choisissez notre cache-rideau design blanc parfait pour une d\u00e9coration moderne. Disponible \u00e0 petit prix et uniquement sur notre site MOM DESIGN, avec livraison et retours gratuits.\" \/>\n<meta name=\"robots\" content=\"index, follow, max-snippet:-1, max-image-preview:large, max-video-preview:-1\" \/>\n<link rel=\"canonical\" href=\"https:\/\/mom-design.com\/en\/produit\/plinthes-12\/\" \/>\n<meta property=\"og:locale\" content=\"en_US\" \/>\n<meta property=\"og:type\" content=\"article\" \/>\n<meta property=\"og:title\" content=\"Cache-rideau en pvc design blanc 2 m\u00e8tres | MOM DESIGN\" \/>\n<meta property=\"og:description\" content=\"Choisissez notre cache-rideau design blanc parfait pour une d\u00e9coration moderne. Disponible \u00e0 petit prix et uniquement sur notre site MOM DESIGN, avec livraison et retours gratuits.\" \/>\n<meta property=\"og:url\" content=\"https:\/\/mom-design.com\/en\/produit\/plinthes-12\/\" \/>\n<meta property=\"og:site_name\" content=\"MOM DESIGN\" \/>\n<meta property=\"article:modified_time\" content=\"2025-10-25T18:48:41+00:00\" \/>\n<meta property=\"og:image\" content=\"https:\/\/mom-design.com\/wp-content\/uploads\/2024\/07\/cache-rideau-mom-design-M2.jpeg\" \/>\n\t<meta property=\"og:image:width\" content=\"718\" \/>\n\t<meta property=\"og:image:height\" content=\"538\" \/>\n\t<meta property=\"og:image:type\" content=\"image\/jpeg\" \/>\n<meta name=\"twitter:card\" content=\"summary_large_image\" \/>\n<meta name=\"twitter:label1\" content=\"Est. reading time\" \/>\n\t<meta name=\"twitter:data1\" content=\"2 minutes\" \/>\n<script type=\"application\/ld+json\" class=\"yoast-schema-graph\">{\"@context\":\"https:\/\/schema.org\",\"@graph\":[{\"@type\":\"WebPage\",\"@id\":\"https:\/\/mom-design.com\/en\/produit\/plinthes-12\/\",\"url\":\"https:\/\/mom-design.com\/en\/produit\/plinthes-12\/\",\"name\":\"Cache-rideau en pvc design blanc 2 m\u00e8tres | MOM DESIGN\",\"isPartOf\":{\"@id\":\"https:\/\/mom-design.com\/en\/#website\"},\"primaryImageOfPage\":{\"@id\":\"https:\/\/mom-design.com\/en\/produit\/plinthes-12\/#primaryimage\"},\"image\":{\"@id\":\"https:\/\/mom-design.com\/en\/produit\/plinthes-12\/#primaryimage\"},\"thumbnailUrl\":\"https:\/\/mom-design.com\/wp-content\/uploads\/2024\/07\/cache-rideau-mom-design-M2.jpeg\",\"datePublished\":\"2024-07-23T19:23:33+00:00\",\"dateModified\":\"2025-10-25T18:48:41+00:00\",\"description\":\"Choisissez notre cache-rideau design blanc parfait pour une d\u00e9coration moderne. Disponible \u00e0 petit prix et uniquement sur notre site MOM DESIGN, avec livraison et retours gratuits.\",\"breadcrumb\":{\"@id\":\"https:\/\/mom-design.com\/en\/produit\/plinthes-12\/#breadcrumb\"},\"inLanguage\":\"en-US\",\"potentialAction\":[{\"@type\":\"ReadAction\",\"target\":[\"https:\/\/mom-design.com\/en\/produit\/plinthes-12\/\"]}]},{\"@type\":\"ImageObject\",\"inLanguage\":\"en-US\",\"@id\":\"https:\/\/mom-design.com\/en\/produit\/plinthes-12\/#primaryimage\",\"url\":\"https:\/\/mom-design.com\/wp-content\/uploads\/2024\/07\/cache-rideau-mom-design-M2.jpeg\",\"contentUrl\":\"https:\/\/mom-design.com\/wp-content\/uploads\/2024\/07\/cache-rideau-mom-design-M2.jpeg\",\"width\":718,\"height\":538,\"caption\":\"cache rideau mom design M2 blanc pvc\"},{\"@type\":\"BreadcrumbList\",\"@id\":\"https:\/\/mom-design.com\/en\/produit\/plinthes-12\/#breadcrumb\",\"itemListElement\":[{\"@type\":\"ListItem\",\"position\":1,\"name\":\"D\u00e9coration murale d\u2019int\u00e9rieur\",\"item\":\"https:\/\/mom-design.com\/de\/\"},{\"@type\":\"ListItem\",\"position\":2,\"name\":\"Cache-rideau en pvc design blanc 2 m\u00e8tres\"}]},{\"@type\":\"WebSite\",\"@id\":\"https:\/\/mom-design.com\/en\/#website\",\"url\":\"https:\/\/mom-design.com\/en\/\",\"name\":\"MOM DESIGN\",\"description\":\"Sp\u00e9cialiste du design mural d&#039;int\u00e9rieur\",\"potentialAction\":[{\"@type\":\"SearchAction\",\"target\":{\"@type\":\"EntryPoint\",\"urlTemplate\":\"https:\/\/mom-design.com\/en\/?s={search_term_string}\"},\"query-input\":{\"@type\":\"PropertyValueSpecification\",\"valueRequired\":true,\"valueName\":\"search_term_string\"}}],\"inLanguage\":\"en-US\"}]}<\/script>\n<!-- \/ Yoast SEO plugin. -->","yoast_head_json":{"title":"Cache-rideau en pvc design blanc 2 m\u00e8tres | MOM DESIGN","description":"Choisissez notre cache-rideau design blanc parfait pour une d\u00e9coration moderne. Disponible \u00e0 petit prix et uniquement sur notre site MOM DESIGN, avec livraison et retours gratuits.","robots":{"index":"index","follow":"follow","max-snippet":"max-snippet:-1","max-image-preview":"max-image-preview:large","max-video-preview":"max-video-preview:-1"},"canonical":"https:\/\/mom-design.com\/en\/produit\/plinthes-12\/","og_locale":"en_US","og_type":"article","og_title":"Cache-rideau en pvc design blanc 2 m\u00e8tres | MOM DESIGN","og_description":"Choisissez notre cache-rideau design blanc parfait pour une d\u00e9coration moderne. Disponible \u00e0 petit prix et uniquement sur notre site MOM DESIGN, avec livraison et retours gratuits.","og_url":"https:\/\/mom-design.com\/en\/produit\/plinthes-12\/","og_site_name":"MOM DESIGN","article_modified_time":"2025-10-25T18:48:41+00:00","og_image":[{"width":718,"height":538,"url":"https:\/\/mom-design.com\/wp-content\/uploads\/2024\/07\/cache-rideau-mom-design-M2.jpeg","type":"image\/jpeg"}],"twitter_card":"summary_large_image","twitter_misc":{"Est. reading time":"2 minutes"},"schema":{"@context":"https:\/\/schema.org","@graph":[{"@type":"WebPage","@id":"https:\/\/mom-design.com\/en\/produit\/plinthes-12\/","url":"https:\/\/mom-design.com\/en\/produit\/plinthes-12\/","name":"Cache-rideau en pvc design blanc 2 m\u00e8tres | MOM DESIGN","isPartOf":{"@id":"https:\/\/mom-design.com\/en\/#website"},"primaryImageOfPage":{"@id":"https:\/\/mom-design.com\/en\/produit\/plinthes-12\/#primaryimage"},"image":{"@id":"https:\/\/mom-design.com\/en\/produit\/plinthes-12\/#primaryimage"},"thumbnailUrl":"https:\/\/mom-design.com\/wp-content\/uploads\/2024\/07\/cache-rideau-mom-design-M2.jpeg","datePublished":"2024-07-23T19:23:33+00:00","dateModified":"2025-10-25T18:48:41+00:00","description":"Choisissez notre cache-rideau design blanc parfait pour une d\u00e9coration moderne. Disponible \u00e0 petit prix et uniquement sur notre site MOM DESIGN, avec livraison et retours gratuits.","breadcrumb":{"@id":"https:\/\/mom-design.com\/en\/produit\/plinthes-12\/#breadcrumb"},"inLanguage":"en-US","potentialAction":[{"@type":"ReadAction","target":["https:\/\/mom-design.com\/en\/produit\/plinthes-12\/"]}]},{"@type":"ImageObject","inLanguage":"en-US","@id":"https:\/\/mom-design.com\/en\/produit\/plinthes-12\/#primaryimage","url":"https:\/\/mom-design.com\/wp-content\/uploads\/2024\/07\/cache-rideau-mom-design-M2.jpeg","contentUrl":"https:\/\/mom-design.com\/wp-content\/uploads\/2024\/07\/cache-rideau-mom-design-M2.jpeg","width":718,"height":538,"caption":"cache rideau mom design M2 blanc pvc"},{"@type":"BreadcrumbList","@id":"https:\/\/mom-design.com\/en\/produit\/plinthes-12\/#breadcrumb","itemListElement":[{"@type":"ListItem","position":1,"name":"D\u00e9coration murale d\u2019int\u00e9rieur","item":"https:\/\/mom-design.com\/de\/"},{"@type":"ListItem","position":2,"name":"Cache-rideau en pvc design blanc 2 m\u00e8tres"}]},{"@type":"WebSite","@id":"https:\/\/mom-design.com\/en\/#website","url":"https:\/\/mom-design.com\/en\/","name":"MOM DESIGN","description":"Sp\u00e9cialiste du design mural d'int\u00e9rieur","potentialAction":[{"@type":"SearchAction","target":{"@type":"EntryPoint","urlTemplate":"https:\/\/mom-design.com\/en\/?s={search_term_string}"},"query-input":{"@type":"PropertyValueSpecification","valueRequired":true,"valueName":"search_term_string"}}],"inLanguage":"en-US"}]}},"_links":{"self":[{"href":"https:\/\/mom-design.com\/en\/wp-json\/wp\/v2\/product\/6714","targetHints":{"allow":["GET"]}}],"collection":[{"href":"https:\/\/mom-design.com\/en\/wp-json\/wp\/v2\/product"}],"about":[{"href":"https:\/\/mom-design.com\/en\/wp-json\/wp\/v2\/types\/product"}],"replies":[{"embeddable":true,"href":"https:\/\/mom-design.com\/en\/wp-json\/wp\/v2\/comments?post=6714"}],"wp:featuredmedia":[{"embeddable":true,"href":"https:\/\/mom-design.com\/en\/wp-json\/wp\/v2\/media\/7248"}],"wp:attachment":[{"href":"https:\/\/mom-design.com\/en\/wp-json\/wp\/v2\/media?parent=6714"}],"wp:term":[{"taxonomy":"product_brand","embeddable":true,"href":"https:\/\/mom-design.com\/en\/wp-json\/wp\/v2\/product_brand?post=6714"},{"taxonomy":"product_cat","embeddable":true,"href":"https:\/\/mom-design.com\/en\/wp-json\/wp\/v2\/product_cat?post=6714"},{"taxonomy":"product_tag","embeddable":true,"href":"https:\/\/mom-design.com\/en\/wp-json\/wp\/v2\/product_tag?post=6714"}],"curies":[{"name":"wp","href":"https:\/\/api.w.org\/{rel}","templated":true}]}}