{"id":6498,"date":"2024-07-21T19:54:54","date_gmt":"2024-07-21T17:54:54","guid":{"rendered":"https:\/\/mom-design.com\/?page_id=6498"},"modified":"2024-09-16T14:56:53","modified_gmt":"2024-09-16T12:56:53","slug":"mentions-legales","status":"publish","type":"page","link":"https:\/\/mom-design.com\/es\/mentions-legales\/","title":{"rendered":"Avisos legales"},"content":{"rendered":"<div data-elementor-type=\"wp-page\" data-elementor-id=\"6498\" class=\"elementor elementor-6498\" data-elementor-post-type=\"page\">\n\t\t\t\t<div class=\"elementor-element elementor-element-912edd e-flex e-con-boxed e-con e-parent\" data-id=\"912edd\" data-element_type=\"container\" data-e-type=\"container\">\n\t\t\t\t\t<div class=\"e-con-inner\">\n\t\t\t\t<div class=\"elementor-element elementor-element-292a4010 elementor-widget elementor-widget-text-editor\" data-id=\"292a4010\" data-element_type=\"widget\" data-e-type=\"widget\" data-widget_type=\"text-editor.default\">\n\t\t\t\t<div class=\"elementor-widget-container\">\n\t\t\t\t\t\t\t\t\t\n<p>El sitio https:\/\/www.mom-design.com es editado por MOM Design SARL, empresa registrada en SIREN con el n\u00famero de registro 850 731 993 en el RCS de Bobigny, y cuya sede social se encuentra en 209 avenue de la R\u00e9publique, 93800 Epinay-sur-Seine, Francia.<\/p>\n\n<p><br \/>N\u00famero de IVA intracomunitario: FR 33 850 731 993.<br \/><br \/>Director de la publicaci\u00f3n: Amine Touzani, Gerente de BLOOMS DECOR SARL.<br \/><br \/>El sitio est\u00e1 alojado por IONOS SARL 7, place de la Gare BP 70109, 57200 Sarreguemines Cedex.<br \/><br \/>Informaci\u00f3n sobre la recogida y tratamiento de datos de car\u00e1cter personal (pol\u00edtica y de la declaraci\u00f3n), que figura en la carta de los datos de car\u00e1cter personal del sitio.<\/p>\n\t\t\t\t\t\t\t\t<\/div>\n\t\t\t\t<\/div>\n\t\t\t\t\t<\/div>\n\t\t\t\t<\/div>\n\t\t\t\t<\/div>","protected":false},"excerpt":{"rendered":"<p>Le site https:\/\/www.mom-design.com est \u00e9dit\u00e9 par BLOOMS DECOR SARL, entreprise r\u00e9pertori\u00e9e dans SIREN sous le num\u00e9ro d\u2019immatriculation 850 731 993 aupr\u00e8s du RCS de Bobigny et dont le si\u00e8ge social est sis au 209 avenue de la r\u00e9publique, 93800 Epinay-sur-Seine, France. N\u00b0 de TVA intracommunautaire : FR 33 850 731 993. Directeur de la publication [&hellip;]<\/p>\n","protected":false},"author":1,"featured_media":0,"parent":0,"menu_order":0,"comment_status":"closed","ping_status":"closed","template":"","meta":{"_acf_changed":false,"footnotes":""},"class_list":["post-6498","page","type-page","status-publish","hentry"],"acf":[],"yoast_head":"<!-- This site is optimized with the Yoast SEO plugin v27.0 - https:\/\/yoast.com\/product\/yoast-seo-wordpress\/ -->\n<title>Mentions l\u00e9gales | MOM DESIGN<\/title>\n<meta name=\"robots\" content=\"index, follow, max-snippet:-1, max-image-preview:large, max-video-preview:-1\" \/>\n<link rel=\"canonical\" href=\"https:\/\/mom-design.com\/es\/mentions-legales\/\" \/>\n<meta property=\"og:locale\" content=\"es_ES\" \/>\n<meta property=\"og:type\" content=\"article\" \/>\n<meta property=\"og:title\" content=\"Mentions l\u00e9gales | MOM DESIGN\" \/>\n<meta property=\"og:description\" content=\"Le site https:\/\/www.mom-design.com est \u00e9dit\u00e9 par BLOOMS DECOR SARL, entreprise r\u00e9pertori\u00e9e dans SIREN sous le num\u00e9ro d\u2019immatriculation 850 731 993 aupr\u00e8s du RCS de Bobigny et dont le si\u00e8ge social est sis au 209 avenue de la r\u00e9publique, 93800 Epinay-sur-Seine, France. N\u00b0 de TVA intracommunautaire : FR 33 850 731 993. Directeur de la publication [&hellip;]\" \/>\n<meta property=\"og:url\" content=\"https:\/\/mom-design.com\/es\/mentions-legales\/\" \/>\n<meta property=\"og:site_name\" content=\"MOM DESIGN\" \/>\n<meta property=\"article:modified_time\" content=\"2024-09-16T12:56:53+00:00\" \/>\n<meta name=\"twitter:card\" content=\"summary_large_image\" \/>\n<meta name=\"twitter:label1\" content=\"Tiempo de lectura\" \/>\n\t<meta name=\"twitter:data1\" content=\"1 minuto\" \/>\n<script type=\"application\/ld+json\" class=\"yoast-schema-graph\">{\"@context\":\"https:\/\/schema.org\",\"@graph\":[{\"@type\":\"WebPage\",\"@id\":\"https:\/\/mom-design.com\/es\/mentions-legales\/\",\"url\":\"https:\/\/mom-design.com\/es\/mentions-legales\/\",\"name\":\"Mentions l\u00e9gales | MOM DESIGN\",\"isPartOf\":{\"@id\":\"https:\/\/mom-design.com\/es\/#website\"},\"datePublished\":\"2024-07-21T17:54:54+00:00\",\"dateModified\":\"2024-09-16T12:56:53+00:00\",\"breadcrumb\":{\"@id\":\"https:\/\/mom-design.com\/es\/mentions-legales\/#breadcrumb\"},\"inLanguage\":\"es\",\"potentialAction\":[{\"@type\":\"ReadAction\",\"target\":[\"https:\/\/mom-design.com\/es\/mentions-legales\/\"]}]},{\"@type\":\"BreadcrumbList\",\"@id\":\"https:\/\/mom-design.com\/es\/mentions-legales\/#breadcrumb\",\"itemListElement\":[{\"@type\":\"ListItem\",\"position\":1,\"name\":\"D\u00e9coration murale d\u2019int\u00e9rieur\",\"item\":\"https:\/\/mom-design.com\/de\/\"},{\"@type\":\"ListItem\",\"position\":2,\"name\":\"Mentions l\u00e9gales\"}]},{\"@type\":\"WebSite\",\"@id\":\"https:\/\/mom-design.com\/es\/#website\",\"url\":\"https:\/\/mom-design.com\/es\/\",\"name\":\"MOM DESIGN\",\"description\":\"Sp\u00e9cialiste du design mural d&#039;int\u00e9rieur\",\"potentialAction\":[{\"@type\":\"SearchAction\",\"target\":{\"@type\":\"EntryPoint\",\"urlTemplate\":\"https:\/\/mom-design.com\/es\/?s={search_term_string}\"},\"query-input\":{\"@type\":\"PropertyValueSpecification\",\"valueRequired\":true,\"valueName\":\"search_term_string\"}}],\"inLanguage\":\"es\"}]}<\/script>\n<!-- \/ Yoast SEO plugin. -->","yoast_head_json":{"title":"Mentions l\u00e9gales | MOM DESIGN","robots":{"index":"index","follow":"follow","max-snippet":"max-snippet:-1","max-image-preview":"max-image-preview:large","max-video-preview":"max-video-preview:-1"},"canonical":"https:\/\/mom-design.com\/es\/mentions-legales\/","og_locale":"es_ES","og_type":"article","og_title":"Mentions l\u00e9gales | MOM DESIGN","og_description":"Le site https:\/\/www.mom-design.com est \u00e9dit\u00e9 par BLOOMS DECOR SARL, entreprise r\u00e9pertori\u00e9e dans SIREN sous le num\u00e9ro d\u2019immatriculation 850 731 993 aupr\u00e8s du RCS de Bobigny et dont le si\u00e8ge social est sis au 209 avenue de la r\u00e9publique, 93800 Epinay-sur-Seine, France. N\u00b0 de TVA intracommunautaire : FR 33 850 731 993. Directeur de la publication [&hellip;]","og_url":"https:\/\/mom-design.com\/es\/mentions-legales\/","og_site_name":"MOM DESIGN","article_modified_time":"2024-09-16T12:56:53+00:00","twitter_card":"summary_large_image","twitter_misc":{"Tiempo de lectura":"1 minuto"},"schema":{"@context":"https:\/\/schema.org","@graph":[{"@type":"WebPage","@id":"https:\/\/mom-design.com\/es\/mentions-legales\/","url":"https:\/\/mom-design.com\/es\/mentions-legales\/","name":"Mentions l\u00e9gales | MOM DESIGN","isPartOf":{"@id":"https:\/\/mom-design.com\/es\/#website"},"datePublished":"2024-07-21T17:54:54+00:00","dateModified":"2024-09-16T12:56:53+00:00","breadcrumb":{"@id":"https:\/\/mom-design.com\/es\/mentions-legales\/#breadcrumb"},"inLanguage":"es","potentialAction":[{"@type":"ReadAction","target":["https:\/\/mom-design.com\/es\/mentions-legales\/"]}]},{"@type":"BreadcrumbList","@id":"https:\/\/mom-design.com\/es\/mentions-legales\/#breadcrumb","itemListElement":[{"@type":"ListItem","position":1,"name":"D\u00e9coration murale d\u2019int\u00e9rieur","item":"https:\/\/mom-design.com\/de\/"},{"@type":"ListItem","position":2,"name":"Mentions l\u00e9gales"}]},{"@type":"WebSite","@id":"https:\/\/mom-design.com\/es\/#website","url":"https:\/\/mom-design.com\/es\/","name":"LA MAM\u00c1 DE DISE\u00d1O","description":"Sp\u00e9cialiste du design mural d'int\u00e9rieur","potentialAction":[{"@type":"SearchAction","target":{"@type":"EntryPoint","urlTemplate":"https:\/\/mom-design.com\/es\/?s={search_term_string}"},"query-input":{"@type":"PropertyValueSpecification","valueRequired":true,"valueName":"search_term_string"}}],"inLanguage":"es"}]}},"_links":{"self":[{"href":"https:\/\/mom-design.com\/es\/wp-json\/wp\/v2\/pages\/6498","targetHints":{"allow":["GET"]}}],"collection":[{"href":"https:\/\/mom-design.com\/es\/wp-json\/wp\/v2\/pages"}],"about":[{"href":"https:\/\/mom-design.com\/es\/wp-json\/wp\/v2\/types\/page"}],"author":[{"embeddable":true,"href":"https:\/\/mom-design.com\/es\/wp-json\/wp\/v2\/users\/1"}],"replies":[{"embeddable":true,"href":"https:\/\/mom-design.com\/es\/wp-json\/wp\/v2\/comments?post=6498"}],"version-history":[{"count":13,"href":"https:\/\/mom-design.com\/es\/wp-json\/wp\/v2\/pages\/6498\/revisions"}],"predecessor-version":[{"id":7388,"href":"https:\/\/mom-design.com\/es\/wp-json\/wp\/v2\/pages\/6498\/revisions\/7388"}],"wp:attachment":[{"href":"https:\/\/mom-design.com\/es\/wp-json\/wp\/v2\/media?parent=6498"}],"curies":[{"name":"wp","href":"https:\/\/api.w.org\/{rel}","templated":true}]}}