{"id":6665,"date":"2024-07-23T20:59:35","date_gmt":"2024-07-23T18:59:35","guid":{"rendered":"https:\/\/mom-design.com\/?post_type=product&#038;p=6665"},"modified":"2025-09-29T13:38:06","modified_gmt":"2025-09-29T11:38:06","slug":"cimaise-murale-blanche","status":"publish","type":"product","link":"https:\/\/mom-design.com\/es\/produit\/cimaises-1\/","title":{"rendered":"Barandilla de pared blanca de 2 metros Philippe IV"},"content":{"rendered":"<h4>\u00a0 \u00a0 \u00a0 \u00a0 \u00a0 \u00a0 \u00a0 \u00a0 \u00a0 \u00a0 <span style=\"text-decoration: underline;\">Caracter\u00edsticas :<br \/>\n<\/span><\/h4>\n<p>&#8211; <span style=\"text-decoration: underline;\">Color<\/span> : blanco<br \/>\n&#8211; <span style=\"text-decoration: underline;\">Material<\/span> : resistente y ligero<br \/>\n\u2013 F\u00e1cil Instalaci\u00f3n<br \/>\n\u2013 Disponible con diferentes tipos de sujetadores<br \/>\n\u2013 Mantenimiento sencillo<\/p>\n<h4>\u00a0 \u00a0 \u00a0 \u00a0 \u00a0 \u00a0 \u00a0 \u00a0 \u00a0 \u00a0 <span style=\"text-decoration: underline;\">\u00bfPor qu\u00e9 elegir un mural en blanco ?<\/span><\/h4>\n<p><strong>El <a href=\"https:\/\/mom-design.com\/es\/producto\/cimaises-1\/\">imagen de ferrocarril de la pared<\/a> blanco<\/strong> es el <strong>la soluci\u00f3n perfecta<\/strong> para aquellos que quieran exponer sus <strong>el arte y las fotos de una manera elegante<\/strong>. Su color blanco mezclas <strong>con todas las decoraciones<\/strong>, ya sea moderno, cl\u00e1sico o minimalista. Adem\u00e1s, este n\u00facleo proporciona una soluci\u00f3n flexible para cambiar f\u00e1cilmente sus marcos sin da\u00f1ar tus paredes.<\/p>\n<h4>\u00a0 \u00a0 \u00a0 \u00a0 \u00a0 \u00a0 \u00a0 \u00a0 \u00a0 \u00a0 <span style=\"text-decoration: underline;\">Instalaci\u00f3n r\u00e1pida y f\u00e1cil<\/span><\/h4>\n<p>La instalaci\u00f3n de nuestro mural es f\u00e1cil.<strong> Con los accesorios de montaje incluidos,<\/strong> se puede instalar en pocos minutos. Adem\u00e1s, su dise\u00f1o ligero permite ser instalado en diversos tipos de paredes.<\/p>\n<h4>\u00a0 \u00a0 \u00a0 \u00a0 \u00a0 \u00a0 \u00a0 \u00a0 \u00a0 \u00a0 \u00a0<span style=\"text-decoration: underline;\">La est\u00e9tica y la funcionalidad<\/span><\/h4>\n<p>Adem\u00e1s de su practicidad, esta imagen de ferrocarril blanco mural a\u00f1ade <strong>un <a href=\"https:\/\/mom-design.com\/es\/producto\/plinthes-12\/\">toque est\u00e9tico a su interior<\/a><\/strong>. Su elegante dise\u00f1o muestra de sus obras sin la sobrecarga de ellos. Si desea mostrar las fotos de la familia, obras de arte o grados, esta pared de valor en una elegante manera. El mantenimiento de esta imagen de ferrocarril es f\u00e1cil, u<strong>n simple gasa h\u00fameda suficiente para mantenerlo limpio y hermoso.<\/strong><\/p>\n<h4>\u00a0 \u00a0 \u00a0 \u00a0 \u00a0 \u00a0 \u00a0 \u00a0 \u00a0 \u00a0 <span style=\"text-decoration: underline;\">Beneficios adicionales con la MAM\u00c1 de DISE\u00d1O<\/span><\/h4>\n<p><a href=\"https:\/\/mom-design.com\/es\/producto\/cimaises-2\/\"><strong>La MAM\u00c1 de DISE\u00d1O<\/strong><\/a>estamos comprometidos a proporcionar productos de la m\u00e1s alta calidad, y esta pared est\u00e1 disponible <strong>exclusivamente en nuestro sitio<\/strong> con una oferta especial incluyendo <strong>entrega y devoluciones gratuitas.\u00a0<\/strong><\/p>","protected":false},"excerpt":{"rendered":"<p><strong>Este <a href=\"https:\/\/mom-design.com\/es\/cimaises\/\">fotomural blanco<\/a><\/strong> es ideal para mostrar su arte y sus fotos con elegancia. De color blanco, que se adapta f\u00e1cilmente a todos los estilos de dise\u00f1o de interiores. Disponible con gastos de env\u00edo y devoluciones gratuitas, que combina la est\u00e9tica y la practicidad de un interior refinado. Comprar ahora para transformar su espacio.<\/p>","protected":false},"featured_media":7249,"comment_status":"open","ping_status":"closed","template":"","meta":{"_acf_changed":false},"product_brand":[],"product_cat":[52],"product_tag":[],"class_list":{"0":"post-6665","1":"product","2":"type-product","3":"status-publish","4":"has-post-thumbnail","6":"product_cat-cimaises","7":"product_shipping_class-livraison-gls","9":"first","10":"instock","11":"taxable","12":"shipping-taxable","13":"purchasable","14":"product-type-simple","15":"add-to-wishlist-after_add_to_cart"},"acf":[],"yoast_head":"<!-- This site is optimized with the Yoast SEO plugin v27.0 - https:\/\/yoast.com\/product\/yoast-seo-wordpress\/ -->\n<title>Cimaise murale blanche 2 m\u00e8tres Philippe IV | MOM DESIGN<\/title>\n<meta name=\"description\" content=\"D\u00e9couvrez notre cimaise murale blanche pour sublimer votre int\u00e9rieur avec style. Installation facile, livraison et retours gratuits. Disponible \u00e0 prix r\u00e9duit exclusivement chez MOM DESIGN. Ne manquez pas l&#039;occasion d&#039;embellir vos murs !\" \/>\n<meta name=\"robots\" content=\"index, follow, max-snippet:-1, max-image-preview:large, max-video-preview:-1\" \/>\n<link rel=\"canonical\" href=\"https:\/\/mom-design.com\/es\/produit\/cimaises-1\/\" \/>\n<meta property=\"og:locale\" content=\"es_ES\" \/>\n<meta property=\"og:type\" content=\"article\" \/>\n<meta property=\"og:title\" content=\"Cimaise murale blanche 2 m\u00e8tres Philippe IV | MOM DESIGN\" \/>\n<meta property=\"og:description\" content=\"D\u00e9couvrez notre cimaise murale blanche pour sublimer votre int\u00e9rieur avec style. Installation facile, livraison et retours gratuits. Disponible \u00e0 prix r\u00e9duit exclusivement chez MOM DESIGN. Ne manquez pas l&#039;occasion d&#039;embellir vos murs !\" \/>\n<meta property=\"og:url\" content=\"https:\/\/mom-design.com\/es\/produit\/cimaises-1\/\" \/>\n<meta property=\"og:site_name\" content=\"MOM DESIGN\" \/>\n<meta property=\"article:modified_time\" content=\"2025-09-29T11:38:06+00:00\" \/>\n<meta property=\"og:image\" content=\"https:\/\/mom-design.com\/wp-content\/uploads\/2024\/07\/cimaise-mom-design-C1.jpeg\" \/>\n\t<meta property=\"og:image:width\" content=\"718\" \/>\n\t<meta property=\"og:image:height\" content=\"538\" \/>\n\t<meta property=\"og:image:type\" content=\"image\/jpeg\" \/>\n<meta name=\"twitter:card\" content=\"summary_large_image\" \/>\n<meta name=\"twitter:label1\" content=\"Tiempo de lectura\" \/>\n\t<meta name=\"twitter:data1\" content=\"2 minutos\" \/>\n<script type=\"application\/ld+json\" class=\"yoast-schema-graph\">{\"@context\":\"https:\/\/schema.org\",\"@graph\":[{\"@type\":\"WebPage\",\"@id\":\"https:\/\/mom-design.com\/es\/produit\/cimaises-1\/\",\"url\":\"https:\/\/mom-design.com\/es\/produit\/cimaises-1\/\",\"name\":\"Cimaise murale blanche 2 m\u00e8tres Philippe IV | MOM DESIGN\",\"isPartOf\":{\"@id\":\"https:\/\/mom-design.com\/es\/#website\"},\"primaryImageOfPage\":{\"@id\":\"https:\/\/mom-design.com\/es\/produit\/cimaises-1\/#primaryimage\"},\"image\":{\"@id\":\"https:\/\/mom-design.com\/es\/produit\/cimaises-1\/#primaryimage\"},\"thumbnailUrl\":\"https:\/\/mom-design.com\/wp-content\/uploads\/2024\/07\/cimaise-mom-design-C1.jpeg\",\"datePublished\":\"2024-07-23T18:59:35+00:00\",\"dateModified\":\"2025-09-29T11:38:06+00:00\",\"description\":\"D\u00e9couvrez notre cimaise murale blanche pour sublimer votre int\u00e9rieur avec style. Installation facile, livraison et retours gratuits. Disponible \u00e0 prix r\u00e9duit exclusivement chez MOM DESIGN. Ne manquez pas l'occasion d'embellir vos murs !\",\"breadcrumb\":{\"@id\":\"https:\/\/mom-design.com\/es\/produit\/cimaises-1\/#breadcrumb\"},\"inLanguage\":\"es\",\"potentialAction\":[{\"@type\":\"ReadAction\",\"target\":[\"https:\/\/mom-design.com\/es\/produit\/cimaises-1\/\"]}]},{\"@type\":\"ImageObject\",\"inLanguage\":\"es\",\"@id\":\"https:\/\/mom-design.com\/es\/produit\/cimaises-1\/#primaryimage\",\"url\":\"https:\/\/mom-design.com\/wp-content\/uploads\/2024\/07\/cimaise-mom-design-C1.jpeg\",\"contentUrl\":\"https:\/\/mom-design.com\/wp-content\/uploads\/2024\/07\/cimaise-mom-design-C1.jpeg\",\"width\":718,\"height\":538,\"caption\":\"cimaise mom design C1\"},{\"@type\":\"BreadcrumbList\",\"@id\":\"https:\/\/mom-design.com\/es\/produit\/cimaises-1\/#breadcrumb\",\"itemListElement\":[{\"@type\":\"ListItem\",\"position\":1,\"name\":\"D\u00e9coration murale d\u2019int\u00e9rieur\",\"item\":\"https:\/\/mom-design.com\/de\/\"},{\"@type\":\"ListItem\",\"position\":2,\"name\":\"Cimaise murale blanche 2 m\u00e8tres Philippe IV\"}]},{\"@type\":\"WebSite\",\"@id\":\"https:\/\/mom-design.com\/es\/#website\",\"url\":\"https:\/\/mom-design.com\/es\/\",\"name\":\"MOM DESIGN\",\"description\":\"Sp\u00e9cialiste du design mural d&#039;int\u00e9rieur\",\"potentialAction\":[{\"@type\":\"SearchAction\",\"target\":{\"@type\":\"EntryPoint\",\"urlTemplate\":\"https:\/\/mom-design.com\/es\/?s={search_term_string}\"},\"query-input\":{\"@type\":\"PropertyValueSpecification\",\"valueRequired\":true,\"valueName\":\"search_term_string\"}}],\"inLanguage\":\"es\"}]}<\/script>\n<!-- \/ Yoast SEO plugin. -->","yoast_head_json":{"title":"Cimaise murale blanche 2 m\u00e8tres Philippe IV | MOM DESIGN","description":"D\u00e9couvrez notre cimaise murale blanche pour sublimer votre int\u00e9rieur avec style. Installation facile, livraison et retours gratuits. Disponible \u00e0 prix r\u00e9duit exclusivement chez MOM DESIGN. Ne manquez pas l'occasion d'embellir vos murs !","robots":{"index":"index","follow":"follow","max-snippet":"max-snippet:-1","max-image-preview":"max-image-preview:large","max-video-preview":"max-video-preview:-1"},"canonical":"https:\/\/mom-design.com\/es\/produit\/cimaises-1\/","og_locale":"es_ES","og_type":"article","og_title":"Cimaise murale blanche 2 m\u00e8tres Philippe IV | MOM DESIGN","og_description":"D\u00e9couvrez notre cimaise murale blanche pour sublimer votre int\u00e9rieur avec style. Installation facile, livraison et retours gratuits. Disponible \u00e0 prix r\u00e9duit exclusivement chez MOM DESIGN. Ne manquez pas l'occasion d'embellir vos murs !","og_url":"https:\/\/mom-design.com\/es\/produit\/cimaises-1\/","og_site_name":"MOM DESIGN","article_modified_time":"2025-09-29T11:38:06+00:00","og_image":[{"width":718,"height":538,"url":"https:\/\/mom-design.com\/wp-content\/uploads\/2024\/07\/cimaise-mom-design-C1.jpeg","type":"image\/jpeg"}],"twitter_card":"summary_large_image","twitter_misc":{"Tiempo de lectura":"2 minutos"},"schema":{"@context":"https:\/\/schema.org","@graph":[{"@type":"WebPage","@id":"https:\/\/mom-design.com\/es\/produit\/cimaises-1\/","url":"https:\/\/mom-design.com\/es\/produit\/cimaises-1\/","name":"Cimaise murale blanche 2 m\u00e8tres Philippe IV | MOM DESIGN","isPartOf":{"@id":"https:\/\/mom-design.com\/es\/#website"},"primaryImageOfPage":{"@id":"https:\/\/mom-design.com\/es\/produit\/cimaises-1\/#primaryimage"},"image":{"@id":"https:\/\/mom-design.com\/es\/produit\/cimaises-1\/#primaryimage"},"thumbnailUrl":"https:\/\/mom-design.com\/wp-content\/uploads\/2024\/07\/cimaise-mom-design-C1.jpeg","datePublished":"2024-07-23T18:59:35+00:00","dateModified":"2025-09-29T11:38:06+00:00","description":"D\u00e9couvrez notre cimaise murale blanche pour sublimer votre int\u00e9rieur avec style. Installation facile, livraison et retours gratuits. Disponible \u00e0 prix r\u00e9duit exclusivement chez MOM DESIGN. Ne manquez pas l'occasion d'embellir vos murs !","breadcrumb":{"@id":"https:\/\/mom-design.com\/es\/produit\/cimaises-1\/#breadcrumb"},"inLanguage":"es","potentialAction":[{"@type":"ReadAction","target":["https:\/\/mom-design.com\/es\/produit\/cimaises-1\/"]}]},{"@type":"ImageObject","inLanguage":"es","@id":"https:\/\/mom-design.com\/es\/produit\/cimaises-1\/#primaryimage","url":"https:\/\/mom-design.com\/wp-content\/uploads\/2024\/07\/cimaise-mom-design-C1.jpeg","contentUrl":"https:\/\/mom-design.com\/wp-content\/uploads\/2024\/07\/cimaise-mom-design-C1.jpeg","width":718,"height":538,"caption":"cimaise mom design C1"},{"@type":"BreadcrumbList","@id":"https:\/\/mom-design.com\/es\/produit\/cimaises-1\/#breadcrumb","itemListElement":[{"@type":"ListItem","position":1,"name":"D\u00e9coration murale d\u2019int\u00e9rieur","item":"https:\/\/mom-design.com\/de\/"},{"@type":"ListItem","position":2,"name":"Cimaise murale blanche 2 m\u00e8tres Philippe IV"}]},{"@type":"WebSite","@id":"https:\/\/mom-design.com\/es\/#website","url":"https:\/\/mom-design.com\/es\/","name":"LA MAM\u00c1 DE DISE\u00d1O","description":"Sp\u00e9cialiste du design mural d'int\u00e9rieur","potentialAction":[{"@type":"SearchAction","target":{"@type":"EntryPoint","urlTemplate":"https:\/\/mom-design.com\/es\/?s={search_term_string}"},"query-input":{"@type":"PropertyValueSpecification","valueRequired":true,"valueName":"search_term_string"}}],"inLanguage":"es"}]}},"_links":{"self":[{"href":"https:\/\/mom-design.com\/es\/wp-json\/wp\/v2\/product\/6665","targetHints":{"allow":["GET"]}}],"collection":[{"href":"https:\/\/mom-design.com\/es\/wp-json\/wp\/v2\/product"}],"about":[{"href":"https:\/\/mom-design.com\/es\/wp-json\/wp\/v2\/types\/product"}],"replies":[{"embeddable":true,"href":"https:\/\/mom-design.com\/es\/wp-json\/wp\/v2\/comments?post=6665"}],"wp:featuredmedia":[{"embeddable":true,"href":"https:\/\/mom-design.com\/es\/wp-json\/wp\/v2\/media\/7249"}],"wp:attachment":[{"href":"https:\/\/mom-design.com\/es\/wp-json\/wp\/v2\/media?parent=6665"}],"wp:term":[{"taxonomy":"product_brand","embeddable":true,"href":"https:\/\/mom-design.com\/es\/wp-json\/wp\/v2\/product_brand?post=6665"},{"taxonomy":"product_cat","embeddable":true,"href":"https:\/\/mom-design.com\/es\/wp-json\/wp\/v2\/product_cat?post=6665"},{"taxonomy":"product_tag","embeddable":true,"href":"https:\/\/mom-design.com\/es\/wp-json\/wp\/v2\/product_tag?post=6665"}],"curies":[{"name":"wp","href":"https:\/\/api.w.org\/{rel}","templated":true}]}}