{"id":6686,"date":"2024-07-23T21:10:24","date_gmt":"2024-07-23T19:10:24","guid":{"rendered":"https:\/\/mom-design.com\/?post_type=product&#038;p=6686"},"modified":"2025-09-08T11:22:02","modified_gmt":"2025-09-08T09:22:02","slug":"plaque-marbre-en-pvc-3","status":"publish","type":"product","link":"https:\/\/mom-design.com\/es\/produit\/revetement-mural-10\/","title":{"rendered":"Placa de m\u00e1rmol en pvc gris \/ negro brillo 2,40 m x 1,20 m"},"content":{"rendered":"<h4>\u00a0 \u00a0 \u00a0 \u00a0 \u00a0 \u00a0 \u00a0 \u00a0 \u00a0 \u00a0 \u00a0 <span style=\"text-decoration: underline;\">Caracter\u00edsticas :<\/span><\/h4>\n<p>&#8211; <span style=\"text-decoration: underline;\">Material<\/span> : PVC imitaci\u00f3n m\u00e1rmol<br \/>\n\u2013 Libre de mantenimiento, resistente a las manchas y la humedad<br \/>\n&#8211; <span style=\"text-decoration: underline;\">Uso<\/span> : las paredes, los muebles, los planes de trabajo<\/p>\n<h4>\u00a0 \u00a0 \u00a0 \u00a0 \u00a0 \u00a0 \u00a0 \u00a0 \u00a0 \u00a0 \u00a0<span style=\"text-decoration: underline;\">A\u00f1adir un Toque de Elegancia con la Placa de M\u00e1rmol de PVC<\/span><\/h4>\n<p><strong>Con el <a href=\"https:\/\/mom-design.com\/es\/producto\/revetement-mural-11\/\">placa de m\u00e1rmol de PVC<\/a><\/strong>,<strong> ahora es posible convertir instant\u00e1neamente su interior en un espacio elegante y moderno<\/strong>. Su acabado que imita a la perfecci\u00f3n el m\u00e1rmol natural, ofrece una est\u00e9tica de lujo, sin las limitaciones asociadas con el m\u00e1rmol real. Ya sea para <strong>decorar tus paredes<\/strong>, <strong>vestido de una pieza de mobiliario<\/strong>o crear un plan de trabajo con estilo, este prop\u00f3sito placa se coloca<strong> todos tus deseos decorativos<\/strong>.<\/p>\n<h4>\u00a0 \u00a0 \u00a0 \u00a0 \u00a0 \u00a0 \u00a0 \u00a0 \u00a0 \u00a0 \u00a0<span style=\"text-decoration: underline;\">Instalaci\u00f3n r\u00e1pida y F\u00e1cil<\/span><\/h4>\n<p>Una de las principales cualidades de la placa de m\u00e1rmol de PVC es su facilidad de instalaci\u00f3n. Gracias a su ligereza, se puede manipular y pos\u00f3 sin esfuerzo. Adem\u00e1s, su dimensi\u00f3n est\u00e1ndar permite cubrir grandes superficies, aunque tambi\u00e9n ofrece la posibilidad de corte de la placa de acuerdo a las necesidades espec\u00edficas de su proyecto. Usted puede crear <strong>un <a href=\"https:\/\/mom-design.com\/es\/producto\/revetement-mural-12\/\">efecto veteado alucinante<\/a> en unos pocos pasos.<\/strong><\/p>\n<h4>\u00a0 \u00a0 \u00a0 \u00a0 \u00a0 \u00a0 \u00a0 \u00a0 \u00a0 \u00a0 \u00a0<span style=\"text-decoration: underline;\">M\u00ednimo Mantenimiento para obtener el M\u00e1ximo de la Elegancia<\/span><\/h4>\n<p>Optar por una placa de m\u00e1rmol, PVC, que es elegir el <strong>la simplicidad<\/strong> y el <strong>la sostenibilidad<\/strong>. A diferencia del m\u00e1rmol cierto que requiere un mantenimiento regular, esta placa est\u00e1 dise\u00f1ada para resistir las manchas, la humedad y los ara\u00f1azos. <strong>Un simple pa\u00f1o h\u00famedo es suficiente para mantener su brillo y resplandor<\/strong>. Por lo tanto, usted puede disfrutar de un interior sofisticado, sin las preocupaciones de mantenimiento. Adem\u00e1s, su resistencia a los agentes de limpieza-actual hace que sea ideal para cocinas y ba\u00f1os, donde la higiene es primordial.<\/p>\n<h4>\u00a0 \u00a0 \u00a0 \u00a0 \u00a0 \u00a0 \u00a0 \u00a0 \u00a0 \u00a0 \u00a0 <span style=\"text-decoration: underline;\">\u00bfPor qu\u00e9 Elegir la MAM\u00c1 de DISE\u00d1O ?<\/span><\/h4>\n<p><a href=\"https:\/\/mom-design.com\/es\/cimaises\/\"><strong>La MAM\u00c1 de DISE\u00d1O<\/strong><\/a>estamos comprometidos a proporcionar soluciones decorativas que combinan est\u00e9tica y funcionalidad. La placa de m\u00e1rmol de PVC es uno de nuestros productos estrella, la combinaci\u00f3n de calidad, durabilidad y precio competitivo. No s\u00f3lo ofrecemos productos de alta calidad, sino tambi\u00e9n un servicio al cliente excepcional con <strong>entrega y devoluciones gratuitas<\/strong> .<\/p>","protected":false},"excerpt":{"rendered":"<p><a href=\"https:\/\/mom-design.com\/es\/revetement-mural\/\"><strong>La placa de m\u00e1rmol de PVC<\/strong><\/a> combina la elegancia de m\u00e1rmol con la ligereza y durabilidad del PVC. Este plato es ideal para la transformaci\u00f3n de las paredes y otras superficies del interior de su vivienda en un abrir y cerrar de ojos. Ofrece un efecto veteado realista precio peque\u00f1o, es f\u00e1cil de instalar y libre de mantenimiento, garantizando una soluci\u00f3n decorativa pr\u00e1ctico y moderno.<\/p>","protected":false},"featured_media":7401,"comment_status":"open","ping_status":"closed","template":"","meta":{"_acf_changed":false},"product_brand":[],"product_cat":[15],"product_tag":[],"class_list":{"0":"post-6686","1":"product","2":"type-product","3":"status-publish","4":"has-post-thumbnail","6":"product_cat-revetement-mural","8":"first","9":"outofstock","10":"taxable","11":"shipping-taxable","12":"purchasable","13":"product-type-simple","14":"add-to-wishlist-after_add_to_cart"},"acf":[],"yoast_head":"<!-- This site is optimized with the Yoast SEO plugin v27.0 - https:\/\/yoast.com\/product\/yoast-seo-wordpress\/ -->\n<title>Plaque marbre en Gris \/ Noir brillant en pvc 2,40 m x 1,20 m | MOM DESIGN<\/title>\n<meta name=\"description\" content=\"D\u00e9couvrez notre plaque marbre en PVC blanc, une solution \u00e9l\u00e9gante et durable pour vos projets de d\u00e9coration int\u00e9rieure, avec livraison et retours gratuits. Transformez vos espaces facilement avec ce produit \u00e0 petit prix, disponible uniquement chez MOM DESIGN.\" \/>\n<meta name=\"robots\" content=\"index, follow, max-snippet:-1, max-image-preview:large, max-video-preview:-1\" \/>\n<link rel=\"canonical\" href=\"https:\/\/mom-design.com\/es\/produit\/revetement-mural-10\/\" \/>\n<meta property=\"og:locale\" content=\"es_ES\" \/>\n<meta property=\"og:type\" content=\"article\" \/>\n<meta property=\"og:title\" content=\"Plaque marbre en Gris \/ Noir brillant en pvc 2,40 m x 1,20 m | MOM DESIGN\" \/>\n<meta property=\"og:description\" content=\"D\u00e9couvrez notre plaque marbre en PVC blanc, une solution \u00e9l\u00e9gante et durable pour vos projets de d\u00e9coration int\u00e9rieure, avec livraison et retours gratuits. Transformez vos espaces facilement avec ce produit \u00e0 petit prix, disponible uniquement chez MOM DESIGN.\" \/>\n<meta property=\"og:url\" content=\"https:\/\/mom-design.com\/es\/produit\/revetement-mural-10\/\" \/>\n<meta property=\"og:site_name\" content=\"MOM DESIGN\" \/>\n<meta property=\"article:modified_time\" content=\"2025-09-08T09:22:02+00:00\" \/>\n<meta property=\"og:image\" content=\"https:\/\/mom-design.com\/wp-content\/uploads\/2024\/07\/21.jpg\" \/>\n\t<meta property=\"og:image:width\" content=\"736\" \/>\n\t<meta property=\"og:image:height\" content=\"736\" \/>\n\t<meta property=\"og:image:type\" content=\"image\/jpeg\" \/>\n<meta name=\"twitter:card\" content=\"summary_large_image\" \/>\n<meta name=\"twitter:label1\" content=\"Tiempo de lectura\" \/>\n\t<meta name=\"twitter:data1\" content=\"2 minutos\" \/>\n<script type=\"application\/ld+json\" class=\"yoast-schema-graph\">{\"@context\":\"https:\/\/schema.org\",\"@graph\":[{\"@type\":\"WebPage\",\"@id\":\"https:\/\/mom-design.com\/es\/produit\/revetement-mural-10\/\",\"url\":\"https:\/\/mom-design.com\/es\/produit\/revetement-mural-10\/\",\"name\":\"Plaque marbre en Gris \/ Noir brillant en pvc 2,40 m x 1,20 m | MOM DESIGN\",\"isPartOf\":{\"@id\":\"https:\/\/mom-design.com\/es\/#website\"},\"primaryImageOfPage\":{\"@id\":\"https:\/\/mom-design.com\/es\/produit\/revetement-mural-10\/#primaryimage\"},\"image\":{\"@id\":\"https:\/\/mom-design.com\/es\/produit\/revetement-mural-10\/#primaryimage\"},\"thumbnailUrl\":\"https:\/\/mom-design.com\/wp-content\/uploads\/2024\/07\/21.jpg\",\"datePublished\":\"2024-07-23T19:10:24+00:00\",\"dateModified\":\"2025-09-08T09:22:02+00:00\",\"description\":\"D\u00e9couvrez notre plaque marbre en PVC blanc, une solution \u00e9l\u00e9gante et durable pour vos projets de d\u00e9coration int\u00e9rieure, avec livraison et retours gratuits. Transformez vos espaces facilement avec ce produit \u00e0 petit prix, disponible uniquement chez MOM DESIGN.\",\"breadcrumb\":{\"@id\":\"https:\/\/mom-design.com\/es\/produit\/revetement-mural-10\/#breadcrumb\"},\"inLanguage\":\"es\",\"potentialAction\":[{\"@type\":\"ReadAction\",\"target\":[\"https:\/\/mom-design.com\/es\/produit\/revetement-mural-10\/\"]}]},{\"@type\":\"ImageObject\",\"inLanguage\":\"es\",\"@id\":\"https:\/\/mom-design.com\/es\/produit\/revetement-mural-10\/#primaryimage\",\"url\":\"https:\/\/mom-design.com\/wp-content\/uploads\/2024\/07\/21.jpg\",\"contentUrl\":\"https:\/\/mom-design.com\/wp-content\/uploads\/2024\/07\/21.jpg\",\"width\":736,\"height\":736},{\"@type\":\"BreadcrumbList\",\"@id\":\"https:\/\/mom-design.com\/es\/produit\/revetement-mural-10\/#breadcrumb\",\"itemListElement\":[{\"@type\":\"ListItem\",\"position\":1,\"name\":\"D\u00e9coration murale d\u2019int\u00e9rieur\",\"item\":\"https:\/\/mom-design.com\/de\/\"},{\"@type\":\"ListItem\",\"position\":2,\"name\":\"Plaque marbre en Gris \/ Noir brillant en pvc 2,40 m x 1,20 m\"}]},{\"@type\":\"WebSite\",\"@id\":\"https:\/\/mom-design.com\/es\/#website\",\"url\":\"https:\/\/mom-design.com\/es\/\",\"name\":\"MOM DESIGN\",\"description\":\"Sp\u00e9cialiste du design mural d&#039;int\u00e9rieur\",\"potentialAction\":[{\"@type\":\"SearchAction\",\"target\":{\"@type\":\"EntryPoint\",\"urlTemplate\":\"https:\/\/mom-design.com\/es\/?s={search_term_string}\"},\"query-input\":{\"@type\":\"PropertyValueSpecification\",\"valueRequired\":true,\"valueName\":\"search_term_string\"}}],\"inLanguage\":\"es\"}]}<\/script>\n<!-- \/ Yoast SEO plugin. -->","yoast_head_json":{"title":"Plaque marbre en Gris \/ Noir brillant en pvc 2,40 m x 1,20 m | MOM DESIGN","description":"D\u00e9couvrez notre plaque marbre en PVC blanc, une solution \u00e9l\u00e9gante et durable pour vos projets de d\u00e9coration int\u00e9rieure, avec livraison et retours gratuits. Transformez vos espaces facilement avec ce produit \u00e0 petit prix, disponible uniquement chez MOM DESIGN.","robots":{"index":"index","follow":"follow","max-snippet":"max-snippet:-1","max-image-preview":"max-image-preview:large","max-video-preview":"max-video-preview:-1"},"canonical":"https:\/\/mom-design.com\/es\/produit\/revetement-mural-10\/","og_locale":"es_ES","og_type":"article","og_title":"Plaque marbre en Gris \/ Noir brillant en pvc 2,40 m x 1,20 m | MOM DESIGN","og_description":"D\u00e9couvrez notre plaque marbre en PVC blanc, une solution \u00e9l\u00e9gante et durable pour vos projets de d\u00e9coration int\u00e9rieure, avec livraison et retours gratuits. Transformez vos espaces facilement avec ce produit \u00e0 petit prix, disponible uniquement chez MOM DESIGN.","og_url":"https:\/\/mom-design.com\/es\/produit\/revetement-mural-10\/","og_site_name":"MOM DESIGN","article_modified_time":"2025-09-08T09:22:02+00:00","og_image":[{"width":736,"height":736,"url":"https:\/\/mom-design.com\/wp-content\/uploads\/2024\/07\/21.jpg","type":"image\/jpeg"}],"twitter_card":"summary_large_image","twitter_misc":{"Tiempo de lectura":"2 minutos"},"schema":{"@context":"https:\/\/schema.org","@graph":[{"@type":"WebPage","@id":"https:\/\/mom-design.com\/es\/produit\/revetement-mural-10\/","url":"https:\/\/mom-design.com\/es\/produit\/revetement-mural-10\/","name":"Plaque marbre en Gris \/ Noir brillant en pvc 2,40 m x 1,20 m | MOM DESIGN","isPartOf":{"@id":"https:\/\/mom-design.com\/es\/#website"},"primaryImageOfPage":{"@id":"https:\/\/mom-design.com\/es\/produit\/revetement-mural-10\/#primaryimage"},"image":{"@id":"https:\/\/mom-design.com\/es\/produit\/revetement-mural-10\/#primaryimage"},"thumbnailUrl":"https:\/\/mom-design.com\/wp-content\/uploads\/2024\/07\/21.jpg","datePublished":"2024-07-23T19:10:24+00:00","dateModified":"2025-09-08T09:22:02+00:00","description":"D\u00e9couvrez notre plaque marbre en PVC blanc, une solution \u00e9l\u00e9gante et durable pour vos projets de d\u00e9coration int\u00e9rieure, avec livraison et retours gratuits. Transformez vos espaces facilement avec ce produit \u00e0 petit prix, disponible uniquement chez MOM DESIGN.","breadcrumb":{"@id":"https:\/\/mom-design.com\/es\/produit\/revetement-mural-10\/#breadcrumb"},"inLanguage":"es","potentialAction":[{"@type":"ReadAction","target":["https:\/\/mom-design.com\/es\/produit\/revetement-mural-10\/"]}]},{"@type":"ImageObject","inLanguage":"es","@id":"https:\/\/mom-design.com\/es\/produit\/revetement-mural-10\/#primaryimage","url":"https:\/\/mom-design.com\/wp-content\/uploads\/2024\/07\/21.jpg","contentUrl":"https:\/\/mom-design.com\/wp-content\/uploads\/2024\/07\/21.jpg","width":736,"height":736},{"@type":"BreadcrumbList","@id":"https:\/\/mom-design.com\/es\/produit\/revetement-mural-10\/#breadcrumb","itemListElement":[{"@type":"ListItem","position":1,"name":"D\u00e9coration murale d\u2019int\u00e9rieur","item":"https:\/\/mom-design.com\/de\/"},{"@type":"ListItem","position":2,"name":"Plaque marbre en Gris \/ Noir brillant en pvc 2,40 m x 1,20 m"}]},{"@type":"WebSite","@id":"https:\/\/mom-design.com\/es\/#website","url":"https:\/\/mom-design.com\/es\/","name":"LA MAM\u00c1 DE DISE\u00d1O","description":"Sp\u00e9cialiste du design mural d'int\u00e9rieur","potentialAction":[{"@type":"SearchAction","target":{"@type":"EntryPoint","urlTemplate":"https:\/\/mom-design.com\/es\/?s={search_term_string}"},"query-input":{"@type":"PropertyValueSpecification","valueRequired":true,"valueName":"search_term_string"}}],"inLanguage":"es"}]}},"_links":{"self":[{"href":"https:\/\/mom-design.com\/es\/wp-json\/wp\/v2\/product\/6686","targetHints":{"allow":["GET"]}}],"collection":[{"href":"https:\/\/mom-design.com\/es\/wp-json\/wp\/v2\/product"}],"about":[{"href":"https:\/\/mom-design.com\/es\/wp-json\/wp\/v2\/types\/product"}],"replies":[{"embeddable":true,"href":"https:\/\/mom-design.com\/es\/wp-json\/wp\/v2\/comments?post=6686"}],"wp:featuredmedia":[{"embeddable":true,"href":"https:\/\/mom-design.com\/es\/wp-json\/wp\/v2\/media\/7401"}],"wp:attachment":[{"href":"https:\/\/mom-design.com\/es\/wp-json\/wp\/v2\/media?parent=6686"}],"wp:term":[{"taxonomy":"product_brand","embeddable":true,"href":"https:\/\/mom-design.com\/es\/wp-json\/wp\/v2\/product_brand?post=6686"},{"taxonomy":"product_cat","embeddable":true,"href":"https:\/\/mom-design.com\/es\/wp-json\/wp\/v2\/product_cat?post=6686"},{"taxonomy":"product_tag","embeddable":true,"href":"https:\/\/mom-design.com\/es\/wp-json\/wp\/v2\/product_tag?post=6686"}],"curies":[{"name":"wp","href":"https:\/\/api.w.org\/{rel}","templated":true}]}}