{"id":6687,"date":"2024-07-23T21:10:51","date_gmt":"2024-07-23T19:10:51","guid":{"rendered":"https:\/\/mom-design.com\/?post_type=product&#038;p=6687"},"modified":"2025-09-08T11:21:42","modified_gmt":"2025-09-08T09:21:42","slug":"plaque-marbre-en-pvc-2","status":"publish","type":"product","link":"https:\/\/mom-design.com\/es\/produit\/revetement-mural-11\/","title":{"rendered":"Placa de m\u00e1rmol blanco brillo en pvc 2,40 m x 1,20 m"},"content":{"rendered":"<h4>\u00a0 \u00a0 \u00a0 \u00a0 \u00a0 \u00a0 \u00a0 \u00a0 \u00a0 \u00a0 \u00a0 \u00a0 \u00a0 <span style=\"text-decoration: underline;\">Caracter\u00edsticas :<\/span><\/h4>\n<p>&#8211; <span style=\"text-decoration: underline;\">Material<\/span> : PVC imitaci\u00f3n m\u00e1rmol<br \/>\n&#8211; <span style=\"text-decoration: underline;\">Mantenimiento<\/span> : r\u00e1pido y sencillo, resistente a las manchas<br \/>\n&#8211; <span style=\"text-decoration: underline;\">Uso<\/span> : decoraci\u00f3n de la pared, planes de trabajo, muebles<\/p>\n<h4>\u00a0 \u00a0 \u00a0 \u00a0 \u00a0 \u00a0 \u00a0 \u00a0 \u00a0 \u00a0 \u00a0 \u00a0 \u00a0 <span style=\"text-decoration: underline;\">Est\u00e9ticamente Refinado y Moderno<\/span><\/h4>\n<p><strong>\u00danete a nuestro <a href=\"https:\/\/mom-design.com\/es\/producto\/revetement-mural-12\/\">placa de m\u00e1rmol de PVC<\/a><\/strong> para llevar <strong>un toque de sofisticaci\u00f3n a tu espacio<\/strong>. Con su acabado que imita a la perfecci\u00f3n el m\u00e1rmol, se integra arm\u00f3nicamente en cualquier<strong> tipo de decoraci\u00f3n<\/strong>ya sea para un estilo contempor\u00e1neo o cl\u00e1sico. Gracias a su fabricaci\u00f3n en PVC, ofrece<strong> no s\u00f3lo un <a href=\"https:\/\/mom-design.com\/es\/producto\/plinthes-2\/\">de lujo est\u00e9tico<\/a><\/strong>pero tambi\u00e9n de una ligereza y resistencia para facilitar su instalaci\u00f3n. Usted puede vestir para arriba las paredes o superficies de forma r\u00e1pida, sin la molestia y el costo asociado con el m\u00e1rmol real.<\/p>\n<h4>\u00a0 \u00a0 \u00a0 \u00a0 \u00a0 \u00a0 \u00a0 \u00a0 \u00a0 \u00a0 \u00a0 \u00a0 \u00a0<span style=\"text-decoration: underline;\">Instalaci\u00f3n f\u00e1cil y Vers\u00e1til<\/span><\/h4>\n<p>Instale esta placa de m\u00e1rmol de PVC es una brisa. Dise\u00f1ado para ser ligero y pr\u00e1ctico, <strong>se acopla f\u00e1cilmente en una variedad de superficies<\/strong>. Adem\u00e1s, su flexibilidad le permite adaptarse perfectamente a sus necesidades espec\u00edficas, si se trata de cubrir muros o para crear acentos decorativos. Por lo tanto, este prop\u00f3sito plato es ideal para aquellos que deseen hacer cambios r\u00e1pidos y eficaces a su interior.<\/p>\n<h4>\u00a0 \u00a0 \u00a0 \u00a0 \u00a0 \u00a0 \u00a0 \u00a0 \u00a0 \u00a0 \u00a0 \u00a0 \u00a0 <span style=\"text-decoration: underline;\">Mantenimiento libre de problemas<\/span><\/h4>\n<p>Por la elecci\u00f3n de una placa de m\u00e1rmol, PVC, tambi\u00e9n optar por la comodidad. A diferencia de m\u00e1rmol natural, esta placa no requiere de complejos de mantenimiento. Un pase sencillo con <strong>es suficiente un pa\u00f1o h\u00famedo para mantener su brillo<\/strong>. Adem\u00e1s, su resistencia a las manchas y los ara\u00f1azos hace que sea una opci\u00f3n perfecta para espacios como la cocina y los ba\u00f1os. Podr\u00e1s disfrutar de la elegancia de m\u00e1rmol, sin los problemas de mantenimiento.<\/p>\n<h4>\u00a0 \u00a0 \u00a0 \u00a0 \u00a0 \u00a0 \u00a0 \u00a0 \u00a0 \u00a0 \u00a0 \u00a0 \u00a0 <span style=\"text-decoration: underline;\">La MAM\u00c1 de DISE\u00d1O, Elegancia al Alcance de tu mano<\/span><\/h4>\n<p><a href=\"https:\/\/mom-design.com\/es\/cimaises\/\"><strong>La MAM\u00c1 de DISE\u00d1O<\/strong><\/a>estamos comprometidos a proporcionar productos de calidad que combinan est\u00e9tica y funcionalidad. <strong>La placa de m\u00e1rmol de PVC<\/strong> es un excelente ejemplo de nuestro compromiso con la innovaci\u00f3n y la satisfacci\u00f3n del cliente. <strong>Disponible a un precio competitivo<\/strong>ella es acompa\u00f1ada por nuestro servicio <strong>entrega y devoluciones gratuitas<\/strong>. No te pierdas esta oportunidad para transformar tus espacios un elegante y econ\u00f3mico.<br \/>\n<strong>Orden hoy y descubra por qu\u00e9 tantos clientes la confianza MAM\u00c1 de DISE\u00d1O para sus necesidades de decoraci\u00f3n.<\/strong><\/p>","protected":false},"excerpt":{"rendered":"<p><a href=\"https:\/\/mom-design.com\/es\/revetement-mural\/\"><strong>La placa de m\u00e1rmol de PVC<\/strong><\/a> allie l&rsquo;\u00e9l\u00e9gance du marbre \u00e0 la praticit\u00e9 du PVC. Facile \u00e0 installer. Id\u00e9ale pour les murs et les surfaces d\u00e9coratives, cette plaque l\u00e9g\u00e8re et r\u00e9sistante est parfaite pour transformer n&rsquo;importe quel espace avec un minimum d&rsquo;effort.<\/p>","protected":false},"featured_media":7400,"comment_status":"open","ping_status":"closed","template":"","meta":{"_acf_changed":false},"product_brand":[],"product_cat":[15],"product_tag":[],"class_list":{"0":"post-6687","1":"product","2":"type-product","3":"status-publish","4":"has-post-thumbnail","6":"product_cat-revetement-mural","8":"first","9":"outofstock","10":"taxable","11":"shipping-taxable","12":"purchasable","13":"product-type-simple","14":"add-to-wishlist-after_add_to_cart"},"acf":[],"yoast_head":"<!-- This site is optimized with the Yoast SEO plugin v27.0 - https:\/\/yoast.com\/product\/yoast-seo-wordpress\/ -->\n<title>Plaque marbre en Blanc brillant en pvc 2,40 m x 1,20 m | MOM DESIGN<\/title>\n<meta name=\"description\" content=\"D\u00e9couvrez la plaque marbre en PVC, une solution \u00e9l\u00e9gante et durable pour vos projets de d\u00e9coration. Commandez maintenant avec livraison et retours gratuits et transformez vos espaces \u00e0 petit prix.\" \/>\n<meta name=\"robots\" content=\"index, follow, max-snippet:-1, max-image-preview:large, max-video-preview:-1\" \/>\n<link rel=\"canonical\" href=\"https:\/\/mom-design.com\/es\/produit\/revetement-mural-11\/\" \/>\n<meta property=\"og:locale\" content=\"es_ES\" \/>\n<meta property=\"og:type\" content=\"article\" \/>\n<meta property=\"og:title\" content=\"Plaque marbre en Blanc brillant en pvc 2,40 m x 1,20 m | MOM DESIGN\" \/>\n<meta property=\"og:description\" content=\"D\u00e9couvrez la plaque marbre en PVC, une solution \u00e9l\u00e9gante et durable pour vos projets de d\u00e9coration. Commandez maintenant avec livraison et retours gratuits et transformez vos espaces \u00e0 petit prix.\" \/>\n<meta property=\"og:url\" content=\"https:\/\/mom-design.com\/es\/produit\/revetement-mural-11\/\" \/>\n<meta property=\"og:site_name\" content=\"MOM DESIGN\" \/>\n<meta property=\"article:modified_time\" content=\"2025-09-08T09:21:42+00:00\" \/>\n<meta property=\"og:image\" content=\"https:\/\/mom-design.com\/wp-content\/uploads\/2024\/07\/Unknown-14.jpg\" \/>\n\t<meta property=\"og:image:width\" content=\"736\" \/>\n\t<meta property=\"og:image:height\" content=\"761\" \/>\n\t<meta property=\"og:image:type\" content=\"image\/jpeg\" \/>\n<meta name=\"twitter:card\" content=\"summary_large_image\" \/>\n<meta name=\"twitter:label1\" content=\"Tiempo de lectura\" \/>\n\t<meta name=\"twitter:data1\" content=\"2 minutos\" \/>\n<script type=\"application\/ld+json\" class=\"yoast-schema-graph\">{\"@context\":\"https:\/\/schema.org\",\"@graph\":[{\"@type\":\"WebPage\",\"@id\":\"https:\/\/mom-design.com\/es\/produit\/revetement-mural-11\/\",\"url\":\"https:\/\/mom-design.com\/es\/produit\/revetement-mural-11\/\",\"name\":\"Plaque marbre en Blanc brillant en pvc 2,40 m x 1,20 m | MOM DESIGN\",\"isPartOf\":{\"@id\":\"https:\/\/mom-design.com\/es\/#website\"},\"primaryImageOfPage\":{\"@id\":\"https:\/\/mom-design.com\/es\/produit\/revetement-mural-11\/#primaryimage\"},\"image\":{\"@id\":\"https:\/\/mom-design.com\/es\/produit\/revetement-mural-11\/#primaryimage\"},\"thumbnailUrl\":\"https:\/\/mom-design.com\/wp-content\/uploads\/2024\/07\/Unknown-14.jpg\",\"datePublished\":\"2024-07-23T19:10:51+00:00\",\"dateModified\":\"2025-09-08T09:21:42+00:00\",\"description\":\"D\u00e9couvrez la plaque marbre en PVC, une solution \u00e9l\u00e9gante et durable pour vos projets de d\u00e9coration. Commandez maintenant avec livraison et retours gratuits et transformez vos espaces \u00e0 petit prix.\",\"breadcrumb\":{\"@id\":\"https:\/\/mom-design.com\/es\/produit\/revetement-mural-11\/#breadcrumb\"},\"inLanguage\":\"es\",\"potentialAction\":[{\"@type\":\"ReadAction\",\"target\":[\"https:\/\/mom-design.com\/es\/produit\/revetement-mural-11\/\"]}]},{\"@type\":\"ImageObject\",\"inLanguage\":\"es\",\"@id\":\"https:\/\/mom-design.com\/es\/produit\/revetement-mural-11\/#primaryimage\",\"url\":\"https:\/\/mom-design.com\/wp-content\/uploads\/2024\/07\/Unknown-14.jpg\",\"contentUrl\":\"https:\/\/mom-design.com\/wp-content\/uploads\/2024\/07\/Unknown-14.jpg\",\"width\":736,\"height\":761},{\"@type\":\"BreadcrumbList\",\"@id\":\"https:\/\/mom-design.com\/es\/produit\/revetement-mural-11\/#breadcrumb\",\"itemListElement\":[{\"@type\":\"ListItem\",\"position\":1,\"name\":\"D\u00e9coration murale d\u2019int\u00e9rieur\",\"item\":\"https:\/\/mom-design.com\/de\/\"},{\"@type\":\"ListItem\",\"position\":2,\"name\":\"Plaque marbre en Blanc brillant en pvc 2,40 m x 1,20 m\"}]},{\"@type\":\"WebSite\",\"@id\":\"https:\/\/mom-design.com\/es\/#website\",\"url\":\"https:\/\/mom-design.com\/es\/\",\"name\":\"MOM DESIGN\",\"description\":\"Sp\u00e9cialiste du design mural d&#039;int\u00e9rieur\",\"potentialAction\":[{\"@type\":\"SearchAction\",\"target\":{\"@type\":\"EntryPoint\",\"urlTemplate\":\"https:\/\/mom-design.com\/es\/?s={search_term_string}\"},\"query-input\":{\"@type\":\"PropertyValueSpecification\",\"valueRequired\":true,\"valueName\":\"search_term_string\"}}],\"inLanguage\":\"es\"}]}<\/script>\n<!-- \/ Yoast SEO plugin. -->","yoast_head_json":{"title":"Plaque marbre en Blanc brillant en pvc 2,40 m x 1,20 m | MOM DESIGN","description":"D\u00e9couvrez la plaque marbre en PVC, une solution \u00e9l\u00e9gante et durable pour vos projets de d\u00e9coration. Commandez maintenant avec livraison et retours gratuits et transformez vos espaces \u00e0 petit prix.","robots":{"index":"index","follow":"follow","max-snippet":"max-snippet:-1","max-image-preview":"max-image-preview:large","max-video-preview":"max-video-preview:-1"},"canonical":"https:\/\/mom-design.com\/es\/produit\/revetement-mural-11\/","og_locale":"es_ES","og_type":"article","og_title":"Plaque marbre en Blanc brillant en pvc 2,40 m x 1,20 m | MOM DESIGN","og_description":"D\u00e9couvrez la plaque marbre en PVC, une solution \u00e9l\u00e9gante et durable pour vos projets de d\u00e9coration. Commandez maintenant avec livraison et retours gratuits et transformez vos espaces \u00e0 petit prix.","og_url":"https:\/\/mom-design.com\/es\/produit\/revetement-mural-11\/","og_site_name":"MOM DESIGN","article_modified_time":"2025-09-08T09:21:42+00:00","og_image":[{"width":736,"height":761,"url":"https:\/\/mom-design.com\/wp-content\/uploads\/2024\/07\/Unknown-14.jpg","type":"image\/jpeg"}],"twitter_card":"summary_large_image","twitter_misc":{"Tiempo de lectura":"2 minutos"},"schema":{"@context":"https:\/\/schema.org","@graph":[{"@type":"WebPage","@id":"https:\/\/mom-design.com\/es\/produit\/revetement-mural-11\/","url":"https:\/\/mom-design.com\/es\/produit\/revetement-mural-11\/","name":"Plaque marbre en Blanc brillant en pvc 2,40 m x 1,20 m | MOM DESIGN","isPartOf":{"@id":"https:\/\/mom-design.com\/es\/#website"},"primaryImageOfPage":{"@id":"https:\/\/mom-design.com\/es\/produit\/revetement-mural-11\/#primaryimage"},"image":{"@id":"https:\/\/mom-design.com\/es\/produit\/revetement-mural-11\/#primaryimage"},"thumbnailUrl":"https:\/\/mom-design.com\/wp-content\/uploads\/2024\/07\/Unknown-14.jpg","datePublished":"2024-07-23T19:10:51+00:00","dateModified":"2025-09-08T09:21:42+00:00","description":"D\u00e9couvrez la plaque marbre en PVC, une solution \u00e9l\u00e9gante et durable pour vos projets de d\u00e9coration. Commandez maintenant avec livraison et retours gratuits et transformez vos espaces \u00e0 petit prix.","breadcrumb":{"@id":"https:\/\/mom-design.com\/es\/produit\/revetement-mural-11\/#breadcrumb"},"inLanguage":"es","potentialAction":[{"@type":"ReadAction","target":["https:\/\/mom-design.com\/es\/produit\/revetement-mural-11\/"]}]},{"@type":"ImageObject","inLanguage":"es","@id":"https:\/\/mom-design.com\/es\/produit\/revetement-mural-11\/#primaryimage","url":"https:\/\/mom-design.com\/wp-content\/uploads\/2024\/07\/Unknown-14.jpg","contentUrl":"https:\/\/mom-design.com\/wp-content\/uploads\/2024\/07\/Unknown-14.jpg","width":736,"height":761},{"@type":"BreadcrumbList","@id":"https:\/\/mom-design.com\/es\/produit\/revetement-mural-11\/#breadcrumb","itemListElement":[{"@type":"ListItem","position":1,"name":"D\u00e9coration murale d\u2019int\u00e9rieur","item":"https:\/\/mom-design.com\/de\/"},{"@type":"ListItem","position":2,"name":"Plaque marbre en Blanc brillant en pvc 2,40 m x 1,20 m"}]},{"@type":"WebSite","@id":"https:\/\/mom-design.com\/es\/#website","url":"https:\/\/mom-design.com\/es\/","name":"LA MAM\u00c1 DE DISE\u00d1O","description":"Sp\u00e9cialiste du design mural d'int\u00e9rieur","potentialAction":[{"@type":"SearchAction","target":{"@type":"EntryPoint","urlTemplate":"https:\/\/mom-design.com\/es\/?s={search_term_string}"},"query-input":{"@type":"PropertyValueSpecification","valueRequired":true,"valueName":"search_term_string"}}],"inLanguage":"es"}]}},"_links":{"self":[{"href":"https:\/\/mom-design.com\/es\/wp-json\/wp\/v2\/product\/6687","targetHints":{"allow":["GET"]}}],"collection":[{"href":"https:\/\/mom-design.com\/es\/wp-json\/wp\/v2\/product"}],"about":[{"href":"https:\/\/mom-design.com\/es\/wp-json\/wp\/v2\/types\/product"}],"replies":[{"embeddable":true,"href":"https:\/\/mom-design.com\/es\/wp-json\/wp\/v2\/comments?post=6687"}],"wp:featuredmedia":[{"embeddable":true,"href":"https:\/\/mom-design.com\/es\/wp-json\/wp\/v2\/media\/7400"}],"wp:attachment":[{"href":"https:\/\/mom-design.com\/es\/wp-json\/wp\/v2\/media?parent=6687"}],"wp:term":[{"taxonomy":"product_brand","embeddable":true,"href":"https:\/\/mom-design.com\/es\/wp-json\/wp\/v2\/product_brand?post=6687"},{"taxonomy":"product_cat","embeddable":true,"href":"https:\/\/mom-design.com\/es\/wp-json\/wp\/v2\/product_cat?post=6687"},{"taxonomy":"product_tag","embeddable":true,"href":"https:\/\/mom-design.com\/es\/wp-json\/wp\/v2\/product_tag?post=6687"}],"curies":[{"name":"wp","href":"https:\/\/api.w.org\/{rel}","templated":true}]}}