{"id":6688,"date":"2024-07-23T21:11:19","date_gmt":"2024-07-23T19:11:19","guid":{"rendered":"https:\/\/mom-design.com\/?post_type=product&#038;p=6688"},"modified":"2025-09-08T11:21:28","modified_gmt":"2025-09-08T09:21:28","slug":"plaque-marbre-en-pvc","status":"publish","type":"product","link":"https:\/\/mom-design.com\/es\/produit\/revetement-mural-12\/","title":{"rendered":"Losa de m\u00e1rmol en pvc gris claro brillo 2,40 m x 1,20 m"},"content":{"rendered":"<h4>\u00a0 \u00a0 \u00a0 \u00a0 \u00a0 \u00a0 \u00a0 \u00a0 \u00a0 \u00a0 <span style=\"text-decoration: underline;\">Caracter\u00edsticas :<\/span><\/h4>\n<p>&#8211; <span style=\"text-decoration: underline;\">Material<\/span> : PVC imitaci\u00f3n m\u00e1rmol<br \/>\n&#8211; <span style=\"text-decoration: underline;\">Dimensiones<\/span> personalizable de acuerdo a sus necesidades<br \/>\n&#8211; <span style=\"text-decoration: underline;\">Facilidad de mantenimiento<\/span> : f\u00e1cil de limpiar con un pa\u00f1o h\u00famedo<br \/>\n&#8211; <span style=\"text-decoration: underline;\">Instalaci\u00f3n<\/span> : r\u00e1pido y sencillo<br \/>\n&#8211; <span style=\"text-decoration: underline;\">Uso<\/span> : ideal para las paredes, los muebles y las superficies decorativas<\/p>\n<h4>\u00a0 \u00a0 \u00a0 \u00a0 \u00a0 \u00a0 \u00a0 \u00a0 \u00a0 <span style=\"text-decoration: underline;\">Un Dise\u00f1o de M\u00e1rmol de Imitaci\u00f3n para un Aspecto Refinado<\/span><\/h4>\n<p><strong>El <a href=\"https:\/\/mom-design.com\/es\/producto\/plinthes-8\/\">placa<\/a> m\u00e1rmol de PVC est\u00e1 dise\u00f1ado para ofrecer una alternativa econ\u00f3mica y pr\u00e1ctica de m\u00e1rmol natural<\/strong>manteniendo una apariencia aut\u00e9ntica y refinada.<br \/>\nSu acabado liso y su realista motivos que imitan a la perfecci\u00f3n la piedra, a\u00f1adiendo un toque de elegancia a tus interiores. Ya sea para vestir tus paredes, de la modernizaci\u00f3n de sus muebles o crear <strong>acentos decorativos<\/strong>este plato es una opci\u00f3n vers\u00e1til que se adapta a <strong>todos <a href=\"https:\/\/mom-design.com\/es\/producto\/plinthes-1\/\">estilos de decoraci\u00f3n<\/a><\/strong>. Al optar por este material, se obtiene un <a href=\"https:\/\/mom-design.com\/es\/producto\/plinthes-12\/\"><strong>aspecto lujoso<\/strong><\/a> sin el costo y los requisitos de mantenimiento asociados con el m\u00e1rmol real.<\/p>\n<h4>\u00a0 \u00a0 \u00a0 \u00a0 \u00a0 \u00a0 \u00a0 \u00a0 \u00a0 \u00a0 \u00a0<span style=\"text-decoration: underline;\">Instalaci\u00f3n y Mantenimiento Simplificado<\/span><\/h4>\n<p>La instalaci\u00f3n de esta placa es tanto <strong>simple<\/strong> y <strong>r\u00e1pido<\/strong>, que le permite transformar su espacio en ning\u00fan momento. Adem\u00e1s, <strong>su mantenimiento no requiere ning\u00fan esfuerzo especial<\/strong> : un simple pa\u00f1o h\u00famedo es suficiente para quitar el polvo y las huellas, lo que garantiza un aspecto siempre impecable. Adem\u00e1s, su resistencia a los ara\u00f1azos y la humedad hace que sea una opci\u00f3n ideal para <strong>cocinas<\/strong> y <strong>ba\u00f1os<\/strong>, donde la est\u00e9tica y la funcionalidad van de la mano.<\/p>\n<h4>\u00a0 \u00a0 \u00a0 \u00a0 \u00a0 \u00a0 \u00a0 \u00a0 \u00a0 \u00a0 <span style=\"text-decoration: underline;\">\u00a0La accesibilidad y la Calidad En el DISE\u00d1O de MAM\u00c1<\/span><\/h4>\n<p><strong>La MAM\u00c1 de DISE\u00d1O<\/strong>estamos comprometidos a proporcionar productos de alta calidad a <strong>precios asequibles<\/strong>. Nuestra placa de m\u00e1rmol de PVC est\u00e1 disponible con <strong>entrega y devoluciones gratuitas<\/strong>esto hace que su experiencia de compra f\u00e1cil y conveniente. Adem\u00e1s, nuestros equipos est\u00e1n aqu\u00ed para ayudarle y aconsejarle para asegurarse de que usted realice la mejor elecci\u00f3n para tu proyecto de decoraci\u00f3n.<\/p>","protected":false},"excerpt":{"rendered":"<p><a href=\"https:\/\/mom-design.com\/es\/plinthes\/?glang=fr&amp;gurl=categorie-produit\/plinthes\/\"><strong>La placa de m\u00e1rmol de PVC<\/strong><\/a> combina la est\u00e9tica y la funcionalidad. Imitando a la perfecci\u00f3n la apariencia de m\u00e1rmol natural, es ideal para una decoraci\u00f3n moderna y sofisticada. Disponible en diferentes dimensiones, es f\u00e1cil de instalar, duradero y puede ser usado para varios proyectos, decoraci\u00f3n para el hogar, la transformaci\u00f3n de sus espacios.<\/p>","protected":false},"featured_media":7397,"comment_status":"open","ping_status":"closed","template":"","meta":{"_acf_changed":false},"product_brand":[],"product_cat":[15],"product_tag":[],"class_list":{"0":"post-6688","1":"product","2":"type-product","3":"status-publish","4":"has-post-thumbnail","6":"product_cat-revetement-mural","8":"first","9":"outofstock","10":"taxable","11":"shipping-taxable","12":"purchasable","13":"product-type-simple","14":"add-to-wishlist-after_add_to_cart"},"acf":[],"yoast_head":"<!-- This site is optimized with the Yoast SEO plugin v27.0 - https:\/\/yoast.com\/product\/yoast-seo-wordpress\/ -->\n<title>Plaque marbre en Gris clair brillant en pvc 2,40 m x 1,20 m | MOM DESIGN<\/title>\n<meta name=\"description\" content=\"D\u00e9couvrez notre plaque marbre en PVC blanc pour une d\u00e9coration \u00e9l\u00e9gante et moderne, avec livraison et retours gratuits. Imitation marbre de qualit\u00e9, facile \u00e0 installer et entretenir. Commandez maintenant pour sublimer vos espaces \u00e0 moindre co\u00fbt !\" \/>\n<meta name=\"robots\" content=\"index, follow, max-snippet:-1, max-image-preview:large, max-video-preview:-1\" \/>\n<link rel=\"canonical\" href=\"https:\/\/mom-design.com\/es\/produit\/revetement-mural-12\/\" \/>\n<meta property=\"og:locale\" content=\"es_ES\" \/>\n<meta property=\"og:type\" content=\"article\" \/>\n<meta property=\"og:title\" content=\"Plaque marbre en Gris clair brillant en pvc 2,40 m x 1,20 m | MOM DESIGN\" \/>\n<meta property=\"og:description\" content=\"D\u00e9couvrez notre plaque marbre en PVC blanc pour une d\u00e9coration \u00e9l\u00e9gante et moderne, avec livraison et retours gratuits. Imitation marbre de qualit\u00e9, facile \u00e0 installer et entretenir. Commandez maintenant pour sublimer vos espaces \u00e0 moindre co\u00fbt !\" \/>\n<meta property=\"og:url\" content=\"https:\/\/mom-design.com\/es\/produit\/revetement-mural-12\/\" \/>\n<meta property=\"og:site_name\" content=\"MOM DESIGN\" \/>\n<meta property=\"article:modified_time\" content=\"2025-09-08T09:21:28+00:00\" \/>\n<meta property=\"og:image\" content=\"https:\/\/mom-design.com\/wp-content\/uploads\/2024\/07\/20.jpg\" \/>\n\t<meta property=\"og:image:width\" content=\"736\" \/>\n\t<meta property=\"og:image:height\" content=\"891\" \/>\n\t<meta property=\"og:image:type\" content=\"image\/jpeg\" \/>\n<meta name=\"twitter:card\" content=\"summary_large_image\" \/>\n<meta name=\"twitter:label1\" content=\"Tiempo de lectura\" \/>\n\t<meta name=\"twitter:data1\" content=\"2 minutos\" \/>\n<script type=\"application\/ld+json\" class=\"yoast-schema-graph\">{\"@context\":\"https:\/\/schema.org\",\"@graph\":[{\"@type\":\"WebPage\",\"@id\":\"https:\/\/mom-design.com\/es\/produit\/revetement-mural-12\/\",\"url\":\"https:\/\/mom-design.com\/es\/produit\/revetement-mural-12\/\",\"name\":\"Plaque marbre en Gris clair brillant en pvc 2,40 m x 1,20 m | MOM DESIGN\",\"isPartOf\":{\"@id\":\"https:\/\/mom-design.com\/es\/#website\"},\"primaryImageOfPage\":{\"@id\":\"https:\/\/mom-design.com\/es\/produit\/revetement-mural-12\/#primaryimage\"},\"image\":{\"@id\":\"https:\/\/mom-design.com\/es\/produit\/revetement-mural-12\/#primaryimage\"},\"thumbnailUrl\":\"https:\/\/mom-design.com\/wp-content\/uploads\/2024\/07\/20.jpg\",\"datePublished\":\"2024-07-23T19:11:19+00:00\",\"dateModified\":\"2025-09-08T09:21:28+00:00\",\"description\":\"D\u00e9couvrez notre plaque marbre en PVC blanc pour une d\u00e9coration \u00e9l\u00e9gante et moderne, avec livraison et retours gratuits. Imitation marbre de qualit\u00e9, facile \u00e0 installer et entretenir. Commandez maintenant pour sublimer vos espaces \u00e0 moindre co\u00fbt !\",\"breadcrumb\":{\"@id\":\"https:\/\/mom-design.com\/es\/produit\/revetement-mural-12\/#breadcrumb\"},\"inLanguage\":\"es\",\"potentialAction\":[{\"@type\":\"ReadAction\",\"target\":[\"https:\/\/mom-design.com\/es\/produit\/revetement-mural-12\/\"]}]},{\"@type\":\"ImageObject\",\"inLanguage\":\"es\",\"@id\":\"https:\/\/mom-design.com\/es\/produit\/revetement-mural-12\/#primaryimage\",\"url\":\"https:\/\/mom-design.com\/wp-content\/uploads\/2024\/07\/20.jpg\",\"contentUrl\":\"https:\/\/mom-design.com\/wp-content\/uploads\/2024\/07\/20.jpg\",\"width\":736,\"height\":891,\"caption\":\"rev\u00eatement mural wall panel marbre mom design\"},{\"@type\":\"BreadcrumbList\",\"@id\":\"https:\/\/mom-design.com\/es\/produit\/revetement-mural-12\/#breadcrumb\",\"itemListElement\":[{\"@type\":\"ListItem\",\"position\":1,\"name\":\"D\u00e9coration murale d\u2019int\u00e9rieur\",\"item\":\"https:\/\/mom-design.com\/de\/\"},{\"@type\":\"ListItem\",\"position\":2,\"name\":\"Plaque marbre en Gris clair brillant en pvc 2,40 m x 1,20 m\"}]},{\"@type\":\"WebSite\",\"@id\":\"https:\/\/mom-design.com\/es\/#website\",\"url\":\"https:\/\/mom-design.com\/es\/\",\"name\":\"MOM DESIGN\",\"description\":\"Sp\u00e9cialiste du design mural d&#039;int\u00e9rieur\",\"potentialAction\":[{\"@type\":\"SearchAction\",\"target\":{\"@type\":\"EntryPoint\",\"urlTemplate\":\"https:\/\/mom-design.com\/es\/?s={search_term_string}\"},\"query-input\":{\"@type\":\"PropertyValueSpecification\",\"valueRequired\":true,\"valueName\":\"search_term_string\"}}],\"inLanguage\":\"es\"}]}<\/script>\n<!-- \/ Yoast SEO plugin. -->","yoast_head_json":{"title":"Plaque marbre en Gris clair brillant en pvc 2,40 m x 1,20 m | MOM DESIGN","description":"D\u00e9couvrez notre plaque marbre en PVC blanc pour une d\u00e9coration \u00e9l\u00e9gante et moderne, avec livraison et retours gratuits. Imitation marbre de qualit\u00e9, facile \u00e0 installer et entretenir. Commandez maintenant pour sublimer vos espaces \u00e0 moindre co\u00fbt !","robots":{"index":"index","follow":"follow","max-snippet":"max-snippet:-1","max-image-preview":"max-image-preview:large","max-video-preview":"max-video-preview:-1"},"canonical":"https:\/\/mom-design.com\/es\/produit\/revetement-mural-12\/","og_locale":"es_ES","og_type":"article","og_title":"Plaque marbre en Gris clair brillant en pvc 2,40 m x 1,20 m | MOM DESIGN","og_description":"D\u00e9couvrez notre plaque marbre en PVC blanc pour une d\u00e9coration \u00e9l\u00e9gante et moderne, avec livraison et retours gratuits. Imitation marbre de qualit\u00e9, facile \u00e0 installer et entretenir. Commandez maintenant pour sublimer vos espaces \u00e0 moindre co\u00fbt !","og_url":"https:\/\/mom-design.com\/es\/produit\/revetement-mural-12\/","og_site_name":"MOM DESIGN","article_modified_time":"2025-09-08T09:21:28+00:00","og_image":[{"width":736,"height":891,"url":"https:\/\/mom-design.com\/wp-content\/uploads\/2024\/07\/20.jpg","type":"image\/jpeg"}],"twitter_card":"summary_large_image","twitter_misc":{"Tiempo de lectura":"2 minutos"},"schema":{"@context":"https:\/\/schema.org","@graph":[{"@type":"WebPage","@id":"https:\/\/mom-design.com\/es\/produit\/revetement-mural-12\/","url":"https:\/\/mom-design.com\/es\/produit\/revetement-mural-12\/","name":"Plaque marbre en Gris clair brillant en pvc 2,40 m x 1,20 m | MOM DESIGN","isPartOf":{"@id":"https:\/\/mom-design.com\/es\/#website"},"primaryImageOfPage":{"@id":"https:\/\/mom-design.com\/es\/produit\/revetement-mural-12\/#primaryimage"},"image":{"@id":"https:\/\/mom-design.com\/es\/produit\/revetement-mural-12\/#primaryimage"},"thumbnailUrl":"https:\/\/mom-design.com\/wp-content\/uploads\/2024\/07\/20.jpg","datePublished":"2024-07-23T19:11:19+00:00","dateModified":"2025-09-08T09:21:28+00:00","description":"D\u00e9couvrez notre plaque marbre en PVC blanc pour une d\u00e9coration \u00e9l\u00e9gante et moderne, avec livraison et retours gratuits. Imitation marbre de qualit\u00e9, facile \u00e0 installer et entretenir. Commandez maintenant pour sublimer vos espaces \u00e0 moindre co\u00fbt !","breadcrumb":{"@id":"https:\/\/mom-design.com\/es\/produit\/revetement-mural-12\/#breadcrumb"},"inLanguage":"es","potentialAction":[{"@type":"ReadAction","target":["https:\/\/mom-design.com\/es\/produit\/revetement-mural-12\/"]}]},{"@type":"ImageObject","inLanguage":"es","@id":"https:\/\/mom-design.com\/es\/produit\/revetement-mural-12\/#primaryimage","url":"https:\/\/mom-design.com\/wp-content\/uploads\/2024\/07\/20.jpg","contentUrl":"https:\/\/mom-design.com\/wp-content\/uploads\/2024\/07\/20.jpg","width":736,"height":891,"caption":"rev\u00eatement mural wall panel marbre mom design"},{"@type":"BreadcrumbList","@id":"https:\/\/mom-design.com\/es\/produit\/revetement-mural-12\/#breadcrumb","itemListElement":[{"@type":"ListItem","position":1,"name":"D\u00e9coration murale d\u2019int\u00e9rieur","item":"https:\/\/mom-design.com\/de\/"},{"@type":"ListItem","position":2,"name":"Plaque marbre en Gris clair brillant en pvc 2,40 m x 1,20 m"}]},{"@type":"WebSite","@id":"https:\/\/mom-design.com\/es\/#website","url":"https:\/\/mom-design.com\/es\/","name":"LA MAM\u00c1 DE DISE\u00d1O","description":"Sp\u00e9cialiste du design mural d'int\u00e9rieur","potentialAction":[{"@type":"SearchAction","target":{"@type":"EntryPoint","urlTemplate":"https:\/\/mom-design.com\/es\/?s={search_term_string}"},"query-input":{"@type":"PropertyValueSpecification","valueRequired":true,"valueName":"search_term_string"}}],"inLanguage":"es"}]}},"_links":{"self":[{"href":"https:\/\/mom-design.com\/es\/wp-json\/wp\/v2\/product\/6688","targetHints":{"allow":["GET"]}}],"collection":[{"href":"https:\/\/mom-design.com\/es\/wp-json\/wp\/v2\/product"}],"about":[{"href":"https:\/\/mom-design.com\/es\/wp-json\/wp\/v2\/types\/product"}],"replies":[{"embeddable":true,"href":"https:\/\/mom-design.com\/es\/wp-json\/wp\/v2\/comments?post=6688"}],"wp:featuredmedia":[{"embeddable":true,"href":"https:\/\/mom-design.com\/es\/wp-json\/wp\/v2\/media\/7397"}],"wp:attachment":[{"href":"https:\/\/mom-design.com\/es\/wp-json\/wp\/v2\/media?parent=6688"}],"wp:term":[{"taxonomy":"product_brand","embeddable":true,"href":"https:\/\/mom-design.com\/es\/wp-json\/wp\/v2\/product_brand?post=6688"},{"taxonomy":"product_cat","embeddable":true,"href":"https:\/\/mom-design.com\/es\/wp-json\/wp\/v2\/product_cat?post=6688"},{"taxonomy":"product_tag","embeddable":true,"href":"https:\/\/mom-design.com\/es\/wp-json\/wp\/v2\/product_tag?post=6688"}],"curies":[{"name":"wp","href":"https:\/\/api.w.org\/{rel}","templated":true}]}}