{"id":6704,"date":"2024-07-23T21:19:16","date_gmt":"2024-07-23T19:19:16","guid":{"rendered":"https:\/\/mom-design.com\/?post_type=product&#038;p=6704"},"modified":"2026-01-31T10:38:51","modified_gmt":"2026-01-31T09:38:51","slug":"plinthe-murale-en-pvc-blanche-2-m","status":"publish","type":"product","link":"https:\/\/mom-design.com\/es\/produit\/plinthes-2\/","title":{"rendered":"Plinthe murale en pvc blanche 2 m\u00e8tres Charles VII"},"content":{"rendered":"<h4>\u00a0 \u00a0 \u00a0 \u00a0 \u00a0 \u00a0 <span style=\"text-decoration: underline;\">Caracter\u00edsticas<\/span><\/h4>\n<p>&#8211; <span style=\"text-decoration: underline;\">Color<\/span> : blanco<br \/>\n&#8211; <span style=\"text-decoration: underline;\">Longitud<\/span> : 2 metros<br \/>\n&#8211; <span style=\"text-decoration: underline;\">Altura<\/span> : 7,5 cm<br \/>\n&#8211; <span style=\"text-decoration: underline;\">Material<\/span>: De alta calidad de PVC<br \/>\n&#8211; <span style=\"text-decoration: underline;\">Personalizable<\/span>: <strong>Puede ser pintado para que coincida con sus preferencias de color<\/strong><\/p>\n<h4>\u00a0 \u00a0 \u00a0 \u00a0\u00a0\u00a0 \u00a0 \u00a0<span style=\"text-decoration: underline;\">Una Soluci\u00f3n Est\u00e9tica y Funcional<\/span><\/h4>\n<p>Para dar a tus paredes un acabado liso, <strong>el <a href=\"https:\/\/mom-design.com\/es\/producto\/plinthes-1\/\">z\u00f3calo<\/a> la pared de PVC blanco de 2 metros es una buena opci\u00f3n<\/strong>. Su altura de 8 cm no s\u00f3lo puede proteger las paredes de los golpes y ara\u00f1azos, pero tambi\u00e9n para dar un toque de sofisticaci\u00f3n a tu decoraci\u00f3n. <strong>La MAM\u00c1 de DISE\u00d1O<\/strong>somos conscientes de la importancia de un buen acabado interior,<br \/>\n<strong>es por eso que ofrecemos productos que combinan <a href=\"https:\/\/mom-design.com\/es\/producto\/revetement-mural-12\/\">estilo y funcionalidad<\/a>.<\/strong><\/p>\n<h4>\u00a0 \u00a0 \u00a0 \u00a0 \u00a0 \u00a0 \u00a0<span style=\"text-decoration: underline;\">F\u00e1cil Instalaci\u00f3n y Mantenimiento Simplificado<\/span><\/h4>\n<p>La instalaci\u00f3n de z\u00f3calo mural de PVC blanco es una brisa. Se puede solucionar f\u00e1cilmente con un adhesivo adecuado o el uso de tornillos y clips de montaje a\u00fan m\u00e1s seguro. Adem\u00e1s, su mantenimiento no requiere de un esfuerzo considerable : un simple pa\u00f1o h\u00famedo es suficiente para limpiar, preservando as\u00ed su apariencia a lo largo del tiempo.<\/p>\n<h4>\u00a0 \u00a0 \u00a0 \u00a0 \u00a0 \u00a0 \u00a0<span style=\"text-decoration: underline;\">\u00bfPor qu\u00e9 Elegir los Z\u00f3calos MAM\u00c1 DISE\u00d1O ?<\/span><\/h4>\n<p><strong>Con <a href=\"https:\/\/mom-design.com\/es\/producto\/plinthes-11\/\">LA MAM\u00c1 DE DISE\u00d1O<\/a>que ir por la calidad, durabilidad y estilo<\/strong>. Nuestros z\u00f3calos mural de PVC est\u00e1n dise\u00f1ados espec\u00edficamente para satisfacer los requisitos de los propietarios de los m\u00e1s especializados en el campo de la decoraci\u00f3n de interiores. Transformar tu espacio en un interior moderno y bien cuidado con nuestro z\u00f3calo mural de PVC blanco , y disfrute de la comodidad y la est\u00e9tica sin igual.<\/p>","protected":false},"excerpt":{"rendered":"<p><a href=\"https:\/\/mom-design.com\/es\/plinthes\/\">El z\u00f3calo mural de PVC blanco<\/a> es el elemento perfecto para llevar un acabado fresco y moderno a tu habitaci\u00f3n. Fabricado en PVC de alta calidad, este calentador de z\u00f3calo no s\u00f3lo es robusto y resistente a la humedad, pero tambi\u00e9n puede ser pintado para que coincida con cualquier tipo de decoraci\u00f3n de interiores. Un pr\u00e1ctico y est\u00e9tico, ideal para proteger las paredes y mejorar el aspecto de su interior.<\/p>\n<p>&nbsp;<\/p>","protected":false},"featured_media":7253,"comment_status":"open","ping_status":"closed","template":"","meta":{"_acf_changed":false},"product_brand":[],"product_cat":[53],"product_tag":[],"class_list":{"0":"post-6704","1":"product","2":"type-product","3":"status-publish","4":"has-post-thumbnail","6":"product_cat-plinthes","7":"product_shipping_class-livraison-gls","9":"first","10":"instock","11":"taxable","12":"shipping-taxable","13":"purchasable","14":"product-type-simple","15":"add-to-wishlist-after_add_to_cart"},"acf":[],"yoast_head":"<!-- This site is optimized with the Yoast SEO plugin v27.0 - https:\/\/yoast.com\/product\/yoast-seo-wordpress\/ -->\n<title>Plinthe murale en pvc blanche 2 m\u00e8tres Charles VII | MOM DESIGN<\/title>\n<meta name=\"description\" content=\"D\u00e9couvrez notre plinthe murale en PVC blanche de 2 m, une solution pratique et \u00e9l\u00e9gante pour vos murs. Disponible \u00e0 petit prix et uniquement sur notre site MOM DESIGN, avec livraison et retours gratuits. Ne manquez pas l\u2019occasion de sublimer votre int\u00e9rieur.\" \/>\n<meta name=\"robots\" content=\"index, follow, max-snippet:-1, max-image-preview:large, max-video-preview:-1\" \/>\n<link rel=\"canonical\" href=\"https:\/\/mom-design.com\/es\/produit\/plinthes-2\/\" \/>\n<meta property=\"og:locale\" content=\"es_ES\" \/>\n<meta property=\"og:type\" content=\"article\" \/>\n<meta property=\"og:title\" content=\"Plinthe murale en pvc blanche 2 m\u00e8tres Charles VII | MOM DESIGN\" \/>\n<meta property=\"og:description\" content=\"D\u00e9couvrez notre plinthe murale en PVC blanche de 2 m, une solution pratique et \u00e9l\u00e9gante pour vos murs. Disponible \u00e0 petit prix et uniquement sur notre site MOM DESIGN, avec livraison et retours gratuits. Ne manquez pas l\u2019occasion de sublimer votre int\u00e9rieur.\" \/>\n<meta property=\"og:url\" content=\"https:\/\/mom-design.com\/es\/produit\/plinthes-2\/\" \/>\n<meta property=\"og:site_name\" content=\"MOM DESIGN\" \/>\n<meta property=\"article:modified_time\" content=\"2026-01-31T09:38:51+00:00\" \/>\n<meta property=\"og:image\" content=\"https:\/\/mom-design.com\/wp-content\/uploads\/2024\/07\/plinthe-pvc-mom-design-M4.jpeg\" \/>\n\t<meta property=\"og:image:width\" content=\"718\" \/>\n\t<meta property=\"og:image:height\" content=\"538\" \/>\n\t<meta property=\"og:image:type\" content=\"image\/jpeg\" \/>\n<meta name=\"twitter:card\" content=\"summary_large_image\" \/>\n<meta name=\"twitter:label1\" content=\"Tiempo de lectura\" \/>\n\t<meta name=\"twitter:data1\" content=\"2 minutos\" \/>\n<script type=\"application\/ld+json\" class=\"yoast-schema-graph\">{\"@context\":\"https:\/\/schema.org\",\"@graph\":[{\"@type\":\"WebPage\",\"@id\":\"https:\/\/mom-design.com\/es\/produit\/plinthes-2\/\",\"url\":\"https:\/\/mom-design.com\/es\/produit\/plinthes-2\/\",\"name\":\"Plinthe murale en pvc blanche 2 m\u00e8tres Charles VII | MOM DESIGN\",\"isPartOf\":{\"@id\":\"https:\/\/mom-design.com\/es\/#website\"},\"primaryImageOfPage\":{\"@id\":\"https:\/\/mom-design.com\/es\/produit\/plinthes-2\/#primaryimage\"},\"image\":{\"@id\":\"https:\/\/mom-design.com\/es\/produit\/plinthes-2\/#primaryimage\"},\"thumbnailUrl\":\"https:\/\/mom-design.com\/wp-content\/uploads\/2024\/07\/plinthe-pvc-mom-design-M4.jpeg\",\"datePublished\":\"2024-07-23T19:19:16+00:00\",\"dateModified\":\"2026-01-31T09:38:51+00:00\",\"description\":\"D\u00e9couvrez notre plinthe murale en PVC blanche de 2 m, une solution pratique et \u00e9l\u00e9gante pour vos murs. Disponible \u00e0 petit prix et uniquement sur notre site MOM DESIGN, avec livraison et retours gratuits. Ne manquez pas l\u2019occasion de sublimer votre int\u00e9rieur.\",\"breadcrumb\":{\"@id\":\"https:\/\/mom-design.com\/es\/produit\/plinthes-2\/#breadcrumb\"},\"inLanguage\":\"es\",\"potentialAction\":[{\"@type\":\"ReadAction\",\"target\":[\"https:\/\/mom-design.com\/es\/produit\/plinthes-2\/\"]}]},{\"@type\":\"ImageObject\",\"inLanguage\":\"es\",\"@id\":\"https:\/\/mom-design.com\/es\/produit\/plinthes-2\/#primaryimage\",\"url\":\"https:\/\/mom-design.com\/wp-content\/uploads\/2024\/07\/plinthe-pvc-mom-design-M4.jpeg\",\"contentUrl\":\"https:\/\/mom-design.com\/wp-content\/uploads\/2024\/07\/plinthe-pvc-mom-design-M4.jpeg\",\"width\":718,\"height\":538,\"caption\":\"plinthe pvc mom design M5 blanche\"},{\"@type\":\"BreadcrumbList\",\"@id\":\"https:\/\/mom-design.com\/es\/produit\/plinthes-2\/#breadcrumb\",\"itemListElement\":[{\"@type\":\"ListItem\",\"position\":1,\"name\":\"D\u00e9coration murale d\u2019int\u00e9rieur\",\"item\":\"https:\/\/mom-design.com\/de\/\"},{\"@type\":\"ListItem\",\"position\":2,\"name\":\"Plinthe murale en pvc blanche 2 m\u00e8tres Charles VII\"}]},{\"@type\":\"WebSite\",\"@id\":\"https:\/\/mom-design.com\/es\/#website\",\"url\":\"https:\/\/mom-design.com\/es\/\",\"name\":\"MOM DESIGN\",\"description\":\"Sp\u00e9cialiste du design mural d&#039;int\u00e9rieur\",\"potentialAction\":[{\"@type\":\"SearchAction\",\"target\":{\"@type\":\"EntryPoint\",\"urlTemplate\":\"https:\/\/mom-design.com\/es\/?s={search_term_string}\"},\"query-input\":{\"@type\":\"PropertyValueSpecification\",\"valueRequired\":true,\"valueName\":\"search_term_string\"}}],\"inLanguage\":\"es\"}]}<\/script>\n<!-- \/ Yoast SEO plugin. -->","yoast_head_json":{"title":"Plinthe murale en pvc blanche 2 m\u00e8tres Charles VII | MOM DESIGN","description":"D\u00e9couvrez notre plinthe murale en PVC blanche de 2 m, une solution pratique et \u00e9l\u00e9gante pour vos murs. Disponible \u00e0 petit prix et uniquement sur notre site MOM DESIGN, avec livraison et retours gratuits. Ne manquez pas l\u2019occasion de sublimer votre int\u00e9rieur.","robots":{"index":"index","follow":"follow","max-snippet":"max-snippet:-1","max-image-preview":"max-image-preview:large","max-video-preview":"max-video-preview:-1"},"canonical":"https:\/\/mom-design.com\/es\/produit\/plinthes-2\/","og_locale":"es_ES","og_type":"article","og_title":"Plinthe murale en pvc blanche 2 m\u00e8tres Charles VII | MOM DESIGN","og_description":"D\u00e9couvrez notre plinthe murale en PVC blanche de 2 m, une solution pratique et \u00e9l\u00e9gante pour vos murs. Disponible \u00e0 petit prix et uniquement sur notre site MOM DESIGN, avec livraison et retours gratuits. Ne manquez pas l\u2019occasion de sublimer votre int\u00e9rieur.","og_url":"https:\/\/mom-design.com\/es\/produit\/plinthes-2\/","og_site_name":"MOM DESIGN","article_modified_time":"2026-01-31T09:38:51+00:00","og_image":[{"width":718,"height":538,"url":"https:\/\/mom-design.com\/wp-content\/uploads\/2024\/07\/plinthe-pvc-mom-design-M4.jpeg","type":"image\/jpeg"}],"twitter_card":"summary_large_image","twitter_misc":{"Tiempo de lectura":"2 minutos"},"schema":{"@context":"https:\/\/schema.org","@graph":[{"@type":"WebPage","@id":"https:\/\/mom-design.com\/es\/produit\/plinthes-2\/","url":"https:\/\/mom-design.com\/es\/produit\/plinthes-2\/","name":"Plinthe murale en pvc blanche 2 m\u00e8tres Charles VII | MOM DESIGN","isPartOf":{"@id":"https:\/\/mom-design.com\/es\/#website"},"primaryImageOfPage":{"@id":"https:\/\/mom-design.com\/es\/produit\/plinthes-2\/#primaryimage"},"image":{"@id":"https:\/\/mom-design.com\/es\/produit\/plinthes-2\/#primaryimage"},"thumbnailUrl":"https:\/\/mom-design.com\/wp-content\/uploads\/2024\/07\/plinthe-pvc-mom-design-M4.jpeg","datePublished":"2024-07-23T19:19:16+00:00","dateModified":"2026-01-31T09:38:51+00:00","description":"D\u00e9couvrez notre plinthe murale en PVC blanche de 2 m, une solution pratique et \u00e9l\u00e9gante pour vos murs. Disponible \u00e0 petit prix et uniquement sur notre site MOM DESIGN, avec livraison et retours gratuits. Ne manquez pas l\u2019occasion de sublimer votre int\u00e9rieur.","breadcrumb":{"@id":"https:\/\/mom-design.com\/es\/produit\/plinthes-2\/#breadcrumb"},"inLanguage":"es","potentialAction":[{"@type":"ReadAction","target":["https:\/\/mom-design.com\/es\/produit\/plinthes-2\/"]}]},{"@type":"ImageObject","inLanguage":"es","@id":"https:\/\/mom-design.com\/es\/produit\/plinthes-2\/#primaryimage","url":"https:\/\/mom-design.com\/wp-content\/uploads\/2024\/07\/plinthe-pvc-mom-design-M4.jpeg","contentUrl":"https:\/\/mom-design.com\/wp-content\/uploads\/2024\/07\/plinthe-pvc-mom-design-M4.jpeg","width":718,"height":538,"caption":"plinthe pvc mom design M5 blanche"},{"@type":"BreadcrumbList","@id":"https:\/\/mom-design.com\/es\/produit\/plinthes-2\/#breadcrumb","itemListElement":[{"@type":"ListItem","position":1,"name":"D\u00e9coration murale d\u2019int\u00e9rieur","item":"https:\/\/mom-design.com\/de\/"},{"@type":"ListItem","position":2,"name":"Plinthe murale en pvc blanche 2 m\u00e8tres Charles VII"}]},{"@type":"WebSite","@id":"https:\/\/mom-design.com\/es\/#website","url":"https:\/\/mom-design.com\/es\/","name":"LA MAM\u00c1 DE DISE\u00d1O","description":"Sp\u00e9cialiste du design mural d'int\u00e9rieur","potentialAction":[{"@type":"SearchAction","target":{"@type":"EntryPoint","urlTemplate":"https:\/\/mom-design.com\/es\/?s={search_term_string}"},"query-input":{"@type":"PropertyValueSpecification","valueRequired":true,"valueName":"search_term_string"}}],"inLanguage":"es"}]}},"_links":{"self":[{"href":"https:\/\/mom-design.com\/es\/wp-json\/wp\/v2\/product\/6704","targetHints":{"allow":["GET"]}}],"collection":[{"href":"https:\/\/mom-design.com\/es\/wp-json\/wp\/v2\/product"}],"about":[{"href":"https:\/\/mom-design.com\/es\/wp-json\/wp\/v2\/types\/product"}],"replies":[{"embeddable":true,"href":"https:\/\/mom-design.com\/es\/wp-json\/wp\/v2\/comments?post=6704"}],"wp:featuredmedia":[{"embeddable":true,"href":"https:\/\/mom-design.com\/es\/wp-json\/wp\/v2\/media\/7253"}],"wp:attachment":[{"href":"https:\/\/mom-design.com\/es\/wp-json\/wp\/v2\/media?parent=6704"}],"wp:term":[{"taxonomy":"product_brand","embeddable":true,"href":"https:\/\/mom-design.com\/es\/wp-json\/wp\/v2\/product_brand?post=6704"},{"taxonomy":"product_cat","embeddable":true,"href":"https:\/\/mom-design.com\/es\/wp-json\/wp\/v2\/product_cat?post=6704"},{"taxonomy":"product_tag","embeddable":true,"href":"https:\/\/mom-design.com\/es\/wp-json\/wp\/v2\/product_tag?post=6704"}],"curies":[{"name":"wp","href":"https:\/\/api.w.org\/{rel}","templated":true}]}}