{"id":6705,"date":"2024-07-23T21:19:41","date_gmt":"2024-07-23T19:19:41","guid":{"rendered":"https:\/\/mom-design.com\/?post_type=product&#038;p=6705"},"modified":"2026-01-13T20:59:42","modified_gmt":"2026-01-13T19:59:42","slug":"plinthe-murale-en-pvc-blanche-2-m-2","status":"publish","type":"product","link":"https:\/\/mom-design.com\/es\/produit\/plinthes-3\/","title":{"rendered":"Plinthe murale en pvc blanche 2 m\u00e8tres Charles VI"},"content":{"rendered":"<h4>\u00a0 \u00a0 \u00a0 \u00a0 \u00a0 \u00a0 \u00a0 \u00a0 <span style=\"text-decoration: underline;\">Caracter\u00edsticas del producto<br \/>\n<\/span><\/h4>\n<p>&#8211; <span style=\"text-decoration: underline;\">Color<\/span> : blanco<br \/>\n&#8211; <span style=\"text-decoration: underline;\">Longitud<\/span> : 2 metros \u2013 Cobertura suficiente para largas paredes o varias aplicaciones.<br \/>\n&#8211; <span style=\"text-decoration: underline;\">Altura<\/span> : 8 cm \u2013 Equilibrio perfecto entre la est\u00e9tica y la funcionalidad.<br \/>\n&#8211; <span style=\"text-decoration: underline;\">Material<\/span> : PVC durable y resistente a la humedad, ideal para diferentes entornos.<br \/>\n&#8211; <span style=\"text-decoration: underline;\">Personalizable<\/span> : La superficie lisa <strong>puede ser pintado<\/strong>usted puede ajustar el adaptador a su paleta de colores personal.<\/p>\n<h4>\u00a0 \u00a0 \u00a0 \u00a0 \u00a0 \u00a0 \u00a0 \u00a0 <span style=\"text-decoration: underline;\">Acabado Elegante y Vers\u00e1til<\/span><\/h4>\n<p>El <a href=\"https:\/\/mom-design.com\/es\/producto\/plinthes-6\/\">z\u00f3calo<\/a> La pared blanca de PVC de 2 metros, que est\u00e1 disponible en <strong>LA MAM\u00c1 DE DISE\u00d1O<\/strong>la elecci\u00f3n perfecta para un toque final de elegancia en cualquier habitaci\u00f3n. Desde una altura de 8 cm, y el cuarto no es s\u00f3lo <strong>una neto final, sino tambi\u00e9n un <a href=\"https:\/\/mom-design.com\/es\/producto\/plinthes-4\/\">protecci\u00f3n duradera para tus paredes<\/a>.<\/strong> Sus colores, blanco neutro f\u00e1cilmente se adapta a todos los estilos de decoraci\u00f3n, con un toque de modernidad.<\/p>\n<h4>\u00a0 \u00a0 \u00a0 \u00a0 \u00a0 \u00a0 \u00a0 \u00a0 <span style=\"text-decoration: underline;\">F\u00e1cil de instalar y de entretenimiento m\u00ednimo<\/span><\/h4>\n<p>Nuestra base de PVC est\u00e1 dise\u00f1ada para una f\u00e1cil instalaci\u00f3n. Usted puede utilizar un adhesivo adecuado o clips para fijarlo a la pared. Es f\u00e1cil para simplificar el manejo y la instalaci\u00f3n, en particular para los no profesionales. En t\u00e9rminos de entretenimiento, <strong>Un simple corte de gasa h\u00fameda suficiente para mantener su aspecto limpio y brillante.<\/strong><\/p>\n<h4>\u00a0 \u00a0 \u00a0 \u00a0 \u00a0 \u00a0 \u00a0 \u00a0 <span style=\"text-decoration: underline;\">\u00bfPor qu\u00e9 Elegir la MAM\u00c1 de DISE\u00d1O ?<\/span><\/h4>\n<p><strong>La MAM\u00c1 de DISE\u00d1O<\/strong>estamos comprometidos para ofrecer productos de alta calidad a precios competitivos. El soporte de pared en PVC blanco, es una demostraci\u00f3n de nuestros datos, detallada y en nuestro deseo de dar <strong>soluciones <a href=\"https:\/\/mom-design.com\/es\/producto\/cimaises-2\/\">la decoraci\u00f3n de un elegante y pr\u00e1ctico<\/a><\/strong>. Agregar esta base a su casa, sin preocuparse. Disponible a un precio asequible s\u00f3lo en nuestro sitio web, esta base es la opci\u00f3n para embellecer su espacio en l\u00ednea con su presupuesto.<\/p>\n<p><strong><a href=\"https:\/\/mom-design.com\/es\/revetement-mural\/\">Transformar tu interior<\/a> con el z\u00f3calo de la pared del PVC de la madre blanca de DISE\u00d1O y averiguar c\u00f3mo un solo detalle puede hacer la diferencia.<\/strong><\/p>","protected":false},"excerpt":{"rendered":"<p><strong>El <a href=\"https:\/\/mom-design.com\/es\/plinthes\/\">rodapi\u00e9 de la pared de PVC blanco<\/a> 2 metros<\/strong>con una altura de 8 cm est\u00e1 dise\u00f1ado para ofrecer un pr\u00e1ctico y elegante acabado a las paredes. Hecho de resistente PVC, este calentador de z\u00f3calo es ideal para a\u00f1adir un toque de sofisticaci\u00f3n a su interior y proporcionar una protecci\u00f3n eficaz contra las fugas. Adem\u00e1s, puede ser utilizado como un armonizador para su decoraci\u00f3n personal.<\/p>","protected":false},"featured_media":7257,"comment_status":"open","ping_status":"closed","template":"","meta":{"_acf_changed":false},"product_brand":[],"product_cat":[53],"product_tag":[],"class_list":{"0":"post-6705","1":"product","2":"type-product","3":"status-publish","4":"has-post-thumbnail","6":"product_cat-plinthes","7":"product_shipping_class-livraison-gls","9":"first","10":"instock","11":"taxable","12":"shipping-taxable","13":"purchasable","14":"product-type-simple","15":"add-to-wishlist-after_add_to_cart"},"acf":[],"yoast_head":"<!-- This site is optimized with the Yoast SEO plugin v27.0 - https:\/\/yoast.com\/product\/yoast-seo-wordpress\/ -->\n<title>Plinthe murale en pvc blanche 2 m\u00e8tres Charles VI | MOM DESIGN<\/title>\n<meta name=\"description\" content=\"Optez pour notre plinthe murale en PVC blanche de 2 m, hauteur 10 cm, id\u00e9ale pour un int\u00e9rieur moderne et \u00e9l\u00e9gant. Disponible \u00e0 petit prix et uniquement sur notre site MOM DESIGN, avec livraison et retours gratuits.\" \/>\n<meta name=\"robots\" content=\"index, follow, max-snippet:-1, max-image-preview:large, max-video-preview:-1\" \/>\n<link rel=\"canonical\" href=\"https:\/\/mom-design.com\/es\/produit\/plinthes-3\/\" \/>\n<meta property=\"og:locale\" content=\"es_ES\" \/>\n<meta property=\"og:type\" content=\"article\" \/>\n<meta property=\"og:title\" content=\"Plinthe murale en pvc blanche 2 m\u00e8tres Charles VI | MOM DESIGN\" \/>\n<meta property=\"og:description\" content=\"Optez pour notre plinthe murale en PVC blanche de 2 m, hauteur 10 cm, id\u00e9ale pour un int\u00e9rieur moderne et \u00e9l\u00e9gant. Disponible \u00e0 petit prix et uniquement sur notre site MOM DESIGN, avec livraison et retours gratuits.\" \/>\n<meta property=\"og:url\" content=\"https:\/\/mom-design.com\/es\/produit\/plinthes-3\/\" \/>\n<meta property=\"og:site_name\" content=\"MOM DESIGN\" \/>\n<meta property=\"article:modified_time\" content=\"2026-01-13T19:59:42+00:00\" \/>\n<meta property=\"og:image\" content=\"https:\/\/mom-design.com\/wp-content\/uploads\/2024\/07\/plinthe-pvc-mom-design.jpeg\" \/>\n\t<meta property=\"og:image:width\" content=\"718\" \/>\n\t<meta property=\"og:image:height\" content=\"538\" \/>\n\t<meta property=\"og:image:type\" content=\"image\/jpeg\" \/>\n<meta name=\"twitter:card\" content=\"summary_large_image\" \/>\n<meta name=\"twitter:label1\" content=\"Tiempo de lectura\" \/>\n\t<meta name=\"twitter:data1\" content=\"2 minutos\" \/>\n<script type=\"application\/ld+json\" class=\"yoast-schema-graph\">{\"@context\":\"https:\/\/schema.org\",\"@graph\":[{\"@type\":\"WebPage\",\"@id\":\"https:\/\/mom-design.com\/es\/produit\/plinthes-3\/\",\"url\":\"https:\/\/mom-design.com\/es\/produit\/plinthes-3\/\",\"name\":\"Plinthe murale en pvc blanche 2 m\u00e8tres Charles VI | MOM DESIGN\",\"isPartOf\":{\"@id\":\"https:\/\/mom-design.com\/es\/#website\"},\"primaryImageOfPage\":{\"@id\":\"https:\/\/mom-design.com\/es\/produit\/plinthes-3\/#primaryimage\"},\"image\":{\"@id\":\"https:\/\/mom-design.com\/es\/produit\/plinthes-3\/#primaryimage\"},\"thumbnailUrl\":\"https:\/\/mom-design.com\/wp-content\/uploads\/2024\/07\/plinthe-pvc-mom-design.jpeg\",\"datePublished\":\"2024-07-23T19:19:41+00:00\",\"dateModified\":\"2026-01-13T19:59:42+00:00\",\"description\":\"Optez pour notre plinthe murale en PVC blanche de 2 m, hauteur 10 cm, id\u00e9ale pour un int\u00e9rieur moderne et \u00e9l\u00e9gant. Disponible \u00e0 petit prix et uniquement sur notre site MOM DESIGN, avec livraison et retours gratuits.\",\"breadcrumb\":{\"@id\":\"https:\/\/mom-design.com\/es\/produit\/plinthes-3\/#breadcrumb\"},\"inLanguage\":\"es\",\"potentialAction\":[{\"@type\":\"ReadAction\",\"target\":[\"https:\/\/mom-design.com\/es\/produit\/plinthes-3\/\"]}]},{\"@type\":\"ImageObject\",\"inLanguage\":\"es\",\"@id\":\"https:\/\/mom-design.com\/es\/produit\/plinthes-3\/#primaryimage\",\"url\":\"https:\/\/mom-design.com\/wp-content\/uploads\/2024\/07\/plinthe-pvc-mom-design.jpeg\",\"contentUrl\":\"https:\/\/mom-design.com\/wp-content\/uploads\/2024\/07\/plinthe-pvc-mom-design.jpeg\",\"width\":718,\"height\":538,\"caption\":\"plinthe pvc mom design blanche\"},{\"@type\":\"BreadcrumbList\",\"@id\":\"https:\/\/mom-design.com\/es\/produit\/plinthes-3\/#breadcrumb\",\"itemListElement\":[{\"@type\":\"ListItem\",\"position\":1,\"name\":\"D\u00e9coration murale d\u2019int\u00e9rieur\",\"item\":\"https:\/\/mom-design.com\/de\/\"},{\"@type\":\"ListItem\",\"position\":2,\"name\":\"Plinthe murale en pvc blanche 2 m\u00e8tres Charles VI\"}]},{\"@type\":\"WebSite\",\"@id\":\"https:\/\/mom-design.com\/es\/#website\",\"url\":\"https:\/\/mom-design.com\/es\/\",\"name\":\"MOM DESIGN\",\"description\":\"Sp\u00e9cialiste du design mural d&#039;int\u00e9rieur\",\"potentialAction\":[{\"@type\":\"SearchAction\",\"target\":{\"@type\":\"EntryPoint\",\"urlTemplate\":\"https:\/\/mom-design.com\/es\/?s={search_term_string}\"},\"query-input\":{\"@type\":\"PropertyValueSpecification\",\"valueRequired\":true,\"valueName\":\"search_term_string\"}}],\"inLanguage\":\"es\"}]}<\/script>\n<!-- \/ Yoast SEO plugin. -->","yoast_head_json":{"title":"Plinthe murale en pvc blanche 2 m\u00e8tres Charles VI | MOM DESIGN","description":"Optez pour notre plinthe murale en PVC blanche de 2 m, hauteur 10 cm, id\u00e9ale pour un int\u00e9rieur moderne et \u00e9l\u00e9gant. Disponible \u00e0 petit prix et uniquement sur notre site MOM DESIGN, avec livraison et retours gratuits.","robots":{"index":"index","follow":"follow","max-snippet":"max-snippet:-1","max-image-preview":"max-image-preview:large","max-video-preview":"max-video-preview:-1"},"canonical":"https:\/\/mom-design.com\/es\/produit\/plinthes-3\/","og_locale":"es_ES","og_type":"article","og_title":"Plinthe murale en pvc blanche 2 m\u00e8tres Charles VI | MOM DESIGN","og_description":"Optez pour notre plinthe murale en PVC blanche de 2 m, hauteur 10 cm, id\u00e9ale pour un int\u00e9rieur moderne et \u00e9l\u00e9gant. Disponible \u00e0 petit prix et uniquement sur notre site MOM DESIGN, avec livraison et retours gratuits.","og_url":"https:\/\/mom-design.com\/es\/produit\/plinthes-3\/","og_site_name":"MOM DESIGN","article_modified_time":"2026-01-13T19:59:42+00:00","og_image":[{"width":718,"height":538,"url":"https:\/\/mom-design.com\/wp-content\/uploads\/2024\/07\/plinthe-pvc-mom-design.jpeg","type":"image\/jpeg"}],"twitter_card":"summary_large_image","twitter_misc":{"Tiempo de lectura":"2 minutos"},"schema":{"@context":"https:\/\/schema.org","@graph":[{"@type":"WebPage","@id":"https:\/\/mom-design.com\/es\/produit\/plinthes-3\/","url":"https:\/\/mom-design.com\/es\/produit\/plinthes-3\/","name":"Plinthe murale en pvc blanche 2 m\u00e8tres Charles VI | MOM DESIGN","isPartOf":{"@id":"https:\/\/mom-design.com\/es\/#website"},"primaryImageOfPage":{"@id":"https:\/\/mom-design.com\/es\/produit\/plinthes-3\/#primaryimage"},"image":{"@id":"https:\/\/mom-design.com\/es\/produit\/plinthes-3\/#primaryimage"},"thumbnailUrl":"https:\/\/mom-design.com\/wp-content\/uploads\/2024\/07\/plinthe-pvc-mom-design.jpeg","datePublished":"2024-07-23T19:19:41+00:00","dateModified":"2026-01-13T19:59:42+00:00","description":"Optez pour notre plinthe murale en PVC blanche de 2 m, hauteur 10 cm, id\u00e9ale pour un int\u00e9rieur moderne et \u00e9l\u00e9gant. Disponible \u00e0 petit prix et uniquement sur notre site MOM DESIGN, avec livraison et retours gratuits.","breadcrumb":{"@id":"https:\/\/mom-design.com\/es\/produit\/plinthes-3\/#breadcrumb"},"inLanguage":"es","potentialAction":[{"@type":"ReadAction","target":["https:\/\/mom-design.com\/es\/produit\/plinthes-3\/"]}]},{"@type":"ImageObject","inLanguage":"es","@id":"https:\/\/mom-design.com\/es\/produit\/plinthes-3\/#primaryimage","url":"https:\/\/mom-design.com\/wp-content\/uploads\/2024\/07\/plinthe-pvc-mom-design.jpeg","contentUrl":"https:\/\/mom-design.com\/wp-content\/uploads\/2024\/07\/plinthe-pvc-mom-design.jpeg","width":718,"height":538,"caption":"plinthe pvc mom design blanche"},{"@type":"BreadcrumbList","@id":"https:\/\/mom-design.com\/es\/produit\/plinthes-3\/#breadcrumb","itemListElement":[{"@type":"ListItem","position":1,"name":"D\u00e9coration murale d\u2019int\u00e9rieur","item":"https:\/\/mom-design.com\/de\/"},{"@type":"ListItem","position":2,"name":"Plinthe murale en pvc blanche 2 m\u00e8tres Charles VI"}]},{"@type":"WebSite","@id":"https:\/\/mom-design.com\/es\/#website","url":"https:\/\/mom-design.com\/es\/","name":"LA MAM\u00c1 DE DISE\u00d1O","description":"Sp\u00e9cialiste du design mural d'int\u00e9rieur","potentialAction":[{"@type":"SearchAction","target":{"@type":"EntryPoint","urlTemplate":"https:\/\/mom-design.com\/es\/?s={search_term_string}"},"query-input":{"@type":"PropertyValueSpecification","valueRequired":true,"valueName":"search_term_string"}}],"inLanguage":"es"}]}},"_links":{"self":[{"href":"https:\/\/mom-design.com\/es\/wp-json\/wp\/v2\/product\/6705","targetHints":{"allow":["GET"]}}],"collection":[{"href":"https:\/\/mom-design.com\/es\/wp-json\/wp\/v2\/product"}],"about":[{"href":"https:\/\/mom-design.com\/es\/wp-json\/wp\/v2\/types\/product"}],"replies":[{"embeddable":true,"href":"https:\/\/mom-design.com\/es\/wp-json\/wp\/v2\/comments?post=6705"}],"wp:featuredmedia":[{"embeddable":true,"href":"https:\/\/mom-design.com\/es\/wp-json\/wp\/v2\/media\/7257"}],"wp:attachment":[{"href":"https:\/\/mom-design.com\/es\/wp-json\/wp\/v2\/media?parent=6705"}],"wp:term":[{"taxonomy":"product_brand","embeddable":true,"href":"https:\/\/mom-design.com\/es\/wp-json\/wp\/v2\/product_brand?post=6705"},{"taxonomy":"product_cat","embeddable":true,"href":"https:\/\/mom-design.com\/es\/wp-json\/wp\/v2\/product_cat?post=6705"},{"taxonomy":"product_tag","embeddable":true,"href":"https:\/\/mom-design.com\/es\/wp-json\/wp\/v2\/product_tag?post=6705"}],"curies":[{"name":"wp","href":"https:\/\/api.w.org\/{rel}","templated":true}]}}