{"id":6708,"date":"2024-07-23T21:21:00","date_gmt":"2024-07-23T19:21:00","guid":{"rendered":"https:\/\/mom-design.com\/?post_type=product&#038;p=6708"},"modified":"2025-10-25T20:53:30","modified_gmt":"2025-10-25T18:53:30","slug":"plinthe-murale-en-pvc-blanche-2-m-5","status":"publish","type":"product","link":"https:\/\/mom-design.com\/es\/produit\/plinthes-6\/","title":{"rendered":"Plinthe murale en pvc blanche 2 m\u00e8tres Charles III"},"content":{"rendered":"<h4>\u00a0 \u00a0 \u00a0 \u00a0 \u00a0 \u00a0 \u00a0 \u00a0 \u00a0 \u00a0 \u00a0 <span style=\"text-decoration: underline;\">Caracter\u00edsticas del producto<\/span><\/h4>\n<p>&#8211;\u00a0 <span style=\"text-decoration: underline;\">Color<\/span> : blanco<br \/>\n&#8211; <span style=\"text-decoration: underline;\">Longitud <\/span>: 2 m<br \/>\n&#8211; <span style=\"text-decoration: underline;\">Altura<\/span> 8 cm, ideal para la pr\u00e1ctica de las esquinas de las habitaciones.<br \/>\n&#8211; <span style=\"text-decoration: underline;\">Material<\/span> : PVC, resistente y ligero<br \/>\n&#8211; <span style=\"text-decoration: underline;\">Personalizaci\u00f3n<\/span>: la superficie de la tabla de base puede ser pintado para adaptarse a todos tus deseos decorativos.<\/p>\n<h4>\u00a0 \u00a0 \u00a0 \u00a0 \u00a0 \u00a0 \u00a0 \u00a0 \u00a0 \u00a0 \u00a0 <span style=\"text-decoration: underline;\">Un Pr\u00e1ctico y Elegante Acabado<\/span><\/h4>\n<p>El z\u00f3calo mural de PVC blanco de 2 metros de MAM\u00c1 DISE\u00d1O est\u00e1 dise\u00f1ado <strong>para proporcionar un acabado elegante a tus paredes<\/strong> mientras garantizar <strong>la protecci\u00f3n efectiva<\/strong>. Con una altura de 8 cm, se <strong><a href=\"https:\/\/mom-design.com\/es\/producto\/plinthes-4\/\">cubre la uni\u00f3n entre la pared y el piso<\/a> de manera desproporcionada<\/strong>.<\/p>\n<h4>\u00a0 \u00a0 \u00a0 \u00a0 \u00a0 \u00a0 \u00a0 \u00a0 \u00a0 \u00a0 \u00a0<span style=\"text-decoration: underline;\">F\u00e1cil de instalar y de entretenimiento m\u00ednimo<\/span><\/h4>\n<p>La instalaci\u00f3n del z\u00f3calo de la pared <strong>r\u00e1pido y sencillo<\/strong> gracias a su ligereza. Puedes solucionarlo con la ayuda de adhesivo o clips de instalaci\u00f3n sin esfuerzo.<br \/>\nEn t\u00e9rminos de mantenimiento, <strong>un simple limpie con un pa\u00f1o h\u00famedo es suficiente<\/strong> para mantener el aspecto limpio y afilado. Este producto es ideal para su uso en entornos de alto tr\u00e1fico.<\/p>\n<h4>\u00a0 \u00a0 \u00a0 \u00a0 \u00a0 \u00a0 \u00a0 \u00a0 \u00a0 \u00a0 \u00a0<span style=\"text-decoration: underline;\"><strong>\u00bfPor qu\u00e9 Elegir la MAM\u00c1 de DISE\u00d1O ?<\/strong><\/span><\/h4>\n<p><strong>La MAM\u00c1 de DISE\u00d1O<\/strong>estamos comprometidos a ofrecer productos de calidad a precios asequibles. <strong>El <a href=\"https:\/\/mom-design.com\/es\/producto\/plinthes-3\/\">rodapi\u00e9 de la pared de PVC blanco<\/a> est\u00e1 disponible exclusivamente en nuestro sitio<\/strong>, lo que le permite disfrutar de una oferta especial en el precio m\u00e1s bajo. Adem\u00e1s, le ofrecemos la entrega y devoluciones gratuitas para una experiencia de compra agradable y libre de problemas.<\/p>\n<p><strong>Optimizar <a href=\"https:\/\/mom-design.com\/es\/producto\/plinthes-6\/\">la decoraci\u00f3n de sus espacios<\/a> con el z\u00f3calo de la pared del PVC de la madre blanca de DISE\u00d1O.\u00a0<\/strong><\/p>","protected":false},"excerpt":{"rendered":"<p><strong>El <a href=\"https:\/\/mom-design.com\/es\/plinthes\/\">z\u00f3calo<\/a> la pared de PVC blanco de 2 metros<\/strong> es la soluci\u00f3n ideal para a\u00f1adir un toque elegante a tu espacio. Con una altura de 8 cm, el z\u00f3calo proporciona un acabado limpio, mientras que la protecci\u00f3n de sus paredes. Hecho de PVC, que es duradero y f\u00e1cil de mantener. Adem\u00e1s, puede ser pintada para que se ajuste perfectamente a tu decoraci\u00f3n.<\/p>","protected":false},"featured_media":7252,"comment_status":"open","ping_status":"closed","template":"","meta":{"_acf_changed":false},"product_brand":[],"product_cat":[53],"product_tag":[],"class_list":{"0":"post-6708","1":"product","2":"type-product","3":"status-publish","4":"has-post-thumbnail","6":"product_cat-plinthes","8":"first","9":"instock","10":"taxable","11":"shipping-taxable","12":"purchasable","13":"product-type-simple","14":"add-to-wishlist-after_add_to_cart"},"acf":[],"yoast_head":"<!-- This site is optimized with the Yoast SEO plugin v27.0 - https:\/\/yoast.com\/product\/yoast-seo-wordpress\/ -->\n<title>Plinthe murale en pvc blanche 2 m\u00e8tres Charles III | MOM DESIGN<\/title>\n<meta name=\"description\" content=\"D\u00e9couvrez notre plinthe murale en PVC blanche de 2 m, Disponible uniquement sur notre site MOM DESIGN, avec livraison et retours gratuits. Ne manquez pas cette opportunit\u00e9 pour am\u00e9liorer votre int\u00e9rieur !\" \/>\n<meta name=\"robots\" content=\"index, follow, max-snippet:-1, max-image-preview:large, max-video-preview:-1\" \/>\n<link rel=\"canonical\" href=\"https:\/\/mom-design.com\/es\/produit\/plinthes-6\/\" \/>\n<meta property=\"og:locale\" content=\"es_ES\" \/>\n<meta property=\"og:type\" content=\"article\" \/>\n<meta property=\"og:title\" content=\"Plinthe murale en pvc blanche 2 m\u00e8tres Charles III | MOM DESIGN\" \/>\n<meta property=\"og:description\" content=\"D\u00e9couvrez notre plinthe murale en PVC blanche de 2 m, Disponible uniquement sur notre site MOM DESIGN, avec livraison et retours gratuits. Ne manquez pas cette opportunit\u00e9 pour am\u00e9liorer votre int\u00e9rieur !\" \/>\n<meta property=\"og:url\" content=\"https:\/\/mom-design.com\/es\/produit\/plinthes-6\/\" \/>\n<meta property=\"og:site_name\" content=\"MOM DESIGN\" \/>\n<meta property=\"article:modified_time\" content=\"2025-10-25T18:53:30+00:00\" \/>\n<meta property=\"og:image\" content=\"https:\/\/mom-design.com\/wp-content\/uploads\/2024\/07\/plinthe-pvc-mom-design-M1.jpeg\" \/>\n\t<meta property=\"og:image:width\" content=\"718\" \/>\n\t<meta property=\"og:image:height\" content=\"538\" \/>\n\t<meta property=\"og:image:type\" content=\"image\/jpeg\" \/>\n<meta name=\"twitter:card\" content=\"summary_large_image\" \/>\n<meta name=\"twitter:label1\" content=\"Tiempo de lectura\" \/>\n\t<meta name=\"twitter:data1\" content=\"2 minutos\" \/>\n<script type=\"application\/ld+json\" class=\"yoast-schema-graph\">{\"@context\":\"https:\/\/schema.org\",\"@graph\":[{\"@type\":\"WebPage\",\"@id\":\"https:\/\/mom-design.com\/es\/produit\/plinthes-6\/\",\"url\":\"https:\/\/mom-design.com\/es\/produit\/plinthes-6\/\",\"name\":\"Plinthe murale en pvc blanche 2 m\u00e8tres Charles III | MOM DESIGN\",\"isPartOf\":{\"@id\":\"https:\/\/mom-design.com\/es\/#website\"},\"primaryImageOfPage\":{\"@id\":\"https:\/\/mom-design.com\/es\/produit\/plinthes-6\/#primaryimage\"},\"image\":{\"@id\":\"https:\/\/mom-design.com\/es\/produit\/plinthes-6\/#primaryimage\"},\"thumbnailUrl\":\"https:\/\/mom-design.com\/wp-content\/uploads\/2024\/07\/plinthe-pvc-mom-design-M1.jpeg\",\"datePublished\":\"2024-07-23T19:21:00+00:00\",\"dateModified\":\"2025-10-25T18:53:30+00:00\",\"description\":\"D\u00e9couvrez notre plinthe murale en PVC blanche de 2 m, Disponible uniquement sur notre site MOM DESIGN, avec livraison et retours gratuits. Ne manquez pas cette opportunit\u00e9 pour am\u00e9liorer votre int\u00e9rieur !\",\"breadcrumb\":{\"@id\":\"https:\/\/mom-design.com\/es\/produit\/plinthes-6\/#breadcrumb\"},\"inLanguage\":\"es\",\"potentialAction\":[{\"@type\":\"ReadAction\",\"target\":[\"https:\/\/mom-design.com\/es\/produit\/plinthes-6\/\"]}]},{\"@type\":\"ImageObject\",\"inLanguage\":\"es\",\"@id\":\"https:\/\/mom-design.com\/es\/produit\/plinthes-6\/#primaryimage\",\"url\":\"https:\/\/mom-design.com\/wp-content\/uploads\/2024\/07\/plinthe-pvc-mom-design-M1.jpeg\",\"contentUrl\":\"https:\/\/mom-design.com\/wp-content\/uploads\/2024\/07\/plinthe-pvc-mom-design-M1.jpeg\",\"width\":718,\"height\":538,\"caption\":\"plinthe pvc mom design M1 blanche\"},{\"@type\":\"BreadcrumbList\",\"@id\":\"https:\/\/mom-design.com\/es\/produit\/plinthes-6\/#breadcrumb\",\"itemListElement\":[{\"@type\":\"ListItem\",\"position\":1,\"name\":\"D\u00e9coration murale d\u2019int\u00e9rieur\",\"item\":\"https:\/\/mom-design.com\/de\/\"},{\"@type\":\"ListItem\",\"position\":2,\"name\":\"Plinthe murale en pvc blanche 2 m\u00e8tres Charles III\"}]},{\"@type\":\"WebSite\",\"@id\":\"https:\/\/mom-design.com\/es\/#website\",\"url\":\"https:\/\/mom-design.com\/es\/\",\"name\":\"MOM DESIGN\",\"description\":\"Sp\u00e9cialiste du design mural d&#039;int\u00e9rieur\",\"potentialAction\":[{\"@type\":\"SearchAction\",\"target\":{\"@type\":\"EntryPoint\",\"urlTemplate\":\"https:\/\/mom-design.com\/es\/?s={search_term_string}\"},\"query-input\":{\"@type\":\"PropertyValueSpecification\",\"valueRequired\":true,\"valueName\":\"search_term_string\"}}],\"inLanguage\":\"es\"}]}<\/script>\n<!-- \/ Yoast SEO plugin. -->","yoast_head_json":{"title":"Plinthe murale en pvc blanche 2 m\u00e8tres Charles III | MOM DESIGN","description":"D\u00e9couvrez notre plinthe murale en PVC blanche de 2 m, Disponible uniquement sur notre site MOM DESIGN, avec livraison et retours gratuits. Ne manquez pas cette opportunit\u00e9 pour am\u00e9liorer votre int\u00e9rieur !","robots":{"index":"index","follow":"follow","max-snippet":"max-snippet:-1","max-image-preview":"max-image-preview:large","max-video-preview":"max-video-preview:-1"},"canonical":"https:\/\/mom-design.com\/es\/produit\/plinthes-6\/","og_locale":"es_ES","og_type":"article","og_title":"Plinthe murale en pvc blanche 2 m\u00e8tres Charles III | MOM DESIGN","og_description":"D\u00e9couvrez notre plinthe murale en PVC blanche de 2 m, Disponible uniquement sur notre site MOM DESIGN, avec livraison et retours gratuits. Ne manquez pas cette opportunit\u00e9 pour am\u00e9liorer votre int\u00e9rieur !","og_url":"https:\/\/mom-design.com\/es\/produit\/plinthes-6\/","og_site_name":"MOM DESIGN","article_modified_time":"2025-10-25T18:53:30+00:00","og_image":[{"width":718,"height":538,"url":"https:\/\/mom-design.com\/wp-content\/uploads\/2024\/07\/plinthe-pvc-mom-design-M1.jpeg","type":"image\/jpeg"}],"twitter_card":"summary_large_image","twitter_misc":{"Tiempo de lectura":"2 minutos"},"schema":{"@context":"https:\/\/schema.org","@graph":[{"@type":"WebPage","@id":"https:\/\/mom-design.com\/es\/produit\/plinthes-6\/","url":"https:\/\/mom-design.com\/es\/produit\/plinthes-6\/","name":"Plinthe murale en pvc blanche 2 m\u00e8tres Charles III | MOM DESIGN","isPartOf":{"@id":"https:\/\/mom-design.com\/es\/#website"},"primaryImageOfPage":{"@id":"https:\/\/mom-design.com\/es\/produit\/plinthes-6\/#primaryimage"},"image":{"@id":"https:\/\/mom-design.com\/es\/produit\/plinthes-6\/#primaryimage"},"thumbnailUrl":"https:\/\/mom-design.com\/wp-content\/uploads\/2024\/07\/plinthe-pvc-mom-design-M1.jpeg","datePublished":"2024-07-23T19:21:00+00:00","dateModified":"2025-10-25T18:53:30+00:00","description":"D\u00e9couvrez notre plinthe murale en PVC blanche de 2 m, Disponible uniquement sur notre site MOM DESIGN, avec livraison et retours gratuits. Ne manquez pas cette opportunit\u00e9 pour am\u00e9liorer votre int\u00e9rieur !","breadcrumb":{"@id":"https:\/\/mom-design.com\/es\/produit\/plinthes-6\/#breadcrumb"},"inLanguage":"es","potentialAction":[{"@type":"ReadAction","target":["https:\/\/mom-design.com\/es\/produit\/plinthes-6\/"]}]},{"@type":"ImageObject","inLanguage":"es","@id":"https:\/\/mom-design.com\/es\/produit\/plinthes-6\/#primaryimage","url":"https:\/\/mom-design.com\/wp-content\/uploads\/2024\/07\/plinthe-pvc-mom-design-M1.jpeg","contentUrl":"https:\/\/mom-design.com\/wp-content\/uploads\/2024\/07\/plinthe-pvc-mom-design-M1.jpeg","width":718,"height":538,"caption":"plinthe pvc mom design M1 blanche"},{"@type":"BreadcrumbList","@id":"https:\/\/mom-design.com\/es\/produit\/plinthes-6\/#breadcrumb","itemListElement":[{"@type":"ListItem","position":1,"name":"D\u00e9coration murale d\u2019int\u00e9rieur","item":"https:\/\/mom-design.com\/de\/"},{"@type":"ListItem","position":2,"name":"Plinthe murale en pvc blanche 2 m\u00e8tres Charles III"}]},{"@type":"WebSite","@id":"https:\/\/mom-design.com\/es\/#website","url":"https:\/\/mom-design.com\/es\/","name":"LA MAM\u00c1 DE DISE\u00d1O","description":"Sp\u00e9cialiste du design mural d'int\u00e9rieur","potentialAction":[{"@type":"SearchAction","target":{"@type":"EntryPoint","urlTemplate":"https:\/\/mom-design.com\/es\/?s={search_term_string}"},"query-input":{"@type":"PropertyValueSpecification","valueRequired":true,"valueName":"search_term_string"}}],"inLanguage":"es"}]}},"_links":{"self":[{"href":"https:\/\/mom-design.com\/es\/wp-json\/wp\/v2\/product\/6708","targetHints":{"allow":["GET"]}}],"collection":[{"href":"https:\/\/mom-design.com\/es\/wp-json\/wp\/v2\/product"}],"about":[{"href":"https:\/\/mom-design.com\/es\/wp-json\/wp\/v2\/types\/product"}],"replies":[{"embeddable":true,"href":"https:\/\/mom-design.com\/es\/wp-json\/wp\/v2\/comments?post=6708"}],"wp:featuredmedia":[{"embeddable":true,"href":"https:\/\/mom-design.com\/es\/wp-json\/wp\/v2\/media\/7252"}],"wp:attachment":[{"href":"https:\/\/mom-design.com\/es\/wp-json\/wp\/v2\/media?parent=6708"}],"wp:term":[{"taxonomy":"product_brand","embeddable":true,"href":"https:\/\/mom-design.com\/es\/wp-json\/wp\/v2\/product_brand?post=6708"},{"taxonomy":"product_cat","embeddable":true,"href":"https:\/\/mom-design.com\/es\/wp-json\/wp\/v2\/product_cat?post=6708"},{"taxonomy":"product_tag","embeddable":true,"href":"https:\/\/mom-design.com\/es\/wp-json\/wp\/v2\/product_tag?post=6708"}],"curies":[{"name":"wp","href":"https:\/\/api.w.org\/{rel}","templated":true}]}}