{"id":6709,"date":"2024-07-23T21:21:26","date_gmt":"2024-07-23T19:21:26","guid":{"rendered":"https:\/\/mom-design.com\/?post_type=product&#038;p=6709"},"modified":"2025-10-25T20:51:55","modified_gmt":"2025-10-25T18:51:55","slug":"plinthe-murale-en-pvc-blanche-2-m-6","status":"publish","type":"product","link":"https:\/\/mom-design.com\/es\/produit\/plinthes-7\/","title":{"rendered":"Plinthe murale en pvc blanche 2 m\u00e8tres Charles II"},"content":{"rendered":"<h4>\u00a0 \u00a0 \u00a0 \u00a0 \u00a0 \u00a0 \u00a0 \u00a0 \u00a0 \u00a0 <span style=\"text-decoration: underline;\">Caracter\u00edsticas :<\/span><\/h4>\n<p>&#8211; <span style=\"text-decoration: underline;\">Color<\/span> : blanco<br \/>\n&#8211; <span style=\"text-decoration: underline;\">Altura<\/span> : 10 cm<br \/>\n&#8211; <span style=\"text-decoration: underline;\">Longitud<\/span> : 2 metros<br \/>\n&#8211; <span style=\"text-decoration: underline;\">Material<\/span> : PVC,<strong> f\u00e1cil de pintar<\/strong><\/p>\n<ul>\n<li>Bande Led non incluse<\/li>\n<\/ul>\n<h4>\u00a0 \u00a0 \u00a0 \u00a0 \u00a0 \u00a0 \u00a0 \u00a0 \u00a0 \u00a0<span style=\"text-decoration: underline;\">Un elegante toque final para cualquier interior<\/span><\/h4>\n<p><strong>El <a href=\"https:\/\/mom-design.com\/es\/plinthes\/\">z\u00f3calo mural de PVC blanco de 2 metros<\/a><\/strong> es el <strong>la elecci\u00f3n perfecta para aquellos que buscan a\u00f1adir un toque de sofisticaci\u00f3n a los interiores<\/strong>. Dise\u00f1ado para adaptarse a<strong> todos los estilos de decoraci\u00f3n<\/strong>este plinto proporciona un acabado limpio y moderno. Proporciona <strong>un<a href=\"https:\/\/mom-design.com\/es\/producto\/plinthes-2\/\"> transici\u00f3n suave entre el piso y la pared<\/a><\/strong>, ocultar eficazmente los cables y las imperfecciones.<\/p>\n<h4>\u00a0 \u00a0 \u00a0 \u00a0 \u00a0 \u00a0 \u00a0 \u00a0 \u00a0 \u00a0<span style=\"text-decoration: underline;\">F\u00e1cil instalaci\u00f3n y personalizaci\u00f3n<\/span><\/h4>\n<p><strong>La MAM\u00c1 de DISE\u00d1O<\/strong>entendemos la importancia de una f\u00e1cil instalaci\u00f3n. Esta es la raz\u00f3n por la que este rodapi\u00e9 en PVC ha sido dise\u00f1ado para ser f\u00e1cil de instalar. Adem\u00e1s,<strong> su superficie puede ser pintado<\/strong>, que le permite personalizar su z\u00f3calos, dependiendo del color de tu elecci\u00f3n. Si prefieres tonos neutros o una m\u00e1s audaz, la flexibilidad de esta plataforma es capaz de satisfacer sus necesidades.<\/p>\n<h4>\u00a0 \u00a0 \u00a0 \u00a0 \u00a0 \u00a0 \u00a0 \u00a0 \u00a0 \u00a0<span style=\"text-decoration: underline;\">Durabilidad y m\u00ednimo mantenimiento<\/span><\/h4>\n<p>La durabilidad es una caracter\u00edstica clave de nuestro z\u00f3calo de la pared. Resistente a la humedad y los golpes, se garantiza una larga vida \u00fatil sin necesidad de mantenimiento frecuente. En contraste con los rodapi\u00e9s de madera, los de PVC no tiene miedo de la humedad, lo que los hace perfectos para cada habitaci\u00f3n, incluyendo los ba\u00f1os y las cocinas.<\/p>\n<h4>\u00a0 \u00a0 \u00a0 \u00a0 \u00a0 \u00a0 \u00a0 \u00a0 \u00a0 \u00a0<span style=\"text-decoration: underline;\">\u00bfPor qu\u00e9 elegir la MAM\u00c1 de DISE\u00d1O ?<\/span><\/h4>\n<p><strong>La MAM\u00c1 de DISE\u00d1O<\/strong>estamos comprometidos a proporcionar productos de alta calidad a precios competitivos. Nuestro rodapi\u00e9 de la pared no es s\u00f3lo una opci\u00f3n pr\u00e1ctica, sino tambi\u00e9n econ\u00f3mico.<br \/>\nDisponible exclusivamente en nuestro sitio, es acompa\u00f1ado por una oferta especial <strong>con la entrega y devoluciones gratuitas<\/strong>. No te pierdas la oportunidad de darle a tu espacio un acabado perfecto y elegante.<\/p>\n<p><strong>La soluci\u00f3n perfecta para actualizar su interior mientras se disfruta de una excelente relaci\u00f3n calidad-precio. Transformar tus espacios con impecables acabados y la confianza MAM\u00c1 de DISE\u00d1O para responder<a href=\"https:\/\/mom-design.com\/es\/producto\/plinthes-6\/\"> todas sus necesidades de decoraci\u00f3n<\/a><\/strong>.<\/p>","protected":false},"excerpt":{"rendered":"<p><strong>Este z\u00f3calo mural de PVC blanco, mide 2 metros<\/strong> de largo y 8 cm de altura. <a href=\"https:\/\/mom-design.com\/es\/producto\/plinthes-4\/\"><strong>F\u00e1cil de pintar<\/strong><\/a>, se<strong> proporciona un acabado personalizado para tus paredes<\/strong>. Ideal para renovaciones modernas, est\u00e1 dise\u00f1ado para una instalaci\u00f3n r\u00e1pida y f\u00e1cil y duradera. <strong>Disponible en MAM\u00c1 DISE\u00d1O de un dise\u00f1o a un precio bajo<\/strong>.<\/p>","protected":false},"featured_media":7251,"comment_status":"open","ping_status":"closed","template":"","meta":{"_acf_changed":false},"product_brand":[],"product_cat":[53],"product_tag":[],"class_list":{"0":"post-6709","1":"product","2":"type-product","3":"status-publish","4":"has-post-thumbnail","6":"product_cat-plinthes","7":"product_shipping_class-livraison-gls","9":"first","10":"instock","11":"taxable","12":"shipping-taxable","13":"purchasable","14":"product-type-simple","15":"add-to-wishlist-after_add_to_cart"},"acf":[],"yoast_head":"<!-- This site is optimized with the Yoast SEO plugin v27.0 - https:\/\/yoast.com\/product\/yoast-seo-wordpress\/ -->\n<title>Plinthe murale en pvc blanche 2 m\u00e8tres Charles II | MOM DESIGN<\/title>\n<meta name=\"description\" content=\"D\u00e9couvrez notre plinthe murale en PVC blanche de 2 m, id\u00e9ale pour une finition \u00e9l\u00e9gante. Facile \u00e0 installer et personnalisable. Profitez de notre offre avec livraison et retours gratuits. Disponible \u00e0 petit prix et uniquement sur notre site MOM DESIGN, ne manquez pas l&#039;occasion de rendre votre int\u00e9rieur parfait.\" \/>\n<meta name=\"robots\" content=\"index, follow, max-snippet:-1, max-image-preview:large, max-video-preview:-1\" \/>\n<link rel=\"canonical\" href=\"https:\/\/mom-design.com\/es\/produit\/plinthes-7\/\" \/>\n<meta property=\"og:locale\" content=\"es_ES\" \/>\n<meta property=\"og:type\" content=\"article\" \/>\n<meta property=\"og:title\" content=\"Plinthe murale en pvc blanche 2 m\u00e8tres Charles II | MOM DESIGN\" \/>\n<meta property=\"og:description\" content=\"D\u00e9couvrez notre plinthe murale en PVC blanche de 2 m, id\u00e9ale pour une finition \u00e9l\u00e9gante. Facile \u00e0 installer et personnalisable. Profitez de notre offre avec livraison et retours gratuits. Disponible \u00e0 petit prix et uniquement sur notre site MOM DESIGN, ne manquez pas l&#039;occasion de rendre votre int\u00e9rieur parfait.\" \/>\n<meta property=\"og:url\" content=\"https:\/\/mom-design.com\/es\/produit\/plinthes-7\/\" \/>\n<meta property=\"og:site_name\" content=\"MOM DESIGN\" \/>\n<meta property=\"article:modified_time\" content=\"2025-10-25T18:51:55+00:00\" \/>\n<meta property=\"og:image\" content=\"https:\/\/mom-design.com\/wp-content\/uploads\/2024\/07\/plinthe-led-pvc-mom-design.jpeg\" \/>\n\t<meta property=\"og:image:width\" content=\"718\" \/>\n\t<meta property=\"og:image:height\" content=\"538\" \/>\n\t<meta property=\"og:image:type\" content=\"image\/jpeg\" \/>\n<meta name=\"twitter:card\" content=\"summary_large_image\" \/>\n<meta name=\"twitter:label1\" content=\"Tiempo de lectura\" \/>\n\t<meta name=\"twitter:data1\" content=\"2 minutos\" \/>\n<script type=\"application\/ld+json\" class=\"yoast-schema-graph\">{\"@context\":\"https:\/\/schema.org\",\"@graph\":[{\"@type\":\"WebPage\",\"@id\":\"https:\/\/mom-design.com\/es\/produit\/plinthes-7\/\",\"url\":\"https:\/\/mom-design.com\/es\/produit\/plinthes-7\/\",\"name\":\"Plinthe murale en pvc blanche 2 m\u00e8tres Charles II | MOM DESIGN\",\"isPartOf\":{\"@id\":\"https:\/\/mom-design.com\/es\/#website\"},\"primaryImageOfPage\":{\"@id\":\"https:\/\/mom-design.com\/es\/produit\/plinthes-7\/#primaryimage\"},\"image\":{\"@id\":\"https:\/\/mom-design.com\/es\/produit\/plinthes-7\/#primaryimage\"},\"thumbnailUrl\":\"https:\/\/mom-design.com\/wp-content\/uploads\/2024\/07\/plinthe-led-pvc-mom-design.jpeg\",\"datePublished\":\"2024-07-23T19:21:26+00:00\",\"dateModified\":\"2025-10-25T18:51:55+00:00\",\"description\":\"D\u00e9couvrez notre plinthe murale en PVC blanche de 2 m, id\u00e9ale pour une finition \u00e9l\u00e9gante. Facile \u00e0 installer et personnalisable. Profitez de notre offre avec livraison et retours gratuits. Disponible \u00e0 petit prix et uniquement sur notre site MOM DESIGN, ne manquez pas l'occasion de rendre votre int\u00e9rieur parfait.\",\"breadcrumb\":{\"@id\":\"https:\/\/mom-design.com\/es\/produit\/plinthes-7\/#breadcrumb\"},\"inLanguage\":\"es\",\"potentialAction\":[{\"@type\":\"ReadAction\",\"target\":[\"https:\/\/mom-design.com\/es\/produit\/plinthes-7\/\"]}]},{\"@type\":\"ImageObject\",\"inLanguage\":\"es\",\"@id\":\"https:\/\/mom-design.com\/es\/produit\/plinthes-7\/#primaryimage\",\"url\":\"https:\/\/mom-design.com\/wp-content\/uploads\/2024\/07\/plinthe-led-pvc-mom-design.jpeg\",\"contentUrl\":\"https:\/\/mom-design.com\/wp-content\/uploads\/2024\/07\/plinthe-led-pvc-mom-design.jpeg\",\"width\":718,\"height\":538,\"caption\":\"plinthe led pvc mom design blanche\"},{\"@type\":\"BreadcrumbList\",\"@id\":\"https:\/\/mom-design.com\/es\/produit\/plinthes-7\/#breadcrumb\",\"itemListElement\":[{\"@type\":\"ListItem\",\"position\":1,\"name\":\"D\u00e9coration murale d\u2019int\u00e9rieur\",\"item\":\"https:\/\/mom-design.com\/de\/\"},{\"@type\":\"ListItem\",\"position\":2,\"name\":\"Plinthe murale en pvc blanche 2 m\u00e8tres Charles II\"}]},{\"@type\":\"WebSite\",\"@id\":\"https:\/\/mom-design.com\/es\/#website\",\"url\":\"https:\/\/mom-design.com\/es\/\",\"name\":\"MOM DESIGN\",\"description\":\"Sp\u00e9cialiste du design mural d&#039;int\u00e9rieur\",\"potentialAction\":[{\"@type\":\"SearchAction\",\"target\":{\"@type\":\"EntryPoint\",\"urlTemplate\":\"https:\/\/mom-design.com\/es\/?s={search_term_string}\"},\"query-input\":{\"@type\":\"PropertyValueSpecification\",\"valueRequired\":true,\"valueName\":\"search_term_string\"}}],\"inLanguage\":\"es\"}]}<\/script>\n<!-- \/ Yoast SEO plugin. -->","yoast_head_json":{"title":"Plinthe murale en pvc blanche 2 m\u00e8tres Charles II | MOM DESIGN","description":"D\u00e9couvrez notre plinthe murale en PVC blanche de 2 m, id\u00e9ale pour une finition \u00e9l\u00e9gante. Facile \u00e0 installer et personnalisable. Profitez de notre offre avec livraison et retours gratuits. Disponible \u00e0 petit prix et uniquement sur notre site MOM DESIGN, ne manquez pas l'occasion de rendre votre int\u00e9rieur parfait.","robots":{"index":"index","follow":"follow","max-snippet":"max-snippet:-1","max-image-preview":"max-image-preview:large","max-video-preview":"max-video-preview:-1"},"canonical":"https:\/\/mom-design.com\/es\/produit\/plinthes-7\/","og_locale":"es_ES","og_type":"article","og_title":"Plinthe murale en pvc blanche 2 m\u00e8tres Charles II | MOM DESIGN","og_description":"D\u00e9couvrez notre plinthe murale en PVC blanche de 2 m, id\u00e9ale pour une finition \u00e9l\u00e9gante. Facile \u00e0 installer et personnalisable. Profitez de notre offre avec livraison et retours gratuits. Disponible \u00e0 petit prix et uniquement sur notre site MOM DESIGN, ne manquez pas l'occasion de rendre votre int\u00e9rieur parfait.","og_url":"https:\/\/mom-design.com\/es\/produit\/plinthes-7\/","og_site_name":"MOM DESIGN","article_modified_time":"2025-10-25T18:51:55+00:00","og_image":[{"width":718,"height":538,"url":"https:\/\/mom-design.com\/wp-content\/uploads\/2024\/07\/plinthe-led-pvc-mom-design.jpeg","type":"image\/jpeg"}],"twitter_card":"summary_large_image","twitter_misc":{"Tiempo de lectura":"2 minutos"},"schema":{"@context":"https:\/\/schema.org","@graph":[{"@type":"WebPage","@id":"https:\/\/mom-design.com\/es\/produit\/plinthes-7\/","url":"https:\/\/mom-design.com\/es\/produit\/plinthes-7\/","name":"Plinthe murale en pvc blanche 2 m\u00e8tres Charles II | MOM DESIGN","isPartOf":{"@id":"https:\/\/mom-design.com\/es\/#website"},"primaryImageOfPage":{"@id":"https:\/\/mom-design.com\/es\/produit\/plinthes-7\/#primaryimage"},"image":{"@id":"https:\/\/mom-design.com\/es\/produit\/plinthes-7\/#primaryimage"},"thumbnailUrl":"https:\/\/mom-design.com\/wp-content\/uploads\/2024\/07\/plinthe-led-pvc-mom-design.jpeg","datePublished":"2024-07-23T19:21:26+00:00","dateModified":"2025-10-25T18:51:55+00:00","description":"D\u00e9couvrez notre plinthe murale en PVC blanche de 2 m, id\u00e9ale pour une finition \u00e9l\u00e9gante. Facile \u00e0 installer et personnalisable. Profitez de notre offre avec livraison et retours gratuits. Disponible \u00e0 petit prix et uniquement sur notre site MOM DESIGN, ne manquez pas l'occasion de rendre votre int\u00e9rieur parfait.","breadcrumb":{"@id":"https:\/\/mom-design.com\/es\/produit\/plinthes-7\/#breadcrumb"},"inLanguage":"es","potentialAction":[{"@type":"ReadAction","target":["https:\/\/mom-design.com\/es\/produit\/plinthes-7\/"]}]},{"@type":"ImageObject","inLanguage":"es","@id":"https:\/\/mom-design.com\/es\/produit\/plinthes-7\/#primaryimage","url":"https:\/\/mom-design.com\/wp-content\/uploads\/2024\/07\/plinthe-led-pvc-mom-design.jpeg","contentUrl":"https:\/\/mom-design.com\/wp-content\/uploads\/2024\/07\/plinthe-led-pvc-mom-design.jpeg","width":718,"height":538,"caption":"plinthe led pvc mom design blanche"},{"@type":"BreadcrumbList","@id":"https:\/\/mom-design.com\/es\/produit\/plinthes-7\/#breadcrumb","itemListElement":[{"@type":"ListItem","position":1,"name":"D\u00e9coration murale d\u2019int\u00e9rieur","item":"https:\/\/mom-design.com\/de\/"},{"@type":"ListItem","position":2,"name":"Plinthe murale en pvc blanche 2 m\u00e8tres Charles II"}]},{"@type":"WebSite","@id":"https:\/\/mom-design.com\/es\/#website","url":"https:\/\/mom-design.com\/es\/","name":"LA MAM\u00c1 DE DISE\u00d1O","description":"Sp\u00e9cialiste du design mural d'int\u00e9rieur","potentialAction":[{"@type":"SearchAction","target":{"@type":"EntryPoint","urlTemplate":"https:\/\/mom-design.com\/es\/?s={search_term_string}"},"query-input":{"@type":"PropertyValueSpecification","valueRequired":true,"valueName":"search_term_string"}}],"inLanguage":"es"}]}},"_links":{"self":[{"href":"https:\/\/mom-design.com\/es\/wp-json\/wp\/v2\/product\/6709","targetHints":{"allow":["GET"]}}],"collection":[{"href":"https:\/\/mom-design.com\/es\/wp-json\/wp\/v2\/product"}],"about":[{"href":"https:\/\/mom-design.com\/es\/wp-json\/wp\/v2\/types\/product"}],"replies":[{"embeddable":true,"href":"https:\/\/mom-design.com\/es\/wp-json\/wp\/v2\/comments?post=6709"}],"wp:featuredmedia":[{"embeddable":true,"href":"https:\/\/mom-design.com\/es\/wp-json\/wp\/v2\/media\/7251"}],"wp:attachment":[{"href":"https:\/\/mom-design.com\/es\/wp-json\/wp\/v2\/media?parent=6709"}],"wp:term":[{"taxonomy":"product_brand","embeddable":true,"href":"https:\/\/mom-design.com\/es\/wp-json\/wp\/v2\/product_brand?post=6709"},{"taxonomy":"product_cat","embeddable":true,"href":"https:\/\/mom-design.com\/es\/wp-json\/wp\/v2\/product_cat?post=6709"},{"taxonomy":"product_tag","embeddable":true,"href":"https:\/\/mom-design.com\/es\/wp-json\/wp\/v2\/product_tag?post=6709"}],"curies":[{"name":"wp","href":"https:\/\/api.w.org\/{rel}","templated":true}]}}