{"id":6713,"date":"2024-07-23T21:23:05","date_gmt":"2024-07-23T19:23:05","guid":{"rendered":"https:\/\/mom-design.com\/?post_type=product&#038;p=6713"},"modified":"2025-10-13T17:34:54","modified_gmt":"2025-10-13T15:34:54","slug":"cache-rideau-design-blanc-2","status":"publish","type":"product","link":"https:\/\/mom-design.com\/es\/produit\/plinthes-11\/","title":{"rendered":"Cache-rideau en pvc design 2 m\u00e8tres blanc"},"content":{"rendered":"<h4>\u00a0 \u00a0 \u00a0 \u00a0 \u00a0 \u00a0 \u00a0 \u00a0 \u00a0 \u00a0 \u00a0 \u00a0<span style=\"text-decoration: underline;\">Caracter\u00edsticas :<\/span><\/h4>\n<p>&#8211; <span style=\"text-decoration: underline;\">Color<\/span> : blanco<br \/>\n&#8211; <span style=\"text-decoration: underline;\">Dimensiones<\/span> : adaptable a diversos tama\u00f1os de ventana<br \/>\n&#8211; <span style=\"text-decoration: underline;\">Dise\u00f1o<\/span> : moderno y elegante<br \/>\n&#8211; <span style=\"text-decoration: underline;\">Mantenimiento<\/span>: f\u00e1cil de limpiar, resistente a los pliegues de la<br \/>\n&#8211; <span style=\"text-decoration: underline;\">Uso<\/span> : adecuado para todas las partes de la casa<\/p>\n<h4>\u00a0 \u00a0 \u00a0 \u00a0 \u00a0 \u00a0 \u00a0 \u00a0 \u00a0 \u00a0 \u00a0 \u00a0<span style=\"text-decoration: underline;\">La elegancia y la modernidad de su interior<\/span><\/h4>\n<p><strong>El cach\u00e9 de la cortina blanca de dise\u00f1o<\/strong> es el<strong>accesorio perfecto para vestir tu <a href=\"https:\/\/mom-design.com\/es\/producto\/plinthes-12\/\">windows<\/a> mientras que el mantenimiento de su privacidad<\/strong>. Gracias a su color blanco, se mezcla f\u00e1cilmente con todos los estilos de decoraci\u00f3n, desde los m\u00e1s cl\u00e1sicos a los m\u00e1s contempor\u00e1neos. En el <strong>sala de estar<\/strong>el <strong>habitaci\u00f3n<\/strong>o incluso <strong>cocina<\/strong>aportar\u00e1 un toque de luz y frescura a su interior, mientras que la creaci\u00f3n de un ambiente relajante.<\/p>\n<h4>\u00a0 \u00a0 \u00a0 \u00a0 \u00a0 \u00a0 \u00a0 \u00a0 \u00a0 \u00a0 \u00a0 \u00a0<span style=\"text-decoration: underline;\">Facilidad de instalaci\u00f3n y mantenimiento<\/span><\/h4>\n<p>Esta cach\u00e9-rideau fue pensado para ser<a href=\"https:\/\/mom-design.com\/es\/producto\/plinthes-3\/\"> <strong>tanto est\u00e9tico como pr\u00e1ctico<\/strong><\/a>. De hecho, no es s\u00f3lo <strong>resistente a las arrugas<\/strong>pero tambi\u00e9n <strong>f\u00e1cil de lavar<\/strong>esto le permite mantener un <strong>la decoraci\u00f3n siempre impecable<\/strong>. La instalaci\u00f3n es r\u00e1pida y f\u00e1cil, adapt\u00e1ndose a la mayor\u00eda de las barras de cortina de normas. Usted puede renovar su interior en un abrir y cerrar de ojos.<\/p>\n<h4>\u00a0 \u00a0 \u00a0 \u00a0 \u00a0 \u00a0 \u00a0 \u00a0 \u00a0 \u00a0 \u00a0 \u00a0<span style=\"text-decoration: underline;\">Una opci\u00f3n vers\u00e1til para todas las partes<\/span><\/h4>\n<p>Una de las principales fortalezas de este cach\u00e9-cortina blanca de dise\u00f1o es su versatilidad. <a href=\"https:\/\/mom-design.com\/es\/producto\/plinthes-1\/\"><strong>Es perfecta para cualquier habitaci\u00f3n de la casa<\/strong><\/a>si quieres usarlo para un dormitorio, una sala de estar, un cuarto de ba\u00f1o, o incluso una oficina. Adem\u00e1s, su dise\u00f1o de bajo perfil pero elegante, puede conectar f\u00e1cilmente a otros elementos de decoraci\u00f3n, tales como <strong>cortinas<\/strong> m\u00e1s gruesa <strong>cortinas<\/strong>o <strong>persianas<\/strong>. Adem\u00e1s, proporciona una soluci\u00f3n ideal para aquellos que buscan controlar el brillo al tiempo que a\u00f1ade un toque est\u00e9tico a sus espacios.<\/p>\n<h4>\u00a0 \u00a0 \u00a0 \u00a0 \u00a0 \u00a0 \u00a0 \u00a0 \u00a0 \u00a0 \u00a0 \u00a0<span style=\"text-decoration: underline;\">Disponible en MAM\u00c1 de DISE\u00d1O<\/span><\/h4>\n<p><strong>La MAM\u00c1 de DISE\u00d1O<\/strong>ponemos un punto de honor para ofrecer productos de calidad que satisfagan las necesidades de nuestros clientes. Esta cach\u00e9-cortina es un gran ejemplo de nuestro compromiso con la elegancia y la funcionalidad.<strong> Al comprar con la MAM\u00c1 de DISE\u00d1O<\/strong>usted tambi\u00e9n consigue nuestro servicio de atenci\u00f3n al cliente, dispuestos a ayudarle en cada paso de su compra. Adem\u00e1s, disfruta de nuestra oferta exclusiva con<strong> entrega y devoluciones gratuitas<\/strong>para una experiencia de compras sin preocupaciones.<\/p>\n<p>&nbsp;<\/p>","protected":false},"excerpt":{"rendered":"<p><strong>Esta cach\u00e9-cortina blanca de dise\u00f1o proporciona <a href=\"https:\/\/mom-design.com\/es\/plinthes\/\">un toque de elegancia y modernidad<\/a> a su windows, mientras que el mantenimiento de su privacidad<\/strong>. Ideal para todas las habitaciones de la casa,<br \/>\nSe integra en cualquier decoraci\u00f3n gracias a su color blanco atemporal. Disponible con entrega y devoluci\u00f3n gratuitas, este producto est\u00e1 dise\u00f1ado para integrarse armoniosamente en su interior. Aproveche su dise\u00f1o refinado para realzar su decoraci\u00f3n.<\/p>","protected":false},"featured_media":7271,"comment_status":"open","ping_status":"closed","template":"","meta":{"_acf_changed":false},"product_brand":[],"product_cat":[53],"product_tag":[],"class_list":{"0":"post-6713","1":"product","2":"type-product","3":"status-publish","4":"has-post-thumbnail","6":"product_cat-plinthes","7":"product_shipping_class-livraison-gls","9":"first","10":"outofstock","11":"taxable","12":"shipping-taxable","13":"purchasable","14":"product-type-simple","15":"add-to-wishlist-after_add_to_cart"},"acf":[],"yoast_head":"<!-- This site is optimized with the Yoast SEO plugin v27.0 - https:\/\/yoast.com\/product\/yoast-seo-wordpress\/ -->\n<title>Cache-rideau en pvc design 2 m\u00e8tres blanc | MOM DESIGN<\/title>\n<meta name=\"description\" content=\"Ajoutez une touche d&#039;\u00e9l\u00e9gance \u00e0 vos fen\u00eatres avec notre cache-rideau design blanc. Livraison et retours gratuits pour une d\u00e9coration int\u00e9rieure raffin\u00e9e. Ne manquez pas cette occasion de transformer votre espace avec style.\" \/>\n<meta name=\"robots\" content=\"index, follow, max-snippet:-1, max-image-preview:large, max-video-preview:-1\" \/>\n<link rel=\"canonical\" href=\"https:\/\/mom-design.com\/es\/produit\/plinthes-11\/\" \/>\n<meta property=\"og:locale\" content=\"es_ES\" \/>\n<meta property=\"og:type\" content=\"article\" \/>\n<meta property=\"og:title\" content=\"Cache-rideau en pvc design 2 m\u00e8tres blanc | MOM DESIGN\" \/>\n<meta property=\"og:description\" content=\"Ajoutez une touche d&#039;\u00e9l\u00e9gance \u00e0 vos fen\u00eatres avec notre cache-rideau design blanc. Livraison et retours gratuits pour une d\u00e9coration int\u00e9rieure raffin\u00e9e. Ne manquez pas cette occasion de transformer votre espace avec style.\" \/>\n<meta property=\"og:url\" content=\"https:\/\/mom-design.com\/es\/produit\/plinthes-11\/\" \/>\n<meta property=\"og:site_name\" content=\"MOM DESIGN\" \/>\n<meta property=\"article:modified_time\" content=\"2025-10-13T15:34:54+00:00\" \/>\n<meta property=\"og:image\" content=\"https:\/\/mom-design.com\/wp-content\/uploads\/2024\/07\/cache-rideau-mom-design-M1-1.jpeg\" \/>\n\t<meta property=\"og:image:width\" content=\"718\" \/>\n\t<meta property=\"og:image:height\" content=\"538\" \/>\n\t<meta property=\"og:image:type\" content=\"image\/jpeg\" \/>\n<meta name=\"twitter:card\" content=\"summary_large_image\" \/>\n<meta name=\"twitter:label1\" content=\"Tiempo de lectura\" \/>\n\t<meta name=\"twitter:data1\" content=\"2 minutos\" \/>\n<script type=\"application\/ld+json\" class=\"yoast-schema-graph\">{\"@context\":\"https:\/\/schema.org\",\"@graph\":[{\"@type\":\"WebPage\",\"@id\":\"https:\/\/mom-design.com\/es\/produit\/plinthes-11\/\",\"url\":\"https:\/\/mom-design.com\/es\/produit\/plinthes-11\/\",\"name\":\"Cache-rideau en pvc design 2 m\u00e8tres blanc | MOM DESIGN\",\"isPartOf\":{\"@id\":\"https:\/\/mom-design.com\/es\/#website\"},\"primaryImageOfPage\":{\"@id\":\"https:\/\/mom-design.com\/es\/produit\/plinthes-11\/#primaryimage\"},\"image\":{\"@id\":\"https:\/\/mom-design.com\/es\/produit\/plinthes-11\/#primaryimage\"},\"thumbnailUrl\":\"https:\/\/mom-design.com\/wp-content\/uploads\/2024\/07\/cache-rideau-mom-design-M1-1.jpeg\",\"datePublished\":\"2024-07-23T19:23:05+00:00\",\"dateModified\":\"2025-10-13T15:34:54+00:00\",\"description\":\"Ajoutez une touche d'\u00e9l\u00e9gance \u00e0 vos fen\u00eatres avec notre cache-rideau design blanc. Livraison et retours gratuits pour une d\u00e9coration int\u00e9rieure raffin\u00e9e. Ne manquez pas cette occasion de transformer votre espace avec style.\",\"breadcrumb\":{\"@id\":\"https:\/\/mom-design.com\/es\/produit\/plinthes-11\/#breadcrumb\"},\"inLanguage\":\"es\",\"potentialAction\":[{\"@type\":\"ReadAction\",\"target\":[\"https:\/\/mom-design.com\/es\/produit\/plinthes-11\/\"]}]},{\"@type\":\"ImageObject\",\"inLanguage\":\"es\",\"@id\":\"https:\/\/mom-design.com\/es\/produit\/plinthes-11\/#primaryimage\",\"url\":\"https:\/\/mom-design.com\/wp-content\/uploads\/2024\/07\/cache-rideau-mom-design-M1-1.jpeg\",\"contentUrl\":\"https:\/\/mom-design.com\/wp-content\/uploads\/2024\/07\/cache-rideau-mom-design-M1-1.jpeg\",\"width\":718,\"height\":538},{\"@type\":\"BreadcrumbList\",\"@id\":\"https:\/\/mom-design.com\/es\/produit\/plinthes-11\/#breadcrumb\",\"itemListElement\":[{\"@type\":\"ListItem\",\"position\":1,\"name\":\"D\u00e9coration murale d\u2019int\u00e9rieur\",\"item\":\"https:\/\/mom-design.com\/de\/\"},{\"@type\":\"ListItem\",\"position\":2,\"name\":\"Cache-rideau en pvc design 2 m\u00e8tres blanc\"}]},{\"@type\":\"WebSite\",\"@id\":\"https:\/\/mom-design.com\/es\/#website\",\"url\":\"https:\/\/mom-design.com\/es\/\",\"name\":\"MOM DESIGN\",\"description\":\"Sp\u00e9cialiste du design mural d&#039;int\u00e9rieur\",\"potentialAction\":[{\"@type\":\"SearchAction\",\"target\":{\"@type\":\"EntryPoint\",\"urlTemplate\":\"https:\/\/mom-design.com\/es\/?s={search_term_string}\"},\"query-input\":{\"@type\":\"PropertyValueSpecification\",\"valueRequired\":true,\"valueName\":\"search_term_string\"}}],\"inLanguage\":\"es\"}]}<\/script>\n<!-- \/ Yoast SEO plugin. -->","yoast_head_json":{"title":"Cache-rideau en pvc design 2 m\u00e8tres blanc | MOM DESIGN","description":"Ajoutez une touche d'\u00e9l\u00e9gance \u00e0 vos fen\u00eatres avec notre cache-rideau design blanc. Livraison et retours gratuits pour une d\u00e9coration int\u00e9rieure raffin\u00e9e. Ne manquez pas cette occasion de transformer votre espace avec style.","robots":{"index":"index","follow":"follow","max-snippet":"max-snippet:-1","max-image-preview":"max-image-preview:large","max-video-preview":"max-video-preview:-1"},"canonical":"https:\/\/mom-design.com\/es\/produit\/plinthes-11\/","og_locale":"es_ES","og_type":"article","og_title":"Cache-rideau en pvc design 2 m\u00e8tres blanc | MOM DESIGN","og_description":"Ajoutez une touche d'\u00e9l\u00e9gance \u00e0 vos fen\u00eatres avec notre cache-rideau design blanc. Livraison et retours gratuits pour une d\u00e9coration int\u00e9rieure raffin\u00e9e. Ne manquez pas cette occasion de transformer votre espace avec style.","og_url":"https:\/\/mom-design.com\/es\/produit\/plinthes-11\/","og_site_name":"MOM DESIGN","article_modified_time":"2025-10-13T15:34:54+00:00","og_image":[{"width":718,"height":538,"url":"https:\/\/mom-design.com\/wp-content\/uploads\/2024\/07\/cache-rideau-mom-design-M1-1.jpeg","type":"image\/jpeg"}],"twitter_card":"summary_large_image","twitter_misc":{"Tiempo de lectura":"2 minutos"},"schema":{"@context":"https:\/\/schema.org","@graph":[{"@type":"WebPage","@id":"https:\/\/mom-design.com\/es\/produit\/plinthes-11\/","url":"https:\/\/mom-design.com\/es\/produit\/plinthes-11\/","name":"Cache-rideau en pvc design 2 m\u00e8tres blanc | MOM DESIGN","isPartOf":{"@id":"https:\/\/mom-design.com\/es\/#website"},"primaryImageOfPage":{"@id":"https:\/\/mom-design.com\/es\/produit\/plinthes-11\/#primaryimage"},"image":{"@id":"https:\/\/mom-design.com\/es\/produit\/plinthes-11\/#primaryimage"},"thumbnailUrl":"https:\/\/mom-design.com\/wp-content\/uploads\/2024\/07\/cache-rideau-mom-design-M1-1.jpeg","datePublished":"2024-07-23T19:23:05+00:00","dateModified":"2025-10-13T15:34:54+00:00","description":"Ajoutez une touche d'\u00e9l\u00e9gance \u00e0 vos fen\u00eatres avec notre cache-rideau design blanc. Livraison et retours gratuits pour une d\u00e9coration int\u00e9rieure raffin\u00e9e. Ne manquez pas cette occasion de transformer votre espace avec style.","breadcrumb":{"@id":"https:\/\/mom-design.com\/es\/produit\/plinthes-11\/#breadcrumb"},"inLanguage":"es","potentialAction":[{"@type":"ReadAction","target":["https:\/\/mom-design.com\/es\/produit\/plinthes-11\/"]}]},{"@type":"ImageObject","inLanguage":"es","@id":"https:\/\/mom-design.com\/es\/produit\/plinthes-11\/#primaryimage","url":"https:\/\/mom-design.com\/wp-content\/uploads\/2024\/07\/cache-rideau-mom-design-M1-1.jpeg","contentUrl":"https:\/\/mom-design.com\/wp-content\/uploads\/2024\/07\/cache-rideau-mom-design-M1-1.jpeg","width":718,"height":538},{"@type":"BreadcrumbList","@id":"https:\/\/mom-design.com\/es\/produit\/plinthes-11\/#breadcrumb","itemListElement":[{"@type":"ListItem","position":1,"name":"D\u00e9coration murale d\u2019int\u00e9rieur","item":"https:\/\/mom-design.com\/de\/"},{"@type":"ListItem","position":2,"name":"Cache-rideau en pvc design 2 m\u00e8tres blanc"}]},{"@type":"WebSite","@id":"https:\/\/mom-design.com\/es\/#website","url":"https:\/\/mom-design.com\/es\/","name":"LA MAM\u00c1 DE DISE\u00d1O","description":"Sp\u00e9cialiste du design mural d'int\u00e9rieur","potentialAction":[{"@type":"SearchAction","target":{"@type":"EntryPoint","urlTemplate":"https:\/\/mom-design.com\/es\/?s={search_term_string}"},"query-input":{"@type":"PropertyValueSpecification","valueRequired":true,"valueName":"search_term_string"}}],"inLanguage":"es"}]}},"_links":{"self":[{"href":"https:\/\/mom-design.com\/es\/wp-json\/wp\/v2\/product\/6713","targetHints":{"allow":["GET"]}}],"collection":[{"href":"https:\/\/mom-design.com\/es\/wp-json\/wp\/v2\/product"}],"about":[{"href":"https:\/\/mom-design.com\/es\/wp-json\/wp\/v2\/types\/product"}],"replies":[{"embeddable":true,"href":"https:\/\/mom-design.com\/es\/wp-json\/wp\/v2\/comments?post=6713"}],"wp:featuredmedia":[{"embeddable":true,"href":"https:\/\/mom-design.com\/es\/wp-json\/wp\/v2\/media\/7271"}],"wp:attachment":[{"href":"https:\/\/mom-design.com\/es\/wp-json\/wp\/v2\/media?parent=6713"}],"wp:term":[{"taxonomy":"product_brand","embeddable":true,"href":"https:\/\/mom-design.com\/es\/wp-json\/wp\/v2\/product_brand?post=6713"},{"taxonomy":"product_cat","embeddable":true,"href":"https:\/\/mom-design.com\/es\/wp-json\/wp\/v2\/product_cat?post=6713"},{"taxonomy":"product_tag","embeddable":true,"href":"https:\/\/mom-design.com\/es\/wp-json\/wp\/v2\/product_tag?post=6713"}],"curies":[{"name":"wp","href":"https:\/\/api.w.org\/{rel}","templated":true}]}}