{"id":6714,"date":"2024-07-23T21:23:33","date_gmt":"2024-07-23T19:23:33","guid":{"rendered":"https:\/\/mom-design.com\/?post_type=product&#038;p=6714"},"modified":"2025-10-25T20:48:41","modified_gmt":"2025-10-25T18:48:41","slug":"cache-rideau-design-blanc","status":"publish","type":"product","link":"https:\/\/mom-design.com\/es\/produit\/plinthes-12\/","title":{"rendered":"Cache-rideau en pvc design blanc 2 m\u00e8tres"},"content":{"rendered":"<h3><strong>Esta ocultar-y-blanco cortina de elegante dise\u00f1o es perfecto para mejorar la est\u00e9tica de sus espacios interiores. \u00a0<\/strong><\/h3>\n<h3><strong>\u00a0 \u00a0 \u00a0 \u00a0 \u00a0 \u00a0 <\/strong><span style=\"text-decoration: underline;\"><strong>Caracter\u00edsticas :<\/strong><\/span><\/h3>\n<p>&#8211; <span style=\"text-decoration: underline;\">Color<\/span> : Blanco<br \/>\n&#8211; <span style=\"text-decoration: underline;\">Dise\u00f1o<\/span> : Moderno y elegante<br \/>\n&#8211; <span style=\"text-decoration: underline;\">Mantenimiento<\/span> : F\u00e1cil de limpiar y resistente al desgaste<\/p>\n<h3><strong>\u00a0 \u00a0 \u00a0 \u00a0 \u00a0 \u00a0<span style=\"text-decoration: underline;\">La elegancia<\/span><\/strong><span style=\"text-decoration: underline;\"><strong> y la Modernidad con la Cach\u00e9 de la cortina Blanca de Dise\u00f1o<\/strong><\/span><\/h3>\n<p>Aportan un toque de modernidad y elegancia a tu espacio con nuestra memoria cach\u00e9 de la cortina de dise\u00f1o blanco<strong> LA MAM\u00c1 DE DISE\u00d1O<\/strong>. Dise\u00f1ado para adaptarse a <strong>cualquier tipo de decoraci\u00f3n<\/strong>para asegurar una larga durabilidad y estilo. Con su color blanco brillante <strong><a href=\"https:\/\/mom-design.com\/es\/producto\/plinthes-2\/\">iluminar tu espacio al instante<\/a>,<\/strong> la creaci\u00f3n de una atm\u00f3sfera que es relajante y contempor\u00e1neo.<\/p>\n<h3><strong>\u00a0 \u00a0 \u00a0 \u00a0 \u00a0 \u00a0<\/strong><span style=\"text-decoration: underline;\"><strong>Calidad Superior para una Decoraci\u00f3n \u00danica<\/strong><\/span><\/h3>\n<p class=\"translation-block\">En <strong>MOM DESIGN<\/strong>, nos enorgullecemos de ofrecer productos de calidad. Nuestra funda de cortina de dise\u00f1o no es una excepci\u00f3n. Gracias a su <strong>dise\u00f1o ingenioso<\/strong>, es <strong>f\u00e1cil de instalar y mantener<\/strong>, lo que la convierte en una opci\u00f3n perfecta para quienes buscan una soluci\u00f3n pr\u00e1ctica y elegante.<\/p>\n<p class=\"translation-block\">Ya sea para <strong>decorar tu hogar<\/strong> o para <strong>embellecer tu sala de estar<\/strong>, la funda de cortina de dise\u00f1o blanco es la elecci\u00f3n ideal. Su apariencia atemporal se adapta a todos los estilos, desde el m\u00e1s cl\u00e1sico hasta el m\u00e1s moderno. <strong>Comb\u00ednala con otros elementos decorativos de nuestra colecci\u00f3n para crear un ambiente armonioso y acogedor.<\/strong><\/p>","protected":false},"excerpt":{"rendered":"<p><a href=\"https:\/\/mom-design.com\/es\/producto\/plinthes-11\/\"><strong>El cach\u00e9 de la cortina blanca de dise\u00f1o<\/strong><\/a> es ideal para <strong>mejorar su <a href=\"https:\/\/mom-design.com\/es\/producto\/revetement-mural-11\/\">los espacios interiores<\/a><\/strong>. Encaja perfectamente en cualquier tipo de <strong>la decoraci\u00f3n moderna<\/strong>. Su color blanco puro le da un toque de brillo y sofisticaci\u00f3n, ideal para ambientes elegantes y contempor\u00e1neas.<\/p>\n<p>&nbsp;<\/p>","protected":false},"featured_media":7248,"comment_status":"open","ping_status":"closed","template":"","meta":{"_acf_changed":false},"product_brand":[],"product_cat":[53],"product_tag":[84,83],"class_list":{"0":"post-6714","1":"product","2":"type-product","3":"status-publish","4":"has-post-thumbnail","6":"product_cat-plinthes","7":"product_tag-exclusivite-mom","8":"product_tag-top-produit","9":"product_shipping_class-livraison-gls","11":"first","12":"instock","13":"taxable","14":"shipping-taxable","15":"purchasable","16":"product-type-simple","17":"add-to-wishlist-after_add_to_cart"},"acf":[],"yoast_head":"<!-- This site is optimized with the Yoast SEO plugin v27.0 - https:\/\/yoast.com\/product\/yoast-seo-wordpress\/ -->\n<title>Cache-rideau en pvc design blanc 2 m\u00e8tres | MOM DESIGN<\/title>\n<meta name=\"description\" content=\"Choisissez notre cache-rideau design blanc parfait pour une d\u00e9coration moderne. Disponible \u00e0 petit prix et uniquement sur notre site MOM DESIGN, avec livraison et retours gratuits.\" \/>\n<meta name=\"robots\" content=\"index, follow, max-snippet:-1, max-image-preview:large, max-video-preview:-1\" \/>\n<link rel=\"canonical\" href=\"https:\/\/mom-design.com\/es\/produit\/plinthes-12\/\" \/>\n<meta property=\"og:locale\" content=\"es_ES\" \/>\n<meta property=\"og:type\" content=\"article\" \/>\n<meta property=\"og:title\" content=\"Cache-rideau en pvc design blanc 2 m\u00e8tres | MOM DESIGN\" \/>\n<meta property=\"og:description\" content=\"Choisissez notre cache-rideau design blanc parfait pour une d\u00e9coration moderne. Disponible \u00e0 petit prix et uniquement sur notre site MOM DESIGN, avec livraison et retours gratuits.\" \/>\n<meta property=\"og:url\" content=\"https:\/\/mom-design.com\/es\/produit\/plinthes-12\/\" \/>\n<meta property=\"og:site_name\" content=\"MOM DESIGN\" \/>\n<meta property=\"article:modified_time\" content=\"2025-10-25T18:48:41+00:00\" \/>\n<meta property=\"og:image\" content=\"https:\/\/mom-design.com\/wp-content\/uploads\/2024\/07\/cache-rideau-mom-design-M2.jpeg\" \/>\n\t<meta property=\"og:image:width\" content=\"718\" \/>\n\t<meta property=\"og:image:height\" content=\"538\" \/>\n\t<meta property=\"og:image:type\" content=\"image\/jpeg\" \/>\n<meta name=\"twitter:card\" content=\"summary_large_image\" \/>\n<meta name=\"twitter:label1\" content=\"Tiempo de lectura\" \/>\n\t<meta name=\"twitter:data1\" content=\"2 minutos\" \/>\n<script type=\"application\/ld+json\" class=\"yoast-schema-graph\">{\"@context\":\"https:\/\/schema.org\",\"@graph\":[{\"@type\":\"WebPage\",\"@id\":\"https:\/\/mom-design.com\/es\/produit\/plinthes-12\/\",\"url\":\"https:\/\/mom-design.com\/es\/produit\/plinthes-12\/\",\"name\":\"Cache-rideau en pvc design blanc 2 m\u00e8tres | MOM DESIGN\",\"isPartOf\":{\"@id\":\"https:\/\/mom-design.com\/es\/#website\"},\"primaryImageOfPage\":{\"@id\":\"https:\/\/mom-design.com\/es\/produit\/plinthes-12\/#primaryimage\"},\"image\":{\"@id\":\"https:\/\/mom-design.com\/es\/produit\/plinthes-12\/#primaryimage\"},\"thumbnailUrl\":\"https:\/\/mom-design.com\/wp-content\/uploads\/2024\/07\/cache-rideau-mom-design-M2.jpeg\",\"datePublished\":\"2024-07-23T19:23:33+00:00\",\"dateModified\":\"2025-10-25T18:48:41+00:00\",\"description\":\"Choisissez notre cache-rideau design blanc parfait pour une d\u00e9coration moderne. Disponible \u00e0 petit prix et uniquement sur notre site MOM DESIGN, avec livraison et retours gratuits.\",\"breadcrumb\":{\"@id\":\"https:\/\/mom-design.com\/es\/produit\/plinthes-12\/#breadcrumb\"},\"inLanguage\":\"es\",\"potentialAction\":[{\"@type\":\"ReadAction\",\"target\":[\"https:\/\/mom-design.com\/es\/produit\/plinthes-12\/\"]}]},{\"@type\":\"ImageObject\",\"inLanguage\":\"es\",\"@id\":\"https:\/\/mom-design.com\/es\/produit\/plinthes-12\/#primaryimage\",\"url\":\"https:\/\/mom-design.com\/wp-content\/uploads\/2024\/07\/cache-rideau-mom-design-M2.jpeg\",\"contentUrl\":\"https:\/\/mom-design.com\/wp-content\/uploads\/2024\/07\/cache-rideau-mom-design-M2.jpeg\",\"width\":718,\"height\":538,\"caption\":\"cache rideau mom design M2 blanc pvc\"},{\"@type\":\"BreadcrumbList\",\"@id\":\"https:\/\/mom-design.com\/es\/produit\/plinthes-12\/#breadcrumb\",\"itemListElement\":[{\"@type\":\"ListItem\",\"position\":1,\"name\":\"D\u00e9coration murale d\u2019int\u00e9rieur\",\"item\":\"https:\/\/mom-design.com\/de\/\"},{\"@type\":\"ListItem\",\"position\":2,\"name\":\"Cache-rideau en pvc design blanc 2 m\u00e8tres\"}]},{\"@type\":\"WebSite\",\"@id\":\"https:\/\/mom-design.com\/es\/#website\",\"url\":\"https:\/\/mom-design.com\/es\/\",\"name\":\"MOM DESIGN\",\"description\":\"Sp\u00e9cialiste du design mural d&#039;int\u00e9rieur\",\"potentialAction\":[{\"@type\":\"SearchAction\",\"target\":{\"@type\":\"EntryPoint\",\"urlTemplate\":\"https:\/\/mom-design.com\/es\/?s={search_term_string}\"},\"query-input\":{\"@type\":\"PropertyValueSpecification\",\"valueRequired\":true,\"valueName\":\"search_term_string\"}}],\"inLanguage\":\"es\"}]}<\/script>\n<!-- \/ Yoast SEO plugin. -->","yoast_head_json":{"title":"Cache-rideau en pvc design blanc 2 m\u00e8tres | MOM DESIGN","description":"Choisissez notre cache-rideau design blanc parfait pour une d\u00e9coration moderne. Disponible \u00e0 petit prix et uniquement sur notre site MOM DESIGN, avec livraison et retours gratuits.","robots":{"index":"index","follow":"follow","max-snippet":"max-snippet:-1","max-image-preview":"max-image-preview:large","max-video-preview":"max-video-preview:-1"},"canonical":"https:\/\/mom-design.com\/es\/produit\/plinthes-12\/","og_locale":"es_ES","og_type":"article","og_title":"Cache-rideau en pvc design blanc 2 m\u00e8tres | MOM DESIGN","og_description":"Choisissez notre cache-rideau design blanc parfait pour une d\u00e9coration moderne. Disponible \u00e0 petit prix et uniquement sur notre site MOM DESIGN, avec livraison et retours gratuits.","og_url":"https:\/\/mom-design.com\/es\/produit\/plinthes-12\/","og_site_name":"MOM DESIGN","article_modified_time":"2025-10-25T18:48:41+00:00","og_image":[{"width":718,"height":538,"url":"https:\/\/mom-design.com\/wp-content\/uploads\/2024\/07\/cache-rideau-mom-design-M2.jpeg","type":"image\/jpeg"}],"twitter_card":"summary_large_image","twitter_misc":{"Tiempo de lectura":"2 minutos"},"schema":{"@context":"https:\/\/schema.org","@graph":[{"@type":"WebPage","@id":"https:\/\/mom-design.com\/es\/produit\/plinthes-12\/","url":"https:\/\/mom-design.com\/es\/produit\/plinthes-12\/","name":"Cache-rideau en pvc design blanc 2 m\u00e8tres | MOM DESIGN","isPartOf":{"@id":"https:\/\/mom-design.com\/es\/#website"},"primaryImageOfPage":{"@id":"https:\/\/mom-design.com\/es\/produit\/plinthes-12\/#primaryimage"},"image":{"@id":"https:\/\/mom-design.com\/es\/produit\/plinthes-12\/#primaryimage"},"thumbnailUrl":"https:\/\/mom-design.com\/wp-content\/uploads\/2024\/07\/cache-rideau-mom-design-M2.jpeg","datePublished":"2024-07-23T19:23:33+00:00","dateModified":"2025-10-25T18:48:41+00:00","description":"Choisissez notre cache-rideau design blanc parfait pour une d\u00e9coration moderne. Disponible \u00e0 petit prix et uniquement sur notre site MOM DESIGN, avec livraison et retours gratuits.","breadcrumb":{"@id":"https:\/\/mom-design.com\/es\/produit\/plinthes-12\/#breadcrumb"},"inLanguage":"es","potentialAction":[{"@type":"ReadAction","target":["https:\/\/mom-design.com\/es\/produit\/plinthes-12\/"]}]},{"@type":"ImageObject","inLanguage":"es","@id":"https:\/\/mom-design.com\/es\/produit\/plinthes-12\/#primaryimage","url":"https:\/\/mom-design.com\/wp-content\/uploads\/2024\/07\/cache-rideau-mom-design-M2.jpeg","contentUrl":"https:\/\/mom-design.com\/wp-content\/uploads\/2024\/07\/cache-rideau-mom-design-M2.jpeg","width":718,"height":538,"caption":"cache rideau mom design M2 blanc pvc"},{"@type":"BreadcrumbList","@id":"https:\/\/mom-design.com\/es\/produit\/plinthes-12\/#breadcrumb","itemListElement":[{"@type":"ListItem","position":1,"name":"D\u00e9coration murale d\u2019int\u00e9rieur","item":"https:\/\/mom-design.com\/de\/"},{"@type":"ListItem","position":2,"name":"Cache-rideau en pvc design blanc 2 m\u00e8tres"}]},{"@type":"WebSite","@id":"https:\/\/mom-design.com\/es\/#website","url":"https:\/\/mom-design.com\/es\/","name":"LA MAM\u00c1 DE DISE\u00d1O","description":"Sp\u00e9cialiste du design mural d'int\u00e9rieur","potentialAction":[{"@type":"SearchAction","target":{"@type":"EntryPoint","urlTemplate":"https:\/\/mom-design.com\/es\/?s={search_term_string}"},"query-input":{"@type":"PropertyValueSpecification","valueRequired":true,"valueName":"search_term_string"}}],"inLanguage":"es"}]}},"_links":{"self":[{"href":"https:\/\/mom-design.com\/es\/wp-json\/wp\/v2\/product\/6714","targetHints":{"allow":["GET"]}}],"collection":[{"href":"https:\/\/mom-design.com\/es\/wp-json\/wp\/v2\/product"}],"about":[{"href":"https:\/\/mom-design.com\/es\/wp-json\/wp\/v2\/types\/product"}],"replies":[{"embeddable":true,"href":"https:\/\/mom-design.com\/es\/wp-json\/wp\/v2\/comments?post=6714"}],"wp:featuredmedia":[{"embeddable":true,"href":"https:\/\/mom-design.com\/es\/wp-json\/wp\/v2\/media\/7248"}],"wp:attachment":[{"href":"https:\/\/mom-design.com\/es\/wp-json\/wp\/v2\/media?parent=6714"}],"wp:term":[{"taxonomy":"product_brand","embeddable":true,"href":"https:\/\/mom-design.com\/es\/wp-json\/wp\/v2\/product_brand?post=6714"},{"taxonomy":"product_cat","embeddable":true,"href":"https:\/\/mom-design.com\/es\/wp-json\/wp\/v2\/product_cat?post=6714"},{"taxonomy":"product_tag","embeddable":true,"href":"https:\/\/mom-design.com\/es\/wp-json\/wp\/v2\/product_tag?post=6714"}],"curies":[{"name":"wp","href":"https:\/\/api.w.org\/{rel}","templated":true}]}}