{"id":399,"date":"2021-08-23T10:46:54","date_gmt":"2021-08-23T10:46:54","guid":{"rendered":"https:\/\/modernshop.liquid-themes.com\/elementor\/?page_id=399"},"modified":"2024-07-25T00:10:10","modified_gmt":"2024-07-24T22:10:10","slug":"a-propos","status":"publish","type":"page","link":"https:\/\/mom-design.com\/fr\/a-propos\/","title":{"rendered":"\u00c0 propos"},"content":{"rendered":"\t\t<div data-elementor-type=\"wp-page\" data-elementor-id=\"399\" class=\"elementor elementor-399\" data-elementor-post-type=\"page\">\n\t\t\t\t<div class=\"elementor-element elementor-element-7552971 e-flex e-con-boxed e-con e-parent\" data-id=\"7552971\" data-element_type=\"container\" data-e-type=\"container\" data-settings=\"{&quot;background_background&quot;:&quot;classic&quot;}\">\n\t\t\t\t\t<div class=\"e-con-inner\">\n\t\t\t\t<div class=\"elementor-element elementor-element-5ec5e75 elementor-widget__width-initial elementor-widget elementor-widget-hub_fancy_heading\" data-id=\"5ec5e75\" data-element_type=\"widget\" data-e-type=\"widget\" data-widget_type=\"hub_fancy_heading.default\">\n\t\t\t\t<div class=\"elementor-widget-container\">\n\t\t\t\t\t\n\t\t<div id=\"ld-fancy-heading-69fe290562ecc\" class=\"ld-fancy-heading pos-rel\">\n\t\t\t<h2 class=\"ld-fh-element d-inline-block pos-rel  elementor-heading-title lqd-highlight-classic lqd-highlight-grow-left h2\"  > mom design, fabricant d'int\u00e9rieur design <\/h2>\t\t<\/div>\n\n\t\t\t\t\t\t<\/div>\n\t\t\t\t<\/div>\n\t\t\t\t\t<\/div>\n\t\t\t\t<\/div>\n\t\t<div class=\"elementor-element elementor-element-e31624f e-flex e-con-boxed e-con e-parent\" data-id=\"e31624f\" data-element_type=\"container\" data-e-type=\"container\" data-settings=\"{&quot;background_background&quot;:&quot;classic&quot;}\">\n\t\t\t\t\t<div class=\"e-con-inner\">\n\t\t\t\t<div class=\"elementor-element elementor-element-4df3890 elementor-widget__width-initial elementor-widget-mobile__width-inherit elementor-widget elementor-widget-hub_fancy_heading\" data-id=\"4df3890\" data-element_type=\"widget\" data-e-type=\"widget\" data-widget_type=\"hub_fancy_heading.default\">\n\t\t\t\t<div class=\"elementor-widget-container\">\n\t\t\t\t\t\n\t\t<div id=\"ld-fancy-heading-69fe290564238\" class=\"ld-fancy-heading pos-rel\">\n\t\t\t<p class=\"ld-fh-element d-inline-block pos-rel  lqd-highlight-classic lqd-highlight-grow-left p\"  > B\u00e9n\u00e9ficiez de notre savoir-faire en mati\u00e8re de choix de rev\u00eatement, de cloisons, cimaises et plinthes. Passionn\u00e9s de d\u00e9co, notre \u00e9quipe vous proposera les meilleurs produits pour rendre votre int\u00e9rieur tr\u00e8s tendance.<\/p>\t\t<\/div>\n\n\t\t\t\t\t\t<\/div>\n\t\t\t\t<\/div>\n\t\t\t\t\t<\/div>\n\t\t\t\t<\/div>\n\t\t<div class=\"elementor-element elementor-element-64d7082 e-flex e-con-boxed e-con e-parent\" data-id=\"64d7082\" data-element_type=\"container\" data-e-type=\"container\">\n\t\t\t\t\t<div class=\"e-con-inner\">\n\t\t<div class=\"elementor-element elementor-element-bc75d11 e-con-full e-flex e-con e-child\" data-id=\"bc75d11\" data-element_type=\"container\" data-e-type=\"container\">\n\t\t\t\t<div class=\"elementor-element elementor-element-bb941a2 elementor-widget elementor-widget-image\" data-id=\"bb941a2\" data-element_type=\"widget\" data-e-type=\"widget\" data-widget_type=\"image.default\">\n\t\t\t\t<div class=\"elementor-widget-container\">\n\t\t\t\t\t\t\t\t\t\t\t\t\t\t\t<img decoding=\"async\" src=\"https:\/\/mom-design.com\/wp-content\/plugins\/elementor\/assets\/images\/placeholder.png\" title=\"\" alt=\"\" loading=\"lazy\" \/>\t\t\t\t\t\t\t\t\t\t\t\t\t\t\t<\/div>\n\t\t\t\t<\/div>\n\t\t\t\t<\/div>\n\t\t<div class=\"elementor-element elementor-element-153c2d9 e-con-full e-flex e-con e-child\" data-id=\"153c2d9\" data-element_type=\"container\" data-e-type=\"container\">\n\t\t\t\t<div class=\"elementor-element elementor-element-ad9e227 elementor-widget__width-initial elementor-widget-mobile__width-inherit elementor-widget elementor-widget-hub_fancy_heading\" data-id=\"ad9e227\" data-element_type=\"widget\" data-e-type=\"widget\" data-widget_type=\"hub_fancy_heading.default\">\n\t\t\t\t<div class=\"elementor-widget-container\">\n\t\t\t\t\t\n\t\t<div id=\"ld-fancy-heading-69fe2905653f6\" class=\"ld-fancy-heading pos-rel\">\n\t\t\t<p class=\"ld-fh-element d-inline-block pos-rel  lqd-highlight-classic lqd-highlight-grow-left p\"  > En 2022, nous avons d\u00e9cid\u00e9 d'ouvrir notre portefeuille de produits au grand public, \u00e0 travers une structure de vente en ligne, pour permettre au plus grand nombre de b\u00e9n\u00e9ficier de conditions d'achat avantageuses sur des produits de qualit\u00e9.<\/p>\t\t<\/div>\n\n\t\t\t\t\t\t<\/div>\n\t\t\t\t<\/div>\n\t\t\t\t<\/div>\n\t\t\t\t\t<\/div>\n\t\t\t\t<\/div>\n\t\t<div class=\"elementor-element elementor-element-045fda0 e-flex e-con-boxed e-con e-parent\" data-id=\"045fda0\" data-element_type=\"container\" data-e-type=\"container\">\n\t\t\t\t\t<div class=\"e-con-inner\">\n\t\t<div class=\"elementor-element elementor-element-c7d988e e-con-full e-flex e-con e-child\" data-id=\"c7d988e\" data-element_type=\"container\" data-e-type=\"container\">\n\t\t\t\t<div class=\"elementor-element elementor-element-f1ed386 elementor-widget__width-initial elementor-widget-mobile__width-inherit elementor-widget elementor-widget-hub_fancy_heading\" data-id=\"f1ed386\" data-element_type=\"widget\" data-e-type=\"widget\" data-widget_type=\"hub_fancy_heading.default\">\n\t\t\t\t<div class=\"elementor-widget-container\">\n\t\t\t\t\t\n\t\t<div id=\"ld-fancy-heading-69fe2905663e3\" class=\"ld-fancy-heading pos-rel\">\n\t\t\t<p class=\"ld-fh-element d-inline-block pos-rel  lqd-highlight-classic lqd-highlight-grow-left p\"  > En 2021, nous nous ouvrons au d\u00e9coration d'int\u00e9rieur chez les particuliers afin de leur fournir une gamme de produits initialement destin\u00e9 \u00e0 l'h\u00f4tellerie. Nos \u00e9quipes r\u00e9alisent alors de magnifiques d\u00e9corations.<\/p>\t\t<\/div>\n\n\t\t\t\t\t\t<\/div>\n\t\t\t\t<\/div>\n\t\t\t\t<div class=\"elementor-element elementor-element-bfb3e4a elementor-widget elementor-widget-ld_button\" data-id=\"bfb3e4a\" data-element_type=\"widget\" data-e-type=\"widget\" data-widget_type=\"ld_button.default\">\n\t\t\t\t<div class=\"elementor-widget-container\">\n\t\t\t\t\t\n\t\t\t<a\n\t\t\t\thref=\"\/ecom\/fonctionnement\"class=\"elementor-button btn btn-solid btn-xsm btn-icon-shaped btn-has-label\"\t\t\t>\n\t\t\t\t\t\t\t\t\t<span data-text=\"Notre fonctionnement\" class=\"btn-txt\">\n\t\t\t\t\t\tNotre fonctionnement\t\t\t\t\t<\/span>\n\t\t\t\t\t\t\t\t\t\t\t<\/a>\n\t\t\t\t\t\t\t<\/div>\n\t\t\t\t<\/div>\n\t\t\t\t<\/div>\n\t\t<div class=\"elementor-element elementor-element-b114269 e-con-full e-flex e-con e-child\" data-id=\"b114269\" data-element_type=\"container\" data-e-type=\"container\">\n\t\t\t\t<div class=\"elementor-element elementor-element-00ba336 elementor-widget elementor-widget-image\" data-id=\"00ba336\" data-element_type=\"widget\" data-e-type=\"widget\" data-widget_type=\"image.default\">\n\t\t\t\t<div class=\"elementor-widget-container\">\n\t\t\t\t\t\t\t\t\t\t\t\t\t\t\t<img decoding=\"async\" src=\"https:\/\/mom-design.com\/wp-content\/plugins\/elementor\/assets\/images\/placeholder.png\" title=\"\" alt=\"\" loading=\"lazy\" \/>\t\t\t\t\t\t\t\t\t\t\t\t\t\t\t<\/div>\n\t\t\t\t<\/div>\n\t\t\t\t<\/div>\n\t\t\t\t\t<\/div>\n\t\t\t\t<\/div>\n\t\t<div class=\"elementor-element elementor-element-7b07054 e-flex e-con-boxed e-con e-parent\" data-id=\"7b07054\" data-element_type=\"container\" data-e-type=\"container\">\n\t\t\t\t\t<div class=\"e-con-inner\">\n\t\t<div class=\"elementor-element elementor-element-5ad8b0f e-con-full e-flex e-con e-child\" data-id=\"5ad8b0f\" data-element_type=\"container\" data-e-type=\"container\">\n\t\t\t\t<div class=\"elementor-element elementor-element-d3bb49e elementor-widget elementor-widget-image\" data-id=\"d3bb49e\" data-element_type=\"widget\" data-e-type=\"widget\" data-widget_type=\"image.default\">\n\t\t\t\t<div class=\"elementor-widget-container\">\n\t\t\t\t\t\t\t\t\t\t\t\t\t\t\t<img decoding=\"async\" src=\"https:\/\/mom-design.com\/wp-content\/plugins\/elementor\/assets\/images\/placeholder.png\" title=\"\" alt=\"\" loading=\"lazy\" \/>\t\t\t\t\t\t\t\t\t\t\t\t\t\t\t<\/div>\n\t\t\t\t<\/div>\n\t\t\t\t<\/div>\n\t\t<div class=\"elementor-element elementor-element-02d73f1 e-con-full e-flex e-con e-child\" data-id=\"02d73f1\" data-element_type=\"container\" data-e-type=\"container\">\n\t\t\t\t<div class=\"elementor-element elementor-element-b07bc6c elementor-widget__width-initial elementor-widget-mobile__width-inherit elementor-widget elementor-widget-hub_fancy_heading\" data-id=\"b07bc6c\" data-element_type=\"widget\" data-e-type=\"widget\" data-widget_type=\"hub_fancy_heading.default\">\n\t\t\t\t<div class=\"elementor-widget-container\">\n\t\t\t\t\t\n\t\t<div id=\"ld-fancy-heading-69fe29056dccb\" class=\"ld-fancy-heading pos-rel\">\n\t\t\t<p class=\"ld-fh-element d-inline-block pos-rel  lqd-highlight-classic lqd-highlight-grow-left p\"  > En 2019, nous travaillons avec de prestigieux h\u00f4tels partout en Europe et dans le monde. Nous les accompagnons dans le choix de la d\u00e9coration murale int\u00e9rieure de leur lobby, restaurants et chambres d'h\u00f4tels.<\/p>\t\t<\/div>\n\n\t\t\t\t\t\t<\/div>\n\t\t\t\t<\/div>\n\t\t\t\t<\/div>\n\t\t\t\t\t<\/div>\n\t\t\t\t<\/div>\n\t\t<div class=\"elementor-element elementor-element-0ce96c1 e-flex e-con-boxed e-con e-parent\" data-id=\"0ce96c1\" data-element_type=\"container\" data-e-type=\"container\" data-settings=\"{&quot;background_background&quot;:&quot;classic&quot;}\">\n\t\t\t\t\t<div class=\"e-con-inner\">\n\t\t\t\t<div class=\"elementor-element elementor-element-6c16692 elementor-widget elementor-widget-hub_fancy_heading\" data-id=\"6c16692\" data-element_type=\"widget\" data-e-type=\"widget\" data-widget_type=\"hub_fancy_heading.default\">\n\t\t\t\t<div class=\"elementor-widget-container\">\n\t\t\t\t\t\n\t\t<div id=\"ld-fancy-heading-69fe29056ef44\" class=\"ld-fancy-heading pos-rel\">\n\t\t\t<h2 class=\"ld-fh-element d-inline-block pos-rel  elementor-heading-title lqd-highlight-classic lqd-highlight-grow-left h2\"  > Nos collections<\/h2>\t\t<\/div>\n\n\t\t\t\t\t\t<\/div>\n\t\t\t\t<\/div>\n\t\t\t\t\t<\/div>\n\t\t\t\t<\/div>\n\t\t<div class=\"elementor-element elementor-element-49ce2d2 e-flex e-con-boxed e-con e-child\" data-id=\"49ce2d2\" data-element_type=\"container\" data-e-type=\"container\" data-settings=\"{&quot;background_background&quot;:&quot;classic&quot;}\">\n\t\t\t\t\t<div class=\"e-con-inner\">\n\t\t<div class=\"elementor-element elementor-element-7ea923a e-con-full e-flex e-con e-child\" data-id=\"7ea923a\" data-element_type=\"container\" data-e-type=\"container\">\n\t\t<div class=\"elementor-element elementor-element-5a0b28d e-con-full e-flex e-con e-child\" data-id=\"5a0b28d\" data-element_type=\"container\" data-e-type=\"container\" data-settings=\"{&quot;background_background&quot;:&quot;classic&quot;}\">\n\t\t\t\t<\/div>\n\t\t\t\t<div class=\"elementor-element elementor-element-0e3d945 elementor-widget elementor-widget-hub_fancy_heading\" data-id=\"0e3d945\" data-element_type=\"widget\" data-e-type=\"widget\" data-widget_type=\"hub_fancy_heading.default\">\n\t\t\t\t<div class=\"elementor-widget-container\">\n\t\t\t\t\t\n\t\t<div id=\"ld-fancy-heading-69fe290570085\" class=\"ld-fancy-heading pos-rel\">\n\t\t\t<h5 class=\"ld-fh-element d-inline-block pos-rel  elementor-heading-title lqd-highlight-classic lqd-highlight-grow-left h5\"  > Plinthes<\/h5>\t\t<\/div>\n\n\t\t\t\t\t\t<\/div>\n\t\t\t\t<\/div>\n\t\t\t\t<div class=\"elementor-element elementor-element-f0d9314 elementor-widget elementor-widget-ld_button\" data-id=\"f0d9314\" data-element_type=\"widget\" data-e-type=\"widget\" data-widget_type=\"ld_button.default\">\n\t\t\t\t<div class=\"elementor-widget-container\">\n\t\t\t\t\t\n\t\t\t<a\n\t\t\t\thref=\"https:\/\/mom-design.com\/categorie-produit\/plinthes\/\"class=\"elementor-button btn btn-underlined border-thin btn-icon-right btn-has-label\"\t\t\t>\n\t\t\t\t\t\t\t\t\t<span data-text=\"Voir la collection\" class=\"btn-txt\">\n\t\t\t\t\t\tVoir la collection\t\t\t\t\t<\/span>\n\t\t\t\t\t\t\t\t\t\t\t\t\t\t<span class=\"btn-icon\">\n\t\t\t\t\t\t\t<i aria-hidden=\"true\" class=\"lqd-icn-ess icon-md-arrow-forward\"><\/i>\t\t\t\t\t\t<\/span>\n\t\t\t\t\t\t\t\t\t<\/a>\n\t\t\t\t\t\t\t<\/div>\n\t\t\t\t<\/div>\n\t\t\t\t<\/div>\n\t\t<div class=\"elementor-element elementor-element-cdd2826 e-con-full e-flex e-con e-child\" data-id=\"cdd2826\" data-element_type=\"container\" data-e-type=\"container\">\n\t\t<div class=\"elementor-element elementor-element-00c2247 e-con-full e-flex e-con e-child\" data-id=\"00c2247\" data-element_type=\"container\" data-e-type=\"container\" data-settings=\"{&quot;background_background&quot;:&quot;classic&quot;}\">\n\t\t\t\t<\/div>\n\t\t\t\t<div class=\"elementor-element elementor-element-9eb8f0a elementor-widget elementor-widget-hub_fancy_heading\" data-id=\"9eb8f0a\" data-element_type=\"widget\" data-e-type=\"widget\" data-widget_type=\"hub_fancy_heading.default\">\n\t\t\t\t<div class=\"elementor-widget-container\">\n\t\t\t\t\t\n\t\t<div id=\"ld-fancy-heading-69fe2905736f7\" class=\"ld-fancy-heading pos-rel\">\n\t\t\t<h5 class=\"ld-fh-element d-inline-block pos-rel  elementor-heading-title lqd-highlight-classic lqd-highlight-grow-left h5\"  > Cimaises<\/h5>\t\t<\/div>\n\n\t\t\t\t\t\t<\/div>\n\t\t\t\t<\/div>\n\t\t\t\t<div class=\"elementor-element elementor-element-5b348d8 elementor-widget elementor-widget-ld_button\" data-id=\"5b348d8\" data-element_type=\"widget\" data-e-type=\"widget\" data-widget_type=\"ld_button.default\">\n\t\t\t\t<div class=\"elementor-widget-container\">\n\t\t\t\t\t\n\t\t\t<a\n\t\t\t\thref=\"https:\/\/mom-design.com\/categorie-produit\/cimaises\/\"class=\"elementor-button btn btn-underlined border-thin btn-icon-right btn-has-label\"\t\t\t>\n\t\t\t\t\t\t\t\t\t<span data-text=\"Voir la collection\" class=\"btn-txt\">\n\t\t\t\t\t\tVoir la collection\t\t\t\t\t<\/span>\n\t\t\t\t\t\t\t\t\t\t\t\t\t\t<span class=\"btn-icon\">\n\t\t\t\t\t\t\t<i aria-hidden=\"true\" class=\"lqd-icn-ess icon-md-arrow-forward\"><\/i>\t\t\t\t\t\t<\/span>\n\t\t\t\t\t\t\t\t\t<\/a>\n\t\t\t\t\t\t\t<\/div>\n\t\t\t\t<\/div>\n\t\t\t\t<\/div>\n\t\t<div class=\"elementor-element elementor-element-7d51577 e-con-full e-flex e-con e-child\" data-id=\"7d51577\" data-element_type=\"container\" data-e-type=\"container\">\n\t\t<div class=\"elementor-element elementor-element-08f1485 e-con-full e-flex e-con e-child\" data-id=\"08f1485\" data-element_type=\"container\" data-e-type=\"container\" data-settings=\"{&quot;background_background&quot;:&quot;classic&quot;}\">\n\t\t\t\t<\/div>\n\t\t\t\t<div class=\"elementor-element elementor-element-5b0e7a5 elementor-widget elementor-widget-hub_fancy_heading\" data-id=\"5b0e7a5\" data-element_type=\"widget\" data-e-type=\"widget\" data-widget_type=\"hub_fancy_heading.default\">\n\t\t\t\t<div class=\"elementor-widget-container\">\n\t\t\t\t\t\n\t\t<div id=\"ld-fancy-heading-69fe290577fee\" class=\"ld-fancy-heading pos-rel\">\n\t\t\t<h5 class=\"ld-fh-element d-inline-block pos-rel  elementor-heading-title lqd-highlight-classic lqd-highlight-grow-left h5\"  > Cloisons \/ S\u00e9parateurs<\/h5>\t\t<\/div>\n\n\t\t\t\t\t\t<\/div>\n\t\t\t\t<\/div>\n\t\t\t\t<div class=\"elementor-element elementor-element-31e2b0c elementor-widget elementor-widget-ld_button\" data-id=\"31e2b0c\" data-element_type=\"widget\" data-e-type=\"widget\" data-widget_type=\"ld_button.default\">\n\t\t\t\t<div class=\"elementor-widget-container\">\n\t\t\t\t\t\n\t\t\t<a\n\t\t\t\thref=\"https:\/\/mom-design.com\/categorie-produit\/cloison-separateur\/\"class=\"elementor-button btn btn-underlined border-thin btn-icon-right btn-has-label\"\t\t\t>\n\t\t\t\t\t\t\t\t\t<span data-text=\"Voir la collection\" class=\"btn-txt\">\n\t\t\t\t\t\tVoir la collection\t\t\t\t\t<\/span>\n\t\t\t\t\t\t\t\t\t\t\t\t\t\t<span class=\"btn-icon\">\n\t\t\t\t\t\t\t<i aria-hidden=\"true\" class=\"lqd-icn-ess icon-md-arrow-forward\"><\/i>\t\t\t\t\t\t<\/span>\n\t\t\t\t\t\t\t\t\t<\/a>\n\t\t\t\t\t\t\t<\/div>\n\t\t\t\t<\/div>\n\t\t\t\t<\/div>\n\t\t<div class=\"elementor-element elementor-element-bc7925a e-con-full e-flex e-con e-child\" data-id=\"bc7925a\" data-element_type=\"container\" data-e-type=\"container\">\n\t\t<div class=\"elementor-element elementor-element-dff2e4a e-con-full e-flex e-con e-child\" data-id=\"dff2e4a\" data-element_type=\"container\" data-e-type=\"container\" data-settings=\"{&quot;background_background&quot;:&quot;classic&quot;}\">\n\t\t\t\t<\/div>\n\t\t\t\t<div class=\"elementor-element elementor-element-9b24bff elementor-widget elementor-widget-hub_fancy_heading\" data-id=\"9b24bff\" data-element_type=\"widget\" data-e-type=\"widget\" data-widget_type=\"hub_fancy_heading.default\">\n\t\t\t\t<div class=\"elementor-widget-container\">\n\t\t\t\t\t\n\t\t<div id=\"ld-fancy-heading-69fe29057bb51\" class=\"ld-fancy-heading pos-rel\">\n\t\t\t<h5 class=\"ld-fh-element d-inline-block pos-rel  elementor-heading-title lqd-highlight-classic lqd-highlight-grow-left h5\"  > Rev\u00eatement mural<\/h5>\t\t<\/div>\n\n\t\t\t\t\t\t<\/div>\n\t\t\t\t<\/div>\n\t\t\t\t<div class=\"elementor-element elementor-element-7b9a458 elementor-widget elementor-widget-ld_button\" data-id=\"7b9a458\" data-element_type=\"widget\" data-e-type=\"widget\" data-widget_type=\"ld_button.default\">\n\t\t\t\t<div class=\"elementor-widget-container\">\n\t\t\t\t\t\n\t\t\t<a\n\t\t\t\thref=\"https:\/\/mom-design.com\/categorie-produit\/revetement-mural\/\"class=\"elementor-button btn btn-underlined border-thin btn-icon-right btn-has-label\"\t\t\t>\n\t\t\t\t\t\t\t\t\t<span data-text=\"Voir la collection\" class=\"btn-txt\">\n\t\t\t\t\t\tVoir la collection\t\t\t\t\t<\/span>\n\t\t\t\t\t\t\t\t\t\t\t\t\t\t<span class=\"btn-icon\">\n\t\t\t\t\t\t\t<i aria-hidden=\"true\" class=\"lqd-icn-ess icon-md-arrow-forward\"><\/i>\t\t\t\t\t\t<\/span>\n\t\t\t\t\t\t\t\t\t<\/a>\n\t\t\t\t\t\t\t<\/div>\n\t\t\t\t<\/div>\n\t\t\t\t<\/div>\n\t\t\t\t\t<\/div>\n\t\t\t\t<\/div>\n\t\t\t\t<\/div>\n\t\t","protected":false},"excerpt":{"rendered":"<p>mom design, fabricant d&#8217;int\u00e9rieur design B\u00e9n\u00e9ficiez de notre savoir-faire en mati\u00e8re de choix de rev\u00eatement, de cloisons, cimaises et plinthes. Passionn\u00e9s de d\u00e9co, notre \u00e9quipe vous proposera les meilleurs produits pour rendre votre int\u00e9rieur tr\u00e8s tendance. En 2022, nous avons d\u00e9cid\u00e9 d&#8217;ouvrir notre portefeuille de produits au grand public, \u00e0 travers une structure de vente [&hellip;]<\/p>\n","protected":false},"author":1,"featured_media":0,"parent":0,"menu_order":0,"comment_status":"closed","ping_status":"closed","template":"","meta":{"_acf_changed":false,"footnotes":""},"class_list":["post-399","page","type-page","status-publish","hentry"],"acf":[],"yoast_head":"<!-- This site is optimized with the Yoast SEO plugin v27.0 - https:\/\/yoast.com\/product\/yoast-seo-wordpress\/ -->\n<title>\u00c0 propos | MOM DESIGN<\/title>\n<meta name=\"robots\" content=\"index, follow, max-snippet:-1, max-image-preview:large, max-video-preview:-1\" \/>\n<link rel=\"canonical\" href=\"https:\/\/mom-design.com\/fr\/a-propos\/\" \/>\n<meta property=\"og:locale\" content=\"fr_FR\" \/>\n<meta property=\"og:type\" content=\"article\" \/>\n<meta property=\"og:title\" content=\"\u00c0 propos | MOM DESIGN\" \/>\n<meta property=\"og:description\" content=\"mom design, fabricant d&#8217;int\u00e9rieur design B\u00e9n\u00e9ficiez de notre savoir-faire en mati\u00e8re de choix de rev\u00eatement, de cloisons, cimaises et plinthes. Passionn\u00e9s de d\u00e9co, notre \u00e9quipe vous proposera les meilleurs produits pour rendre votre int\u00e9rieur tr\u00e8s tendance. En 2022, nous avons d\u00e9cid\u00e9 d&#8217;ouvrir notre portefeuille de produits au grand public, \u00e0 travers une structure de vente [&hellip;]\" \/>\n<meta property=\"og:url\" content=\"https:\/\/mom-design.com\/fr\/a-propos\/\" \/>\n<meta property=\"og:site_name\" content=\"MOM DESIGN\" \/>\n<meta property=\"article:modified_time\" content=\"2024-07-24T22:10:10+00:00\" \/>\n<meta property=\"og:image\" content=\"https:\/\/mom-design.com\/wp-content\/plugins\/elementor\/assets\/images\/placeholder.png\" \/>\n<meta name=\"twitter:card\" content=\"summary_large_image\" \/>\n<meta name=\"twitter:label1\" content=\"Dur\u00e9e de lecture estim\u00e9e\" \/>\n\t<meta name=\"twitter:data1\" content=\"2 minutes\" \/>\n<script type=\"application\/ld+json\" class=\"yoast-schema-graph\">{\"@context\":\"https:\/\/schema.org\",\"@graph\":[{\"@type\":\"WebPage\",\"@id\":\"https:\/\/mom-design.com\/fr\/a-propos\/\",\"url\":\"https:\/\/mom-design.com\/fr\/a-propos\/\",\"name\":\"\u00c0 propos | MOM DESIGN\",\"isPartOf\":{\"@id\":\"https:\/\/mom-design.com\/fr\/#website\"},\"primaryImageOfPage\":{\"@id\":\"https:\/\/mom-design.com\/fr\/a-propos\/#primaryimage\"},\"image\":{\"@id\":\"https:\/\/mom-design.com\/fr\/a-propos\/#primaryimage\"},\"thumbnailUrl\":\"https:\/\/mom-design.com\/wp-content\/plugins\/elementor\/assets\/images\/placeholder.png\",\"datePublished\":\"2021-08-23T10:46:54+00:00\",\"dateModified\":\"2024-07-24T22:10:10+00:00\",\"breadcrumb\":{\"@id\":\"https:\/\/mom-design.com\/fr\/a-propos\/#breadcrumb\"},\"inLanguage\":\"fr-FR\",\"potentialAction\":[{\"@type\":\"ReadAction\",\"target\":[\"https:\/\/mom-design.com\/fr\/a-propos\/\"]}]},{\"@type\":\"ImageObject\",\"inLanguage\":\"fr-FR\",\"@id\":\"https:\/\/mom-design.com\/fr\/a-propos\/#primaryimage\",\"url\":\"https:\/\/mom-design.com\/wp-content\/plugins\/elementor\/assets\/images\/placeholder.png\",\"contentUrl\":\"https:\/\/mom-design.com\/wp-content\/plugins\/elementor\/assets\/images\/placeholder.png\"},{\"@type\":\"BreadcrumbList\",\"@id\":\"https:\/\/mom-design.com\/fr\/a-propos\/#breadcrumb\",\"itemListElement\":[{\"@type\":\"ListItem\",\"position\":1,\"name\":\"D\u00e9coration murale d\u2019int\u00e9rieur\",\"item\":\"https:\/\/mom-design.com\/de\/\"},{\"@type\":\"ListItem\",\"position\":2,\"name\":\"\u00c0 propos\"}]},{\"@type\":\"WebSite\",\"@id\":\"https:\/\/mom-design.com\/fr\/#website\",\"url\":\"https:\/\/mom-design.com\/fr\/\",\"name\":\"MOM DESIGN\",\"description\":\"Sp\u00e9cialiste du design mural d&#039;int\u00e9rieur\",\"potentialAction\":[{\"@type\":\"SearchAction\",\"target\":{\"@type\":\"EntryPoint\",\"urlTemplate\":\"https:\/\/mom-design.com\/fr\/?s={search_term_string}\"},\"query-input\":{\"@type\":\"PropertyValueSpecification\",\"valueRequired\":true,\"valueName\":\"search_term_string\"}}],\"inLanguage\":\"fr-FR\"}]}<\/script>\n<!-- \/ Yoast SEO plugin. -->","yoast_head_json":{"title":"\u00c0 propos | MOM DESIGN","robots":{"index":"index","follow":"follow","max-snippet":"max-snippet:-1","max-image-preview":"max-image-preview:large","max-video-preview":"max-video-preview:-1"},"canonical":"https:\/\/mom-design.com\/fr\/a-propos\/","og_locale":"fr_FR","og_type":"article","og_title":"\u00c0 propos | MOM DESIGN","og_description":"mom design, fabricant d&#8217;int\u00e9rieur design B\u00e9n\u00e9ficiez de notre savoir-faire en mati\u00e8re de choix de rev\u00eatement, de cloisons, cimaises et plinthes. Passionn\u00e9s de d\u00e9co, notre \u00e9quipe vous proposera les meilleurs produits pour rendre votre int\u00e9rieur tr\u00e8s tendance. En 2022, nous avons d\u00e9cid\u00e9 d&#8217;ouvrir notre portefeuille de produits au grand public, \u00e0 travers une structure de vente [&hellip;]","og_url":"https:\/\/mom-design.com\/fr\/a-propos\/","og_site_name":"MOM DESIGN","article_modified_time":"2024-07-24T22:10:10+00:00","og_image":[{"url":"https:\/\/mom-design.com\/wp-content\/plugins\/elementor\/assets\/images\/placeholder.png","type":"","width":"","height":""}],"twitter_card":"summary_large_image","twitter_misc":{"Dur\u00e9e de lecture estim\u00e9e":"2 minutes"},"schema":{"@context":"https:\/\/schema.org","@graph":[{"@type":"WebPage","@id":"https:\/\/mom-design.com\/fr\/a-propos\/","url":"https:\/\/mom-design.com\/fr\/a-propos\/","name":"\u00c0 propos | MOM DESIGN","isPartOf":{"@id":"https:\/\/mom-design.com\/fr\/#website"},"primaryImageOfPage":{"@id":"https:\/\/mom-design.com\/fr\/a-propos\/#primaryimage"},"image":{"@id":"https:\/\/mom-design.com\/fr\/a-propos\/#primaryimage"},"thumbnailUrl":"https:\/\/mom-design.com\/wp-content\/plugins\/elementor\/assets\/images\/placeholder.png","datePublished":"2021-08-23T10:46:54+00:00","dateModified":"2024-07-24T22:10:10+00:00","breadcrumb":{"@id":"https:\/\/mom-design.com\/fr\/a-propos\/#breadcrumb"},"inLanguage":"fr-FR","potentialAction":[{"@type":"ReadAction","target":["https:\/\/mom-design.com\/fr\/a-propos\/"]}]},{"@type":"ImageObject","inLanguage":"fr-FR","@id":"https:\/\/mom-design.com\/fr\/a-propos\/#primaryimage","url":"https:\/\/mom-design.com\/wp-content\/plugins\/elementor\/assets\/images\/placeholder.png","contentUrl":"https:\/\/mom-design.com\/wp-content\/plugins\/elementor\/assets\/images\/placeholder.png"},{"@type":"BreadcrumbList","@id":"https:\/\/mom-design.com\/fr\/a-propos\/#breadcrumb","itemListElement":[{"@type":"ListItem","position":1,"name":"D\u00e9coration murale d\u2019int\u00e9rieur","item":"https:\/\/mom-design.com\/de\/"},{"@type":"ListItem","position":2,"name":"\u00c0 propos"}]},{"@type":"WebSite","@id":"https:\/\/mom-design.com\/fr\/#website","url":"https:\/\/mom-design.com\/fr\/","name":"MOM DESIGN","description":"Sp\u00e9cialiste du design mural d&#039;int\u00e9rieur","potentialAction":[{"@type":"SearchAction","target":{"@type":"EntryPoint","urlTemplate":"https:\/\/mom-design.com\/fr\/?s={search_term_string}"},"query-input":{"@type":"PropertyValueSpecification","valueRequired":true,"valueName":"search_term_string"}}],"inLanguage":"fr-FR"}]}},"_links":{"self":[{"href":"https:\/\/mom-design.com\/fr\/wp-json\/wp\/v2\/pages\/399","targetHints":{"allow":["GET"]}}],"collection":[{"href":"https:\/\/mom-design.com\/fr\/wp-json\/wp\/v2\/pages"}],"about":[{"href":"https:\/\/mom-design.com\/fr\/wp-json\/wp\/v2\/types\/page"}],"author":[{"embeddable":true,"href":"https:\/\/mom-design.com\/fr\/wp-json\/wp\/v2\/users\/1"}],"replies":[{"embeddable":true,"href":"https:\/\/mom-design.com\/fr\/wp-json\/wp\/v2\/comments?post=399"}],"version-history":[{"count":30,"href":"https:\/\/mom-design.com\/fr\/wp-json\/wp\/v2\/pages\/399\/revisions"}],"predecessor-version":[{"id":6739,"href":"https:\/\/mom-design.com\/fr\/wp-json\/wp\/v2\/pages\/399\/revisions\/6739"}],"wp:attachment":[{"href":"https:\/\/mom-design.com\/fr\/wp-json\/wp\/v2\/media?parent=399"}],"curies":[{"name":"wp","href":"https:\/\/api.w.org\/{rel}","templated":true}]}}