{"id":6710,"date":"2024-07-23T21:21:47","date_gmt":"2024-07-23T19:21:47","guid":{"rendered":"https:\/\/mom-design.com\/?post_type=product&#038;p=6710"},"modified":"2025-10-25T20:28:52","modified_gmt":"2025-10-25T18:28:52","slug":"plinthe-murale-en-pvc-blanche-2-m-7","status":"publish","type":"product","link":"https:\/\/mom-design.com\/fr\/produit\/plinthes-8\/","title":{"rendered":"Plinthe murale en pvc blanche 2 m\u00e8tres Charles I"},"content":{"rendered":"<h4>\u00a0 \u00a0 \u00a0 \u00a0 \u00a0 \u00a0 \u00a0 \u00a0 <span style=\"text-decoration: underline;\">Caract\u00e9ristiques :<\/span><\/h4>\n<p>&#8211; <span style=\"text-decoration: underline;\">Couleur<\/span> : blanc<br \/>\n&#8211; <span style=\"text-decoration: underline;\">Hauteur<\/span> : 9 cm<br \/>\n&#8211; <span style=\"text-decoration: underline;\">Longueur<\/span> : 2 m\u00e8tres<br \/>\n&#8211; <span style=\"text-decoration: underline;\">Mati\u00e8re<\/span> : PVC<br \/>\n&#8211; <span style=\"text-decoration: underline;\">Personnalisable<\/span> : peut-\u00eatre peinte<br \/>\n&#8211; <span style=\"text-decoration: underline;\">Installation<\/span> : facile et rapide<\/p>\n<h4>\u00a0 \u00a0 \u00a0 \u00a0 \u00a0 \u00a0 \u00a0 \u00a0 <span style=\"text-decoration: underline;\">Ajoutez une Finition Parfaite avec la Plinthe Murale en PVC Blanche<\/span><\/h4>\n<p>Pour donner \u00e0 votre int\u00e9rieur <a href=\"https:\/\/mom-design.com\/fr\/produit\/plinthes-12\/\"><strong>une touche de perfection<\/strong><\/a>, optez pour notre plinthe murale en PVC blanche de 2 m\u00e8tres. En effet, cette plinthe allie la <strong>simplicit\u00e9 d&#8217;installation<\/strong> et <strong>l&#8217;esth\u00e9tique moderne<\/strong>, garantissant une finition soign\u00e9e de vos pi\u00e8ces. Gr\u00e2ce \u00e0 sa hauteur de 9 cm, elle apporte une \u00e9l\u00e9gance discr\u00e8te, tout en prot\u00e9geant vos murs des \u00e9ventuels chocs et salissures. Ce produit polyvalent s\u2019adapte \u00e0 <strong>tous types de d\u00e9cors<\/strong>, du plus classique au plus contemporain.<\/p>\n<h4>\u00a0 \u00a0 \u00a0 \u00a0 \u00a0 \u00a0 \u00a0 \u00a0<span style=\"text-decoration: underline;\">Une Solution Durable et Personnalisable<\/span><\/h4>\n<p><strong>Fabriqu\u00e9e en PVC, cette plinthe <a href=\"https:\/\/mom-design.com\/fr\/produit\/cimaises-2\/\">murale<\/a> se distingue par sa r\u00e9sistance et sa durabilit\u00e9.<\/strong> Non seulement, elle r\u00e9siste aux \u00e9raflures et aux chocs, mais elle est aussi <a href=\"https:\/\/mom-design.com\/fr\/produit\/revetement-mural-12\/\"><strong>facile \u00e0 nettoyer<\/strong><\/a>, ce qui en fait un choix id\u00e9al pour les foyers actifs. De plus, elle <strong>peut \u00eatre peinte selon vos pr\u00e9f\u00e9rences,<\/strong> vous offrant ainsi la possibilit\u00e9 de personnaliser votre int\u00e9rieur selon vos go\u00fbts. Ainsi, vous pouvez facilement l&#8217;harmoniser avec les couleurs de vos murs ou de vos meubles, cr\u00e9ant un espace coh\u00e9rent et agr\u00e9able.<\/p>\n<h4>\u00a0 \u00a0 \u00a0 \u00a0 \u00a0 \u00a0 \u00a0 \u00a0<span style=\"text-decoration: underline;\">Installation Facile pour un R\u00e9sultat Professionnel<\/span><\/h4>\n<p>L&#8217;installation de cette plinthe murale\u00a0 est <strong>\u00e0 la port\u00e9e de tous<\/strong>. Il vous suffit de la fixer et en un rien de temps, vos murs auront une finition impeccable, et vos pi\u00e8ces seront transform\u00e9es.<br \/>\nAvec un minimum d&#8217;effort, obtenez un r\u00e9sultat professionnel qui saura impressionner vos invit\u00e9s.<\/p>\n<h4>\u00a0 \u00a0 \u00a0 \u00a0 \u00a0 \u00a0 \u00a0 \u00a0<span style=\"text-decoration: underline;\">Pourquoi Choisir MOM DESIGN pour vos Plinthes ?<\/span><\/h4>\n<p><strong>Chez MOM DESIGN<\/strong>, nous nous engageons \u00e0 fournir des produits de haute qualit\u00e9 qui r\u00e9pondent \u00e0 vos besoins et surpassent vos attentes. Nos plinthes murales en PVC ne font pas exception. <strong>En choisissant notre boutique, vous b\u00e9n\u00e9ficiez non seulement d\u2019un produit \u00e9l\u00e9gant et durable, mais aussi d\u2019un service client exemplaire, avec livraison et retours gratuits.<\/strong> Nous comprenons l&#8217;importance de chaque d\u00e9tail dans la cr\u00e9ation d&#8217;un int\u00e9rieur harmonieux, c&#8217;est pourquoi nous offrons une gamme de produits soigneusement s\u00e9lectionn\u00e9s pour compl\u00e9ter votre d\u00e9coration.<\/p>\n","protected":false},"excerpt":{"rendered":"<p><strong>Cette <a href=\"https:\/\/mom-design.com\/fr\/produit\/plinthes-6\/\">plinthe murale en PVC blanch<\/a><\/strong>e de 2 m\u00e8tres de longueur et 9 cm de hauteur est la solution id\u00e9ale pour une finition \u00e9l\u00e9gante de vos int\u00e9rieurs. Con\u00e7ue en PVC durable, elle peut \u00eatre peinte pour s\u2019adapter \u00e0 votre d\u00e9coration, offrant une installation simple et rapide pour un r\u00e9sultat soign\u00e9 et moderne.<\/p>\n","protected":false},"featured_media":7290,"comment_status":"open","ping_status":"closed","template":"","meta":{"_acf_changed":false},"product_brand":[],"product_cat":[53],"product_tag":[],"class_list":{"0":"post-6710","1":"product","2":"type-product","3":"status-publish","4":"has-post-thumbnail","6":"product_cat-plinthes","7":"product_shipping_class-livraison-gls","9":"first","10":"instock","11":"taxable","12":"shipping-taxable","13":"purchasable","14":"product-type-simple","15":"add-to-wishlist-after_add_to_cart"},"acf":[],"yoast_head":"<!-- This site is optimized with the Yoast SEO plugin v27.0 - https:\/\/yoast.com\/product\/yoast-seo-wordpress\/ -->\n<title>Plinthe murale en pvc blanche 2 m\u00e8tres Charles I | MOM DESIGN<\/title>\n<meta name=\"description\" content=\"D\u00e9couvrez la plinthe murale en PVC blanche de 2 m, parfaite pour une finition moderne et \u00e9l\u00e9gante. Facile \u00e0 installer et personnalisable, avec livraison et retours gratuits. Disponible \u00e0 petit prix chez MOM DESIGN.\" \/>\n<meta name=\"robots\" content=\"index, follow, max-snippet:-1, max-image-preview:large, max-video-preview:-1\" \/>\n<link rel=\"canonical\" href=\"https:\/\/mom-design.com\/fr\/produit\/plinthes-8\/\" \/>\n<meta property=\"og:locale\" content=\"fr_FR\" \/>\n<meta property=\"og:type\" content=\"article\" \/>\n<meta property=\"og:title\" content=\"Plinthe murale en pvc blanche 2 m\u00e8tres Charles I | MOM DESIGN\" \/>\n<meta property=\"og:description\" content=\"D\u00e9couvrez la plinthe murale en PVC blanche de 2 m, parfaite pour une finition moderne et \u00e9l\u00e9gante. Facile \u00e0 installer et personnalisable, avec livraison et retours gratuits. Disponible \u00e0 petit prix chez MOM DESIGN.\" \/>\n<meta property=\"og:url\" content=\"https:\/\/mom-design.com\/fr\/produit\/plinthes-8\/\" \/>\n<meta property=\"og:site_name\" content=\"MOM DESIGN\" \/>\n<meta property=\"article:modified_time\" content=\"2025-10-25T18:28:52+00:00\" \/>\n<meta property=\"og:image\" content=\"https:\/\/mom-design.com\/wp-content\/uploads\/2024\/07\/plinthe-pvc-mom-design-M3.jpeg\" \/>\n\t<meta property=\"og:image:width\" content=\"718\" \/>\n\t<meta property=\"og:image:height\" content=\"538\" \/>\n\t<meta property=\"og:image:type\" content=\"image\/jpeg\" \/>\n<meta name=\"twitter:card\" content=\"summary_large_image\" \/>\n<meta name=\"twitter:label1\" content=\"Dur\u00e9e de lecture estim\u00e9e\" \/>\n\t<meta name=\"twitter:data1\" content=\"2 minutes\" \/>\n<script type=\"application\/ld+json\" class=\"yoast-schema-graph\">{\"@context\":\"https:\/\/schema.org\",\"@graph\":[{\"@type\":\"WebPage\",\"@id\":\"https:\/\/mom-design.com\/fr\/produit\/plinthes-8\/\",\"url\":\"https:\/\/mom-design.com\/fr\/produit\/plinthes-8\/\",\"name\":\"Plinthe murale en pvc blanche 2 m\u00e8tres Charles I | MOM DESIGN\",\"isPartOf\":{\"@id\":\"https:\/\/mom-design.com\/fr\/#website\"},\"primaryImageOfPage\":{\"@id\":\"https:\/\/mom-design.com\/fr\/produit\/plinthes-8\/#primaryimage\"},\"image\":{\"@id\":\"https:\/\/mom-design.com\/fr\/produit\/plinthes-8\/#primaryimage\"},\"thumbnailUrl\":\"https:\/\/mom-design.com\/wp-content\/uploads\/2024\/07\/plinthe-pvc-mom-design-M3.jpeg\",\"datePublished\":\"2024-07-23T19:21:47+00:00\",\"dateModified\":\"2025-10-25T18:28:52+00:00\",\"description\":\"D\u00e9couvrez la plinthe murale en PVC blanche de 2 m, parfaite pour une finition moderne et \u00e9l\u00e9gante. Facile \u00e0 installer et personnalisable, avec livraison et retours gratuits. Disponible \u00e0 petit prix chez MOM DESIGN.\",\"breadcrumb\":{\"@id\":\"https:\/\/mom-design.com\/fr\/produit\/plinthes-8\/#breadcrumb\"},\"inLanguage\":\"fr-FR\",\"potentialAction\":[{\"@type\":\"ReadAction\",\"target\":[\"https:\/\/mom-design.com\/fr\/produit\/plinthes-8\/\"]}]},{\"@type\":\"ImageObject\",\"inLanguage\":\"fr-FR\",\"@id\":\"https:\/\/mom-design.com\/fr\/produit\/plinthes-8\/#primaryimage\",\"url\":\"https:\/\/mom-design.com\/wp-content\/uploads\/2024\/07\/plinthe-pvc-mom-design-M3.jpeg\",\"contentUrl\":\"https:\/\/mom-design.com\/wp-content\/uploads\/2024\/07\/plinthe-pvc-mom-design-M3.jpeg\",\"width\":718,\"height\":538},{\"@type\":\"BreadcrumbList\",\"@id\":\"https:\/\/mom-design.com\/fr\/produit\/plinthes-8\/#breadcrumb\",\"itemListElement\":[{\"@type\":\"ListItem\",\"position\":1,\"name\":\"D\u00e9coration murale d\u2019int\u00e9rieur\",\"item\":\"https:\/\/mom-design.com\/de\/\"},{\"@type\":\"ListItem\",\"position\":2,\"name\":\"Plinthe murale en pvc blanche 2 m\u00e8tres Charles I\"}]},{\"@type\":\"WebSite\",\"@id\":\"https:\/\/mom-design.com\/fr\/#website\",\"url\":\"https:\/\/mom-design.com\/fr\/\",\"name\":\"MOM DESIGN\",\"description\":\"Sp\u00e9cialiste du design mural d&#039;int\u00e9rieur\",\"potentialAction\":[{\"@type\":\"SearchAction\",\"target\":{\"@type\":\"EntryPoint\",\"urlTemplate\":\"https:\/\/mom-design.com\/fr\/?s={search_term_string}\"},\"query-input\":{\"@type\":\"PropertyValueSpecification\",\"valueRequired\":true,\"valueName\":\"search_term_string\"}}],\"inLanguage\":\"fr-FR\"}]}<\/script>\n<!-- \/ Yoast SEO plugin. -->","yoast_head_json":{"title":"Plinthe murale en pvc blanche 2 m\u00e8tres Charles I | MOM DESIGN","description":"D\u00e9couvrez la plinthe murale en PVC blanche de 2 m, parfaite pour une finition moderne et \u00e9l\u00e9gante. Facile \u00e0 installer et personnalisable, avec livraison et retours gratuits. Disponible \u00e0 petit prix chez MOM DESIGN.","robots":{"index":"index","follow":"follow","max-snippet":"max-snippet:-1","max-image-preview":"max-image-preview:large","max-video-preview":"max-video-preview:-1"},"canonical":"https:\/\/mom-design.com\/fr\/produit\/plinthes-8\/","og_locale":"fr_FR","og_type":"article","og_title":"Plinthe murale en pvc blanche 2 m\u00e8tres Charles I | MOM DESIGN","og_description":"D\u00e9couvrez la plinthe murale en PVC blanche de 2 m, parfaite pour une finition moderne et \u00e9l\u00e9gante. Facile \u00e0 installer et personnalisable, avec livraison et retours gratuits. Disponible \u00e0 petit prix chez MOM DESIGN.","og_url":"https:\/\/mom-design.com\/fr\/produit\/plinthes-8\/","og_site_name":"MOM DESIGN","article_modified_time":"2025-10-25T18:28:52+00:00","og_image":[{"width":718,"height":538,"url":"https:\/\/mom-design.com\/wp-content\/uploads\/2024\/07\/plinthe-pvc-mom-design-M3.jpeg","type":"image\/jpeg"}],"twitter_card":"summary_large_image","twitter_misc":{"Dur\u00e9e de lecture estim\u00e9e":"2 minutes"},"schema":{"@context":"https:\/\/schema.org","@graph":[{"@type":"WebPage","@id":"https:\/\/mom-design.com\/fr\/produit\/plinthes-8\/","url":"https:\/\/mom-design.com\/fr\/produit\/plinthes-8\/","name":"Plinthe murale en pvc blanche 2 m\u00e8tres Charles I | MOM DESIGN","isPartOf":{"@id":"https:\/\/mom-design.com\/fr\/#website"},"primaryImageOfPage":{"@id":"https:\/\/mom-design.com\/fr\/produit\/plinthes-8\/#primaryimage"},"image":{"@id":"https:\/\/mom-design.com\/fr\/produit\/plinthes-8\/#primaryimage"},"thumbnailUrl":"https:\/\/mom-design.com\/wp-content\/uploads\/2024\/07\/plinthe-pvc-mom-design-M3.jpeg","datePublished":"2024-07-23T19:21:47+00:00","dateModified":"2025-10-25T18:28:52+00:00","description":"D\u00e9couvrez la plinthe murale en PVC blanche de 2 m, parfaite pour une finition moderne et \u00e9l\u00e9gante. Facile \u00e0 installer et personnalisable, avec livraison et retours gratuits. Disponible \u00e0 petit prix chez MOM DESIGN.","breadcrumb":{"@id":"https:\/\/mom-design.com\/fr\/produit\/plinthes-8\/#breadcrumb"},"inLanguage":"fr-FR","potentialAction":[{"@type":"ReadAction","target":["https:\/\/mom-design.com\/fr\/produit\/plinthes-8\/"]}]},{"@type":"ImageObject","inLanguage":"fr-FR","@id":"https:\/\/mom-design.com\/fr\/produit\/plinthes-8\/#primaryimage","url":"https:\/\/mom-design.com\/wp-content\/uploads\/2024\/07\/plinthe-pvc-mom-design-M3.jpeg","contentUrl":"https:\/\/mom-design.com\/wp-content\/uploads\/2024\/07\/plinthe-pvc-mom-design-M3.jpeg","width":718,"height":538},{"@type":"BreadcrumbList","@id":"https:\/\/mom-design.com\/fr\/produit\/plinthes-8\/#breadcrumb","itemListElement":[{"@type":"ListItem","position":1,"name":"D\u00e9coration murale d\u2019int\u00e9rieur","item":"https:\/\/mom-design.com\/de\/"},{"@type":"ListItem","position":2,"name":"Plinthe murale en pvc blanche 2 m\u00e8tres Charles I"}]},{"@type":"WebSite","@id":"https:\/\/mom-design.com\/fr\/#website","url":"https:\/\/mom-design.com\/fr\/","name":"MOM DESIGN","description":"Sp\u00e9cialiste du design mural d&#039;int\u00e9rieur","potentialAction":[{"@type":"SearchAction","target":{"@type":"EntryPoint","urlTemplate":"https:\/\/mom-design.com\/fr\/?s={search_term_string}"},"query-input":{"@type":"PropertyValueSpecification","valueRequired":true,"valueName":"search_term_string"}}],"inLanguage":"fr-FR"}]}},"_links":{"self":[{"href":"https:\/\/mom-design.com\/fr\/wp-json\/wp\/v2\/product\/6710","targetHints":{"allow":["GET"]}}],"collection":[{"href":"https:\/\/mom-design.com\/fr\/wp-json\/wp\/v2\/product"}],"about":[{"href":"https:\/\/mom-design.com\/fr\/wp-json\/wp\/v2\/types\/product"}],"replies":[{"embeddable":true,"href":"https:\/\/mom-design.com\/fr\/wp-json\/wp\/v2\/comments?post=6710"}],"wp:featuredmedia":[{"embeddable":true,"href":"https:\/\/mom-design.com\/fr\/wp-json\/wp\/v2\/media\/7290"}],"wp:attachment":[{"href":"https:\/\/mom-design.com\/fr\/wp-json\/wp\/v2\/media?parent=6710"}],"wp:term":[{"taxonomy":"product_brand","embeddable":true,"href":"https:\/\/mom-design.com\/fr\/wp-json\/wp\/v2\/product_brand?post=6710"},{"taxonomy":"product_cat","embeddable":true,"href":"https:\/\/mom-design.com\/fr\/wp-json\/wp\/v2\/product_cat?post=6710"},{"taxonomy":"product_tag","embeddable":true,"href":"https:\/\/mom-design.com\/fr\/wp-json\/wp\/v2\/product_tag?post=6710"}],"curies":[{"name":"wp","href":"https:\/\/api.w.org\/{rel}","templated":true}]}}