{"id":6713,"date":"2024-07-23T21:23:05","date_gmt":"2024-07-23T19:23:05","guid":{"rendered":"https:\/\/mom-design.com\/?post_type=product&#038;p=6713"},"modified":"2025-10-13T17:34:54","modified_gmt":"2025-10-13T15:34:54","slug":"cache-rideau-design-blanc-2","status":"publish","type":"product","link":"https:\/\/mom-design.com\/fr\/produit\/plinthes-11\/","title":{"rendered":"Cache-rideau en pvc design 2 m\u00e8tres blanc"},"content":{"rendered":"<h4>\u00a0 \u00a0 \u00a0 \u00a0 \u00a0 \u00a0 \u00a0 \u00a0 \u00a0 \u00a0 \u00a0 \u00a0<span style=\"text-decoration: underline;\">Caract\u00e9ristiques :<\/span><\/h4>\n<p>&#8211; <span style=\"text-decoration: underline;\">Couleur<\/span> : blanc<br \/>\n&#8211; <span style=\"text-decoration: underline;\">Dimensions<\/span> : adaptable \u00e0 diverses tailles de fen\u00eatres<br \/>\n&#8211; <span style=\"text-decoration: underline;\">Design<\/span> : moderne et \u00e9pur\u00e9<br \/>\n&#8211; <span style=\"text-decoration: underline;\">Entretien<\/span>: facile \u00e0 nettoyer, r\u00e9sistant aux plis<br \/>\n&#8211; <span style=\"text-decoration: underline;\">Utilisation<\/span> : convient \u00e0 toutes les pi\u00e8ces de la maison<\/p>\n<h4>\u00a0 \u00a0 \u00a0 \u00a0 \u00a0 \u00a0 \u00a0 \u00a0 \u00a0 \u00a0 \u00a0 \u00a0<span style=\"text-decoration: underline;\">\u00c9l\u00e9gance et modernit\u00e9 pour votre int\u00e9rieur<\/span><\/h4>\n<p><strong>Le cache-rideau design blanc<\/strong> est l&#8217;<strong>accessoire parfait pour habiller vos <a href=\"https:\/\/mom-design.com\/fr\/produit\/plinthes-12\/\">fen\u00eatres<\/a> tout en pr\u00e9servant votre intimit\u00e9<\/strong>. Gr\u00e2ce \u00e0 sa couleur blanche, il s&#8217;harmonise facilement avec tous les styles de d\u00e9coration, du plus classique au plus contemporain. Que ce soit dans le <strong>salon<\/strong>, la <strong>chambre<\/strong>, ou m\u00eame la <strong>cuisine<\/strong>, il apportera une touche de lumi\u00e8re et de fra\u00eecheur \u00e0 votre int\u00e9rieur, tout en cr\u00e9ant une ambiance apaisante.<\/p>\n<h4>\u00a0 \u00a0 \u00a0 \u00a0 \u00a0 \u00a0 \u00a0 \u00a0 \u00a0 \u00a0 \u00a0 \u00a0<span style=\"text-decoration: underline;\">Facilit\u00e9 d&#8217;installation et d&#8217;entretien<\/span><\/h4>\n<p>Ce cache-rideau a \u00e9t\u00e9 pens\u00e9 pour \u00eatre<a href=\"https:\/\/mom-design.com\/fr\/produit\/plinthes-3\/\"> <strong>\u00e0 la fois esth\u00e9tique et pratique<\/strong><\/a>. En effet, il est non seulement <strong>r\u00e9sistant aux plis<\/strong>, mais aussi <strong>facile \u00e0 laver<\/strong>, ce qui vous permet de maintenir une <strong>d\u00e9coration toujours impeccable<\/strong>. L&#8217;installation est rapide et simple, s&#8217;adaptant \u00e0 la majorit\u00e9 des tringles \u00e0 rideaux standards. Vous pourrez ainsi renouveler votre int\u00e9rieur en un clin d&#8217;\u0153il.<\/p>\n<h4>\u00a0 \u00a0 \u00a0 \u00a0 \u00a0 \u00a0 \u00a0 \u00a0 \u00a0 \u00a0 \u00a0 \u00a0<span style=\"text-decoration: underline;\">Un choix polyvalent pour toutes les pi\u00e8ces<\/span><\/h4>\n<p>L&#8217;un des principaux atouts de ce cache-rideau design blanc est sa polyvalence. <a href=\"https:\/\/mom-design.com\/fr\/produit\/plinthes-1\/\"><strong>Il convient parfaitement \u00e0 toutes les pi\u00e8ces de la maison<\/strong><\/a>, que vous souhaitiez l&#8217;utiliser pour une chambre \u00e0 coucher, un salon, une salle de bain, ou m\u00eame un bureau. En outre, sa conception discr\u00e8te mais \u00e9l\u00e9gante permet de l&#8217;associer facilement \u00e0 d&#8217;autres \u00e9l\u00e9ments de d\u00e9coration, comme des <strong>rideaux<\/strong> plus \u00e9pais, des <strong>voilages<\/strong>, ou des <strong>stores<\/strong>. De plus, il offre une solution id\u00e9ale pour ceux qui cherchent \u00e0 contr\u00f4ler la luminosit\u00e9 tout en ajoutant une touche esth\u00e9tique \u00e0 leurs espaces.<\/p>\n<h4>\u00a0 \u00a0 \u00a0 \u00a0 \u00a0 \u00a0 \u00a0 \u00a0 \u00a0 \u00a0 \u00a0 \u00a0<span style=\"text-decoration: underline;\">Disponible chez MOM DESIGN<\/span><\/h4>\n<p><strong>Chez MOM DESIGN<\/strong>, nous mettons un point d&#8217;honneur \u00e0 offrir des produits de qualit\u00e9 qui r\u00e9pondent aux besoins de nos clients. Ce cache-rideau est un excellent exemple de notre engagement envers l&#8217;\u00e9l\u00e9gance et la fonctionnalit\u00e9.<strong> En achetant chez MOM DESIGN<\/strong>, vous b\u00e9n\u00e9ficiez \u00e9galement de notre service client d\u00e9di\u00e9, pr\u00eat \u00e0 vous assister \u00e0 chaque \u00e9tape de votre achat. De plus, profitez de notre offre exclusive avec<strong> livraison et retours gratuits<\/strong>, pour une exp\u00e9rience d&#8217;achat sans souci.<\/p>\n<p>&nbsp;<\/p>\n","protected":false},"excerpt":{"rendered":"<p><strong>Ce cache-rideau design blanc apporte <a href=\"https:\/\/mom-design.com\/fr\/plinthes\/\">une touche d&#8217;\u00e9l\u00e9gance et de modernit\u00e9<\/a> \u00e0 vos fen\u00eatres, tout en pr\u00e9servant votre intimit\u00e9<\/strong>. Id\u00e9al pour toutes les pi\u00e8ces de la maison,<br \/>\nil se fond dans n&#8217;importe quel d\u00e9cor gr\u00e2ce \u00e0 sa couleur blanche intemporelle. Disponible avec livraison et retours gratuits, ce produit est con\u00e7u pour s&#8217;int\u00e9grer harmonieusement \u00e0 votre int\u00e9rieur. Profitez de son design raffin\u00e9 pour rehausser votre d\u00e9coration.<\/p>\n","protected":false},"featured_media":7271,"comment_status":"open","ping_status":"closed","template":"","meta":{"_acf_changed":false},"product_brand":[],"product_cat":[53],"product_tag":[],"class_list":{"0":"post-6713","1":"product","2":"type-product","3":"status-publish","4":"has-post-thumbnail","6":"product_cat-plinthes","7":"product_shipping_class-livraison-gls","9":"first","10":"outofstock","11":"taxable","12":"shipping-taxable","13":"purchasable","14":"product-type-simple","15":"add-to-wishlist-after_add_to_cart"},"acf":[],"yoast_head":"<!-- This site is optimized with the Yoast SEO plugin v27.0 - https:\/\/yoast.com\/product\/yoast-seo-wordpress\/ -->\n<title>Cache-rideau en pvc design 2 m\u00e8tres blanc | MOM DESIGN<\/title>\n<meta name=\"description\" content=\"Ajoutez une touche d&#039;\u00e9l\u00e9gance \u00e0 vos fen\u00eatres avec notre cache-rideau design blanc. Livraison et retours gratuits pour une d\u00e9coration int\u00e9rieure raffin\u00e9e. Ne manquez pas cette occasion de transformer votre espace avec style.\" \/>\n<meta name=\"robots\" content=\"index, follow, max-snippet:-1, max-image-preview:large, max-video-preview:-1\" \/>\n<link rel=\"canonical\" href=\"https:\/\/mom-design.com\/fr\/produit\/plinthes-11\/\" \/>\n<meta property=\"og:locale\" content=\"fr_FR\" \/>\n<meta property=\"og:type\" content=\"article\" \/>\n<meta property=\"og:title\" content=\"Cache-rideau en pvc design 2 m\u00e8tres blanc | MOM DESIGN\" \/>\n<meta property=\"og:description\" content=\"Ajoutez une touche d&#039;\u00e9l\u00e9gance \u00e0 vos fen\u00eatres avec notre cache-rideau design blanc. Livraison et retours gratuits pour une d\u00e9coration int\u00e9rieure raffin\u00e9e. Ne manquez pas cette occasion de transformer votre espace avec style.\" \/>\n<meta property=\"og:url\" content=\"https:\/\/mom-design.com\/fr\/produit\/plinthes-11\/\" \/>\n<meta property=\"og:site_name\" content=\"MOM DESIGN\" \/>\n<meta property=\"article:modified_time\" content=\"2025-10-13T15:34:54+00:00\" \/>\n<meta property=\"og:image\" content=\"https:\/\/mom-design.com\/wp-content\/uploads\/2024\/07\/cache-rideau-mom-design-M1-1.jpeg\" \/>\n\t<meta property=\"og:image:width\" content=\"718\" \/>\n\t<meta property=\"og:image:height\" content=\"538\" \/>\n\t<meta property=\"og:image:type\" content=\"image\/jpeg\" \/>\n<meta name=\"twitter:card\" content=\"summary_large_image\" \/>\n<meta name=\"twitter:label1\" content=\"Dur\u00e9e de lecture estim\u00e9e\" \/>\n\t<meta name=\"twitter:data1\" content=\"2 minutes\" \/>\n<script type=\"application\/ld+json\" class=\"yoast-schema-graph\">{\"@context\":\"https:\/\/schema.org\",\"@graph\":[{\"@type\":\"WebPage\",\"@id\":\"https:\/\/mom-design.com\/fr\/produit\/plinthes-11\/\",\"url\":\"https:\/\/mom-design.com\/fr\/produit\/plinthes-11\/\",\"name\":\"Cache-rideau en pvc design 2 m\u00e8tres blanc | MOM DESIGN\",\"isPartOf\":{\"@id\":\"https:\/\/mom-design.com\/fr\/#website\"},\"primaryImageOfPage\":{\"@id\":\"https:\/\/mom-design.com\/fr\/produit\/plinthes-11\/#primaryimage\"},\"image\":{\"@id\":\"https:\/\/mom-design.com\/fr\/produit\/plinthes-11\/#primaryimage\"},\"thumbnailUrl\":\"https:\/\/mom-design.com\/wp-content\/uploads\/2024\/07\/cache-rideau-mom-design-M1-1.jpeg\",\"datePublished\":\"2024-07-23T19:23:05+00:00\",\"dateModified\":\"2025-10-13T15:34:54+00:00\",\"description\":\"Ajoutez une touche d'\u00e9l\u00e9gance \u00e0 vos fen\u00eatres avec notre cache-rideau design blanc. Livraison et retours gratuits pour une d\u00e9coration int\u00e9rieure raffin\u00e9e. Ne manquez pas cette occasion de transformer votre espace avec style.\",\"breadcrumb\":{\"@id\":\"https:\/\/mom-design.com\/fr\/produit\/plinthes-11\/#breadcrumb\"},\"inLanguage\":\"fr-FR\",\"potentialAction\":[{\"@type\":\"ReadAction\",\"target\":[\"https:\/\/mom-design.com\/fr\/produit\/plinthes-11\/\"]}]},{\"@type\":\"ImageObject\",\"inLanguage\":\"fr-FR\",\"@id\":\"https:\/\/mom-design.com\/fr\/produit\/plinthes-11\/#primaryimage\",\"url\":\"https:\/\/mom-design.com\/wp-content\/uploads\/2024\/07\/cache-rideau-mom-design-M1-1.jpeg\",\"contentUrl\":\"https:\/\/mom-design.com\/wp-content\/uploads\/2024\/07\/cache-rideau-mom-design-M1-1.jpeg\",\"width\":718,\"height\":538},{\"@type\":\"BreadcrumbList\",\"@id\":\"https:\/\/mom-design.com\/fr\/produit\/plinthes-11\/#breadcrumb\",\"itemListElement\":[{\"@type\":\"ListItem\",\"position\":1,\"name\":\"D\u00e9coration murale d\u2019int\u00e9rieur\",\"item\":\"https:\/\/mom-design.com\/de\/\"},{\"@type\":\"ListItem\",\"position\":2,\"name\":\"Cache-rideau en pvc design 2 m\u00e8tres blanc\"}]},{\"@type\":\"WebSite\",\"@id\":\"https:\/\/mom-design.com\/fr\/#website\",\"url\":\"https:\/\/mom-design.com\/fr\/\",\"name\":\"MOM DESIGN\",\"description\":\"Sp\u00e9cialiste du design mural d&#039;int\u00e9rieur\",\"potentialAction\":[{\"@type\":\"SearchAction\",\"target\":{\"@type\":\"EntryPoint\",\"urlTemplate\":\"https:\/\/mom-design.com\/fr\/?s={search_term_string}\"},\"query-input\":{\"@type\":\"PropertyValueSpecification\",\"valueRequired\":true,\"valueName\":\"search_term_string\"}}],\"inLanguage\":\"fr-FR\"}]}<\/script>\n<!-- \/ Yoast SEO plugin. -->","yoast_head_json":{"title":"Cache-rideau en pvc design 2 m\u00e8tres blanc | MOM DESIGN","description":"Ajoutez une touche d'\u00e9l\u00e9gance \u00e0 vos fen\u00eatres avec notre cache-rideau design blanc. Livraison et retours gratuits pour une d\u00e9coration int\u00e9rieure raffin\u00e9e. Ne manquez pas cette occasion de transformer votre espace avec style.","robots":{"index":"index","follow":"follow","max-snippet":"max-snippet:-1","max-image-preview":"max-image-preview:large","max-video-preview":"max-video-preview:-1"},"canonical":"https:\/\/mom-design.com\/fr\/produit\/plinthes-11\/","og_locale":"fr_FR","og_type":"article","og_title":"Cache-rideau en pvc design 2 m\u00e8tres blanc | MOM DESIGN","og_description":"Ajoutez une touche d'\u00e9l\u00e9gance \u00e0 vos fen\u00eatres avec notre cache-rideau design blanc. Livraison et retours gratuits pour une d\u00e9coration int\u00e9rieure raffin\u00e9e. Ne manquez pas cette occasion de transformer votre espace avec style.","og_url":"https:\/\/mom-design.com\/fr\/produit\/plinthes-11\/","og_site_name":"MOM DESIGN","article_modified_time":"2025-10-13T15:34:54+00:00","og_image":[{"width":718,"height":538,"url":"https:\/\/mom-design.com\/wp-content\/uploads\/2024\/07\/cache-rideau-mom-design-M1-1.jpeg","type":"image\/jpeg"}],"twitter_card":"summary_large_image","twitter_misc":{"Dur\u00e9e de lecture estim\u00e9e":"2 minutes"},"schema":{"@context":"https:\/\/schema.org","@graph":[{"@type":"WebPage","@id":"https:\/\/mom-design.com\/fr\/produit\/plinthes-11\/","url":"https:\/\/mom-design.com\/fr\/produit\/plinthes-11\/","name":"Cache-rideau en pvc design 2 m\u00e8tres blanc | MOM DESIGN","isPartOf":{"@id":"https:\/\/mom-design.com\/fr\/#website"},"primaryImageOfPage":{"@id":"https:\/\/mom-design.com\/fr\/produit\/plinthes-11\/#primaryimage"},"image":{"@id":"https:\/\/mom-design.com\/fr\/produit\/plinthes-11\/#primaryimage"},"thumbnailUrl":"https:\/\/mom-design.com\/wp-content\/uploads\/2024\/07\/cache-rideau-mom-design-M1-1.jpeg","datePublished":"2024-07-23T19:23:05+00:00","dateModified":"2025-10-13T15:34:54+00:00","description":"Ajoutez une touche d'\u00e9l\u00e9gance \u00e0 vos fen\u00eatres avec notre cache-rideau design blanc. Livraison et retours gratuits pour une d\u00e9coration int\u00e9rieure raffin\u00e9e. Ne manquez pas cette occasion de transformer votre espace avec style.","breadcrumb":{"@id":"https:\/\/mom-design.com\/fr\/produit\/plinthes-11\/#breadcrumb"},"inLanguage":"fr-FR","potentialAction":[{"@type":"ReadAction","target":["https:\/\/mom-design.com\/fr\/produit\/plinthes-11\/"]}]},{"@type":"ImageObject","inLanguage":"fr-FR","@id":"https:\/\/mom-design.com\/fr\/produit\/plinthes-11\/#primaryimage","url":"https:\/\/mom-design.com\/wp-content\/uploads\/2024\/07\/cache-rideau-mom-design-M1-1.jpeg","contentUrl":"https:\/\/mom-design.com\/wp-content\/uploads\/2024\/07\/cache-rideau-mom-design-M1-1.jpeg","width":718,"height":538},{"@type":"BreadcrumbList","@id":"https:\/\/mom-design.com\/fr\/produit\/plinthes-11\/#breadcrumb","itemListElement":[{"@type":"ListItem","position":1,"name":"D\u00e9coration murale d\u2019int\u00e9rieur","item":"https:\/\/mom-design.com\/de\/"},{"@type":"ListItem","position":2,"name":"Cache-rideau en pvc design 2 m\u00e8tres blanc"}]},{"@type":"WebSite","@id":"https:\/\/mom-design.com\/fr\/#website","url":"https:\/\/mom-design.com\/fr\/","name":"MOM DESIGN","description":"Sp\u00e9cialiste du design mural d&#039;int\u00e9rieur","potentialAction":[{"@type":"SearchAction","target":{"@type":"EntryPoint","urlTemplate":"https:\/\/mom-design.com\/fr\/?s={search_term_string}"},"query-input":{"@type":"PropertyValueSpecification","valueRequired":true,"valueName":"search_term_string"}}],"inLanguage":"fr-FR"}]}},"_links":{"self":[{"href":"https:\/\/mom-design.com\/fr\/wp-json\/wp\/v2\/product\/6713","targetHints":{"allow":["GET"]}}],"collection":[{"href":"https:\/\/mom-design.com\/fr\/wp-json\/wp\/v2\/product"}],"about":[{"href":"https:\/\/mom-design.com\/fr\/wp-json\/wp\/v2\/types\/product"}],"replies":[{"embeddable":true,"href":"https:\/\/mom-design.com\/fr\/wp-json\/wp\/v2\/comments?post=6713"}],"wp:featuredmedia":[{"embeddable":true,"href":"https:\/\/mom-design.com\/fr\/wp-json\/wp\/v2\/media\/7271"}],"wp:attachment":[{"href":"https:\/\/mom-design.com\/fr\/wp-json\/wp\/v2\/media?parent=6713"}],"wp:term":[{"taxonomy":"product_brand","embeddable":true,"href":"https:\/\/mom-design.com\/fr\/wp-json\/wp\/v2\/product_brand?post=6713"},{"taxonomy":"product_cat","embeddable":true,"href":"https:\/\/mom-design.com\/fr\/wp-json\/wp\/v2\/product_cat?post=6713"},{"taxonomy":"product_tag","embeddable":true,"href":"https:\/\/mom-design.com\/fr\/wp-json\/wp\/v2\/product_tag?post=6713"}],"curies":[{"name":"wp","href":"https:\/\/api.w.org\/{rel}","templated":true}]}}