{"id":6502,"date":"2024-07-21T19:59:22","date_gmt":"2024-07-21T17:59:22","guid":{"rendered":"https:\/\/mom-design.com\/?page_id=6502"},"modified":"2024-09-16T15:15:56","modified_gmt":"2024-09-16T13:15:56","slug":"confidentialite","status":"publish","type":"page","link":"https:\/\/mom-design.com\/it\/confidentialite\/","title":{"rendered":"Politique de Confidentialit\u00e9"},"content":{"rendered":"<div data-elementor-type=\"wp-page\" data-elementor-id=\"6502\" class=\"elementor elementor-6502\" data-elementor-post-type=\"page\">\n\t\t\t\t<div class=\"elementor-element elementor-element-10ed8646 e-flex e-con-boxed e-con e-parent\" data-id=\"10ed8646\" data-element_type=\"container\" data-e-type=\"container\">\n\t\t\t\t\t<div class=\"e-con-inner\">\n\t\t\t\t<div class=\"elementor-element elementor-element-2de7ac13 elementor-widget elementor-widget-text-editor\" data-id=\"2de7ac13\" data-element_type=\"widget\" data-e-type=\"widget\" data-widget_type=\"text-editor.default\">\n\t\t\t\t<div class=\"elementor-widget-container\">\n\t\t\t\t\t\t\t\t\t\n<h3 class=\"wp-block-heading\">LE DEFINIZIONI DEI TERMINI UTILIZZATI NELLA CARTA<\/h3>\n\n<p>Noi indichiamo con il seguente :<br \/><br \/>\u2018Site\u2019 ou \u2018service\u2019 : le site https:\/\/www.mom-design.com et l\u2019ensemble de ses pages.<br \/>Editore\": Blooms Decor SARL, responsabile della pubblicazione e del contenuto del sito.<br \/>Utente : L&#039;utente di internet la visita e l&#039;utilizzo dei servizi del sito.<\/p>\n\n<h3 class=\"wp-block-heading\">INTRODUZIONE E RUOLO DELLA CARTA<\/h3>\n\n<p>Lo scopo di questa carta \u00e8 quello di informare gli impegni del sito, nel rispetto della privacy e la protezione dei dati personali che la riguardano, che sono stati raccolti e trattati al momento dell&#039;utilizzo del servizio.<br \/><br \/>Registrandosi al sito, si impegna a fornire informazioni vere su di te.<br \/>L'utente pu\u00f2 in qualsiasi momento chiedere a Blooms Decor SARL di sapere quali informazioni che lo riguardano sono in possesso di Blooms Decor SARL, di opporsi al loro trattamento, di farle modificare o cancellare contattando il responsabile della pubblicazione all'indirizzo contact@mom-design.com.<\/p>\n\n<h3 class=\"wp-block-heading\">I DATI RACCOLTI SUL SITO<\/h3>\n\n<p>I dati raccolti e successivamente trattati dal sito sono quelli che volontariamente ci danno compilando i moduli presenti all&#039;interno del sito. Per determinate operazioni sul contenuto, vi sar\u00e0 richiesto di trasmettere dati a terze parti partner, attraverso i propri servizi, compresi i nostri fornitori, e per consentire di sfruttare al meglio le condizioni del servizio che offriamo.<br \/><br \/>Il tuo indirizzo IP (numero di identificazione su Internet al computer) vengono raccolti automaticamente. Si informa che il servizio \u00e8 destinato a implementare un sistema automatico di analisi di processo (Cookie), che si pu\u00f2 fare ostacolo modificando i parametri del tuo browser internet.<br \/><br \/>Le informazioni di contatto per gli utenti del sito che si sono registrati e memorizzati, in conformit\u00e0 con le disposizioni del data protection act del 6 gennaio 1978. Secondo questi ultimi, hanno un diritto di accesso, la revoca, la modifica o la correzione dei dati che hanno fornito a noi. Per questo, \u00e8 sufficiente effettuare la richiesta al seguente indirizzo email : contact@mom-design.com, o via mail a MAMMA Design llc, 209 viale della repubblica, 93800 Epinay sur Seine.<\/p>\n\n<h3 class=\"wp-block-heading\">LO SCOPO DEI DATI RACCOLTI<\/h3>\n\n<p>I dati identificati come obbligatori nei form presenti sul sito sono necessari per beneficiare delle corrispondenti caratteristiche del sito, e, pi\u00f9 specificamente, di operazioni su tutti i contenuti disponibili all&#039;interno di esso. I dati raccolti automaticamente dal nostro servizio sar\u00e0 in grado di effettuare statistiche sulla consultazione di pagine web.<\/p>\n\n<h3 class=\"wp-block-heading\">DESTINATARI E L&#039;USO DI DATI RACCOLTI<\/h3>\n\n<p>I dati da noi raccolti sono trattati per la finalit\u00e0 di esecuzione delle operazioni sui contenuti del servizio.\u00a0<br \/><br \/>\u00c8 probabile che per la ricezione di e-mail dei nostri servizi, in particolare nel contesto della newsletter. Si pu\u00f2 richiedere di non ricevere queste e-mail, contattandoci all&#039;indirizzo contact@mom-design.com oppure sul link fornito per questo scopo in ogni e-mail che verr\u00e0 inviata a voi.\u00a0<br \/><br \/>Pour certaines donn\u00e9es uniquement, identifi\u00e9es au sein du formulaire correspondant, et sous r\u00e9serve de votre acceptation volontaire et active au travers dudit formulaire, vous acceptez que vos donn\u00e9es soient transmises \u00e0 nos partenaires commerciaux \u00e0 des fins de marketing ou publicitaires. Nous vous informons qu\u2019une telle transmission \u00e0 des tiers exclut toutes les donn\u00e9es bancaires vous concernant. Ces partenaires commerciaux peuvent vous envoyer par courrier \u00e9lectronique des informations dans le cadre d\u2019op\u00e9rations promotionnelles pr\u00e9cises et ponctuelles. Ces partenaires sont sp\u00e9cialement choisis par https:\/\/www.mom-design.com en fonction de la qualit\u00e9 de leurs produits et services. Vous pouvez demander \u00e0 ne plus recevoir ces courriers \u00e9lectroniques \u00e0 tout moment en nous contactant \u00e0 l\u2019adresse <a href=\"mailto:contact.site.internet@leroymerlin.fr\"><strong>contact@mom-design.com<\/strong><\/a> o sul link fornito e inserito nel pi\u00e8 di pagina di ogni e-mail che verr\u00e0 inviata a voi.<\/p>\n\n<h3 class=\"wp-block-heading\">SICUREZZA DEI DATI<\/h3>\n\n<p>Si informa che i tuoi dati potranno essere comunicati in base ad una legge, regolamento o in virt\u00f9 di una decisione di un&#039;autorit\u00e0 di regolamentazione o l&#039;autorit\u00e0 giudiziaria o, se necessario, per le finalit\u00e0, per l&#039;Editore, per preservare i suoi diritti e interessi.<\/p>\n\n<h3 class=\"wp-block-heading\">DIRITTO Di ACCESSO, MODIFICA, RETTIFICA E CANCELLAZIONE<\/h3>\n\n<p>Si dispone di un generale diritto di accesso, di modifica, di rettifica e di soppressione dei dati che vi riguardano.\u00a0<br \/>Potete esercitare questo diritto inviando richiesta via e-mail o tramite posta ordinaria presso le informazioni di contatto qui sotto :<\/p>\n\n<p>MOM-DESIGN.COM<\/p>\n\n<p>209 viale della repubblica<\/p>\n\n<p>93800 Epinay sur Seine, FRANCIA<\/p>\n\n<p>E-mail :\u00a0<a href=\"mailto:contact.site.internet@leroymerlin.fr\"><strong>contact@mom-design.com<\/strong><\/a><\/p>\n\n<p>In modo che siamo in grado di rispondere a questa domanda, \u00e8 necessario fare \u00e8 inviarci le informazioni necessarie per identificare l&#039;utente : nome, cognome, indirizzo di posta elettronica e, facoltativamente, il vostro indirizzo postale.<\/p>\n\n<h3 class=\"wp-block-heading\">LA DURATA DI CONSERVAZIONE DEI DATI<\/h3>\n\n<p>I dati sono conservati presso l&#039;host del sito web, i cui contatti sono elencati nelle note Legali del sito, e sono conservati per il tempo strettamente necessario a conseguire gli scopi di cui sopra. Al di l\u00e0 di questo periodo, essi saranno conservati ai soli fini statistici e non dar\u00e0 luogo ad alcun sfruttamento di qualsiasi natura.<\/p>\n\t\t\t\t\t\t\t\t<\/div>\n\t\t\t\t<\/div>\n\t\t\t\t\t<\/div>\n\t\t\t\t<\/div>\n\t\t\t\t<\/div>","protected":false},"excerpt":{"rendered":"<p>D\u00c9FINITIONS DES TERMES UTILIS\u00c9S DANS LA CHARTE On d\u00e9signera par la suite : &lsquo;Site&rsquo; ou &lsquo;service&rsquo; : le site https:\/\/www.mom-design.com et l&rsquo;ensemble de ses pages.&lsquo;Editeur&rsquo; : Blooms Decor SARL, responsable de l&rsquo;\u00e9dition et du contenu du site.&lsquo;Utilisateur&rsquo; : L&rsquo;internaute visitant et utilisant les services du site. INTRODUCTION ET R\u00d4LE DE LA CHARTE La pr\u00e9sente charte [&hellip;]<\/p>\n","protected":false},"author":1,"featured_media":0,"parent":0,"menu_order":0,"comment_status":"closed","ping_status":"closed","template":"","meta":{"_acf_changed":false,"footnotes":""},"class_list":["post-6502","page","type-page","status-publish","hentry"],"acf":[],"yoast_head":"<!-- This site is optimized with the Yoast SEO plugin v27.0 - https:\/\/yoast.com\/product\/yoast-seo-wordpress\/ -->\n<title>Politique de Confidentialit\u00e9 | MOM DESIGN<\/title>\n<meta name=\"robots\" content=\"index, follow, max-snippet:-1, max-image-preview:large, max-video-preview:-1\" \/>\n<link rel=\"canonical\" href=\"https:\/\/mom-design.com\/it\/confidentialite\/\" \/>\n<meta property=\"og:locale\" content=\"it_IT\" \/>\n<meta property=\"og:type\" content=\"article\" \/>\n<meta property=\"og:title\" content=\"Politique de Confidentialit\u00e9 | MOM DESIGN\" \/>\n<meta property=\"og:description\" content=\"D\u00c9FINITIONS DES TERMES UTILIS\u00c9S DANS LA CHARTE On d\u00e9signera par la suite : &lsquo;Site&rsquo; ou &lsquo;service&rsquo; : le site https:\/\/www.mom-design.com et l&rsquo;ensemble de ses pages.&lsquo;Editeur&rsquo; : Blooms Decor SARL, responsable de l&rsquo;\u00e9dition et du contenu du site.&lsquo;Utilisateur&rsquo; : L&rsquo;internaute visitant et utilisant les services du site. INTRODUCTION ET R\u00d4LE DE LA CHARTE La pr\u00e9sente charte [&hellip;]\" \/>\n<meta property=\"og:url\" content=\"https:\/\/mom-design.com\/it\/confidentialite\/\" \/>\n<meta property=\"og:site_name\" content=\"MOM DESIGN\" \/>\n<meta property=\"article:modified_time\" content=\"2024-09-16T13:15:56+00:00\" \/>\n<meta name=\"twitter:card\" content=\"summary_large_image\" \/>\n<meta name=\"twitter:label1\" content=\"Tempo di lettura stimato\" \/>\n\t<meta name=\"twitter:data1\" content=\"5 minuti\" \/>\n<script type=\"application\/ld+json\" class=\"yoast-schema-graph\">{\"@context\":\"https:\/\/schema.org\",\"@graph\":[{\"@type\":\"WebPage\",\"@id\":\"https:\/\/mom-design.com\/it\/confidentialite\/\",\"url\":\"https:\/\/mom-design.com\/it\/confidentialite\/\",\"name\":\"Politique de Confidentialit\u00e9 | MOM DESIGN\",\"isPartOf\":{\"@id\":\"https:\/\/mom-design.com\/it\/#website\"},\"datePublished\":\"2024-07-21T17:59:22+00:00\",\"dateModified\":\"2024-09-16T13:15:56+00:00\",\"breadcrumb\":{\"@id\":\"https:\/\/mom-design.com\/it\/confidentialite\/#breadcrumb\"},\"inLanguage\":\"it-IT\",\"potentialAction\":[{\"@type\":\"ReadAction\",\"target\":[\"https:\/\/mom-design.com\/it\/confidentialite\/\"]}]},{\"@type\":\"BreadcrumbList\",\"@id\":\"https:\/\/mom-design.com\/it\/confidentialite\/#breadcrumb\",\"itemListElement\":[{\"@type\":\"ListItem\",\"position\":1,\"name\":\"D\u00e9coration murale d\u2019int\u00e9rieur\",\"item\":\"https:\/\/mom-design.com\/de\/\"},{\"@type\":\"ListItem\",\"position\":2,\"name\":\"Politique de Confidentialit\u00e9\"}]},{\"@type\":\"WebSite\",\"@id\":\"https:\/\/mom-design.com\/it\/#website\",\"url\":\"https:\/\/mom-design.com\/it\/\",\"name\":\"MOM DESIGN\",\"description\":\"Sp\u00e9cialiste du design mural d&#039;int\u00e9rieur\",\"potentialAction\":[{\"@type\":\"SearchAction\",\"target\":{\"@type\":\"EntryPoint\",\"urlTemplate\":\"https:\/\/mom-design.com\/it\/?s={search_term_string}\"},\"query-input\":{\"@type\":\"PropertyValueSpecification\",\"valueRequired\":true,\"valueName\":\"search_term_string\"}}],\"inLanguage\":\"it-IT\"}]}<\/script>\n<!-- \/ Yoast SEO plugin. -->","yoast_head_json":{"title":"Politique de Confidentialit\u00e9 | MOM DESIGN","robots":{"index":"index","follow":"follow","max-snippet":"max-snippet:-1","max-image-preview":"max-image-preview:large","max-video-preview":"max-video-preview:-1"},"canonical":"https:\/\/mom-design.com\/it\/confidentialite\/","og_locale":"it_IT","og_type":"article","og_title":"Politique de Confidentialit\u00e9 | MOM DESIGN","og_description":"D\u00c9FINITIONS DES TERMES UTILIS\u00c9S DANS LA CHARTE On d\u00e9signera par la suite : &lsquo;Site&rsquo; ou &lsquo;service&rsquo; : le site https:\/\/www.mom-design.com et l&rsquo;ensemble de ses pages.&lsquo;Editeur&rsquo; : Blooms Decor SARL, responsable de l&rsquo;\u00e9dition et du contenu du site.&lsquo;Utilisateur&rsquo; : L&rsquo;internaute visitant et utilisant les services du site. INTRODUCTION ET R\u00d4LE DE LA CHARTE La pr\u00e9sente charte [&hellip;]","og_url":"https:\/\/mom-design.com\/it\/confidentialite\/","og_site_name":"MOM DESIGN","article_modified_time":"2024-09-16T13:15:56+00:00","twitter_card":"summary_large_image","twitter_misc":{"Tempo di lettura stimato":"5 minuti"},"schema":{"@context":"https:\/\/schema.org","@graph":[{"@type":"WebPage","@id":"https:\/\/mom-design.com\/it\/confidentialite\/","url":"https:\/\/mom-design.com\/it\/confidentialite\/","name":"Politique de Confidentialit\u00e9 | MOM DESIGN","isPartOf":{"@id":"https:\/\/mom-design.com\/it\/#website"},"datePublished":"2024-07-21T17:59:22+00:00","dateModified":"2024-09-16T13:15:56+00:00","breadcrumb":{"@id":"https:\/\/mom-design.com\/it\/confidentialite\/#breadcrumb"},"inLanguage":"it-IT","potentialAction":[{"@type":"ReadAction","target":["https:\/\/mom-design.com\/it\/confidentialite\/"]}]},{"@type":"BreadcrumbList","@id":"https:\/\/mom-design.com\/it\/confidentialite\/#breadcrumb","itemListElement":[{"@type":"ListItem","position":1,"name":"D\u00e9coration murale d\u2019int\u00e9rieur","item":"https:\/\/mom-design.com\/de\/"},{"@type":"ListItem","position":2,"name":"Politique de Confidentialit\u00e9"}]},{"@type":"WebSite","@id":"https:\/\/mom-design.com\/it\/#website","url":"https:\/\/mom-design.com\/it\/","name":"MAMMA DESIGN","description":"Sp\u00e9cialiste du design mural d'int\u00e9rieur","potentialAction":[{"@type":"SearchAction","target":{"@type":"EntryPoint","urlTemplate":"https:\/\/mom-design.com\/it\/?s={search_term_string}"},"query-input":{"@type":"PropertyValueSpecification","valueRequired":true,"valueName":"search_term_string"}}],"inLanguage":"it-IT"}]}},"_links":{"self":[{"href":"https:\/\/mom-design.com\/it\/wp-json\/wp\/v2\/pages\/6502","targetHints":{"allow":["GET"]}}],"collection":[{"href":"https:\/\/mom-design.com\/it\/wp-json\/wp\/v2\/pages"}],"about":[{"href":"https:\/\/mom-design.com\/it\/wp-json\/wp\/v2\/types\/page"}],"author":[{"embeddable":true,"href":"https:\/\/mom-design.com\/it\/wp-json\/wp\/v2\/users\/1"}],"replies":[{"embeddable":true,"href":"https:\/\/mom-design.com\/it\/wp-json\/wp\/v2\/comments?post=6502"}],"version-history":[{"count":10,"href":"https:\/\/mom-design.com\/it\/wp-json\/wp\/v2\/pages\/6502\/revisions"}],"predecessor-version":[{"id":7394,"href":"https:\/\/mom-design.com\/it\/wp-json\/wp\/v2\/pages\/6502\/revisions\/7394"}],"wp:attachment":[{"href":"https:\/\/mom-design.com\/it\/wp-json\/wp\/v2\/media?parent=6502"}],"curies":[{"name":"wp","href":"https:\/\/api.w.org\/{rel}","templated":true}]}}