{"id":6542,"date":"2024-07-23T03:37:00","date_gmt":"2024-07-23T01:37:00","guid":{"rendered":"https:\/\/mom-design.com\/?page_id=6542"},"modified":"2024-07-24T23:55:48","modified_gmt":"2024-07-24T21:55:48","slug":"livraison","status":"publish","type":"page","link":"https:\/\/mom-design.com\/it\/livraison\/","title":{"rendered":"Consegna"},"content":{"rendered":"<div data-elementor-type=\"wp-page\" data-elementor-id=\"6542\" class=\"elementor elementor-6542\" data-elementor-post-type=\"page\">\n\t\t\t\t<div class=\"elementor-element elementor-element-926bb0c e-flex e-con-boxed e-con e-parent\" data-id=\"926bb0c\" data-element_type=\"container\" data-e-type=\"container\">\n\t\t\t\t\t<div class=\"e-con-inner\">\n\t\t\t\t<div class=\"elementor-element elementor-element-36e1da1 elementor-widget__width-inherit elementor-widget elementor-widget-hub_fancy_heading\" data-id=\"36e1da1\" data-element_type=\"widget\" data-e-type=\"widget\" data-widget_type=\"hub_fancy_heading.default\">\n\t\t\t\t<div class=\"elementor-widget-container\">\n\t\t\t\t\t\n\t\t<div id=\"ld-fancy-heading-6a0099088725e\" class=\"ld-fancy-heading pos-rel\">\n\t\t\t<h3 class=\"ld-fh-element d-inline-block pos-rel  elementor-heading-title lqd-highlight-classic lqd-highlight-grow-left h3\"  > Come funziona la consegna?<\/h3>\t\t<\/div>\n\n\t\t\t\t\t\t<\/div>\n\t\t\t\t<\/div>\n\t\t\t\t<div class=\"elementor-element elementor-element-c5801ac elementor-widget__width-initial elementor-widget elementor-widget-text-editor\" data-id=\"c5801ac\" data-element_type=\"widget\" data-e-type=\"widget\" data-widget_type=\"text-editor.default\">\n\t\t\t\t<div class=\"elementor-widget-container\">\n\t\t\t\t\t\t\t\t\t<p>Mom est un site de vente en ligne de d\u00e9coration murale d\u2019int\u00e9rieur, avec livraison directe depuis notre entrep\u00f4t situ\u00e9 en France m\u00e9tropolitaine.<br \/>Spediamo i nostri prodotti in Francia e in tutta l&#039;Europa.<\/p><p>Sur cette page vous trouverez toutes les informations importantes concernant notre politique de livraison. Si vous avez d\u2019autres questions, n\u2019h\u00e9sitez pas \u00e0 nous en faire part!<\/p>\t\t\t\t\t\t\t\t<\/div>\n\t\t\t\t<\/div>\n\t\t\t\t<div class=\"elementor-element elementor-element-8a83bcf e-n-tabs-mobile elementor-widget elementor-widget-n-tabs\" data-id=\"8a83bcf\" data-element_type=\"widget\" data-e-type=\"widget\" data-settings=\"{&quot;horizontal_scroll&quot;:&quot;disable&quot;}\" data-widget_type=\"nested-tabs.default\">\n\t\t\t\t<div class=\"elementor-widget-container\">\n\t\t\t\t\t\t\t<div class=\"e-n-tabs\" data-widget-number=\"145243087\" aria-label=\"Tabs. Open items with Enter or Space, close with Escape and navigate using the Arrow keys.\">\n\t\t\t<div class=\"e-n-tabs-heading\" role=\"tablist\">\n\t\t\t\t\t<button id=\"e-n-tab-title-1452430871\" data-tab-title-id=\"e-n-tab-title-1452430871\" class=\"e-n-tab-title\" aria-selected=\"true\" data-tab-index=\"1\" role=\"tab\" tabindex=\"0\" aria-controls=\"e-n-tab-content-1452430871\" style=\"--n-tabs-title-order: 1;\">\n\t\t\t\t\t\t<span class=\"e-n-tab-title-text\">\n\t\t\t\tLA DISPONIBILIT\u00c0 E IL TEMPO\t\t\t<\/span>\n\t\t<\/button>\n\t\t\t\t<button id=\"e-n-tab-title-1452430872\" data-tab-title-id=\"e-n-tab-title-1452430872\" class=\"e-n-tab-title\" aria-selected=\"false\" data-tab-index=\"2\" role=\"tab\" tabindex=\"-1\" aria-controls=\"e-n-tab-content-1452430872\" style=\"--n-tabs-title-order: 2;\">\n\t\t\t\t\t\t<span class=\"e-n-tab-title-text\">\n\t\t\t\tCONSEGNA E RICEZIONE\t\t\t<\/span>\n\t\t<\/button>\n\t\t\t\t<button id=\"e-n-tab-title-1452430873\" data-tab-title-id=\"e-n-tab-title-1452430873\" class=\"e-n-tab-title\" aria-selected=\"false\" data-tab-index=\"3\" role=\"tab\" tabindex=\"-1\" aria-controls=\"e-n-tab-content-1452430873\" style=\"--n-tabs-title-order: 3;\">\n\t\t\t\t\t\t<span class=\"e-n-tab-title-text\">\n\t\t\t\tSPESE DI SPEDIZIONE\t\t\t<\/span>\n\t\t<\/button>\n\t\t\t\t\t<\/div>\n\t\t\t<div class=\"e-n-tabs-content\">\n\t\t\t\t<div id=\"e-n-tab-content-1452430871\" role=\"tabpanel\" aria-labelledby=\"e-n-tab-title-1452430871\" data-tab-index=\"1\" style=\"--n-tabs-title-order: 1;\" class=\"e-active elementor-element elementor-element-e128b55 e-con-full e-flex e-con e-child\" data-id=\"e128b55\" data-element_type=\"container\" data-e-type=\"container\">\n\t\t\t\t<div class=\"elementor-element elementor-element-e0970b1 elementor-widget__width-initial elementor-widget elementor-widget-text-editor\" data-id=\"e0970b1\" data-element_type=\"widget\" data-e-type=\"widget\" data-widget_type=\"text-editor.default\">\n\t\t\t\t<div class=\"elementor-widget-container\">\n\t\t\t\t\t\t\t\t\t<p>Sauf indication contraire, tous les produits sont en stock au moment o\u00f9 vous les visionnez sur le site. Autrement dit, si vous pouvez ajouter une quantit\u00e9 au panier, c\u2019est que celle-ci est disponible \u00e0 l\u2019entrep\u00f4t. Une fois votre commande valid\u00e9e, nous exp\u00e9dions les marchandises en 24h depuis l\u2019entrep\u00f4t. Le d\u00e9lai standard de livraison chez vous est donc de 3 \u00e0 5 jours ouvr\u00e9s en moyenne. Les frais de port sont offerts \u00e0 partir de 99\u20ac d\u2019achats.<\/p><p>CONSEGNA A UNA DATA SUCCESSIVA<\/p><p>Si votre projet n\u2019est pas imminent, il est possible de programmer ensemble une livraison \u00e0 date ult\u00e9rieure. Nous gardons alors vos marchandises en stock \u00e0 l\u2019usine et les livrons \u00e0 la date que vous souhaitez, \u00e0 condition que cela ne d\u00e9passe pas 1 mois apr\u00e8s la commande. Pour cela, il suffit de nous envoyer une demande par mail au moment de passer votre commande, \u00e0 l\u2019adresse contact@mom-design.com .<\/p>\t\t\t\t\t\t\t\t<\/div>\n\t\t\t\t<\/div>\n\t\t\t\t<\/div>\n\t\t<div id=\"e-n-tab-content-1452430872\" role=\"tabpanel\" aria-labelledby=\"e-n-tab-title-1452430872\" data-tab-index=\"2\" style=\"--n-tabs-title-order: 2;\" class=\"elementor-element elementor-element-91cc372 e-con-full e-flex e-con e-child\" data-id=\"91cc372\" data-element_type=\"container\" data-e-type=\"container\">\n\t\t\t\t<div class=\"elementor-element elementor-element-dda1535 elementor-widget__width-initial elementor-widget elementor-widget-text-editor\" data-id=\"dda1535\" data-element_type=\"widget\" data-e-type=\"widget\" data-widget_type=\"text-editor.default\">\n\t\t\t\t<div class=\"elementor-widget-container\">\n\t\t\t\t\t\t\t\t\t<p>La livraison s\u2019effectue sans rendez-vous. Vous recevez un sms ou un mail du transporteur pour valider la date de livraison souhait\u00e9e. Avant la livraison, notre transporteur pourra \u00e9galement vous appeler si le volume command\u00e9 le n\u00e9cessite afin de convenir d\u2019un rendez-vous (plage demie-journ\u00e9e, du lundi au vendredi).<\/p><p>Il giorno della consegna, i prodotti saranno imballati su pallet o da pacco. Sar\u00e0 scaricata in vostra presenza, e chiesto il driver nel limite di una propriet\u00e0 (ad esempio, di fronte al vostro portale, se si vive in una casa o in basso dell&#039;edificio, se si vive in un appartamento).<\/p><p>Pour que la livraison se d\u00e9roule de la meilleure fa\u00e7on possible, nous vous recommandons de renseigner un num\u00e9ro de mobile plut\u00f4t qu\u2019un num\u00e9ro de fixe lors de la commande. N\u2019oubliez pas de r\u00e9pondre m\u00eame si vous ne connaissez pas l\u2019appelant: c\u2019est peut-\u00eatre notre transporteur!<\/p>\t\t\t\t\t\t\t\t<\/div>\n\t\t\t\t<\/div>\n\t\t\t\t<\/div>\n\t\t<div id=\"e-n-tab-content-1452430873\" role=\"tabpanel\" aria-labelledby=\"e-n-tab-title-1452430873\" data-tab-index=\"3\" style=\"--n-tabs-title-order: 3;\" class=\"elementor-element elementor-element-6b11684 e-con-full e-flex e-con e-child\" data-id=\"6b11684\" data-element_type=\"container\" data-e-type=\"container\">\n\t\t\t\t<div class=\"elementor-element elementor-element-4feee5f elementor-widget__width-initial elementor-widget elementor-widget-text-editor\" data-id=\"4feee5f\" data-element_type=\"widget\" data-e-type=\"widget\" data-widget_type=\"text-editor.default\">\n\t\t\t\t<div class=\"elementor-widget-container\">\n\t\t\t\t\t\t\t\t\t<p>Les frais de livraison sont calcul\u00e9s en fonction du poids des produits et de leur volume. Pas de panique, les frais de livraison vous sermon offerts des 99\u20ac d\u2019achats ! Vous r\u00e9aliserez des des \u00e9conomies consid\u00e9rables gr\u00e2ce \u00e0 nos prix de vente avantageux! <strong>N\u2019oubliez pas que vous achetez votre d\u00e9coration chez un sp\u00e9cialiste de l\u00e9 d\u00e9co murale d\u2019int\u00e9rieur et que nous avons s\u00e9lectionn\u00e9 pour vous les meilleurs produits au meilleur co\u00fbt possible. Nous vous invitons donc \u00e0 raisonner en termes de budget global et surtout \u00e0 prendre en compte, lors de votre processus d\u2019achat, la qualit\u00e9 des marchandises que vous achetez sur mom-design.com<\/strong>. Vous serez gagnant, c\u2019est certain.<\/p>\t\t\t\t\t\t\t\t<\/div>\n\t\t\t\t<\/div>\n\t\t\t\t<\/div>\n\t\t\t\t\t<\/div>\n\t\t<\/div>\n\t\t\t\t\t\t<\/div>\n\t\t\t\t<\/div>\n\t\t\t\t\t<\/div>\n\t\t\t\t<\/div>\n\t\t\t\t<\/div>","protected":false},"excerpt":{"rendered":"<p>Comment fonctionne la livraison? Mom est un site de vente en ligne de d\u00e9coration murale d&rsquo;int\u00e9rieur, avec livraison directe depuis notre entrep\u00f4t situ\u00e9 en France m\u00e9tropolitaine.Nous livrons nos produits en France m\u00e9tropolitaine, et partout en Europe. Sur cette page vous trouverez toutes les informations importantes concernant notre politique de livraison. Si vous avez d&rsquo;autres questions, [&hellip;]<\/p>\n","protected":false},"author":3,"featured_media":0,"parent":0,"menu_order":0,"comment_status":"closed","ping_status":"closed","template":"","meta":{"_acf_changed":false,"footnotes":""},"class_list":["post-6542","page","type-page","status-publish","hentry"],"acf":[],"yoast_head":"<!-- This site is optimized with the Yoast SEO plugin v27.0 - https:\/\/yoast.com\/product\/yoast-seo-wordpress\/ -->\n<title>Livraison | MOM DESIGN<\/title>\n<meta name=\"robots\" content=\"index, follow, max-snippet:-1, max-image-preview:large, max-video-preview:-1\" \/>\n<link rel=\"canonical\" href=\"https:\/\/mom-design.com\/it\/livraison\/\" \/>\n<meta property=\"og:locale\" content=\"it_IT\" \/>\n<meta property=\"og:type\" content=\"article\" \/>\n<meta property=\"og:title\" content=\"Livraison | MOM DESIGN\" \/>\n<meta property=\"og:description\" content=\"Comment fonctionne la livraison? Mom est un site de vente en ligne de d\u00e9coration murale d&rsquo;int\u00e9rieur, avec livraison directe depuis notre entrep\u00f4t situ\u00e9 en France m\u00e9tropolitaine.Nous livrons nos produits en France m\u00e9tropolitaine, et partout en Europe. Sur cette page vous trouverez toutes les informations importantes concernant notre politique de livraison. Si vous avez d&rsquo;autres questions, [&hellip;]\" \/>\n<meta property=\"og:url\" content=\"https:\/\/mom-design.com\/it\/livraison\/\" \/>\n<meta property=\"og:site_name\" content=\"MOM DESIGN\" \/>\n<meta property=\"article:modified_time\" content=\"2024-07-24T21:55:48+00:00\" \/>\n<meta name=\"twitter:card\" content=\"summary_large_image\" \/>\n<meta name=\"twitter:label1\" content=\"Tempo di lettura stimato\" \/>\n\t<meta name=\"twitter:data1\" content=\"5 minuti\" \/>\n<script type=\"application\/ld+json\" class=\"yoast-schema-graph\">{\"@context\":\"https:\/\/schema.org\",\"@graph\":[{\"@type\":\"WebPage\",\"@id\":\"https:\/\/mom-design.com\/it\/livraison\/\",\"url\":\"https:\/\/mom-design.com\/it\/livraison\/\",\"name\":\"Livraison | MOM DESIGN\",\"isPartOf\":{\"@id\":\"https:\/\/mom-design.com\/it\/#website\"},\"datePublished\":\"2024-07-23T01:37:00+00:00\",\"dateModified\":\"2024-07-24T21:55:48+00:00\",\"breadcrumb\":{\"@id\":\"https:\/\/mom-design.com\/it\/livraison\/#breadcrumb\"},\"inLanguage\":\"it-IT\",\"potentialAction\":[{\"@type\":\"ReadAction\",\"target\":[\"https:\/\/mom-design.com\/it\/livraison\/\"]}]},{\"@type\":\"BreadcrumbList\",\"@id\":\"https:\/\/mom-design.com\/it\/livraison\/#breadcrumb\",\"itemListElement\":[{\"@type\":\"ListItem\",\"position\":1,\"name\":\"D\u00e9coration murale d\u2019int\u00e9rieur\",\"item\":\"https:\/\/mom-design.com\/de\/\"},{\"@type\":\"ListItem\",\"position\":2,\"name\":\"Livraison\"}]},{\"@type\":\"WebSite\",\"@id\":\"https:\/\/mom-design.com\/it\/#website\",\"url\":\"https:\/\/mom-design.com\/it\/\",\"name\":\"MOM DESIGN\",\"description\":\"Sp\u00e9cialiste du design mural d&#039;int\u00e9rieur\",\"potentialAction\":[{\"@type\":\"SearchAction\",\"target\":{\"@type\":\"EntryPoint\",\"urlTemplate\":\"https:\/\/mom-design.com\/it\/?s={search_term_string}\"},\"query-input\":{\"@type\":\"PropertyValueSpecification\",\"valueRequired\":true,\"valueName\":\"search_term_string\"}}],\"inLanguage\":\"it-IT\"}]}<\/script>\n<!-- \/ Yoast SEO plugin. -->","yoast_head_json":{"title":"Livraison | MOM DESIGN","robots":{"index":"index","follow":"follow","max-snippet":"max-snippet:-1","max-image-preview":"max-image-preview:large","max-video-preview":"max-video-preview:-1"},"canonical":"https:\/\/mom-design.com\/it\/livraison\/","og_locale":"it_IT","og_type":"article","og_title":"Livraison | MOM DESIGN","og_description":"Comment fonctionne la livraison? Mom est un site de vente en ligne de d\u00e9coration murale d&rsquo;int\u00e9rieur, avec livraison directe depuis notre entrep\u00f4t situ\u00e9 en France m\u00e9tropolitaine.Nous livrons nos produits en France m\u00e9tropolitaine, et partout en Europe. Sur cette page vous trouverez toutes les informations importantes concernant notre politique de livraison. Si vous avez d&rsquo;autres questions, [&hellip;]","og_url":"https:\/\/mom-design.com\/it\/livraison\/","og_site_name":"MOM DESIGN","article_modified_time":"2024-07-24T21:55:48+00:00","twitter_card":"summary_large_image","twitter_misc":{"Tempo di lettura stimato":"5 minuti"},"schema":{"@context":"https:\/\/schema.org","@graph":[{"@type":"WebPage","@id":"https:\/\/mom-design.com\/it\/livraison\/","url":"https:\/\/mom-design.com\/it\/livraison\/","name":"Livraison | MOM DESIGN","isPartOf":{"@id":"https:\/\/mom-design.com\/it\/#website"},"datePublished":"2024-07-23T01:37:00+00:00","dateModified":"2024-07-24T21:55:48+00:00","breadcrumb":{"@id":"https:\/\/mom-design.com\/it\/livraison\/#breadcrumb"},"inLanguage":"it-IT","potentialAction":[{"@type":"ReadAction","target":["https:\/\/mom-design.com\/it\/livraison\/"]}]},{"@type":"BreadcrumbList","@id":"https:\/\/mom-design.com\/it\/livraison\/#breadcrumb","itemListElement":[{"@type":"ListItem","position":1,"name":"D\u00e9coration murale d\u2019int\u00e9rieur","item":"https:\/\/mom-design.com\/de\/"},{"@type":"ListItem","position":2,"name":"Livraison"}]},{"@type":"WebSite","@id":"https:\/\/mom-design.com\/it\/#website","url":"https:\/\/mom-design.com\/it\/","name":"MAMMA DESIGN","description":"Sp\u00e9cialiste du design mural d'int\u00e9rieur","potentialAction":[{"@type":"SearchAction","target":{"@type":"EntryPoint","urlTemplate":"https:\/\/mom-design.com\/it\/?s={search_term_string}"},"query-input":{"@type":"PropertyValueSpecification","valueRequired":true,"valueName":"search_term_string"}}],"inLanguage":"it-IT"}]}},"_links":{"self":[{"href":"https:\/\/mom-design.com\/it\/wp-json\/wp\/v2\/pages\/6542","targetHints":{"allow":["GET"]}}],"collection":[{"href":"https:\/\/mom-design.com\/it\/wp-json\/wp\/v2\/pages"}],"about":[{"href":"https:\/\/mom-design.com\/it\/wp-json\/wp\/v2\/types\/page"}],"author":[{"embeddable":true,"href":"https:\/\/mom-design.com\/it\/wp-json\/wp\/v2\/users\/3"}],"replies":[{"embeddable":true,"href":"https:\/\/mom-design.com\/it\/wp-json\/wp\/v2\/comments?post=6542"}],"version-history":[{"count":10,"href":"https:\/\/mom-design.com\/it\/wp-json\/wp\/v2\/pages\/6542\/revisions"}],"predecessor-version":[{"id":6733,"href":"https:\/\/mom-design.com\/it\/wp-json\/wp\/v2\/pages\/6542\/revisions\/6733"}],"wp:attachment":[{"href":"https:\/\/mom-design.com\/it\/wp-json\/wp\/v2\/media?parent=6542"}],"curies":[{"name":"wp","href":"https:\/\/api.w.org\/{rel}","templated":true}]}}