{"id":6544,"date":"2024-07-23T03:37:23","date_gmt":"2024-07-23T01:37:23","guid":{"rendered":"https:\/\/mom-design.com\/?page_id=6544"},"modified":"2024-07-25T00:04:04","modified_gmt":"2024-07-24T22:04:04","slug":"fonctionnement","status":"publish","type":"page","link":"https:\/\/mom-design.com\/it\/fonctionnement\/","title":{"rendered":"Operazione"},"content":{"rendered":"<div data-elementor-type=\"wp-page\" data-elementor-id=\"6544\" class=\"elementor elementor-6544\" data-elementor-post-type=\"page\">\n\t\t\t\t<div class=\"elementor-element elementor-element-494b6c1 e-flex e-con-boxed e-con e-parent\" data-id=\"494b6c1\" data-element_type=\"container\" data-e-type=\"container\">\n\t\t\t\t\t<div class=\"e-con-inner\">\n\t\t\t\t<div class=\"elementor-element elementor-element-660b0d0 elementor-widget__width-inherit elementor-widget elementor-widget-hub_fancy_heading\" data-id=\"660b0d0\" data-element_type=\"widget\" data-e-type=\"widget\" data-widget_type=\"hub_fancy_heading.default\">\n\t\t\t\t<div class=\"elementor-widget-container\">\n\t\t\t\t\t\n\t\t<div id=\"ld-fancy-heading-6a0067fd0b22a\" class=\"ld-fancy-heading pos-rel\">\n\t\t\t<h3 class=\"ld-fh-element d-inline-block pos-rel  elementor-heading-title lqd-highlight-classic lqd-highlight-grow-left h3\"  > Comment Fonctionne MOM Design<\/h3>\t\t<\/div>\n\n\t\t\t\t\t\t<\/div>\n\t\t\t\t<\/div>\n\t\t\t\t<div class=\"elementor-element elementor-element-502ffbe elementor-widget__width-initial elementor-widget elementor-widget-text-editor\" data-id=\"502ffbe\" data-element_type=\"widget\" data-e-type=\"widget\" data-widget_type=\"text-editor.default\">\n\t\t\t\t<div class=\"elementor-widget-container\">\n\t\t\t\t\t\t\t\t\t<p>MOM Design c\u2019est tout simplement le sp\u00e9cialiste de la d\u00e9coration murale d\u2019int\u00e9rieur en France et en Europe. Nous fabriquons et concevons les produits les plus tendances pour d\u00e9corer vos murs. Choisissez entre nos plinthes, cimaises, rev\u00eatements muraux ainsi que nos s\u00e9parateurs de pi\u00e8ces.<\/p><p>MOM Design, c\u2019est le choix du design avant tout pour une satisfaction certaine.<\/p>\t\t\t\t\t\t\t\t<\/div>\n\t\t\t\t<\/div>\n\t\t\t\t\t<\/div>\n\t\t\t\t<\/div>\n\t\t<div class=\"elementor-element elementor-element-44cb517 e-flex e-con-boxed e-con e-parent\" data-id=\"44cb517\" data-element_type=\"container\" data-e-type=\"container\" data-settings=\"{&quot;background_background&quot;:&quot;classic&quot;}\">\n\t\t\t\t\t<div class=\"e-con-inner\">\n\t\t\t\t<div class=\"elementor-element elementor-element-12b45b2 elementor-widget__width-initial elementor-widget elementor-widget-hub_fancy_heading\" data-id=\"12b45b2\" data-element_type=\"widget\" data-e-type=\"widget\" data-widget_type=\"hub_fancy_heading.default\">\n\t\t\t\t<div class=\"elementor-widget-container\">\n\t\t\t\t\t\n\t\t<div id=\"ld-fancy-heading-6a0067fd0cfe5\" class=\"ld-fancy-heading pos-rel\">\n\t\t\t<h3 class=\"ld-fh-element d-inline-block pos-rel  elementor-heading-title lqd-highlight-classic lqd-highlight-grow-left h3\"  > \u00c9TAPE #1<\/h3>\t\t<\/div>\n\n\t\t\t\t\t\t<\/div>\n\t\t\t\t<\/div>\n\t\t\t\t<div class=\"elementor-element elementor-element-1aa2a9e elementor-widget__width-initial elementor-widget elementor-widget-hub_fancy_heading\" data-id=\"1aa2a9e\" data-element_type=\"widget\" data-e-type=\"widget\" data-widget_type=\"hub_fancy_heading.default\">\n\t\t\t\t<div class=\"elementor-widget-container\">\n\t\t\t\t\t\n\t\t<div id=\"ld-fancy-heading-6a0067fd0db1c\" class=\"ld-fancy-heading pos-rel\">\n\t\t\t<h3 class=\"ld-fh-element d-inline-block pos-rel  elementor-heading-title lqd-highlight-classic lqd-highlight-grow-left h3\"  > CALCULEZ LE METRAGE DES PRODUITS POUR VOTRE DECO<\/h3>\t\t<\/div>\n\n\t\t\t\t\t\t<\/div>\n\t\t\t\t<\/div>\n\t\t\t\t<div class=\"elementor-element elementor-element-84565da elementor-widget__width-initial elementor-widget-mobile__width-inherit elementor-widget elementor-widget-hub_fancy_heading\" data-id=\"84565da\" data-element_type=\"widget\" data-e-type=\"widget\" data-widget_type=\"hub_fancy_heading.default\">\n\t\t\t\t<div class=\"elementor-widget-container\">\n\t\t\t\t\t\n\t\t<div id=\"ld-fancy-heading-6a0067fd0e606\" class=\"ld-fancy-heading pos-rel\">\n\t\t\t<p class=\"ld-fh-element d-inline-block pos-rel  lqd-highlight-classic lqd-highlight-grow-left p\"  > Un m\u00e8tre, une feuille, un crayon et au boulot \ud83d\ude42\n\n\nUne fois que vous avez bien pris vos mesures et calcul\u00e9 vos surfaces \u00e0 carreler, passez \u00e0 l'\u00e9tape 2.\n\n<\/p>\t\t<\/div>\n\n\t\t\t\t\t\t<\/div>\n\t\t\t\t<\/div>\n\t\t\t\t\t<\/div>\n\t\t\t\t<\/div>\n\t\t<div class=\"elementor-element elementor-element-421c604 e-flex e-con-boxed e-con e-parent\" data-id=\"421c604\" data-element_type=\"container\" data-e-type=\"container\" data-settings=\"{&quot;background_background&quot;:&quot;classic&quot;}\">\n\t\t\t\t\t<div class=\"e-con-inner\">\n\t\t\t\t<div class=\"elementor-element elementor-element-429cf7d elementor-widget__width-initial elementor-widget elementor-widget-hub_fancy_heading\" data-id=\"429cf7d\" data-element_type=\"widget\" data-e-type=\"widget\" data-widget_type=\"hub_fancy_heading.default\">\n\t\t\t\t<div class=\"elementor-widget-container\">\n\t\t\t\t\t\n\t\t<div id=\"ld-fancy-heading-6a0067fd0f117\" class=\"ld-fancy-heading pos-rel\">\n\t\t\t<h3 class=\"ld-fh-element d-inline-block pos-rel  elementor-heading-title lqd-highlight-classic lqd-highlight-grow-left h3\"  > \u00c9TAPE #2<\/h3>\t\t<\/div>\n\n\t\t\t\t\t\t<\/div>\n\t\t\t\t<\/div>\n\t\t\t\t<div class=\"elementor-element elementor-element-8258650 elementor-widget__width-initial elementor-widget elementor-widget-hub_fancy_heading\" data-id=\"8258650\" data-element_type=\"widget\" data-e-type=\"widget\" data-widget_type=\"hub_fancy_heading.default\">\n\t\t\t\t<div class=\"elementor-widget-container\">\n\t\t\t\t\t\n\t\t<div id=\"ld-fancy-heading-6a0067fd0fbac\" class=\"ld-fancy-heading pos-rel\">\n\t\t\t<h3 class=\"ld-fh-element d-inline-block pos-rel  elementor-heading-title lqd-highlight-classic lqd-highlight-grow-left h3\"  > CHOISISSEZ VOTRE PRODUIT SUR LE SITE<\/h3>\t\t<\/div>\n\n\t\t\t\t\t\t<\/div>\n\t\t\t\t<\/div>\n\t\t\t\t<div class=\"elementor-element elementor-element-bbf33af elementor-widget__width-initial elementor-widget-mobile__width-inherit elementor-widget elementor-widget-hub_fancy_heading\" data-id=\"bbf33af\" data-element_type=\"widget\" data-e-type=\"widget\" data-widget_type=\"hub_fancy_heading.default\">\n\t\t\t\t<div class=\"elementor-widget-container\">\n\t\t\t\t\t\n\t\t<div id=\"ld-fancy-heading-6a0067fd10687\" class=\"ld-fancy-heading pos-rel\">\n\t\t\t<p class=\"ld-fh-element d-inline-block pos-rel  lqd-highlight-classic lqd-highlight-grow-left p\"  > On est l\u00e0 pour vous aider, donc n'h\u00e9sitez pas \u00e0 demander nos conseils de fabricant, \u00e0 lire notre guide d'achat en ligne ou \u00e0 commander un \u00e9chantillon si vous pr\u00e9f\u00e9rez voir le produit \u00e0 la lumi\u00e8re de chez vous!<\/p>\t\t<\/div>\n\n\t\t\t\t\t\t<\/div>\n\t\t\t\t<\/div>\n\t\t\t\t\t<\/div>\n\t\t\t\t<\/div>\n\t\t<div class=\"elementor-element elementor-element-a5d5802 e-flex e-con-boxed e-con e-parent\" data-id=\"a5d5802\" data-element_type=\"container\" data-e-type=\"container\" data-settings=\"{&quot;background_background&quot;:&quot;classic&quot;}\">\n\t\t\t\t\t<div class=\"e-con-inner\">\n\t\t\t\t<div class=\"elementor-element elementor-element-ec0ff19 elementor-widget__width-initial elementor-widget elementor-widget-hub_fancy_heading\" data-id=\"ec0ff19\" data-element_type=\"widget\" data-e-type=\"widget\" data-widget_type=\"hub_fancy_heading.default\">\n\t\t\t\t<div class=\"elementor-widget-container\">\n\t\t\t\t\t\n\t\t<div id=\"ld-fancy-heading-6a0067fd112a6\" class=\"ld-fancy-heading pos-rel\">\n\t\t\t<h3 class=\"ld-fh-element d-inline-block pos-rel  elementor-heading-title lqd-highlight-classic lqd-highlight-grow-left h3\"  > \u00c9TAPE #3<\/h3>\t\t<\/div>\n\n\t\t\t\t\t\t<\/div>\n\t\t\t\t<\/div>\n\t\t\t\t<div class=\"elementor-element elementor-element-25092cd elementor-widget__width-initial elementor-widget elementor-widget-hub_fancy_heading\" data-id=\"25092cd\" data-element_type=\"widget\" data-e-type=\"widget\" data-widget_type=\"hub_fancy_heading.default\">\n\t\t\t\t<div class=\"elementor-widget-container\">\n\t\t\t\t\t\n\t\t<div id=\"ld-fancy-heading-6a0067fd11da1\" class=\"ld-fancy-heading pos-rel\">\n\t\t\t<h3 class=\"ld-fh-element d-inline-block pos-rel  elementor-heading-title lqd-highlight-classic lqd-highlight-grow-left h3\"  > VALIDEZ VOTRE PANIER SUR LE SITE<\/h3>\t\t<\/div>\n\n\t\t\t\t\t\t<\/div>\n\t\t\t\t<\/div>\n\t\t\t\t<div class=\"elementor-element elementor-element-d435963 elementor-widget__width-initial elementor-widget-mobile__width-inherit elementor-widget elementor-widget-hub_fancy_heading\" data-id=\"d435963\" data-element_type=\"widget\" data-e-type=\"widget\" data-widget_type=\"hub_fancy_heading.default\">\n\t\t\t\t<div class=\"elementor-widget-container\">\n\t\t\t\t\t\n\t\t<div id=\"ld-fancy-heading-6a0067fd1286c\" class=\"ld-fancy-heading pos-rel\">\n\t\t\t<p class=\"ld-fh-element d-inline-block pos-rel  lqd-highlight-classic lqd-highlight-grow-left p\"  > Une fois trouv\u00e9 le produit qui vous pla\u00eet, vn'h\u00e9sitez pas \u00e0 demander conseil aupr\u00e8s de notre \u00e9quipe, nous serons ravis de vous conseiller.<\/p>\t\t<\/div>\n\n\t\t\t\t\t\t<\/div>\n\t\t\t\t<\/div>\n\t\t\t\t\t<\/div>\n\t\t\t\t<\/div>\n\t\t<div class=\"elementor-element elementor-element-67003b2 e-flex e-con-boxed e-con e-parent\" data-id=\"67003b2\" data-element_type=\"container\" data-e-type=\"container\" data-settings=\"{&quot;background_background&quot;:&quot;classic&quot;}\">\n\t\t\t\t\t<div class=\"e-con-inner\">\n\t\t\t\t<div class=\"elementor-element elementor-element-5fde6a0 elementor-widget__width-initial elementor-widget elementor-widget-hub_fancy_heading\" data-id=\"5fde6a0\" data-element_type=\"widget\" data-e-type=\"widget\" data-widget_type=\"hub_fancy_heading.default\">\n\t\t\t\t<div class=\"elementor-widget-container\">\n\t\t\t\t\t\n\t\t<div id=\"ld-fancy-heading-6a0067fd1331c\" class=\"ld-fancy-heading pos-rel\">\n\t\t\t<h3 class=\"ld-fh-element d-inline-block pos-rel  elementor-heading-title lqd-highlight-classic lqd-highlight-grow-left h3\"  > \u00c9TAPE #4<\/h3>\t\t<\/div>\n\n\t\t\t\t\t\t<\/div>\n\t\t\t\t<\/div>\n\t\t\t\t<div class=\"elementor-element elementor-element-d1f13bd elementor-widget__width-initial elementor-widget elementor-widget-hub_fancy_heading\" data-id=\"d1f13bd\" data-element_type=\"widget\" data-e-type=\"widget\" data-widget_type=\"hub_fancy_heading.default\">\n\t\t\t\t<div class=\"elementor-widget-container\">\n\t\t\t\t\t\n\t\t<div id=\"ld-fancy-heading-6a0067fd13dd8\" class=\"ld-fancy-heading pos-rel\">\n\t\t\t<h3 class=\"ld-fh-element d-inline-block pos-rel  elementor-heading-title lqd-highlight-classic lqd-highlight-grow-left h3\"  > CHOISISSEZ VOTRE FORMULE DE PAIEMENT\/LIVRAISON<\/h3>\t\t<\/div>\n\n\t\t\t\t\t\t<\/div>\n\t\t\t\t<\/div>\n\t\t\t\t<div class=\"elementor-element elementor-element-b027a67 elementor-widget__width-initial elementor-widget-mobile__width-inherit elementor-widget elementor-widget-hub_fancy_heading\" data-id=\"b027a67\" data-element_type=\"widget\" data-e-type=\"widget\" data-widget_type=\"hub_fancy_heading.default\">\n\t\t\t\t<div class=\"elementor-widget-container\">\n\t\t\t\t\t\n\t\t<div id=\"ld-fancy-heading-6a0067fd1484c\" class=\"ld-fancy-heading pos-rel\">\n\t\t\t<p class=\"ld-fh-element d-inline-block pos-rel  lqd-highlight-classic lqd-highlight-grow-left p\"  > Notre interface de paiement en ligne est enti\u00e8rement s\u00e9curis\u00e9e. Nous acceptons les principales cartes de cr\u00e9dit et les paiements par Paypal. Si toutefois vous pr\u00e9f\u00e9rez opter pour un mode de r\u00e8glement traditionnel (virement, ch\u00e8que), c'est possible aussi ! <\/p>\t\t<\/div>\n\n\t\t\t\t\t\t<\/div>\n\t\t\t\t<\/div>\n\t\t\t\t\t<\/div>\n\t\t\t\t<\/div>\n\t\t<div class=\"elementor-element elementor-element-5ba9a8f e-flex e-con-boxed e-con e-parent\" data-id=\"5ba9a8f\" data-element_type=\"container\" data-e-type=\"container\" data-settings=\"{&quot;background_background&quot;:&quot;classic&quot;}\">\n\t\t\t\t\t<div class=\"e-con-inner\">\n\t\t<div class=\"elementor-element elementor-element-f7453be e-con-full e-flex e-con e-child\" data-id=\"f7453be\" data-element_type=\"container\" data-e-type=\"container\" data-settings=\"{&quot;background_background&quot;:&quot;classic&quot;}\">\n\t\t\t\t<div class=\"elementor-element elementor-element-5b21b75 elementor-widget__width-initial elementor-widget elementor-widget-hub_fancy_heading\" data-id=\"5b21b75\" data-element_type=\"widget\" data-e-type=\"widget\" data-widget_type=\"hub_fancy_heading.default\">\n\t\t\t\t<div class=\"elementor-widget-container\">\n\t\t\t\t\t\n\t\t<div id=\"ld-fancy-heading-6a0067fd152ee\" class=\"ld-fancy-heading pos-rel\">\n\t\t\t<h3 class=\"ld-fh-element d-inline-block pos-rel  elementor-heading-title lqd-highlight-classic lqd-highlight-grow-left h3\"  > \u00c9TAPE #4<\/h3>\t\t<\/div>\n\n\t\t\t\t\t\t<\/div>\n\t\t\t\t<\/div>\n\t\t\t\t<div class=\"elementor-element elementor-element-f5eeb10 elementor-widget__width-initial elementor-widget elementor-widget-hub_fancy_heading\" data-id=\"f5eeb10\" data-element_type=\"widget\" data-e-type=\"widget\" data-widget_type=\"hub_fancy_heading.default\">\n\t\t\t\t<div class=\"elementor-widget-container\">\n\t\t\t\t\t\n\t\t<div id=\"ld-fancy-heading-6a0067fd15d77\" class=\"ld-fancy-heading pos-rel\">\n\t\t\t<h3 class=\"ld-fh-element d-inline-block pos-rel  elementor-heading-title lqd-highlight-classic lqd-highlight-grow-left h3\"  > LA LIVRAISON<\/h3>\t\t<\/div>\n\n\t\t\t\t\t\t<\/div>\n\t\t\t\t<\/div>\n\t\t\t\t<div class=\"elementor-element elementor-element-973a5f4 elementor-widget__width-initial elementor-widget-mobile__width-inherit elementor-widget elementor-widget-hub_fancy_heading\" data-id=\"973a5f4\" data-element_type=\"widget\" data-e-type=\"widget\" data-widget_type=\"hub_fancy_heading.default\">\n\t\t\t\t<div class=\"elementor-widget-container\">\n\t\t\t\t\t\n\t\t<div id=\"ld-fancy-heading-6a0067fd167e2\" class=\"ld-fancy-heading pos-rel\">\n\t\t\t<p class=\"ld-fh-element d-inline-block pos-rel  lqd-highlight-classic lqd-highlight-grow-left p\"  > Nos produits sont disponibles en stock! Par cons\u00e9quent, une fois la commande accept\u00e9e et confirm\u00e9e, il faudra compter environ 5 jours ouvr\u00e9s pour la livraison chez vous (mais il est \u00e9galement possible de programmer une livraison \u00e0 date ult\u00e9rieure!).\n\nAvant la livraison, notre transporteur vous contactera pour convenir d'un rendez-vous.\n\nLa livraison se fera en limite de propri\u00e9t\u00e9, c'est \u00e0 dire que la palette sera pos\u00e9e devant votre domicile \/ votre chantier.<\/p>\t\t<\/div>\n\n\t\t\t\t\t\t<\/div>\n\t\t\t\t<\/div>\n\t\t\t\t<\/div>\n\t\t\t\t\t<\/div>\n\t\t\t\t<\/div>\n\t\t\t\t<\/div>","protected":false},"excerpt":{"rendered":"<p>Comment Fonctionne MOM Design MOM Design c&rsquo;est tout simplement le sp\u00e9cialiste de la d\u00e9coration murale d&rsquo;int\u00e9rieur en France et en Europe. Nous fabriquons et concevons les produits les plus tendances pour d\u00e9corer vos murs. Choisissez entre nos plinthes, cimaises, rev\u00eatements muraux ainsi que nos s\u00e9parateurs de pi\u00e8ces. MOM Design, c&rsquo;est le choix du design avant [&hellip;]<\/p>\n","protected":false},"author":3,"featured_media":0,"parent":0,"menu_order":0,"comment_status":"closed","ping_status":"closed","template":"","meta":{"_acf_changed":false,"footnotes":""},"class_list":["post-6544","page","type-page","status-publish","hentry"],"acf":[],"yoast_head":"<!-- This site is optimized with the Yoast SEO plugin v27.0 - https:\/\/yoast.com\/product\/yoast-seo-wordpress\/ -->\n<title>Fonctionnement | MOM DESIGN<\/title>\n<meta name=\"robots\" content=\"index, follow, max-snippet:-1, max-image-preview:large, max-video-preview:-1\" \/>\n<link rel=\"canonical\" href=\"https:\/\/mom-design.com\/it\/fonctionnement\/\" \/>\n<meta property=\"og:locale\" content=\"it_IT\" \/>\n<meta property=\"og:type\" content=\"article\" \/>\n<meta property=\"og:title\" content=\"Fonctionnement | MOM DESIGN\" \/>\n<meta property=\"og:description\" content=\"Comment Fonctionne MOM Design MOM Design c&rsquo;est tout simplement le sp\u00e9cialiste de la d\u00e9coration murale d&rsquo;int\u00e9rieur en France et en Europe. Nous fabriquons et concevons les produits les plus tendances pour d\u00e9corer vos murs. Choisissez entre nos plinthes, cimaises, rev\u00eatements muraux ainsi que nos s\u00e9parateurs de pi\u00e8ces. MOM Design, c&rsquo;est le choix du design avant [&hellip;]\" \/>\n<meta property=\"og:url\" content=\"https:\/\/mom-design.com\/it\/fonctionnement\/\" \/>\n<meta property=\"og:site_name\" content=\"MOM DESIGN\" \/>\n<meta property=\"article:modified_time\" content=\"2024-07-24T22:04:04+00:00\" \/>\n<meta name=\"twitter:card\" content=\"summary_large_image\" \/>\n<meta name=\"twitter:label1\" content=\"Tempo di lettura stimato\" \/>\n\t<meta name=\"twitter:data1\" content=\"2 minuti\" \/>\n<script type=\"application\/ld+json\" class=\"yoast-schema-graph\">{\"@context\":\"https:\/\/schema.org\",\"@graph\":[{\"@type\":\"WebPage\",\"@id\":\"https:\/\/mom-design.com\/it\/fonctionnement\/\",\"url\":\"https:\/\/mom-design.com\/it\/fonctionnement\/\",\"name\":\"Fonctionnement | MOM DESIGN\",\"isPartOf\":{\"@id\":\"https:\/\/mom-design.com\/it\/#website\"},\"datePublished\":\"2024-07-23T01:37:23+00:00\",\"dateModified\":\"2024-07-24T22:04:04+00:00\",\"breadcrumb\":{\"@id\":\"https:\/\/mom-design.com\/it\/fonctionnement\/#breadcrumb\"},\"inLanguage\":\"it-IT\",\"potentialAction\":[{\"@type\":\"ReadAction\",\"target\":[\"https:\/\/mom-design.com\/it\/fonctionnement\/\"]}]},{\"@type\":\"BreadcrumbList\",\"@id\":\"https:\/\/mom-design.com\/it\/fonctionnement\/#breadcrumb\",\"itemListElement\":[{\"@type\":\"ListItem\",\"position\":1,\"name\":\"D\u00e9coration murale d\u2019int\u00e9rieur\",\"item\":\"https:\/\/mom-design.com\/de\/\"},{\"@type\":\"ListItem\",\"position\":2,\"name\":\"Fonctionnement\"}]},{\"@type\":\"WebSite\",\"@id\":\"https:\/\/mom-design.com\/it\/#website\",\"url\":\"https:\/\/mom-design.com\/it\/\",\"name\":\"MOM DESIGN\",\"description\":\"Sp\u00e9cialiste du design mural d&#039;int\u00e9rieur\",\"potentialAction\":[{\"@type\":\"SearchAction\",\"target\":{\"@type\":\"EntryPoint\",\"urlTemplate\":\"https:\/\/mom-design.com\/it\/?s={search_term_string}\"},\"query-input\":{\"@type\":\"PropertyValueSpecification\",\"valueRequired\":true,\"valueName\":\"search_term_string\"}}],\"inLanguage\":\"it-IT\"}]}<\/script>\n<!-- \/ Yoast SEO plugin. -->","yoast_head_json":{"title":"Fonctionnement | MOM DESIGN","robots":{"index":"index","follow":"follow","max-snippet":"max-snippet:-1","max-image-preview":"max-image-preview:large","max-video-preview":"max-video-preview:-1"},"canonical":"https:\/\/mom-design.com\/it\/fonctionnement\/","og_locale":"it_IT","og_type":"article","og_title":"Fonctionnement | MOM DESIGN","og_description":"Comment Fonctionne MOM Design MOM Design c&rsquo;est tout simplement le sp\u00e9cialiste de la d\u00e9coration murale d&rsquo;int\u00e9rieur en France et en Europe. Nous fabriquons et concevons les produits les plus tendances pour d\u00e9corer vos murs. Choisissez entre nos plinthes, cimaises, rev\u00eatements muraux ainsi que nos s\u00e9parateurs de pi\u00e8ces. MOM Design, c&rsquo;est le choix du design avant [&hellip;]","og_url":"https:\/\/mom-design.com\/it\/fonctionnement\/","og_site_name":"MOM DESIGN","article_modified_time":"2024-07-24T22:04:04+00:00","twitter_card":"summary_large_image","twitter_misc":{"Tempo di lettura stimato":"2 minuti"},"schema":{"@context":"https:\/\/schema.org","@graph":[{"@type":"WebPage","@id":"https:\/\/mom-design.com\/it\/fonctionnement\/","url":"https:\/\/mom-design.com\/it\/fonctionnement\/","name":"Fonctionnement | MOM DESIGN","isPartOf":{"@id":"https:\/\/mom-design.com\/it\/#website"},"datePublished":"2024-07-23T01:37:23+00:00","dateModified":"2024-07-24T22:04:04+00:00","breadcrumb":{"@id":"https:\/\/mom-design.com\/it\/fonctionnement\/#breadcrumb"},"inLanguage":"it-IT","potentialAction":[{"@type":"ReadAction","target":["https:\/\/mom-design.com\/it\/fonctionnement\/"]}]},{"@type":"BreadcrumbList","@id":"https:\/\/mom-design.com\/it\/fonctionnement\/#breadcrumb","itemListElement":[{"@type":"ListItem","position":1,"name":"D\u00e9coration murale d\u2019int\u00e9rieur","item":"https:\/\/mom-design.com\/de\/"},{"@type":"ListItem","position":2,"name":"Fonctionnement"}]},{"@type":"WebSite","@id":"https:\/\/mom-design.com\/it\/#website","url":"https:\/\/mom-design.com\/it\/","name":"MAMMA DESIGN","description":"Sp\u00e9cialiste du design mural d'int\u00e9rieur","potentialAction":[{"@type":"SearchAction","target":{"@type":"EntryPoint","urlTemplate":"https:\/\/mom-design.com\/it\/?s={search_term_string}"},"query-input":{"@type":"PropertyValueSpecification","valueRequired":true,"valueName":"search_term_string"}}],"inLanguage":"it-IT"}]}},"_links":{"self":[{"href":"https:\/\/mom-design.com\/it\/wp-json\/wp\/v2\/pages\/6544","targetHints":{"allow":["GET"]}}],"collection":[{"href":"https:\/\/mom-design.com\/it\/wp-json\/wp\/v2\/pages"}],"about":[{"href":"https:\/\/mom-design.com\/it\/wp-json\/wp\/v2\/types\/page"}],"author":[{"embeddable":true,"href":"https:\/\/mom-design.com\/it\/wp-json\/wp\/v2\/users\/3"}],"replies":[{"embeddable":true,"href":"https:\/\/mom-design.com\/it\/wp-json\/wp\/v2\/comments?post=6544"}],"version-history":[{"count":13,"href":"https:\/\/mom-design.com\/it\/wp-json\/wp\/v2\/pages\/6544\/revisions"}],"predecessor-version":[{"id":6736,"href":"https:\/\/mom-design.com\/it\/wp-json\/wp\/v2\/pages\/6544\/revisions\/6736"}],"wp:attachment":[{"href":"https:\/\/mom-design.com\/it\/wp-json\/wp\/v2\/media?parent=6544"}],"curies":[{"name":"wp","href":"https:\/\/api.w.org\/{rel}","templated":true}]}}