{"id":6665,"date":"2024-07-23T20:59:35","date_gmt":"2024-07-23T18:59:35","guid":{"rendered":"https:\/\/mom-design.com\/?post_type=product&#038;p=6665"},"modified":"2025-09-29T13:38:06","modified_gmt":"2025-09-29T11:38:06","slug":"cimaise-murale-blanche","status":"publish","type":"product","link":"https:\/\/mom-design.com\/it\/produit\/cimaises-1\/","title":{"rendered":"Binario da parete bianco 2 metri Philippe IV"},"content":{"rendered":"<h4>\u00a0 \u00a0 \u00a0 \u00a0 \u00a0 \u00a0 \u00a0 \u00a0 \u00a0 \u00a0 <span style=\"text-decoration: underline;\">Caratteristiche :<br \/>\n<\/span><\/h4>\n<p>&#8211; <span style=\"text-decoration: underline;\">Colore<\/span> : bianco<br \/>\n&#8211; <span style=\"text-decoration: underline;\">Materiale<\/span> resistente e leggero<br \/>\n- Facile da installare<br \/>\n- Disponibile con diversi tipi di fissaggio<br \/>\n- Manutenzione semplice<\/p>\n<h4>\u00a0 \u00a0 \u00a0 \u00a0 \u00a0 \u00a0 \u00a0 \u00a0 \u00a0 \u00a0 <span style=\"text-decoration: underline;\">Perch\u00e9 scegliere una guida per quadri bianca?<\/span><\/h4>\n<p><strong>Il <a href=\"https:\/\/mom-design.com\/it\/prodotto\/cimaises-1\/\">top parete<\/a> bianca<\/strong> \u00e8 il <strong>soluzione perfetta<\/strong> per coloro che desiderano esporre le loro <strong>opere d'arte e foto in modo elegante<\/strong>. Il suo colore bianco si integra con <strong>con tutte le decorazioni<\/strong>Che siano moderni, classici o minimalisti. Inoltre, questo binario per quadri offre una soluzione flessibile per cambiare facilmente le cornici senza danneggiare le pareti.<\/p>\n<h4>\u00a0 \u00a0 \u00a0 \u00a0 \u00a0 \u00a0 \u00a0 \u00a0 \u00a0 \u00a0 <span style=\"text-decoration: underline;\">Facile e veloce da installare<\/span><\/h4>\n<p>L'installazione della nostra guida per quadri a parete \u00e8 incredibilmente facile.<strong> Accessori di montaggio inclusi,<\/strong> \u00e8 possibile installarlo in pochi minuti. Inoltre, grazie al suo design leggero, pu\u00f2 essere installato su diverse pareti.<\/p>\n<h4>\u00a0 \u00a0 \u00a0 \u00a0 \u00a0 \u00a0 \u00a0 \u00a0 \u00a0 \u00a0 \u00a0<span style=\"text-decoration: underline;\">Estetica e funzionalit\u00e0<\/span><\/h4>\n<p>Oltre alla sua praticit\u00e0, questo appendiabiti da parete bianco aggiunge <strong>unit\u00e0 <a href=\"https:\/\/mom-design.com\/it\/prodotto\/plinthes-12\/\">un tocco estetico alla vostra casa<\/a><\/strong>. Il suo design elegante mette in mostra il vostro lavoro senza sovraccaricarlo. Sia che vogliate esporre foto di famiglia, opere d'arte o diplomi, questo binario per quadri li metter\u00e0 in mostra con stile. Questo binario per quadri \u00e8 facile da pulire, u<strong>Basta un semplice panno umido per mantenerlo pulito e bello.<\/strong><\/p>\n<h4>\u00a0 \u00a0 \u00a0 \u00a0 \u00a0 \u00a0 \u00a0 \u00a0 \u00a0 \u00a0 <span style=\"text-decoration: underline;\">Ulteriori vantaggi con MOM DESIGN<\/span><\/h4>\n<p><a href=\"https:\/\/mom-design.com\/it\/prodotto\/cimaises-2\/\"><strong>In MOM DESIGN<\/strong><\/a>Ci impegniamo a fornire prodotti di alta qualit\u00e0 e questa guida per quadri \u00e8 disponibile da <strong>esclusivamente sul nostro sito web<\/strong> con un'offerta speciale che comprende <strong>consegna e restituzione gratuite.\u00a0<\/strong><\/p>","protected":false},"excerpt":{"rendered":"<p><strong>Questo <a href=\"https:\/\/mom-design.com\/it\/cimaises\/\">la parte superiore della parete bianco<\/a><\/strong> \u00e8 ideale per esporre con stile le vostre opere d'arte e le vostre foto. Di colore bianco, si abbina facilmente a tutti gli stili di arredamento. Disponibile con consegna e reso gratuiti, unisce estetica e praticit\u00e0 per un interno raffinato. Acquistatelo subito per trasformare il vostro spazio.<\/p>","protected":false},"featured_media":7249,"comment_status":"open","ping_status":"closed","template":"","meta":{"_acf_changed":false},"product_brand":[],"product_cat":[52],"product_tag":[],"class_list":{"0":"post-6665","1":"product","2":"type-product","3":"status-publish","4":"has-post-thumbnail","6":"product_cat-cimaises","7":"product_shipping_class-livraison-gls","9":"first","10":"instock","11":"taxable","12":"shipping-taxable","13":"purchasable","14":"product-type-simple","15":"add-to-wishlist-after_add_to_cart"},"acf":[],"yoast_head":"<!-- This site is optimized with the Yoast SEO plugin v27.0 - https:\/\/yoast.com\/product\/yoast-seo-wordpress\/ -->\n<title>Cimaise murale blanche 2 m\u00e8tres Philippe IV | MOM DESIGN<\/title>\n<meta name=\"description\" content=\"D\u00e9couvrez notre cimaise murale blanche pour sublimer votre int\u00e9rieur avec style. Installation facile, livraison et retours gratuits. Disponible \u00e0 prix r\u00e9duit exclusivement chez MOM DESIGN. Ne manquez pas l&#039;occasion d&#039;embellir vos murs !\" \/>\n<meta name=\"robots\" content=\"index, follow, max-snippet:-1, max-image-preview:large, max-video-preview:-1\" \/>\n<link rel=\"canonical\" href=\"https:\/\/mom-design.com\/it\/produit\/cimaises-1\/\" \/>\n<meta property=\"og:locale\" content=\"it_IT\" \/>\n<meta property=\"og:type\" content=\"article\" \/>\n<meta property=\"og:title\" content=\"Cimaise murale blanche 2 m\u00e8tres Philippe IV | MOM DESIGN\" \/>\n<meta property=\"og:description\" content=\"D\u00e9couvrez notre cimaise murale blanche pour sublimer votre int\u00e9rieur avec style. Installation facile, livraison et retours gratuits. Disponible \u00e0 prix r\u00e9duit exclusivement chez MOM DESIGN. Ne manquez pas l&#039;occasion d&#039;embellir vos murs !\" \/>\n<meta property=\"og:url\" content=\"https:\/\/mom-design.com\/it\/produit\/cimaises-1\/\" \/>\n<meta property=\"og:site_name\" content=\"MOM DESIGN\" \/>\n<meta property=\"article:modified_time\" content=\"2025-09-29T11:38:06+00:00\" \/>\n<meta property=\"og:image\" content=\"https:\/\/mom-design.com\/wp-content\/uploads\/2024\/07\/cimaise-mom-design-C1.jpeg\" \/>\n\t<meta property=\"og:image:width\" content=\"718\" \/>\n\t<meta property=\"og:image:height\" content=\"538\" \/>\n\t<meta property=\"og:image:type\" content=\"image\/jpeg\" \/>\n<meta name=\"twitter:card\" content=\"summary_large_image\" \/>\n<meta name=\"twitter:label1\" content=\"Tempo di lettura stimato\" \/>\n\t<meta name=\"twitter:data1\" content=\"2 minuti\" \/>\n<script type=\"application\/ld+json\" class=\"yoast-schema-graph\">{\"@context\":\"https:\/\/schema.org\",\"@graph\":[{\"@type\":\"WebPage\",\"@id\":\"https:\/\/mom-design.com\/it\/produit\/cimaises-1\/\",\"url\":\"https:\/\/mom-design.com\/it\/produit\/cimaises-1\/\",\"name\":\"Cimaise murale blanche 2 m\u00e8tres Philippe IV | MOM DESIGN\",\"isPartOf\":{\"@id\":\"https:\/\/mom-design.com\/it\/#website\"},\"primaryImageOfPage\":{\"@id\":\"https:\/\/mom-design.com\/it\/produit\/cimaises-1\/#primaryimage\"},\"image\":{\"@id\":\"https:\/\/mom-design.com\/it\/produit\/cimaises-1\/#primaryimage\"},\"thumbnailUrl\":\"https:\/\/mom-design.com\/wp-content\/uploads\/2024\/07\/cimaise-mom-design-C1.jpeg\",\"datePublished\":\"2024-07-23T18:59:35+00:00\",\"dateModified\":\"2025-09-29T11:38:06+00:00\",\"description\":\"D\u00e9couvrez notre cimaise murale blanche pour sublimer votre int\u00e9rieur avec style. Installation facile, livraison et retours gratuits. Disponible \u00e0 prix r\u00e9duit exclusivement chez MOM DESIGN. Ne manquez pas l'occasion d'embellir vos murs !\",\"breadcrumb\":{\"@id\":\"https:\/\/mom-design.com\/it\/produit\/cimaises-1\/#breadcrumb\"},\"inLanguage\":\"it-IT\",\"potentialAction\":[{\"@type\":\"ReadAction\",\"target\":[\"https:\/\/mom-design.com\/it\/produit\/cimaises-1\/\"]}]},{\"@type\":\"ImageObject\",\"inLanguage\":\"it-IT\",\"@id\":\"https:\/\/mom-design.com\/it\/produit\/cimaises-1\/#primaryimage\",\"url\":\"https:\/\/mom-design.com\/wp-content\/uploads\/2024\/07\/cimaise-mom-design-C1.jpeg\",\"contentUrl\":\"https:\/\/mom-design.com\/wp-content\/uploads\/2024\/07\/cimaise-mom-design-C1.jpeg\",\"width\":718,\"height\":538,\"caption\":\"cimaise mom design C1\"},{\"@type\":\"BreadcrumbList\",\"@id\":\"https:\/\/mom-design.com\/it\/produit\/cimaises-1\/#breadcrumb\",\"itemListElement\":[{\"@type\":\"ListItem\",\"position\":1,\"name\":\"D\u00e9coration murale d\u2019int\u00e9rieur\",\"item\":\"https:\/\/mom-design.com\/de\/\"},{\"@type\":\"ListItem\",\"position\":2,\"name\":\"Cimaise murale blanche 2 m\u00e8tres Philippe IV\"}]},{\"@type\":\"WebSite\",\"@id\":\"https:\/\/mom-design.com\/it\/#website\",\"url\":\"https:\/\/mom-design.com\/it\/\",\"name\":\"MOM DESIGN\",\"description\":\"Sp\u00e9cialiste du design mural d&#039;int\u00e9rieur\",\"potentialAction\":[{\"@type\":\"SearchAction\",\"target\":{\"@type\":\"EntryPoint\",\"urlTemplate\":\"https:\/\/mom-design.com\/it\/?s={search_term_string}\"},\"query-input\":{\"@type\":\"PropertyValueSpecification\",\"valueRequired\":true,\"valueName\":\"search_term_string\"}}],\"inLanguage\":\"it-IT\"}]}<\/script>\n<!-- \/ Yoast SEO plugin. -->","yoast_head_json":{"title":"Cimaise murale blanche 2 m\u00e8tres Philippe IV | MOM DESIGN","description":"D\u00e9couvrez notre cimaise murale blanche pour sublimer votre int\u00e9rieur avec style. Installation facile, livraison et retours gratuits. Disponible \u00e0 prix r\u00e9duit exclusivement chez MOM DESIGN. Ne manquez pas l'occasion d'embellir vos murs !","robots":{"index":"index","follow":"follow","max-snippet":"max-snippet:-1","max-image-preview":"max-image-preview:large","max-video-preview":"max-video-preview:-1"},"canonical":"https:\/\/mom-design.com\/it\/produit\/cimaises-1\/","og_locale":"it_IT","og_type":"article","og_title":"Cimaise murale blanche 2 m\u00e8tres Philippe IV | MOM DESIGN","og_description":"D\u00e9couvrez notre cimaise murale blanche pour sublimer votre int\u00e9rieur avec style. Installation facile, livraison et retours gratuits. Disponible \u00e0 prix r\u00e9duit exclusivement chez MOM DESIGN. Ne manquez pas l'occasion d'embellir vos murs !","og_url":"https:\/\/mom-design.com\/it\/produit\/cimaises-1\/","og_site_name":"MOM DESIGN","article_modified_time":"2025-09-29T11:38:06+00:00","og_image":[{"width":718,"height":538,"url":"https:\/\/mom-design.com\/wp-content\/uploads\/2024\/07\/cimaise-mom-design-C1.jpeg","type":"image\/jpeg"}],"twitter_card":"summary_large_image","twitter_misc":{"Tempo di lettura stimato":"2 minuti"},"schema":{"@context":"https:\/\/schema.org","@graph":[{"@type":"WebPage","@id":"https:\/\/mom-design.com\/it\/produit\/cimaises-1\/","url":"https:\/\/mom-design.com\/it\/produit\/cimaises-1\/","name":"Cimaise murale blanche 2 m\u00e8tres Philippe IV | MOM DESIGN","isPartOf":{"@id":"https:\/\/mom-design.com\/it\/#website"},"primaryImageOfPage":{"@id":"https:\/\/mom-design.com\/it\/produit\/cimaises-1\/#primaryimage"},"image":{"@id":"https:\/\/mom-design.com\/it\/produit\/cimaises-1\/#primaryimage"},"thumbnailUrl":"https:\/\/mom-design.com\/wp-content\/uploads\/2024\/07\/cimaise-mom-design-C1.jpeg","datePublished":"2024-07-23T18:59:35+00:00","dateModified":"2025-09-29T11:38:06+00:00","description":"D\u00e9couvrez notre cimaise murale blanche pour sublimer votre int\u00e9rieur avec style. Installation facile, livraison et retours gratuits. Disponible \u00e0 prix r\u00e9duit exclusivement chez MOM DESIGN. Ne manquez pas l'occasion d'embellir vos murs !","breadcrumb":{"@id":"https:\/\/mom-design.com\/it\/produit\/cimaises-1\/#breadcrumb"},"inLanguage":"it-IT","potentialAction":[{"@type":"ReadAction","target":["https:\/\/mom-design.com\/it\/produit\/cimaises-1\/"]}]},{"@type":"ImageObject","inLanguage":"it-IT","@id":"https:\/\/mom-design.com\/it\/produit\/cimaises-1\/#primaryimage","url":"https:\/\/mom-design.com\/wp-content\/uploads\/2024\/07\/cimaise-mom-design-C1.jpeg","contentUrl":"https:\/\/mom-design.com\/wp-content\/uploads\/2024\/07\/cimaise-mom-design-C1.jpeg","width":718,"height":538,"caption":"cimaise mom design C1"},{"@type":"BreadcrumbList","@id":"https:\/\/mom-design.com\/it\/produit\/cimaises-1\/#breadcrumb","itemListElement":[{"@type":"ListItem","position":1,"name":"D\u00e9coration murale d\u2019int\u00e9rieur","item":"https:\/\/mom-design.com\/de\/"},{"@type":"ListItem","position":2,"name":"Cimaise murale blanche 2 m\u00e8tres Philippe IV"}]},{"@type":"WebSite","@id":"https:\/\/mom-design.com\/it\/#website","url":"https:\/\/mom-design.com\/it\/","name":"MAMMA DESIGN","description":"Sp\u00e9cialiste du design mural d'int\u00e9rieur","potentialAction":[{"@type":"SearchAction","target":{"@type":"EntryPoint","urlTemplate":"https:\/\/mom-design.com\/it\/?s={search_term_string}"},"query-input":{"@type":"PropertyValueSpecification","valueRequired":true,"valueName":"search_term_string"}}],"inLanguage":"it-IT"}]}},"_links":{"self":[{"href":"https:\/\/mom-design.com\/it\/wp-json\/wp\/v2\/product\/6665","targetHints":{"allow":["GET"]}}],"collection":[{"href":"https:\/\/mom-design.com\/it\/wp-json\/wp\/v2\/product"}],"about":[{"href":"https:\/\/mom-design.com\/it\/wp-json\/wp\/v2\/types\/product"}],"replies":[{"embeddable":true,"href":"https:\/\/mom-design.com\/it\/wp-json\/wp\/v2\/comments?post=6665"}],"wp:featuredmedia":[{"embeddable":true,"href":"https:\/\/mom-design.com\/it\/wp-json\/wp\/v2\/media\/7249"}],"wp:attachment":[{"href":"https:\/\/mom-design.com\/it\/wp-json\/wp\/v2\/media?parent=6665"}],"wp:term":[{"taxonomy":"product_brand","embeddable":true,"href":"https:\/\/mom-design.com\/it\/wp-json\/wp\/v2\/product_brand?post=6665"},{"taxonomy":"product_cat","embeddable":true,"href":"https:\/\/mom-design.com\/it\/wp-json\/wp\/v2\/product_cat?post=6665"},{"taxonomy":"product_tag","embeddable":true,"href":"https:\/\/mom-design.com\/it\/wp-json\/wp\/v2\/product_tag?post=6665"}],"curies":[{"name":"wp","href":"https:\/\/api.w.org\/{rel}","templated":true}]}}