{"id":6686,"date":"2024-07-23T21:10:24","date_gmt":"2024-07-23T19:10:24","guid":{"rendered":"https:\/\/mom-design.com\/?post_type=product&#038;p=6686"},"modified":"2025-09-08T11:22:02","modified_gmt":"2025-09-08T09:22:02","slug":"plaque-marbre-en-pvc-3","status":"publish","type":"product","link":"https:\/\/mom-design.com\/it\/produit\/revetement-mural-10\/","title":{"rendered":"Placca in marmo in pvc lucido grigio\/nero 2,40 m x 1,20 m"},"content":{"rendered":"<h4>\u00a0 \u00a0 \u00a0 \u00a0 \u00a0 \u00a0 \u00a0 \u00a0 \u00a0 \u00a0 \u00a0 <span style=\"text-decoration: underline;\">Caratteristiche :<\/span><\/h4>\n<p>&#8211; <span style=\"text-decoration: underline;\">Materiale<\/span> : PVC imitazione marmo<br \/>\n\u2013 Esente da manutenzione, resistente alle macchie e all&#039;umidit\u00e0<br \/>\n&#8211; <span style=\"text-decoration: underline;\">Utilizzare<\/span> : pareti, mobili, piani di lavoro<\/p>\n<h4>\u00a0 \u00a0 \u00a0 \u00a0 \u00a0 \u00a0 \u00a0 \u00a0 \u00a0 \u00a0 \u00a0<span style=\"text-decoration: underline;\">Aggiungi un Tocco di Eleganza con la Piastra di Marmo, PVC<\/span><\/h4>\n<p><strong>Con il <a href=\"https:\/\/mom-design.com\/it\/prodotto\/revetement-mural-11\/\">piastra di marmo, PVC<\/a><\/strong>,<strong> \u00e8 ora possibile trasformare istantaneamente il vostro interno, in uno spazio elegante e moderno<\/strong>. La sua finitura che simula perfettamente il marmo naturale, offre un&#039;estetica di lusso, senza i vincoli connessi con il marmo vero. Se per <strong>decorare le vostre pareti<\/strong>, <strong>dress up \u00e8 un pezzo di arredamento<\/strong>o creare un piano di lavoro elegante, questo scopo piastra adatta<strong> tutti i vostri desideri decorativi<\/strong>.<\/p>\n<h4>\u00a0 \u00a0 \u00a0 \u00a0 \u00a0 \u00a0 \u00a0 \u00a0 \u00a0 \u00a0 \u00a0<span style=\"text-decoration: underline;\">Installazione Facile e veloce<\/span><\/h4>\n<p>Una delle qualit\u00e0 principali della lastra di marmo in PVC \u00e8 la sua facilit\u00e0 di installazione. Grazie alla sua leggerezza, pu\u00f2 essere manipolata e posato senza sforzo. Inoltre, la sua dimensione standard permette di coprire grandi superfici, offrendo la possibilit\u00e0 di tagliare la piastra, secondo le specifiche esigenze del progetto. \u00c8 possibile creare <strong>un <a href=\"https:\/\/mom-design.com\/it\/prodotto\/revetement-mural-12\/\">effetto marmorizzato mind-blowing<\/a> in pochi passaggi.<\/strong><\/p>\n<h4>\u00a0 \u00a0 \u00a0 \u00a0 \u00a0 \u00a0 \u00a0 \u00a0 \u00a0 \u00a0 \u00a0<span style=\"text-decoration: underline;\">Minima Manutenzione per la Massima Eleganza<\/span><\/h4>\n<p>Optare per un piatto di marmo, PVC, \u00e8 scegliere il <strong>semplicit\u00e0<\/strong> e il <strong>sostenibilit\u00e0<\/strong>. A differenza di marmo vero che richiede una manutenzione regolare, questo piatto \u00e8 progettato per resistere macchie, umidit\u00e0 e graffi. <strong>Un semplice panno umido \u00e8 sufficiente a mantenere la sua lucentezza e splendore<\/strong>. Cos\u00ec, si pu\u00f2 godere di un ambiente sofisticato, senza le preoccupazioni di manutenzione. Inoltre, la sua resistenza ai detergenti-corrente lo rende ideale per cucine e bagni, dove l&#039;igiene \u00e8 fondamentale.<\/p>\n<h4>\u00a0 \u00a0 \u00a0 \u00a0 \u00a0 \u00a0 \u00a0 \u00a0 \u00a0 \u00a0 \u00a0 <span style=\"text-decoration: underline;\">Perch\u00e9 Scegliere la MAMMA di DESIGN ?<\/span><\/h4>\n<p><a href=\"https:\/\/mom-design.com\/it\/cimaises\/\"><strong>In MOM DESIGN<\/strong><\/a>siamo impegnati a fornire soluzioni decorative che combinano estetica e funzionalit\u00e0. La lastra di marmo, il PVC \u00e8 uno dei nostri prodotti di punta, che unisce qualit\u00e0, durata e prezzo competitivo. Non offriamo solo prodotti di alta qualit\u00e0, ma anche un servizio clienti eccezionale, con <strong>consegna e reso gratuito<\/strong> .<\/p>","protected":false},"excerpt":{"rendered":"<p><a href=\"https:\/\/mom-design.com\/it\/revetement-mural\/\"><strong>La lastra di marmo, PVC<\/strong><\/a> combina l&#039;eleganza del marmo con la leggerezza e la durata del PVC. Questo piatto \u00e8 ideale per trasformare le pareti e le superfici del tuo interno, in un batter d&#039;occhio. Offre un effetto marmorizzato realistico piccolo prezzo, \u00e8 facile da installare e senza manutenzione, garantendo una soluzione decorativa pratico e moderno.<\/p>","protected":false},"featured_media":7401,"comment_status":"open","ping_status":"closed","template":"","meta":{"_acf_changed":false},"product_brand":[],"product_cat":[15],"product_tag":[],"class_list":{"0":"post-6686","1":"product","2":"type-product","3":"status-publish","4":"has-post-thumbnail","6":"product_cat-revetement-mural","8":"first","9":"outofstock","10":"taxable","11":"shipping-taxable","12":"purchasable","13":"product-type-simple","14":"add-to-wishlist-after_add_to_cart"},"acf":[],"yoast_head":"<!-- This site is optimized with the Yoast SEO plugin v27.0 - https:\/\/yoast.com\/product\/yoast-seo-wordpress\/ -->\n<title>Plaque marbre en Gris \/ Noir brillant en pvc 2,40 m x 1,20 m | MOM DESIGN<\/title>\n<meta name=\"description\" content=\"D\u00e9couvrez notre plaque marbre en PVC blanc, une solution \u00e9l\u00e9gante et durable pour vos projets de d\u00e9coration int\u00e9rieure, avec livraison et retours gratuits. Transformez vos espaces facilement avec ce produit \u00e0 petit prix, disponible uniquement chez MOM DESIGN.\" \/>\n<meta name=\"robots\" content=\"index, follow, max-snippet:-1, max-image-preview:large, max-video-preview:-1\" \/>\n<link rel=\"canonical\" href=\"https:\/\/mom-design.com\/it\/produit\/revetement-mural-10\/\" \/>\n<meta property=\"og:locale\" content=\"it_IT\" \/>\n<meta property=\"og:type\" content=\"article\" \/>\n<meta property=\"og:title\" content=\"Plaque marbre en Gris \/ Noir brillant en pvc 2,40 m x 1,20 m | MOM DESIGN\" \/>\n<meta property=\"og:description\" content=\"D\u00e9couvrez notre plaque marbre en PVC blanc, une solution \u00e9l\u00e9gante et durable pour vos projets de d\u00e9coration int\u00e9rieure, avec livraison et retours gratuits. Transformez vos espaces facilement avec ce produit \u00e0 petit prix, disponible uniquement chez MOM DESIGN.\" \/>\n<meta property=\"og:url\" content=\"https:\/\/mom-design.com\/it\/produit\/revetement-mural-10\/\" \/>\n<meta property=\"og:site_name\" content=\"MOM DESIGN\" \/>\n<meta property=\"article:modified_time\" content=\"2025-09-08T09:22:02+00:00\" \/>\n<meta property=\"og:image\" content=\"https:\/\/mom-design.com\/wp-content\/uploads\/2024\/07\/21.jpg\" \/>\n\t<meta property=\"og:image:width\" content=\"736\" \/>\n\t<meta property=\"og:image:height\" content=\"736\" \/>\n\t<meta property=\"og:image:type\" content=\"image\/jpeg\" \/>\n<meta name=\"twitter:card\" content=\"summary_large_image\" \/>\n<meta name=\"twitter:label1\" content=\"Tempo di lettura stimato\" \/>\n\t<meta name=\"twitter:data1\" content=\"2 minuti\" \/>\n<script type=\"application\/ld+json\" class=\"yoast-schema-graph\">{\"@context\":\"https:\/\/schema.org\",\"@graph\":[{\"@type\":\"WebPage\",\"@id\":\"https:\/\/mom-design.com\/it\/produit\/revetement-mural-10\/\",\"url\":\"https:\/\/mom-design.com\/it\/produit\/revetement-mural-10\/\",\"name\":\"Plaque marbre en Gris \/ Noir brillant en pvc 2,40 m x 1,20 m | MOM DESIGN\",\"isPartOf\":{\"@id\":\"https:\/\/mom-design.com\/it\/#website\"},\"primaryImageOfPage\":{\"@id\":\"https:\/\/mom-design.com\/it\/produit\/revetement-mural-10\/#primaryimage\"},\"image\":{\"@id\":\"https:\/\/mom-design.com\/it\/produit\/revetement-mural-10\/#primaryimage\"},\"thumbnailUrl\":\"https:\/\/mom-design.com\/wp-content\/uploads\/2024\/07\/21.jpg\",\"datePublished\":\"2024-07-23T19:10:24+00:00\",\"dateModified\":\"2025-09-08T09:22:02+00:00\",\"description\":\"D\u00e9couvrez notre plaque marbre en PVC blanc, une solution \u00e9l\u00e9gante et durable pour vos projets de d\u00e9coration int\u00e9rieure, avec livraison et retours gratuits. Transformez vos espaces facilement avec ce produit \u00e0 petit prix, disponible uniquement chez MOM DESIGN.\",\"breadcrumb\":{\"@id\":\"https:\/\/mom-design.com\/it\/produit\/revetement-mural-10\/#breadcrumb\"},\"inLanguage\":\"it-IT\",\"potentialAction\":[{\"@type\":\"ReadAction\",\"target\":[\"https:\/\/mom-design.com\/it\/produit\/revetement-mural-10\/\"]}]},{\"@type\":\"ImageObject\",\"inLanguage\":\"it-IT\",\"@id\":\"https:\/\/mom-design.com\/it\/produit\/revetement-mural-10\/#primaryimage\",\"url\":\"https:\/\/mom-design.com\/wp-content\/uploads\/2024\/07\/21.jpg\",\"contentUrl\":\"https:\/\/mom-design.com\/wp-content\/uploads\/2024\/07\/21.jpg\",\"width\":736,\"height\":736},{\"@type\":\"BreadcrumbList\",\"@id\":\"https:\/\/mom-design.com\/it\/produit\/revetement-mural-10\/#breadcrumb\",\"itemListElement\":[{\"@type\":\"ListItem\",\"position\":1,\"name\":\"D\u00e9coration murale d\u2019int\u00e9rieur\",\"item\":\"https:\/\/mom-design.com\/de\/\"},{\"@type\":\"ListItem\",\"position\":2,\"name\":\"Plaque marbre en Gris \/ Noir brillant en pvc 2,40 m x 1,20 m\"}]},{\"@type\":\"WebSite\",\"@id\":\"https:\/\/mom-design.com\/it\/#website\",\"url\":\"https:\/\/mom-design.com\/it\/\",\"name\":\"MOM DESIGN\",\"description\":\"Sp\u00e9cialiste du design mural d&#039;int\u00e9rieur\",\"potentialAction\":[{\"@type\":\"SearchAction\",\"target\":{\"@type\":\"EntryPoint\",\"urlTemplate\":\"https:\/\/mom-design.com\/it\/?s={search_term_string}\"},\"query-input\":{\"@type\":\"PropertyValueSpecification\",\"valueRequired\":true,\"valueName\":\"search_term_string\"}}],\"inLanguage\":\"it-IT\"}]}<\/script>\n<!-- \/ Yoast SEO plugin. -->","yoast_head_json":{"title":"Plaque marbre en Gris \/ Noir brillant en pvc 2,40 m x 1,20 m | MOM DESIGN","description":"D\u00e9couvrez notre plaque marbre en PVC blanc, une solution \u00e9l\u00e9gante et durable pour vos projets de d\u00e9coration int\u00e9rieure, avec livraison et retours gratuits. Transformez vos espaces facilement avec ce produit \u00e0 petit prix, disponible uniquement chez MOM DESIGN.","robots":{"index":"index","follow":"follow","max-snippet":"max-snippet:-1","max-image-preview":"max-image-preview:large","max-video-preview":"max-video-preview:-1"},"canonical":"https:\/\/mom-design.com\/it\/produit\/revetement-mural-10\/","og_locale":"it_IT","og_type":"article","og_title":"Plaque marbre en Gris \/ Noir brillant en pvc 2,40 m x 1,20 m | MOM DESIGN","og_description":"D\u00e9couvrez notre plaque marbre en PVC blanc, une solution \u00e9l\u00e9gante et durable pour vos projets de d\u00e9coration int\u00e9rieure, avec livraison et retours gratuits. Transformez vos espaces facilement avec ce produit \u00e0 petit prix, disponible uniquement chez MOM DESIGN.","og_url":"https:\/\/mom-design.com\/it\/produit\/revetement-mural-10\/","og_site_name":"MOM DESIGN","article_modified_time":"2025-09-08T09:22:02+00:00","og_image":[{"width":736,"height":736,"url":"https:\/\/mom-design.com\/wp-content\/uploads\/2024\/07\/21.jpg","type":"image\/jpeg"}],"twitter_card":"summary_large_image","twitter_misc":{"Tempo di lettura stimato":"2 minuti"},"schema":{"@context":"https:\/\/schema.org","@graph":[{"@type":"WebPage","@id":"https:\/\/mom-design.com\/it\/produit\/revetement-mural-10\/","url":"https:\/\/mom-design.com\/it\/produit\/revetement-mural-10\/","name":"Plaque marbre en Gris \/ Noir brillant en pvc 2,40 m x 1,20 m | MOM DESIGN","isPartOf":{"@id":"https:\/\/mom-design.com\/it\/#website"},"primaryImageOfPage":{"@id":"https:\/\/mom-design.com\/it\/produit\/revetement-mural-10\/#primaryimage"},"image":{"@id":"https:\/\/mom-design.com\/it\/produit\/revetement-mural-10\/#primaryimage"},"thumbnailUrl":"https:\/\/mom-design.com\/wp-content\/uploads\/2024\/07\/21.jpg","datePublished":"2024-07-23T19:10:24+00:00","dateModified":"2025-09-08T09:22:02+00:00","description":"D\u00e9couvrez notre plaque marbre en PVC blanc, une solution \u00e9l\u00e9gante et durable pour vos projets de d\u00e9coration int\u00e9rieure, avec livraison et retours gratuits. Transformez vos espaces facilement avec ce produit \u00e0 petit prix, disponible uniquement chez MOM DESIGN.","breadcrumb":{"@id":"https:\/\/mom-design.com\/it\/produit\/revetement-mural-10\/#breadcrumb"},"inLanguage":"it-IT","potentialAction":[{"@type":"ReadAction","target":["https:\/\/mom-design.com\/it\/produit\/revetement-mural-10\/"]}]},{"@type":"ImageObject","inLanguage":"it-IT","@id":"https:\/\/mom-design.com\/it\/produit\/revetement-mural-10\/#primaryimage","url":"https:\/\/mom-design.com\/wp-content\/uploads\/2024\/07\/21.jpg","contentUrl":"https:\/\/mom-design.com\/wp-content\/uploads\/2024\/07\/21.jpg","width":736,"height":736},{"@type":"BreadcrumbList","@id":"https:\/\/mom-design.com\/it\/produit\/revetement-mural-10\/#breadcrumb","itemListElement":[{"@type":"ListItem","position":1,"name":"D\u00e9coration murale d\u2019int\u00e9rieur","item":"https:\/\/mom-design.com\/de\/"},{"@type":"ListItem","position":2,"name":"Plaque marbre en Gris \/ Noir brillant en pvc 2,40 m x 1,20 m"}]},{"@type":"WebSite","@id":"https:\/\/mom-design.com\/it\/#website","url":"https:\/\/mom-design.com\/it\/","name":"MAMMA DESIGN","description":"Sp\u00e9cialiste du design mural d'int\u00e9rieur","potentialAction":[{"@type":"SearchAction","target":{"@type":"EntryPoint","urlTemplate":"https:\/\/mom-design.com\/it\/?s={search_term_string}"},"query-input":{"@type":"PropertyValueSpecification","valueRequired":true,"valueName":"search_term_string"}}],"inLanguage":"it-IT"}]}},"_links":{"self":[{"href":"https:\/\/mom-design.com\/it\/wp-json\/wp\/v2\/product\/6686","targetHints":{"allow":["GET"]}}],"collection":[{"href":"https:\/\/mom-design.com\/it\/wp-json\/wp\/v2\/product"}],"about":[{"href":"https:\/\/mom-design.com\/it\/wp-json\/wp\/v2\/types\/product"}],"replies":[{"embeddable":true,"href":"https:\/\/mom-design.com\/it\/wp-json\/wp\/v2\/comments?post=6686"}],"wp:featuredmedia":[{"embeddable":true,"href":"https:\/\/mom-design.com\/it\/wp-json\/wp\/v2\/media\/7401"}],"wp:attachment":[{"href":"https:\/\/mom-design.com\/it\/wp-json\/wp\/v2\/media?parent=6686"}],"wp:term":[{"taxonomy":"product_brand","embeddable":true,"href":"https:\/\/mom-design.com\/it\/wp-json\/wp\/v2\/product_brand?post=6686"},{"taxonomy":"product_cat","embeddable":true,"href":"https:\/\/mom-design.com\/it\/wp-json\/wp\/v2\/product_cat?post=6686"},{"taxonomy":"product_tag","embeddable":true,"href":"https:\/\/mom-design.com\/it\/wp-json\/wp\/v2\/product_tag?post=6686"}],"curies":[{"name":"wp","href":"https:\/\/api.w.org\/{rel}","templated":true}]}}