{"id":6701,"date":"2024-07-23T21:17:58","date_gmt":"2024-07-23T19:17:58","guid":{"rendered":"https:\/\/mom-design.com\/?post_type=product&#038;p=6701"},"modified":"2025-10-25T20:27:04","modified_gmt":"2025-10-25T18:27:04","slug":"plinthe-blanche-2-metres-en-pvc","status":"publish","type":"product","link":"https:\/\/mom-design.com\/it\/produit\/plinthes-1\/","title":{"rendered":"Plinthe blanche 2 m\u00e8tres en pvc Charles VIII"},"content":{"rendered":"<h4><strong>\u00a0 \u00a0 \u00a0 \u00a0 \u00a0 \u00a0 \u00a0<\/strong><span style=\"text-decoration: underline;\"><strong>Caratteristiche :<\/strong><\/span><\/h4>\n<p>&#8211; <span style=\"text-decoration: underline;\">Colore<\/span> : Bianco<br \/>\n&#8211; <span style=\"text-decoration: underline;\">Lunghezza<\/span> : 2 m<br \/>\n&#8211; <span style=\"text-decoration: underline;\">Altezza<\/span>: 8 cm<br \/>\n&#8211;<span style=\"text-decoration: underline;\"> Materiale<\/span> : Ad alta resistenza del PVC<br \/>\n&#8211; <span style=\"text-decoration: underline;\">Installazione<\/span> : Facile installazione con adesivo o viti<br \/>\n&#8211; <span style=\"text-decoration: underline;\">Resistenza<\/span> : Anti-umidit\u00e0, resistente agli urti<\/p>\n<h4><strong>\u00a0 \u00a0 \u00a0 \u00a0 \u00a0 \u00a0 \u00a0<span style=\"text-decoration: underline;\">Eleganza<\/span><\/strong><span style=\"text-decoration: underline;\"><strong> e Protezione per le Vostre Pareti<\/strong><\/span><\/h4>\n<p>Il <a href=\"https:\/\/mom-design.com\/it\/prodotto\/plinthes-1\/\">zoccolo<\/a> bianco 2 metri proposto da <strong>MAMMA DESIGN<\/strong> \u00e8 l&#039;accessorio indispensabile per completare <strong>il <a href=\"https:\/\/mom-design.com\/it\/prodotto\/plinthes-2\/\">finire le vostre pareti con eleganza e modernit\u00e0<\/a>.<\/strong> Progettato da <strong>PVC<\/strong> di alta qualit\u00e0, questo riscaldatore battiscopa \u00e8 appositamente progettato per sopportare i rigori della vita quotidiana. Il suo design elegante e il colore bianco pu\u00f2 essere facile da integrare in <a href=\"https:\/\/mom-design.com\/it\/prodotto\/plinthes-8\/\"><strong>tutti i tipi di arredamento<\/strong><\/a>se essi sono in stile contemporaneo o classico.<\/p>\n<h4>\u00a0 \u00a0 \u00a0 \u00a0 \u00a0 \u00a0 \u00a0<span style=\"text-decoration: underline;\">Pu\u00f2 essere Verniciato<\/span><\/h4>\n<p>Uno dei grandi vantaggi di questo battiscopa in PVC \u00e8 <strong>la sua capacit\u00e0 di essere dipinta<\/strong>. \u00c8 possibile <strong>personalizzare il colore<\/strong> per adattarsi perfettamente alle vostre pareti o i mobili. <strong>Usare una vernice adatta per il PVC, per un ottimale<\/strong>.<\/p>\n<h4><strong>\u00a0 \u00a0 \u00a0 \u00a0 \u00a0 \u00a0 \u00a0<\/strong><span style=\"text-decoration: underline;\"><strong>Installazione facile per un Risultato Perfetto<\/strong><\/span><\/h4>\n<p>L&#039;installazione di battiscopa in pvc \u00e8 un gioco da ragazzi. Pu\u00f2 essere <strong>fissato a parete con adesivo o viti<\/strong>a seconda delle vostre esigenze. Grazie alla sua leggerezza e flessibilit\u00e0, si adatta perfettamente alle curve e gli angoli delle pareti, garantendo una finitura perfetta. Esso fornisce una copertura adeguata per proteggere le aree vulnerabili delle pareti.<\/p>\n<h4><strong>\u00a0 \u00a0 \u00a0 \u00a0 \u00a0 \u00a0 \u00a0<\/strong><span style=\"text-decoration: underline;\"><strong>Perch\u00e9 Scegliere il Battiscopa MAMMA DESIGN ?<\/strong><\/span><\/h4>\n<p>La scelta di battiscopa <a href=\"https:\/\/mom-design.com\/it\/plinthes\/\"><strong>MAMMA DESIGN<\/strong><\/a>si va per qualit\u00e0, durata ed estetica. I nostri battiscopa sono progettati per durare e mantenere il nuovo anno dopo anno. Sono resistenti all&#039;umidit\u00e0, che li rende perfetti per le zone della casa inclini a sversamenti, come bagni e cucine. La loro manutenzione \u00e8 semplice : basta un colpo di panno umido per la pulizia \u00e8 sufficiente.<\/p>\n<p><strong>Non perdere l&#039;occasione per sublimare i tuoi interni con un battiscopa di qualit\u00e0 superiore. Visita il nostro sito per scoprire la nostra gamma completa<br \/>\ne rendere la vostra casa un ambiente elegante e protetto.<\/strong><\/p>","protected":false},"excerpt":{"rendered":"<p><a href=\"https:\/\/mom-design.com\/it\/plinthes\/\"><strong>Il battiscopa bianco 2 metri in pvc<\/strong><\/a>\u00a0est l&rsquo;\u00e9l\u00e9ment id\u00e9al pour donner<strong> un bel traguardo per le vostre pareti<\/strong>. Esso \u00e8 progettato per essere sia <strong>estetico e funzionale<\/strong>. Il suo materiale durevole e di facile manutenzione, una scelta perfetta per le case moderne, offrendo <strong>une protection efficace contre les chocs et l&rsquo;humidit\u00e9.<\/strong><\/p>","protected":false},"featured_media":7254,"comment_status":"open","ping_status":"closed","template":"","meta":{"_acf_changed":false},"product_brand":[],"product_cat":[53],"product_tag":[88],"class_list":{"0":"post-6701","1":"product","2":"type-product","3":"status-publish","4":"has-post-thumbnail","6":"product_cat-plinthes","7":"product_tag-imbattable","8":"product_shipping_class-livraison-gls","10":"first","11":"instock","12":"taxable","13":"shipping-taxable","14":"purchasable","15":"product-type-simple","16":"add-to-wishlist-after_add_to_cart"},"acf":[],"yoast_head":"<!-- This site is optimized with the Yoast SEO plugin v27.0 - https:\/\/yoast.com\/product\/yoast-seo-wordpress\/ -->\n<title>Plinthe blanche 2 m\u00e8tres en pvc Charles VIII | MOM DESIGN<\/title>\n<meta name=\"description\" content=\"Optez pour notre plinthe blanche 2 m\u00e8tres en pvc, parfaite pour une finition murale \u00e9l\u00e9gante et r\u00e9sistante. Disponible \u00e0 petit prix et uniquement sur notre site MOM DESIGN, avec livraison et retours gratuits.\" \/>\n<meta name=\"robots\" content=\"index, follow, max-snippet:-1, max-image-preview:large, max-video-preview:-1\" \/>\n<link rel=\"canonical\" href=\"https:\/\/mom-design.com\/it\/produit\/plinthes-1\/\" \/>\n<meta property=\"og:locale\" content=\"it_IT\" \/>\n<meta property=\"og:type\" content=\"article\" \/>\n<meta property=\"og:title\" content=\"Plinthe blanche 2 m\u00e8tres en pvc Charles VIII | MOM DESIGN\" \/>\n<meta property=\"og:description\" content=\"Optez pour notre plinthe blanche 2 m\u00e8tres en pvc, parfaite pour une finition murale \u00e9l\u00e9gante et r\u00e9sistante. Disponible \u00e0 petit prix et uniquement sur notre site MOM DESIGN, avec livraison et retours gratuits.\" \/>\n<meta property=\"og:url\" content=\"https:\/\/mom-design.com\/it\/produit\/plinthes-1\/\" \/>\n<meta property=\"og:site_name\" content=\"MOM DESIGN\" \/>\n<meta property=\"article:modified_time\" content=\"2025-10-25T18:27:04+00:00\" \/>\n<meta property=\"og:image\" content=\"https:\/\/mom-design.com\/wp-content\/uploads\/2024\/07\/plinthe-pvc-mom-design-M5.jpeg\" \/>\n\t<meta property=\"og:image:width\" content=\"718\" \/>\n\t<meta property=\"og:image:height\" content=\"538\" \/>\n\t<meta property=\"og:image:type\" content=\"image\/jpeg\" \/>\n<meta name=\"twitter:card\" content=\"summary_large_image\" \/>\n<meta name=\"twitter:label1\" content=\"Tempo di lettura stimato\" \/>\n\t<meta name=\"twitter:data1\" content=\"2 minuti\" \/>\n<script type=\"application\/ld+json\" class=\"yoast-schema-graph\">{\"@context\":\"https:\/\/schema.org\",\"@graph\":[{\"@type\":\"WebPage\",\"@id\":\"https:\/\/mom-design.com\/it\/produit\/plinthes-1\/\",\"url\":\"https:\/\/mom-design.com\/it\/produit\/plinthes-1\/\",\"name\":\"Plinthe blanche 2 m\u00e8tres en pvc Charles VIII | MOM DESIGN\",\"isPartOf\":{\"@id\":\"https:\/\/mom-design.com\/it\/#website\"},\"primaryImageOfPage\":{\"@id\":\"https:\/\/mom-design.com\/it\/produit\/plinthes-1\/#primaryimage\"},\"image\":{\"@id\":\"https:\/\/mom-design.com\/it\/produit\/plinthes-1\/#primaryimage\"},\"thumbnailUrl\":\"https:\/\/mom-design.com\/wp-content\/uploads\/2024\/07\/plinthe-pvc-mom-design-M5.jpeg\",\"datePublished\":\"2024-07-23T19:17:58+00:00\",\"dateModified\":\"2025-10-25T18:27:04+00:00\",\"description\":\"Optez pour notre plinthe blanche 2 m\u00e8tres en pvc, parfaite pour une finition murale \u00e9l\u00e9gante et r\u00e9sistante. Disponible \u00e0 petit prix et uniquement sur notre site MOM DESIGN, avec livraison et retours gratuits.\",\"breadcrumb\":{\"@id\":\"https:\/\/mom-design.com\/it\/produit\/plinthes-1\/#breadcrumb\"},\"inLanguage\":\"it-IT\",\"potentialAction\":[{\"@type\":\"ReadAction\",\"target\":[\"https:\/\/mom-design.com\/it\/produit\/plinthes-1\/\"]}]},{\"@type\":\"ImageObject\",\"inLanguage\":\"it-IT\",\"@id\":\"https:\/\/mom-design.com\/it\/produit\/plinthes-1\/#primaryimage\",\"url\":\"https:\/\/mom-design.com\/wp-content\/uploads\/2024\/07\/plinthe-pvc-mom-design-M5.jpeg\",\"contentUrl\":\"https:\/\/mom-design.com\/wp-content\/uploads\/2024\/07\/plinthe-pvc-mom-design-M5.jpeg\",\"width\":718,\"height\":538,\"caption\":\"plinthe pvc mom design M5 BLANCHE\"},{\"@type\":\"BreadcrumbList\",\"@id\":\"https:\/\/mom-design.com\/it\/produit\/plinthes-1\/#breadcrumb\",\"itemListElement\":[{\"@type\":\"ListItem\",\"position\":1,\"name\":\"D\u00e9coration murale d\u2019int\u00e9rieur\",\"item\":\"https:\/\/mom-design.com\/de\/\"},{\"@type\":\"ListItem\",\"position\":2,\"name\":\"Plinthe blanche 2 m\u00e8tres en pvc Charles VIII\"}]},{\"@type\":\"WebSite\",\"@id\":\"https:\/\/mom-design.com\/it\/#website\",\"url\":\"https:\/\/mom-design.com\/it\/\",\"name\":\"MOM DESIGN\",\"description\":\"Sp\u00e9cialiste du design mural d&#039;int\u00e9rieur\",\"potentialAction\":[{\"@type\":\"SearchAction\",\"target\":{\"@type\":\"EntryPoint\",\"urlTemplate\":\"https:\/\/mom-design.com\/it\/?s={search_term_string}\"},\"query-input\":{\"@type\":\"PropertyValueSpecification\",\"valueRequired\":true,\"valueName\":\"search_term_string\"}}],\"inLanguage\":\"it-IT\"}]}<\/script>\n<!-- \/ Yoast SEO plugin. -->","yoast_head_json":{"title":"Plinthe blanche 2 m\u00e8tres en pvc Charles VIII | MOM DESIGN","description":"Optez pour notre plinthe blanche 2 m\u00e8tres en pvc, parfaite pour une finition murale \u00e9l\u00e9gante et r\u00e9sistante. Disponible \u00e0 petit prix et uniquement sur notre site MOM DESIGN, avec livraison et retours gratuits.","robots":{"index":"index","follow":"follow","max-snippet":"max-snippet:-1","max-image-preview":"max-image-preview:large","max-video-preview":"max-video-preview:-1"},"canonical":"https:\/\/mom-design.com\/it\/produit\/plinthes-1\/","og_locale":"it_IT","og_type":"article","og_title":"Plinthe blanche 2 m\u00e8tres en pvc Charles VIII | MOM DESIGN","og_description":"Optez pour notre plinthe blanche 2 m\u00e8tres en pvc, parfaite pour une finition murale \u00e9l\u00e9gante et r\u00e9sistante. Disponible \u00e0 petit prix et uniquement sur notre site MOM DESIGN, avec livraison et retours gratuits.","og_url":"https:\/\/mom-design.com\/it\/produit\/plinthes-1\/","og_site_name":"MOM DESIGN","article_modified_time":"2025-10-25T18:27:04+00:00","og_image":[{"width":718,"height":538,"url":"https:\/\/mom-design.com\/wp-content\/uploads\/2024\/07\/plinthe-pvc-mom-design-M5.jpeg","type":"image\/jpeg"}],"twitter_card":"summary_large_image","twitter_misc":{"Tempo di lettura stimato":"2 minuti"},"schema":{"@context":"https:\/\/schema.org","@graph":[{"@type":"WebPage","@id":"https:\/\/mom-design.com\/it\/produit\/plinthes-1\/","url":"https:\/\/mom-design.com\/it\/produit\/plinthes-1\/","name":"Plinthe blanche 2 m\u00e8tres en pvc Charles VIII | MOM DESIGN","isPartOf":{"@id":"https:\/\/mom-design.com\/it\/#website"},"primaryImageOfPage":{"@id":"https:\/\/mom-design.com\/it\/produit\/plinthes-1\/#primaryimage"},"image":{"@id":"https:\/\/mom-design.com\/it\/produit\/plinthes-1\/#primaryimage"},"thumbnailUrl":"https:\/\/mom-design.com\/wp-content\/uploads\/2024\/07\/plinthe-pvc-mom-design-M5.jpeg","datePublished":"2024-07-23T19:17:58+00:00","dateModified":"2025-10-25T18:27:04+00:00","description":"Optez pour notre plinthe blanche 2 m\u00e8tres en pvc, parfaite pour une finition murale \u00e9l\u00e9gante et r\u00e9sistante. Disponible \u00e0 petit prix et uniquement sur notre site MOM DESIGN, avec livraison et retours gratuits.","breadcrumb":{"@id":"https:\/\/mom-design.com\/it\/produit\/plinthes-1\/#breadcrumb"},"inLanguage":"it-IT","potentialAction":[{"@type":"ReadAction","target":["https:\/\/mom-design.com\/it\/produit\/plinthes-1\/"]}]},{"@type":"ImageObject","inLanguage":"it-IT","@id":"https:\/\/mom-design.com\/it\/produit\/plinthes-1\/#primaryimage","url":"https:\/\/mom-design.com\/wp-content\/uploads\/2024\/07\/plinthe-pvc-mom-design-M5.jpeg","contentUrl":"https:\/\/mom-design.com\/wp-content\/uploads\/2024\/07\/plinthe-pvc-mom-design-M5.jpeg","width":718,"height":538,"caption":"plinthe pvc mom design M5 BLANCHE"},{"@type":"BreadcrumbList","@id":"https:\/\/mom-design.com\/it\/produit\/plinthes-1\/#breadcrumb","itemListElement":[{"@type":"ListItem","position":1,"name":"D\u00e9coration murale d\u2019int\u00e9rieur","item":"https:\/\/mom-design.com\/de\/"},{"@type":"ListItem","position":2,"name":"Plinthe blanche 2 m\u00e8tres en pvc Charles VIII"}]},{"@type":"WebSite","@id":"https:\/\/mom-design.com\/it\/#website","url":"https:\/\/mom-design.com\/it\/","name":"MAMMA DESIGN","description":"Sp\u00e9cialiste du design mural d'int\u00e9rieur","potentialAction":[{"@type":"SearchAction","target":{"@type":"EntryPoint","urlTemplate":"https:\/\/mom-design.com\/it\/?s={search_term_string}"},"query-input":{"@type":"PropertyValueSpecification","valueRequired":true,"valueName":"search_term_string"}}],"inLanguage":"it-IT"}]}},"_links":{"self":[{"href":"https:\/\/mom-design.com\/it\/wp-json\/wp\/v2\/product\/6701","targetHints":{"allow":["GET"]}}],"collection":[{"href":"https:\/\/mom-design.com\/it\/wp-json\/wp\/v2\/product"}],"about":[{"href":"https:\/\/mom-design.com\/it\/wp-json\/wp\/v2\/types\/product"}],"replies":[{"embeddable":true,"href":"https:\/\/mom-design.com\/it\/wp-json\/wp\/v2\/comments?post=6701"}],"wp:featuredmedia":[{"embeddable":true,"href":"https:\/\/mom-design.com\/it\/wp-json\/wp\/v2\/media\/7254"}],"wp:attachment":[{"href":"https:\/\/mom-design.com\/it\/wp-json\/wp\/v2\/media?parent=6701"}],"wp:term":[{"taxonomy":"product_brand","embeddable":true,"href":"https:\/\/mom-design.com\/it\/wp-json\/wp\/v2\/product_brand?post=6701"},{"taxonomy":"product_cat","embeddable":true,"href":"https:\/\/mom-design.com\/it\/wp-json\/wp\/v2\/product_cat?post=6701"},{"taxonomy":"product_tag","embeddable":true,"href":"https:\/\/mom-design.com\/it\/wp-json\/wp\/v2\/product_tag?post=6701"}],"curies":[{"name":"wp","href":"https:\/\/api.w.org\/{rel}","templated":true}]}}