{"id":6704,"date":"2024-07-23T21:19:16","date_gmt":"2024-07-23T19:19:16","guid":{"rendered":"https:\/\/mom-design.com\/?post_type=product&#038;p=6704"},"modified":"2026-01-31T10:38:51","modified_gmt":"2026-01-31T09:38:51","slug":"plinthe-murale-en-pvc-blanche-2-m","status":"publish","type":"product","link":"https:\/\/mom-design.com\/it\/produit\/plinthes-2\/","title":{"rendered":"Plinthe murale en pvc blanche 2 m\u00e8tres Charles VII"},"content":{"rendered":"<h4>\u00a0 \u00a0 \u00a0 \u00a0 \u00a0 \u00a0 <span style=\"text-decoration: underline;\">Caratteristiche<\/span><\/h4>\n<p>&#8211; <span style=\"text-decoration: underline;\">Colore<\/span> : bianco<br \/>\n&#8211; <span style=\"text-decoration: underline;\">Lunghezza<\/span> : 2 metri<br \/>\n&#8211; <span style=\"text-decoration: underline;\">Altezza<\/span> : 7,5 cm<br \/>\n&#8211; <span style=\"text-decoration: underline;\">Materiale<\/span>: PVC di alta qualit\u00e0<br \/>\n&#8211; <span style=\"text-decoration: underline;\">Personalizzabile<\/span>: <strong>Pu\u00f2 essere verniciato per abbinare il vostro colore preferenze<\/strong><\/p>\n<h4>\u00a0 \u00a0 \u00a0 \u00a0\u00a0\u00a0 \u00a0 \u00a0<span style=\"text-decoration: underline;\">Una Soluzione Estetica e Funzionale<\/span><\/h4>\n<p>Per dare le vostre pareti per una finitura liscia, <strong>il <a href=\"https:\/\/mom-design.com\/it\/prodotto\/plinthes-1\/\">zoccolo<\/a> Un murale in PVC bianco 2 metri \u00e8 una buona scelta<\/strong>. La sua altezza di 8 cm, permette di proteggere le pareti da impatto e detriti, ma anche porta un tocco di raffinatezza al vostro arredamento. <strong>In MOM DESIGN<\/strong>comprendiamo l&#039;importanza di un interno \u00e8 ben definito,<br \/>\n<strong>\u00c8 il nostro obiettivo per tutti i prodotti <a href=\"https:\/\/mom-design.com\/it\/prodotto\/revetement-mural-12\/\">stile e funzionalit\u00e0<\/a>.<\/strong><\/p>\n<h4>\u00a0 \u00a0 \u00a0 \u00a0 \u00a0 \u00a0 \u00a0<span style=\"text-decoration: underline;\">Facile da installare e di Intrattenimento Semplificata<\/span><\/h4>\n<p>L&#039;installazione di battiscopa della parete in PVC bianco \u00e8 un bambino. Si pu\u00f2 facilmente utilizzare il fixator con un adeguato adesivo o utilizzare i punti di vista e clip per il montaggio ancora pi\u00f9 sicuro. Inoltre, essi sono divertenti e richiedono un notevole sforzo : un taglio semplice chiffon bagnato abbastanza per la loro pulizia, conservazione, anche se sembrano essere curato nel tempo.<\/p>\n<h4>\u00a0 \u00a0 \u00a0 \u00a0 \u00a0 \u00a0 \u00a0<span style=\"text-decoration: underline;\">Perch\u00e9 Scegliere il Battiscopa MAMMA DESIGN ?<\/span><\/h4>\n<p><strong>Con <a href=\"https:\/\/mom-design.com\/it\/prodotto\/plinthes-11\/\">MAMMA DESIGN<\/a>si va per qualit\u00e0, durata e stile<\/strong>. I nostri battiscopa murale in PVC sono appositamente progettati per soddisfare le pi\u00f9 sofisticate esigenze della propriet\u00e0 nel campo della decorazione di interni. Trasformare il vostro spazio in un interno moderno e sogno con il nostro pannello di parete del PVC bianco, e scopri la comodit\u00e0 e l&#039;estetica senza armonizzazione.<\/p>","protected":false},"excerpt":{"rendered":"<p><a href=\"https:\/\/mom-design.com\/it\/plinthes\/\">Staffa a parete in PVC bianco<\/a> Questo elemento \u00e8 destinato per applicare una finitura per essere elegante e moderno, ai vostri ambienti. Realizzati in PVC di alta qualit\u00e0, questo riscaldatore battiscopa non \u00e8 solo robusto e resistente all&#039;umidit\u00e0, ma \u00e8 anche ideale per l&#039;abbinamento con tutti i tipi di decorazione di interni. Pratico ed estetico, ideale per proteggere le pareti e migliorare l&#039;aspetto del vostro arredamento.<\/p>\n<p>&nbsp;<\/p>","protected":false},"featured_media":7253,"comment_status":"open","ping_status":"closed","template":"","meta":{"_acf_changed":false},"product_brand":[],"product_cat":[53],"product_tag":[],"class_list":{"0":"post-6704","1":"product","2":"type-product","3":"status-publish","4":"has-post-thumbnail","6":"product_cat-plinthes","7":"product_shipping_class-livraison-gls","9":"first","10":"instock","11":"taxable","12":"shipping-taxable","13":"purchasable","14":"product-type-simple","15":"add-to-wishlist-after_add_to_cart"},"acf":[],"yoast_head":"<!-- This site is optimized with the Yoast SEO plugin v27.0 - https:\/\/yoast.com\/product\/yoast-seo-wordpress\/ -->\n<title>Plinthe murale en pvc blanche 2 m\u00e8tres Charles VII | MOM DESIGN<\/title>\n<meta name=\"description\" content=\"D\u00e9couvrez notre plinthe murale en PVC blanche de 2 m, une solution pratique et \u00e9l\u00e9gante pour vos murs. Disponible \u00e0 petit prix et uniquement sur notre site MOM DESIGN, avec livraison et retours gratuits. Ne manquez pas l\u2019occasion de sublimer votre int\u00e9rieur.\" \/>\n<meta name=\"robots\" content=\"index, follow, max-snippet:-1, max-image-preview:large, max-video-preview:-1\" \/>\n<link rel=\"canonical\" href=\"https:\/\/mom-design.com\/it\/produit\/plinthes-2\/\" \/>\n<meta property=\"og:locale\" content=\"it_IT\" \/>\n<meta property=\"og:type\" content=\"article\" \/>\n<meta property=\"og:title\" content=\"Plinthe murale en pvc blanche 2 m\u00e8tres Charles VII | MOM DESIGN\" \/>\n<meta property=\"og:description\" content=\"D\u00e9couvrez notre plinthe murale en PVC blanche de 2 m, une solution pratique et \u00e9l\u00e9gante pour vos murs. Disponible \u00e0 petit prix et uniquement sur notre site MOM DESIGN, avec livraison et retours gratuits. Ne manquez pas l\u2019occasion de sublimer votre int\u00e9rieur.\" \/>\n<meta property=\"og:url\" content=\"https:\/\/mom-design.com\/it\/produit\/plinthes-2\/\" \/>\n<meta property=\"og:site_name\" content=\"MOM DESIGN\" \/>\n<meta property=\"article:modified_time\" content=\"2026-01-31T09:38:51+00:00\" \/>\n<meta property=\"og:image\" content=\"https:\/\/mom-design.com\/wp-content\/uploads\/2024\/07\/plinthe-pvc-mom-design-M4.jpeg\" \/>\n\t<meta property=\"og:image:width\" content=\"718\" \/>\n\t<meta property=\"og:image:height\" content=\"538\" \/>\n\t<meta property=\"og:image:type\" content=\"image\/jpeg\" \/>\n<meta name=\"twitter:card\" content=\"summary_large_image\" \/>\n<meta name=\"twitter:label1\" content=\"Tempo di lettura stimato\" \/>\n\t<meta name=\"twitter:data1\" content=\"2 minuti\" \/>\n<script type=\"application\/ld+json\" class=\"yoast-schema-graph\">{\"@context\":\"https:\/\/schema.org\",\"@graph\":[{\"@type\":\"WebPage\",\"@id\":\"https:\/\/mom-design.com\/it\/produit\/plinthes-2\/\",\"url\":\"https:\/\/mom-design.com\/it\/produit\/plinthes-2\/\",\"name\":\"Plinthe murale en pvc blanche 2 m\u00e8tres Charles VII | MOM DESIGN\",\"isPartOf\":{\"@id\":\"https:\/\/mom-design.com\/it\/#website\"},\"primaryImageOfPage\":{\"@id\":\"https:\/\/mom-design.com\/it\/produit\/plinthes-2\/#primaryimage\"},\"image\":{\"@id\":\"https:\/\/mom-design.com\/it\/produit\/plinthes-2\/#primaryimage\"},\"thumbnailUrl\":\"https:\/\/mom-design.com\/wp-content\/uploads\/2024\/07\/plinthe-pvc-mom-design-M4.jpeg\",\"datePublished\":\"2024-07-23T19:19:16+00:00\",\"dateModified\":\"2026-01-31T09:38:51+00:00\",\"description\":\"D\u00e9couvrez notre plinthe murale en PVC blanche de 2 m, une solution pratique et \u00e9l\u00e9gante pour vos murs. Disponible \u00e0 petit prix et uniquement sur notre site MOM DESIGN, avec livraison et retours gratuits. Ne manquez pas l\u2019occasion de sublimer votre int\u00e9rieur.\",\"breadcrumb\":{\"@id\":\"https:\/\/mom-design.com\/it\/produit\/plinthes-2\/#breadcrumb\"},\"inLanguage\":\"it-IT\",\"potentialAction\":[{\"@type\":\"ReadAction\",\"target\":[\"https:\/\/mom-design.com\/it\/produit\/plinthes-2\/\"]}]},{\"@type\":\"ImageObject\",\"inLanguage\":\"it-IT\",\"@id\":\"https:\/\/mom-design.com\/it\/produit\/plinthes-2\/#primaryimage\",\"url\":\"https:\/\/mom-design.com\/wp-content\/uploads\/2024\/07\/plinthe-pvc-mom-design-M4.jpeg\",\"contentUrl\":\"https:\/\/mom-design.com\/wp-content\/uploads\/2024\/07\/plinthe-pvc-mom-design-M4.jpeg\",\"width\":718,\"height\":538,\"caption\":\"plinthe pvc mom design M5 blanche\"},{\"@type\":\"BreadcrumbList\",\"@id\":\"https:\/\/mom-design.com\/it\/produit\/plinthes-2\/#breadcrumb\",\"itemListElement\":[{\"@type\":\"ListItem\",\"position\":1,\"name\":\"D\u00e9coration murale d\u2019int\u00e9rieur\",\"item\":\"https:\/\/mom-design.com\/de\/\"},{\"@type\":\"ListItem\",\"position\":2,\"name\":\"Plinthe murale en pvc blanche 2 m\u00e8tres Charles VII\"}]},{\"@type\":\"WebSite\",\"@id\":\"https:\/\/mom-design.com\/it\/#website\",\"url\":\"https:\/\/mom-design.com\/it\/\",\"name\":\"MOM DESIGN\",\"description\":\"Sp\u00e9cialiste du design mural d&#039;int\u00e9rieur\",\"potentialAction\":[{\"@type\":\"SearchAction\",\"target\":{\"@type\":\"EntryPoint\",\"urlTemplate\":\"https:\/\/mom-design.com\/it\/?s={search_term_string}\"},\"query-input\":{\"@type\":\"PropertyValueSpecification\",\"valueRequired\":true,\"valueName\":\"search_term_string\"}}],\"inLanguage\":\"it-IT\"}]}<\/script>\n<!-- \/ Yoast SEO plugin. -->","yoast_head_json":{"title":"Plinthe murale en pvc blanche 2 m\u00e8tres Charles VII | MOM DESIGN","description":"D\u00e9couvrez notre plinthe murale en PVC blanche de 2 m, une solution pratique et \u00e9l\u00e9gante pour vos murs. Disponible \u00e0 petit prix et uniquement sur notre site MOM DESIGN, avec livraison et retours gratuits. Ne manquez pas l\u2019occasion de sublimer votre int\u00e9rieur.","robots":{"index":"index","follow":"follow","max-snippet":"max-snippet:-1","max-image-preview":"max-image-preview:large","max-video-preview":"max-video-preview:-1"},"canonical":"https:\/\/mom-design.com\/it\/produit\/plinthes-2\/","og_locale":"it_IT","og_type":"article","og_title":"Plinthe murale en pvc blanche 2 m\u00e8tres Charles VII | MOM DESIGN","og_description":"D\u00e9couvrez notre plinthe murale en PVC blanche de 2 m, une solution pratique et \u00e9l\u00e9gante pour vos murs. Disponible \u00e0 petit prix et uniquement sur notre site MOM DESIGN, avec livraison et retours gratuits. Ne manquez pas l\u2019occasion de sublimer votre int\u00e9rieur.","og_url":"https:\/\/mom-design.com\/it\/produit\/plinthes-2\/","og_site_name":"MOM DESIGN","article_modified_time":"2026-01-31T09:38:51+00:00","og_image":[{"width":718,"height":538,"url":"https:\/\/mom-design.com\/wp-content\/uploads\/2024\/07\/plinthe-pvc-mom-design-M4.jpeg","type":"image\/jpeg"}],"twitter_card":"summary_large_image","twitter_misc":{"Tempo di lettura stimato":"2 minuti"},"schema":{"@context":"https:\/\/schema.org","@graph":[{"@type":"WebPage","@id":"https:\/\/mom-design.com\/it\/produit\/plinthes-2\/","url":"https:\/\/mom-design.com\/it\/produit\/plinthes-2\/","name":"Plinthe murale en pvc blanche 2 m\u00e8tres Charles VII | MOM DESIGN","isPartOf":{"@id":"https:\/\/mom-design.com\/it\/#website"},"primaryImageOfPage":{"@id":"https:\/\/mom-design.com\/it\/produit\/plinthes-2\/#primaryimage"},"image":{"@id":"https:\/\/mom-design.com\/it\/produit\/plinthes-2\/#primaryimage"},"thumbnailUrl":"https:\/\/mom-design.com\/wp-content\/uploads\/2024\/07\/plinthe-pvc-mom-design-M4.jpeg","datePublished":"2024-07-23T19:19:16+00:00","dateModified":"2026-01-31T09:38:51+00:00","description":"D\u00e9couvrez notre plinthe murale en PVC blanche de 2 m, une solution pratique et \u00e9l\u00e9gante pour vos murs. Disponible \u00e0 petit prix et uniquement sur notre site MOM DESIGN, avec livraison et retours gratuits. Ne manquez pas l\u2019occasion de sublimer votre int\u00e9rieur.","breadcrumb":{"@id":"https:\/\/mom-design.com\/it\/produit\/plinthes-2\/#breadcrumb"},"inLanguage":"it-IT","potentialAction":[{"@type":"ReadAction","target":["https:\/\/mom-design.com\/it\/produit\/plinthes-2\/"]}]},{"@type":"ImageObject","inLanguage":"it-IT","@id":"https:\/\/mom-design.com\/it\/produit\/plinthes-2\/#primaryimage","url":"https:\/\/mom-design.com\/wp-content\/uploads\/2024\/07\/plinthe-pvc-mom-design-M4.jpeg","contentUrl":"https:\/\/mom-design.com\/wp-content\/uploads\/2024\/07\/plinthe-pvc-mom-design-M4.jpeg","width":718,"height":538,"caption":"plinthe pvc mom design M5 blanche"},{"@type":"BreadcrumbList","@id":"https:\/\/mom-design.com\/it\/produit\/plinthes-2\/#breadcrumb","itemListElement":[{"@type":"ListItem","position":1,"name":"D\u00e9coration murale d\u2019int\u00e9rieur","item":"https:\/\/mom-design.com\/de\/"},{"@type":"ListItem","position":2,"name":"Plinthe murale en pvc blanche 2 m\u00e8tres Charles VII"}]},{"@type":"WebSite","@id":"https:\/\/mom-design.com\/it\/#website","url":"https:\/\/mom-design.com\/it\/","name":"MAMMA DESIGN","description":"Sp\u00e9cialiste du design mural d'int\u00e9rieur","potentialAction":[{"@type":"SearchAction","target":{"@type":"EntryPoint","urlTemplate":"https:\/\/mom-design.com\/it\/?s={search_term_string}"},"query-input":{"@type":"PropertyValueSpecification","valueRequired":true,"valueName":"search_term_string"}}],"inLanguage":"it-IT"}]}},"_links":{"self":[{"href":"https:\/\/mom-design.com\/it\/wp-json\/wp\/v2\/product\/6704","targetHints":{"allow":["GET"]}}],"collection":[{"href":"https:\/\/mom-design.com\/it\/wp-json\/wp\/v2\/product"}],"about":[{"href":"https:\/\/mom-design.com\/it\/wp-json\/wp\/v2\/types\/product"}],"replies":[{"embeddable":true,"href":"https:\/\/mom-design.com\/it\/wp-json\/wp\/v2\/comments?post=6704"}],"wp:featuredmedia":[{"embeddable":true,"href":"https:\/\/mom-design.com\/it\/wp-json\/wp\/v2\/media\/7253"}],"wp:attachment":[{"href":"https:\/\/mom-design.com\/it\/wp-json\/wp\/v2\/media?parent=6704"}],"wp:term":[{"taxonomy":"product_brand","embeddable":true,"href":"https:\/\/mom-design.com\/it\/wp-json\/wp\/v2\/product_brand?post=6704"},{"taxonomy":"product_cat","embeddable":true,"href":"https:\/\/mom-design.com\/it\/wp-json\/wp\/v2\/product_cat?post=6704"},{"taxonomy":"product_tag","embeddable":true,"href":"https:\/\/mom-design.com\/it\/wp-json\/wp\/v2\/product_tag?post=6704"}],"curies":[{"name":"wp","href":"https:\/\/api.w.org\/{rel}","templated":true}]}}