{"id":6708,"date":"2024-07-23T21:21:00","date_gmt":"2024-07-23T19:21:00","guid":{"rendered":"https:\/\/mom-design.com\/?post_type=product&#038;p=6708"},"modified":"2025-10-25T20:53:30","modified_gmt":"2025-10-25T18:53:30","slug":"plinthe-murale-en-pvc-blanche-2-m-5","status":"publish","type":"product","link":"https:\/\/mom-design.com\/it\/produit\/plinthes-6\/","title":{"rendered":"Plinthe murale en pvc blanche 2 m\u00e8tres Charles III"},"content":{"rendered":"<h4>\u00a0 \u00a0 \u00a0 \u00a0 \u00a0 \u00a0 \u00a0 \u00a0 \u00a0 \u00a0 \u00a0 <span style=\"text-decoration: underline;\">Caratteristiche del prodotto<\/span><\/h4>\n<p>&#8211;\u00a0 <span style=\"text-decoration: underline;\">Colore<\/span> : bianco<br \/>\n&#8211; <span style=\"text-decoration: underline;\">Lunghezza <\/span>: 2 m<br \/>\n&#8211; <span style=\"text-decoration: underline;\">Altezza<\/span> : 8 cm, ideale per coprire efficacemente gli angoli delle stanze.<br \/>\n&#8211; <span style=\"text-decoration: underline;\">Materiale<\/span> : PVC, resistente e leggero<br \/>\n&#8211; <span style=\"text-decoration: underline;\">Personalizzazione<\/span>: superficie del battiscopa pu\u00f2 essere verniciato per adattarsi a tutti i vostri desideri decorativi.<\/p>\n<h4>\u00a0 \u00a0 \u00a0 \u00a0 \u00a0 \u00a0 \u00a0 \u00a0 \u00a0 \u00a0 \u00a0 <span style=\"text-decoration: underline;\">Un Pratico ed Elegante Finitura<\/span><\/h4>\n<p>Il battiscopa murale in PVC bianco 2 metri di MAMMA DESIGN \u00e8 stato progettato <strong>per fornire una finitura elegante per le tue pareti<\/strong> garantendo <strong>una protezione efficace<\/strong>. Con un&#039;altezza di 8 cm, <strong><a href=\"https:\/\/mom-design.com\/it\/prodotto\/plinthes-4\/\">copre la giunzione tra la parete e il pavimento<\/a> in modo sproporzionato<\/strong>.<\/p>\n<h4>\u00a0 \u00a0 \u00a0 \u00a0 \u00a0 \u00a0 \u00a0 \u00a0 \u00a0 \u00a0 \u00a0<span style=\"text-decoration: underline;\">Facile da installare e di intrattenimento minimo<\/span><\/h4>\n<p>L&#039;installazione del piedistallo muro <strong>semplice e veloce<\/strong> grazie alla sua leggerezza. \u00c8 possibile risolvere il problema con l&#039;aiuto di specifici colla o clip per l&#039;installazione senza sforzo.<br \/>\nIn termini di manutenzione, <strong>un semplice pulire con un panno umido<\/strong> per mantenere un aspetto pulito e nitido. Questo prodotto \u00e8 ideale per l&#039;utilizzo in ambienti ad alta densit\u00e0 di traffico.<\/p>\n<h4>\u00a0 \u00a0 \u00a0 \u00a0 \u00a0 \u00a0 \u00a0 \u00a0 \u00a0 \u00a0 \u00a0<span style=\"text-decoration: underline;\"><strong>Perch\u00e9 Scegliere la MAMMA di DESIGN ?<\/strong><\/span><\/h4>\n<p><strong>In MOM DESIGN<\/strong>ci siamo impegnati a offrire prodotti di qualit\u00e0 a prezzi accessibili. <strong>Il <a href=\"https:\/\/mom-design.com\/it\/prodotto\/plinthes-3\/\">battiscopa della parete in PVC bianco<\/a> \u00e8 disponibile in esclusiva sul nostro sito<\/strong>, permettendo di godere di una speciale offerta al prezzo pi\u00f9 basso. Inoltre, offriamo la consegna e reso gratuito per un&#039;esperienza di shopping piacevole e senza problemi.<\/p>\n<p><strong>Ottimizzare <a href=\"https:\/\/mom-design.com\/it\/prodotto\/plinthes-6\/\">la decorazione dei vostri spazi<\/a> con lo zoccolo della parete del PVC di bianco la MAMMA di DESIGN.\u00a0<\/strong><\/p>","protected":false},"excerpt":{"rendered":"<p><strong>Il <a href=\"https:\/\/mom-design.com\/it\/plinthes\/\">zoccolo<\/a> parete in PVC bianco 2 metri<\/strong> \u00e8 la soluzione ideale per aggiungere un tocco di stile al vostro spazio. Con un&#039;altezza di 8 cm, questa unit\u00e0 fornisce una finitura pulita proteggendo le vostre pareti. Fatto di PVC, \u00e8 durevole e facile da mantenere. Inoltre, pu\u00f2 essere verniciato per adattarsi perfettamente al vostro arredamento.<\/p>","protected":false},"featured_media":7252,"comment_status":"open","ping_status":"closed","template":"","meta":{"_acf_changed":false},"product_brand":[],"product_cat":[53],"product_tag":[],"class_list":{"0":"post-6708","1":"product","2":"type-product","3":"status-publish","4":"has-post-thumbnail","6":"product_cat-plinthes","8":"first","9":"instock","10":"taxable","11":"shipping-taxable","12":"purchasable","13":"product-type-simple","14":"add-to-wishlist-after_add_to_cart"},"acf":[],"yoast_head":"<!-- This site is optimized with the Yoast SEO plugin v27.0 - https:\/\/yoast.com\/product\/yoast-seo-wordpress\/ -->\n<title>Plinthe murale en pvc blanche 2 m\u00e8tres Charles III | MOM DESIGN<\/title>\n<meta name=\"description\" content=\"D\u00e9couvrez notre plinthe murale en PVC blanche de 2 m, Disponible uniquement sur notre site MOM DESIGN, avec livraison et retours gratuits. Ne manquez pas cette opportunit\u00e9 pour am\u00e9liorer votre int\u00e9rieur !\" \/>\n<meta name=\"robots\" content=\"index, follow, max-snippet:-1, max-image-preview:large, max-video-preview:-1\" \/>\n<link rel=\"canonical\" href=\"https:\/\/mom-design.com\/it\/produit\/plinthes-6\/\" \/>\n<meta property=\"og:locale\" content=\"it_IT\" \/>\n<meta property=\"og:type\" content=\"article\" \/>\n<meta property=\"og:title\" content=\"Plinthe murale en pvc blanche 2 m\u00e8tres Charles III | MOM DESIGN\" \/>\n<meta property=\"og:description\" content=\"D\u00e9couvrez notre plinthe murale en PVC blanche de 2 m, Disponible uniquement sur notre site MOM DESIGN, avec livraison et retours gratuits. Ne manquez pas cette opportunit\u00e9 pour am\u00e9liorer votre int\u00e9rieur !\" \/>\n<meta property=\"og:url\" content=\"https:\/\/mom-design.com\/it\/produit\/plinthes-6\/\" \/>\n<meta property=\"og:site_name\" content=\"MOM DESIGN\" \/>\n<meta property=\"article:modified_time\" content=\"2025-10-25T18:53:30+00:00\" \/>\n<meta property=\"og:image\" content=\"https:\/\/mom-design.com\/wp-content\/uploads\/2024\/07\/plinthe-pvc-mom-design-M1.jpeg\" \/>\n\t<meta property=\"og:image:width\" content=\"718\" \/>\n\t<meta property=\"og:image:height\" content=\"538\" \/>\n\t<meta property=\"og:image:type\" content=\"image\/jpeg\" \/>\n<meta name=\"twitter:card\" content=\"summary_large_image\" \/>\n<meta name=\"twitter:label1\" content=\"Tempo di lettura stimato\" \/>\n\t<meta name=\"twitter:data1\" content=\"2 minuti\" \/>\n<script type=\"application\/ld+json\" class=\"yoast-schema-graph\">{\"@context\":\"https:\/\/schema.org\",\"@graph\":[{\"@type\":\"WebPage\",\"@id\":\"https:\/\/mom-design.com\/it\/produit\/plinthes-6\/\",\"url\":\"https:\/\/mom-design.com\/it\/produit\/plinthes-6\/\",\"name\":\"Plinthe murale en pvc blanche 2 m\u00e8tres Charles III | MOM DESIGN\",\"isPartOf\":{\"@id\":\"https:\/\/mom-design.com\/it\/#website\"},\"primaryImageOfPage\":{\"@id\":\"https:\/\/mom-design.com\/it\/produit\/plinthes-6\/#primaryimage\"},\"image\":{\"@id\":\"https:\/\/mom-design.com\/it\/produit\/plinthes-6\/#primaryimage\"},\"thumbnailUrl\":\"https:\/\/mom-design.com\/wp-content\/uploads\/2024\/07\/plinthe-pvc-mom-design-M1.jpeg\",\"datePublished\":\"2024-07-23T19:21:00+00:00\",\"dateModified\":\"2025-10-25T18:53:30+00:00\",\"description\":\"D\u00e9couvrez notre plinthe murale en PVC blanche de 2 m, Disponible uniquement sur notre site MOM DESIGN, avec livraison et retours gratuits. Ne manquez pas cette opportunit\u00e9 pour am\u00e9liorer votre int\u00e9rieur !\",\"breadcrumb\":{\"@id\":\"https:\/\/mom-design.com\/it\/produit\/plinthes-6\/#breadcrumb\"},\"inLanguage\":\"it-IT\",\"potentialAction\":[{\"@type\":\"ReadAction\",\"target\":[\"https:\/\/mom-design.com\/it\/produit\/plinthes-6\/\"]}]},{\"@type\":\"ImageObject\",\"inLanguage\":\"it-IT\",\"@id\":\"https:\/\/mom-design.com\/it\/produit\/plinthes-6\/#primaryimage\",\"url\":\"https:\/\/mom-design.com\/wp-content\/uploads\/2024\/07\/plinthe-pvc-mom-design-M1.jpeg\",\"contentUrl\":\"https:\/\/mom-design.com\/wp-content\/uploads\/2024\/07\/plinthe-pvc-mom-design-M1.jpeg\",\"width\":718,\"height\":538,\"caption\":\"plinthe pvc mom design M1 blanche\"},{\"@type\":\"BreadcrumbList\",\"@id\":\"https:\/\/mom-design.com\/it\/produit\/plinthes-6\/#breadcrumb\",\"itemListElement\":[{\"@type\":\"ListItem\",\"position\":1,\"name\":\"D\u00e9coration murale d\u2019int\u00e9rieur\",\"item\":\"https:\/\/mom-design.com\/de\/\"},{\"@type\":\"ListItem\",\"position\":2,\"name\":\"Plinthe murale en pvc blanche 2 m\u00e8tres Charles III\"}]},{\"@type\":\"WebSite\",\"@id\":\"https:\/\/mom-design.com\/it\/#website\",\"url\":\"https:\/\/mom-design.com\/it\/\",\"name\":\"MOM DESIGN\",\"description\":\"Sp\u00e9cialiste du design mural d&#039;int\u00e9rieur\",\"potentialAction\":[{\"@type\":\"SearchAction\",\"target\":{\"@type\":\"EntryPoint\",\"urlTemplate\":\"https:\/\/mom-design.com\/it\/?s={search_term_string}\"},\"query-input\":{\"@type\":\"PropertyValueSpecification\",\"valueRequired\":true,\"valueName\":\"search_term_string\"}}],\"inLanguage\":\"it-IT\"}]}<\/script>\n<!-- \/ Yoast SEO plugin. -->","yoast_head_json":{"title":"Plinthe murale en pvc blanche 2 m\u00e8tres Charles III | MOM DESIGN","description":"D\u00e9couvrez notre plinthe murale en PVC blanche de 2 m, Disponible uniquement sur notre site MOM DESIGN, avec livraison et retours gratuits. Ne manquez pas cette opportunit\u00e9 pour am\u00e9liorer votre int\u00e9rieur !","robots":{"index":"index","follow":"follow","max-snippet":"max-snippet:-1","max-image-preview":"max-image-preview:large","max-video-preview":"max-video-preview:-1"},"canonical":"https:\/\/mom-design.com\/it\/produit\/plinthes-6\/","og_locale":"it_IT","og_type":"article","og_title":"Plinthe murale en pvc blanche 2 m\u00e8tres Charles III | MOM DESIGN","og_description":"D\u00e9couvrez notre plinthe murale en PVC blanche de 2 m, Disponible uniquement sur notre site MOM DESIGN, avec livraison et retours gratuits. Ne manquez pas cette opportunit\u00e9 pour am\u00e9liorer votre int\u00e9rieur !","og_url":"https:\/\/mom-design.com\/it\/produit\/plinthes-6\/","og_site_name":"MOM DESIGN","article_modified_time":"2025-10-25T18:53:30+00:00","og_image":[{"width":718,"height":538,"url":"https:\/\/mom-design.com\/wp-content\/uploads\/2024\/07\/plinthe-pvc-mom-design-M1.jpeg","type":"image\/jpeg"}],"twitter_card":"summary_large_image","twitter_misc":{"Tempo di lettura stimato":"2 minuti"},"schema":{"@context":"https:\/\/schema.org","@graph":[{"@type":"WebPage","@id":"https:\/\/mom-design.com\/it\/produit\/plinthes-6\/","url":"https:\/\/mom-design.com\/it\/produit\/plinthes-6\/","name":"Plinthe murale en pvc blanche 2 m\u00e8tres Charles III | MOM DESIGN","isPartOf":{"@id":"https:\/\/mom-design.com\/it\/#website"},"primaryImageOfPage":{"@id":"https:\/\/mom-design.com\/it\/produit\/plinthes-6\/#primaryimage"},"image":{"@id":"https:\/\/mom-design.com\/it\/produit\/plinthes-6\/#primaryimage"},"thumbnailUrl":"https:\/\/mom-design.com\/wp-content\/uploads\/2024\/07\/plinthe-pvc-mom-design-M1.jpeg","datePublished":"2024-07-23T19:21:00+00:00","dateModified":"2025-10-25T18:53:30+00:00","description":"D\u00e9couvrez notre plinthe murale en PVC blanche de 2 m, Disponible uniquement sur notre site MOM DESIGN, avec livraison et retours gratuits. Ne manquez pas cette opportunit\u00e9 pour am\u00e9liorer votre int\u00e9rieur !","breadcrumb":{"@id":"https:\/\/mom-design.com\/it\/produit\/plinthes-6\/#breadcrumb"},"inLanguage":"it-IT","potentialAction":[{"@type":"ReadAction","target":["https:\/\/mom-design.com\/it\/produit\/plinthes-6\/"]}]},{"@type":"ImageObject","inLanguage":"it-IT","@id":"https:\/\/mom-design.com\/it\/produit\/plinthes-6\/#primaryimage","url":"https:\/\/mom-design.com\/wp-content\/uploads\/2024\/07\/plinthe-pvc-mom-design-M1.jpeg","contentUrl":"https:\/\/mom-design.com\/wp-content\/uploads\/2024\/07\/plinthe-pvc-mom-design-M1.jpeg","width":718,"height":538,"caption":"plinthe pvc mom design M1 blanche"},{"@type":"BreadcrumbList","@id":"https:\/\/mom-design.com\/it\/produit\/plinthes-6\/#breadcrumb","itemListElement":[{"@type":"ListItem","position":1,"name":"D\u00e9coration murale d\u2019int\u00e9rieur","item":"https:\/\/mom-design.com\/de\/"},{"@type":"ListItem","position":2,"name":"Plinthe murale en pvc blanche 2 m\u00e8tres Charles III"}]},{"@type":"WebSite","@id":"https:\/\/mom-design.com\/it\/#website","url":"https:\/\/mom-design.com\/it\/","name":"MAMMA DESIGN","description":"Sp\u00e9cialiste du design mural d'int\u00e9rieur","potentialAction":[{"@type":"SearchAction","target":{"@type":"EntryPoint","urlTemplate":"https:\/\/mom-design.com\/it\/?s={search_term_string}"},"query-input":{"@type":"PropertyValueSpecification","valueRequired":true,"valueName":"search_term_string"}}],"inLanguage":"it-IT"}]}},"_links":{"self":[{"href":"https:\/\/mom-design.com\/it\/wp-json\/wp\/v2\/product\/6708","targetHints":{"allow":["GET"]}}],"collection":[{"href":"https:\/\/mom-design.com\/it\/wp-json\/wp\/v2\/product"}],"about":[{"href":"https:\/\/mom-design.com\/it\/wp-json\/wp\/v2\/types\/product"}],"replies":[{"embeddable":true,"href":"https:\/\/mom-design.com\/it\/wp-json\/wp\/v2\/comments?post=6708"}],"wp:featuredmedia":[{"embeddable":true,"href":"https:\/\/mom-design.com\/it\/wp-json\/wp\/v2\/media\/7252"}],"wp:attachment":[{"href":"https:\/\/mom-design.com\/it\/wp-json\/wp\/v2\/media?parent=6708"}],"wp:term":[{"taxonomy":"product_brand","embeddable":true,"href":"https:\/\/mom-design.com\/it\/wp-json\/wp\/v2\/product_brand?post=6708"},{"taxonomy":"product_cat","embeddable":true,"href":"https:\/\/mom-design.com\/it\/wp-json\/wp\/v2\/product_cat?post=6708"},{"taxonomy":"product_tag","embeddable":true,"href":"https:\/\/mom-design.com\/it\/wp-json\/wp\/v2\/product_tag?post=6708"}],"curies":[{"name":"wp","href":"https:\/\/api.w.org\/{rel}","templated":true}]}}