{"id":6709,"date":"2024-07-23T21:21:26","date_gmt":"2024-07-23T19:21:26","guid":{"rendered":"https:\/\/mom-design.com\/?post_type=product&#038;p=6709"},"modified":"2025-10-25T20:51:55","modified_gmt":"2025-10-25T18:51:55","slug":"plinthe-murale-en-pvc-blanche-2-m-6","status":"publish","type":"product","link":"https:\/\/mom-design.com\/it\/produit\/plinthes-7\/","title":{"rendered":"Plinthe murale en pvc blanche 2 m\u00e8tres Charles II"},"content":{"rendered":"<h4>\u00a0 \u00a0 \u00a0 \u00a0 \u00a0 \u00a0 \u00a0 \u00a0 \u00a0 \u00a0 <span style=\"text-decoration: underline;\">Caratteristiche :<\/span><\/h4>\n<p>&#8211; <span style=\"text-decoration: underline;\">Colore<\/span> : bianco<br \/>\n&#8211; <span style=\"text-decoration: underline;\">Altezza<\/span> : 10 cm<br \/>\n&#8211; <span style=\"text-decoration: underline;\">Lunghezza<\/span> : 2 metri<br \/>\n&#8211; <span style=\"text-decoration: underline;\">Materiale<\/span> : PVC,<strong> facile stile<\/strong><\/p>\n<ul>\n<li>Bande Led non incluse<\/li>\n<\/ul>\n<h4>\u00a0 \u00a0 \u00a0 \u00a0 \u00a0 \u00a0 \u00a0 \u00a0 \u00a0 \u00a0<span style=\"text-decoration: underline;\">Un elegante tocco finale per qualsiasi tipo di arredamento<\/span><\/h4>\n<p><strong>Il <a href=\"https:\/\/mom-design.com\/it\/plinthes\/\">Staffa da muro in PVC bianco 2 metri<\/a><\/strong> \u00e8 <strong>Scelta perfetta per coloro che desiderano aggiungere un tocco di raffinatezza per interni<\/strong>. Progettato per adattarsi<strong> tutti gli stili di arredamento<\/strong>questo supporto offre una finitura pulita e moderna. Esso fornisce <strong>unit\u00e0<a href=\"https:\/\/mom-design.com\/it\/prodotto\/plinthes-2\/\"> la transizione tra il sole e la parete<\/a><\/strong>, nascondere efficacemente i cavi e le imperfezioni.<\/p>\n<h4>\u00a0 \u00a0 \u00a0 \u00a0 \u00a0 \u00a0 \u00a0 \u00a0 \u00a0 \u00a0<span style=\"text-decoration: underline;\">Facilit\u00e0 di installazione e personalizzazione<\/span><\/h4>\n<p><strong>In MOM DESIGN<\/strong>comprendiamo l&#039;importanza di una facile installazione. Questo \u00e8 il motivo per cui lo stand del PVC \u00e8 stato progettato per essere semplice da installare. Di pi\u00f9,<strong> la sua superficie pu\u00f2 essere verniciata<\/strong>\u00e8 possibile personalizzare il vostro battiscopa, a seconda del colore della vostra scelta. Se si preferisce toni neutri o in grassetto, la flessibilit\u00e0 di questa base per soddisfare le vostre esigenze.<\/p>\n<h4>\u00a0 \u00a0 \u00a0 \u00a0 \u00a0 \u00a0 \u00a0 \u00a0 \u00a0 \u00a0<span style=\"text-decoration: underline;\">Durata e intrattenimento minimo<\/span><\/h4>\n<p>La sostenibilit\u00e0 \u00e8 una caratteristica della nostra staffa a parete. Resistente all&#039;umidit\u00e0 e agli urti, \u00e8 garantita una lunga durata senza manutenzione frequente. In contrasto con il battiscopa di legno, quelli in PVC non teme l&#039;umidit\u00e0, che li rende perfetti per ogni stanza, compreso il bagno e la cucina.<\/p>\n<h4>\u00a0 \u00a0 \u00a0 \u00a0 \u00a0 \u00a0 \u00a0 \u00a0 \u00a0 \u00a0<span style=\"text-decoration: underline;\">Perch\u00e9 scegliere la MAMMA di DESIGN ?<\/span><\/h4>\n<p><strong>In MOM DESIGN<\/strong>siamo impegnati a fornire prodotti di alta qualit\u00e0 a prezzi competitivi. I nostri battiscopa della parete non \u00e8 solo una scelta pratica, ma anche economico.<br \/>\nDisponibile in esclusiva sul nostro sito, esso \u00e8 accompagnato da una speciale offerta <strong>con spedizione e reso gratuito<\/strong>. Non perdere l&#039;occasione di dare il vostro spazio di una finitura perfetta ed elegante.<\/p>\n<p><strong>La soluzione ideale per aggiornare il vostro arredamento, godere di un ottimo rapporto qualit\u00e0-prezzo. Trasformare i vostri spazi con rifiniture impeccabili e la fiducia di MAMMA DESIGN per soddisfare le loro.<a href=\"https:\/\/mom-design.com\/it\/prodotto\/plinthes-6\/\"> tutti i tuoi baci deco<\/a><\/strong>.<\/p>","protected":false},"excerpt":{"rendered":"<p><strong>Questa staffa da muro in PVC bianco che misura 2 metri<\/strong> lunghezza e 8 cm di altezza. <a href=\"https:\/\/mom-design.com\/it\/prodotto\/plinthes-4\/\"><strong>Facile da usare<\/strong><\/a>\u00e8<strong> proporre una risoluzione personalizzata per la vita<\/strong>. Ideale per lavori di ristrutturazione moderna, \u00e8 stato progettato per una facile e veloce installazione e durevole. <strong>Disponibile in MOM DESIGN per un piccolo prezzo aggiuntivo<\/strong>.<\/p>","protected":false},"featured_media":7251,"comment_status":"open","ping_status":"closed","template":"","meta":{"_acf_changed":false},"product_brand":[],"product_cat":[53],"product_tag":[],"class_list":{"0":"post-6709","1":"product","2":"type-product","3":"status-publish","4":"has-post-thumbnail","6":"product_cat-plinthes","7":"product_shipping_class-livraison-gls","9":"first","10":"instock","11":"taxable","12":"shipping-taxable","13":"purchasable","14":"product-type-simple","15":"add-to-wishlist-after_add_to_cart"},"acf":[],"yoast_head":"<!-- This site is optimized with the Yoast SEO plugin v27.0 - https:\/\/yoast.com\/product\/yoast-seo-wordpress\/ -->\n<title>Plinthe murale en pvc blanche 2 m\u00e8tres Charles II | MOM DESIGN<\/title>\n<meta name=\"description\" content=\"D\u00e9couvrez notre plinthe murale en PVC blanche de 2 m, id\u00e9ale pour une finition \u00e9l\u00e9gante. Facile \u00e0 installer et personnalisable. Profitez de notre offre avec livraison et retours gratuits. Disponible \u00e0 petit prix et uniquement sur notre site MOM DESIGN, ne manquez pas l&#039;occasion de rendre votre int\u00e9rieur parfait.\" \/>\n<meta name=\"robots\" content=\"index, follow, max-snippet:-1, max-image-preview:large, max-video-preview:-1\" \/>\n<link rel=\"canonical\" href=\"https:\/\/mom-design.com\/it\/produit\/plinthes-7\/\" \/>\n<meta property=\"og:locale\" content=\"it_IT\" \/>\n<meta property=\"og:type\" content=\"article\" \/>\n<meta property=\"og:title\" content=\"Plinthe murale en pvc blanche 2 m\u00e8tres Charles II | MOM DESIGN\" \/>\n<meta property=\"og:description\" content=\"D\u00e9couvrez notre plinthe murale en PVC blanche de 2 m, id\u00e9ale pour une finition \u00e9l\u00e9gante. Facile \u00e0 installer et personnalisable. Profitez de notre offre avec livraison et retours gratuits. Disponible \u00e0 petit prix et uniquement sur notre site MOM DESIGN, ne manquez pas l&#039;occasion de rendre votre int\u00e9rieur parfait.\" \/>\n<meta property=\"og:url\" content=\"https:\/\/mom-design.com\/it\/produit\/plinthes-7\/\" \/>\n<meta property=\"og:site_name\" content=\"MOM DESIGN\" \/>\n<meta property=\"article:modified_time\" content=\"2025-10-25T18:51:55+00:00\" \/>\n<meta property=\"og:image\" content=\"https:\/\/mom-design.com\/wp-content\/uploads\/2024\/07\/plinthe-led-pvc-mom-design.jpeg\" \/>\n\t<meta property=\"og:image:width\" content=\"718\" \/>\n\t<meta property=\"og:image:height\" content=\"538\" \/>\n\t<meta property=\"og:image:type\" content=\"image\/jpeg\" \/>\n<meta name=\"twitter:card\" content=\"summary_large_image\" \/>\n<meta name=\"twitter:label1\" content=\"Tempo di lettura stimato\" \/>\n\t<meta name=\"twitter:data1\" content=\"2 minuti\" \/>\n<script type=\"application\/ld+json\" class=\"yoast-schema-graph\">{\"@context\":\"https:\/\/schema.org\",\"@graph\":[{\"@type\":\"WebPage\",\"@id\":\"https:\/\/mom-design.com\/it\/produit\/plinthes-7\/\",\"url\":\"https:\/\/mom-design.com\/it\/produit\/plinthes-7\/\",\"name\":\"Plinthe murale en pvc blanche 2 m\u00e8tres Charles II | MOM DESIGN\",\"isPartOf\":{\"@id\":\"https:\/\/mom-design.com\/it\/#website\"},\"primaryImageOfPage\":{\"@id\":\"https:\/\/mom-design.com\/it\/produit\/plinthes-7\/#primaryimage\"},\"image\":{\"@id\":\"https:\/\/mom-design.com\/it\/produit\/plinthes-7\/#primaryimage\"},\"thumbnailUrl\":\"https:\/\/mom-design.com\/wp-content\/uploads\/2024\/07\/plinthe-led-pvc-mom-design.jpeg\",\"datePublished\":\"2024-07-23T19:21:26+00:00\",\"dateModified\":\"2025-10-25T18:51:55+00:00\",\"description\":\"D\u00e9couvrez notre plinthe murale en PVC blanche de 2 m, id\u00e9ale pour une finition \u00e9l\u00e9gante. Facile \u00e0 installer et personnalisable. Profitez de notre offre avec livraison et retours gratuits. Disponible \u00e0 petit prix et uniquement sur notre site MOM DESIGN, ne manquez pas l'occasion de rendre votre int\u00e9rieur parfait.\",\"breadcrumb\":{\"@id\":\"https:\/\/mom-design.com\/it\/produit\/plinthes-7\/#breadcrumb\"},\"inLanguage\":\"it-IT\",\"potentialAction\":[{\"@type\":\"ReadAction\",\"target\":[\"https:\/\/mom-design.com\/it\/produit\/plinthes-7\/\"]}]},{\"@type\":\"ImageObject\",\"inLanguage\":\"it-IT\",\"@id\":\"https:\/\/mom-design.com\/it\/produit\/plinthes-7\/#primaryimage\",\"url\":\"https:\/\/mom-design.com\/wp-content\/uploads\/2024\/07\/plinthe-led-pvc-mom-design.jpeg\",\"contentUrl\":\"https:\/\/mom-design.com\/wp-content\/uploads\/2024\/07\/plinthe-led-pvc-mom-design.jpeg\",\"width\":718,\"height\":538,\"caption\":\"plinthe led pvc mom design blanche\"},{\"@type\":\"BreadcrumbList\",\"@id\":\"https:\/\/mom-design.com\/it\/produit\/plinthes-7\/#breadcrumb\",\"itemListElement\":[{\"@type\":\"ListItem\",\"position\":1,\"name\":\"D\u00e9coration murale d\u2019int\u00e9rieur\",\"item\":\"https:\/\/mom-design.com\/de\/\"},{\"@type\":\"ListItem\",\"position\":2,\"name\":\"Plinthe murale en pvc blanche 2 m\u00e8tres Charles II\"}]},{\"@type\":\"WebSite\",\"@id\":\"https:\/\/mom-design.com\/it\/#website\",\"url\":\"https:\/\/mom-design.com\/it\/\",\"name\":\"MOM DESIGN\",\"description\":\"Sp\u00e9cialiste du design mural d&#039;int\u00e9rieur\",\"potentialAction\":[{\"@type\":\"SearchAction\",\"target\":{\"@type\":\"EntryPoint\",\"urlTemplate\":\"https:\/\/mom-design.com\/it\/?s={search_term_string}\"},\"query-input\":{\"@type\":\"PropertyValueSpecification\",\"valueRequired\":true,\"valueName\":\"search_term_string\"}}],\"inLanguage\":\"it-IT\"}]}<\/script>\n<!-- \/ Yoast SEO plugin. -->","yoast_head_json":{"title":"Plinthe murale en pvc blanche 2 m\u00e8tres Charles II | MOM DESIGN","description":"D\u00e9couvrez notre plinthe murale en PVC blanche de 2 m, id\u00e9ale pour une finition \u00e9l\u00e9gante. Facile \u00e0 installer et personnalisable. Profitez de notre offre avec livraison et retours gratuits. Disponible \u00e0 petit prix et uniquement sur notre site MOM DESIGN, ne manquez pas l'occasion de rendre votre int\u00e9rieur parfait.","robots":{"index":"index","follow":"follow","max-snippet":"max-snippet:-1","max-image-preview":"max-image-preview:large","max-video-preview":"max-video-preview:-1"},"canonical":"https:\/\/mom-design.com\/it\/produit\/plinthes-7\/","og_locale":"it_IT","og_type":"article","og_title":"Plinthe murale en pvc blanche 2 m\u00e8tres Charles II | MOM DESIGN","og_description":"D\u00e9couvrez notre plinthe murale en PVC blanche de 2 m, id\u00e9ale pour une finition \u00e9l\u00e9gante. Facile \u00e0 installer et personnalisable. Profitez de notre offre avec livraison et retours gratuits. Disponible \u00e0 petit prix et uniquement sur notre site MOM DESIGN, ne manquez pas l'occasion de rendre votre int\u00e9rieur parfait.","og_url":"https:\/\/mom-design.com\/it\/produit\/plinthes-7\/","og_site_name":"MOM DESIGN","article_modified_time":"2025-10-25T18:51:55+00:00","og_image":[{"width":718,"height":538,"url":"https:\/\/mom-design.com\/wp-content\/uploads\/2024\/07\/plinthe-led-pvc-mom-design.jpeg","type":"image\/jpeg"}],"twitter_card":"summary_large_image","twitter_misc":{"Tempo di lettura stimato":"2 minuti"},"schema":{"@context":"https:\/\/schema.org","@graph":[{"@type":"WebPage","@id":"https:\/\/mom-design.com\/it\/produit\/plinthes-7\/","url":"https:\/\/mom-design.com\/it\/produit\/plinthes-7\/","name":"Plinthe murale en pvc blanche 2 m\u00e8tres Charles II | MOM DESIGN","isPartOf":{"@id":"https:\/\/mom-design.com\/it\/#website"},"primaryImageOfPage":{"@id":"https:\/\/mom-design.com\/it\/produit\/plinthes-7\/#primaryimage"},"image":{"@id":"https:\/\/mom-design.com\/it\/produit\/plinthes-7\/#primaryimage"},"thumbnailUrl":"https:\/\/mom-design.com\/wp-content\/uploads\/2024\/07\/plinthe-led-pvc-mom-design.jpeg","datePublished":"2024-07-23T19:21:26+00:00","dateModified":"2025-10-25T18:51:55+00:00","description":"D\u00e9couvrez notre plinthe murale en PVC blanche de 2 m, id\u00e9ale pour une finition \u00e9l\u00e9gante. Facile \u00e0 installer et personnalisable. Profitez de notre offre avec livraison et retours gratuits. Disponible \u00e0 petit prix et uniquement sur notre site MOM DESIGN, ne manquez pas l'occasion de rendre votre int\u00e9rieur parfait.","breadcrumb":{"@id":"https:\/\/mom-design.com\/it\/produit\/plinthes-7\/#breadcrumb"},"inLanguage":"it-IT","potentialAction":[{"@type":"ReadAction","target":["https:\/\/mom-design.com\/it\/produit\/plinthes-7\/"]}]},{"@type":"ImageObject","inLanguage":"it-IT","@id":"https:\/\/mom-design.com\/it\/produit\/plinthes-7\/#primaryimage","url":"https:\/\/mom-design.com\/wp-content\/uploads\/2024\/07\/plinthe-led-pvc-mom-design.jpeg","contentUrl":"https:\/\/mom-design.com\/wp-content\/uploads\/2024\/07\/plinthe-led-pvc-mom-design.jpeg","width":718,"height":538,"caption":"plinthe led pvc mom design blanche"},{"@type":"BreadcrumbList","@id":"https:\/\/mom-design.com\/it\/produit\/plinthes-7\/#breadcrumb","itemListElement":[{"@type":"ListItem","position":1,"name":"D\u00e9coration murale d\u2019int\u00e9rieur","item":"https:\/\/mom-design.com\/de\/"},{"@type":"ListItem","position":2,"name":"Plinthe murale en pvc blanche 2 m\u00e8tres Charles II"}]},{"@type":"WebSite","@id":"https:\/\/mom-design.com\/it\/#website","url":"https:\/\/mom-design.com\/it\/","name":"MAMMA DESIGN","description":"Sp\u00e9cialiste du design mural d'int\u00e9rieur","potentialAction":[{"@type":"SearchAction","target":{"@type":"EntryPoint","urlTemplate":"https:\/\/mom-design.com\/it\/?s={search_term_string}"},"query-input":{"@type":"PropertyValueSpecification","valueRequired":true,"valueName":"search_term_string"}}],"inLanguage":"it-IT"}]}},"_links":{"self":[{"href":"https:\/\/mom-design.com\/it\/wp-json\/wp\/v2\/product\/6709","targetHints":{"allow":["GET"]}}],"collection":[{"href":"https:\/\/mom-design.com\/it\/wp-json\/wp\/v2\/product"}],"about":[{"href":"https:\/\/mom-design.com\/it\/wp-json\/wp\/v2\/types\/product"}],"replies":[{"embeddable":true,"href":"https:\/\/mom-design.com\/it\/wp-json\/wp\/v2\/comments?post=6709"}],"wp:featuredmedia":[{"embeddable":true,"href":"https:\/\/mom-design.com\/it\/wp-json\/wp\/v2\/media\/7251"}],"wp:attachment":[{"href":"https:\/\/mom-design.com\/it\/wp-json\/wp\/v2\/media?parent=6709"}],"wp:term":[{"taxonomy":"product_brand","embeddable":true,"href":"https:\/\/mom-design.com\/it\/wp-json\/wp\/v2\/product_brand?post=6709"},{"taxonomy":"product_cat","embeddable":true,"href":"https:\/\/mom-design.com\/it\/wp-json\/wp\/v2\/product_cat?post=6709"},{"taxonomy":"product_tag","embeddable":true,"href":"https:\/\/mom-design.com\/it\/wp-json\/wp\/v2\/product_tag?post=6709"}],"curies":[{"name":"wp","href":"https:\/\/api.w.org\/{rel}","templated":true}]}}