{"id":6713,"date":"2024-07-23T21:23:05","date_gmt":"2024-07-23T19:23:05","guid":{"rendered":"https:\/\/mom-design.com\/?post_type=product&#038;p=6713"},"modified":"2025-10-13T17:34:54","modified_gmt":"2025-10-13T15:34:54","slug":"cache-rideau-design-blanc-2","status":"publish","type":"product","link":"https:\/\/mom-design.com\/it\/produit\/plinthes-11\/","title":{"rendered":"Cache-rideau en pvc design 2 m\u00e8tres blanc"},"content":{"rendered":"<h4>\u00a0 \u00a0 \u00a0 \u00a0 \u00a0 \u00a0 \u00a0 \u00a0 \u00a0 \u00a0 \u00a0 \u00a0<span style=\"text-decoration: underline;\">Caratteristiche :<\/span><\/h4>\n<p>&#8211; <span style=\"text-decoration: underline;\">Colore<\/span> : bianco<br \/>\n&#8211; <span style=\"text-decoration: underline;\">Dimensioni<\/span> : adattabile a diverse dimensioni della finestra<br \/>\n&#8211; <span style=\"text-decoration: underline;\">Design<\/span> moderno ed elegante<br \/>\n&#8211; <span style=\"text-decoration: underline;\">Manutenzione<\/span>: facile da pulire, resistente alle pieghe<br \/>\n&#8211; <span style=\"text-decoration: underline;\">Utilizzare<\/span> : adatto per tutte le parti della casa<\/p>\n<h4>\u00a0 \u00a0 \u00a0 \u00a0 \u00a0 \u00a0 \u00a0 \u00a0 \u00a0 \u00a0 \u00a0 \u00a0<span style=\"text-decoration: underline;\">Eleganza e modernit\u00e0 per il vostro arredamento<\/span><\/h4>\n<p><strong>Il cache-tenda design bianco<\/strong> \u00e8 il<strong>accessorio perfetto per vestire la vostra <a href=\"https:\/\/mom-design.com\/it\/prodotto\/plinthes-12\/\">windows<\/a> pur mantenendo la vostra privacy<\/strong>. Grazie al suo colore bianco, che si fonde facilmente con tutti gli stili di decorazione, dai pi\u00f9 classici ai pi\u00f9 contemporanei. Nel <strong>soggiorno<\/strong>il <strong>camera<\/strong>o anche <strong>cucina<\/strong>porter\u00e0 un tocco di luce e freschezza al vostro interno, mentre la creazione di un ambiente rilassante.<\/p>\n<h4>\u00a0 \u00a0 \u00a0 \u00a0 \u00a0 \u00a0 \u00a0 \u00a0 \u00a0 \u00a0 \u00a0 \u00a0<span style=\"text-decoration: underline;\">Facilit\u00e0 di installazione e manutenzione<\/span><\/h4>\n<p>Questa cache-rideau \u00e8 stato pensato per essere<a href=\"https:\/\/mom-design.com\/it\/prodotto\/plinthes-3\/\"> <strong>sia estetico e pratico<\/strong><\/a>. Infatti, non \u00e8 solo <strong>resistente alle rughe<\/strong>ma anche <strong>facile da lavare<\/strong>questo consente di mantenere un <strong>decorazione sempre impeccabile<\/strong>. L&#039;installazione \u00e8 rapida e facile, adattandosi alla maggior parte dei bastoni per tende di norme. \u00c8 possibile rinnovare l&#039;interno, in un batter d&#039;occhio.<\/p>\n<h4>\u00a0 \u00a0 \u00a0 \u00a0 \u00a0 \u00a0 \u00a0 \u00a0 \u00a0 \u00a0 \u00a0 \u00a0<span style=\"text-decoration: underline;\">Una scelta versatile per tutte le parti<\/span><\/h4>\n<p>Uno dei principali punti di forza di questa cache-tenda bianco design \u00e8 la sua versatilit\u00e0. <a href=\"https:\/\/mom-design.com\/it\/prodotto\/plinthes-1\/\"><strong>\u00c8 perfetto per qualsiasi stanza della casa<\/strong><\/a>se si desidera utilizzarlo per una camera da letto, un soggiorno, un bagno, o anche un ufficio. Inoltre, il suo design a basso profilo, ma eleganti, si pu\u00f2 facilmente collegare ad altri elementi di decorazione, come <strong>tende<\/strong> pi\u00f9 spessa <strong>tende<\/strong>o <strong>tende<\/strong>. Inoltre, esso fornisce una soluzione ideale per coloro che cercano di controllare la luminosit\u00e0, mentre l&#039;aggiunta di un tocco estetico al loro spazi.<\/p>\n<h4>\u00a0 \u00a0 \u00a0 \u00a0 \u00a0 \u00a0 \u00a0 \u00a0 \u00a0 \u00a0 \u00a0 \u00a0<span style=\"text-decoration: underline;\">Disponibile in MOM DESIGN<\/span><\/h4>\n<p><strong>In MOM DESIGN<\/strong>abbiamo messo un punto di onore di offrire prodotti di qualit\u00e0 che soddisfino le esigenze dei nostri clienti. Questa cache-tenda \u00e8 un grande esempio del nostro impegno per eleganza e funzionalit\u00e0.<strong> Quando si acquista con la MAMMA di DESIGN<\/strong>si ottiene anche il nostro servizio di assistenza dedicato, pronto ad assistervi in ogni fase del vostro acquisto. Inoltre, la nostra offerta esclusiva con<strong> consegna e reso gratuito<\/strong>per un&#039;esperienza di shopping senza preoccupazioni.<\/p>\n<p>&nbsp;<\/p>","protected":false},"excerpt":{"rendered":"<p><strong>Questa cache-tenda bianca prevede la progettazione di <a href=\"https:\/\/mom-design.com\/it\/plinthes\/\">un tocco di eleganza e modernit\u00e0<\/a> per la tua windows, pur mantenendo la vostra privacy<\/strong>. Ideale per ogni stanza della casa,<br \/>\nIl suo intramontabile colore bianco si adatta a qualsiasi arredamento. Disponibile con consegna e reso gratuiti, questo prodotto \u00e8 progettato per integrarsi armoniosamente con i vostri interni. Approfittate del suo design raffinato per migliorare il vostro arredamento.<\/p>","protected":false},"featured_media":7271,"comment_status":"open","ping_status":"closed","template":"","meta":{"_acf_changed":false},"product_brand":[],"product_cat":[53],"product_tag":[],"class_list":{"0":"post-6713","1":"product","2":"type-product","3":"status-publish","4":"has-post-thumbnail","6":"product_cat-plinthes","7":"product_shipping_class-livraison-gls","9":"first","10":"outofstock","11":"taxable","12":"shipping-taxable","13":"purchasable","14":"product-type-simple","15":"add-to-wishlist-after_add_to_cart"},"acf":[],"yoast_head":"<!-- This site is optimized with the Yoast SEO plugin v27.0 - https:\/\/yoast.com\/product\/yoast-seo-wordpress\/ -->\n<title>Cache-rideau en pvc design 2 m\u00e8tres blanc | MOM DESIGN<\/title>\n<meta name=\"description\" content=\"Ajoutez une touche d&#039;\u00e9l\u00e9gance \u00e0 vos fen\u00eatres avec notre cache-rideau design blanc. Livraison et retours gratuits pour une d\u00e9coration int\u00e9rieure raffin\u00e9e. Ne manquez pas cette occasion de transformer votre espace avec style.\" \/>\n<meta name=\"robots\" content=\"index, follow, max-snippet:-1, max-image-preview:large, max-video-preview:-1\" \/>\n<link rel=\"canonical\" href=\"https:\/\/mom-design.com\/it\/produit\/plinthes-11\/\" \/>\n<meta property=\"og:locale\" content=\"it_IT\" \/>\n<meta property=\"og:type\" content=\"article\" \/>\n<meta property=\"og:title\" content=\"Cache-rideau en pvc design 2 m\u00e8tres blanc | MOM DESIGN\" \/>\n<meta property=\"og:description\" content=\"Ajoutez une touche d&#039;\u00e9l\u00e9gance \u00e0 vos fen\u00eatres avec notre cache-rideau design blanc. Livraison et retours gratuits pour une d\u00e9coration int\u00e9rieure raffin\u00e9e. Ne manquez pas cette occasion de transformer votre espace avec style.\" \/>\n<meta property=\"og:url\" content=\"https:\/\/mom-design.com\/it\/produit\/plinthes-11\/\" \/>\n<meta property=\"og:site_name\" content=\"MOM DESIGN\" \/>\n<meta property=\"article:modified_time\" content=\"2025-10-13T15:34:54+00:00\" \/>\n<meta property=\"og:image\" content=\"https:\/\/mom-design.com\/wp-content\/uploads\/2024\/07\/cache-rideau-mom-design-M1-1.jpeg\" \/>\n\t<meta property=\"og:image:width\" content=\"718\" \/>\n\t<meta property=\"og:image:height\" content=\"538\" \/>\n\t<meta property=\"og:image:type\" content=\"image\/jpeg\" \/>\n<meta name=\"twitter:card\" content=\"summary_large_image\" \/>\n<meta name=\"twitter:label1\" content=\"Tempo di lettura stimato\" \/>\n\t<meta name=\"twitter:data1\" content=\"2 minuti\" \/>\n<script type=\"application\/ld+json\" class=\"yoast-schema-graph\">{\"@context\":\"https:\/\/schema.org\",\"@graph\":[{\"@type\":\"WebPage\",\"@id\":\"https:\/\/mom-design.com\/it\/produit\/plinthes-11\/\",\"url\":\"https:\/\/mom-design.com\/it\/produit\/plinthes-11\/\",\"name\":\"Cache-rideau en pvc design 2 m\u00e8tres blanc | MOM DESIGN\",\"isPartOf\":{\"@id\":\"https:\/\/mom-design.com\/it\/#website\"},\"primaryImageOfPage\":{\"@id\":\"https:\/\/mom-design.com\/it\/produit\/plinthes-11\/#primaryimage\"},\"image\":{\"@id\":\"https:\/\/mom-design.com\/it\/produit\/plinthes-11\/#primaryimage\"},\"thumbnailUrl\":\"https:\/\/mom-design.com\/wp-content\/uploads\/2024\/07\/cache-rideau-mom-design-M1-1.jpeg\",\"datePublished\":\"2024-07-23T19:23:05+00:00\",\"dateModified\":\"2025-10-13T15:34:54+00:00\",\"description\":\"Ajoutez une touche d'\u00e9l\u00e9gance \u00e0 vos fen\u00eatres avec notre cache-rideau design blanc. Livraison et retours gratuits pour une d\u00e9coration int\u00e9rieure raffin\u00e9e. Ne manquez pas cette occasion de transformer votre espace avec style.\",\"breadcrumb\":{\"@id\":\"https:\/\/mom-design.com\/it\/produit\/plinthes-11\/#breadcrumb\"},\"inLanguage\":\"it-IT\",\"potentialAction\":[{\"@type\":\"ReadAction\",\"target\":[\"https:\/\/mom-design.com\/it\/produit\/plinthes-11\/\"]}]},{\"@type\":\"ImageObject\",\"inLanguage\":\"it-IT\",\"@id\":\"https:\/\/mom-design.com\/it\/produit\/plinthes-11\/#primaryimage\",\"url\":\"https:\/\/mom-design.com\/wp-content\/uploads\/2024\/07\/cache-rideau-mom-design-M1-1.jpeg\",\"contentUrl\":\"https:\/\/mom-design.com\/wp-content\/uploads\/2024\/07\/cache-rideau-mom-design-M1-1.jpeg\",\"width\":718,\"height\":538},{\"@type\":\"BreadcrumbList\",\"@id\":\"https:\/\/mom-design.com\/it\/produit\/plinthes-11\/#breadcrumb\",\"itemListElement\":[{\"@type\":\"ListItem\",\"position\":1,\"name\":\"D\u00e9coration murale d\u2019int\u00e9rieur\",\"item\":\"https:\/\/mom-design.com\/de\/\"},{\"@type\":\"ListItem\",\"position\":2,\"name\":\"Cache-rideau en pvc design 2 m\u00e8tres blanc\"}]},{\"@type\":\"WebSite\",\"@id\":\"https:\/\/mom-design.com\/it\/#website\",\"url\":\"https:\/\/mom-design.com\/it\/\",\"name\":\"MOM DESIGN\",\"description\":\"Sp\u00e9cialiste du design mural d&#039;int\u00e9rieur\",\"potentialAction\":[{\"@type\":\"SearchAction\",\"target\":{\"@type\":\"EntryPoint\",\"urlTemplate\":\"https:\/\/mom-design.com\/it\/?s={search_term_string}\"},\"query-input\":{\"@type\":\"PropertyValueSpecification\",\"valueRequired\":true,\"valueName\":\"search_term_string\"}}],\"inLanguage\":\"it-IT\"}]}<\/script>\n<!-- \/ Yoast SEO plugin. -->","yoast_head_json":{"title":"Cache-rideau en pvc design 2 m\u00e8tres blanc | MOM DESIGN","description":"Ajoutez une touche d'\u00e9l\u00e9gance \u00e0 vos fen\u00eatres avec notre cache-rideau design blanc. Livraison et retours gratuits pour une d\u00e9coration int\u00e9rieure raffin\u00e9e. Ne manquez pas cette occasion de transformer votre espace avec style.","robots":{"index":"index","follow":"follow","max-snippet":"max-snippet:-1","max-image-preview":"max-image-preview:large","max-video-preview":"max-video-preview:-1"},"canonical":"https:\/\/mom-design.com\/it\/produit\/plinthes-11\/","og_locale":"it_IT","og_type":"article","og_title":"Cache-rideau en pvc design 2 m\u00e8tres blanc | MOM DESIGN","og_description":"Ajoutez une touche d'\u00e9l\u00e9gance \u00e0 vos fen\u00eatres avec notre cache-rideau design blanc. Livraison et retours gratuits pour une d\u00e9coration int\u00e9rieure raffin\u00e9e. Ne manquez pas cette occasion de transformer votre espace avec style.","og_url":"https:\/\/mom-design.com\/it\/produit\/plinthes-11\/","og_site_name":"MOM DESIGN","article_modified_time":"2025-10-13T15:34:54+00:00","og_image":[{"width":718,"height":538,"url":"https:\/\/mom-design.com\/wp-content\/uploads\/2024\/07\/cache-rideau-mom-design-M1-1.jpeg","type":"image\/jpeg"}],"twitter_card":"summary_large_image","twitter_misc":{"Tempo di lettura stimato":"2 minuti"},"schema":{"@context":"https:\/\/schema.org","@graph":[{"@type":"WebPage","@id":"https:\/\/mom-design.com\/it\/produit\/plinthes-11\/","url":"https:\/\/mom-design.com\/it\/produit\/plinthes-11\/","name":"Cache-rideau en pvc design 2 m\u00e8tres blanc | MOM DESIGN","isPartOf":{"@id":"https:\/\/mom-design.com\/it\/#website"},"primaryImageOfPage":{"@id":"https:\/\/mom-design.com\/it\/produit\/plinthes-11\/#primaryimage"},"image":{"@id":"https:\/\/mom-design.com\/it\/produit\/plinthes-11\/#primaryimage"},"thumbnailUrl":"https:\/\/mom-design.com\/wp-content\/uploads\/2024\/07\/cache-rideau-mom-design-M1-1.jpeg","datePublished":"2024-07-23T19:23:05+00:00","dateModified":"2025-10-13T15:34:54+00:00","description":"Ajoutez une touche d'\u00e9l\u00e9gance \u00e0 vos fen\u00eatres avec notre cache-rideau design blanc. Livraison et retours gratuits pour une d\u00e9coration int\u00e9rieure raffin\u00e9e. Ne manquez pas cette occasion de transformer votre espace avec style.","breadcrumb":{"@id":"https:\/\/mom-design.com\/it\/produit\/plinthes-11\/#breadcrumb"},"inLanguage":"it-IT","potentialAction":[{"@type":"ReadAction","target":["https:\/\/mom-design.com\/it\/produit\/plinthes-11\/"]}]},{"@type":"ImageObject","inLanguage":"it-IT","@id":"https:\/\/mom-design.com\/it\/produit\/plinthes-11\/#primaryimage","url":"https:\/\/mom-design.com\/wp-content\/uploads\/2024\/07\/cache-rideau-mom-design-M1-1.jpeg","contentUrl":"https:\/\/mom-design.com\/wp-content\/uploads\/2024\/07\/cache-rideau-mom-design-M1-1.jpeg","width":718,"height":538},{"@type":"BreadcrumbList","@id":"https:\/\/mom-design.com\/it\/produit\/plinthes-11\/#breadcrumb","itemListElement":[{"@type":"ListItem","position":1,"name":"D\u00e9coration murale d\u2019int\u00e9rieur","item":"https:\/\/mom-design.com\/de\/"},{"@type":"ListItem","position":2,"name":"Cache-rideau en pvc design 2 m\u00e8tres blanc"}]},{"@type":"WebSite","@id":"https:\/\/mom-design.com\/it\/#website","url":"https:\/\/mom-design.com\/it\/","name":"MAMMA DESIGN","description":"Sp\u00e9cialiste du design mural d'int\u00e9rieur","potentialAction":[{"@type":"SearchAction","target":{"@type":"EntryPoint","urlTemplate":"https:\/\/mom-design.com\/it\/?s={search_term_string}"},"query-input":{"@type":"PropertyValueSpecification","valueRequired":true,"valueName":"search_term_string"}}],"inLanguage":"it-IT"}]}},"_links":{"self":[{"href":"https:\/\/mom-design.com\/it\/wp-json\/wp\/v2\/product\/6713","targetHints":{"allow":["GET"]}}],"collection":[{"href":"https:\/\/mom-design.com\/it\/wp-json\/wp\/v2\/product"}],"about":[{"href":"https:\/\/mom-design.com\/it\/wp-json\/wp\/v2\/types\/product"}],"replies":[{"embeddable":true,"href":"https:\/\/mom-design.com\/it\/wp-json\/wp\/v2\/comments?post=6713"}],"wp:featuredmedia":[{"embeddable":true,"href":"https:\/\/mom-design.com\/it\/wp-json\/wp\/v2\/media\/7271"}],"wp:attachment":[{"href":"https:\/\/mom-design.com\/it\/wp-json\/wp\/v2\/media?parent=6713"}],"wp:term":[{"taxonomy":"product_brand","embeddable":true,"href":"https:\/\/mom-design.com\/it\/wp-json\/wp\/v2\/product_brand?post=6713"},{"taxonomy":"product_cat","embeddable":true,"href":"https:\/\/mom-design.com\/it\/wp-json\/wp\/v2\/product_cat?post=6713"},{"taxonomy":"product_tag","embeddable":true,"href":"https:\/\/mom-design.com\/it\/wp-json\/wp\/v2\/product_tag?post=6713"}],"curies":[{"name":"wp","href":"https:\/\/api.w.org\/{rel}","templated":true}]}}