{"id":6714,"date":"2024-07-23T21:23:33","date_gmt":"2024-07-23T19:23:33","guid":{"rendered":"https:\/\/mom-design.com\/?post_type=product&#038;p=6714"},"modified":"2025-10-25T20:48:41","modified_gmt":"2025-10-25T18:48:41","slug":"cache-rideau-design-blanc","status":"publish","type":"product","link":"https:\/\/mom-design.com\/it\/produit\/plinthes-12\/","title":{"rendered":"Cache-rideau en pvc design blanc 2 m\u00e8tres"},"content":{"rendered":"<h3><strong>Questo nascondere-e-tenda bianca design elegante \u00e8 perfetto per ripristinare l&#039;estetica dei vostri spazi interni. \u00a0<\/strong><\/h3>\n<h3><strong>\u00a0 \u00a0 \u00a0 \u00a0 \u00a0 \u00a0 <\/strong><span style=\"text-decoration: underline;\"><strong>Caratteristiche :<\/strong><\/span><\/h3>\n<p>&#8211; <span style=\"text-decoration: underline;\">Colore<\/span> : Bianco<br \/>\n&#8211; <span style=\"text-decoration: underline;\">Design<\/span> Moderno ed elegante<br \/>\n&#8211; <span style=\"text-decoration: underline;\">Manutenzione<\/span> : Facile da pulire e resistente all&#039;usura<\/p>\n<h3><strong>\u00a0 \u00a0 \u00a0 \u00a0 \u00a0 \u00a0<span style=\"text-decoration: underline;\">Eleganza<\/span><\/strong><span style=\"text-decoration: underline;\"><strong> e la Modernit\u00e0 con la Cache-tenda Design Bianco<\/strong><\/span><\/h3>\n<p>Portare un tocco di modernit\u00e0 ed eleganza al vostro spazio con la nostra cache tenda design bianco<strong> MAMMA DESIGN<\/strong>. Progettato per adattarsi <strong>qualsiasi tipo di arredamento<\/strong>per garantire una lunga durata e stile. Con il suo colore bianco brillante <strong><a href=\"https:\/\/mom-design.com\/it\/prodotto\/plinthes-2\/\">Illuminare il vostro spazio all&#039;istante<\/a>,<\/strong> la creazione di un&#039;atmosfera che \u00e8 calmante e contemporanea.<\/p>\n<h3><strong>\u00a0 \u00a0 \u00a0 \u00a0 \u00a0 \u00a0<\/strong><span style=\"text-decoration: underline;\"><strong>Qualit\u00e0 superiore per una Decorazione Unica<\/strong><\/span><\/h3>\n<p class=\"translation-block\">Da <strong>MOM DESIGN<\/strong>, siamo orgogliosi di offrire prodotti di qualit\u00e0. La nostra copertura per tende di design non fa eccezione. Grazie al suo <strong>design ingegnoso<\/strong>, \u00e8 <strong>facile da installare e mantenere<\/strong>, rendendola una scelta perfetta per chi cerca una soluzione pratica ed elegante.<\/p>\n<p class=\"translation-block\">Che sia per <strong>una decorazione della casa<\/strong> o per <strong>abbellire il tuo salotto<\/strong>, la copertura per tende di design bianca \u00e8 la scelta ideale. Il suo look senza tempo si adatta a tutti gli stili, dal pi\u00f9 classico al pi\u00f9 moderno. <strong>Abbinalo ad altri elementi decorativi della nostra collezione per creare un'atmosfera armoniosa e accogliente.<\/strong><\/p>","protected":false},"excerpt":{"rendered":"<p><a href=\"https:\/\/mom-design.com\/it\/prodotto\/plinthes-11\/\"><strong>Il cache-tenda design bianco<\/strong><\/a> \u00e8 ideale per <strong>sei sublime <a href=\"https:\/\/mom-design.com\/it\/prodotto\/revetement-mural-11\/\">spazi interni<\/a><\/strong>. Si adatta perfettamente a qualsiasi tipo di <strong>decorazione moderna<\/strong>. Il suo colore bianco puro porta un tocco di luminosit\u00e0 e raffinatezza, ideale per ambienti di design elegante e contemporaneo.<\/p>\n<p>&nbsp;<\/p>","protected":false},"featured_media":7248,"comment_status":"open","ping_status":"closed","template":"","meta":{"_acf_changed":false},"product_brand":[],"product_cat":[53],"product_tag":[84,83],"class_list":{"0":"post-6714","1":"product","2":"type-product","3":"status-publish","4":"has-post-thumbnail","6":"product_cat-plinthes","7":"product_tag-exclusivite-mom","8":"product_tag-top-produit","9":"product_shipping_class-livraison-gls","11":"first","12":"instock","13":"taxable","14":"shipping-taxable","15":"purchasable","16":"product-type-simple","17":"add-to-wishlist-after_add_to_cart"},"acf":[],"yoast_head":"<!-- This site is optimized with the Yoast SEO plugin v27.0 - https:\/\/yoast.com\/product\/yoast-seo-wordpress\/ -->\n<title>Cache-rideau en pvc design blanc 2 m\u00e8tres | MOM DESIGN<\/title>\n<meta name=\"description\" content=\"Choisissez notre cache-rideau design blanc parfait pour une d\u00e9coration moderne. Disponible \u00e0 petit prix et uniquement sur notre site MOM DESIGN, avec livraison et retours gratuits.\" \/>\n<meta name=\"robots\" content=\"index, follow, max-snippet:-1, max-image-preview:large, max-video-preview:-1\" \/>\n<link rel=\"canonical\" href=\"https:\/\/mom-design.com\/it\/produit\/plinthes-12\/\" \/>\n<meta property=\"og:locale\" content=\"it_IT\" \/>\n<meta property=\"og:type\" content=\"article\" \/>\n<meta property=\"og:title\" content=\"Cache-rideau en pvc design blanc 2 m\u00e8tres | MOM DESIGN\" \/>\n<meta property=\"og:description\" content=\"Choisissez notre cache-rideau design blanc parfait pour une d\u00e9coration moderne. Disponible \u00e0 petit prix et uniquement sur notre site MOM DESIGN, avec livraison et retours gratuits.\" \/>\n<meta property=\"og:url\" content=\"https:\/\/mom-design.com\/it\/produit\/plinthes-12\/\" \/>\n<meta property=\"og:site_name\" content=\"MOM DESIGN\" \/>\n<meta property=\"article:modified_time\" content=\"2025-10-25T18:48:41+00:00\" \/>\n<meta property=\"og:image\" content=\"https:\/\/mom-design.com\/wp-content\/uploads\/2024\/07\/cache-rideau-mom-design-M2.jpeg\" \/>\n\t<meta property=\"og:image:width\" content=\"718\" \/>\n\t<meta property=\"og:image:height\" content=\"538\" \/>\n\t<meta property=\"og:image:type\" content=\"image\/jpeg\" \/>\n<meta name=\"twitter:card\" content=\"summary_large_image\" \/>\n<meta name=\"twitter:label1\" content=\"Tempo di lettura stimato\" \/>\n\t<meta name=\"twitter:data1\" content=\"2 minuti\" \/>\n<script type=\"application\/ld+json\" class=\"yoast-schema-graph\">{\"@context\":\"https:\/\/schema.org\",\"@graph\":[{\"@type\":\"WebPage\",\"@id\":\"https:\/\/mom-design.com\/it\/produit\/plinthes-12\/\",\"url\":\"https:\/\/mom-design.com\/it\/produit\/plinthes-12\/\",\"name\":\"Cache-rideau en pvc design blanc 2 m\u00e8tres | MOM DESIGN\",\"isPartOf\":{\"@id\":\"https:\/\/mom-design.com\/it\/#website\"},\"primaryImageOfPage\":{\"@id\":\"https:\/\/mom-design.com\/it\/produit\/plinthes-12\/#primaryimage\"},\"image\":{\"@id\":\"https:\/\/mom-design.com\/it\/produit\/plinthes-12\/#primaryimage\"},\"thumbnailUrl\":\"https:\/\/mom-design.com\/wp-content\/uploads\/2024\/07\/cache-rideau-mom-design-M2.jpeg\",\"datePublished\":\"2024-07-23T19:23:33+00:00\",\"dateModified\":\"2025-10-25T18:48:41+00:00\",\"description\":\"Choisissez notre cache-rideau design blanc parfait pour une d\u00e9coration moderne. Disponible \u00e0 petit prix et uniquement sur notre site MOM DESIGN, avec livraison et retours gratuits.\",\"breadcrumb\":{\"@id\":\"https:\/\/mom-design.com\/it\/produit\/plinthes-12\/#breadcrumb\"},\"inLanguage\":\"it-IT\",\"potentialAction\":[{\"@type\":\"ReadAction\",\"target\":[\"https:\/\/mom-design.com\/it\/produit\/plinthes-12\/\"]}]},{\"@type\":\"ImageObject\",\"inLanguage\":\"it-IT\",\"@id\":\"https:\/\/mom-design.com\/it\/produit\/plinthes-12\/#primaryimage\",\"url\":\"https:\/\/mom-design.com\/wp-content\/uploads\/2024\/07\/cache-rideau-mom-design-M2.jpeg\",\"contentUrl\":\"https:\/\/mom-design.com\/wp-content\/uploads\/2024\/07\/cache-rideau-mom-design-M2.jpeg\",\"width\":718,\"height\":538,\"caption\":\"cache rideau mom design M2 blanc pvc\"},{\"@type\":\"BreadcrumbList\",\"@id\":\"https:\/\/mom-design.com\/it\/produit\/plinthes-12\/#breadcrumb\",\"itemListElement\":[{\"@type\":\"ListItem\",\"position\":1,\"name\":\"D\u00e9coration murale d\u2019int\u00e9rieur\",\"item\":\"https:\/\/mom-design.com\/de\/\"},{\"@type\":\"ListItem\",\"position\":2,\"name\":\"Cache-rideau en pvc design blanc 2 m\u00e8tres\"}]},{\"@type\":\"WebSite\",\"@id\":\"https:\/\/mom-design.com\/it\/#website\",\"url\":\"https:\/\/mom-design.com\/it\/\",\"name\":\"MOM DESIGN\",\"description\":\"Sp\u00e9cialiste du design mural d&#039;int\u00e9rieur\",\"potentialAction\":[{\"@type\":\"SearchAction\",\"target\":{\"@type\":\"EntryPoint\",\"urlTemplate\":\"https:\/\/mom-design.com\/it\/?s={search_term_string}\"},\"query-input\":{\"@type\":\"PropertyValueSpecification\",\"valueRequired\":true,\"valueName\":\"search_term_string\"}}],\"inLanguage\":\"it-IT\"}]}<\/script>\n<!-- \/ Yoast SEO plugin. -->","yoast_head_json":{"title":"Cache-rideau en pvc design blanc 2 m\u00e8tres | MOM DESIGN","description":"Choisissez notre cache-rideau design blanc parfait pour une d\u00e9coration moderne. Disponible \u00e0 petit prix et uniquement sur notre site MOM DESIGN, avec livraison et retours gratuits.","robots":{"index":"index","follow":"follow","max-snippet":"max-snippet:-1","max-image-preview":"max-image-preview:large","max-video-preview":"max-video-preview:-1"},"canonical":"https:\/\/mom-design.com\/it\/produit\/plinthes-12\/","og_locale":"it_IT","og_type":"article","og_title":"Cache-rideau en pvc design blanc 2 m\u00e8tres | MOM DESIGN","og_description":"Choisissez notre cache-rideau design blanc parfait pour une d\u00e9coration moderne. Disponible \u00e0 petit prix et uniquement sur notre site MOM DESIGN, avec livraison et retours gratuits.","og_url":"https:\/\/mom-design.com\/it\/produit\/plinthes-12\/","og_site_name":"MOM DESIGN","article_modified_time":"2025-10-25T18:48:41+00:00","og_image":[{"width":718,"height":538,"url":"https:\/\/mom-design.com\/wp-content\/uploads\/2024\/07\/cache-rideau-mom-design-M2.jpeg","type":"image\/jpeg"}],"twitter_card":"summary_large_image","twitter_misc":{"Tempo di lettura stimato":"2 minuti"},"schema":{"@context":"https:\/\/schema.org","@graph":[{"@type":"WebPage","@id":"https:\/\/mom-design.com\/it\/produit\/plinthes-12\/","url":"https:\/\/mom-design.com\/it\/produit\/plinthes-12\/","name":"Cache-rideau en pvc design blanc 2 m\u00e8tres | MOM DESIGN","isPartOf":{"@id":"https:\/\/mom-design.com\/it\/#website"},"primaryImageOfPage":{"@id":"https:\/\/mom-design.com\/it\/produit\/plinthes-12\/#primaryimage"},"image":{"@id":"https:\/\/mom-design.com\/it\/produit\/plinthes-12\/#primaryimage"},"thumbnailUrl":"https:\/\/mom-design.com\/wp-content\/uploads\/2024\/07\/cache-rideau-mom-design-M2.jpeg","datePublished":"2024-07-23T19:23:33+00:00","dateModified":"2025-10-25T18:48:41+00:00","description":"Choisissez notre cache-rideau design blanc parfait pour une d\u00e9coration moderne. Disponible \u00e0 petit prix et uniquement sur notre site MOM DESIGN, avec livraison et retours gratuits.","breadcrumb":{"@id":"https:\/\/mom-design.com\/it\/produit\/plinthes-12\/#breadcrumb"},"inLanguage":"it-IT","potentialAction":[{"@type":"ReadAction","target":["https:\/\/mom-design.com\/it\/produit\/plinthes-12\/"]}]},{"@type":"ImageObject","inLanguage":"it-IT","@id":"https:\/\/mom-design.com\/it\/produit\/plinthes-12\/#primaryimage","url":"https:\/\/mom-design.com\/wp-content\/uploads\/2024\/07\/cache-rideau-mom-design-M2.jpeg","contentUrl":"https:\/\/mom-design.com\/wp-content\/uploads\/2024\/07\/cache-rideau-mom-design-M2.jpeg","width":718,"height":538,"caption":"cache rideau mom design M2 blanc pvc"},{"@type":"BreadcrumbList","@id":"https:\/\/mom-design.com\/it\/produit\/plinthes-12\/#breadcrumb","itemListElement":[{"@type":"ListItem","position":1,"name":"D\u00e9coration murale d\u2019int\u00e9rieur","item":"https:\/\/mom-design.com\/de\/"},{"@type":"ListItem","position":2,"name":"Cache-rideau en pvc design blanc 2 m\u00e8tres"}]},{"@type":"WebSite","@id":"https:\/\/mom-design.com\/it\/#website","url":"https:\/\/mom-design.com\/it\/","name":"MAMMA DESIGN","description":"Sp\u00e9cialiste du design mural d'int\u00e9rieur","potentialAction":[{"@type":"SearchAction","target":{"@type":"EntryPoint","urlTemplate":"https:\/\/mom-design.com\/it\/?s={search_term_string}"},"query-input":{"@type":"PropertyValueSpecification","valueRequired":true,"valueName":"search_term_string"}}],"inLanguage":"it-IT"}]}},"_links":{"self":[{"href":"https:\/\/mom-design.com\/it\/wp-json\/wp\/v2\/product\/6714","targetHints":{"allow":["GET"]}}],"collection":[{"href":"https:\/\/mom-design.com\/it\/wp-json\/wp\/v2\/product"}],"about":[{"href":"https:\/\/mom-design.com\/it\/wp-json\/wp\/v2\/types\/product"}],"replies":[{"embeddable":true,"href":"https:\/\/mom-design.com\/it\/wp-json\/wp\/v2\/comments?post=6714"}],"wp:featuredmedia":[{"embeddable":true,"href":"https:\/\/mom-design.com\/it\/wp-json\/wp\/v2\/media\/7248"}],"wp:attachment":[{"href":"https:\/\/mom-design.com\/it\/wp-json\/wp\/v2\/media?parent=6714"}],"wp:term":[{"taxonomy":"product_brand","embeddable":true,"href":"https:\/\/mom-design.com\/it\/wp-json\/wp\/v2\/product_brand?post=6714"},{"taxonomy":"product_cat","embeddable":true,"href":"https:\/\/mom-design.com\/it\/wp-json\/wp\/v2\/product_cat?post=6714"},{"taxonomy":"product_tag","embeddable":true,"href":"https:\/\/mom-design.com\/it\/wp-json\/wp\/v2\/product_tag?post=6714"}],"curies":[{"name":"wp","href":"https:\/\/api.w.org\/{rel}","templated":true}]}}